{"id":440,"date":"2017-09-25T15:22:46","date_gmt":"2017-09-25T12:22:46","guid":{"rendered":"https:\/\/blogit.gradia.fi\/fykevalinnainen\/?page_id=440"},"modified":"2017-09-25T15:26:51","modified_gmt":"2017-09-25T12:26:51","slug":"ot6","status":"publish","type":"page","link":"https:\/\/blogit.gradia.fi\/fykevalinnainen\/ot6\/","title":{"rendered":"Oppimisteht\u00e4v\u00e4 6"},"content":{"rendered":"<h4>Osaamisen n\u00e4ytt\u00f6<\/h4>\n<p>T\u00e4ss\u00e4 oppimisteht\u00e4v\u00e4ss\u00e4 kootaan opintojaksolla opitut asiat ja n\u00e4ytet\u00e4\u00e4n oma osaaminen loppukokeessa. Osaamisen n\u00e4ytt\u00f6kokeessa saa k\u00e4ytt\u00e4\u00e4 blogisivustoa ja sen linkkej\u00e4 sek\u00e4 jaettua paperimateriaalia. Valmistautumisesta kokeeseen on silti varmasti hy\u00f6ty\u00e4.<\/p>\n<h4>R\u00e4stikerta<\/h4>\n<p>Opintojaksolla kesken j\u00e4\u00e4neet tai puuttuvat teht\u00e4v\u00e4t on mahdollista tehd\u00e4 t\u00e4ss\u00e4 oppimisteht\u00e4v\u00e4ss\u00e4. Apua ja tukea voit saada opintojakson suorittamiseen osallistumalla aktiivisesti r\u00e4stikertaan.<\/p>\n","protected":false},"excerpt":{"rendered":"<p>Osaamisen n\u00e4ytt\u00f6 T\u00e4ss\u00e4 oppimisteht\u00e4v\u00e4ss\u00e4 kootaan opintojaksolla opitut asiat ja n\u00e4ytet\u00e4\u00e4n oma osaaminen loppukokeessa. Osaamisen n\u00e4ytt\u00f6kokeessa saa k\u00e4ytt\u00e4\u00e4 blogisivustoa ja sen linkkej\u00e4 sek\u00e4 jaettua paperimateriaalia. Valmistautumisesta kokeeseen on silti varmasti hy\u00f6ty\u00e4. R\u00e4stikerta Opintojaksolla kesken j\u00e4\u00e4neet tai puuttuvat teht\u00e4v\u00e4t on mahdollista tehd\u00e4 t\u00e4ss\u00e4 oppimisteht\u00e4v\u00e4ss\u00e4. Apua ja tukea voit saada opintojakson suorittamiseen osallistumalla aktiivisesti r\u00e4stikertaan.<\/p>\n","protected":false},"author":107,"featured_media":0,"parent":0,"menu_order":0,"comment_status":"closed","ping_status":"closed","template":"","meta":{"_uag_custom_page_level_css":"","footnotes":""},"class_list":["post-440","page","type-page","status-publish","hentry"],"yoast_head":"<!-- This site is optimized with the Yoast SEO plugin v27.4 - https:\/\/yoast.com\/product\/yoast-seo-wordpress\/ -->\n<title>Oppimisteht\u00e4v\u00e4 6 - YTO2-FKV-opintojakso<\/title>\n<meta name=\"robots\" content=\"index, follow, max-snippet:-1, max-image-preview:large, max-video-preview:-1\" \/>\n<link rel=\"canonical\" href=\"https:\/\/blogit.gradia.fi\/fykevalinnainen\/ot6\/\" \/>\n<meta property=\"og:locale\" content=\"fi_FI\" \/>\n<meta property=\"og:type\" content=\"article\" \/>\n<meta property=\"og:title\" content=\"Oppimisteht\u00e4v\u00e4 6 - YTO2-FKV-opintojakso\" \/>\n<meta property=\"og:description\" content=\"Osaamisen n\u00e4ytt\u00f6 T\u00e4ss\u00e4 oppimisteht\u00e4v\u00e4ss\u00e4 kootaan opintojaksolla opitut asiat ja n\u00e4ytet\u00e4\u00e4n oma osaaminen loppukokeessa. Osaamisen n\u00e4ytt\u00f6kokeessa saa k\u00e4ytt\u00e4\u00e4 blogisivustoa ja sen linkkej\u00e4 sek\u00e4 jaettua paperimateriaalia. Valmistautumisesta kokeeseen on silti varmasti hy\u00f6ty\u00e4. R\u00e4stikerta Opintojaksolla kesken j\u00e4\u00e4neet tai puuttuvat teht\u00e4v\u00e4t on mahdollista tehd\u00e4 t\u00e4ss\u00e4 oppimisteht\u00e4v\u00e4ss\u00e4. Apua ja tukea voit saada opintojakson suorittamiseen osallistumalla aktiivisesti r\u00e4stikertaan.\" \/>\n<meta property=\"og:url\" content=\"https:\/\/blogit.gradia.fi\/fykevalinnainen\/ot6\/\" \/>\n<meta property=\"og:site_name\" content=\"YTO2-FKV-opintojakso\" \/>\n<meta property=\"article:modified_time\" content=\"2017-09-25T12:26:51+00:00\" \/>\n<meta name=\"twitter:card\" content=\"summary_large_image\" \/>\n<script type=\"application\/ld+json\" class=\"yoast-schema-graph\">{\"@context\":\"https:\\\/\\\/schema.org\",\"@graph\":[{\"@type\":\"WebPage\",\"@id\":\"https:\\\/\\\/blogit.gradia.fi\\\/fykevalinnainen\\\/ot6\\\/\",\"url\":\"https:\\\/\\\/blogit.gradia.fi\\\/fykevalinnainen\\\/ot6\\\/\",\"name\":\"Oppimisteht\u00e4v\u00e4 6 - YTO2-FKV-opintojakso\",\"isPartOf\":{\"@id\":\"https:\\\/\\\/blogit.gradia.fi\\\/fykevalinnainen\\\/#website\"},\"datePublished\":\"2017-09-25T12:22:46+00:00\",\"dateModified\":\"2017-09-25T12:26:51+00:00\",\"inLanguage\":\"fi\",\"potentialAction\":[{\"@type\":\"ReadAction\",\"target\":[\"https:\\\/\\\/blogit.gradia.fi\\\/fykevalinnainen\\\/ot6\\\/\"]}]},{\"@type\":\"WebSite\",\"@id\":\"https:\\\/\\\/blogit.gradia.fi\\\/fykevalinnainen\\\/#website\",\"url\":\"https:\\\/\\\/blogit.gradia.fi\\\/fykevalinnainen\\\/\",\"name\":\"YTO2-FKV-opintojakso\",\"description\":\"\",\"potentialAction\":[{\"@type\":\"SearchAction\",\"target\":{\"@type\":\"EntryPoint\",\"urlTemplate\":\"https:\\\/\\\/blogit.gradia.fi\\\/fykevalinnainen\\\/?s={search_term_string}\"},\"query-input\":{\"@type\":\"PropertyValueSpecification\",\"valueRequired\":true,\"valueName\":\"search_term_string\"}}],\"inLanguage\":\"fi\"}]}<\/script>\n<!-- \/ Yoast SEO plugin. -->","yoast_head_json":{"title":"Oppimisteht\u00e4v\u00e4 6 - YTO2-FKV-opintojakso","robots":{"index":"index","follow":"follow","max-snippet":"max-snippet:-1","max-image-preview":"max-image-preview:large","max-video-preview":"max-video-preview:-1"},"canonical":"https:\/\/blogit.gradia.fi\/fykevalinnainen\/ot6\/","og_locale":"fi_FI","og_type":"article","og_title":"Oppimisteht\u00e4v\u00e4 6 - YTO2-FKV-opintojakso","og_description":"Osaamisen n\u00e4ytt\u00f6 T\u00e4ss\u00e4 oppimisteht\u00e4v\u00e4ss\u00e4 kootaan opintojaksolla opitut asiat ja n\u00e4ytet\u00e4\u00e4n oma osaaminen loppukokeessa. Osaamisen n\u00e4ytt\u00f6kokeessa saa k\u00e4ytt\u00e4\u00e4 blogisivustoa ja sen linkkej\u00e4 sek\u00e4 jaettua paperimateriaalia. Valmistautumisesta kokeeseen on silti varmasti hy\u00f6ty\u00e4. R\u00e4stikerta Opintojaksolla kesken j\u00e4\u00e4neet tai puuttuvat teht\u00e4v\u00e4t on mahdollista tehd\u00e4 t\u00e4ss\u00e4 oppimisteht\u00e4v\u00e4ss\u00e4. Apua ja tukea voit saada opintojakson suorittamiseen osallistumalla aktiivisesti r\u00e4stikertaan.","og_url":"https:\/\/blogit.gradia.fi\/fykevalinnainen\/ot6\/","og_site_name":"YTO2-FKV-opintojakso","article_modified_time":"2017-09-25T12:26:51+00:00","twitter_card":"summary_large_image","schema":{"@context":"https:\/\/schema.org","@graph":[{"@type":"WebPage","@id":"https:\/\/blogit.gradia.fi\/fykevalinnainen\/ot6\/","url":"https:\/\/blogit.gradia.fi\/fykevalinnainen\/ot6\/","name":"Oppimisteht\u00e4v\u00e4 6 - YTO2-FKV-opintojakso","isPartOf":{"@id":"https:\/\/blogit.gradia.fi\/fykevalinnainen\/#website"},"datePublished":"2017-09-25T12:22:46+00:00","dateModified":"2017-09-25T12:26:51+00:00","inLanguage":"fi","potentialAction":[{"@type":"ReadAction","target":["https:\/\/blogit.gradia.fi\/fykevalinnainen\/ot6\/"]}]},{"@type":"WebSite","@id":"https:\/\/blogit.gradia.fi\/fykevalinnainen\/#website","url":"https:\/\/blogit.gradia.fi\/fykevalinnainen\/","name":"YTO2-FKV-opintojakso","description":"","potentialAction":[{"@type":"SearchAction","target":{"@type":"EntryPoint","urlTemplate":"https:\/\/blogit.gradia.fi\/fykevalinnainen\/?s={search_term_string}"},"query-input":{"@type":"PropertyValueSpecification","valueRequired":true,"valueName":"search_term_string"}}],"inLanguage":"fi"}]}},"uagb_featured_image_src":{"full":false,"thumbnail":false,"medium":false,"medium_large":false,"large":false,"1536x1536":false,"2048x2048":false,"post-thumbnail":false},"uagb_author_info":{"display_name":"Henri Jaakkola","author_link":"https:\/\/blogit.gradia.fi\/fykevalinnainen\/author\/jaakkhen\/"},"uagb_comment_info":0,"uagb_excerpt":"Osaamisen n\u00e4ytt\u00f6 T\u00e4ss\u00e4 oppimisteht\u00e4v\u00e4ss\u00e4 kootaan opintojaksolla opitut asiat ja n\u00e4ytet\u00e4\u00e4n oma osaaminen loppukokeessa. Osaamisen n\u00e4ytt\u00f6kokeessa saa k\u00e4ytt\u00e4\u00e4 blogisivustoa ja sen linkkej\u00e4 sek\u00e4 jaettua paperimateriaalia. Valmistautumisesta kokeeseen on silti varmasti hy\u00f6ty\u00e4. R\u00e4stikerta Opintojaksolla kesken j\u00e4\u00e4neet tai puuttuvat teht\u00e4v\u00e4t on mahdollista tehd\u00e4 t\u00e4ss\u00e4 oppimisteht\u00e4v\u00e4ss\u00e4. Apua ja tukea voit saada opintojakson suorittamiseen osallistumalla aktiivisesti r\u00e4stikertaan.","_links":{"self":[{"href":"https:\/\/blogit.gradia.fi\/fykevalinnainen\/wp-json\/wp\/v2\/pages\/440","targetHints":{"allow":["GET"]}}],"collection":[{"href":"https:\/\/blogit.gradia.fi\/fykevalinnainen\/wp-json\/wp\/v2\/pages"}],"about":[{"href":"https:\/\/blogit.gradia.fi\/fykevalinnainen\/wp-json\/wp\/v2\/types\/page"}],"author":[{"embeddable":true,"href":"https:\/\/blogit.gradia.fi\/fykevalinnainen\/wp-json\/wp\/v2\/users\/107"}],"replies":[{"embeddable":true,"href":"https:\/\/blogit.gradia.fi\/fykevalinnainen\/wp-json\/wp\/v2\/comments?post=440"}],"version-history":[{"count":0,"href":"https:\/\/blogit.gradia.fi\/fykevalinnainen\/wp-json\/wp\/v2\/pages\/440\/revisions"}],"wp:attachment":[{"href":"https:\/\/blogit.gradia.fi\/fykevalinnainen\/wp-json\/wp\/v2\/media?parent=440"}],"curies":[{"name":"wp","href":"https:\/\/api.w.org\/{rel}","templated":true}]}}