{"id":438,"date":"2017-09-25T15:22:39","date_gmt":"2017-09-25T12:22:39","guid":{"rendered":"https:\/\/blogit.gradia.fi\/fykevalinnainen\/?page_id=438"},"modified":"2018-09-28T15:15:19","modified_gmt":"2018-09-28T12:15:19","slug":"ot5","status":"publish","type":"page","link":"https:\/\/blogit.gradia.fi\/fykevalinnainen\/ot5\/","title":{"rendered":"Oppimisteht\u00e4v\u00e4 5"},"content":{"rendered":"<p><a href=\"https:\/\/jaofi-my.sharepoint.com\/:b:\/g\/personal\/ketonjoo_gradia_fi\/EdyaIf01-wJEierWLXLoJt4BuRrrDecyJv7PjOWamyHeyQ?e=AbRhWE\" target=\"_blank\" rel=\"noopener noreferrer\">Oppimisteht\u00e4v\u00e4 5 &#8211; esimerkit ja harjoitusteht\u00e4v\u00e4t<\/a><\/p>\n<h4>Ainem\u00e4\u00e4r\u00e4<\/h4>\n<p>Ainem\u00e4\u00e4r\u00e4n tunnus on <em>n<\/em> ja sen yksikk\u00f6 on mooli (mol). Yksi mooli atomeja on <img loading=\"lazy\" decoding=\"async\" src=\"https:\/\/blogit.gradia.fi\/fykevalinnainen\/wp-content\/ql-cache\/quicklatex.com-1dfb0ab1128a2c6754dfd248b9c9f0dc_l3.png\" class=\"ql-img-inline-formula quicklatex-auto-format\" alt=\"&#54;&#44;&#48;&#50;&#50;&#32;&#92;&#99;&#100;&#111;&#116;&#32;&#49;&#48;&#94;&#123;&#50;&#51;&#125;\" title=\"Rendered by QuickLaTeX.com\" height=\"18\" width=\"88\" style=\"vertical-align: -3px;\"\/> atomia, ja sen verran atomeja on 12 grammassa <img loading=\"lazy\" decoding=\"async\" src=\"https:\/\/blogit.gradia.fi\/fykevalinnainen\/wp-content\/ql-cache\/quicklatex.com-26f3a9316e459b58513675ea98935e2c_l3.png\" class=\"ql-img-inline-formula quicklatex-auto-format\" alt=\"&#92;&#99;&#101;&#123;&#94;&#123;&#49;&#50;&#125;&#95;&#123;&#54;&#125;&#67;&#125;\" title=\"Rendered by QuickLaTeX.com\" height=\"22\" width=\"25\" style=\"vertical-align: -6px;\"\/>-hiilt\u00e4.<\/p>\n<p>Kirjoitetaan <em>Avogadron vakio<\/em>.<\/p>\n<p class=\"ql-center-picture\"><img loading=\"lazy\" decoding=\"async\" src=\"https:\/\/blogit.gradia.fi\/fykevalinnainen\/wp-content\/ql-cache\/quicklatex.com-97b98123364911841084be9eea552dd6_l3.png\" height=\"32\" width=\"522\" class=\"ql-img-picture quicklatex-auto-format\" alt=\"Rendered by QuickLaTeX.com\" title=\"Rendered by QuickLaTeX.com\"\/><\/p>\n<h4>Moolimassa<\/h4>\n<p>Moolimassa on ainem\u00e4\u00e4r\u00e4n massa, jota on yksi mooli. Sen tunnus on <em>M<\/em>, ja sen yksikk\u00f6 on g\/mol.<\/p>\n<p><a href=\"http:\/\/www.ptable.com\/?lang=fi\" target=\"_blank\" rel=\"noopener noreferrer\">Jaksollisesta j\u00e4rjestelm\u00e4st\u00e4<\/a> selvi\u00e4\u00e4 suoraan alkuaineen <em>suhteellinen moolimassa<\/em> ja laskemalla yhdisteen moolimassa.<\/p>\n<h4>Laskuyht\u00e4l\u00f6t<\/h4>\n<p>Kootaan laskuyht\u00e4l\u00f6iden termit.<\/p>\n<p class=\"ql-center-displayed-equation\" style=\"line-height: 71px;\"><span class=\"ql-right-eqno\"> &nbsp; <\/span><span class=\"ql-left-eqno\"> &nbsp; <\/span><img loading=\"lazy\" decoding=\"async\" src=\"https:\/\/blogit.gradia.fi\/fykevalinnainen\/wp-content\/ql-cache\/quicklatex.com-9457a62358f4c7c39aab514eaf33dde0_l3.png\" height=\"71\" width=\"194\" class=\"ql-img-displayed-equation quicklatex-auto-format\" alt=\"&#92;&#98;&#101;&#103;&#105;&#110;&#123;&#97;&#108;&#105;&#103;&#110;&#42;&#125; &#110;&#32;&#38;&#61;&#32;&#92;&#116;&#101;&#120;&#116;&#123;&#97;&#105;&#110;&#101;&#109;&auml;&auml;&#114;&auml;&#32;&#40;&#109;&#111;&#108;&#41;&#125;&#32;&#92;&#92; &#109;&#32;&#38;&#61;&#32;&#92;&#116;&#101;&#120;&#116;&#123;&#97;&#105;&#110;&#101;&#101;&#110;&#32;&#109;&#97;&#115;&#115;&#97;&#32;&#40;&#103;&#41;&#125;&#32;&#92;&#92; &#77;&#32;&#38;&#61;&#32;&#92;&#116;&#101;&#120;&#116;&#123;&#109;&#111;&#111;&#108;&#105;&#109;&#97;&#115;&#115;&#97;&#32;&#40;&#103;&#47;&#109;&#111;&#108;&#41;&#125; &#92;&#101;&#110;&#100;&#123;&#97;&#108;&#105;&#103;&#110;&#42;&#125;\" title=\"Rendered by QuickLaTeX.com\"\/><\/p>\n<p>Kirjoitetaan ainem\u00e4\u00e4r\u00e4n yht\u00e4l\u00f6.<\/p>\n<p class=\"ql-center-picture\"><img loading=\"lazy\" decoding=\"async\" src=\"https:\/\/blogit.gradia.fi\/fykevalinnainen\/wp-content\/ql-cache\/quicklatex.com-9fd02f42bcbfce0143f640375659d47c_l3.png\" height=\"48\" width=\"69\" class=\"ql-img-picture quicklatex-auto-format\" alt=\"Rendered by QuickLaTeX.com\" title=\"Rendered by QuickLaTeX.com\"\/><\/p>\n<p>Kirjoitetaan aineen massan yht\u00e4l\u00f6.<\/p>\n<p class=\"ql-center-picture\"><img loading=\"lazy\" decoding=\"async\" src=\"https:\/\/blogit.gradia.fi\/fykevalinnainen\/wp-content\/ql-cache\/quicklatex.com-ac9ec1b4f868e9156152af0f5c15342e_l3.png\" height=\"32\" width=\"80\" class=\"ql-img-picture quicklatex-auto-format\" alt=\"Rendered by QuickLaTeX.com\" title=\"Rendered by QuickLaTeX.com\"\/><\/p>\n<p>Kirjoitetaan moolimassan yht\u00e4l\u00f6.<\/p>\n<p class=\"ql-center-picture\"><img loading=\"lazy\" decoding=\"async\" src=\"https:\/\/blogit.gradia.fi\/fykevalinnainen\/wp-content\/ql-cache\/quicklatex.com-87805f85a2a7139ecd9280c2d7bed0e9_l3.png\" height=\"48\" width=\"74\" class=\"ql-img-picture quicklatex-auto-format\" alt=\"Rendered by QuickLaTeX.com\" title=\"Rendered by QuickLaTeX.com\"\/><\/p>\n<h4><strong>Pitoisuus<\/strong><\/h4>\n<p>Ainem\u00e4\u00e4r\u00e4n <img loading=\"lazy\" decoding=\"async\" src=\"https:\/\/blogit.gradia.fi\/fykevalinnainen\/wp-content\/ql-cache\/quicklatex.com-2cf6b8caebd12f119a331c81d678316e_l3.png\" class=\"ql-img-inline-formula quicklatex-auto-format\" alt=\"&#110;\" title=\"Rendered by QuickLaTeX.com\" height=\"8\" width=\"9\" style=\"vertical-align: 0px;\"\/> avulla laskettu <em>pitoisuus<\/em> on <em>konsentraatio<\/em>, joka kertoo ainem\u00e4\u00e4r\u00e4n litrassa liuosta. Sen tunnus on <em>c<\/em> ja sen yksikk\u00f6 on mol\/l.<\/p>\n<p>Kirjoitetaan konsentraation yht\u00e4l\u00f6.<\/p>\n<p class=\"ql-center-picture\"><img loading=\"lazy\" decoding=\"async\" src=\"https:\/\/blogit.gradia.fi\/fykevalinnainen\/wp-content\/ql-cache\/quicklatex.com-f0206581a5bc79e64f5db494b8d75ce3_l3.png\" height=\"48\" width=\"64\" class=\"ql-img-picture quicklatex-auto-format\" alt=\"Rendered by QuickLaTeX.com\" title=\"Rendered by QuickLaTeX.com\"\/><\/p>\n<h4>Tilavuus- ja massaprosentti<\/h4>\n<p>Tilavuusprosenttisuutta tarvitaan esim. tilanteessa, jossa kaksi toisiinsa liukenevaa nestett\u00e4 on samassa astiassa. T\u00e4llaisia toisiinsa liukenevia nesteit\u00e4 ovat mm. vesi ja etanoli sek\u00e4 bensiini ja etanoli.<\/p>\n<p>Kirjoitetaan tilavuusprosenttisuuden yht\u00e4l\u00f6.<\/p>\n<p class=\"ql-center-picture\"><img loading=\"lazy\" decoding=\"async\" src=\"https:\/\/blogit.gradia.fi\/fykevalinnainen\/wp-content\/ql-cache\/quicklatex.com-bf8c2c2047c2fad7548c95fa24ccddb0_l3.png\" height=\"53\" width=\"363\" class=\"ql-img-picture quicklatex-auto-format\" alt=\"Rendered by QuickLaTeX.com\" title=\"Rendered by QuickLaTeX.com\"\/><\/p>\n<p>Massaprosenttisuutta tarvitaan esim. tilanteessa, jossa kiinte\u00e4\u00e4 ainetta on liuennut liuotinnesteeseen. T\u00e4llaisia kiinte\u00e4 aine\u2013liuotinneste -pareja ovat mm. sokeri ja vesi sek\u00e4 suola ja vesi. Massaprosenttia tarvitaan my\u00f6s, kun halutaan tiet\u00e4\u00e4 metalliseoksesta eli lejeeringist\u00e4 tietyn metallin massan suhteellinen prosenttisuus.<\/p>\n<p>Kirjoitetaan massaprosenttisuuden yht\u00e4l\u00f6.<\/p>\n<p class=\"ql-center-picture\"><img loading=\"lazy\" decoding=\"async\" src=\"https:\/\/blogit.gradia.fi\/fykevalinnainen\/wp-content\/ql-cache\/quicklatex.com-01aa60ab5a5793239c313fc9d72c9ed2_l3.png\" height=\"53\" width=\"333\" class=\"ql-img-picture quicklatex-auto-format\" alt=\"Rendered by QuickLaTeX.com\" title=\"Rendered by QuickLaTeX.com\"\/><\/p>\n<h4>Reaktioyht\u00e4l\u00f6<\/h4>\n<p>Reaktioyht\u00e4l\u00f6 kuvaa kemiallista reaktiota.<\/p>\n<p class=\"ql-center-picture\"><img loading=\"lazy\" decoding=\"async\" src=\"https:\/\/blogit.gradia.fi\/fykevalinnainen\/wp-content\/ql-cache\/quicklatex.com-24f7607f7faf67f7a4ae85ab9f3b8327_l3.png\" height=\"48\" width=\"283\" class=\"ql-img-picture quicklatex-auto-format\" alt=\"Rendered by QuickLaTeX.com\" title=\"Rendered by QuickLaTeX.com\"\/><\/p>\n<p>Palaminen on esimerkiksi kemiallinen reaktio, joka vaatii happea <img loading=\"lazy\" decoding=\"async\" src=\"https:\/\/blogit.gradia.fi\/fykevalinnainen\/wp-content\/ql-cache\/quicklatex.com-d6301c8853cd5c296bb5e6a295141a78_l3.png\" class=\"ql-img-inline-formula quicklatex-auto-format\" alt=\"&#92;&#99;&#101;&#123;&#79;&#50;&#125;\" title=\"Rendered by QuickLaTeX.com\" height=\"16\" width=\"21\" style=\"vertical-align: -4px;\"\/>, palavaa ainetta ja riitt\u00e4v\u00e4n l\u00e4mp\u00f6tilan.<\/p>\n<p>Reaktionopeuteen vaikuttavat ainepari, aineiden v\u00e4kevyys tai m\u00e4\u00e4r\u00e4, aineiden hienojakoisuus, l\u00e4mp\u00f6tila, aineiden sekoittaminen ja katalyytin l\u00e4sn\u00e4olo.<\/p>\n<p>Kemiallisessa reaktiossa eri atomien lukum\u00e4\u00e4r\u00e4 on aina vakio.<\/p>\n<p>Kirjoitetaan hiilen palamisen reaktioyht\u00e4l\u00f6.<\/p>\n<p class=\"ql-center-picture\"><img loading=\"lazy\" decoding=\"async\" src=\"https:\/\/blogit.gradia.fi\/fykevalinnainen\/wp-content\/ql-cache\/quicklatex.com-d724cd423f1728d4954a4e644b6588cc_l3.png\" height=\"32\" width=\"147\" class=\"ql-img-picture quicklatex-auto-format\" alt=\"Rendered by QuickLaTeX.com\" title=\"Rendered by QuickLaTeX.com\"\/><\/p>\n<p>Kirjoitetaan vedyn palamisen reaktioyht\u00e4l\u00f6. Punaiset numerot ovat tasapainotuskertoimia.<\/p>\n<p class=\"ql-center-picture\"><img loading=\"lazy\" decoding=\"async\" src=\"https:\/\/blogit.gradia.fi\/fykevalinnainen\/wp-content\/ql-cache\/quicklatex.com-9937099b9be6f3c199e3684a51937d55_l3.png\" height=\"32\" width=\"178\" class=\"ql-img-picture quicklatex-auto-format\" alt=\"Rendered by QuickLaTeX.com\" title=\"Rendered by QuickLaTeX.com\"\/><\/p>\n<h4>K\u00e4ytt\u00f6turvallisuustiedote<\/h4>\n<p>K\u00e4ytt\u00f6turvallisuustiedote (KTT) on tarkka ja kattava kuvaus kemikaalin ominaisuuksista. Se on lain edellytt\u00e4m\u00e4 ymp\u00e4rist\u00f6lle vaaralliselle kemikaalille ja se on kemikaalin valmistaneen yrityksen tai maahantuojan tekem\u00e4.<\/p>\n<p>K\u00e4ytt\u00f6turvallisuustiedote kertoo mm. onnettomuuden varalta kemikaalin ominaisuudet (<em>LD<\/em><img loading=\"lazy\" decoding=\"async\" src=\"https:\/\/blogit.gradia.fi\/fykevalinnainen\/wp-content\/ql-cache\/quicklatex.com-324f75272bc8ef65e9396102eaa1babc_l3.png\" class=\"ql-img-inline-formula quicklatex-auto-format\" alt=\"&#95;&#123;&#53;&#48;&#125;\" title=\"Rendered by QuickLaTeX.com\" height=\"9\" width=\"14\" style=\"vertical-align: -4px;\"\/>&#8211; ja <em>HTP<\/em>-arvot),\u00a0 mahdolliseen tulipaloon kelpaavat sammutusv\u00e4lineet ja tarvittavan ensihoidon.<\/p>\n<p><em>LD<\/em><img loading=\"lazy\" decoding=\"async\" src=\"https:\/\/blogit.gradia.fi\/fykevalinnainen\/wp-content\/ql-cache\/quicklatex.com-324f75272bc8ef65e9396102eaa1babc_l3.png\" class=\"ql-img-inline-formula quicklatex-auto-format\" alt=\"&#95;&#123;&#53;&#48;&#125;\" title=\"Rendered by QuickLaTeX.com\" height=\"9\" width=\"14\" style=\"vertical-align: -4px;\"\/>&#8211; eli <em>LD50<\/em>&#8211; eli <em>Lethal Dose, 50%<\/em> -arvo ilmaisee aineen myrkyllisyyden. Kyseinen, m\u00e4\u00e4ritelty <em>letaaliannos<\/em> tappaa puolet koe-el\u00e4imist\u00e4. Yleens\u00e4 se ilmoitetaan tietylle antotavalle ja massaan suhteutettuna. Kaasumaisille aineille, sumuille ja aerosoleille myrkyllisyyden mittayksikk\u00f6 on\u00a0<em>LC<\/em><img loading=\"lazy\" decoding=\"async\" src=\"https:\/\/blogit.gradia.fi\/fykevalinnainen\/wp-content\/ql-cache\/quicklatex.com-324f75272bc8ef65e9396102eaa1babc_l3.png\" class=\"ql-img-inline-formula quicklatex-auto-format\" alt=\"&#95;&#123;&#53;&#48;&#125;\" title=\"Rendered by QuickLaTeX.com\" height=\"9\" width=\"14\" style=\"vertical-align: -4px;\"\/> eli <em>LC50 <\/em>eli <em>Lethal Concentration, 50%<\/em>. Pienempi <em>LD<\/em><img loading=\"lazy\" decoding=\"async\" src=\"https:\/\/blogit.gradia.fi\/fykevalinnainen\/wp-content\/ql-cache\/quicklatex.com-324f75272bc8ef65e9396102eaa1babc_l3.png\" class=\"ql-img-inline-formula quicklatex-auto-format\" alt=\"&#95;&#123;&#53;&#48;&#125;\" title=\"Rendered by QuickLaTeX.com\" height=\"9\" width=\"14\" style=\"vertical-align: -4px;\"\/>&#8211; tai <em>LC<\/em><img loading=\"lazy\" decoding=\"async\" src=\"https:\/\/blogit.gradia.fi\/fykevalinnainen\/wp-content\/ql-cache\/quicklatex.com-324f75272bc8ef65e9396102eaa1babc_l3.png\" class=\"ql-img-inline-formula quicklatex-auto-format\" alt=\"&#95;&#123;&#53;&#48;&#125;\" title=\"Rendered by QuickLaTeX.com\" height=\"9\" width=\"14\" style=\"vertical-align: -4px;\"\/>-arvo tarkoittaa myrkyllisemp\u00e4\u00e4 ainetta.<\/p>\n<p>Taulukossa<sup><a href=\"https:\/\/fi.wikipedia.org\/wiki\/LD50\" target=\"_blank\" rel=\"noopener noreferrer\">1<\/a>,<a href=\"https:\/\/fi.wikipedia.org\/wiki\/LC50\" target=\"_blank\" rel=\"noopener noreferrer\">2<\/a><\/sup> aineen myrkyllisyytt\u00e4 on arvioitu esim. rotilla.<\/p>\n<p class=\"ql-center-picture\"><img loading=\"lazy\" decoding=\"async\" src=\"https:\/\/blogit.gradia.fi\/fykevalinnainen\/wp-content\/ql-cache\/quicklatex.com-071b834c47442e2d5b831ec3de4d6461_l3.png\" height=\"212\" width=\"493\" class=\"ql-img-picture quicklatex-auto-format\" alt=\"Rendered by QuickLaTeX.com\" title=\"Rendered by QuickLaTeX.com\"\/><\/p>\n<p><em>HTP<\/em>&#8211; eli <em>haitalliseksi tunnettu pitoisuus<\/em> -arvo on pienin haittaa tai vaaraa ty\u00f6ntekij\u00e4n terveydelle aiheuttava ilman kemikaalipitoisuus. Se kuvaa haitallisten molekyylien suhdetta ilmapartikkeleihin miljoonasosina (<em>ppm<\/em> eli <em>parts per million<\/em>) tai milligrammoina kuutiometriss\u00e4 ilmaa (mg\/m<img loading=\"lazy\" decoding=\"async\" src=\"https:\/\/blogit.gradia.fi\/fykevalinnainen\/wp-content\/ql-cache\/quicklatex.com-56748aa733190354a4af734947682ead_l3.png\" class=\"ql-img-inline-formula quicklatex-auto-format\" alt=\"&#94;&#51;\" title=\"Rendered by QuickLaTeX.com\" height=\"9\" width=\"7\" style=\"vertical-align: 6px;\"\/>). Ilman ep\u00e4puhtauden pitoisuuden altistumisen <em>HTP<\/em>-arvo voi olla <em>HTP8h<\/em> eli kahdeksan tuntia, <em>HTP15min<\/em> eli 15 minuuttia tai <em>hetkellinen<\/em>.<\/p>\n","protected":false},"excerpt":{"rendered":"<p>Oppimisteht\u00e4v\u00e4 5 &#8211; esimerkit ja harjoitusteht\u00e4v\u00e4t Ainem\u00e4\u00e4r\u00e4 Ainem\u00e4\u00e4r\u00e4n tunnus on n ja sen yksikk\u00f6 on mooli (mol). Yksi mooli atomeja on atomia, ja sen verran atomeja on 12 grammassa -hiilt\u00e4. Kirjoitetaan Avogadron vakio. Moolimassa Moolimassa on ainem\u00e4\u00e4r\u00e4n massa, jota on yksi mooli. Sen tunnus on M, ja sen yksikk\u00f6 on g\/mol. Jaksollisesta j\u00e4rjestelm\u00e4st\u00e4 selvi\u00e4\u00e4 suoraan &hellip; <a href=\"https:\/\/blogit.gradia.fi\/fykevalinnainen\/ot5\/\" class=\"more-link\">Jatka lukemista <span class=\"screen-reader-text\">Oppimisteht\u00e4v\u00e4 5<\/span> <span class=\"meta-nav\">&rarr;<\/span><\/a><\/p>\n","protected":false},"author":107,"featured_media":0,"parent":0,"menu_order":0,"comment_status":"closed","ping_status":"closed","template":"","meta":{"_uag_custom_page_level_css":"","footnotes":""},"class_list":["post-438","page","type-page","status-publish","hentry"],"yoast_head":"<!-- This site is optimized with the Yoast SEO plugin v27.4 - https:\/\/yoast.com\/product\/yoast-seo-wordpress\/ -->\n<title>Oppimisteht\u00e4v\u00e4 5 - YTO2-FKV-opintojakso<\/title>\n<meta name=\"robots\" content=\"index, follow, max-snippet:-1, max-image-preview:large, max-video-preview:-1\" \/>\n<link rel=\"canonical\" href=\"https:\/\/blogit.gradia.fi\/fykevalinnainen\/ot5\/\" \/>\n<meta property=\"og:locale\" content=\"fi_FI\" \/>\n<meta property=\"og:type\" content=\"article\" \/>\n<meta property=\"og:title\" content=\"Oppimisteht\u00e4v\u00e4 5 - YTO2-FKV-opintojakso\" \/>\n<meta property=\"og:description\" content=\"Oppimisteht\u00e4v\u00e4 5 &#8211; esimerkit ja harjoitusteht\u00e4v\u00e4t Ainem\u00e4\u00e4r\u00e4 Ainem\u00e4\u00e4r\u00e4n tunnus on n ja sen yksikk\u00f6 on mooli (mol). Yksi mooli atomeja on atomia, ja sen verran atomeja on 12 grammassa -hiilt\u00e4. Kirjoitetaan Avogadron vakio. Moolimassa Moolimassa on ainem\u00e4\u00e4r\u00e4n massa, jota on yksi mooli. Sen tunnus on M, ja sen yksikk\u00f6 on g\/mol. Jaksollisesta j\u00e4rjestelm\u00e4st\u00e4 selvi\u00e4\u00e4 suoraan &hellip; Jatka lukemista Oppimisteht\u00e4v\u00e4 5 &rarr;\" \/>\n<meta property=\"og:url\" content=\"https:\/\/blogit.gradia.fi\/fykevalinnainen\/ot5\/\" \/>\n<meta property=\"og:site_name\" content=\"YTO2-FKV-opintojakso\" \/>\n<meta property=\"article:modified_time\" content=\"2018-09-28T12:15:19+00:00\" \/>\n<meta name=\"twitter:card\" content=\"summary_large_image\" \/>\n<meta name=\"twitter:label1\" content=\"Arvioitu lukuaika\" \/>\n\t<meta name=\"twitter:data1\" content=\"4 minuuttia\" \/>\n<script type=\"application\/ld+json\" class=\"yoast-schema-graph\">{\"@context\":\"https:\\\/\\\/schema.org\",\"@graph\":[{\"@type\":\"WebPage\",\"@id\":\"https:\\\/\\\/blogit.gradia.fi\\\/fykevalinnainen\\\/ot5\\\/\",\"url\":\"https:\\\/\\\/blogit.gradia.fi\\\/fykevalinnainen\\\/ot5\\\/\",\"name\":\"Oppimisteht\u00e4v\u00e4 5 - YTO2-FKV-opintojakso\",\"isPartOf\":{\"@id\":\"https:\\\/\\\/blogit.gradia.fi\\\/fykevalinnainen\\\/#website\"},\"datePublished\":\"2017-09-25T12:22:39+00:00\",\"dateModified\":\"2018-09-28T12:15:19+00:00\",\"inLanguage\":\"fi\",\"potentialAction\":[{\"@type\":\"ReadAction\",\"target\":[\"https:\\\/\\\/blogit.gradia.fi\\\/fykevalinnainen\\\/ot5\\\/\"]}]},{\"@type\":\"WebSite\",\"@id\":\"https:\\\/\\\/blogit.gradia.fi\\\/fykevalinnainen\\\/#website\",\"url\":\"https:\\\/\\\/blogit.gradia.fi\\\/fykevalinnainen\\\/\",\"name\":\"YTO2-FKV-opintojakso\",\"description\":\"\",\"potentialAction\":[{\"@type\":\"SearchAction\",\"target\":{\"@type\":\"EntryPoint\",\"urlTemplate\":\"https:\\\/\\\/blogit.gradia.fi\\\/fykevalinnainen\\\/?s={search_term_string}\"},\"query-input\":{\"@type\":\"PropertyValueSpecification\",\"valueRequired\":true,\"valueName\":\"search_term_string\"}}],\"inLanguage\":\"fi\"}]}<\/script>\n<!-- \/ Yoast SEO plugin. -->","yoast_head_json":{"title":"Oppimisteht\u00e4v\u00e4 5 - YTO2-FKV-opintojakso","robots":{"index":"index","follow":"follow","max-snippet":"max-snippet:-1","max-image-preview":"max-image-preview:large","max-video-preview":"max-video-preview:-1"},"canonical":"https:\/\/blogit.gradia.fi\/fykevalinnainen\/ot5\/","og_locale":"fi_FI","og_type":"article","og_title":"Oppimisteht\u00e4v\u00e4 5 - YTO2-FKV-opintojakso","og_description":"Oppimisteht\u00e4v\u00e4 5 &#8211; esimerkit ja harjoitusteht\u00e4v\u00e4t Ainem\u00e4\u00e4r\u00e4 Ainem\u00e4\u00e4r\u00e4n tunnus on n ja sen yksikk\u00f6 on mooli (mol). Yksi mooli atomeja on atomia, ja sen verran atomeja on 12 grammassa -hiilt\u00e4. Kirjoitetaan Avogadron vakio. Moolimassa Moolimassa on ainem\u00e4\u00e4r\u00e4n massa, jota on yksi mooli. Sen tunnus on M, ja sen yksikk\u00f6 on g\/mol. Jaksollisesta j\u00e4rjestelm\u00e4st\u00e4 selvi\u00e4\u00e4 suoraan &hellip; Jatka lukemista Oppimisteht\u00e4v\u00e4 5 &rarr;","og_url":"https:\/\/blogit.gradia.fi\/fykevalinnainen\/ot5\/","og_site_name":"YTO2-FKV-opintojakso","article_modified_time":"2018-09-28T12:15:19+00:00","twitter_card":"summary_large_image","twitter_misc":{"Arvioitu lukuaika":"4 minuuttia"},"schema":{"@context":"https:\/\/schema.org","@graph":[{"@type":"WebPage","@id":"https:\/\/blogit.gradia.fi\/fykevalinnainen\/ot5\/","url":"https:\/\/blogit.gradia.fi\/fykevalinnainen\/ot5\/","name":"Oppimisteht\u00e4v\u00e4 5 - YTO2-FKV-opintojakso","isPartOf":{"@id":"https:\/\/blogit.gradia.fi\/fykevalinnainen\/#website"},"datePublished":"2017-09-25T12:22:39+00:00","dateModified":"2018-09-28T12:15:19+00:00","inLanguage":"fi","potentialAction":[{"@type":"ReadAction","target":["https:\/\/blogit.gradia.fi\/fykevalinnainen\/ot5\/"]}]},{"@type":"WebSite","@id":"https:\/\/blogit.gradia.fi\/fykevalinnainen\/#website","url":"https:\/\/blogit.gradia.fi\/fykevalinnainen\/","name":"YTO2-FKV-opintojakso","description":"","potentialAction":[{"@type":"SearchAction","target":{"@type":"EntryPoint","urlTemplate":"https:\/\/blogit.gradia.fi\/fykevalinnainen\/?s={search_term_string}"},"query-input":{"@type":"PropertyValueSpecification","valueRequired":true,"valueName":"search_term_string"}}],"inLanguage":"fi"}]}},"uagb_featured_image_src":{"full":false,"thumbnail":false,"medium":false,"medium_large":false,"large":false,"1536x1536":false,"2048x2048":false,"post-thumbnail":false},"uagb_author_info":{"display_name":"Henri Jaakkola","author_link":"https:\/\/blogit.gradia.fi\/fykevalinnainen\/author\/jaakkhen\/"},"uagb_comment_info":0,"uagb_excerpt":"Oppimisteht\u00e4v\u00e4 5 &#8211; esimerkit ja harjoitusteht\u00e4v\u00e4t Ainem\u00e4\u00e4r\u00e4 Ainem\u00e4\u00e4r\u00e4n tunnus on n ja sen yksikk\u00f6 on mooli (mol). Yksi mooli atomeja on atomia, ja sen verran atomeja on 12 grammassa -hiilt\u00e4. Kirjoitetaan Avogadron vakio. Moolimassa Moolimassa on ainem\u00e4\u00e4r\u00e4n massa, jota on yksi mooli. Sen tunnus on M, ja sen yksikk\u00f6 on g\/mol. Jaksollisesta j\u00e4rjestelm\u00e4st\u00e4 selvi\u00e4\u00e4 suoraan&hellip;","_links":{"self":[{"href":"https:\/\/blogit.gradia.fi\/fykevalinnainen\/wp-json\/wp\/v2\/pages\/438","targetHints":{"allow":["GET"]}}],"collection":[{"href":"https:\/\/blogit.gradia.fi\/fykevalinnainen\/wp-json\/wp\/v2\/pages"}],"about":[{"href":"https:\/\/blogit.gradia.fi\/fykevalinnainen\/wp-json\/wp\/v2\/types\/page"}],"author":[{"embeddable":true,"href":"https:\/\/blogit.gradia.fi\/fykevalinnainen\/wp-json\/wp\/v2\/users\/107"}],"replies":[{"embeddable":true,"href":"https:\/\/blogit.gradia.fi\/fykevalinnainen\/wp-json\/wp\/v2\/comments?post=438"}],"version-history":[{"count":0,"href":"https:\/\/blogit.gradia.fi\/fykevalinnainen\/wp-json\/wp\/v2\/pages\/438\/revisions"}],"wp:attachment":[{"href":"https:\/\/blogit.gradia.fi\/fykevalinnainen\/wp-json\/wp\/v2\/media?parent=438"}],"curies":[{"name":"wp","href":"https:\/\/api.w.org\/{rel}","templated":true}]}}