{"id":436,"date":"2017-09-25T15:22:30","date_gmt":"2017-09-25T12:22:30","guid":{"rendered":"https:\/\/blogit.gradia.fi\/fykevalinnainen\/?page_id=436"},"modified":"2018-08-08T12:38:09","modified_gmt":"2018-08-08T09:38:09","slug":"ot4","status":"publish","type":"page","link":"https:\/\/blogit.gradia.fi\/fykevalinnainen\/ot4\/","title":{"rendered":"Oppimisteht\u00e4v\u00e4 4"},"content":{"rendered":"<p><a href=\"https:\/\/jaofi-my.sharepoint.com\/:b:\/g\/personal\/ketonjoo_gradia_fi\/EdLSSvgYk_VMofFD6kBWbJkBhCjVcLBzPs1pvrq2HybvPA?e=Y9yIXv\" target=\"_blank\" rel=\"noopener noreferrer\">Oppimisteht\u00e4v\u00e4 4 &#8211; esimerkit ja harjoitukset<\/a><\/p>\n<p><a href=\"https:\/\/jaofi-my.sharepoint.com\/:w:\/g\/personal\/ketonjoo_gradia_fi\/EVg9ZR74po5HkEs6YwYxyCABm_UayPdPPRToCx5DcinHTw?e=kfbNlj\" target=\"_blank\" rel=\"noopener\">Minitutkielma malli<\/a><\/p>\n<h4>Tiheys<\/h4>\n<p>Kappaleen koko voidaan mitata massan ja tilavuuden avulla. Tiheys on suure, joka kertoo massan ja tilavuuden suhteen. Sen tunnus on <img loading=\"lazy\" decoding=\"async\" src=\"https:\/\/blogit.gradia.fi\/fykevalinnainen\/wp-content\/ql-cache\/quicklatex.com-01ecb16957057554c86cd5b815ce1da4_l3.png\" class=\"ql-img-inline-formula quicklatex-auto-format\" alt=\"&#92;&#114;&#104;&#111;\" title=\"Rendered by QuickLaTeX.com\" height=\"13\" width=\"10\" style=\"vertical-align: -5px;\"\/> (eli roo).<\/p>\n<p>Kirjoitetaan tiheyden <em>SI<\/em>-yht\u00e4l\u00f6.<\/p>\n<p class=\"ql-center-picture\"><img loading=\"lazy\" decoding=\"async\" src=\"https:\/\/blogit.gradia.fi\/fykevalinnainen\/wp-content\/ql-cache\/quicklatex.com-dad911cd4ef39e66f48247d1e47e1ff5_l3.png\" height=\"48\" width=\"66\" class=\"ql-img-picture quicklatex-auto-format\" alt=\"Rendered by QuickLaTeX.com\" title=\"Rendered by QuickLaTeX.com\"\/><\/p>\n<p>Kirjoitetaan\u00a0 tiheyden yksikk\u00f6.<\/p>\n<p class=\"ql-center-displayed-equation\" style=\"line-height: 42px;\"><span class=\"ql-right-eqno\"> &nbsp; <\/span><span class=\"ql-left-eqno\"> &nbsp; <\/span><img loading=\"lazy\" decoding=\"async\" src=\"https:\/\/blogit.gradia.fi\/fykevalinnainen\/wp-content\/ql-cache\/quicklatex.com-d2856e2a918309adb53a6783ddcb8a96_l3.png\" height=\"42\" width=\"115\" class=\"ql-img-displayed-equation quicklatex-auto-format\" alt=\"&#92;&#91; &#91;&#92;&#114;&#104;&#111;&#93;&#32;&#61;&#32;&#92;&#102;&#114;&#97;&#99;&#123;&#91;&#109;&#93;&#125;&#123;&#91;&#86;&#93;&#125;&#32;&#61;&#32;&#92;&#102;&#114;&#97;&#99;&#123;&#92;&#116;&#101;&#120;&#116;&#123;&#107;&#103;&#125;&#125;&#123;&#92;&#116;&#101;&#120;&#116;&#123;&#109;&#125;&#94;&#51;&#125; &#92;&#93;\" title=\"Rendered by QuickLaTeX.com\"\/><\/p>\n<h4>Energiantuotanto ja -kulutus<\/h4>\n<p>Suomessa kulutetaan energiaa asukasta kohti eniten\u00a0koko Euroopan unionissa. T\u00e4m\u00e4 johtuu mm.\u00a0siit\u00e4, ett\u00e4 Suomi on harvaan asuttu maa ja k\u00e4ytetyst\u00e4 energiasta noin viidennes kuluu l\u00e4mmitykseen. Suurimman osan eli noin puolet kulutetusta energiasta vie teollisuus.\u00a0Energiapoliittiset kysymykset ovat siis Suomelle merkitt\u00e4vi\u00e4 asioita. Aina kun puhutaan energiantuotannosta, on syyt\u00e4 puhua my\u00f6s ymp\u00e4rist\u00f6n\u00e4k\u00f6kohdista.<\/p>\n<h4>Metallien s\u00e4hk\u00f6kemiallinen j\u00e4nnitesarja<\/h4>\n<p>Metallit luokitellaan <em>jaloihin<\/em> ja <em>ep\u00e4jaloihin<\/em>. Jalo metalli ei reagoi hapon vesiliuoksen kanssa muodostaen vetykaasua. Vastaavasti ep\u00e4jalo metalli reagoi hapon vesiliuoksen kanssa muodostaen vetykaasua.<\/p>\n<p>Mit\u00e4 helpommin metalli luovuttaa elektroneja hapon vesiliuoksessa muodostaen vetykaasua, sit\u00e4 ep\u00e4jalompi metalli on. Ep\u00e4jalot metallit luovuttavat elektroneja helpommin kuin jalot metallit. T\u00e4m\u00e4n vuoksi ep\u00e4jalot metallit reagoivat nopeammin muiden aineiden kanssa.<\/p>\n<p>Metallit voidaan j\u00e4rjest\u00e4\u00e4 niiden reaktiivisuuden eli elektronien luovutuskyvyn mukaan\u00a0 metallien <em>s\u00e4hk\u00f6kemialliseksi j\u00e4nnitesarjaksi<\/em>. Alla on yleisimm\u00e4t metallit.<\/p>\n<p class=\"ql-center-picture\"><img loading=\"lazy\" decoding=\"async\" src=\"https:\/\/blogit.gradia.fi\/fykevalinnainen\/wp-content\/ql-cache\/quicklatex.com-7492ecd5bdeabd3339bebc89567d47f3_l3.png\" height=\"24\" width=\"586\" class=\"ql-img-picture quicklatex-auto-format\" alt=\"Rendered by QuickLaTeX.com\" title=\"Rendered by QuickLaTeX.com\"\/><\/p>\n<p>Litium (Li) on kyseisist\u00e4 metalleista ep\u00e4jaloin ja kulta (Au) on jaloin. Vety (H) on j\u00e4nnitesarjan ainoa ep\u00e4metalli, joka jakaa metallit ep\u00e4jaloihin ja jaloihin metalleihin.<\/p>\n<p>Vedyn oikealla puolella ovat jalometallit, joista kupari (Cu) tosin on <em>puolijalo<\/em>. Jalometallit eiv\u00e4t hapetu herk\u00e4sti, joten niit\u00e4 l\u00f6ytyy luonnosta puhtaina alkuaineina.<\/p>\n<p>Vedyn vasemmalla puolella ovat ep\u00e4jalot metallit, jotka hapettuvat (eli liukenevat, tummuvat ja ruostuvat) helposti. Ep\u00e4jaloja metalleja l\u00f6ytyy luonnosta usein yhdistein\u00e4. Ep\u00e4jalot metallit reagoivat happojen kanssa muodostaen vety\u00e4.<\/p>\n<p>Jos kaksi j\u00e4nnitesarjan metallia on kosketuksissa toistensa kanssa, ep\u00e4jalomman metallin pinnalla tapahtuu hapettumista ja jalomman metallin pinnalla pelkistymist\u00e4 (eli puhdistumista). Arkiel\u00e4m\u00e4n esimerkkin\u00e4 huonosti valitusta metalliparista voisi olla ruosteisen pellin paikkaaminen hopealevyll\u00e4 tai peltikaton kiinnitt\u00e4minen kupariruuveilla.<\/p>\n","protected":false},"excerpt":{"rendered":"<p>Oppimisteht\u00e4v\u00e4 4 &#8211; esimerkit ja harjoitukset Minitutkielma malli Tiheys Kappaleen koko voidaan mitata massan ja tilavuuden avulla. Tiheys on suure, joka kertoo massan ja tilavuuden suhteen. Sen tunnus on (eli roo). Kirjoitetaan tiheyden SI-yht\u00e4l\u00f6. Kirjoitetaan\u00a0 tiheyden yksikk\u00f6. &nbsp; &nbsp; Energiantuotanto ja -kulutus Suomessa kulutetaan energiaa asukasta kohti eniten\u00a0koko Euroopan unionissa. T\u00e4m\u00e4 johtuu mm.\u00a0siit\u00e4, ett\u00e4 Suomi &hellip; <a href=\"https:\/\/blogit.gradia.fi\/fykevalinnainen\/ot4\/\" class=\"more-link\">Jatka lukemista <span class=\"screen-reader-text\">Oppimisteht\u00e4v\u00e4 4<\/span> <span class=\"meta-nav\">&rarr;<\/span><\/a><\/p>\n","protected":false},"author":107,"featured_media":0,"parent":0,"menu_order":0,"comment_status":"closed","ping_status":"closed","template":"","meta":{"_uag_custom_page_level_css":"","footnotes":""},"class_list":["post-436","page","type-page","status-publish","hentry"],"yoast_head":"<!-- This site is optimized with the Yoast SEO plugin v27.4 - https:\/\/yoast.com\/product\/yoast-seo-wordpress\/ -->\n<title>Oppimisteht\u00e4v\u00e4 4 - YTO2-FKV-opintojakso<\/title>\n<meta name=\"robots\" content=\"index, follow, max-snippet:-1, max-image-preview:large, max-video-preview:-1\" \/>\n<link rel=\"canonical\" href=\"https:\/\/blogit.gradia.fi\/fykevalinnainen\/ot4\/\" \/>\n<meta property=\"og:locale\" content=\"fi_FI\" \/>\n<meta property=\"og:type\" content=\"article\" \/>\n<meta property=\"og:title\" content=\"Oppimisteht\u00e4v\u00e4 4 - YTO2-FKV-opintojakso\" \/>\n<meta property=\"og:description\" content=\"Oppimisteht\u00e4v\u00e4 4 &#8211; esimerkit ja harjoitukset Minitutkielma malli Tiheys Kappaleen koko voidaan mitata massan ja tilavuuden avulla. Tiheys on suure, joka kertoo massan ja tilavuuden suhteen. Sen tunnus on (eli roo). Kirjoitetaan tiheyden SI-yht\u00e4l\u00f6. Kirjoitetaan\u00a0 tiheyden yksikk\u00f6. &nbsp; &nbsp; Energiantuotanto ja -kulutus Suomessa kulutetaan energiaa asukasta kohti eniten\u00a0koko Euroopan unionissa. T\u00e4m\u00e4 johtuu mm.\u00a0siit\u00e4, ett\u00e4 Suomi &hellip; Jatka lukemista Oppimisteht\u00e4v\u00e4 4 &rarr;\" \/>\n<meta property=\"og:url\" content=\"https:\/\/blogit.gradia.fi\/fykevalinnainen\/ot4\/\" \/>\n<meta property=\"og:site_name\" content=\"YTO2-FKV-opintojakso\" \/>\n<meta property=\"article:modified_time\" content=\"2018-08-08T09:38:09+00:00\" \/>\n<meta name=\"twitter:card\" content=\"summary_large_image\" \/>\n<meta name=\"twitter:label1\" content=\"Arvioitu lukuaika\" \/>\n\t<meta name=\"twitter:data1\" content=\"2 minuuttia\" \/>\n<script type=\"application\/ld+json\" class=\"yoast-schema-graph\">{\"@context\":\"https:\\\/\\\/schema.org\",\"@graph\":[{\"@type\":\"WebPage\",\"@id\":\"https:\\\/\\\/blogit.gradia.fi\\\/fykevalinnainen\\\/ot4\\\/\",\"url\":\"https:\\\/\\\/blogit.gradia.fi\\\/fykevalinnainen\\\/ot4\\\/\",\"name\":\"Oppimisteht\u00e4v\u00e4 4 - YTO2-FKV-opintojakso\",\"isPartOf\":{\"@id\":\"https:\\\/\\\/blogit.gradia.fi\\\/fykevalinnainen\\\/#website\"},\"datePublished\":\"2017-09-25T12:22:30+00:00\",\"dateModified\":\"2018-08-08T09:38:09+00:00\",\"inLanguage\":\"fi\",\"potentialAction\":[{\"@type\":\"ReadAction\",\"target\":[\"https:\\\/\\\/blogit.gradia.fi\\\/fykevalinnainen\\\/ot4\\\/\"]}]},{\"@type\":\"WebSite\",\"@id\":\"https:\\\/\\\/blogit.gradia.fi\\\/fykevalinnainen\\\/#website\",\"url\":\"https:\\\/\\\/blogit.gradia.fi\\\/fykevalinnainen\\\/\",\"name\":\"YTO2-FKV-opintojakso\",\"description\":\"\",\"potentialAction\":[{\"@type\":\"SearchAction\",\"target\":{\"@type\":\"EntryPoint\",\"urlTemplate\":\"https:\\\/\\\/blogit.gradia.fi\\\/fykevalinnainen\\\/?s={search_term_string}\"},\"query-input\":{\"@type\":\"PropertyValueSpecification\",\"valueRequired\":true,\"valueName\":\"search_term_string\"}}],\"inLanguage\":\"fi\"}]}<\/script>\n<!-- \/ Yoast SEO plugin. -->","yoast_head_json":{"title":"Oppimisteht\u00e4v\u00e4 4 - YTO2-FKV-opintojakso","robots":{"index":"index","follow":"follow","max-snippet":"max-snippet:-1","max-image-preview":"max-image-preview:large","max-video-preview":"max-video-preview:-1"},"canonical":"https:\/\/blogit.gradia.fi\/fykevalinnainen\/ot4\/","og_locale":"fi_FI","og_type":"article","og_title":"Oppimisteht\u00e4v\u00e4 4 - YTO2-FKV-opintojakso","og_description":"Oppimisteht\u00e4v\u00e4 4 &#8211; esimerkit ja harjoitukset Minitutkielma malli Tiheys Kappaleen koko voidaan mitata massan ja tilavuuden avulla. Tiheys on suure, joka kertoo massan ja tilavuuden suhteen. Sen tunnus on (eli roo). Kirjoitetaan tiheyden SI-yht\u00e4l\u00f6. Kirjoitetaan\u00a0 tiheyden yksikk\u00f6. &nbsp; &nbsp; Energiantuotanto ja -kulutus Suomessa kulutetaan energiaa asukasta kohti eniten\u00a0koko Euroopan unionissa. T\u00e4m\u00e4 johtuu mm.\u00a0siit\u00e4, ett\u00e4 Suomi &hellip; Jatka lukemista Oppimisteht\u00e4v\u00e4 4 &rarr;","og_url":"https:\/\/blogit.gradia.fi\/fykevalinnainen\/ot4\/","og_site_name":"YTO2-FKV-opintojakso","article_modified_time":"2018-08-08T09:38:09+00:00","twitter_card":"summary_large_image","twitter_misc":{"Arvioitu lukuaika":"2 minuuttia"},"schema":{"@context":"https:\/\/schema.org","@graph":[{"@type":"WebPage","@id":"https:\/\/blogit.gradia.fi\/fykevalinnainen\/ot4\/","url":"https:\/\/blogit.gradia.fi\/fykevalinnainen\/ot4\/","name":"Oppimisteht\u00e4v\u00e4 4 - YTO2-FKV-opintojakso","isPartOf":{"@id":"https:\/\/blogit.gradia.fi\/fykevalinnainen\/#website"},"datePublished":"2017-09-25T12:22:30+00:00","dateModified":"2018-08-08T09:38:09+00:00","inLanguage":"fi","potentialAction":[{"@type":"ReadAction","target":["https:\/\/blogit.gradia.fi\/fykevalinnainen\/ot4\/"]}]},{"@type":"WebSite","@id":"https:\/\/blogit.gradia.fi\/fykevalinnainen\/#website","url":"https:\/\/blogit.gradia.fi\/fykevalinnainen\/","name":"YTO2-FKV-opintojakso","description":"","potentialAction":[{"@type":"SearchAction","target":{"@type":"EntryPoint","urlTemplate":"https:\/\/blogit.gradia.fi\/fykevalinnainen\/?s={search_term_string}"},"query-input":{"@type":"PropertyValueSpecification","valueRequired":true,"valueName":"search_term_string"}}],"inLanguage":"fi"}]}},"uagb_featured_image_src":{"full":false,"thumbnail":false,"medium":false,"medium_large":false,"large":false,"1536x1536":false,"2048x2048":false,"post-thumbnail":false},"uagb_author_info":{"display_name":"Henri Jaakkola","author_link":"https:\/\/blogit.gradia.fi\/fykevalinnainen\/author\/jaakkhen\/"},"uagb_comment_info":0,"uagb_excerpt":"Oppimisteht\u00e4v\u00e4 4 &#8211; esimerkit ja harjoitukset Minitutkielma malli Tiheys Kappaleen koko voidaan mitata massan ja tilavuuden avulla. Tiheys on suure, joka kertoo massan ja tilavuuden suhteen. Sen tunnus on (eli roo). Kirjoitetaan tiheyden SI-yht\u00e4l\u00f6. Kirjoitetaan\u00a0 tiheyden yksikk\u00f6. &nbsp; &nbsp; Energiantuotanto ja -kulutus Suomessa kulutetaan energiaa asukasta kohti eniten\u00a0koko Euroopan unionissa. T\u00e4m\u00e4 johtuu mm.\u00a0siit\u00e4, ett\u00e4 Suomi&hellip;","_links":{"self":[{"href":"https:\/\/blogit.gradia.fi\/fykevalinnainen\/wp-json\/wp\/v2\/pages\/436","targetHints":{"allow":["GET"]}}],"collection":[{"href":"https:\/\/blogit.gradia.fi\/fykevalinnainen\/wp-json\/wp\/v2\/pages"}],"about":[{"href":"https:\/\/blogit.gradia.fi\/fykevalinnainen\/wp-json\/wp\/v2\/types\/page"}],"author":[{"embeddable":true,"href":"https:\/\/blogit.gradia.fi\/fykevalinnainen\/wp-json\/wp\/v2\/users\/107"}],"replies":[{"embeddable":true,"href":"https:\/\/blogit.gradia.fi\/fykevalinnainen\/wp-json\/wp\/v2\/comments?post=436"}],"version-history":[{"count":0,"href":"https:\/\/blogit.gradia.fi\/fykevalinnainen\/wp-json\/wp\/v2\/pages\/436\/revisions"}],"wp:attachment":[{"href":"https:\/\/blogit.gradia.fi\/fykevalinnainen\/wp-json\/wp\/v2\/media?parent=436"}],"curies":[{"name":"wp","href":"https:\/\/api.w.org\/{rel}","templated":true}]}}