{"id":64,"date":"2019-01-15T12:16:21","date_gmt":"2019-01-15T10:16:21","guid":{"rendered":"https:\/\/blogit.gradia.fi\/esimerkki\/?page_id=64"},"modified":"2019-01-23T14:00:56","modified_gmt":"2019-01-23T12:00:56","slug":"blogin-ulkoasu","status":"publish","type":"page","link":"https:\/\/blogit.gradia.fi\/esimerkki\/blogin-ulkoasu\/","title":{"rendered":"Blogin ulkoasu"},"content":{"rendered":"\n<p>T\u00e4ll\u00e4 sivulla kerrotaan lyhyesti blogin ulkoasun muokkaamisen periaatteet Mukauta-toiminnon kautta. Alasivuilla kerrotaan ulkoasun muokkaamisesta vaiheittain.<\/p>\n\n\n\n<p>Kirjaudu blogiisi menem\u00e4ll\u00e4 osoitteeseen <strong>blogit.gradia.fi\/bloginnimi<\/strong>. Vaihda kohtaan \u201dbloginnimi\u201d oman blogisi nimi ja kirjaudu sis\u00e4\u00e4n oppilaitostunnuksillasi.<\/p>\n\n\n\n<p>Kun olet kirjautunut blogiisi, n\u00e4kyviin avautuu ensin blogin ohjausn\u00e4kym\u00e4. Yl\u00e4reunan valikossa lukee blogisi nimi. Klikkaa sit\u00e4, tai siit\u00e4 avautuvaa \u201cVieraile sivustolla\u201d -kohtaa. P\u00e4\u00e4set blogin\u00e4kym\u00e4\u00e4n ja n\u00e4et, milt\u00e4 blogisi n\u00e4ytt\u00e4\u00e4.<\/p>\n\n\n\n<p>Tutkaile blogiasi rauhassa. Jos n\u00e4kym\u00e4\u00e4n avautuu vinkkej\u00e4, kannattaa tutustua niihin huolellisesti. K\u00e4y my\u00f6s kurkkaamassa, mit\u00e4 \u201cEsimerkkisivu\u201d pit\u00e4\u00e4 sis\u00e4ll\u00e4\u00e4n ja mit\u00e4 lukee kommentissa. Alareunassa on \u201cvimpainalue\u201d.&nbsp;&nbsp;<\/p>\n\n\n\n<p><strong>Vimpaimia<\/strong> ovat esimerkiksi haku, viimeisimm\u00e4t kommentit, arkistot ja kategoriat. Voit my\u00f6hemmin valita, mit\u00e4 vimpaimia vimpainalueilla n\u00e4kyy ja miss\u00e4 kohti ne sijaitsevat.&nbsp;&nbsp;<\/p>\n\n\n\n<p>Blogissasi on k\u00e4yt\u00f6ss\u00e4 jokin <strong>teema,<\/strong>  esimerkiksi t\u00e4ss\u00e4 blogissa on \u201cTwenty Thirteen\u201d. Voit vaihtaa teeman toiseen my\u00f6hemmin. Valittu teema vaikuttaa siihen, miten postaukset, vimpainalueet ja otsakekuva asettuvat blogissasi \u2013 siksi voi olla viisasta valita ensin mieleinen teema ja tehd\u00e4 muut muutokset vasta sen j\u00e4lkeen.&nbsp;<\/p>\n\n\n\n<p>Helpoin, nopein ja visuaalisin tapa muokata blogin ulkoasua on tehd\u00e4 se <strong>Mukauta<\/strong>-toiminnon kautta. Valitse yl\u00e4reunan valikosta kohta \u201cMukauta\u201d, kun olet valmis muuttamaan blogin ulkoasun sellaiseksi kuin haluat.<\/p>\n\n\n\n<figure class=\"wp-block-video\"><video height=\"940\" style=\"aspect-ratio: 1650 \/ 940;\" width=\"1650\" controls src=\"https:\/\/blogit.gradia.fi\/esimerkki\/wp-content\/uploads\/sites\/15\/2019\/01\/ulkoasu.mp4\"><\/video><\/figure>\n","protected":false},"excerpt":{"rendered":"<p>T\u00e4ll\u00e4 sivulla kerrotaan lyhyesti blogin ulkoasun muokkaamisen periaatteet Mukauta-toiminnon kautta. Alasivuilla kerrotaan ulkoasun muokkaamisesta vaiheittain. Kirjaudu blogiisi menem\u00e4ll\u00e4 osoitteeseen blogit.gradia.fi\/bloginnimi. Vaihda kohtaan \u201dbloginnimi\u201d oman blogisi nimi ja kirjaudu sis\u00e4\u00e4n oppilaitostunnuksillasi. Kun olet kirjautunut blogiisi, n\u00e4kyviin avautuu ensin blogin ohjausn\u00e4kym\u00e4. Yl\u00e4reunan valikossa lukee blogisi nimi. Klikkaa sit\u00e4, tai siit\u00e4 avautuvaa \u201cVieraile sivustolla\u201d -kohtaa. P\u00e4\u00e4set blogin\u00e4kym\u00e4\u00e4n ja &hellip; <a href=\"https:\/\/blogit.gradia.fi\/esimerkki\/blogin-ulkoasu\/\" class=\"more-link\">Jatka lukemista <span class=\"screen-reader-text\">Blogin ulkoasu<\/span> <span class=\"meta-nav\">&rarr;<\/span><\/a><\/p>\n","protected":false},"author":9,"featured_media":0,"parent":0,"menu_order":0,"comment_status":"closed","ping_status":"closed","template":"","meta":{"_uag_custom_page_level_css":"","footnotes":""},"class_list":["post-64","page","type-page","status-publish","hentry"],"yoast_head":"<!-- This site is optimized with the Yoast SEO plugin v27.2 - https:\/\/yoast.com\/product\/yoast-seo-wordpress\/ -->\n<title>Blogin ulkoasu - Esimerkki<\/title>\n<meta name=\"robots\" content=\"index, follow, max-snippet:-1, max-image-preview:large, max-video-preview:-1\" \/>\n<link rel=\"canonical\" href=\"https:\/\/blogit.gradia.fi\/esimerkki\/blogin-ulkoasu\/\" \/>\n<meta property=\"og:locale\" content=\"fi_FI\" \/>\n<meta property=\"og:type\" content=\"article\" \/>\n<meta property=\"og:title\" content=\"Blogin ulkoasu - Esimerkki\" \/>\n<meta property=\"og:description\" content=\"T\u00e4ll\u00e4 sivulla kerrotaan lyhyesti blogin ulkoasun muokkaamisen periaatteet Mukauta-toiminnon kautta. Alasivuilla kerrotaan ulkoasun muokkaamisesta vaiheittain. Kirjaudu blogiisi menem\u00e4ll\u00e4 osoitteeseen blogit.gradia.fi\/bloginnimi. Vaihda kohtaan \u201dbloginnimi\u201d oman blogisi nimi ja kirjaudu sis\u00e4\u00e4n oppilaitostunnuksillasi. Kun olet kirjautunut blogiisi, n\u00e4kyviin avautuu ensin blogin ohjausn\u00e4kym\u00e4. Yl\u00e4reunan valikossa lukee blogisi nimi. Klikkaa sit\u00e4, tai siit\u00e4 avautuvaa \u201cVieraile sivustolla\u201d -kohtaa. P\u00e4\u00e4set blogin\u00e4kym\u00e4\u00e4n ja &hellip; Jatka lukemista Blogin ulkoasu &rarr;\" \/>\n<meta property=\"og:url\" content=\"https:\/\/blogit.gradia.fi\/esimerkki\/blogin-ulkoasu\/\" \/>\n<meta property=\"og:site_name\" content=\"Esimerkki\" \/>\n<meta property=\"article:modified_time\" content=\"2019-01-23T12:00:56+00:00\" \/>\n<meta name=\"twitter:card\" content=\"summary_large_image\" \/>\n<meta name=\"twitter:label1\" content=\"Arvioitu lukuaika\" \/>\n\t<meta name=\"twitter:data1\" content=\"1 minuutti\" \/>\n<script type=\"application\/ld+json\" class=\"yoast-schema-graph\">{\"@context\":\"https:\/\/schema.org\",\"@graph\":[{\"@type\":\"WebPage\",\"@id\":\"https:\/\/blogit.gradia.fi\/esimerkki\/blogin-ulkoasu\/\",\"url\":\"https:\/\/blogit.gradia.fi\/esimerkki\/blogin-ulkoasu\/\",\"name\":\"Blogin ulkoasu - Esimerkki\",\"isPartOf\":{\"@id\":\"https:\/\/blogit.gradia.fi\/esimerkki\/#website\"},\"datePublished\":\"2019-01-15T10:16:21+00:00\",\"dateModified\":\"2019-01-23T12:00:56+00:00\",\"breadcrumb\":{\"@id\":\"https:\/\/blogit.gradia.fi\/esimerkki\/blogin-ulkoasu\/#breadcrumb\"},\"inLanguage\":\"fi\",\"potentialAction\":[{\"@type\":\"ReadAction\",\"target\":[\"https:\/\/blogit.gradia.fi\/esimerkki\/blogin-ulkoasu\/\"]}]},{\"@type\":\"BreadcrumbList\",\"@id\":\"https:\/\/blogit.gradia.fi\/esimerkki\/blogin-ulkoasu\/#breadcrumb\",\"itemListElement\":[{\"@type\":\"ListItem\",\"position\":1,\"name\":\"Home\",\"item\":\"https:\/\/blogit.gradia.fi\/esimerkki\/\"},{\"@type\":\"ListItem\",\"position\":2,\"name\":\"Blogin ulkoasu\"}]},{\"@type\":\"WebSite\",\"@id\":\"https:\/\/blogit.gradia.fi\/esimerkki\/#website\",\"url\":\"https:\/\/blogit.gradia.fi\/esimerkki\/\",\"name\":\"Esimerkki\",\"description\":\"Gradian blogiohjesivusto\",\"potentialAction\":[{\"@type\":\"SearchAction\",\"target\":{\"@type\":\"EntryPoint\",\"urlTemplate\":\"https:\/\/blogit.gradia.fi\/esimerkki\/?s={search_term_string}\"},\"query-input\":{\"@type\":\"PropertyValueSpecification\",\"valueRequired\":true,\"valueName\":\"search_term_string\"}}],\"inLanguage\":\"fi\"}]}<\/script>\n<!-- \/ Yoast SEO plugin. -->","yoast_head_json":{"title":"Blogin ulkoasu - Esimerkki","robots":{"index":"index","follow":"follow","max-snippet":"max-snippet:-1","max-image-preview":"max-image-preview:large","max-video-preview":"max-video-preview:-1"},"canonical":"https:\/\/blogit.gradia.fi\/esimerkki\/blogin-ulkoasu\/","og_locale":"fi_FI","og_type":"article","og_title":"Blogin ulkoasu - Esimerkki","og_description":"T\u00e4ll\u00e4 sivulla kerrotaan lyhyesti blogin ulkoasun muokkaamisen periaatteet Mukauta-toiminnon kautta. Alasivuilla kerrotaan ulkoasun muokkaamisesta vaiheittain. Kirjaudu blogiisi menem\u00e4ll\u00e4 osoitteeseen blogit.gradia.fi\/bloginnimi. Vaihda kohtaan \u201dbloginnimi\u201d oman blogisi nimi ja kirjaudu sis\u00e4\u00e4n oppilaitostunnuksillasi. Kun olet kirjautunut blogiisi, n\u00e4kyviin avautuu ensin blogin ohjausn\u00e4kym\u00e4. Yl\u00e4reunan valikossa lukee blogisi nimi. Klikkaa sit\u00e4, tai siit\u00e4 avautuvaa \u201cVieraile sivustolla\u201d -kohtaa. P\u00e4\u00e4set blogin\u00e4kym\u00e4\u00e4n ja &hellip; Jatka lukemista Blogin ulkoasu &rarr;","og_url":"https:\/\/blogit.gradia.fi\/esimerkki\/blogin-ulkoasu\/","og_site_name":"Esimerkki","article_modified_time":"2019-01-23T12:00:56+00:00","twitter_card":"summary_large_image","twitter_misc":{"Arvioitu lukuaika":"1 minuutti"},"schema":{"@context":"https:\/\/schema.org","@graph":[{"@type":"WebPage","@id":"https:\/\/blogit.gradia.fi\/esimerkki\/blogin-ulkoasu\/","url":"https:\/\/blogit.gradia.fi\/esimerkki\/blogin-ulkoasu\/","name":"Blogin ulkoasu - Esimerkki","isPartOf":{"@id":"https:\/\/blogit.gradia.fi\/esimerkki\/#website"},"datePublished":"2019-01-15T10:16:21+00:00","dateModified":"2019-01-23T12:00:56+00:00","breadcrumb":{"@id":"https:\/\/blogit.gradia.fi\/esimerkki\/blogin-ulkoasu\/#breadcrumb"},"inLanguage":"fi","potentialAction":[{"@type":"ReadAction","target":["https:\/\/blogit.gradia.fi\/esimerkki\/blogin-ulkoasu\/"]}]},{"@type":"BreadcrumbList","@id":"https:\/\/blogit.gradia.fi\/esimerkki\/blogin-ulkoasu\/#breadcrumb","itemListElement":[{"@type":"ListItem","position":1,"name":"Home","item":"https:\/\/blogit.gradia.fi\/esimerkki\/"},{"@type":"ListItem","position":2,"name":"Blogin ulkoasu"}]},{"@type":"WebSite","@id":"https:\/\/blogit.gradia.fi\/esimerkki\/#website","url":"https:\/\/blogit.gradia.fi\/esimerkki\/","name":"Esimerkki","description":"Gradian blogiohjesivusto","potentialAction":[{"@type":"SearchAction","target":{"@type":"EntryPoint","urlTemplate":"https:\/\/blogit.gradia.fi\/esimerkki\/?s={search_term_string}"},"query-input":{"@type":"PropertyValueSpecification","valueRequired":true,"valueName":"search_term_string"}}],"inLanguage":"fi"}]}},"uagb_featured_image_src":{"full":false,"thumbnail":false,"medium":false,"medium_large":false,"large":false,"1536x1536":false,"2048x2048":false,"post-thumbnail":false},"uagb_author_info":{"display_name":"pirita","author_link":"https:\/\/blogit.gradia.fi\/esimerkki\/author\/pirita\/"},"uagb_comment_info":0,"uagb_excerpt":"T\u00e4ll\u00e4 sivulla kerrotaan lyhyesti blogin ulkoasun muokkaamisen periaatteet Mukauta-toiminnon kautta. Alasivuilla kerrotaan ulkoasun muokkaamisesta vaiheittain. Kirjaudu blogiisi menem\u00e4ll\u00e4 osoitteeseen blogit.gradia.fi\/bloginnimi. Vaihda kohtaan \u201dbloginnimi\u201d oman blogisi nimi ja kirjaudu sis\u00e4\u00e4n oppilaitostunnuksillasi. Kun olet kirjautunut blogiisi, n\u00e4kyviin avautuu ensin blogin ohjausn\u00e4kym\u00e4. Yl\u00e4reunan valikossa lukee blogisi nimi. Klikkaa sit\u00e4, tai siit\u00e4 avautuvaa \u201cVieraile sivustolla\u201d -kohtaa. P\u00e4\u00e4set blogin\u00e4kym\u00e4\u00e4n ja&hellip;","_links":{"self":[{"href":"https:\/\/blogit.gradia.fi\/esimerkki\/wp-json\/wp\/v2\/pages\/64","targetHints":{"allow":["GET"]}}],"collection":[{"href":"https:\/\/blogit.gradia.fi\/esimerkki\/wp-json\/wp\/v2\/pages"}],"about":[{"href":"https:\/\/blogit.gradia.fi\/esimerkki\/wp-json\/wp\/v2\/types\/page"}],"author":[{"embeddable":true,"href":"https:\/\/blogit.gradia.fi\/esimerkki\/wp-json\/wp\/v2\/users\/9"}],"replies":[{"embeddable":true,"href":"https:\/\/blogit.gradia.fi\/esimerkki\/wp-json\/wp\/v2\/comments?post=64"}],"version-history":[{"count":10,"href":"https:\/\/blogit.gradia.fi\/esimerkki\/wp-json\/wp\/v2\/pages\/64\/revisions"}],"predecessor-version":[{"id":388,"href":"https:\/\/blogit.gradia.fi\/esimerkki\/wp-json\/wp\/v2\/pages\/64\/revisions\/388"}],"wp:attachment":[{"href":"https:\/\/blogit.gradia.fi\/esimerkki\/wp-json\/wp\/v2\/media?parent=64"}],"curies":[{"name":"wp","href":"https:\/\/api.w.org\/{rel}","templated":true}]}}