{"id":60,"date":"2019-01-15T12:09:07","date_gmt":"2019-01-15T10:09:07","guid":{"rendered":"https:\/\/blogit.gradia.fi\/esimerkki\/?page_id=60"},"modified":"2019-01-16T10:13:42","modified_gmt":"2019-01-16T08:13:42","slug":"linkkeja-ja-lisatietoja","status":"publish","type":"page","link":"https:\/\/blogit.gradia.fi\/esimerkki\/linkkeja-ja-lisatietoja\/","title":{"rendered":"Linkkej\u00e4 ja lis\u00e4tietoja"},"content":{"rendered":"\n<p>Lis\u00e4tietoa Gradian blogipalvelusta ja teknisest\u00e4 yll\u00e4pidosta saa Gradia digipalveluista.<br>Ota yhteytt\u00e4: it-palvelu(at)gradia.fi<\/p>\n\n\n\n<p>Blogin nime\u00e4misess\u00e4 ja kuvaustekstin (alaotsikon)  laatimisessa saat  apua Gradian yhteyspalvelusta. Samalla voidaan k\u00e4yd\u00e4 l\u00e4pi hyvi\u00e4  k\u00e4yt\u00e4nteit\u00e4 blogin p\u00e4ivitt\u00e4miseen liittyen.  Ota yhteytt\u00e4:  viestinta(at)gradia.fi<\/p>\n\n\n\n<h2 class=\"wp-block-heading\">Blogiohjeita<\/h2>\n\n\n\n<ul class=\"wp-block-list\"><li><a href=\"https:\/\/viestintapiritta.fi\/7-vinkkia-nain-kirjoitat-hyvan-blogin\/\">Viestint\u00e4-Pirittan 7 vinkk\u00e4 &#8211; N\u00e4in kirjoitat hyv\u00e4n blogin<\/a><\/li><li><a href=\"https:\/\/fi.wikibooks.org\/wiki\/Viisautta_blogin_k%C3%A4ytt%C3%B6%C3%B6n\">Wikikirjasto &#8211; Viisautta blogin k\u00e4ytt\u00f6\u00f6n<\/a><\/li><li><a href=\"https:\/\/verkkolehdet.jamk.fi\/finnish-business-review\/2017\/11\/13\/blogin-rakenne-onnistumisen-edellytys\/\">verkkolehdet.jamk.fi &#8211; Blogin rakenne: onnistumisen edellytys<\/a> <\/li><li><a href=\"https:\/\/verkkolehdet.jamk.fi\/finnish-business-review\/2018\/11\/23\/miten-saat-lukijan-kiinnostumaan-blogista-otsikoinnin-4-perusohjetta\/\">verkkolehdet.jamk.fi &#8211; Miten saat lukijan kiinnostumaan blogista: otsikoinnin 4 perusohjetta?<\/a><\/li><li><\/li><\/ul>\n\n\n\n<h2 class=\"wp-block-heading\">Blogiyhteis\u00f6j\u00e4<\/h2>\n\n\n\n<ul class=\"wp-block-list\"><li><a href=\"https:\/\/www.blogit.fi\/http:\/\/blogit.fi\">blogit.fi &#8211; Suomen blogilista<\/a><\/li><li><a href=\"https:\/\/www.stoori.fi\/\">stoori.fi &#8211; Keskisuomalaisen blogiyhteis\u00f6<\/a><\/li><li><\/li><\/ul>\n\n\n\n<h2 class=\"wp-block-heading\">WordPress-aiheisia sivuja<\/h2>\n\n\n\n<ul class=\"wp-block-list\"><li><a href=\"https:\/\/fi.wordpress.org\/\">wordpress.org<\/a><\/li><li><a href=\"https:\/\/wpopas.fi\/\">WP-opas &#8211; Suomen suurin WordPress-opas<\/a><\/li><li><a href=\"http:\/\/write.flossmanuals.net\/wordpress-suomeksi\/johdanto\/\">FLOSS manuals -WordPress suomeksi<\/a><\/li><li><a href=\"https:\/\/sivustonikkari.fi\/wordpress-kansantajuisesti-ja-helposti\/\">Sivustonikkari &#8211; WordPress kansantajuisesti ja helposti<\/a><\/li><li><a href=\"http:\/\/www.vapaastiverkossa.fi\/oppimateriaalit\/wordpress-ohje\/\">Vapaasti verkossa &#8211; WordPress-ohje<\/a><\/li><li><a href=\"https:\/\/www.aucor.fi\/blogi\/suomen-kattavin-wordpress-kirjoitus\/\">Aucor &#8211; Suomen kattavin WordPress-kirjoitus<\/a><\/li><li><\/li><\/ul>\n","protected":false},"excerpt":{"rendered":"<p>Lis\u00e4tietoa Gradian blogipalvelusta ja teknisest\u00e4 yll\u00e4pidosta saa Gradia digipalveluista.Ota yhteytt\u00e4: it-palvelu(at)gradia.fi Blogin nime\u00e4misess\u00e4 ja kuvaustekstin (alaotsikon) laatimisessa saat apua Gradian yhteyspalvelusta. Samalla voidaan k\u00e4yd\u00e4 l\u00e4pi hyvi\u00e4 k\u00e4yt\u00e4nteit\u00e4 blogin p\u00e4ivitt\u00e4miseen liittyen. Ota yhteytt\u00e4: viestinta(at)gradia.fi Blogiohjeita Viestint\u00e4-Pirittan 7 vinkk\u00e4 &#8211; N\u00e4in kirjoitat hyv\u00e4n blogin Wikikirjasto &#8211; Viisautta blogin k\u00e4ytt\u00f6\u00f6n verkkolehdet.jamk.fi &#8211; Blogin rakenne: onnistumisen edellytys verkkolehdet.jamk.fi &#8211; &hellip; <a href=\"https:\/\/blogit.gradia.fi\/esimerkki\/linkkeja-ja-lisatietoja\/\" class=\"more-link\">Jatka lukemista <span class=\"screen-reader-text\">Linkkej\u00e4 ja lis\u00e4tietoja<\/span> <span class=\"meta-nav\">&rarr;<\/span><\/a><\/p>\n","protected":false},"author":9,"featured_media":0,"parent":0,"menu_order":0,"comment_status":"closed","ping_status":"closed","template":"","meta":{"_uag_custom_page_level_css":"","footnotes":""},"class_list":["post-60","page","type-page","status-publish","hentry"],"yoast_head":"<!-- This site is optimized with the Yoast SEO plugin v27.2 - https:\/\/yoast.com\/product\/yoast-seo-wordpress\/ -->\n<title>Linkkej\u00e4 ja lis\u00e4tietoja - Esimerkki<\/title>\n<meta name=\"robots\" content=\"index, follow, max-snippet:-1, max-image-preview:large, max-video-preview:-1\" \/>\n<link rel=\"canonical\" href=\"https:\/\/blogit.gradia.fi\/esimerkki\/linkkeja-ja-lisatietoja\/\" \/>\n<meta property=\"og:locale\" content=\"fi_FI\" \/>\n<meta property=\"og:type\" content=\"article\" \/>\n<meta property=\"og:title\" content=\"Linkkej\u00e4 ja lis\u00e4tietoja - Esimerkki\" \/>\n<meta property=\"og:description\" content=\"Lis\u00e4tietoa Gradian blogipalvelusta ja teknisest\u00e4 yll\u00e4pidosta saa Gradia digipalveluista.Ota yhteytt\u00e4: it-palvelu(at)gradia.fi Blogin nime\u00e4misess\u00e4 ja kuvaustekstin (alaotsikon) laatimisessa saat apua Gradian yhteyspalvelusta. Samalla voidaan k\u00e4yd\u00e4 l\u00e4pi hyvi\u00e4 k\u00e4yt\u00e4nteit\u00e4 blogin p\u00e4ivitt\u00e4miseen liittyen. Ota yhteytt\u00e4: viestinta(at)gradia.fi Blogiohjeita Viestint\u00e4-Pirittan 7 vinkk\u00e4 &#8211; N\u00e4in kirjoitat hyv\u00e4n blogin Wikikirjasto &#8211; Viisautta blogin k\u00e4ytt\u00f6\u00f6n verkkolehdet.jamk.fi &#8211; Blogin rakenne: onnistumisen edellytys verkkolehdet.jamk.fi &#8211; &hellip; Jatka lukemista Linkkej\u00e4 ja lis\u00e4tietoja &rarr;\" \/>\n<meta property=\"og:url\" content=\"https:\/\/blogit.gradia.fi\/esimerkki\/linkkeja-ja-lisatietoja\/\" \/>\n<meta property=\"og:site_name\" content=\"Esimerkki\" \/>\n<meta property=\"article:modified_time\" content=\"2019-01-16T08:13:42+00:00\" \/>\n<meta name=\"twitter:card\" content=\"summary_large_image\" \/>\n<meta name=\"twitter:label1\" content=\"Arvioitu lukuaika\" \/>\n\t<meta name=\"twitter:data1\" content=\"1 minuutti\" \/>\n<script type=\"application\/ld+json\" class=\"yoast-schema-graph\">{\"@context\":\"https:\/\/schema.org\",\"@graph\":[{\"@type\":\"WebPage\",\"@id\":\"https:\/\/blogit.gradia.fi\/esimerkki\/linkkeja-ja-lisatietoja\/\",\"url\":\"https:\/\/blogit.gradia.fi\/esimerkki\/linkkeja-ja-lisatietoja\/\",\"name\":\"Linkkej\u00e4 ja lis\u00e4tietoja - Esimerkki\",\"isPartOf\":{\"@id\":\"https:\/\/blogit.gradia.fi\/esimerkki\/#website\"},\"datePublished\":\"2019-01-15T10:09:07+00:00\",\"dateModified\":\"2019-01-16T08:13:42+00:00\",\"breadcrumb\":{\"@id\":\"https:\/\/blogit.gradia.fi\/esimerkki\/linkkeja-ja-lisatietoja\/#breadcrumb\"},\"inLanguage\":\"fi\",\"potentialAction\":[{\"@type\":\"ReadAction\",\"target\":[\"https:\/\/blogit.gradia.fi\/esimerkki\/linkkeja-ja-lisatietoja\/\"]}]},{\"@type\":\"BreadcrumbList\",\"@id\":\"https:\/\/blogit.gradia.fi\/esimerkki\/linkkeja-ja-lisatietoja\/#breadcrumb\",\"itemListElement\":[{\"@type\":\"ListItem\",\"position\":1,\"name\":\"Home\",\"item\":\"https:\/\/blogit.gradia.fi\/esimerkki\/\"},{\"@type\":\"ListItem\",\"position\":2,\"name\":\"Linkkej\u00e4 ja lis\u00e4tietoja\"}]},{\"@type\":\"WebSite\",\"@id\":\"https:\/\/blogit.gradia.fi\/esimerkki\/#website\",\"url\":\"https:\/\/blogit.gradia.fi\/esimerkki\/\",\"name\":\"Esimerkki\",\"description\":\"Gradian blogiohjesivusto\",\"potentialAction\":[{\"@type\":\"SearchAction\",\"target\":{\"@type\":\"EntryPoint\",\"urlTemplate\":\"https:\/\/blogit.gradia.fi\/esimerkki\/?s={search_term_string}\"},\"query-input\":{\"@type\":\"PropertyValueSpecification\",\"valueRequired\":true,\"valueName\":\"search_term_string\"}}],\"inLanguage\":\"fi\"}]}<\/script>\n<!-- \/ Yoast SEO plugin. -->","yoast_head_json":{"title":"Linkkej\u00e4 ja lis\u00e4tietoja - Esimerkki","robots":{"index":"index","follow":"follow","max-snippet":"max-snippet:-1","max-image-preview":"max-image-preview:large","max-video-preview":"max-video-preview:-1"},"canonical":"https:\/\/blogit.gradia.fi\/esimerkki\/linkkeja-ja-lisatietoja\/","og_locale":"fi_FI","og_type":"article","og_title":"Linkkej\u00e4 ja lis\u00e4tietoja - Esimerkki","og_description":"Lis\u00e4tietoa Gradian blogipalvelusta ja teknisest\u00e4 yll\u00e4pidosta saa Gradia digipalveluista.Ota yhteytt\u00e4: it-palvelu(at)gradia.fi Blogin nime\u00e4misess\u00e4 ja kuvaustekstin (alaotsikon) laatimisessa saat apua Gradian yhteyspalvelusta. Samalla voidaan k\u00e4yd\u00e4 l\u00e4pi hyvi\u00e4 k\u00e4yt\u00e4nteit\u00e4 blogin p\u00e4ivitt\u00e4miseen liittyen. Ota yhteytt\u00e4: viestinta(at)gradia.fi Blogiohjeita Viestint\u00e4-Pirittan 7 vinkk\u00e4 &#8211; N\u00e4in kirjoitat hyv\u00e4n blogin Wikikirjasto &#8211; Viisautta blogin k\u00e4ytt\u00f6\u00f6n verkkolehdet.jamk.fi &#8211; Blogin rakenne: onnistumisen edellytys verkkolehdet.jamk.fi &#8211; &hellip; Jatka lukemista Linkkej\u00e4 ja lis\u00e4tietoja &rarr;","og_url":"https:\/\/blogit.gradia.fi\/esimerkki\/linkkeja-ja-lisatietoja\/","og_site_name":"Esimerkki","article_modified_time":"2019-01-16T08:13:42+00:00","twitter_card":"summary_large_image","twitter_misc":{"Arvioitu lukuaika":"1 minuutti"},"schema":{"@context":"https:\/\/schema.org","@graph":[{"@type":"WebPage","@id":"https:\/\/blogit.gradia.fi\/esimerkki\/linkkeja-ja-lisatietoja\/","url":"https:\/\/blogit.gradia.fi\/esimerkki\/linkkeja-ja-lisatietoja\/","name":"Linkkej\u00e4 ja lis\u00e4tietoja - Esimerkki","isPartOf":{"@id":"https:\/\/blogit.gradia.fi\/esimerkki\/#website"},"datePublished":"2019-01-15T10:09:07+00:00","dateModified":"2019-01-16T08:13:42+00:00","breadcrumb":{"@id":"https:\/\/blogit.gradia.fi\/esimerkki\/linkkeja-ja-lisatietoja\/#breadcrumb"},"inLanguage":"fi","potentialAction":[{"@type":"ReadAction","target":["https:\/\/blogit.gradia.fi\/esimerkki\/linkkeja-ja-lisatietoja\/"]}]},{"@type":"BreadcrumbList","@id":"https:\/\/blogit.gradia.fi\/esimerkki\/linkkeja-ja-lisatietoja\/#breadcrumb","itemListElement":[{"@type":"ListItem","position":1,"name":"Home","item":"https:\/\/blogit.gradia.fi\/esimerkki\/"},{"@type":"ListItem","position":2,"name":"Linkkej\u00e4 ja lis\u00e4tietoja"}]},{"@type":"WebSite","@id":"https:\/\/blogit.gradia.fi\/esimerkki\/#website","url":"https:\/\/blogit.gradia.fi\/esimerkki\/","name":"Esimerkki","description":"Gradian blogiohjesivusto","potentialAction":[{"@type":"SearchAction","target":{"@type":"EntryPoint","urlTemplate":"https:\/\/blogit.gradia.fi\/esimerkki\/?s={search_term_string}"},"query-input":{"@type":"PropertyValueSpecification","valueRequired":true,"valueName":"search_term_string"}}],"inLanguage":"fi"}]}},"uagb_featured_image_src":{"full":false,"thumbnail":false,"medium":false,"medium_large":false,"large":false,"1536x1536":false,"2048x2048":false,"post-thumbnail":false},"uagb_author_info":{"display_name":"pirita","author_link":"https:\/\/blogit.gradia.fi\/esimerkki\/author\/pirita\/"},"uagb_comment_info":0,"uagb_excerpt":"Lis\u00e4tietoa Gradian blogipalvelusta ja teknisest\u00e4 yll\u00e4pidosta saa Gradia digipalveluista.Ota yhteytt\u00e4: it-palvelu(at)gradia.fi Blogin nime\u00e4misess\u00e4 ja kuvaustekstin (alaotsikon) laatimisessa saat apua Gradian yhteyspalvelusta. Samalla voidaan k\u00e4yd\u00e4 l\u00e4pi hyvi\u00e4 k\u00e4yt\u00e4nteit\u00e4 blogin p\u00e4ivitt\u00e4miseen liittyen. Ota yhteytt\u00e4: viestinta(at)gradia.fi Blogiohjeita Viestint\u00e4-Pirittan 7 vinkk\u00e4 &#8211; N\u00e4in kirjoitat hyv\u00e4n blogin Wikikirjasto &#8211; Viisautta blogin k\u00e4ytt\u00f6\u00f6n verkkolehdet.jamk.fi &#8211; Blogin rakenne: onnistumisen edellytys verkkolehdet.jamk.fi &#8211;&hellip;","_links":{"self":[{"href":"https:\/\/blogit.gradia.fi\/esimerkki\/wp-json\/wp\/v2\/pages\/60","targetHints":{"allow":["GET"]}}],"collection":[{"href":"https:\/\/blogit.gradia.fi\/esimerkki\/wp-json\/wp\/v2\/pages"}],"about":[{"href":"https:\/\/blogit.gradia.fi\/esimerkki\/wp-json\/wp\/v2\/types\/page"}],"author":[{"embeddable":true,"href":"https:\/\/blogit.gradia.fi\/esimerkki\/wp-json\/wp\/v2\/users\/9"}],"replies":[{"embeddable":true,"href":"https:\/\/blogit.gradia.fi\/esimerkki\/wp-json\/wp\/v2\/comments?post=60"}],"version-history":[{"count":5,"href":"https:\/\/blogit.gradia.fi\/esimerkki\/wp-json\/wp\/v2\/pages\/60\/revisions"}],"predecessor-version":[{"id":114,"href":"https:\/\/blogit.gradia.fi\/esimerkki\/wp-json\/wp\/v2\/pages\/60\/revisions\/114"}],"wp:attachment":[{"href":"https:\/\/blogit.gradia.fi\/esimerkki\/wp-json\/wp\/v2\/media?parent=60"}],"curies":[{"name":"wp","href":"https:\/\/api.w.org\/{rel}","templated":true}]}}