{"id":54,"date":"2019-01-15T12:05:42","date_gmt":"2019-01-15T10:05:42","guid":{"rendered":"https:\/\/blogit.gradia.fi\/esimerkki\/?page_id=54"},"modified":"2019-01-22T13:03:05","modified_gmt":"2019-01-22T11:03:05","slug":"artikkelin-muokkaus","status":"publish","type":"page","link":"https:\/\/blogit.gradia.fi\/esimerkki\/artikkelin-muokkaus\/","title":{"rendered":"Artikkelit ja sivut"},"content":{"rendered":"\n<p>Blogissa voi olla sek\u00e4 artikkeleita ett\u00e4 sivuja. Artikkelilla tarkoitetaan tavallista blogikirjoitusta. Artikkelit n\u00e4kyv\u00e4t blogisy\u00f6tteess\u00e4 aikaj\u00e4rjestyksess\u00e4, uusimmasta vanhimpaan. <\/p>\n\n\n\n<p>Blogiin voi luoda sis\u00e4lt\u00f6\u00e4 my\u00f6s sivuina. Esimerkiksi t\u00e4ss\u00e4 Esimerkki-blogissa l\u00e4hes kaikki sis\u00e4lt\u00f6 on sivuina. Sivut pysyv\u00e4t paikoillaan julkaisuajankohdasta riippumatta. T\u00e4ss\u00e4 blogissa ohjeisiin voisi siis lis\u00e4t\u00e4 uuden sivun tarvittavaan kohtaan vaikka kahden sivun v\u00e4liin. Saman sis\u00e4ll\u00f6n tuominen artikkelina n\u00e4ytt\u00e4isi sen  sy\u00f6tteess\u00e4 blogikirjoitusten k\u00e4rjess\u00e4. <\/p>\n\n\n\n<p>Artikkelit ja sivut voivat n\u00e4ytt\u00e4\u00e4 h\u00e4m\u00e4\u00e4v\u00e4sti hyvin samanlaisilta, mutta niiss\u00e4 on joitakin eroja, joita k\u00e4sitell\u00e4\u00e4n <a href=\"https:\/\/blogit.gradia.fi\/esimerkki\/artikkelin-ja-sivun-erot\/\">seuraavalla sivulla<\/a>. <\/p>\n","protected":false},"excerpt":{"rendered":"<p>Blogissa voi olla sek\u00e4 artikkeleita ett\u00e4 sivuja. Artikkelilla tarkoitetaan tavallista blogikirjoitusta. Artikkelit n\u00e4kyv\u00e4t blogisy\u00f6tteess\u00e4 aikaj\u00e4rjestyksess\u00e4, uusimmasta vanhimpaan. Blogiin voi luoda sis\u00e4lt\u00f6\u00e4 my\u00f6s sivuina. Esimerkiksi t\u00e4ss\u00e4 Esimerkki-blogissa l\u00e4hes kaikki sis\u00e4lt\u00f6 on sivuina. Sivut pysyv\u00e4t paikoillaan julkaisuajankohdasta riippumatta. T\u00e4ss\u00e4 blogissa ohjeisiin voisi siis lis\u00e4t\u00e4 uuden sivun tarvittavaan kohtaan vaikka kahden sivun v\u00e4liin. Saman sis\u00e4ll\u00f6n tuominen artikkelina n\u00e4ytt\u00e4isi &hellip; <a href=\"https:\/\/blogit.gradia.fi\/esimerkki\/artikkelin-muokkaus\/\" class=\"more-link\">Jatka lukemista <span class=\"screen-reader-text\">Artikkelit ja sivut<\/span> <span class=\"meta-nav\">&rarr;<\/span><\/a><\/p>\n","protected":false},"author":9,"featured_media":0,"parent":0,"menu_order":0,"comment_status":"closed","ping_status":"closed","template":"","meta":{"_uag_custom_page_level_css":"","footnotes":""},"class_list":["post-54","page","type-page","status-publish","hentry"],"yoast_head":"<!-- This site is optimized with the Yoast SEO plugin v27.2 - https:\/\/yoast.com\/product\/yoast-seo-wordpress\/ -->\n<title>Artikkelit ja sivut - Esimerkki<\/title>\n<meta name=\"robots\" content=\"index, follow, max-snippet:-1, max-image-preview:large, max-video-preview:-1\" \/>\n<link rel=\"canonical\" href=\"https:\/\/blogit.gradia.fi\/esimerkki\/artikkelin-muokkaus\/\" \/>\n<meta property=\"og:locale\" content=\"fi_FI\" \/>\n<meta property=\"og:type\" content=\"article\" \/>\n<meta property=\"og:title\" content=\"Artikkelit ja sivut - Esimerkki\" \/>\n<meta property=\"og:description\" content=\"Blogissa voi olla sek\u00e4 artikkeleita ett\u00e4 sivuja. Artikkelilla tarkoitetaan tavallista blogikirjoitusta. Artikkelit n\u00e4kyv\u00e4t blogisy\u00f6tteess\u00e4 aikaj\u00e4rjestyksess\u00e4, uusimmasta vanhimpaan. Blogiin voi luoda sis\u00e4lt\u00f6\u00e4 my\u00f6s sivuina. Esimerkiksi t\u00e4ss\u00e4 Esimerkki-blogissa l\u00e4hes kaikki sis\u00e4lt\u00f6 on sivuina. Sivut pysyv\u00e4t paikoillaan julkaisuajankohdasta riippumatta. T\u00e4ss\u00e4 blogissa ohjeisiin voisi siis lis\u00e4t\u00e4 uuden sivun tarvittavaan kohtaan vaikka kahden sivun v\u00e4liin. Saman sis\u00e4ll\u00f6n tuominen artikkelina n\u00e4ytt\u00e4isi &hellip; Jatka lukemista Artikkelit ja sivut &rarr;\" \/>\n<meta property=\"og:url\" content=\"https:\/\/blogit.gradia.fi\/esimerkki\/artikkelin-muokkaus\/\" \/>\n<meta property=\"og:site_name\" content=\"Esimerkki\" \/>\n<meta property=\"article:modified_time\" content=\"2019-01-22T11:03:05+00:00\" \/>\n<meta name=\"twitter:card\" content=\"summary_large_image\" \/>\n<meta name=\"twitter:label1\" content=\"Arvioitu lukuaika\" \/>\n\t<meta name=\"twitter:data1\" content=\"1 minuutti\" \/>\n<script type=\"application\/ld+json\" class=\"yoast-schema-graph\">{\"@context\":\"https:\/\/schema.org\",\"@graph\":[{\"@type\":\"WebPage\",\"@id\":\"https:\/\/blogit.gradia.fi\/esimerkki\/artikkelin-muokkaus\/\",\"url\":\"https:\/\/blogit.gradia.fi\/esimerkki\/artikkelin-muokkaus\/\",\"name\":\"Artikkelit ja sivut - Esimerkki\",\"isPartOf\":{\"@id\":\"https:\/\/blogit.gradia.fi\/esimerkki\/#website\"},\"datePublished\":\"2019-01-15T10:05:42+00:00\",\"dateModified\":\"2019-01-22T11:03:05+00:00\",\"breadcrumb\":{\"@id\":\"https:\/\/blogit.gradia.fi\/esimerkki\/artikkelin-muokkaus\/#breadcrumb\"},\"inLanguage\":\"fi\",\"potentialAction\":[{\"@type\":\"ReadAction\",\"target\":[\"https:\/\/blogit.gradia.fi\/esimerkki\/artikkelin-muokkaus\/\"]}]},{\"@type\":\"BreadcrumbList\",\"@id\":\"https:\/\/blogit.gradia.fi\/esimerkki\/artikkelin-muokkaus\/#breadcrumb\",\"itemListElement\":[{\"@type\":\"ListItem\",\"position\":1,\"name\":\"Home\",\"item\":\"https:\/\/blogit.gradia.fi\/esimerkki\/\"},{\"@type\":\"ListItem\",\"position\":2,\"name\":\"Artikkelit ja sivut\"}]},{\"@type\":\"WebSite\",\"@id\":\"https:\/\/blogit.gradia.fi\/esimerkki\/#website\",\"url\":\"https:\/\/blogit.gradia.fi\/esimerkki\/\",\"name\":\"Esimerkki\",\"description\":\"Gradian blogiohjesivusto\",\"potentialAction\":[{\"@type\":\"SearchAction\",\"target\":{\"@type\":\"EntryPoint\",\"urlTemplate\":\"https:\/\/blogit.gradia.fi\/esimerkki\/?s={search_term_string}\"},\"query-input\":{\"@type\":\"PropertyValueSpecification\",\"valueRequired\":true,\"valueName\":\"search_term_string\"}}],\"inLanguage\":\"fi\"}]}<\/script>\n<!-- \/ Yoast SEO plugin. -->","yoast_head_json":{"title":"Artikkelit ja sivut - Esimerkki","robots":{"index":"index","follow":"follow","max-snippet":"max-snippet:-1","max-image-preview":"max-image-preview:large","max-video-preview":"max-video-preview:-1"},"canonical":"https:\/\/blogit.gradia.fi\/esimerkki\/artikkelin-muokkaus\/","og_locale":"fi_FI","og_type":"article","og_title":"Artikkelit ja sivut - Esimerkki","og_description":"Blogissa voi olla sek\u00e4 artikkeleita ett\u00e4 sivuja. Artikkelilla tarkoitetaan tavallista blogikirjoitusta. Artikkelit n\u00e4kyv\u00e4t blogisy\u00f6tteess\u00e4 aikaj\u00e4rjestyksess\u00e4, uusimmasta vanhimpaan. Blogiin voi luoda sis\u00e4lt\u00f6\u00e4 my\u00f6s sivuina. Esimerkiksi t\u00e4ss\u00e4 Esimerkki-blogissa l\u00e4hes kaikki sis\u00e4lt\u00f6 on sivuina. Sivut pysyv\u00e4t paikoillaan julkaisuajankohdasta riippumatta. T\u00e4ss\u00e4 blogissa ohjeisiin voisi siis lis\u00e4t\u00e4 uuden sivun tarvittavaan kohtaan vaikka kahden sivun v\u00e4liin. Saman sis\u00e4ll\u00f6n tuominen artikkelina n\u00e4ytt\u00e4isi &hellip; Jatka lukemista Artikkelit ja sivut &rarr;","og_url":"https:\/\/blogit.gradia.fi\/esimerkki\/artikkelin-muokkaus\/","og_site_name":"Esimerkki","article_modified_time":"2019-01-22T11:03:05+00:00","twitter_card":"summary_large_image","twitter_misc":{"Arvioitu lukuaika":"1 minuutti"},"schema":{"@context":"https:\/\/schema.org","@graph":[{"@type":"WebPage","@id":"https:\/\/blogit.gradia.fi\/esimerkki\/artikkelin-muokkaus\/","url":"https:\/\/blogit.gradia.fi\/esimerkki\/artikkelin-muokkaus\/","name":"Artikkelit ja sivut - Esimerkki","isPartOf":{"@id":"https:\/\/blogit.gradia.fi\/esimerkki\/#website"},"datePublished":"2019-01-15T10:05:42+00:00","dateModified":"2019-01-22T11:03:05+00:00","breadcrumb":{"@id":"https:\/\/blogit.gradia.fi\/esimerkki\/artikkelin-muokkaus\/#breadcrumb"},"inLanguage":"fi","potentialAction":[{"@type":"ReadAction","target":["https:\/\/blogit.gradia.fi\/esimerkki\/artikkelin-muokkaus\/"]}]},{"@type":"BreadcrumbList","@id":"https:\/\/blogit.gradia.fi\/esimerkki\/artikkelin-muokkaus\/#breadcrumb","itemListElement":[{"@type":"ListItem","position":1,"name":"Home","item":"https:\/\/blogit.gradia.fi\/esimerkki\/"},{"@type":"ListItem","position":2,"name":"Artikkelit ja sivut"}]},{"@type":"WebSite","@id":"https:\/\/blogit.gradia.fi\/esimerkki\/#website","url":"https:\/\/blogit.gradia.fi\/esimerkki\/","name":"Esimerkki","description":"Gradian blogiohjesivusto","potentialAction":[{"@type":"SearchAction","target":{"@type":"EntryPoint","urlTemplate":"https:\/\/blogit.gradia.fi\/esimerkki\/?s={search_term_string}"},"query-input":{"@type":"PropertyValueSpecification","valueRequired":true,"valueName":"search_term_string"}}],"inLanguage":"fi"}]}},"uagb_featured_image_src":{"full":false,"thumbnail":false,"medium":false,"medium_large":false,"large":false,"1536x1536":false,"2048x2048":false,"post-thumbnail":false},"uagb_author_info":{"display_name":"pirita","author_link":"https:\/\/blogit.gradia.fi\/esimerkki\/author\/pirita\/"},"uagb_comment_info":0,"uagb_excerpt":"Blogissa voi olla sek\u00e4 artikkeleita ett\u00e4 sivuja. Artikkelilla tarkoitetaan tavallista blogikirjoitusta. Artikkelit n\u00e4kyv\u00e4t blogisy\u00f6tteess\u00e4 aikaj\u00e4rjestyksess\u00e4, uusimmasta vanhimpaan. Blogiin voi luoda sis\u00e4lt\u00f6\u00e4 my\u00f6s sivuina. Esimerkiksi t\u00e4ss\u00e4 Esimerkki-blogissa l\u00e4hes kaikki sis\u00e4lt\u00f6 on sivuina. Sivut pysyv\u00e4t paikoillaan julkaisuajankohdasta riippumatta. T\u00e4ss\u00e4 blogissa ohjeisiin voisi siis lis\u00e4t\u00e4 uuden sivun tarvittavaan kohtaan vaikka kahden sivun v\u00e4liin. Saman sis\u00e4ll\u00f6n tuominen artikkelina n\u00e4ytt\u00e4isi&hellip;","_links":{"self":[{"href":"https:\/\/blogit.gradia.fi\/esimerkki\/wp-json\/wp\/v2\/pages\/54","targetHints":{"allow":["GET"]}}],"collection":[{"href":"https:\/\/blogit.gradia.fi\/esimerkki\/wp-json\/wp\/v2\/pages"}],"about":[{"href":"https:\/\/blogit.gradia.fi\/esimerkki\/wp-json\/wp\/v2\/types\/page"}],"author":[{"embeddable":true,"href":"https:\/\/blogit.gradia.fi\/esimerkki\/wp-json\/wp\/v2\/users\/9"}],"replies":[{"embeddable":true,"href":"https:\/\/blogit.gradia.fi\/esimerkki\/wp-json\/wp\/v2\/comments?post=54"}],"version-history":[{"count":7,"href":"https:\/\/blogit.gradia.fi\/esimerkki\/wp-json\/wp\/v2\/pages\/54\/revisions"}],"predecessor-version":[{"id":365,"href":"https:\/\/blogit.gradia.fi\/esimerkki\/wp-json\/wp\/v2\/pages\/54\/revisions\/365"}],"wp:attachment":[{"href":"https:\/\/blogit.gradia.fi\/esimerkki\/wp-json\/wp\/v2\/media?parent=54"}],"curies":[{"name":"wp","href":"https:\/\/api.w.org\/{rel}","templated":true}]}}