{"id":214,"date":"2019-01-17T10:00:06","date_gmt":"2019-01-17T08:00:06","guid":{"rendered":"https:\/\/blogit.gradia.fi\/esimerkki\/?page_id=214"},"modified":"2019-01-18T14:45:06","modified_gmt":"2019-01-18T12:45:06","slug":"profiilitietojen-muokkaus","status":"publish","type":"page","link":"https:\/\/blogit.gradia.fi\/esimerkki\/profiilitietojen-muokkaus\/","title":{"rendered":"Profiilitietojen muokkaus"},"content":{"rendered":"\n<p>Valitse ohjausvalikosta kohta \u201dK\u00e4ytt\u00e4j\u00e4t \u2013 Omat tietosi\u201d  tai oikeasta yl\u00e4reunasta \u201dTervehdys, xxx \u2013 Muokkaa omaa profiilia\u201d. Samasta paikasta l\u00f6ytyy my\u00f6s &#8221;Kirjaudu ulos&#8221;.<\/p>\n\n\n\n<figure class=\"wp-block-image\"><img loading=\"lazy\" decoding=\"async\" width=\"1026\" height=\"892\" src=\"https:\/\/blogit.gradia.fi\/esimerkki\/wp-content\/uploads\/sites\/15\/2019\/01\/profiili_tyhja.png\" alt=\"Kuvakaappaus profiilitietojen muuttamissivusta.\" class=\"wp-image-319\" \/><\/figure>\n\n\n\n<p>Osa tiedoista tulee blogipalvelusta valmiina, mutta joitakin kohtia voit muuttaa,  esim.  lempinimesi, joka n\u00e4kyy tekem\u00e4si  artikkelitekstin yhteydess\u00e4. Valitse \u201dLempinimi (pakollinen)\u201d ja muuta  se haluamaksesi. Voit kirjoittaa v\u00e4h\u00e4n el\u00e4m\u00e4kerrallisia tietoja itsest\u00e4si, lis\u00e4t\u00e4 profiilikuvan ja vaihtaa salasanan. Tee haluamasi muutokset ja valitse sivun alalaidassa \u201dP\u00e4ivit\u00e4  k\u00e4ytt\u00e4j\u00e4tiedot\u201d.<\/p>\n","protected":false},"excerpt":{"rendered":"<p>Valitse ohjausvalikosta kohta \u201dK\u00e4ytt\u00e4j\u00e4t \u2013 Omat tietosi\u201d tai oikeasta yl\u00e4reunasta \u201dTervehdys, xxx \u2013 Muokkaa omaa profiilia\u201d. Samasta paikasta l\u00f6ytyy my\u00f6s &#8221;Kirjaudu ulos&#8221;. Osa tiedoista tulee blogipalvelusta valmiina, mutta joitakin kohtia voit muuttaa, esim. lempinimesi, joka n\u00e4kyy tekem\u00e4si artikkelitekstin yhteydess\u00e4. Valitse \u201dLempinimi (pakollinen)\u201d ja muuta se haluamaksesi. Voit kirjoittaa v\u00e4h\u00e4n el\u00e4m\u00e4kerrallisia tietoja itsest\u00e4si, lis\u00e4t\u00e4 profiilikuvan ja &hellip; <a href=\"https:\/\/blogit.gradia.fi\/esimerkki\/profiilitietojen-muokkaus\/\" class=\"more-link\">Jatka lukemista <span class=\"screen-reader-text\">Profiilitietojen muokkaus<\/span> <span class=\"meta-nav\">&rarr;<\/span><\/a><\/p>\n","protected":false},"author":9,"featured_media":0,"parent":0,"menu_order":0,"comment_status":"closed","ping_status":"closed","template":"","meta":{"_uag_custom_page_level_css":"","footnotes":""},"class_list":["post-214","page","type-page","status-publish","hentry"],"yoast_head":"<!-- This site is optimized with the Yoast SEO plugin v27.2 - https:\/\/yoast.com\/product\/yoast-seo-wordpress\/ -->\n<title>Profiilitietojen muokkaus - Esimerkki<\/title>\n<meta name=\"robots\" content=\"index, follow, max-snippet:-1, max-image-preview:large, max-video-preview:-1\" \/>\n<link rel=\"canonical\" href=\"https:\/\/blogit.gradia.fi\/esimerkki\/profiilitietojen-muokkaus\/\" \/>\n<meta property=\"og:locale\" content=\"fi_FI\" \/>\n<meta property=\"og:type\" content=\"article\" \/>\n<meta property=\"og:title\" content=\"Profiilitietojen muokkaus - Esimerkki\" \/>\n<meta property=\"og:description\" content=\"Valitse ohjausvalikosta kohta \u201dK\u00e4ytt\u00e4j\u00e4t \u2013 Omat tietosi\u201d tai oikeasta yl\u00e4reunasta \u201dTervehdys, xxx \u2013 Muokkaa omaa profiilia\u201d. Samasta paikasta l\u00f6ytyy my\u00f6s &#8221;Kirjaudu ulos&#8221;. Osa tiedoista tulee blogipalvelusta valmiina, mutta joitakin kohtia voit muuttaa, esim. lempinimesi, joka n\u00e4kyy tekem\u00e4si artikkelitekstin yhteydess\u00e4. Valitse \u201dLempinimi (pakollinen)\u201d ja muuta se haluamaksesi. Voit kirjoittaa v\u00e4h\u00e4n el\u00e4m\u00e4kerrallisia tietoja itsest\u00e4si, lis\u00e4t\u00e4 profiilikuvan ja &hellip; Jatka lukemista Profiilitietojen muokkaus &rarr;\" \/>\n<meta property=\"og:url\" content=\"https:\/\/blogit.gradia.fi\/esimerkki\/profiilitietojen-muokkaus\/\" \/>\n<meta property=\"og:site_name\" content=\"Esimerkki\" \/>\n<meta property=\"article:modified_time\" content=\"2019-01-18T12:45:06+00:00\" \/>\n<meta property=\"og:image\" content=\"https:\/\/blogit.gradia.fi\/esimerkki\/wp-content\/uploads\/sites\/15\/2019\/01\/profiili_tyhja.png\" \/>\n<meta name=\"twitter:card\" content=\"summary_large_image\" \/>\n<script type=\"application\/ld+json\" class=\"yoast-schema-graph\">{\"@context\":\"https:\/\/schema.org\",\"@graph\":[{\"@type\":\"WebPage\",\"@id\":\"https:\/\/blogit.gradia.fi\/esimerkki\/profiilitietojen-muokkaus\/\",\"url\":\"https:\/\/blogit.gradia.fi\/esimerkki\/profiilitietojen-muokkaus\/\",\"name\":\"Profiilitietojen muokkaus - Esimerkki\",\"isPartOf\":{\"@id\":\"https:\/\/blogit.gradia.fi\/esimerkki\/#website\"},\"primaryImageOfPage\":{\"@id\":\"https:\/\/blogit.gradia.fi\/esimerkki\/profiilitietojen-muokkaus\/#primaryimage\"},\"image\":{\"@id\":\"https:\/\/blogit.gradia.fi\/esimerkki\/profiilitietojen-muokkaus\/#primaryimage\"},\"thumbnailUrl\":\"https:\/\/blogit.gradia.fi\/esimerkki\/wp-content\/uploads\/sites\/15\/2019\/01\/profiili_tyhja.png\",\"datePublished\":\"2019-01-17T08:00:06+00:00\",\"dateModified\":\"2019-01-18T12:45:06+00:00\",\"breadcrumb\":{\"@id\":\"https:\/\/blogit.gradia.fi\/esimerkki\/profiilitietojen-muokkaus\/#breadcrumb\"},\"inLanguage\":\"fi\",\"potentialAction\":[{\"@type\":\"ReadAction\",\"target\":[\"https:\/\/blogit.gradia.fi\/esimerkki\/profiilitietojen-muokkaus\/\"]}]},{\"@type\":\"ImageObject\",\"inLanguage\":\"fi\",\"@id\":\"https:\/\/blogit.gradia.fi\/esimerkki\/profiilitietojen-muokkaus\/#primaryimage\",\"url\":\"https:\/\/blogit.gradia.fi\/esimerkki\/wp-content\/uploads\/sites\/15\/2019\/01\/profiili_tyhja.png\",\"contentUrl\":\"https:\/\/blogit.gradia.fi\/esimerkki\/wp-content\/uploads\/sites\/15\/2019\/01\/profiili_tyhja.png\",\"width\":1026,\"height\":892},{\"@type\":\"BreadcrumbList\",\"@id\":\"https:\/\/blogit.gradia.fi\/esimerkki\/profiilitietojen-muokkaus\/#breadcrumb\",\"itemListElement\":[{\"@type\":\"ListItem\",\"position\":1,\"name\":\"Home\",\"item\":\"https:\/\/blogit.gradia.fi\/esimerkki\/\"},{\"@type\":\"ListItem\",\"position\":2,\"name\":\"Profiilitietojen muokkaus\"}]},{\"@type\":\"WebSite\",\"@id\":\"https:\/\/blogit.gradia.fi\/esimerkki\/#website\",\"url\":\"https:\/\/blogit.gradia.fi\/esimerkki\/\",\"name\":\"Esimerkki\",\"description\":\"Gradian blogiohjesivusto\",\"potentialAction\":[{\"@type\":\"SearchAction\",\"target\":{\"@type\":\"EntryPoint\",\"urlTemplate\":\"https:\/\/blogit.gradia.fi\/esimerkki\/?s={search_term_string}\"},\"query-input\":{\"@type\":\"PropertyValueSpecification\",\"valueRequired\":true,\"valueName\":\"search_term_string\"}}],\"inLanguage\":\"fi\"}]}<\/script>\n<!-- \/ Yoast SEO plugin. -->","yoast_head_json":{"title":"Profiilitietojen muokkaus - Esimerkki","robots":{"index":"index","follow":"follow","max-snippet":"max-snippet:-1","max-image-preview":"max-image-preview:large","max-video-preview":"max-video-preview:-1"},"canonical":"https:\/\/blogit.gradia.fi\/esimerkki\/profiilitietojen-muokkaus\/","og_locale":"fi_FI","og_type":"article","og_title":"Profiilitietojen muokkaus - Esimerkki","og_description":"Valitse ohjausvalikosta kohta \u201dK\u00e4ytt\u00e4j\u00e4t \u2013 Omat tietosi\u201d tai oikeasta yl\u00e4reunasta \u201dTervehdys, xxx \u2013 Muokkaa omaa profiilia\u201d. Samasta paikasta l\u00f6ytyy my\u00f6s &#8221;Kirjaudu ulos&#8221;. Osa tiedoista tulee blogipalvelusta valmiina, mutta joitakin kohtia voit muuttaa, esim. lempinimesi, joka n\u00e4kyy tekem\u00e4si artikkelitekstin yhteydess\u00e4. Valitse \u201dLempinimi (pakollinen)\u201d ja muuta se haluamaksesi. Voit kirjoittaa v\u00e4h\u00e4n el\u00e4m\u00e4kerrallisia tietoja itsest\u00e4si, lis\u00e4t\u00e4 profiilikuvan ja &hellip; Jatka lukemista Profiilitietojen muokkaus &rarr;","og_url":"https:\/\/blogit.gradia.fi\/esimerkki\/profiilitietojen-muokkaus\/","og_site_name":"Esimerkki","article_modified_time":"2019-01-18T12:45:06+00:00","og_image":[{"url":"https:\/\/blogit.gradia.fi\/esimerkki\/wp-content\/uploads\/sites\/15\/2019\/01\/profiili_tyhja.png","type":"","width":"","height":""}],"twitter_card":"summary_large_image","schema":{"@context":"https:\/\/schema.org","@graph":[{"@type":"WebPage","@id":"https:\/\/blogit.gradia.fi\/esimerkki\/profiilitietojen-muokkaus\/","url":"https:\/\/blogit.gradia.fi\/esimerkki\/profiilitietojen-muokkaus\/","name":"Profiilitietojen muokkaus - Esimerkki","isPartOf":{"@id":"https:\/\/blogit.gradia.fi\/esimerkki\/#website"},"primaryImageOfPage":{"@id":"https:\/\/blogit.gradia.fi\/esimerkki\/profiilitietojen-muokkaus\/#primaryimage"},"image":{"@id":"https:\/\/blogit.gradia.fi\/esimerkki\/profiilitietojen-muokkaus\/#primaryimage"},"thumbnailUrl":"https:\/\/blogit.gradia.fi\/esimerkki\/wp-content\/uploads\/sites\/15\/2019\/01\/profiili_tyhja.png","datePublished":"2019-01-17T08:00:06+00:00","dateModified":"2019-01-18T12:45:06+00:00","breadcrumb":{"@id":"https:\/\/blogit.gradia.fi\/esimerkki\/profiilitietojen-muokkaus\/#breadcrumb"},"inLanguage":"fi","potentialAction":[{"@type":"ReadAction","target":["https:\/\/blogit.gradia.fi\/esimerkki\/profiilitietojen-muokkaus\/"]}]},{"@type":"ImageObject","inLanguage":"fi","@id":"https:\/\/blogit.gradia.fi\/esimerkki\/profiilitietojen-muokkaus\/#primaryimage","url":"https:\/\/blogit.gradia.fi\/esimerkki\/wp-content\/uploads\/sites\/15\/2019\/01\/profiili_tyhja.png","contentUrl":"https:\/\/blogit.gradia.fi\/esimerkki\/wp-content\/uploads\/sites\/15\/2019\/01\/profiili_tyhja.png","width":1026,"height":892},{"@type":"BreadcrumbList","@id":"https:\/\/blogit.gradia.fi\/esimerkki\/profiilitietojen-muokkaus\/#breadcrumb","itemListElement":[{"@type":"ListItem","position":1,"name":"Home","item":"https:\/\/blogit.gradia.fi\/esimerkki\/"},{"@type":"ListItem","position":2,"name":"Profiilitietojen muokkaus"}]},{"@type":"WebSite","@id":"https:\/\/blogit.gradia.fi\/esimerkki\/#website","url":"https:\/\/blogit.gradia.fi\/esimerkki\/","name":"Esimerkki","description":"Gradian blogiohjesivusto","potentialAction":[{"@type":"SearchAction","target":{"@type":"EntryPoint","urlTemplate":"https:\/\/blogit.gradia.fi\/esimerkki\/?s={search_term_string}"},"query-input":{"@type":"PropertyValueSpecification","valueRequired":true,"valueName":"search_term_string"}}],"inLanguage":"fi"}]}},"uagb_featured_image_src":{"full":false,"thumbnail":false,"medium":false,"medium_large":false,"large":false,"1536x1536":false,"2048x2048":false,"post-thumbnail":false},"uagb_author_info":{"display_name":"pirita","author_link":"https:\/\/blogit.gradia.fi\/esimerkki\/author\/pirita\/"},"uagb_comment_info":0,"uagb_excerpt":"Valitse ohjausvalikosta kohta \u201dK\u00e4ytt\u00e4j\u00e4t \u2013 Omat tietosi\u201d tai oikeasta yl\u00e4reunasta \u201dTervehdys, xxx \u2013 Muokkaa omaa profiilia\u201d. Samasta paikasta l\u00f6ytyy my\u00f6s &#8221;Kirjaudu ulos&#8221;. Osa tiedoista tulee blogipalvelusta valmiina, mutta joitakin kohtia voit muuttaa, esim. lempinimesi, joka n\u00e4kyy tekem\u00e4si artikkelitekstin yhteydess\u00e4. Valitse \u201dLempinimi (pakollinen)\u201d ja muuta se haluamaksesi. Voit kirjoittaa v\u00e4h\u00e4n el\u00e4m\u00e4kerrallisia tietoja itsest\u00e4si, lis\u00e4t\u00e4 profiilikuvan ja&hellip;","_links":{"self":[{"href":"https:\/\/blogit.gradia.fi\/esimerkki\/wp-json\/wp\/v2\/pages\/214","targetHints":{"allow":["GET"]}}],"collection":[{"href":"https:\/\/blogit.gradia.fi\/esimerkki\/wp-json\/wp\/v2\/pages"}],"about":[{"href":"https:\/\/blogit.gradia.fi\/esimerkki\/wp-json\/wp\/v2\/types\/page"}],"author":[{"embeddable":true,"href":"https:\/\/blogit.gradia.fi\/esimerkki\/wp-json\/wp\/v2\/users\/9"}],"replies":[{"embeddable":true,"href":"https:\/\/blogit.gradia.fi\/esimerkki\/wp-json\/wp\/v2\/comments?post=214"}],"version-history":[{"count":5,"href":"https:\/\/blogit.gradia.fi\/esimerkki\/wp-json\/wp\/v2\/pages\/214\/revisions"}],"predecessor-version":[{"id":322,"href":"https:\/\/blogit.gradia.fi\/esimerkki\/wp-json\/wp\/v2\/pages\/214\/revisions\/322"}],"wp:attachment":[{"href":"https:\/\/blogit.gradia.fi\/esimerkki\/wp-json\/wp\/v2\/media?parent=214"}],"curies":[{"name":"wp","href":"https:\/\/api.w.org\/{rel}","templated":true}]}}