{"id":181,"date":"2019-01-16T13:06:52","date_gmt":"2019-01-16T11:06:52","guid":{"rendered":"https:\/\/blogit.gradia.fi\/esimerkki\/?page_id=181"},"modified":"2019-01-18T15:03:07","modified_gmt":"2019-01-18T13:03:07","slug":"tekijanoikeus","status":"publish","type":"page","link":"https:\/\/blogit.gradia.fi\/esimerkki\/tekijanoikeus\/","title":{"rendered":"Tekij\u00e4noikeus"},"content":{"rendered":"\n<p>Sis\u00e4ll\u00f6n julkaisijalla on oltava k\u00e4ytt\u00f6- ja julkaisuoikeus  julkaisemaansa materiaaliin (teksti, valokuva, video, piirros, graafi,  animaatio jne.). Esimerkiksi verkossa julkaistavassa kuvassa on oltava  kuvassa esiintyvien ihmisten luvat kuvan julkaisemiseen. <\/p>\n\n\n\n<p>Suomessa teoksilla on tekij\u00e4n elini\u00e4n ja 70 vuotta h\u00e4nen kuolemastaan\n kest\u00e4v\u00e4 suoja-aika. T\u00e4n\u00e4 aikana&nbsp; teosta ei saa&nbsp; k\u00e4ytt\u00e4\u00e4 luvatta. \nTekij\u00e4noikeuksia ovat my\u00f6s l\u00e4hioikeudet, joilla suojataan esitt\u00e4vien \ntaiteilijoiden ty\u00f6t\u00e4. L\u00e4hioikeuksien suoja-aika on 50 vuotta. Suoja \ntarkoittaa mm. sit\u00e4, ett\u00e4 taiteellista esityst\u00e4 (konsertti, n\u00e4ytelm\u00e4) ei\n saa tallentaa ilman taiteilijan lupaa.<\/p>\n\n\n\n<p>Blogeissa p\u00e4tev\u00e4t samat tekij\u00e4noikeutta koskevat lait kuin muuallakin  yhteiskunnassa. Se, ett\u00e4 teksti tai kuva on helppoa kopioida, k\u00e4sitell\u00e4  ja julkaista uudestaan ei ole puolustus lain rikkomiseen. Tekij\u00e4noikeus  on voimassa vaikka esim. www-sivulla ei olisikaan erityist\u00e4  copyright-merkint\u00e4\u00e4.<\/p>\n\n\n\n<p>Creative  Commons -tekij\u00e4noikeuslisenssiin ja sen k\u00e4ytt\u00f6\u00f6n tutustuminen on  suositeltavaa. Creative Commons tarjoaa useita erilaisia lisenssej\u00e4  materiaalin julkaisemiseen Internetiss\u00e4. (<a href=\"http:\/\/creativecommons.fi\/\">http:\/\/creativecommons.fi\/<\/a>)<\/p>\n\n\n\n<p>Pyri ensisijaisesti julkaisemaan itse tuottamaasi sis\u00e4lt\u00f6\u00e4 itse ottamiasi kuvia ja videoita, jolloin tekij\u00e4noikeus on itsell\u00e4si. Varmista aina, ett\u00e4  kuvissa ja videoissa mahdollisesti esiintyvilt\u00e4 ihmisilt\u00e4 on my\u00f6s lupa julkaisemiseen. Toinen vaihtoehto on etsi\u00e4 erilaisista kuvapankeista (esimerkiksi Flickr, Pexels ja Pixabay) kuvia, joita saa k\u00e4ytt\u00e4\u00e4. Tekij\u00e4noikeuksista l\u00f6yd\u00e4t lis\u00e4tietoa <a href=\"https:\/\/kopiraittila.fi\/\">Kopiraittilasta. <\/a><\/p>\n","protected":false},"excerpt":{"rendered":"<p>Sis\u00e4ll\u00f6n julkaisijalla on oltava k\u00e4ytt\u00f6- ja julkaisuoikeus julkaisemaansa materiaaliin (teksti, valokuva, video, piirros, graafi, animaatio jne.). Esimerkiksi verkossa julkaistavassa kuvassa on oltava kuvassa esiintyvien ihmisten luvat kuvan julkaisemiseen. Suomessa teoksilla on tekij\u00e4n elini\u00e4n ja 70 vuotta h\u00e4nen kuolemastaan kest\u00e4v\u00e4 suoja-aika. T\u00e4n\u00e4 aikana&nbsp; teosta ei saa&nbsp; k\u00e4ytt\u00e4\u00e4 luvatta. Tekij\u00e4noikeuksia ovat my\u00f6s l\u00e4hioikeudet, joilla suojataan esitt\u00e4vien taiteilijoiden &hellip; <a href=\"https:\/\/blogit.gradia.fi\/esimerkki\/tekijanoikeus\/\" class=\"more-link\">Jatka lukemista <span class=\"screen-reader-text\">Tekij\u00e4noikeus<\/span> <span class=\"meta-nav\">&rarr;<\/span><\/a><\/p>\n","protected":false},"author":9,"featured_media":0,"parent":0,"menu_order":0,"comment_status":"closed","ping_status":"closed","template":"","meta":{"_uag_custom_page_level_css":"","footnotes":""},"class_list":["post-181","page","type-page","status-publish","hentry"],"yoast_head":"<!-- This site is optimized with the Yoast SEO plugin v27.2 - https:\/\/yoast.com\/product\/yoast-seo-wordpress\/ -->\n<title>Tekij\u00e4noikeus - Esimerkki<\/title>\n<meta name=\"robots\" content=\"index, follow, max-snippet:-1, max-image-preview:large, max-video-preview:-1\" \/>\n<link rel=\"canonical\" href=\"https:\/\/blogit.gradia.fi\/esimerkki\/tekijanoikeus\/\" \/>\n<meta property=\"og:locale\" content=\"fi_FI\" \/>\n<meta property=\"og:type\" content=\"article\" \/>\n<meta property=\"og:title\" content=\"Tekij\u00e4noikeus - Esimerkki\" \/>\n<meta property=\"og:description\" content=\"Sis\u00e4ll\u00f6n julkaisijalla on oltava k\u00e4ytt\u00f6- ja julkaisuoikeus julkaisemaansa materiaaliin (teksti, valokuva, video, piirros, graafi, animaatio jne.). Esimerkiksi verkossa julkaistavassa kuvassa on oltava kuvassa esiintyvien ihmisten luvat kuvan julkaisemiseen. Suomessa teoksilla on tekij\u00e4n elini\u00e4n ja 70 vuotta h\u00e4nen kuolemastaan kest\u00e4v\u00e4 suoja-aika. T\u00e4n\u00e4 aikana&nbsp; teosta ei saa&nbsp; k\u00e4ytt\u00e4\u00e4 luvatta. Tekij\u00e4noikeuksia ovat my\u00f6s l\u00e4hioikeudet, joilla suojataan esitt\u00e4vien taiteilijoiden &hellip; Jatka lukemista Tekij\u00e4noikeus &rarr;\" \/>\n<meta property=\"og:url\" content=\"https:\/\/blogit.gradia.fi\/esimerkki\/tekijanoikeus\/\" \/>\n<meta property=\"og:site_name\" content=\"Esimerkki\" \/>\n<meta property=\"article:modified_time\" content=\"2019-01-18T13:03:07+00:00\" \/>\n<meta name=\"twitter:card\" content=\"summary_large_image\" \/>\n<meta name=\"twitter:label1\" content=\"Arvioitu lukuaika\" \/>\n\t<meta name=\"twitter:data1\" content=\"1 minuutti\" \/>\n<script type=\"application\/ld+json\" class=\"yoast-schema-graph\">{\"@context\":\"https:\/\/schema.org\",\"@graph\":[{\"@type\":\"WebPage\",\"@id\":\"https:\/\/blogit.gradia.fi\/esimerkki\/tekijanoikeus\/\",\"url\":\"https:\/\/blogit.gradia.fi\/esimerkki\/tekijanoikeus\/\",\"name\":\"Tekij\u00e4noikeus - Esimerkki\",\"isPartOf\":{\"@id\":\"https:\/\/blogit.gradia.fi\/esimerkki\/#website\"},\"datePublished\":\"2019-01-16T11:06:52+00:00\",\"dateModified\":\"2019-01-18T13:03:07+00:00\",\"breadcrumb\":{\"@id\":\"https:\/\/blogit.gradia.fi\/esimerkki\/tekijanoikeus\/#breadcrumb\"},\"inLanguage\":\"fi\",\"potentialAction\":[{\"@type\":\"ReadAction\",\"target\":[\"https:\/\/blogit.gradia.fi\/esimerkki\/tekijanoikeus\/\"]}]},{\"@type\":\"BreadcrumbList\",\"@id\":\"https:\/\/blogit.gradia.fi\/esimerkki\/tekijanoikeus\/#breadcrumb\",\"itemListElement\":[{\"@type\":\"ListItem\",\"position\":1,\"name\":\"Home\",\"item\":\"https:\/\/blogit.gradia.fi\/esimerkki\/\"},{\"@type\":\"ListItem\",\"position\":2,\"name\":\"Tekij\u00e4noikeus\"}]},{\"@type\":\"WebSite\",\"@id\":\"https:\/\/blogit.gradia.fi\/esimerkki\/#website\",\"url\":\"https:\/\/blogit.gradia.fi\/esimerkki\/\",\"name\":\"Esimerkki\",\"description\":\"Gradian blogiohjesivusto\",\"potentialAction\":[{\"@type\":\"SearchAction\",\"target\":{\"@type\":\"EntryPoint\",\"urlTemplate\":\"https:\/\/blogit.gradia.fi\/esimerkki\/?s={search_term_string}\"},\"query-input\":{\"@type\":\"PropertyValueSpecification\",\"valueRequired\":true,\"valueName\":\"search_term_string\"}}],\"inLanguage\":\"fi\"}]}<\/script>\n<!-- \/ Yoast SEO plugin. -->","yoast_head_json":{"title":"Tekij\u00e4noikeus - Esimerkki","robots":{"index":"index","follow":"follow","max-snippet":"max-snippet:-1","max-image-preview":"max-image-preview:large","max-video-preview":"max-video-preview:-1"},"canonical":"https:\/\/blogit.gradia.fi\/esimerkki\/tekijanoikeus\/","og_locale":"fi_FI","og_type":"article","og_title":"Tekij\u00e4noikeus - Esimerkki","og_description":"Sis\u00e4ll\u00f6n julkaisijalla on oltava k\u00e4ytt\u00f6- ja julkaisuoikeus julkaisemaansa materiaaliin (teksti, valokuva, video, piirros, graafi, animaatio jne.). Esimerkiksi verkossa julkaistavassa kuvassa on oltava kuvassa esiintyvien ihmisten luvat kuvan julkaisemiseen. Suomessa teoksilla on tekij\u00e4n elini\u00e4n ja 70 vuotta h\u00e4nen kuolemastaan kest\u00e4v\u00e4 suoja-aika. T\u00e4n\u00e4 aikana&nbsp; teosta ei saa&nbsp; k\u00e4ytt\u00e4\u00e4 luvatta. Tekij\u00e4noikeuksia ovat my\u00f6s l\u00e4hioikeudet, joilla suojataan esitt\u00e4vien taiteilijoiden &hellip; Jatka lukemista Tekij\u00e4noikeus &rarr;","og_url":"https:\/\/blogit.gradia.fi\/esimerkki\/tekijanoikeus\/","og_site_name":"Esimerkki","article_modified_time":"2019-01-18T13:03:07+00:00","twitter_card":"summary_large_image","twitter_misc":{"Arvioitu lukuaika":"1 minuutti"},"schema":{"@context":"https:\/\/schema.org","@graph":[{"@type":"WebPage","@id":"https:\/\/blogit.gradia.fi\/esimerkki\/tekijanoikeus\/","url":"https:\/\/blogit.gradia.fi\/esimerkki\/tekijanoikeus\/","name":"Tekij\u00e4noikeus - Esimerkki","isPartOf":{"@id":"https:\/\/blogit.gradia.fi\/esimerkki\/#website"},"datePublished":"2019-01-16T11:06:52+00:00","dateModified":"2019-01-18T13:03:07+00:00","breadcrumb":{"@id":"https:\/\/blogit.gradia.fi\/esimerkki\/tekijanoikeus\/#breadcrumb"},"inLanguage":"fi","potentialAction":[{"@type":"ReadAction","target":["https:\/\/blogit.gradia.fi\/esimerkki\/tekijanoikeus\/"]}]},{"@type":"BreadcrumbList","@id":"https:\/\/blogit.gradia.fi\/esimerkki\/tekijanoikeus\/#breadcrumb","itemListElement":[{"@type":"ListItem","position":1,"name":"Home","item":"https:\/\/blogit.gradia.fi\/esimerkki\/"},{"@type":"ListItem","position":2,"name":"Tekij\u00e4noikeus"}]},{"@type":"WebSite","@id":"https:\/\/blogit.gradia.fi\/esimerkki\/#website","url":"https:\/\/blogit.gradia.fi\/esimerkki\/","name":"Esimerkki","description":"Gradian blogiohjesivusto","potentialAction":[{"@type":"SearchAction","target":{"@type":"EntryPoint","urlTemplate":"https:\/\/blogit.gradia.fi\/esimerkki\/?s={search_term_string}"},"query-input":{"@type":"PropertyValueSpecification","valueRequired":true,"valueName":"search_term_string"}}],"inLanguage":"fi"}]}},"uagb_featured_image_src":{"full":false,"thumbnail":false,"medium":false,"medium_large":false,"large":false,"1536x1536":false,"2048x2048":false,"post-thumbnail":false},"uagb_author_info":{"display_name":"pirita","author_link":"https:\/\/blogit.gradia.fi\/esimerkki\/author\/pirita\/"},"uagb_comment_info":0,"uagb_excerpt":"Sis\u00e4ll\u00f6n julkaisijalla on oltava k\u00e4ytt\u00f6- ja julkaisuoikeus julkaisemaansa materiaaliin (teksti, valokuva, video, piirros, graafi, animaatio jne.). Esimerkiksi verkossa julkaistavassa kuvassa on oltava kuvassa esiintyvien ihmisten luvat kuvan julkaisemiseen. Suomessa teoksilla on tekij\u00e4n elini\u00e4n ja 70 vuotta h\u00e4nen kuolemastaan kest\u00e4v\u00e4 suoja-aika. T\u00e4n\u00e4 aikana&nbsp; teosta ei saa&nbsp; k\u00e4ytt\u00e4\u00e4 luvatta. Tekij\u00e4noikeuksia ovat my\u00f6s l\u00e4hioikeudet, joilla suojataan esitt\u00e4vien taiteilijoiden&hellip;","_links":{"self":[{"href":"https:\/\/blogit.gradia.fi\/esimerkki\/wp-json\/wp\/v2\/pages\/181","targetHints":{"allow":["GET"]}}],"collection":[{"href":"https:\/\/blogit.gradia.fi\/esimerkki\/wp-json\/wp\/v2\/pages"}],"about":[{"href":"https:\/\/blogit.gradia.fi\/esimerkki\/wp-json\/wp\/v2\/types\/page"}],"author":[{"embeddable":true,"href":"https:\/\/blogit.gradia.fi\/esimerkki\/wp-json\/wp\/v2\/users\/9"}],"replies":[{"embeddable":true,"href":"https:\/\/blogit.gradia.fi\/esimerkki\/wp-json\/wp\/v2\/comments?post=181"}],"version-history":[{"count":2,"href":"https:\/\/blogit.gradia.fi\/esimerkki\/wp-json\/wp\/v2\/pages\/181\/revisions"}],"predecessor-version":[{"id":324,"href":"https:\/\/blogit.gradia.fi\/esimerkki\/wp-json\/wp\/v2\/pages\/181\/revisions\/324"}],"wp:attachment":[{"href":"https:\/\/blogit.gradia.fi\/esimerkki\/wp-json\/wp\/v2\/media?parent=181"}],"curies":[{"name":"wp","href":"https:\/\/api.w.org\/{rel}","templated":true}]}}