{"id":176,"date":"2019-01-16T13:04:13","date_gmt":"2019-01-16T11:04:13","guid":{"rendered":"https:\/\/blogit.gradia.fi\/esimerkki\/?page_id=176"},"modified":"2019-01-23T14:46:09","modified_gmt":"2019-01-23T12:46:09","slug":"saavutettavuus","status":"publish","type":"page","link":"https:\/\/blogit.gradia.fi\/esimerkki\/saavutettavuus\/","title":{"rendered":"Saavutettavuus"},"content":{"rendered":"\n<p>Syksyll\u00e4 2018  tuli voimaan saavutettavuusdirektiivi.  Saavutettavuusdirektiivi ja kansallinen lains\u00e4\u00e4d\u00e4nt\u00f6 vaativat, ett\u00e4 viranomaiset tekev\u00e4t digitaaliset palvelut saavutettaviksi. Opiskelija puolestaan voi kirjoittaa blogia saavutettavuusdirektiivist\u00e4 v\u00e4litt\u00e4m\u00e4tt\u00e4kin, mutta asia kannattaa kuitenkin huomioida. T\u00e4ss\u00e4 joitakin hy\u00f6dyllisi\u00e4 linkkej\u00e4 aiheesta Papunet-sivustolle.<\/p>\n\n\n\n<h4 class=\"wp-block-heading\">Linkkej\u00e4 saavutettavien sivujen ja sis\u00e4lt\u00f6jen suunnitteluun<br><\/h4>\n\n\n\n<ul class=\"wp-block-list\"><li><a href=\"http:\/\/papunet.net\/saavutettavuus\/saavutettavien-verkkosivujen-suunnitteluopas\">Papunet &#8211; Saavutettavien verkkosivujen suunnitteluopas<\/a><\/li><li><a href=\"http:\/\/papunet.net\/saavutettavuus\/helppokayttoiset-verkkosivut\">Papunet &#8211; Helppok\u00e4ytt\u00f6iset verkkosivut<\/a><\/li><li><a href=\"http:\/\/papunet.net\/saavutettavuus\/selkokieli-verkkosivuilla\">Papunet &#8211; Selkokieli verkkosivuilla<\/a><\/li><li><a href=\"http:\/\/papunet.net\/saavutettavuus\/pikaopas-sisallontuottajille\">Papunet &#8211; Pikaopas sisallontuottajille<\/a><\/li><\/ul>\n\n\n\n<p>T\u00e4ss\u00e4 viel\u00e4 yksi linkki. Sivulta voi avata word-dokumentin, jossa on \n\u201dtarkastuslista\u201d-tyyppisesti ohjeet helppok\u00e4ytt\u00f6isen verkkopalvelun \nsuunnitteluun.<\/p>\n\n\n\n<ul class=\"wp-block-list\"><li> <a href=\"http:\/\/papunet.net\/saavutettavuus\/pikaopas-kognitiiviseen-saavutettavuuteen\">Papunet &#8211; Pikaopas kognitiiviseen saavutettavuuteen<\/a><\/li><\/ul>\n","protected":false},"excerpt":{"rendered":"<p>Syksyll\u00e4 2018 tuli voimaan saavutettavuusdirektiivi. Saavutettavuusdirektiivi ja kansallinen lains\u00e4\u00e4d\u00e4nt\u00f6 vaativat, ett\u00e4 viranomaiset tekev\u00e4t digitaaliset palvelut saavutettaviksi. Opiskelija puolestaan voi kirjoittaa blogia saavutettavuusdirektiivist\u00e4 v\u00e4litt\u00e4m\u00e4tt\u00e4kin, mutta asia kannattaa kuitenkin huomioida. T\u00e4ss\u00e4 joitakin hy\u00f6dyllisi\u00e4 linkkej\u00e4 aiheesta Papunet-sivustolle. Linkkej\u00e4 saavutettavien sivujen ja sis\u00e4lt\u00f6jen suunnitteluun Papunet &#8211; Saavutettavien verkkosivujen suunnitteluopas Papunet &#8211; Helppok\u00e4ytt\u00f6iset verkkosivut Papunet &#8211; Selkokieli verkkosivuilla Papunet &#8211; &hellip; <a href=\"https:\/\/blogit.gradia.fi\/esimerkki\/saavutettavuus\/\" class=\"more-link\">Jatka lukemista <span class=\"screen-reader-text\">Saavutettavuus<\/span> <span class=\"meta-nav\">&rarr;<\/span><\/a><\/p>\n","protected":false},"author":9,"featured_media":0,"parent":0,"menu_order":0,"comment_status":"closed","ping_status":"closed","template":"","meta":{"_uag_custom_page_level_css":"","footnotes":""},"class_list":["post-176","page","type-page","status-publish","hentry"],"yoast_head":"<!-- This site is optimized with the Yoast SEO plugin v27.2 - https:\/\/yoast.com\/product\/yoast-seo-wordpress\/ -->\n<title>Saavutettavuus - Esimerkki<\/title>\n<meta name=\"robots\" content=\"index, follow, max-snippet:-1, max-image-preview:large, max-video-preview:-1\" \/>\n<link rel=\"canonical\" href=\"https:\/\/blogit.gradia.fi\/esimerkki\/saavutettavuus\/\" \/>\n<meta property=\"og:locale\" content=\"fi_FI\" \/>\n<meta property=\"og:type\" content=\"article\" \/>\n<meta property=\"og:title\" content=\"Saavutettavuus - Esimerkki\" \/>\n<meta property=\"og:description\" content=\"Syksyll\u00e4 2018 tuli voimaan saavutettavuusdirektiivi. Saavutettavuusdirektiivi ja kansallinen lains\u00e4\u00e4d\u00e4nt\u00f6 vaativat, ett\u00e4 viranomaiset tekev\u00e4t digitaaliset palvelut saavutettaviksi. Opiskelija puolestaan voi kirjoittaa blogia saavutettavuusdirektiivist\u00e4 v\u00e4litt\u00e4m\u00e4tt\u00e4kin, mutta asia kannattaa kuitenkin huomioida. T\u00e4ss\u00e4 joitakin hy\u00f6dyllisi\u00e4 linkkej\u00e4 aiheesta Papunet-sivustolle. Linkkej\u00e4 saavutettavien sivujen ja sis\u00e4lt\u00f6jen suunnitteluun Papunet &#8211; Saavutettavien verkkosivujen suunnitteluopas Papunet &#8211; Helppok\u00e4ytt\u00f6iset verkkosivut Papunet &#8211; Selkokieli verkkosivuilla Papunet &#8211; &hellip; Jatka lukemista Saavutettavuus &rarr;\" \/>\n<meta property=\"og:url\" content=\"https:\/\/blogit.gradia.fi\/esimerkki\/saavutettavuus\/\" \/>\n<meta property=\"og:site_name\" content=\"Esimerkki\" \/>\n<meta property=\"article:modified_time\" content=\"2019-01-23T12:46:09+00:00\" \/>\n<meta name=\"twitter:card\" content=\"summary_large_image\" \/>\n<script type=\"application\/ld+json\" class=\"yoast-schema-graph\">{\"@context\":\"https:\/\/schema.org\",\"@graph\":[{\"@type\":\"WebPage\",\"@id\":\"https:\/\/blogit.gradia.fi\/esimerkki\/saavutettavuus\/\",\"url\":\"https:\/\/blogit.gradia.fi\/esimerkki\/saavutettavuus\/\",\"name\":\"Saavutettavuus - Esimerkki\",\"isPartOf\":{\"@id\":\"https:\/\/blogit.gradia.fi\/esimerkki\/#website\"},\"datePublished\":\"2019-01-16T11:04:13+00:00\",\"dateModified\":\"2019-01-23T12:46:09+00:00\",\"breadcrumb\":{\"@id\":\"https:\/\/blogit.gradia.fi\/esimerkki\/saavutettavuus\/#breadcrumb\"},\"inLanguage\":\"fi\",\"potentialAction\":[{\"@type\":\"ReadAction\",\"target\":[\"https:\/\/blogit.gradia.fi\/esimerkki\/saavutettavuus\/\"]}]},{\"@type\":\"BreadcrumbList\",\"@id\":\"https:\/\/blogit.gradia.fi\/esimerkki\/saavutettavuus\/#breadcrumb\",\"itemListElement\":[{\"@type\":\"ListItem\",\"position\":1,\"name\":\"Home\",\"item\":\"https:\/\/blogit.gradia.fi\/esimerkki\/\"},{\"@type\":\"ListItem\",\"position\":2,\"name\":\"Saavutettavuus\"}]},{\"@type\":\"WebSite\",\"@id\":\"https:\/\/blogit.gradia.fi\/esimerkki\/#website\",\"url\":\"https:\/\/blogit.gradia.fi\/esimerkki\/\",\"name\":\"Esimerkki\",\"description\":\"Gradian blogiohjesivusto\",\"potentialAction\":[{\"@type\":\"SearchAction\",\"target\":{\"@type\":\"EntryPoint\",\"urlTemplate\":\"https:\/\/blogit.gradia.fi\/esimerkki\/?s={search_term_string}\"},\"query-input\":{\"@type\":\"PropertyValueSpecification\",\"valueRequired\":true,\"valueName\":\"search_term_string\"}}],\"inLanguage\":\"fi\"}]}<\/script>\n<!-- \/ Yoast SEO plugin. -->","yoast_head_json":{"title":"Saavutettavuus - Esimerkki","robots":{"index":"index","follow":"follow","max-snippet":"max-snippet:-1","max-image-preview":"max-image-preview:large","max-video-preview":"max-video-preview:-1"},"canonical":"https:\/\/blogit.gradia.fi\/esimerkki\/saavutettavuus\/","og_locale":"fi_FI","og_type":"article","og_title":"Saavutettavuus - Esimerkki","og_description":"Syksyll\u00e4 2018 tuli voimaan saavutettavuusdirektiivi. Saavutettavuusdirektiivi ja kansallinen lains\u00e4\u00e4d\u00e4nt\u00f6 vaativat, ett\u00e4 viranomaiset tekev\u00e4t digitaaliset palvelut saavutettaviksi. Opiskelija puolestaan voi kirjoittaa blogia saavutettavuusdirektiivist\u00e4 v\u00e4litt\u00e4m\u00e4tt\u00e4kin, mutta asia kannattaa kuitenkin huomioida. T\u00e4ss\u00e4 joitakin hy\u00f6dyllisi\u00e4 linkkej\u00e4 aiheesta Papunet-sivustolle. Linkkej\u00e4 saavutettavien sivujen ja sis\u00e4lt\u00f6jen suunnitteluun Papunet &#8211; Saavutettavien verkkosivujen suunnitteluopas Papunet &#8211; Helppok\u00e4ytt\u00f6iset verkkosivut Papunet &#8211; Selkokieli verkkosivuilla Papunet &#8211; &hellip; Jatka lukemista Saavutettavuus &rarr;","og_url":"https:\/\/blogit.gradia.fi\/esimerkki\/saavutettavuus\/","og_site_name":"Esimerkki","article_modified_time":"2019-01-23T12:46:09+00:00","twitter_card":"summary_large_image","schema":{"@context":"https:\/\/schema.org","@graph":[{"@type":"WebPage","@id":"https:\/\/blogit.gradia.fi\/esimerkki\/saavutettavuus\/","url":"https:\/\/blogit.gradia.fi\/esimerkki\/saavutettavuus\/","name":"Saavutettavuus - Esimerkki","isPartOf":{"@id":"https:\/\/blogit.gradia.fi\/esimerkki\/#website"},"datePublished":"2019-01-16T11:04:13+00:00","dateModified":"2019-01-23T12:46:09+00:00","breadcrumb":{"@id":"https:\/\/blogit.gradia.fi\/esimerkki\/saavutettavuus\/#breadcrumb"},"inLanguage":"fi","potentialAction":[{"@type":"ReadAction","target":["https:\/\/blogit.gradia.fi\/esimerkki\/saavutettavuus\/"]}]},{"@type":"BreadcrumbList","@id":"https:\/\/blogit.gradia.fi\/esimerkki\/saavutettavuus\/#breadcrumb","itemListElement":[{"@type":"ListItem","position":1,"name":"Home","item":"https:\/\/blogit.gradia.fi\/esimerkki\/"},{"@type":"ListItem","position":2,"name":"Saavutettavuus"}]},{"@type":"WebSite","@id":"https:\/\/blogit.gradia.fi\/esimerkki\/#website","url":"https:\/\/blogit.gradia.fi\/esimerkki\/","name":"Esimerkki","description":"Gradian blogiohjesivusto","potentialAction":[{"@type":"SearchAction","target":{"@type":"EntryPoint","urlTemplate":"https:\/\/blogit.gradia.fi\/esimerkki\/?s={search_term_string}"},"query-input":{"@type":"PropertyValueSpecification","valueRequired":true,"valueName":"search_term_string"}}],"inLanguage":"fi"}]}},"uagb_featured_image_src":{"full":false,"thumbnail":false,"medium":false,"medium_large":false,"large":false,"1536x1536":false,"2048x2048":false,"post-thumbnail":false},"uagb_author_info":{"display_name":"pirita","author_link":"https:\/\/blogit.gradia.fi\/esimerkki\/author\/pirita\/"},"uagb_comment_info":0,"uagb_excerpt":"Syksyll\u00e4 2018 tuli voimaan saavutettavuusdirektiivi. Saavutettavuusdirektiivi ja kansallinen lains\u00e4\u00e4d\u00e4nt\u00f6 vaativat, ett\u00e4 viranomaiset tekev\u00e4t digitaaliset palvelut saavutettaviksi. Opiskelija puolestaan voi kirjoittaa blogia saavutettavuusdirektiivist\u00e4 v\u00e4litt\u00e4m\u00e4tt\u00e4kin, mutta asia kannattaa kuitenkin huomioida. T\u00e4ss\u00e4 joitakin hy\u00f6dyllisi\u00e4 linkkej\u00e4 aiheesta Papunet-sivustolle. Linkkej\u00e4 saavutettavien sivujen ja sis\u00e4lt\u00f6jen suunnitteluun Papunet &#8211; Saavutettavien verkkosivujen suunnitteluopas Papunet &#8211; Helppok\u00e4ytt\u00f6iset verkkosivut Papunet &#8211; Selkokieli verkkosivuilla Papunet &#8211;&hellip;","_links":{"self":[{"href":"https:\/\/blogit.gradia.fi\/esimerkki\/wp-json\/wp\/v2\/pages\/176","targetHints":{"allow":["GET"]}}],"collection":[{"href":"https:\/\/blogit.gradia.fi\/esimerkki\/wp-json\/wp\/v2\/pages"}],"about":[{"href":"https:\/\/blogit.gradia.fi\/esimerkki\/wp-json\/wp\/v2\/types\/page"}],"author":[{"embeddable":true,"href":"https:\/\/blogit.gradia.fi\/esimerkki\/wp-json\/wp\/v2\/users\/9"}],"replies":[{"embeddable":true,"href":"https:\/\/blogit.gradia.fi\/esimerkki\/wp-json\/wp\/v2\/comments?post=176"}],"version-history":[{"count":6,"href":"https:\/\/blogit.gradia.fi\/esimerkki\/wp-json\/wp\/v2\/pages\/176\/revisions"}],"predecessor-version":[{"id":399,"href":"https:\/\/blogit.gradia.fi\/esimerkki\/wp-json\/wp\/v2\/pages\/176\/revisions\/399"}],"wp:attachment":[{"href":"https:\/\/blogit.gradia.fi\/esimerkki\/wp-json\/wp\/v2\/media?parent=176"}],"curies":[{"name":"wp","href":"https:\/\/api.w.org\/{rel}","templated":true}]}}