{"id":173,"date":"2019-01-16T12:58:49","date_gmt":"2019-01-16T10:58:49","guid":{"rendered":"https:\/\/blogit.gradia.fi\/esimerkki\/?page_id=173"},"modified":"2019-01-21T12:44:17","modified_gmt":"2019-01-21T10:44:17","slug":"blogin-kirjoittaminen","status":"publish","type":"page","link":"https:\/\/blogit.gradia.fi\/esimerkki\/blogin-kirjoittaminen\/","title":{"rendered":"Blogin kirjoittaminen"},"content":{"rendered":"\n<p>Blogi on julkinen verkkosivu, joka voi sis\u00e4lt\u00e4\u00e4 tekstin lis\u00e4ksi esimerkiksi teksti\u00e4 tukevia kuvia ja videoita. Blogikirjoitusta voidaan kutsua my\u00f6s postaukseksi tai artikkeliksi. Blogikirjoitukset julkaistaan yleens\u00e4 omalla nimell\u00e4.<\/p>\n\n\n\n<h4 class=\"wp-block-heading\"><strong>Ideoita blogin aiheiksi<\/strong><\/h4>\n\n\n\n<ul class=\"wp-block-list\"><li>Opiskelijoiden oppimisp\u00e4iv\u00e4kirjat (koko opintojen ajan, yhden kurssin ajan \u2013 postaukset voivat olla my\u00f6s suljettuja).<\/li><li>Blogi opiskelijan oman ammatillisen kasvun v\u00e4lineen\u00e4 <\/li><li>Kv-toiminta: opiskelijoiden matkap\u00e4iv\u00e4kirjat vaihtoajalta<\/li><li>Opiskelijat kertovat: yhdess\u00e4 tekemist\u00e4, kokeilua, tuotoksia, ty\u00f6ss\u00e4oppimista, hyv\u00e4\u00e4 oppimista.<\/li><li>Opettajat jakavat hyvi\u00e4 opetusideoita ja mielenkiintoisia opetuskokeiluja.<\/li><li>Opettajan\/opettajien ohjausblogit<\/li><li>Oppilaitoksen\/yksik\u00f6n erilaiset ajankohtaiset tapahtumat<\/li><li>Opetukseen liittyv\u00e4t kiinnostavat asiat ja ilmi\u00f6t omalla alalla (esim. mit\u00e4 tapahtuu muissa lukioissa\/ammattiopistoissa, vierailut, oman alan tapahtumista      kertominen)<\/li><li>Opettajat kertovat vaihto- tai ty\u00f6el\u00e4m\u00e4jaksoista.<\/li><\/ul>\n\n\n\n<h4 class=\"wp-block-heading\"><strong>Bloggaussuunnitelma<\/strong><\/h4>\n\n\n\n<p>Blogisi voi parhaimmillaan ker\u00e4t\u00e4 suuren joukon innostuneita lukijoita. On hyv\u00e4 tehd\u00e4 aluksi bloggausuunnitelma, jotta blogiin tulisi uusia postauksia s\u00e4\u00e4nn\u00f6llisin v\u00e4lein.  Mik\u00e4 on blogisi tavoite? Pohdi, mist\u00e4 ja kenelle haluat kirjoittaa ja  milloin. Mieti valmiiksi ainakin 4-5 kirjoituksen aiheet ja aikataulu.  Jos se on mahdollista, voit my\u00f6s laatia etuk\u00e4teen valmiiksi muutaman blogipostauksen, jotka julkaiset haluamanasi ajankohtana.<\/p>\n\n\n\n<h4 class=\"wp-block-heading\"><strong>Ohjeita kirjoittamiseen<\/strong><\/h4>\n\n\n\n<p>Pyri kirjoittamaan yhdest\u00e4 itsellesi tutusta aiheesta kerrallaan ja el\u00e4v\u00f6it\u00e4 artikkelia  esimerkiksi kuvin ja videoin, joita sinulla on oikeus k\u00e4ytt\u00e4\u00e4. Jos kirjoittaminen tuntuu vaikealta, kokeile hahmotella ja j\u00e4sent\u00e4\u00e4 aluksi esimerkiksi miellekartan avulla, mist\u00e4 asioista haluat kertoa. Toisaalta jos kirjoittaminen soljuu luonnostaan vaivattomasti, teksti\u00e4 on helppo muotoilla ja j\u00e4sennell\u00e4 blogissakin. Jaa teksti sopivan mittaisiin kappaleisiin, jotta se on helpommin luettava. K\u00e4yt\u00e4 tarvittaessa v\u00e4liotsikoita. <\/p>\n\n\n\n<p>Blogikirjoituksen ei tarvitse olla r\u00f6nsyilev\u00e4, vaan usein tiivist\u00e4minen kannattaa.  Vain kirjoittamalla l\u00f6yd\u00e4t oman \u00e4\u00e4nesi ja tyylisi.  Ajattele lukijaa, kun kirjoitat. K\u00e4yt\u00e4 sellaista kielt\u00e4 ja termej\u00e4, ett\u00e4 ajateltu lukija ymm\u00e4rt\u00e4\u00e4, mist\u00e4 kerrot. Kun blogikirjoitus on valmis, lue se viel\u00e4 itsellesi \u00e4\u00e4neen ja tee tarvittavat korjaukset, tai pyyd\u00e4 kommentteja kaverilta. <\/p>\n\n\n\n<h4 class=\"wp-block-heading\"><strong>Otsikointi<\/strong><\/h4>\n\n\n\n<p>Otsikko on ensimm\u00e4inen asia, joka artikkelistasi luetaan. Sen tarkoitus on her\u00e4tt\u00e4\u00e4 lukijan kiinnostus \u2013 lis\u00e4ksi sen tulee olla riitt\u00e4v\u00e4n informatiivinen ja vastata artikkelin sis\u00e4lt\u00f6\u00e4. Voit tehd\u00e4 aluksi kirjoituksellesi \u201dty\u00f6otsikon\u201d ja muotoilla valmiin otsikon aivan viimeiseksi. <\/p>\n\n\n\n<h4 class=\"wp-block-heading\"><strong>Yhdess\u00e4 kirjoittaminen on mukavampaa<\/strong><\/h4>\n\n\n\n<p>Blogia voi\nkirjoittaa yksin, mutta yhdess\u00e4 kollegoiden ja opiskelijoiden kanssa siit\u00e4 voi saada\neloisamman ja kiinnostavamman, ja se my\u00f6s v\u00e4hent\u00e4\u00e4 yksitt\u00e4isen kirjoittajan\nty\u00f6taakkaa, kun jokainen bloggaa vuorollaan. <\/p>\n\n\n\n<p>Aluksi voit\nhalutessasi pyyt\u00e4\u00e4 muilta kirjoittajilta postauksia vaikka s\u00e4hk\u00f6postiisi ja\nvied\u00e4 ne itse. Kun harjaannut blogin k\u00e4ytt\u00e4j\u00e4n\u00e4, voit kutsua toisia\nkirjoittajiksi blogiisi. T\u00e4ll\u00f6in voit neuvoa heid\u00e4t kirjoittamaan postauksen\nsuoraan blogiisi. Blogin yll\u00e4pit\u00e4j\u00e4n\u00e4 olet kuitenkin itse vastuussa blogin sis\u00e4ll\u00f6st\u00e4.\n<\/p>\n\n\n\n<h4 class=\"wp-block-heading\">Vinkkej\u00e4<\/h4>\n\n\n\n<ul class=\"wp-block-list\"><li>Linkit\u00e4 artikkeliisi sivuja, joista l\u00f6ytyy lis\u00e4tietoja.<\/li><li>Linkit\u00e4 aikaisemmat aiheeseen liittyv\u00e4t artikkelisi.<\/li><li>Haluatko artikkeliisi kommentteja vai poistatko kommentoinnin  k\u00e4yt\u00f6st\u00e4?<\/li><li>Lis\u00e4\u00e4 artikkelillesi 3-5 aihepiiri\u00e4 kuvaavaa avainsanaa.<\/li><li>Mieti, mik\u00e4 on hyv\u00e4 julkaisuajankohta postauksellesi. Ajasta tarvittaessa.<\/li><li>Jaa artikkeliasi somekanavissa, jotta muutkin p\u00e4\u00e4sev\u00e4t seuraamaan, miten hienosti opiskelu ja opetus teill\u00e4 sujuu.<\/li><\/ul>\n\n\n\n<p><\/p>\n","protected":false},"excerpt":{"rendered":"<p>Blogi on julkinen verkkosivu, joka voi sis\u00e4lt\u00e4\u00e4 tekstin lis\u00e4ksi esimerkiksi teksti\u00e4 tukevia kuvia ja videoita. Blogikirjoitusta voidaan kutsua my\u00f6s postaukseksi tai artikkeliksi. Blogikirjoitukset julkaistaan yleens\u00e4 omalla nimell\u00e4. Ideoita blogin aiheiksi Opiskelijoiden oppimisp\u00e4iv\u00e4kirjat (koko opintojen ajan, yhden kurssin ajan \u2013 postaukset voivat olla my\u00f6s suljettuja). Blogi opiskelijan oman ammatillisen kasvun v\u00e4lineen\u00e4 Kv-toiminta: opiskelijoiden matkap\u00e4iv\u00e4kirjat vaihtoajalta Opiskelijat &hellip; <a href=\"https:\/\/blogit.gradia.fi\/esimerkki\/blogin-kirjoittaminen\/\" class=\"more-link\">Jatka lukemista <span class=\"screen-reader-text\">Blogin kirjoittaminen<\/span> <span class=\"meta-nav\">&rarr;<\/span><\/a><\/p>\n","protected":false},"author":9,"featured_media":0,"parent":0,"menu_order":0,"comment_status":"closed","ping_status":"closed","template":"","meta":{"_uag_custom_page_level_css":"","footnotes":""},"class_list":["post-173","page","type-page","status-publish","hentry"],"yoast_head":"<!-- This site is optimized with the Yoast SEO plugin v27.2 - https:\/\/yoast.com\/product\/yoast-seo-wordpress\/ -->\n<title>Blogin kirjoittaminen - Esimerkki<\/title>\n<meta name=\"robots\" content=\"index, follow, max-snippet:-1, max-image-preview:large, max-video-preview:-1\" \/>\n<link rel=\"canonical\" href=\"https:\/\/blogit.gradia.fi\/esimerkki\/blogin-kirjoittaminen\/\" \/>\n<meta property=\"og:locale\" content=\"fi_FI\" \/>\n<meta property=\"og:type\" content=\"article\" \/>\n<meta property=\"og:title\" content=\"Blogin kirjoittaminen - Esimerkki\" \/>\n<meta property=\"og:description\" content=\"Blogi on julkinen verkkosivu, joka voi sis\u00e4lt\u00e4\u00e4 tekstin lis\u00e4ksi esimerkiksi teksti\u00e4 tukevia kuvia ja videoita. Blogikirjoitusta voidaan kutsua my\u00f6s postaukseksi tai artikkeliksi. Blogikirjoitukset julkaistaan yleens\u00e4 omalla nimell\u00e4. Ideoita blogin aiheiksi Opiskelijoiden oppimisp\u00e4iv\u00e4kirjat (koko opintojen ajan, yhden kurssin ajan \u2013 postaukset voivat olla my\u00f6s suljettuja). Blogi opiskelijan oman ammatillisen kasvun v\u00e4lineen\u00e4 Kv-toiminta: opiskelijoiden matkap\u00e4iv\u00e4kirjat vaihtoajalta Opiskelijat &hellip; Jatka lukemista Blogin kirjoittaminen &rarr;\" \/>\n<meta property=\"og:url\" content=\"https:\/\/blogit.gradia.fi\/esimerkki\/blogin-kirjoittaminen\/\" \/>\n<meta property=\"og:site_name\" content=\"Esimerkki\" \/>\n<meta property=\"article:modified_time\" content=\"2019-01-21T10:44:17+00:00\" \/>\n<meta name=\"twitter:card\" content=\"summary_large_image\" \/>\n<meta name=\"twitter:label1\" content=\"Arvioitu lukuaika\" \/>\n\t<meta name=\"twitter:data1\" content=\"2 minuuttia\" \/>\n<script type=\"application\/ld+json\" class=\"yoast-schema-graph\">{\"@context\":\"https:\/\/schema.org\",\"@graph\":[{\"@type\":\"WebPage\",\"@id\":\"https:\/\/blogit.gradia.fi\/esimerkki\/blogin-kirjoittaminen\/\",\"url\":\"https:\/\/blogit.gradia.fi\/esimerkki\/blogin-kirjoittaminen\/\",\"name\":\"Blogin kirjoittaminen - Esimerkki\",\"isPartOf\":{\"@id\":\"https:\/\/blogit.gradia.fi\/esimerkki\/#website\"},\"datePublished\":\"2019-01-16T10:58:49+00:00\",\"dateModified\":\"2019-01-21T10:44:17+00:00\",\"breadcrumb\":{\"@id\":\"https:\/\/blogit.gradia.fi\/esimerkki\/blogin-kirjoittaminen\/#breadcrumb\"},\"inLanguage\":\"fi\",\"potentialAction\":[{\"@type\":\"ReadAction\",\"target\":[\"https:\/\/blogit.gradia.fi\/esimerkki\/blogin-kirjoittaminen\/\"]}]},{\"@type\":\"BreadcrumbList\",\"@id\":\"https:\/\/blogit.gradia.fi\/esimerkki\/blogin-kirjoittaminen\/#breadcrumb\",\"itemListElement\":[{\"@type\":\"ListItem\",\"position\":1,\"name\":\"Home\",\"item\":\"https:\/\/blogit.gradia.fi\/esimerkki\/\"},{\"@type\":\"ListItem\",\"position\":2,\"name\":\"Blogin kirjoittaminen\"}]},{\"@type\":\"WebSite\",\"@id\":\"https:\/\/blogit.gradia.fi\/esimerkki\/#website\",\"url\":\"https:\/\/blogit.gradia.fi\/esimerkki\/\",\"name\":\"Esimerkki\",\"description\":\"Gradian blogiohjesivusto\",\"potentialAction\":[{\"@type\":\"SearchAction\",\"target\":{\"@type\":\"EntryPoint\",\"urlTemplate\":\"https:\/\/blogit.gradia.fi\/esimerkki\/?s={search_term_string}\"},\"query-input\":{\"@type\":\"PropertyValueSpecification\",\"valueRequired\":true,\"valueName\":\"search_term_string\"}}],\"inLanguage\":\"fi\"}]}<\/script>\n<!-- \/ Yoast SEO plugin. -->","yoast_head_json":{"title":"Blogin kirjoittaminen - Esimerkki","robots":{"index":"index","follow":"follow","max-snippet":"max-snippet:-1","max-image-preview":"max-image-preview:large","max-video-preview":"max-video-preview:-1"},"canonical":"https:\/\/blogit.gradia.fi\/esimerkki\/blogin-kirjoittaminen\/","og_locale":"fi_FI","og_type":"article","og_title":"Blogin kirjoittaminen - Esimerkki","og_description":"Blogi on julkinen verkkosivu, joka voi sis\u00e4lt\u00e4\u00e4 tekstin lis\u00e4ksi esimerkiksi teksti\u00e4 tukevia kuvia ja videoita. Blogikirjoitusta voidaan kutsua my\u00f6s postaukseksi tai artikkeliksi. Blogikirjoitukset julkaistaan yleens\u00e4 omalla nimell\u00e4. Ideoita blogin aiheiksi Opiskelijoiden oppimisp\u00e4iv\u00e4kirjat (koko opintojen ajan, yhden kurssin ajan \u2013 postaukset voivat olla my\u00f6s suljettuja). Blogi opiskelijan oman ammatillisen kasvun v\u00e4lineen\u00e4 Kv-toiminta: opiskelijoiden matkap\u00e4iv\u00e4kirjat vaihtoajalta Opiskelijat &hellip; Jatka lukemista Blogin kirjoittaminen &rarr;","og_url":"https:\/\/blogit.gradia.fi\/esimerkki\/blogin-kirjoittaminen\/","og_site_name":"Esimerkki","article_modified_time":"2019-01-21T10:44:17+00:00","twitter_card":"summary_large_image","twitter_misc":{"Arvioitu lukuaika":"2 minuuttia"},"schema":{"@context":"https:\/\/schema.org","@graph":[{"@type":"WebPage","@id":"https:\/\/blogit.gradia.fi\/esimerkki\/blogin-kirjoittaminen\/","url":"https:\/\/blogit.gradia.fi\/esimerkki\/blogin-kirjoittaminen\/","name":"Blogin kirjoittaminen - Esimerkki","isPartOf":{"@id":"https:\/\/blogit.gradia.fi\/esimerkki\/#website"},"datePublished":"2019-01-16T10:58:49+00:00","dateModified":"2019-01-21T10:44:17+00:00","breadcrumb":{"@id":"https:\/\/blogit.gradia.fi\/esimerkki\/blogin-kirjoittaminen\/#breadcrumb"},"inLanguage":"fi","potentialAction":[{"@type":"ReadAction","target":["https:\/\/blogit.gradia.fi\/esimerkki\/blogin-kirjoittaminen\/"]}]},{"@type":"BreadcrumbList","@id":"https:\/\/blogit.gradia.fi\/esimerkki\/blogin-kirjoittaminen\/#breadcrumb","itemListElement":[{"@type":"ListItem","position":1,"name":"Home","item":"https:\/\/blogit.gradia.fi\/esimerkki\/"},{"@type":"ListItem","position":2,"name":"Blogin kirjoittaminen"}]},{"@type":"WebSite","@id":"https:\/\/blogit.gradia.fi\/esimerkki\/#website","url":"https:\/\/blogit.gradia.fi\/esimerkki\/","name":"Esimerkki","description":"Gradian blogiohjesivusto","potentialAction":[{"@type":"SearchAction","target":{"@type":"EntryPoint","urlTemplate":"https:\/\/blogit.gradia.fi\/esimerkki\/?s={search_term_string}"},"query-input":{"@type":"PropertyValueSpecification","valueRequired":true,"valueName":"search_term_string"}}],"inLanguage":"fi"}]}},"uagb_featured_image_src":{"full":false,"thumbnail":false,"medium":false,"medium_large":false,"large":false,"1536x1536":false,"2048x2048":false,"post-thumbnail":false},"uagb_author_info":{"display_name":"pirita","author_link":"https:\/\/blogit.gradia.fi\/esimerkki\/author\/pirita\/"},"uagb_comment_info":0,"uagb_excerpt":"Blogi on julkinen verkkosivu, joka voi sis\u00e4lt\u00e4\u00e4 tekstin lis\u00e4ksi esimerkiksi teksti\u00e4 tukevia kuvia ja videoita. Blogikirjoitusta voidaan kutsua my\u00f6s postaukseksi tai artikkeliksi. Blogikirjoitukset julkaistaan yleens\u00e4 omalla nimell\u00e4. Ideoita blogin aiheiksi Opiskelijoiden oppimisp\u00e4iv\u00e4kirjat (koko opintojen ajan, yhden kurssin ajan \u2013 postaukset voivat olla my\u00f6s suljettuja). Blogi opiskelijan oman ammatillisen kasvun v\u00e4lineen\u00e4 Kv-toiminta: opiskelijoiden matkap\u00e4iv\u00e4kirjat vaihtoajalta Opiskelijat&hellip;","_links":{"self":[{"href":"https:\/\/blogit.gradia.fi\/esimerkki\/wp-json\/wp\/v2\/pages\/173","targetHints":{"allow":["GET"]}}],"collection":[{"href":"https:\/\/blogit.gradia.fi\/esimerkki\/wp-json\/wp\/v2\/pages"}],"about":[{"href":"https:\/\/blogit.gradia.fi\/esimerkki\/wp-json\/wp\/v2\/types\/page"}],"author":[{"embeddable":true,"href":"https:\/\/blogit.gradia.fi\/esimerkki\/wp-json\/wp\/v2\/users\/9"}],"replies":[{"embeddable":true,"href":"https:\/\/blogit.gradia.fi\/esimerkki\/wp-json\/wp\/v2\/comments?post=173"}],"version-history":[{"count":5,"href":"https:\/\/blogit.gradia.fi\/esimerkki\/wp-json\/wp\/v2\/pages\/173\/revisions"}],"predecessor-version":[{"id":332,"href":"https:\/\/blogit.gradia.fi\/esimerkki\/wp-json\/wp\/v2\/pages\/173\/revisions\/332"}],"wp:attachment":[{"href":"https:\/\/blogit.gradia.fi\/esimerkki\/wp-json\/wp\/v2\/media?parent=173"}],"curies":[{"name":"wp","href":"https:\/\/api.w.org\/{rel}","templated":true}]}}