{"id":162,"date":"2019-01-16T12:34:56","date_gmt":"2019-01-16T10:34:56","guid":{"rendered":"https:\/\/blogit.gradia.fi\/esimerkki\/?page_id=162"},"modified":"2019-01-22T13:07:52","modified_gmt":"2019-01-22T11:07:52","slug":"oikean-reunan-valikko","status":"publish","type":"page","link":"https:\/\/blogit.gradia.fi\/esimerkki\/oikean-reunan-valikko\/","title":{"rendered":"Asetukset-valikko"},"content":{"rendered":"\n<p>T\u00e4ll\u00e4 sivulla kerrotaan, mit\u00e4 valintoja tekstieditorin asetukset-valikon kautta saa tehty\u00e4. Ohjeet koskevat ensisijaisesti artikkelia. Asetukset-valikko on k\u00e4yt\u00f6ss\u00e4 my\u00f6s sivuja muokattaessa, mutta silloin valintoja on v\u00e4hemm\u00e4n &#8211; vain kestolinkki, artikkelikuva ja keskustelu, joten n\u00e4m\u00e4 samat ohjeet soveltuvat my\u00f6s sivun muokkaamiseen.<\/p>\n\n\n\n<h4 class=\"wp-block-heading\">Asiakirja<\/h4>\n\n\n\n<p>Kun painat rattaan kuvaa oikeassa yl\u00e4kulmassa, oikeaan reunaan aukeaa valikko (jos se ei ollut jo n\u00e4kyviss\u00e4). Voit valita yl\u00e4reunasta v\u00e4lilehden, ty\u00f6st\u00e4tk\u00f6 asiakirjaa vai lohkoa. Asiakirjavalikossa, joka n\u00e4kyy alla olevassa kuvassa, voit siirt\u00e4\u00e4 postauksen roskakoriin. Voit muokata <strong>kestolinkki\u00e4<\/strong>, lis\u00e4t\u00e4 <strong>kategorioita<\/strong> ja <strong>avainsanoja<\/strong>.&nbsp;&nbsp;<\/p>\n\n\n\n<p>Kirjoittamasi artikkelit menev\u00e4t oletuksena<strong> kategoriaan<\/strong> &#8221;Yleinen&#8221;. Kategorioita tekem\u00e4ll\u00e4 saat jaoteltua artikkelit haluamallasi tavalla. Voit suunnitella jo alussa, millaisia kategorioita tarvitset, tai k\u00e4yd\u00e4 lis\u00e4\u00e4m\u00e4ss\u00e4 ne my\u00f6hemmin.<\/p>\n\n\n\n<p><strong>Avainsanoja<\/strong> kannattaa lis\u00e4t\u00e4 useimpiin artikkeleihin. Valitse postauksen 3-5 aihetta hyvin kuvaavaa sanaa. Avainsanojen k\u00e4yt\u00f6ll\u00e4 voit vaikuttaa blogisi hakukonel\u00f6ydett\u00e4vyyteen.\u00a0<\/p>\n\n\n\n<p>Kohdassa <strong>Artikkelikuva<\/strong> voit tarvittaessa lis\u00e4t\u00e4 artikkelille aina tiettyyn paikkaan sijoittuvan, tietyn kokoisen kuvan, artikkelikuvan. Sellaista ei ole pakko k\u00e4ytt\u00e4\u00e4, artikkeleihin voi aina lis\u00e4t\u00e4 kuvia tavalliseen tapaan lohkojen avulla.&nbsp;<\/p>\n\n\n\n<p>Kohdassa <strong>Ote<\/strong> voit kirjoittaa ruutuun lyhyen tiivistelm\u00e4n artikkelistasi. Otteen saa n\u00e4kym\u00e4\u00e4n RSS-sy\u00f6tteess\u00e4 koko sis\u00e4ll\u00f6n sijaan &#8211; blogissa olevasta linkist\u00e4 l\u00f6yd\u00e4t lis\u00e4tietoja englanniksi. Teemasta riippuen oteteksti voi n\u00e4ky\u00e4 my\u00f6s eri arkistoissa. Oteteksti\u00e4 ei ole pakko kirjoittaa.&nbsp;<\/p>\n\n\n\n<p>Alimpana on kohta <strong>Keskustelu<\/strong>. Siell\u00e4 voit sallia artikkelin kommentoinnin sek\u00e4 linkki-ilmoitukset ja paluuviitteet, tai poistaa n\u00e4m\u00e4 valinnat.<\/p>\n\n\n\n<h4 class=\"wp-block-heading\">Lohko<\/h4>\n\n\n\n<p>Valikon ensimm\u00e4inen v\u00e4lilehti on &#8221;Asiakirja&#8221; ja toinen v\u00e4lilehti &#8221;Lohko&#8221;. Valitse ensin lohko, johon haluat tehd\u00e4 muutoksia. T\u00e4t\u00e4 kautta voit muuttaa esimerkiksi <strong>kirjasimen kokoa<\/strong> sek\u00e4 <strong>taustan<\/strong> ja <strong>tekstin<\/strong> <strong>v\u00e4ri\u00e4<\/strong> niin halutessasi.<\/p>\n\n\n\n<figure class=\"wp-block-image\"><img loading=\"lazy\" decoding=\"async\" width=\"1434\" height=\"907\" src=\"https:\/\/blogit.gradia.fi\/esimerkki\/wp-content\/uploads\/sites\/15\/2019\/01\/oikealaita.png\" alt=\"Kuvakaappaus asetukset-valikosta tekstieditorin oikeassa reunassa.\" class=\"wp-image-262\" \/><\/figure>\n\n\n\n<p><br><\/p>\n","protected":false},"excerpt":{"rendered":"<p>T\u00e4ll\u00e4 sivulla kerrotaan, mit\u00e4 valintoja tekstieditorin asetukset-valikon kautta saa tehty\u00e4. Ohjeet koskevat ensisijaisesti artikkelia. Asetukset-valikko on k\u00e4yt\u00f6ss\u00e4 my\u00f6s sivuja muokattaessa, mutta silloin valintoja on v\u00e4hemm\u00e4n &#8211; vain kestolinkki, artikkelikuva ja keskustelu, joten n\u00e4m\u00e4 samat ohjeet soveltuvat my\u00f6s sivun muokkaamiseen. Asiakirja Kun painat rattaan kuvaa oikeassa yl\u00e4kulmassa, oikeaan reunaan aukeaa valikko (jos se ei ollut jo &hellip; <a href=\"https:\/\/blogit.gradia.fi\/esimerkki\/oikean-reunan-valikko\/\" class=\"more-link\">Jatka lukemista <span class=\"screen-reader-text\">Asetukset-valikko<\/span> <span class=\"meta-nav\">&rarr;<\/span><\/a><\/p>\n","protected":false},"author":9,"featured_media":0,"parent":0,"menu_order":0,"comment_status":"closed","ping_status":"closed","template":"","meta":{"_uag_custom_page_level_css":"","footnotes":""},"class_list":["post-162","page","type-page","status-publish","hentry"],"yoast_head":"<!-- This site is optimized with the Yoast SEO plugin v27.2 - https:\/\/yoast.com\/product\/yoast-seo-wordpress\/ -->\n<title>Asetukset-valikko - Esimerkki<\/title>\n<meta name=\"robots\" content=\"index, follow, max-snippet:-1, max-image-preview:large, max-video-preview:-1\" \/>\n<link rel=\"canonical\" href=\"https:\/\/blogit.gradia.fi\/esimerkki\/oikean-reunan-valikko\/\" \/>\n<meta property=\"og:locale\" content=\"fi_FI\" \/>\n<meta property=\"og:type\" content=\"article\" \/>\n<meta property=\"og:title\" content=\"Asetukset-valikko - Esimerkki\" \/>\n<meta property=\"og:description\" content=\"T\u00e4ll\u00e4 sivulla kerrotaan, mit\u00e4 valintoja tekstieditorin asetukset-valikon kautta saa tehty\u00e4. Ohjeet koskevat ensisijaisesti artikkelia. Asetukset-valikko on k\u00e4yt\u00f6ss\u00e4 my\u00f6s sivuja muokattaessa, mutta silloin valintoja on v\u00e4hemm\u00e4n &#8211; vain kestolinkki, artikkelikuva ja keskustelu, joten n\u00e4m\u00e4 samat ohjeet soveltuvat my\u00f6s sivun muokkaamiseen. Asiakirja Kun painat rattaan kuvaa oikeassa yl\u00e4kulmassa, oikeaan reunaan aukeaa valikko (jos se ei ollut jo &hellip; Jatka lukemista Asetukset-valikko &rarr;\" \/>\n<meta property=\"og:url\" content=\"https:\/\/blogit.gradia.fi\/esimerkki\/oikean-reunan-valikko\/\" \/>\n<meta property=\"og:site_name\" content=\"Esimerkki\" \/>\n<meta property=\"article:modified_time\" content=\"2019-01-22T11:07:52+00:00\" \/>\n<meta property=\"og:image\" content=\"https:\/\/blogit.gradia.fi\/esimerkki\/wp-content\/uploads\/sites\/15\/2019\/01\/oikealaita.png\" \/>\n<meta name=\"twitter:card\" content=\"summary_large_image\" \/>\n<meta name=\"twitter:label1\" content=\"Arvioitu lukuaika\" \/>\n\t<meta name=\"twitter:data1\" content=\"1 minuutti\" \/>\n<script type=\"application\/ld+json\" class=\"yoast-schema-graph\">{\"@context\":\"https:\/\/schema.org\",\"@graph\":[{\"@type\":\"WebPage\",\"@id\":\"https:\/\/blogit.gradia.fi\/esimerkki\/oikean-reunan-valikko\/\",\"url\":\"https:\/\/blogit.gradia.fi\/esimerkki\/oikean-reunan-valikko\/\",\"name\":\"Asetukset-valikko - Esimerkki\",\"isPartOf\":{\"@id\":\"https:\/\/blogit.gradia.fi\/esimerkki\/#website\"},\"primaryImageOfPage\":{\"@id\":\"https:\/\/blogit.gradia.fi\/esimerkki\/oikean-reunan-valikko\/#primaryimage\"},\"image\":{\"@id\":\"https:\/\/blogit.gradia.fi\/esimerkki\/oikean-reunan-valikko\/#primaryimage\"},\"thumbnailUrl\":\"https:\/\/blogit.gradia.fi\/esimerkki\/wp-content\/uploads\/sites\/15\/2019\/01\/oikealaita.png\",\"datePublished\":\"2019-01-16T10:34:56+00:00\",\"dateModified\":\"2019-01-22T11:07:52+00:00\",\"breadcrumb\":{\"@id\":\"https:\/\/blogit.gradia.fi\/esimerkki\/oikean-reunan-valikko\/#breadcrumb\"},\"inLanguage\":\"fi\",\"potentialAction\":[{\"@type\":\"ReadAction\",\"target\":[\"https:\/\/blogit.gradia.fi\/esimerkki\/oikean-reunan-valikko\/\"]}]},{\"@type\":\"ImageObject\",\"inLanguage\":\"fi\",\"@id\":\"https:\/\/blogit.gradia.fi\/esimerkki\/oikean-reunan-valikko\/#primaryimage\",\"url\":\"https:\/\/blogit.gradia.fi\/esimerkki\/wp-content\/uploads\/sites\/15\/2019\/01\/oikealaita.png\",\"contentUrl\":\"https:\/\/blogit.gradia.fi\/esimerkki\/wp-content\/uploads\/sites\/15\/2019\/01\/oikealaita.png\",\"width\":1434,\"height\":907},{\"@type\":\"BreadcrumbList\",\"@id\":\"https:\/\/blogit.gradia.fi\/esimerkki\/oikean-reunan-valikko\/#breadcrumb\",\"itemListElement\":[{\"@type\":\"ListItem\",\"position\":1,\"name\":\"Home\",\"item\":\"https:\/\/blogit.gradia.fi\/esimerkki\/\"},{\"@type\":\"ListItem\",\"position\":2,\"name\":\"Asetukset-valikko\"}]},{\"@type\":\"WebSite\",\"@id\":\"https:\/\/blogit.gradia.fi\/esimerkki\/#website\",\"url\":\"https:\/\/blogit.gradia.fi\/esimerkki\/\",\"name\":\"Esimerkki\",\"description\":\"Gradian blogiohjesivusto\",\"potentialAction\":[{\"@type\":\"SearchAction\",\"target\":{\"@type\":\"EntryPoint\",\"urlTemplate\":\"https:\/\/blogit.gradia.fi\/esimerkki\/?s={search_term_string}\"},\"query-input\":{\"@type\":\"PropertyValueSpecification\",\"valueRequired\":true,\"valueName\":\"search_term_string\"}}],\"inLanguage\":\"fi\"}]}<\/script>\n<!-- \/ Yoast SEO plugin. -->","yoast_head_json":{"title":"Asetukset-valikko - Esimerkki","robots":{"index":"index","follow":"follow","max-snippet":"max-snippet:-1","max-image-preview":"max-image-preview:large","max-video-preview":"max-video-preview:-1"},"canonical":"https:\/\/blogit.gradia.fi\/esimerkki\/oikean-reunan-valikko\/","og_locale":"fi_FI","og_type":"article","og_title":"Asetukset-valikko - Esimerkki","og_description":"T\u00e4ll\u00e4 sivulla kerrotaan, mit\u00e4 valintoja tekstieditorin asetukset-valikon kautta saa tehty\u00e4. Ohjeet koskevat ensisijaisesti artikkelia. Asetukset-valikko on k\u00e4yt\u00f6ss\u00e4 my\u00f6s sivuja muokattaessa, mutta silloin valintoja on v\u00e4hemm\u00e4n &#8211; vain kestolinkki, artikkelikuva ja keskustelu, joten n\u00e4m\u00e4 samat ohjeet soveltuvat my\u00f6s sivun muokkaamiseen. Asiakirja Kun painat rattaan kuvaa oikeassa yl\u00e4kulmassa, oikeaan reunaan aukeaa valikko (jos se ei ollut jo &hellip; Jatka lukemista Asetukset-valikko &rarr;","og_url":"https:\/\/blogit.gradia.fi\/esimerkki\/oikean-reunan-valikko\/","og_site_name":"Esimerkki","article_modified_time":"2019-01-22T11:07:52+00:00","og_image":[{"url":"https:\/\/blogit.gradia.fi\/esimerkki\/wp-content\/uploads\/sites\/15\/2019\/01\/oikealaita.png","type":"","width":"","height":""}],"twitter_card":"summary_large_image","twitter_misc":{"Arvioitu lukuaika":"1 minuutti"},"schema":{"@context":"https:\/\/schema.org","@graph":[{"@type":"WebPage","@id":"https:\/\/blogit.gradia.fi\/esimerkki\/oikean-reunan-valikko\/","url":"https:\/\/blogit.gradia.fi\/esimerkki\/oikean-reunan-valikko\/","name":"Asetukset-valikko - Esimerkki","isPartOf":{"@id":"https:\/\/blogit.gradia.fi\/esimerkki\/#website"},"primaryImageOfPage":{"@id":"https:\/\/blogit.gradia.fi\/esimerkki\/oikean-reunan-valikko\/#primaryimage"},"image":{"@id":"https:\/\/blogit.gradia.fi\/esimerkki\/oikean-reunan-valikko\/#primaryimage"},"thumbnailUrl":"https:\/\/blogit.gradia.fi\/esimerkki\/wp-content\/uploads\/sites\/15\/2019\/01\/oikealaita.png","datePublished":"2019-01-16T10:34:56+00:00","dateModified":"2019-01-22T11:07:52+00:00","breadcrumb":{"@id":"https:\/\/blogit.gradia.fi\/esimerkki\/oikean-reunan-valikko\/#breadcrumb"},"inLanguage":"fi","potentialAction":[{"@type":"ReadAction","target":["https:\/\/blogit.gradia.fi\/esimerkki\/oikean-reunan-valikko\/"]}]},{"@type":"ImageObject","inLanguage":"fi","@id":"https:\/\/blogit.gradia.fi\/esimerkki\/oikean-reunan-valikko\/#primaryimage","url":"https:\/\/blogit.gradia.fi\/esimerkki\/wp-content\/uploads\/sites\/15\/2019\/01\/oikealaita.png","contentUrl":"https:\/\/blogit.gradia.fi\/esimerkki\/wp-content\/uploads\/sites\/15\/2019\/01\/oikealaita.png","width":1434,"height":907},{"@type":"BreadcrumbList","@id":"https:\/\/blogit.gradia.fi\/esimerkki\/oikean-reunan-valikko\/#breadcrumb","itemListElement":[{"@type":"ListItem","position":1,"name":"Home","item":"https:\/\/blogit.gradia.fi\/esimerkki\/"},{"@type":"ListItem","position":2,"name":"Asetukset-valikko"}]},{"@type":"WebSite","@id":"https:\/\/blogit.gradia.fi\/esimerkki\/#website","url":"https:\/\/blogit.gradia.fi\/esimerkki\/","name":"Esimerkki","description":"Gradian blogiohjesivusto","potentialAction":[{"@type":"SearchAction","target":{"@type":"EntryPoint","urlTemplate":"https:\/\/blogit.gradia.fi\/esimerkki\/?s={search_term_string}"},"query-input":{"@type":"PropertyValueSpecification","valueRequired":true,"valueName":"search_term_string"}}],"inLanguage":"fi"}]}},"uagb_featured_image_src":{"full":false,"thumbnail":false,"medium":false,"medium_large":false,"large":false,"1536x1536":false,"2048x2048":false,"post-thumbnail":false},"uagb_author_info":{"display_name":"pirita","author_link":"https:\/\/blogit.gradia.fi\/esimerkki\/author\/pirita\/"},"uagb_comment_info":0,"uagb_excerpt":"T\u00e4ll\u00e4 sivulla kerrotaan, mit\u00e4 valintoja tekstieditorin asetukset-valikon kautta saa tehty\u00e4. Ohjeet koskevat ensisijaisesti artikkelia. Asetukset-valikko on k\u00e4yt\u00f6ss\u00e4 my\u00f6s sivuja muokattaessa, mutta silloin valintoja on v\u00e4hemm\u00e4n &#8211; vain kestolinkki, artikkelikuva ja keskustelu, joten n\u00e4m\u00e4 samat ohjeet soveltuvat my\u00f6s sivun muokkaamiseen. Asiakirja Kun painat rattaan kuvaa oikeassa yl\u00e4kulmassa, oikeaan reunaan aukeaa valikko (jos se ei ollut jo&hellip;","_links":{"self":[{"href":"https:\/\/blogit.gradia.fi\/esimerkki\/wp-json\/wp\/v2\/pages\/162","targetHints":{"allow":["GET"]}}],"collection":[{"href":"https:\/\/blogit.gradia.fi\/esimerkki\/wp-json\/wp\/v2\/pages"}],"about":[{"href":"https:\/\/blogit.gradia.fi\/esimerkki\/wp-json\/wp\/v2\/types\/page"}],"author":[{"embeddable":true,"href":"https:\/\/blogit.gradia.fi\/esimerkki\/wp-json\/wp\/v2\/users\/9"}],"replies":[{"embeddable":true,"href":"https:\/\/blogit.gradia.fi\/esimerkki\/wp-json\/wp\/v2\/comments?post=162"}],"version-history":[{"count":16,"href":"https:\/\/blogit.gradia.fi\/esimerkki\/wp-json\/wp\/v2\/pages\/162\/revisions"}],"predecessor-version":[{"id":369,"href":"https:\/\/blogit.gradia.fi\/esimerkki\/wp-json\/wp\/v2\/pages\/162\/revisions\/369"}],"wp:attachment":[{"href":"https:\/\/blogit.gradia.fi\/esimerkki\/wp-json\/wp\/v2\/media?parent=162"}],"curies":[{"name":"wp","href":"https:\/\/api.w.org\/{rel}","templated":true}]}}