{"id":158,"date":"2019-01-16T12:33:11","date_gmt":"2019-01-16T10:33:11","guid":{"rendered":"https:\/\/blogit.gradia.fi\/esimerkki\/?page_id=158"},"modified":"2019-01-23T14:06:41","modified_gmt":"2019-01-23T12:06:41","slug":"tekstieditorin-kaytto","status":"publish","type":"page","link":"https:\/\/blogit.gradia.fi\/esimerkki\/tekstieditorin-kaytto\/","title":{"rendered":"Tekstieditori ja lohkot"},"content":{"rendered":"\n<p>T\u00e4ll\u00e4 sivulla kerrotaan lyhyesti artikkelin (tai sivun) muokkaamisesta  Gutenberg-editorin ja lohkojen avulla. <\/p>\n\n\n\n<p>Jos olet ohjausn\u00e4kym\u00e4ss\u00e4, mene sivun yl\u00e4reunassa kohtaan, jossa lukee blogisi nimi ja valitse \u201cVieraile sivustolla\u201d.&nbsp;&nbsp;<\/p>\n\n\n\n<p>Kun olet blogin\u00e4kym\u00e4ss\u00e4, p\u00e4\u00e4set muokkaamaan ensimm\u00e4ist\u00e4 artikkelia valitsemalla linkin \u201cMuokkaa\u201d. Uuden artikkelin saat luotua painamalla y\u00e4reunasta &#8221;+ Uusi&#8221; -linkki\u00e4 ja valitsemalla alasvetovalikosta kohdan &#8221;Artikkeli&#8221;.<\/p>\n\n\n\n<p>K\u00e4yt\u00f6ss\u00e4 oleva editori eli sis\u00e4ll\u00f6nsy\u00f6tt\u00f6ty\u00f6kalu on nimelt\u00e4\u00e4n Gutenberg. Se on nimetty kirjapainon keksij\u00e4n Johannes Gutenbergin (1398-1468) mukaan . Teksti\u00e4 ja kuvia ei editorissa laiteta blogiin yhteen p\u00f6tk\u00f6\u00f6n, vaan esimerkiksi otsikolle, tekstikappaleelle ja kuvalle on jokaiselle oma erillinen <strong>lohko<\/strong>nsa. Viem\u00e4ll\u00e4 hiiren viimeisen lohkon loppuun saat n\u00e4kyviin plusmerkin, josta voit valita, millaisen lohkon haluat seuraavaksi lis\u00e4t\u00e4. Vaihtoehtoja ovat esimerkiksi kappale, otsikko, kuva, galleria, lista, lainaus, \u00e4\u00e4ni, kansi, tiedosto ja video. Kokeile!&nbsp;<\/p>\n\n\n\n<p>Voit muokata ensimm\u00e4ist\u00e4 artikkelia lohko kerrallaan ja lis\u00e4t\u00e4 lohkoja. Lohkojen paikkoja voi vaihtaa siirt\u00e4m\u00e4ll\u00e4 niit\u00e4 yl\u00f6s- tai alasp\u00e4in lohkon vasempaan reunaan ilmestyvist\u00e4 nuolista.&nbsp;<\/p>\n\n\n\n<p><strong>Vinkki<\/strong>: Vieritt\u00e4m\u00e4ll\u00e4 lohkovalinnan vieress\u00e4 palkkia alasp\u00e4in, saat n\u00e4kyviin lis\u00e4\u00e4 valikoita kuten yleiset lohkot, muotoilu, asettelun elementit, vimpaimet ja upotukset. Klikkaa ne auki ja tutki, mit\u00e4 kaikkea l\u00f6ytyy.&nbsp;<\/p>\n\n\n\n<p><strong>Huom! <\/strong>Kun laitat kuvia blogiisi, muistathan tekij\u00e4noikeudet.<\/p>\n\n\n\n<figure class=\"wp-block-video\"><video height=\"998\" style=\"aspect-ratio: 1386 \/ 998;\" width=\"1386\" controls src=\"https:\/\/blogit.gradia.fi\/esimerkki\/wp-content\/uploads\/sites\/15\/2019\/01\/Lohko.mp4\"><\/video><\/figure>\n","protected":false},"excerpt":{"rendered":"<p>T\u00e4ll\u00e4 sivulla kerrotaan lyhyesti artikkelin (tai sivun) muokkaamisesta Gutenberg-editorin ja lohkojen avulla. Jos olet ohjausn\u00e4kym\u00e4ss\u00e4, mene sivun yl\u00e4reunassa kohtaan, jossa lukee blogisi nimi ja valitse \u201cVieraile sivustolla\u201d.&nbsp;&nbsp; Kun olet blogin\u00e4kym\u00e4ss\u00e4, p\u00e4\u00e4set muokkaamaan ensimm\u00e4ist\u00e4 artikkelia valitsemalla linkin \u201cMuokkaa\u201d. Uuden artikkelin saat luotua painamalla y\u00e4reunasta &#8221;+ Uusi&#8221; -linkki\u00e4 ja valitsemalla alasvetovalikosta kohdan &#8221;Artikkeli&#8221;. K\u00e4yt\u00f6ss\u00e4 oleva editori eli &hellip; <a href=\"https:\/\/blogit.gradia.fi\/esimerkki\/tekstieditorin-kaytto\/\" class=\"more-link\">Jatka lukemista <span class=\"screen-reader-text\">Tekstieditori ja lohkot<\/span> <span class=\"meta-nav\">&rarr;<\/span><\/a><\/p>\n","protected":false},"author":9,"featured_media":0,"parent":0,"menu_order":0,"comment_status":"closed","ping_status":"closed","template":"","meta":{"_uag_custom_page_level_css":"","footnotes":""},"class_list":["post-158","page","type-page","status-publish","hentry"],"yoast_head":"<!-- This site is optimized with the Yoast SEO plugin v27.2 - https:\/\/yoast.com\/product\/yoast-seo-wordpress\/ -->\n<title>Tekstieditori ja lohkot - Esimerkki<\/title>\n<meta name=\"robots\" content=\"index, follow, max-snippet:-1, max-image-preview:large, max-video-preview:-1\" \/>\n<link rel=\"canonical\" href=\"https:\/\/blogit.gradia.fi\/esimerkki\/tekstieditorin-kaytto\/\" \/>\n<meta property=\"og:locale\" content=\"fi_FI\" \/>\n<meta property=\"og:type\" content=\"article\" \/>\n<meta property=\"og:title\" content=\"Tekstieditori ja lohkot - Esimerkki\" \/>\n<meta property=\"og:description\" content=\"T\u00e4ll\u00e4 sivulla kerrotaan lyhyesti artikkelin (tai sivun) muokkaamisesta Gutenberg-editorin ja lohkojen avulla. Jos olet ohjausn\u00e4kym\u00e4ss\u00e4, mene sivun yl\u00e4reunassa kohtaan, jossa lukee blogisi nimi ja valitse \u201cVieraile sivustolla\u201d.&nbsp;&nbsp; Kun olet blogin\u00e4kym\u00e4ss\u00e4, p\u00e4\u00e4set muokkaamaan ensimm\u00e4ist\u00e4 artikkelia valitsemalla linkin \u201cMuokkaa\u201d. Uuden artikkelin saat luotua painamalla y\u00e4reunasta &#8221;+ Uusi&#8221; -linkki\u00e4 ja valitsemalla alasvetovalikosta kohdan &#8221;Artikkeli&#8221;. K\u00e4yt\u00f6ss\u00e4 oleva editori eli &hellip; Jatka lukemista Tekstieditori ja lohkot &rarr;\" \/>\n<meta property=\"og:url\" content=\"https:\/\/blogit.gradia.fi\/esimerkki\/tekstieditorin-kaytto\/\" \/>\n<meta property=\"og:site_name\" content=\"Esimerkki\" \/>\n<meta property=\"article:modified_time\" content=\"2019-01-23T12:06:41+00:00\" \/>\n<meta name=\"twitter:card\" content=\"summary_large_image\" \/>\n<meta name=\"twitter:label1\" content=\"Arvioitu lukuaika\" \/>\n\t<meta name=\"twitter:data1\" content=\"1 minuutti\" \/>\n<script type=\"application\/ld+json\" class=\"yoast-schema-graph\">{\"@context\":\"https:\/\/schema.org\",\"@graph\":[{\"@type\":\"WebPage\",\"@id\":\"https:\/\/blogit.gradia.fi\/esimerkki\/tekstieditorin-kaytto\/\",\"url\":\"https:\/\/blogit.gradia.fi\/esimerkki\/tekstieditorin-kaytto\/\",\"name\":\"Tekstieditori ja lohkot - Esimerkki\",\"isPartOf\":{\"@id\":\"https:\/\/blogit.gradia.fi\/esimerkki\/#website\"},\"datePublished\":\"2019-01-16T10:33:11+00:00\",\"dateModified\":\"2019-01-23T12:06:41+00:00\",\"breadcrumb\":{\"@id\":\"https:\/\/blogit.gradia.fi\/esimerkki\/tekstieditorin-kaytto\/#breadcrumb\"},\"inLanguage\":\"fi\",\"potentialAction\":[{\"@type\":\"ReadAction\",\"target\":[\"https:\/\/blogit.gradia.fi\/esimerkki\/tekstieditorin-kaytto\/\"]}]},{\"@type\":\"BreadcrumbList\",\"@id\":\"https:\/\/blogit.gradia.fi\/esimerkki\/tekstieditorin-kaytto\/#breadcrumb\",\"itemListElement\":[{\"@type\":\"ListItem\",\"position\":1,\"name\":\"Home\",\"item\":\"https:\/\/blogit.gradia.fi\/esimerkki\/\"},{\"@type\":\"ListItem\",\"position\":2,\"name\":\"Tekstieditori ja lohkot\"}]},{\"@type\":\"WebSite\",\"@id\":\"https:\/\/blogit.gradia.fi\/esimerkki\/#website\",\"url\":\"https:\/\/blogit.gradia.fi\/esimerkki\/\",\"name\":\"Esimerkki\",\"description\":\"Gradian blogiohjesivusto\",\"potentialAction\":[{\"@type\":\"SearchAction\",\"target\":{\"@type\":\"EntryPoint\",\"urlTemplate\":\"https:\/\/blogit.gradia.fi\/esimerkki\/?s={search_term_string}\"},\"query-input\":{\"@type\":\"PropertyValueSpecification\",\"valueRequired\":true,\"valueName\":\"search_term_string\"}}],\"inLanguage\":\"fi\"}]}<\/script>\n<!-- \/ Yoast SEO plugin. -->","yoast_head_json":{"title":"Tekstieditori ja lohkot - Esimerkki","robots":{"index":"index","follow":"follow","max-snippet":"max-snippet:-1","max-image-preview":"max-image-preview:large","max-video-preview":"max-video-preview:-1"},"canonical":"https:\/\/blogit.gradia.fi\/esimerkki\/tekstieditorin-kaytto\/","og_locale":"fi_FI","og_type":"article","og_title":"Tekstieditori ja lohkot - Esimerkki","og_description":"T\u00e4ll\u00e4 sivulla kerrotaan lyhyesti artikkelin (tai sivun) muokkaamisesta Gutenberg-editorin ja lohkojen avulla. Jos olet ohjausn\u00e4kym\u00e4ss\u00e4, mene sivun yl\u00e4reunassa kohtaan, jossa lukee blogisi nimi ja valitse \u201cVieraile sivustolla\u201d.&nbsp;&nbsp; Kun olet blogin\u00e4kym\u00e4ss\u00e4, p\u00e4\u00e4set muokkaamaan ensimm\u00e4ist\u00e4 artikkelia valitsemalla linkin \u201cMuokkaa\u201d. Uuden artikkelin saat luotua painamalla y\u00e4reunasta &#8221;+ Uusi&#8221; -linkki\u00e4 ja valitsemalla alasvetovalikosta kohdan &#8221;Artikkeli&#8221;. K\u00e4yt\u00f6ss\u00e4 oleva editori eli &hellip; Jatka lukemista Tekstieditori ja lohkot &rarr;","og_url":"https:\/\/blogit.gradia.fi\/esimerkki\/tekstieditorin-kaytto\/","og_site_name":"Esimerkki","article_modified_time":"2019-01-23T12:06:41+00:00","twitter_card":"summary_large_image","twitter_misc":{"Arvioitu lukuaika":"1 minuutti"},"schema":{"@context":"https:\/\/schema.org","@graph":[{"@type":"WebPage","@id":"https:\/\/blogit.gradia.fi\/esimerkki\/tekstieditorin-kaytto\/","url":"https:\/\/blogit.gradia.fi\/esimerkki\/tekstieditorin-kaytto\/","name":"Tekstieditori ja lohkot - Esimerkki","isPartOf":{"@id":"https:\/\/blogit.gradia.fi\/esimerkki\/#website"},"datePublished":"2019-01-16T10:33:11+00:00","dateModified":"2019-01-23T12:06:41+00:00","breadcrumb":{"@id":"https:\/\/blogit.gradia.fi\/esimerkki\/tekstieditorin-kaytto\/#breadcrumb"},"inLanguage":"fi","potentialAction":[{"@type":"ReadAction","target":["https:\/\/blogit.gradia.fi\/esimerkki\/tekstieditorin-kaytto\/"]}]},{"@type":"BreadcrumbList","@id":"https:\/\/blogit.gradia.fi\/esimerkki\/tekstieditorin-kaytto\/#breadcrumb","itemListElement":[{"@type":"ListItem","position":1,"name":"Home","item":"https:\/\/blogit.gradia.fi\/esimerkki\/"},{"@type":"ListItem","position":2,"name":"Tekstieditori ja lohkot"}]},{"@type":"WebSite","@id":"https:\/\/blogit.gradia.fi\/esimerkki\/#website","url":"https:\/\/blogit.gradia.fi\/esimerkki\/","name":"Esimerkki","description":"Gradian blogiohjesivusto","potentialAction":[{"@type":"SearchAction","target":{"@type":"EntryPoint","urlTemplate":"https:\/\/blogit.gradia.fi\/esimerkki\/?s={search_term_string}"},"query-input":{"@type":"PropertyValueSpecification","valueRequired":true,"valueName":"search_term_string"}}],"inLanguage":"fi"}]}},"uagb_featured_image_src":{"full":false,"thumbnail":false,"medium":false,"medium_large":false,"large":false,"1536x1536":false,"2048x2048":false,"post-thumbnail":false},"uagb_author_info":{"display_name":"pirita","author_link":"https:\/\/blogit.gradia.fi\/esimerkki\/author\/pirita\/"},"uagb_comment_info":0,"uagb_excerpt":"T\u00e4ll\u00e4 sivulla kerrotaan lyhyesti artikkelin (tai sivun) muokkaamisesta Gutenberg-editorin ja lohkojen avulla. Jos olet ohjausn\u00e4kym\u00e4ss\u00e4, mene sivun yl\u00e4reunassa kohtaan, jossa lukee blogisi nimi ja valitse \u201cVieraile sivustolla\u201d.&nbsp;&nbsp; Kun olet blogin\u00e4kym\u00e4ss\u00e4, p\u00e4\u00e4set muokkaamaan ensimm\u00e4ist\u00e4 artikkelia valitsemalla linkin \u201cMuokkaa\u201d. Uuden artikkelin saat luotua painamalla y\u00e4reunasta &#8221;+ Uusi&#8221; -linkki\u00e4 ja valitsemalla alasvetovalikosta kohdan &#8221;Artikkeli&#8221;. K\u00e4yt\u00f6ss\u00e4 oleva editori eli&hellip;","_links":{"self":[{"href":"https:\/\/blogit.gradia.fi\/esimerkki\/wp-json\/wp\/v2\/pages\/158","targetHints":{"allow":["GET"]}}],"collection":[{"href":"https:\/\/blogit.gradia.fi\/esimerkki\/wp-json\/wp\/v2\/pages"}],"about":[{"href":"https:\/\/blogit.gradia.fi\/esimerkki\/wp-json\/wp\/v2\/types\/page"}],"author":[{"embeddable":true,"href":"https:\/\/blogit.gradia.fi\/esimerkki\/wp-json\/wp\/v2\/users\/9"}],"replies":[{"embeddable":true,"href":"https:\/\/blogit.gradia.fi\/esimerkki\/wp-json\/wp\/v2\/comments?post=158"}],"version-history":[{"count":10,"href":"https:\/\/blogit.gradia.fi\/esimerkki\/wp-json\/wp\/v2\/pages\/158\/revisions"}],"predecessor-version":[{"id":394,"href":"https:\/\/blogit.gradia.fi\/esimerkki\/wp-json\/wp\/v2\/pages\/158\/revisions\/394"}],"wp:attachment":[{"href":"https:\/\/blogit.gradia.fi\/esimerkki\/wp-json\/wp\/v2\/media?parent=158"}],"curies":[{"name":"wp","href":"https:\/\/api.w.org\/{rel}","templated":true}]}}