{"id":150,"date":"2019-01-16T12:21:20","date_gmt":"2019-01-16T10:21:20","guid":{"rendered":"https:\/\/blogit.gradia.fi\/esimerkki\/?page_id=150"},"modified":"2019-01-18T12:37:29","modified_gmt":"2019-01-18T10:37:29","slug":"kotisivun-asetukset","status":"publish","type":"page","link":"https:\/\/blogit.gradia.fi\/esimerkki\/kotisivun-asetukset\/","title":{"rendered":"Kotisivun asetukset"},"content":{"rendered":"\n<p>T\u00e4\u00e4ll\u00e4 voit valita, mit\u00e4 kotisivulla n\u00e4ytet\u00e4\u00e4n. Se voi n\u00e4ytt\u00e4\u00e4 artikkelit k\u00e4\u00e4nteisess\u00e4 kronologisessa j\u00e4rjestyksess\u00e4 (perinteinen blogi) tai staattisen, pysyv\u00e4n sivun. Jos haluat perinteisen blogin, sinun ei tarvitse tehd\u00e4 mit\u00e4\u00e4n.&nbsp;<\/p>\n\n\n\n<p>Jos taas haluat kiinte\u00e4n kotisivun, laita valinta kohtaan \u201cstaattinen sivu\u201d.  T\u00e4t\u00e4 varten sinulla pit\u00e4\u00e4 olla v\u00e4hint\u00e4\u00e4n kaksi sivua. Toisesta tulee pysyv\u00e4 kotisivu, ja artikkelit n\u00e4kyv\u00e4t toisella sivulla. Uuden sivun saat luotua painamalla yl\u00e4reunasta&#8221;+ Uusi&#8221;-painiketta ja valitsemalla alasvetovalikosta kohdan &#8221;Sivu&#8221;.<\/p>\n\n\n\n<figure class=\"wp-block-image\"><img loading=\"lazy\" decoding=\"async\" width=\"1243\" height=\"949\" src=\"https:\/\/blogit.gradia.fi\/esimerkki\/wp-content\/uploads\/sites\/15\/2019\/01\/kotisivunasetukset.png\" alt=\"Kuvakaappaus valikosta, jossa voi muokata kotisivun asetuksia.\" class=\"wp-image-268\" \/><\/figure>\n","protected":false},"excerpt":{"rendered":"<p>T\u00e4\u00e4ll\u00e4 voit valita, mit\u00e4 kotisivulla n\u00e4ytet\u00e4\u00e4n. Se voi n\u00e4ytt\u00e4\u00e4 artikkelit k\u00e4\u00e4nteisess\u00e4 kronologisessa j\u00e4rjestyksess\u00e4 (perinteinen blogi) tai staattisen, pysyv\u00e4n sivun. Jos haluat perinteisen blogin, sinun ei tarvitse tehd\u00e4 mit\u00e4\u00e4n.&nbsp; Jos taas haluat kiinte\u00e4n kotisivun, laita valinta kohtaan \u201cstaattinen sivu\u201d. T\u00e4t\u00e4 varten sinulla pit\u00e4\u00e4 olla v\u00e4hint\u00e4\u00e4n kaksi sivua. Toisesta tulee pysyv\u00e4 kotisivu, ja artikkelit n\u00e4kyv\u00e4t toisella sivulla. &hellip; <a href=\"https:\/\/blogit.gradia.fi\/esimerkki\/kotisivun-asetukset\/\" class=\"more-link\">Jatka lukemista <span class=\"screen-reader-text\">Kotisivun asetukset<\/span> <span class=\"meta-nav\">&rarr;<\/span><\/a><\/p>\n","protected":false},"author":9,"featured_media":0,"parent":0,"menu_order":0,"comment_status":"closed","ping_status":"closed","template":"","meta":{"_uag_custom_page_level_css":"","footnotes":""},"class_list":["post-150","page","type-page","status-publish","hentry"],"yoast_head":"<!-- This site is optimized with the Yoast SEO plugin v27.2 - https:\/\/yoast.com\/product\/yoast-seo-wordpress\/ -->\n<title>Kotisivun asetukset - Esimerkki<\/title>\n<meta name=\"robots\" content=\"index, follow, max-snippet:-1, max-image-preview:large, max-video-preview:-1\" \/>\n<link rel=\"canonical\" href=\"https:\/\/blogit.gradia.fi\/esimerkki\/kotisivun-asetukset\/\" \/>\n<meta property=\"og:locale\" content=\"fi_FI\" \/>\n<meta property=\"og:type\" content=\"article\" \/>\n<meta property=\"og:title\" content=\"Kotisivun asetukset - Esimerkki\" \/>\n<meta property=\"og:description\" content=\"T\u00e4\u00e4ll\u00e4 voit valita, mit\u00e4 kotisivulla n\u00e4ytet\u00e4\u00e4n. Se voi n\u00e4ytt\u00e4\u00e4 artikkelit k\u00e4\u00e4nteisess\u00e4 kronologisessa j\u00e4rjestyksess\u00e4 (perinteinen blogi) tai staattisen, pysyv\u00e4n sivun. Jos haluat perinteisen blogin, sinun ei tarvitse tehd\u00e4 mit\u00e4\u00e4n.&nbsp; Jos taas haluat kiinte\u00e4n kotisivun, laita valinta kohtaan \u201cstaattinen sivu\u201d. T\u00e4t\u00e4 varten sinulla pit\u00e4\u00e4 olla v\u00e4hint\u00e4\u00e4n kaksi sivua. Toisesta tulee pysyv\u00e4 kotisivu, ja artikkelit n\u00e4kyv\u00e4t toisella sivulla. &hellip; Jatka lukemista Kotisivun asetukset &rarr;\" \/>\n<meta property=\"og:url\" content=\"https:\/\/blogit.gradia.fi\/esimerkki\/kotisivun-asetukset\/\" \/>\n<meta property=\"og:site_name\" content=\"Esimerkki\" \/>\n<meta property=\"article:modified_time\" content=\"2019-01-18T10:37:29+00:00\" \/>\n<meta property=\"og:image\" content=\"https:\/\/blogit.gradia.fi\/esimerkki\/wp-content\/uploads\/sites\/15\/2019\/01\/kotisivunasetukset.png\" \/>\n<meta name=\"twitter:card\" content=\"summary_large_image\" \/>\n<script type=\"application\/ld+json\" class=\"yoast-schema-graph\">{\"@context\":\"https:\/\/schema.org\",\"@graph\":[{\"@type\":\"WebPage\",\"@id\":\"https:\/\/blogit.gradia.fi\/esimerkki\/kotisivun-asetukset\/\",\"url\":\"https:\/\/blogit.gradia.fi\/esimerkki\/kotisivun-asetukset\/\",\"name\":\"Kotisivun asetukset - Esimerkki\",\"isPartOf\":{\"@id\":\"https:\/\/blogit.gradia.fi\/esimerkki\/#website\"},\"primaryImageOfPage\":{\"@id\":\"https:\/\/blogit.gradia.fi\/esimerkki\/kotisivun-asetukset\/#primaryimage\"},\"image\":{\"@id\":\"https:\/\/blogit.gradia.fi\/esimerkki\/kotisivun-asetukset\/#primaryimage\"},\"thumbnailUrl\":\"https:\/\/blogit.gradia.fi\/esimerkki\/wp-content\/uploads\/sites\/15\/2019\/01\/kotisivunasetukset.png\",\"datePublished\":\"2019-01-16T10:21:20+00:00\",\"dateModified\":\"2019-01-18T10:37:29+00:00\",\"breadcrumb\":{\"@id\":\"https:\/\/blogit.gradia.fi\/esimerkki\/kotisivun-asetukset\/#breadcrumb\"},\"inLanguage\":\"fi\",\"potentialAction\":[{\"@type\":\"ReadAction\",\"target\":[\"https:\/\/blogit.gradia.fi\/esimerkki\/kotisivun-asetukset\/\"]}]},{\"@type\":\"ImageObject\",\"inLanguage\":\"fi\",\"@id\":\"https:\/\/blogit.gradia.fi\/esimerkki\/kotisivun-asetukset\/#primaryimage\",\"url\":\"https:\/\/blogit.gradia.fi\/esimerkki\/wp-content\/uploads\/sites\/15\/2019\/01\/kotisivunasetukset.png\",\"contentUrl\":\"https:\/\/blogit.gradia.fi\/esimerkki\/wp-content\/uploads\/sites\/15\/2019\/01\/kotisivunasetukset.png\",\"width\":1243,\"height\":949},{\"@type\":\"BreadcrumbList\",\"@id\":\"https:\/\/blogit.gradia.fi\/esimerkki\/kotisivun-asetukset\/#breadcrumb\",\"itemListElement\":[{\"@type\":\"ListItem\",\"position\":1,\"name\":\"Home\",\"item\":\"https:\/\/blogit.gradia.fi\/esimerkki\/\"},{\"@type\":\"ListItem\",\"position\":2,\"name\":\"Kotisivun asetukset\"}]},{\"@type\":\"WebSite\",\"@id\":\"https:\/\/blogit.gradia.fi\/esimerkki\/#website\",\"url\":\"https:\/\/blogit.gradia.fi\/esimerkki\/\",\"name\":\"Esimerkki\",\"description\":\"Gradian blogiohjesivusto\",\"potentialAction\":[{\"@type\":\"SearchAction\",\"target\":{\"@type\":\"EntryPoint\",\"urlTemplate\":\"https:\/\/blogit.gradia.fi\/esimerkki\/?s={search_term_string}\"},\"query-input\":{\"@type\":\"PropertyValueSpecification\",\"valueRequired\":true,\"valueName\":\"search_term_string\"}}],\"inLanguage\":\"fi\"}]}<\/script>\n<!-- \/ Yoast SEO plugin. -->","yoast_head_json":{"title":"Kotisivun asetukset - Esimerkki","robots":{"index":"index","follow":"follow","max-snippet":"max-snippet:-1","max-image-preview":"max-image-preview:large","max-video-preview":"max-video-preview:-1"},"canonical":"https:\/\/blogit.gradia.fi\/esimerkki\/kotisivun-asetukset\/","og_locale":"fi_FI","og_type":"article","og_title":"Kotisivun asetukset - Esimerkki","og_description":"T\u00e4\u00e4ll\u00e4 voit valita, mit\u00e4 kotisivulla n\u00e4ytet\u00e4\u00e4n. Se voi n\u00e4ytt\u00e4\u00e4 artikkelit k\u00e4\u00e4nteisess\u00e4 kronologisessa j\u00e4rjestyksess\u00e4 (perinteinen blogi) tai staattisen, pysyv\u00e4n sivun. Jos haluat perinteisen blogin, sinun ei tarvitse tehd\u00e4 mit\u00e4\u00e4n.&nbsp; Jos taas haluat kiinte\u00e4n kotisivun, laita valinta kohtaan \u201cstaattinen sivu\u201d. T\u00e4t\u00e4 varten sinulla pit\u00e4\u00e4 olla v\u00e4hint\u00e4\u00e4n kaksi sivua. Toisesta tulee pysyv\u00e4 kotisivu, ja artikkelit n\u00e4kyv\u00e4t toisella sivulla. &hellip; Jatka lukemista Kotisivun asetukset &rarr;","og_url":"https:\/\/blogit.gradia.fi\/esimerkki\/kotisivun-asetukset\/","og_site_name":"Esimerkki","article_modified_time":"2019-01-18T10:37:29+00:00","og_image":[{"url":"https:\/\/blogit.gradia.fi\/esimerkki\/wp-content\/uploads\/sites\/15\/2019\/01\/kotisivunasetukset.png","type":"","width":"","height":""}],"twitter_card":"summary_large_image","schema":{"@context":"https:\/\/schema.org","@graph":[{"@type":"WebPage","@id":"https:\/\/blogit.gradia.fi\/esimerkki\/kotisivun-asetukset\/","url":"https:\/\/blogit.gradia.fi\/esimerkki\/kotisivun-asetukset\/","name":"Kotisivun asetukset - Esimerkki","isPartOf":{"@id":"https:\/\/blogit.gradia.fi\/esimerkki\/#website"},"primaryImageOfPage":{"@id":"https:\/\/blogit.gradia.fi\/esimerkki\/kotisivun-asetukset\/#primaryimage"},"image":{"@id":"https:\/\/blogit.gradia.fi\/esimerkki\/kotisivun-asetukset\/#primaryimage"},"thumbnailUrl":"https:\/\/blogit.gradia.fi\/esimerkki\/wp-content\/uploads\/sites\/15\/2019\/01\/kotisivunasetukset.png","datePublished":"2019-01-16T10:21:20+00:00","dateModified":"2019-01-18T10:37:29+00:00","breadcrumb":{"@id":"https:\/\/blogit.gradia.fi\/esimerkki\/kotisivun-asetukset\/#breadcrumb"},"inLanguage":"fi","potentialAction":[{"@type":"ReadAction","target":["https:\/\/blogit.gradia.fi\/esimerkki\/kotisivun-asetukset\/"]}]},{"@type":"ImageObject","inLanguage":"fi","@id":"https:\/\/blogit.gradia.fi\/esimerkki\/kotisivun-asetukset\/#primaryimage","url":"https:\/\/blogit.gradia.fi\/esimerkki\/wp-content\/uploads\/sites\/15\/2019\/01\/kotisivunasetukset.png","contentUrl":"https:\/\/blogit.gradia.fi\/esimerkki\/wp-content\/uploads\/sites\/15\/2019\/01\/kotisivunasetukset.png","width":1243,"height":949},{"@type":"BreadcrumbList","@id":"https:\/\/blogit.gradia.fi\/esimerkki\/kotisivun-asetukset\/#breadcrumb","itemListElement":[{"@type":"ListItem","position":1,"name":"Home","item":"https:\/\/blogit.gradia.fi\/esimerkki\/"},{"@type":"ListItem","position":2,"name":"Kotisivun asetukset"}]},{"@type":"WebSite","@id":"https:\/\/blogit.gradia.fi\/esimerkki\/#website","url":"https:\/\/blogit.gradia.fi\/esimerkki\/","name":"Esimerkki","description":"Gradian blogiohjesivusto","potentialAction":[{"@type":"SearchAction","target":{"@type":"EntryPoint","urlTemplate":"https:\/\/blogit.gradia.fi\/esimerkki\/?s={search_term_string}"},"query-input":{"@type":"PropertyValueSpecification","valueRequired":true,"valueName":"search_term_string"}}],"inLanguage":"fi"}]}},"uagb_featured_image_src":{"full":false,"thumbnail":false,"medium":false,"medium_large":false,"large":false,"1536x1536":false,"2048x2048":false,"post-thumbnail":false},"uagb_author_info":{"display_name":"pirita","author_link":"https:\/\/blogit.gradia.fi\/esimerkki\/author\/pirita\/"},"uagb_comment_info":0,"uagb_excerpt":"T\u00e4\u00e4ll\u00e4 voit valita, mit\u00e4 kotisivulla n\u00e4ytet\u00e4\u00e4n. Se voi n\u00e4ytt\u00e4\u00e4 artikkelit k\u00e4\u00e4nteisess\u00e4 kronologisessa j\u00e4rjestyksess\u00e4 (perinteinen blogi) tai staattisen, pysyv\u00e4n sivun. Jos haluat perinteisen blogin, sinun ei tarvitse tehd\u00e4 mit\u00e4\u00e4n.&nbsp; Jos taas haluat kiinte\u00e4n kotisivun, laita valinta kohtaan \u201cstaattinen sivu\u201d. T\u00e4t\u00e4 varten sinulla pit\u00e4\u00e4 olla v\u00e4hint\u00e4\u00e4n kaksi sivua. Toisesta tulee pysyv\u00e4 kotisivu, ja artikkelit n\u00e4kyv\u00e4t toisella sivulla.&hellip;","_links":{"self":[{"href":"https:\/\/blogit.gradia.fi\/esimerkki\/wp-json\/wp\/v2\/pages\/150","targetHints":{"allow":["GET"]}}],"collection":[{"href":"https:\/\/blogit.gradia.fi\/esimerkki\/wp-json\/wp\/v2\/pages"}],"about":[{"href":"https:\/\/blogit.gradia.fi\/esimerkki\/wp-json\/wp\/v2\/types\/page"}],"author":[{"embeddable":true,"href":"https:\/\/blogit.gradia.fi\/esimerkki\/wp-json\/wp\/v2\/users\/9"}],"replies":[{"embeddable":true,"href":"https:\/\/blogit.gradia.fi\/esimerkki\/wp-json\/wp\/v2\/comments?post=150"}],"version-history":[{"count":6,"href":"https:\/\/blogit.gradia.fi\/esimerkki\/wp-json\/wp\/v2\/pages\/150\/revisions"}],"predecessor-version":[{"id":294,"href":"https:\/\/blogit.gradia.fi\/esimerkki\/wp-json\/wp\/v2\/pages\/150\/revisions\/294"}],"wp:attachment":[{"href":"https:\/\/blogit.gradia.fi\/esimerkki\/wp-json\/wp\/v2\/media?parent=150"}],"curies":[{"name":"wp","href":"https:\/\/api.w.org\/{rel}","templated":true}]}}