{"id":136,"date":"2019-01-16T11:17:45","date_gmt":"2019-01-16T09:17:45","guid":{"rendered":"https:\/\/blogit.gradia.fi\/esimerkki\/?page_id=136"},"modified":"2019-01-18T12:38:17","modified_gmt":"2019-01-18T10:38:17","slug":"ohjausnakyma","status":"publish","type":"page","link":"https:\/\/blogit.gradia.fi\/esimerkki\/ohjausnakyma\/","title":{"rendered":"Ohjausn\u00e4kym\u00e4n k\u00e4ytt\u00f6"},"content":{"rendered":"\n<p>Painamalla yl\u00e4reunan valikosta blogisi nime\u00e4, saat n\u00e4kyviin valikon, josta p\u00e4\u00e4set ohjausn\u00e4kym\u00e4\u00e4n. Ohjausn\u00e4kym\u00e4 on sivustosi hallintapaneeli, josta n\u00e4et my\u00f6s samassa n\u00e4kym\u00e4ss\u00e4 sivustosi sis\u00e4ll\u00f6t lyhyesti sek\u00e4 aktiviteetit, esimerkiksi kommentit. Voit my\u00f6s laatia nopean luonnoksen uudesta postauksesta. N\u00e4et lis\u00e4ksi WordPress-tapahtumia ja uutisia. <\/p>\n\n\n\n<p>Blogin\u00e4kym\u00e4\u00e4n takaisin p\u00e4\u00e4set painamalla yl\u00e4reunassa blogisi nime\u00e4, kuvassa lukee pinkill\u00e4 ymp\u00e4r\u00f6ityn\u00e4 &#8221;Esimerkki&#8221;.<\/p>\n\n\n\n<p>Vasemmassa reunassa olevasta valikosta voit siirty\u00e4 hallinnoimaan haluamaasi osiota, esimerkiksi artikkeleita, mediatiedostoja, sivuja, kommentteja jne. Useimmat samat toiminnot saa tehty\u00e4 hieman helpommin ja visuaalisemmin blogin\u00e4kym\u00e4ss\u00e4 &#8221;Mukauta&#8221;-toiminnon kautta. On  useimmiten makuasia, haluaako hallinnoida sivustoa ohjausn\u00e4kym\u00e4n vai &#8221;Mukauta&#8221;-toiminnon kautta.<\/p>\n\n\n\n<p><strong>Artikkelit<\/strong> &#8211; julkaisut sivustolla&nbsp;<br><strong>Media<\/strong> &#8211; mediatiedostot &nbsp;<br><strong>Sivut<\/strong> &#8211; sivuston sivujen hallinta&nbsp;<br><strong>Kommentit<\/strong> &nbsp;<br><strong>Ulkoasu<\/strong> &#8211; ulkoasun hallinnointi (mm. teemat, vimpaimet, valikot, otsake)&nbsp;<br><strong>K\u00e4ytt\u00e4j\u00e4t<\/strong> &#8211; k\u00e4ytt\u00e4jien hallinnointi&nbsp;<br><strong>Ty\u00f6kalut<\/strong> &#8211; sis\u00e4ll\u00f6n vienti ja tuonti&nbsp;<br><strong>Asetukset <\/strong>&#8211; sivuston perusasetukset&nbsp;&nbsp;<\/p>\n\n\n\n<p>Loput kohdat valikossa ovat WordPressiin asennettuja lis\u00e4osia eli \u201cplugineita\u201d.&nbsp;<\/p>\n\n\n\n<figure class=\"wp-block-image\"><img loading=\"lazy\" decoding=\"async\" width=\"1029\" height=\"933\" src=\"https:\/\/blogit.gradia.fi\/esimerkki\/wp-content\/uploads\/sites\/15\/2019\/01\/vierailesivustolla.png\" alt=\"Kuvakaappaus ohjausn\u00e4kym\u00e4st\u00e4.\" class=\"wp-image-237\" \/><\/figure>\n","protected":false},"excerpt":{"rendered":"<p>Painamalla yl\u00e4reunan valikosta blogisi nime\u00e4, saat n\u00e4kyviin valikon, josta p\u00e4\u00e4set ohjausn\u00e4kym\u00e4\u00e4n. Ohjausn\u00e4kym\u00e4 on sivustosi hallintapaneeli, josta n\u00e4et my\u00f6s samassa n\u00e4kym\u00e4ss\u00e4 sivustosi sis\u00e4ll\u00f6t lyhyesti sek\u00e4 aktiviteetit, esimerkiksi kommentit. Voit my\u00f6s laatia nopean luonnoksen uudesta postauksesta. N\u00e4et lis\u00e4ksi WordPress-tapahtumia ja uutisia. Blogin\u00e4kym\u00e4\u00e4n takaisin p\u00e4\u00e4set painamalla yl\u00e4reunassa blogisi nime\u00e4, kuvassa lukee pinkill\u00e4 ymp\u00e4r\u00f6ityn\u00e4 &#8221;Esimerkki&#8221;. Vasemmassa reunassa olevasta valikosta &hellip; <a href=\"https:\/\/blogit.gradia.fi\/esimerkki\/ohjausnakyma\/\" class=\"more-link\">Jatka lukemista <span class=\"screen-reader-text\">Ohjausn\u00e4kym\u00e4n k\u00e4ytt\u00f6<\/span> <span class=\"meta-nav\">&rarr;<\/span><\/a><\/p>\n","protected":false},"author":9,"featured_media":0,"parent":0,"menu_order":0,"comment_status":"closed","ping_status":"closed","template":"","meta":{"_uag_custom_page_level_css":"","footnotes":""},"class_list":["post-136","page","type-page","status-publish","hentry"],"yoast_head":"<!-- This site is optimized with the Yoast SEO plugin v27.2 - https:\/\/yoast.com\/product\/yoast-seo-wordpress\/ -->\n<title>Ohjausn\u00e4kym\u00e4n k\u00e4ytt\u00f6 - Esimerkki<\/title>\n<meta name=\"robots\" content=\"index, follow, max-snippet:-1, max-image-preview:large, max-video-preview:-1\" \/>\n<link rel=\"canonical\" href=\"https:\/\/blogit.gradia.fi\/esimerkki\/ohjausnakyma\/\" \/>\n<meta property=\"og:locale\" content=\"fi_FI\" \/>\n<meta property=\"og:type\" content=\"article\" \/>\n<meta property=\"og:title\" content=\"Ohjausn\u00e4kym\u00e4n k\u00e4ytt\u00f6 - Esimerkki\" \/>\n<meta property=\"og:description\" content=\"Painamalla yl\u00e4reunan valikosta blogisi nime\u00e4, saat n\u00e4kyviin valikon, josta p\u00e4\u00e4set ohjausn\u00e4kym\u00e4\u00e4n. Ohjausn\u00e4kym\u00e4 on sivustosi hallintapaneeli, josta n\u00e4et my\u00f6s samassa n\u00e4kym\u00e4ss\u00e4 sivustosi sis\u00e4ll\u00f6t lyhyesti sek\u00e4 aktiviteetit, esimerkiksi kommentit. Voit my\u00f6s laatia nopean luonnoksen uudesta postauksesta. N\u00e4et lis\u00e4ksi WordPress-tapahtumia ja uutisia. Blogin\u00e4kym\u00e4\u00e4n takaisin p\u00e4\u00e4set painamalla yl\u00e4reunassa blogisi nime\u00e4, kuvassa lukee pinkill\u00e4 ymp\u00e4r\u00f6ityn\u00e4 &#8221;Esimerkki&#8221;. Vasemmassa reunassa olevasta valikosta &hellip; Jatka lukemista Ohjausn\u00e4kym\u00e4n k\u00e4ytt\u00f6 &rarr;\" \/>\n<meta property=\"og:url\" content=\"https:\/\/blogit.gradia.fi\/esimerkki\/ohjausnakyma\/\" \/>\n<meta property=\"og:site_name\" content=\"Esimerkki\" \/>\n<meta property=\"article:modified_time\" content=\"2019-01-18T10:38:17+00:00\" \/>\n<meta property=\"og:image\" content=\"https:\/\/blogit.gradia.fi\/esimerkki\/wp-content\/uploads\/sites\/15\/2019\/01\/vierailesivustolla.png\" \/>\n<meta name=\"twitter:card\" content=\"summary_large_image\" \/>\n<meta name=\"twitter:label1\" content=\"Arvioitu lukuaika\" \/>\n\t<meta name=\"twitter:data1\" content=\"1 minuutti\" \/>\n<script type=\"application\/ld+json\" class=\"yoast-schema-graph\">{\"@context\":\"https:\/\/schema.org\",\"@graph\":[{\"@type\":\"WebPage\",\"@id\":\"https:\/\/blogit.gradia.fi\/esimerkki\/ohjausnakyma\/\",\"url\":\"https:\/\/blogit.gradia.fi\/esimerkki\/ohjausnakyma\/\",\"name\":\"Ohjausn\u00e4kym\u00e4n k\u00e4ytt\u00f6 - Esimerkki\",\"isPartOf\":{\"@id\":\"https:\/\/blogit.gradia.fi\/esimerkki\/#website\"},\"primaryImageOfPage\":{\"@id\":\"https:\/\/blogit.gradia.fi\/esimerkki\/ohjausnakyma\/#primaryimage\"},\"image\":{\"@id\":\"https:\/\/blogit.gradia.fi\/esimerkki\/ohjausnakyma\/#primaryimage\"},\"thumbnailUrl\":\"https:\/\/blogit.gradia.fi\/esimerkki\/wp-content\/uploads\/sites\/15\/2019\/01\/vierailesivustolla.png\",\"datePublished\":\"2019-01-16T09:17:45+00:00\",\"dateModified\":\"2019-01-18T10:38:17+00:00\",\"breadcrumb\":{\"@id\":\"https:\/\/blogit.gradia.fi\/esimerkki\/ohjausnakyma\/#breadcrumb\"},\"inLanguage\":\"fi\",\"potentialAction\":[{\"@type\":\"ReadAction\",\"target\":[\"https:\/\/blogit.gradia.fi\/esimerkki\/ohjausnakyma\/\"]}]},{\"@type\":\"ImageObject\",\"inLanguage\":\"fi\",\"@id\":\"https:\/\/blogit.gradia.fi\/esimerkki\/ohjausnakyma\/#primaryimage\",\"url\":\"https:\/\/blogit.gradia.fi\/esimerkki\/wp-content\/uploads\/sites\/15\/2019\/01\/vierailesivustolla.png\",\"contentUrl\":\"https:\/\/blogit.gradia.fi\/esimerkki\/wp-content\/uploads\/sites\/15\/2019\/01\/vierailesivustolla.png\",\"width\":1029,\"height\":933},{\"@type\":\"BreadcrumbList\",\"@id\":\"https:\/\/blogit.gradia.fi\/esimerkki\/ohjausnakyma\/#breadcrumb\",\"itemListElement\":[{\"@type\":\"ListItem\",\"position\":1,\"name\":\"Home\",\"item\":\"https:\/\/blogit.gradia.fi\/esimerkki\/\"},{\"@type\":\"ListItem\",\"position\":2,\"name\":\"Ohjausn\u00e4kym\u00e4n k\u00e4ytt\u00f6\"}]},{\"@type\":\"WebSite\",\"@id\":\"https:\/\/blogit.gradia.fi\/esimerkki\/#website\",\"url\":\"https:\/\/blogit.gradia.fi\/esimerkki\/\",\"name\":\"Esimerkki\",\"description\":\"Gradian blogiohjesivusto\",\"potentialAction\":[{\"@type\":\"SearchAction\",\"target\":{\"@type\":\"EntryPoint\",\"urlTemplate\":\"https:\/\/blogit.gradia.fi\/esimerkki\/?s={search_term_string}\"},\"query-input\":{\"@type\":\"PropertyValueSpecification\",\"valueRequired\":true,\"valueName\":\"search_term_string\"}}],\"inLanguage\":\"fi\"}]}<\/script>\n<!-- \/ Yoast SEO plugin. -->","yoast_head_json":{"title":"Ohjausn\u00e4kym\u00e4n k\u00e4ytt\u00f6 - Esimerkki","robots":{"index":"index","follow":"follow","max-snippet":"max-snippet:-1","max-image-preview":"max-image-preview:large","max-video-preview":"max-video-preview:-1"},"canonical":"https:\/\/blogit.gradia.fi\/esimerkki\/ohjausnakyma\/","og_locale":"fi_FI","og_type":"article","og_title":"Ohjausn\u00e4kym\u00e4n k\u00e4ytt\u00f6 - Esimerkki","og_description":"Painamalla yl\u00e4reunan valikosta blogisi nime\u00e4, saat n\u00e4kyviin valikon, josta p\u00e4\u00e4set ohjausn\u00e4kym\u00e4\u00e4n. Ohjausn\u00e4kym\u00e4 on sivustosi hallintapaneeli, josta n\u00e4et my\u00f6s samassa n\u00e4kym\u00e4ss\u00e4 sivustosi sis\u00e4ll\u00f6t lyhyesti sek\u00e4 aktiviteetit, esimerkiksi kommentit. Voit my\u00f6s laatia nopean luonnoksen uudesta postauksesta. N\u00e4et lis\u00e4ksi WordPress-tapahtumia ja uutisia. Blogin\u00e4kym\u00e4\u00e4n takaisin p\u00e4\u00e4set painamalla yl\u00e4reunassa blogisi nime\u00e4, kuvassa lukee pinkill\u00e4 ymp\u00e4r\u00f6ityn\u00e4 &#8221;Esimerkki&#8221;. Vasemmassa reunassa olevasta valikosta &hellip; Jatka lukemista Ohjausn\u00e4kym\u00e4n k\u00e4ytt\u00f6 &rarr;","og_url":"https:\/\/blogit.gradia.fi\/esimerkki\/ohjausnakyma\/","og_site_name":"Esimerkki","article_modified_time":"2019-01-18T10:38:17+00:00","og_image":[{"url":"https:\/\/blogit.gradia.fi\/esimerkki\/wp-content\/uploads\/sites\/15\/2019\/01\/vierailesivustolla.png","type":"","width":"","height":""}],"twitter_card":"summary_large_image","twitter_misc":{"Arvioitu lukuaika":"1 minuutti"},"schema":{"@context":"https:\/\/schema.org","@graph":[{"@type":"WebPage","@id":"https:\/\/blogit.gradia.fi\/esimerkki\/ohjausnakyma\/","url":"https:\/\/blogit.gradia.fi\/esimerkki\/ohjausnakyma\/","name":"Ohjausn\u00e4kym\u00e4n k\u00e4ytt\u00f6 - Esimerkki","isPartOf":{"@id":"https:\/\/blogit.gradia.fi\/esimerkki\/#website"},"primaryImageOfPage":{"@id":"https:\/\/blogit.gradia.fi\/esimerkki\/ohjausnakyma\/#primaryimage"},"image":{"@id":"https:\/\/blogit.gradia.fi\/esimerkki\/ohjausnakyma\/#primaryimage"},"thumbnailUrl":"https:\/\/blogit.gradia.fi\/esimerkki\/wp-content\/uploads\/sites\/15\/2019\/01\/vierailesivustolla.png","datePublished":"2019-01-16T09:17:45+00:00","dateModified":"2019-01-18T10:38:17+00:00","breadcrumb":{"@id":"https:\/\/blogit.gradia.fi\/esimerkki\/ohjausnakyma\/#breadcrumb"},"inLanguage":"fi","potentialAction":[{"@type":"ReadAction","target":["https:\/\/blogit.gradia.fi\/esimerkki\/ohjausnakyma\/"]}]},{"@type":"ImageObject","inLanguage":"fi","@id":"https:\/\/blogit.gradia.fi\/esimerkki\/ohjausnakyma\/#primaryimage","url":"https:\/\/blogit.gradia.fi\/esimerkki\/wp-content\/uploads\/sites\/15\/2019\/01\/vierailesivustolla.png","contentUrl":"https:\/\/blogit.gradia.fi\/esimerkki\/wp-content\/uploads\/sites\/15\/2019\/01\/vierailesivustolla.png","width":1029,"height":933},{"@type":"BreadcrumbList","@id":"https:\/\/blogit.gradia.fi\/esimerkki\/ohjausnakyma\/#breadcrumb","itemListElement":[{"@type":"ListItem","position":1,"name":"Home","item":"https:\/\/blogit.gradia.fi\/esimerkki\/"},{"@type":"ListItem","position":2,"name":"Ohjausn\u00e4kym\u00e4n k\u00e4ytt\u00f6"}]},{"@type":"WebSite","@id":"https:\/\/blogit.gradia.fi\/esimerkki\/#website","url":"https:\/\/blogit.gradia.fi\/esimerkki\/","name":"Esimerkki","description":"Gradian blogiohjesivusto","potentialAction":[{"@type":"SearchAction","target":{"@type":"EntryPoint","urlTemplate":"https:\/\/blogit.gradia.fi\/esimerkki\/?s={search_term_string}"},"query-input":{"@type":"PropertyValueSpecification","valueRequired":true,"valueName":"search_term_string"}}],"inLanguage":"fi"}]}},"uagb_featured_image_src":{"full":false,"thumbnail":false,"medium":false,"medium_large":false,"large":false,"1536x1536":false,"2048x2048":false,"post-thumbnail":false},"uagb_author_info":{"display_name":"pirita","author_link":"https:\/\/blogit.gradia.fi\/esimerkki\/author\/pirita\/"},"uagb_comment_info":0,"uagb_excerpt":"Painamalla yl\u00e4reunan valikosta blogisi nime\u00e4, saat n\u00e4kyviin valikon, josta p\u00e4\u00e4set ohjausn\u00e4kym\u00e4\u00e4n. Ohjausn\u00e4kym\u00e4 on sivustosi hallintapaneeli, josta n\u00e4et my\u00f6s samassa n\u00e4kym\u00e4ss\u00e4 sivustosi sis\u00e4ll\u00f6t lyhyesti sek\u00e4 aktiviteetit, esimerkiksi kommentit. Voit my\u00f6s laatia nopean luonnoksen uudesta postauksesta. N\u00e4et lis\u00e4ksi WordPress-tapahtumia ja uutisia. Blogin\u00e4kym\u00e4\u00e4n takaisin p\u00e4\u00e4set painamalla yl\u00e4reunassa blogisi nime\u00e4, kuvassa lukee pinkill\u00e4 ymp\u00e4r\u00f6ityn\u00e4 &#8221;Esimerkki&#8221;. Vasemmassa reunassa olevasta valikosta&hellip;","_links":{"self":[{"href":"https:\/\/blogit.gradia.fi\/esimerkki\/wp-json\/wp\/v2\/pages\/136","targetHints":{"allow":["GET"]}}],"collection":[{"href":"https:\/\/blogit.gradia.fi\/esimerkki\/wp-json\/wp\/v2\/pages"}],"about":[{"href":"https:\/\/blogit.gradia.fi\/esimerkki\/wp-json\/wp\/v2\/types\/page"}],"author":[{"embeddable":true,"href":"https:\/\/blogit.gradia.fi\/esimerkki\/wp-json\/wp\/v2\/users\/9"}],"replies":[{"embeddable":true,"href":"https:\/\/blogit.gradia.fi\/esimerkki\/wp-json\/wp\/v2\/comments?post=136"}],"version-history":[{"count":6,"href":"https:\/\/blogit.gradia.fi\/esimerkki\/wp-json\/wp\/v2\/pages\/136\/revisions"}],"predecessor-version":[{"id":295,"href":"https:\/\/blogit.gradia.fi\/esimerkki\/wp-json\/wp\/v2\/pages\/136\/revisions\/295"}],"wp:attachment":[{"href":"https:\/\/blogit.gradia.fi\/esimerkki\/wp-json\/wp\/v2\/media?parent=136"}],"curies":[{"name":"wp","href":"https:\/\/api.w.org\/{rel}","templated":true}]}}