{"id":132,"date":"2019-01-16T11:15:40","date_gmt":"2019-01-16T09:15:40","guid":{"rendered":"https:\/\/blogit.gradia.fi\/esimerkki\/?page_id=132"},"modified":"2019-01-23T14:05:14","modified_gmt":"2019-01-23T12:05:14","slug":"vimpaimet","status":"publish","type":"page","link":"https:\/\/blogit.gradia.fi\/esimerkki\/vimpaimet\/","title":{"rendered":"Vimpaimet"},"content":{"rendered":"\n<p>T\u00e4\u00e4ll\u00e4 voit muuttaa vimpainten otsikoita, lis\u00e4t\u00e4 tai poistaa vimpaimia, vaihtaa niiden j\u00e4rjestyst\u00e4 ja tehd\u00e4 vimpainkohtaisia valintoja. Joissakin teemoissa voi olla kaksi vimpainaluetta, toisissa yksi. <\/p>\n\n\n\n<p>Vimpaimia ovat esimerkiksi &#8221;haku&#8221;, &#8221;viimeisimm\u00e4t kommentit&#8221;, &#8221;arkistot&#8221;. &#8221;avainsanapilvi&#8221;, &#8221;galleria&#8221; ja &#8221;kategoriat&#8221;.  My\u00f6s &#8221;navigaatiovalikko&#8221; on vimpain. T\u00e4m\u00e4 tarkoittaa sit\u00e4, ett\u00e4 voit lis\u00e4t\u00e4 toisen navigaatiovalikon teeman sallimaan kohtaan. T\u00e4ss\u00e4 blogissa oikeaan reunaan on lis\u00e4tty toissijainen navigaatiovalikko. <\/p>\n\n\n\n<p>Voit  valita, mit\u00e4 vimpaimia vimpainalueilla n\u00e4kyy ja miss\u00e4 kohti ne sijaitsevat.  Kokeile erilaisia valintoja, ja kun vimpainalue on mielest\u00e4si hyv\u00e4, muista painaa yl\u00e4reunasta \u201cJulkaise\u201d-painiketta. <\/p>\n\n\n\n<figure class=\"wp-block-video\"><video height=\"964\" style=\"aspect-ratio: 1658 \/ 964;\" width=\"1658\" controls src=\"https:\/\/blogit.gradia.fi\/esimerkki\/wp-content\/uploads\/sites\/15\/2019\/01\/vimpaimet.mp4\"><\/video><\/figure>\n","protected":false},"excerpt":{"rendered":"<p>T\u00e4\u00e4ll\u00e4 voit muuttaa vimpainten otsikoita, lis\u00e4t\u00e4 tai poistaa vimpaimia, vaihtaa niiden j\u00e4rjestyst\u00e4 ja tehd\u00e4 vimpainkohtaisia valintoja. Joissakin teemoissa voi olla kaksi vimpainaluetta, toisissa yksi. Vimpaimia ovat esimerkiksi &#8221;haku&#8221;, &#8221;viimeisimm\u00e4t kommentit&#8221;, &#8221;arkistot&#8221;. &#8221;avainsanapilvi&#8221;, &#8221;galleria&#8221; ja &#8221;kategoriat&#8221;. My\u00f6s &#8221;navigaatiovalikko&#8221; on vimpain. T\u00e4m\u00e4 tarkoittaa sit\u00e4, ett\u00e4 voit lis\u00e4t\u00e4 toisen navigaatiovalikon teeman sallimaan kohtaan. T\u00e4ss\u00e4 blogissa oikeaan reunaan on &hellip; <a href=\"https:\/\/blogit.gradia.fi\/esimerkki\/vimpaimet\/\" class=\"more-link\">Jatka lukemista <span class=\"screen-reader-text\">Vimpaimet<\/span> <span class=\"meta-nav\">&rarr;<\/span><\/a><\/p>\n","protected":false},"author":9,"featured_media":0,"parent":0,"menu_order":0,"comment_status":"closed","ping_status":"closed","template":"","meta":{"_uag_custom_page_level_css":"","footnotes":""},"class_list":["post-132","page","type-page","status-publish","hentry"],"yoast_head":"<!-- This site is optimized with the Yoast SEO plugin v27.2 - https:\/\/yoast.com\/product\/yoast-seo-wordpress\/ -->\n<title>Vimpaimet - Esimerkki<\/title>\n<meta name=\"robots\" content=\"index, follow, max-snippet:-1, max-image-preview:large, max-video-preview:-1\" \/>\n<link rel=\"canonical\" href=\"https:\/\/blogit.gradia.fi\/esimerkki\/vimpaimet\/\" \/>\n<meta property=\"og:locale\" content=\"fi_FI\" \/>\n<meta property=\"og:type\" content=\"article\" \/>\n<meta property=\"og:title\" content=\"Vimpaimet - Esimerkki\" \/>\n<meta property=\"og:description\" content=\"T\u00e4\u00e4ll\u00e4 voit muuttaa vimpainten otsikoita, lis\u00e4t\u00e4 tai poistaa vimpaimia, vaihtaa niiden j\u00e4rjestyst\u00e4 ja tehd\u00e4 vimpainkohtaisia valintoja. Joissakin teemoissa voi olla kaksi vimpainaluetta, toisissa yksi. Vimpaimia ovat esimerkiksi &#8221;haku&#8221;, &#8221;viimeisimm\u00e4t kommentit&#8221;, &#8221;arkistot&#8221;. &#8221;avainsanapilvi&#8221;, &#8221;galleria&#8221; ja &#8221;kategoriat&#8221;. My\u00f6s &#8221;navigaatiovalikko&#8221; on vimpain. T\u00e4m\u00e4 tarkoittaa sit\u00e4, ett\u00e4 voit lis\u00e4t\u00e4 toisen navigaatiovalikon teeman sallimaan kohtaan. T\u00e4ss\u00e4 blogissa oikeaan reunaan on &hellip; Jatka lukemista Vimpaimet &rarr;\" \/>\n<meta property=\"og:url\" content=\"https:\/\/blogit.gradia.fi\/esimerkki\/vimpaimet\/\" \/>\n<meta property=\"og:site_name\" content=\"Esimerkki\" \/>\n<meta property=\"article:modified_time\" content=\"2019-01-23T12:05:14+00:00\" \/>\n<meta name=\"twitter:card\" content=\"summary_large_image\" \/>\n<script type=\"application\/ld+json\" class=\"yoast-schema-graph\">{\"@context\":\"https:\/\/schema.org\",\"@graph\":[{\"@type\":\"WebPage\",\"@id\":\"https:\/\/blogit.gradia.fi\/esimerkki\/vimpaimet\/\",\"url\":\"https:\/\/blogit.gradia.fi\/esimerkki\/vimpaimet\/\",\"name\":\"Vimpaimet - Esimerkki\",\"isPartOf\":{\"@id\":\"https:\/\/blogit.gradia.fi\/esimerkki\/#website\"},\"datePublished\":\"2019-01-16T09:15:40+00:00\",\"dateModified\":\"2019-01-23T12:05:14+00:00\",\"breadcrumb\":{\"@id\":\"https:\/\/blogit.gradia.fi\/esimerkki\/vimpaimet\/#breadcrumb\"},\"inLanguage\":\"fi\",\"potentialAction\":[{\"@type\":\"ReadAction\",\"target\":[\"https:\/\/blogit.gradia.fi\/esimerkki\/vimpaimet\/\"]}]},{\"@type\":\"BreadcrumbList\",\"@id\":\"https:\/\/blogit.gradia.fi\/esimerkki\/vimpaimet\/#breadcrumb\",\"itemListElement\":[{\"@type\":\"ListItem\",\"position\":1,\"name\":\"Home\",\"item\":\"https:\/\/blogit.gradia.fi\/esimerkki\/\"},{\"@type\":\"ListItem\",\"position\":2,\"name\":\"Vimpaimet\"}]},{\"@type\":\"WebSite\",\"@id\":\"https:\/\/blogit.gradia.fi\/esimerkki\/#website\",\"url\":\"https:\/\/blogit.gradia.fi\/esimerkki\/\",\"name\":\"Esimerkki\",\"description\":\"Gradian blogiohjesivusto\",\"potentialAction\":[{\"@type\":\"SearchAction\",\"target\":{\"@type\":\"EntryPoint\",\"urlTemplate\":\"https:\/\/blogit.gradia.fi\/esimerkki\/?s={search_term_string}\"},\"query-input\":{\"@type\":\"PropertyValueSpecification\",\"valueRequired\":true,\"valueName\":\"search_term_string\"}}],\"inLanguage\":\"fi\"}]}<\/script>\n<!-- \/ Yoast SEO plugin. -->","yoast_head_json":{"title":"Vimpaimet - Esimerkki","robots":{"index":"index","follow":"follow","max-snippet":"max-snippet:-1","max-image-preview":"max-image-preview:large","max-video-preview":"max-video-preview:-1"},"canonical":"https:\/\/blogit.gradia.fi\/esimerkki\/vimpaimet\/","og_locale":"fi_FI","og_type":"article","og_title":"Vimpaimet - Esimerkki","og_description":"T\u00e4\u00e4ll\u00e4 voit muuttaa vimpainten otsikoita, lis\u00e4t\u00e4 tai poistaa vimpaimia, vaihtaa niiden j\u00e4rjestyst\u00e4 ja tehd\u00e4 vimpainkohtaisia valintoja. Joissakin teemoissa voi olla kaksi vimpainaluetta, toisissa yksi. Vimpaimia ovat esimerkiksi &#8221;haku&#8221;, &#8221;viimeisimm\u00e4t kommentit&#8221;, &#8221;arkistot&#8221;. &#8221;avainsanapilvi&#8221;, &#8221;galleria&#8221; ja &#8221;kategoriat&#8221;. My\u00f6s &#8221;navigaatiovalikko&#8221; on vimpain. T\u00e4m\u00e4 tarkoittaa sit\u00e4, ett\u00e4 voit lis\u00e4t\u00e4 toisen navigaatiovalikon teeman sallimaan kohtaan. T\u00e4ss\u00e4 blogissa oikeaan reunaan on &hellip; Jatka lukemista Vimpaimet &rarr;","og_url":"https:\/\/blogit.gradia.fi\/esimerkki\/vimpaimet\/","og_site_name":"Esimerkki","article_modified_time":"2019-01-23T12:05:14+00:00","twitter_card":"summary_large_image","schema":{"@context":"https:\/\/schema.org","@graph":[{"@type":"WebPage","@id":"https:\/\/blogit.gradia.fi\/esimerkki\/vimpaimet\/","url":"https:\/\/blogit.gradia.fi\/esimerkki\/vimpaimet\/","name":"Vimpaimet - Esimerkki","isPartOf":{"@id":"https:\/\/blogit.gradia.fi\/esimerkki\/#website"},"datePublished":"2019-01-16T09:15:40+00:00","dateModified":"2019-01-23T12:05:14+00:00","breadcrumb":{"@id":"https:\/\/blogit.gradia.fi\/esimerkki\/vimpaimet\/#breadcrumb"},"inLanguage":"fi","potentialAction":[{"@type":"ReadAction","target":["https:\/\/blogit.gradia.fi\/esimerkki\/vimpaimet\/"]}]},{"@type":"BreadcrumbList","@id":"https:\/\/blogit.gradia.fi\/esimerkki\/vimpaimet\/#breadcrumb","itemListElement":[{"@type":"ListItem","position":1,"name":"Home","item":"https:\/\/blogit.gradia.fi\/esimerkki\/"},{"@type":"ListItem","position":2,"name":"Vimpaimet"}]},{"@type":"WebSite","@id":"https:\/\/blogit.gradia.fi\/esimerkki\/#website","url":"https:\/\/blogit.gradia.fi\/esimerkki\/","name":"Esimerkki","description":"Gradian blogiohjesivusto","potentialAction":[{"@type":"SearchAction","target":{"@type":"EntryPoint","urlTemplate":"https:\/\/blogit.gradia.fi\/esimerkki\/?s={search_term_string}"},"query-input":{"@type":"PropertyValueSpecification","valueRequired":true,"valueName":"search_term_string"}}],"inLanguage":"fi"}]}},"uagb_featured_image_src":{"full":false,"thumbnail":false,"medium":false,"medium_large":false,"large":false,"1536x1536":false,"2048x2048":false,"post-thumbnail":false},"uagb_author_info":{"display_name":"pirita","author_link":"https:\/\/blogit.gradia.fi\/esimerkki\/author\/pirita\/"},"uagb_comment_info":0,"uagb_excerpt":"T\u00e4\u00e4ll\u00e4 voit muuttaa vimpainten otsikoita, lis\u00e4t\u00e4 tai poistaa vimpaimia, vaihtaa niiden j\u00e4rjestyst\u00e4 ja tehd\u00e4 vimpainkohtaisia valintoja. Joissakin teemoissa voi olla kaksi vimpainaluetta, toisissa yksi. Vimpaimia ovat esimerkiksi &#8221;haku&#8221;, &#8221;viimeisimm\u00e4t kommentit&#8221;, &#8221;arkistot&#8221;. &#8221;avainsanapilvi&#8221;, &#8221;galleria&#8221; ja &#8221;kategoriat&#8221;. My\u00f6s &#8221;navigaatiovalikko&#8221; on vimpain. T\u00e4m\u00e4 tarkoittaa sit\u00e4, ett\u00e4 voit lis\u00e4t\u00e4 toisen navigaatiovalikon teeman sallimaan kohtaan. T\u00e4ss\u00e4 blogissa oikeaan reunaan on&hellip;","_links":{"self":[{"href":"https:\/\/blogit.gradia.fi\/esimerkki\/wp-json\/wp\/v2\/pages\/132","targetHints":{"allow":["GET"]}}],"collection":[{"href":"https:\/\/blogit.gradia.fi\/esimerkki\/wp-json\/wp\/v2\/pages"}],"about":[{"href":"https:\/\/blogit.gradia.fi\/esimerkki\/wp-json\/wp\/v2\/types\/page"}],"author":[{"embeddable":true,"href":"https:\/\/blogit.gradia.fi\/esimerkki\/wp-json\/wp\/v2\/users\/9"}],"replies":[{"embeddable":true,"href":"https:\/\/blogit.gradia.fi\/esimerkki\/wp-json\/wp\/v2\/comments?post=132"}],"version-history":[{"count":7,"href":"https:\/\/blogit.gradia.fi\/esimerkki\/wp-json\/wp\/v2\/pages\/132\/revisions"}],"predecessor-version":[{"id":392,"href":"https:\/\/blogit.gradia.fi\/esimerkki\/wp-json\/wp\/v2\/pages\/132\/revisions\/392"}],"wp:attachment":[{"href":"https:\/\/blogit.gradia.fi\/esimerkki\/wp-json\/wp\/v2\/media?parent=132"}],"curies":[{"name":"wp","href":"https:\/\/api.w.org\/{rel}","templated":true}]}}