{"id":130,"date":"2019-01-16T11:15:01","date_gmt":"2019-01-16T09:15:01","guid":{"rendered":"https:\/\/blogit.gradia.fi\/esimerkki\/?page_id=130"},"modified":"2019-01-22T12:59:41","modified_gmt":"2019-01-22T10:59:41","slug":"valikot","status":"publish","type":"page","link":"https:\/\/blogit.gradia.fi\/esimerkki\/valikot\/","title":{"rendered":"Valikot"},"content":{"rendered":"\n<p>Valikot-kohdassa voit muokata blogisi valikoita. Esimerkki-blogista otetussa kuvassa valikolle on annettu nimi &#8221;Perusvalikko&#8221;. Valikko n\u00e4kyy otsakekuvan alla navigaatiopalkissa. Sama Perusvalikko on lis\u00e4tty vimpaimena sivun oikeaan laitaan, jotta blogiohjeita lukiessa olisi helppo l\u00f6yt\u00e4\u00e4 sivustolta oikea ohjesivu.<\/p>\n\n\n\n<p>Mieti ensin, millaisia sivuja blogissasi tarvitset. Nime\u00e4 valikko. Luo tarvitsemasi sivut, ja lis\u00e4\u00e4 ne valikkoon &#8211; valitse nime\u00e4m\u00e4si valikko ja paina &#8221;Lis\u00e4\u00e4 kohteita&#8221;-painiketta. Kun valikossasi on sivuja, voit lis\u00e4t\u00e4 n\u00e4iden sivujen alle alasivuja tai artikkelita. Esimerkki-blogissa sivuille on lis\u00e4tty pelk\u00e4st\u00e4\u00e4n alasivuja. Sivujen ja alasivujen j\u00e4rjestyst\u00e4 voi muuttaa nuolin\u00e4pp\u00e4imill\u00e4 painamalla ensin linkki\u00e4 &#8221;Vaihda j\u00e4rjestyst\u00e4&#8221;. Muista julkaista.<\/p>\n\n\n\n<p>Blogisivustolle valitsemastasi teemasta riippuu, montako valikko- ja vimpainaluetta blogissasi on ja miten ne sijoittuvat. Uuden valikkoalueen saa lis\u00e4tty\u00e4 vimpaimena.<\/p>\n\n\n\n<figure class=\"wp-block-image alignwide\"><img loading=\"lazy\" decoding=\"async\" width=\"1630\" height=\"1032\" src=\"https:\/\/blogit.gradia.fi\/esimerkki\/wp-content\/uploads\/sites\/15\/2019\/01\/valikot_blogi.png\" alt=\"Kuvakaappaus valikoista ja valikoiden mukauttamisesta.\" class=\"wp-image-335\" \/><\/figure>\n","protected":false},"excerpt":{"rendered":"<p>Valikot-kohdassa voit muokata blogisi valikoita. Esimerkki-blogista otetussa kuvassa valikolle on annettu nimi &#8221;Perusvalikko&#8221;. Valikko n\u00e4kyy otsakekuvan alla navigaatiopalkissa. Sama Perusvalikko on lis\u00e4tty vimpaimena sivun oikeaan laitaan, jotta blogiohjeita lukiessa olisi helppo l\u00f6yt\u00e4\u00e4 sivustolta oikea ohjesivu. Mieti ensin, millaisia sivuja blogissasi tarvitset. Nime\u00e4 valikko. Luo tarvitsemasi sivut, ja lis\u00e4\u00e4 ne valikkoon &#8211; valitse nime\u00e4m\u00e4si valikko ja &hellip; <a href=\"https:\/\/blogit.gradia.fi\/esimerkki\/valikot\/\" class=\"more-link\">Jatka lukemista <span class=\"screen-reader-text\">Valikot<\/span> <span class=\"meta-nav\">&rarr;<\/span><\/a><\/p>\n","protected":false},"author":9,"featured_media":0,"parent":0,"menu_order":0,"comment_status":"closed","ping_status":"closed","template":"","meta":{"_uag_custom_page_level_css":"","footnotes":""},"class_list":["post-130","page","type-page","status-publish","hentry"],"yoast_head":"<!-- This site is optimized with the Yoast SEO plugin v27.2 - https:\/\/yoast.com\/product\/yoast-seo-wordpress\/ -->\n<title>Valikot - Esimerkki<\/title>\n<meta name=\"robots\" content=\"index, follow, max-snippet:-1, max-image-preview:large, max-video-preview:-1\" \/>\n<link rel=\"canonical\" href=\"https:\/\/blogit.gradia.fi\/esimerkki\/valikot\/\" \/>\n<meta property=\"og:locale\" content=\"fi_FI\" \/>\n<meta property=\"og:type\" content=\"article\" \/>\n<meta property=\"og:title\" content=\"Valikot - Esimerkki\" \/>\n<meta property=\"og:description\" content=\"Valikot-kohdassa voit muokata blogisi valikoita. Esimerkki-blogista otetussa kuvassa valikolle on annettu nimi &#8221;Perusvalikko&#8221;. Valikko n\u00e4kyy otsakekuvan alla navigaatiopalkissa. Sama Perusvalikko on lis\u00e4tty vimpaimena sivun oikeaan laitaan, jotta blogiohjeita lukiessa olisi helppo l\u00f6yt\u00e4\u00e4 sivustolta oikea ohjesivu. Mieti ensin, millaisia sivuja blogissasi tarvitset. Nime\u00e4 valikko. Luo tarvitsemasi sivut, ja lis\u00e4\u00e4 ne valikkoon &#8211; valitse nime\u00e4m\u00e4si valikko ja &hellip; Jatka lukemista Valikot &rarr;\" \/>\n<meta property=\"og:url\" content=\"https:\/\/blogit.gradia.fi\/esimerkki\/valikot\/\" \/>\n<meta property=\"og:site_name\" content=\"Esimerkki\" \/>\n<meta property=\"article:modified_time\" content=\"2019-01-22T10:59:41+00:00\" \/>\n<meta property=\"og:image\" content=\"https:\/\/blogit.gradia.fi\/esimerkki\/wp-content\/uploads\/sites\/15\/2019\/01\/valikot_blogi.png\" \/>\n<meta name=\"twitter:card\" content=\"summary_large_image\" \/>\n<meta name=\"twitter:label1\" content=\"Arvioitu lukuaika\" \/>\n\t<meta name=\"twitter:data1\" content=\"1 minuutti\" \/>\n<script type=\"application\/ld+json\" class=\"yoast-schema-graph\">{\"@context\":\"https:\/\/schema.org\",\"@graph\":[{\"@type\":\"WebPage\",\"@id\":\"https:\/\/blogit.gradia.fi\/esimerkki\/valikot\/\",\"url\":\"https:\/\/blogit.gradia.fi\/esimerkki\/valikot\/\",\"name\":\"Valikot - Esimerkki\",\"isPartOf\":{\"@id\":\"https:\/\/blogit.gradia.fi\/esimerkki\/#website\"},\"primaryImageOfPage\":{\"@id\":\"https:\/\/blogit.gradia.fi\/esimerkki\/valikot\/#primaryimage\"},\"image\":{\"@id\":\"https:\/\/blogit.gradia.fi\/esimerkki\/valikot\/#primaryimage\"},\"thumbnailUrl\":\"https:\/\/blogit.gradia.fi\/esimerkki\/wp-content\/uploads\/sites\/15\/2019\/01\/valikot_blogi.png\",\"datePublished\":\"2019-01-16T09:15:01+00:00\",\"dateModified\":\"2019-01-22T10:59:41+00:00\",\"breadcrumb\":{\"@id\":\"https:\/\/blogit.gradia.fi\/esimerkki\/valikot\/#breadcrumb\"},\"inLanguage\":\"fi\",\"potentialAction\":[{\"@type\":\"ReadAction\",\"target\":[\"https:\/\/blogit.gradia.fi\/esimerkki\/valikot\/\"]}]},{\"@type\":\"ImageObject\",\"inLanguage\":\"fi\",\"@id\":\"https:\/\/blogit.gradia.fi\/esimerkki\/valikot\/#primaryimage\",\"url\":\"https:\/\/blogit.gradia.fi\/esimerkki\/wp-content\/uploads\/sites\/15\/2019\/01\/valikot_blogi.png\",\"contentUrl\":\"https:\/\/blogit.gradia.fi\/esimerkki\/wp-content\/uploads\/sites\/15\/2019\/01\/valikot_blogi.png\",\"width\":1630,\"height\":1032},{\"@type\":\"BreadcrumbList\",\"@id\":\"https:\/\/blogit.gradia.fi\/esimerkki\/valikot\/#breadcrumb\",\"itemListElement\":[{\"@type\":\"ListItem\",\"position\":1,\"name\":\"Home\",\"item\":\"https:\/\/blogit.gradia.fi\/esimerkki\/\"},{\"@type\":\"ListItem\",\"position\":2,\"name\":\"Valikot\"}]},{\"@type\":\"WebSite\",\"@id\":\"https:\/\/blogit.gradia.fi\/esimerkki\/#website\",\"url\":\"https:\/\/blogit.gradia.fi\/esimerkki\/\",\"name\":\"Esimerkki\",\"description\":\"Gradian blogiohjesivusto\",\"potentialAction\":[{\"@type\":\"SearchAction\",\"target\":{\"@type\":\"EntryPoint\",\"urlTemplate\":\"https:\/\/blogit.gradia.fi\/esimerkki\/?s={search_term_string}\"},\"query-input\":{\"@type\":\"PropertyValueSpecification\",\"valueRequired\":true,\"valueName\":\"search_term_string\"}}],\"inLanguage\":\"fi\"}]}<\/script>\n<!-- \/ Yoast SEO plugin. -->","yoast_head_json":{"title":"Valikot - Esimerkki","robots":{"index":"index","follow":"follow","max-snippet":"max-snippet:-1","max-image-preview":"max-image-preview:large","max-video-preview":"max-video-preview:-1"},"canonical":"https:\/\/blogit.gradia.fi\/esimerkki\/valikot\/","og_locale":"fi_FI","og_type":"article","og_title":"Valikot - Esimerkki","og_description":"Valikot-kohdassa voit muokata blogisi valikoita. Esimerkki-blogista otetussa kuvassa valikolle on annettu nimi &#8221;Perusvalikko&#8221;. Valikko n\u00e4kyy otsakekuvan alla navigaatiopalkissa. Sama Perusvalikko on lis\u00e4tty vimpaimena sivun oikeaan laitaan, jotta blogiohjeita lukiessa olisi helppo l\u00f6yt\u00e4\u00e4 sivustolta oikea ohjesivu. Mieti ensin, millaisia sivuja blogissasi tarvitset. Nime\u00e4 valikko. Luo tarvitsemasi sivut, ja lis\u00e4\u00e4 ne valikkoon &#8211; valitse nime\u00e4m\u00e4si valikko ja &hellip; Jatka lukemista Valikot &rarr;","og_url":"https:\/\/blogit.gradia.fi\/esimerkki\/valikot\/","og_site_name":"Esimerkki","article_modified_time":"2019-01-22T10:59:41+00:00","og_image":[{"url":"https:\/\/blogit.gradia.fi\/esimerkki\/wp-content\/uploads\/sites\/15\/2019\/01\/valikot_blogi.png","type":"","width":"","height":""}],"twitter_card":"summary_large_image","twitter_misc":{"Arvioitu lukuaika":"1 minuutti"},"schema":{"@context":"https:\/\/schema.org","@graph":[{"@type":"WebPage","@id":"https:\/\/blogit.gradia.fi\/esimerkki\/valikot\/","url":"https:\/\/blogit.gradia.fi\/esimerkki\/valikot\/","name":"Valikot - Esimerkki","isPartOf":{"@id":"https:\/\/blogit.gradia.fi\/esimerkki\/#website"},"primaryImageOfPage":{"@id":"https:\/\/blogit.gradia.fi\/esimerkki\/valikot\/#primaryimage"},"image":{"@id":"https:\/\/blogit.gradia.fi\/esimerkki\/valikot\/#primaryimage"},"thumbnailUrl":"https:\/\/blogit.gradia.fi\/esimerkki\/wp-content\/uploads\/sites\/15\/2019\/01\/valikot_blogi.png","datePublished":"2019-01-16T09:15:01+00:00","dateModified":"2019-01-22T10:59:41+00:00","breadcrumb":{"@id":"https:\/\/blogit.gradia.fi\/esimerkki\/valikot\/#breadcrumb"},"inLanguage":"fi","potentialAction":[{"@type":"ReadAction","target":["https:\/\/blogit.gradia.fi\/esimerkki\/valikot\/"]}]},{"@type":"ImageObject","inLanguage":"fi","@id":"https:\/\/blogit.gradia.fi\/esimerkki\/valikot\/#primaryimage","url":"https:\/\/blogit.gradia.fi\/esimerkki\/wp-content\/uploads\/sites\/15\/2019\/01\/valikot_blogi.png","contentUrl":"https:\/\/blogit.gradia.fi\/esimerkki\/wp-content\/uploads\/sites\/15\/2019\/01\/valikot_blogi.png","width":1630,"height":1032},{"@type":"BreadcrumbList","@id":"https:\/\/blogit.gradia.fi\/esimerkki\/valikot\/#breadcrumb","itemListElement":[{"@type":"ListItem","position":1,"name":"Home","item":"https:\/\/blogit.gradia.fi\/esimerkki\/"},{"@type":"ListItem","position":2,"name":"Valikot"}]},{"@type":"WebSite","@id":"https:\/\/blogit.gradia.fi\/esimerkki\/#website","url":"https:\/\/blogit.gradia.fi\/esimerkki\/","name":"Esimerkki","description":"Gradian blogiohjesivusto","potentialAction":[{"@type":"SearchAction","target":{"@type":"EntryPoint","urlTemplate":"https:\/\/blogit.gradia.fi\/esimerkki\/?s={search_term_string}"},"query-input":{"@type":"PropertyValueSpecification","valueRequired":true,"valueName":"search_term_string"}}],"inLanguage":"fi"}]}},"uagb_featured_image_src":{"full":false,"thumbnail":false,"medium":false,"medium_large":false,"large":false,"1536x1536":false,"2048x2048":false,"post-thumbnail":false},"uagb_author_info":{"display_name":"pirita","author_link":"https:\/\/blogit.gradia.fi\/esimerkki\/author\/pirita\/"},"uagb_comment_info":0,"uagb_excerpt":"Valikot-kohdassa voit muokata blogisi valikoita. Esimerkki-blogista otetussa kuvassa valikolle on annettu nimi &#8221;Perusvalikko&#8221;. Valikko n\u00e4kyy otsakekuvan alla navigaatiopalkissa. Sama Perusvalikko on lis\u00e4tty vimpaimena sivun oikeaan laitaan, jotta blogiohjeita lukiessa olisi helppo l\u00f6yt\u00e4\u00e4 sivustolta oikea ohjesivu. Mieti ensin, millaisia sivuja blogissasi tarvitset. Nime\u00e4 valikko. Luo tarvitsemasi sivut, ja lis\u00e4\u00e4 ne valikkoon &#8211; valitse nime\u00e4m\u00e4si valikko ja&hellip;","_links":{"self":[{"href":"https:\/\/blogit.gradia.fi\/esimerkki\/wp-json\/wp\/v2\/pages\/130","targetHints":{"allow":["GET"]}}],"collection":[{"href":"https:\/\/blogit.gradia.fi\/esimerkki\/wp-json\/wp\/v2\/pages"}],"about":[{"href":"https:\/\/blogit.gradia.fi\/esimerkki\/wp-json\/wp\/v2\/types\/page"}],"author":[{"embeddable":true,"href":"https:\/\/blogit.gradia.fi\/esimerkki\/wp-json\/wp\/v2\/users\/9"}],"replies":[{"embeddable":true,"href":"https:\/\/blogit.gradia.fi\/esimerkki\/wp-json\/wp\/v2\/comments?post=130"}],"version-history":[{"count":9,"href":"https:\/\/blogit.gradia.fi\/esimerkki\/wp-json\/wp\/v2\/pages\/130\/revisions"}],"predecessor-version":[{"id":363,"href":"https:\/\/blogit.gradia.fi\/esimerkki\/wp-json\/wp\/v2\/pages\/130\/revisions\/363"}],"wp:attachment":[{"href":"https:\/\/blogit.gradia.fi\/esimerkki\/wp-json\/wp\/v2\/media?parent=130"}],"curies":[{"name":"wp","href":"https:\/\/api.w.org\/{rel}","templated":true}]}}