{"id":128,"date":"2019-01-16T11:14:11","date_gmt":"2019-01-16T09:14:11","guid":{"rendered":"https:\/\/blogit.gradia.fi\/esimerkki\/?page_id=128"},"modified":"2019-01-22T12:42:00","modified_gmt":"2019-01-22T10:42:00","slug":"otsakekuva","status":"publish","type":"page","link":"https:\/\/blogit.gradia.fi\/esimerkki\/otsakekuva\/","title":{"rendered":"Otsakekuva"},"content":{"rendered":"\n<p> <\/p>\n\n\n\n<p>Otsakekuva tarkoittaa blogisivusi yl\u00e4laidassa pysyv\u00e4sti n\u00e4kyv\u00e4\u00e4 kuvaa. T\u00e4ss\u00e4 osiossa on kerrottu, mink\u00e4 kokoinen otsakekuva kyseisess\u00e4 teemassa toimii parhaiten. Esimerkki-blogin teemassa &#8221;Twenty Thirteen&#8221; parhaiten toimii 1600 x 230 pixelin kokoinen kuva. <\/p>\n\n\n\n<p>Valitse \u201cLis\u00e4\u00e4 uusi kuva\u201d, kun haluat vaihtaa otsakekuvaa. Voit siirt\u00e4\u00e4 tiedoston omalta laitteeltasi tai valita kuvan mediakirjastosta, jos siell\u00e4 on jo kuvia. Rajaa kuva sopivankokoiseksi. Muista painaa my\u00f6s Julkaise-painiketta yl\u00e4laidassa, kun otsakekuva on  valmis.\u00a0\u00a0<\/p>\n\n\n\n<p><strong>Huom! <\/strong>Jos julkaise-painikkeen oikealla puolella n\u00e4kyy ratas-painike, voit tallentaa siit\u00e4 luonnoksen, ajastaa kuvan ja jakaa esikatselulinkin.<\/p>\n\n\n\n<figure class=\"wp-block-image alignwide\"><img loading=\"lazy\" decoding=\"async\" width=\"1304\" height=\"959\" src=\"https:\/\/blogit.gradia.fi\/esimerkki\/wp-content\/uploads\/sites\/15\/2019\/01\/otsakekuva.png\" alt=\"\" class=\"wp-image-353\" \/><\/figure>\n","protected":false},"excerpt":{"rendered":"<p>Otsakekuva tarkoittaa blogisivusi yl\u00e4laidassa pysyv\u00e4sti n\u00e4kyv\u00e4\u00e4 kuvaa. T\u00e4ss\u00e4 osiossa on kerrottu, mink\u00e4 kokoinen otsakekuva kyseisess\u00e4 teemassa toimii parhaiten. Esimerkki-blogin teemassa &#8221;Twenty Thirteen&#8221; parhaiten toimii 1600 x 230 pixelin kokoinen kuva. Valitse \u201cLis\u00e4\u00e4 uusi kuva\u201d, kun haluat vaihtaa otsakekuvaa. Voit siirt\u00e4\u00e4 tiedoston omalta laitteeltasi tai valita kuvan mediakirjastosta, jos siell\u00e4 on jo kuvia. Rajaa kuva sopivankokoiseksi. &hellip; <a href=\"https:\/\/blogit.gradia.fi\/esimerkki\/otsakekuva\/\" class=\"more-link\">Jatka lukemista <span class=\"screen-reader-text\">Otsakekuva<\/span> <span class=\"meta-nav\">&rarr;<\/span><\/a><\/p>\n","protected":false},"author":9,"featured_media":0,"parent":0,"menu_order":0,"comment_status":"closed","ping_status":"closed","template":"","meta":{"_uag_custom_page_level_css":"","footnotes":""},"class_list":["post-128","page","type-page","status-publish","hentry"],"yoast_head":"<!-- This site is optimized with the Yoast SEO plugin v27.2 - https:\/\/yoast.com\/product\/yoast-seo-wordpress\/ -->\n<title>Otsakekuva - Esimerkki<\/title>\n<meta name=\"robots\" content=\"index, follow, max-snippet:-1, max-image-preview:large, max-video-preview:-1\" \/>\n<link rel=\"canonical\" href=\"https:\/\/blogit.gradia.fi\/esimerkki\/otsakekuva\/\" \/>\n<meta property=\"og:locale\" content=\"fi_FI\" \/>\n<meta property=\"og:type\" content=\"article\" \/>\n<meta property=\"og:title\" content=\"Otsakekuva - Esimerkki\" \/>\n<meta property=\"og:description\" content=\"Otsakekuva tarkoittaa blogisivusi yl\u00e4laidassa pysyv\u00e4sti n\u00e4kyv\u00e4\u00e4 kuvaa. T\u00e4ss\u00e4 osiossa on kerrottu, mink\u00e4 kokoinen otsakekuva kyseisess\u00e4 teemassa toimii parhaiten. Esimerkki-blogin teemassa &#8221;Twenty Thirteen&#8221; parhaiten toimii 1600 x 230 pixelin kokoinen kuva. Valitse \u201cLis\u00e4\u00e4 uusi kuva\u201d, kun haluat vaihtaa otsakekuvaa. Voit siirt\u00e4\u00e4 tiedoston omalta laitteeltasi tai valita kuvan mediakirjastosta, jos siell\u00e4 on jo kuvia. Rajaa kuva sopivankokoiseksi. &hellip; Jatka lukemista Otsakekuva &rarr;\" \/>\n<meta property=\"og:url\" content=\"https:\/\/blogit.gradia.fi\/esimerkki\/otsakekuva\/\" \/>\n<meta property=\"og:site_name\" content=\"Esimerkki\" \/>\n<meta property=\"article:modified_time\" content=\"2019-01-22T10:42:00+00:00\" \/>\n<meta property=\"og:image\" content=\"https:\/\/blogit.gradia.fi\/esimerkki\/wp-content\/uploads\/sites\/15\/2019\/01\/otsakekuva.png\" \/>\n<meta name=\"twitter:card\" content=\"summary_large_image\" \/>\n<script type=\"application\/ld+json\" class=\"yoast-schema-graph\">{\"@context\":\"https:\/\/schema.org\",\"@graph\":[{\"@type\":\"WebPage\",\"@id\":\"https:\/\/blogit.gradia.fi\/esimerkki\/otsakekuva\/\",\"url\":\"https:\/\/blogit.gradia.fi\/esimerkki\/otsakekuva\/\",\"name\":\"Otsakekuva - Esimerkki\",\"isPartOf\":{\"@id\":\"https:\/\/blogit.gradia.fi\/esimerkki\/#website\"},\"primaryImageOfPage\":{\"@id\":\"https:\/\/blogit.gradia.fi\/esimerkki\/otsakekuva\/#primaryimage\"},\"image\":{\"@id\":\"https:\/\/blogit.gradia.fi\/esimerkki\/otsakekuva\/#primaryimage\"},\"thumbnailUrl\":\"https:\/\/blogit.gradia.fi\/esimerkki\/wp-content\/uploads\/sites\/15\/2019\/01\/otsakekuva.png\",\"datePublished\":\"2019-01-16T09:14:11+00:00\",\"dateModified\":\"2019-01-22T10:42:00+00:00\",\"breadcrumb\":{\"@id\":\"https:\/\/blogit.gradia.fi\/esimerkki\/otsakekuva\/#breadcrumb\"},\"inLanguage\":\"fi\",\"potentialAction\":[{\"@type\":\"ReadAction\",\"target\":[\"https:\/\/blogit.gradia.fi\/esimerkki\/otsakekuva\/\"]}]},{\"@type\":\"ImageObject\",\"inLanguage\":\"fi\",\"@id\":\"https:\/\/blogit.gradia.fi\/esimerkki\/otsakekuva\/#primaryimage\",\"url\":\"https:\/\/blogit.gradia.fi\/esimerkki\/wp-content\/uploads\/sites\/15\/2019\/01\/otsakekuva.png\",\"contentUrl\":\"https:\/\/blogit.gradia.fi\/esimerkki\/wp-content\/uploads\/sites\/15\/2019\/01\/otsakekuva.png\",\"width\":1304,\"height\":959},{\"@type\":\"BreadcrumbList\",\"@id\":\"https:\/\/blogit.gradia.fi\/esimerkki\/otsakekuva\/#breadcrumb\",\"itemListElement\":[{\"@type\":\"ListItem\",\"position\":1,\"name\":\"Home\",\"item\":\"https:\/\/blogit.gradia.fi\/esimerkki\/\"},{\"@type\":\"ListItem\",\"position\":2,\"name\":\"Otsakekuva\"}]},{\"@type\":\"WebSite\",\"@id\":\"https:\/\/blogit.gradia.fi\/esimerkki\/#website\",\"url\":\"https:\/\/blogit.gradia.fi\/esimerkki\/\",\"name\":\"Esimerkki\",\"description\":\"Gradian blogiohjesivusto\",\"potentialAction\":[{\"@type\":\"SearchAction\",\"target\":{\"@type\":\"EntryPoint\",\"urlTemplate\":\"https:\/\/blogit.gradia.fi\/esimerkki\/?s={search_term_string}\"},\"query-input\":{\"@type\":\"PropertyValueSpecification\",\"valueRequired\":true,\"valueName\":\"search_term_string\"}}],\"inLanguage\":\"fi\"}]}<\/script>\n<!-- \/ Yoast SEO plugin. -->","yoast_head_json":{"title":"Otsakekuva - Esimerkki","robots":{"index":"index","follow":"follow","max-snippet":"max-snippet:-1","max-image-preview":"max-image-preview:large","max-video-preview":"max-video-preview:-1"},"canonical":"https:\/\/blogit.gradia.fi\/esimerkki\/otsakekuva\/","og_locale":"fi_FI","og_type":"article","og_title":"Otsakekuva - Esimerkki","og_description":"Otsakekuva tarkoittaa blogisivusi yl\u00e4laidassa pysyv\u00e4sti n\u00e4kyv\u00e4\u00e4 kuvaa. T\u00e4ss\u00e4 osiossa on kerrottu, mink\u00e4 kokoinen otsakekuva kyseisess\u00e4 teemassa toimii parhaiten. Esimerkki-blogin teemassa &#8221;Twenty Thirteen&#8221; parhaiten toimii 1600 x 230 pixelin kokoinen kuva. Valitse \u201cLis\u00e4\u00e4 uusi kuva\u201d, kun haluat vaihtaa otsakekuvaa. Voit siirt\u00e4\u00e4 tiedoston omalta laitteeltasi tai valita kuvan mediakirjastosta, jos siell\u00e4 on jo kuvia. Rajaa kuva sopivankokoiseksi. &hellip; Jatka lukemista Otsakekuva &rarr;","og_url":"https:\/\/blogit.gradia.fi\/esimerkki\/otsakekuva\/","og_site_name":"Esimerkki","article_modified_time":"2019-01-22T10:42:00+00:00","og_image":[{"url":"https:\/\/blogit.gradia.fi\/esimerkki\/wp-content\/uploads\/sites\/15\/2019\/01\/otsakekuva.png","type":"","width":"","height":""}],"twitter_card":"summary_large_image","schema":{"@context":"https:\/\/schema.org","@graph":[{"@type":"WebPage","@id":"https:\/\/blogit.gradia.fi\/esimerkki\/otsakekuva\/","url":"https:\/\/blogit.gradia.fi\/esimerkki\/otsakekuva\/","name":"Otsakekuva - Esimerkki","isPartOf":{"@id":"https:\/\/blogit.gradia.fi\/esimerkki\/#website"},"primaryImageOfPage":{"@id":"https:\/\/blogit.gradia.fi\/esimerkki\/otsakekuva\/#primaryimage"},"image":{"@id":"https:\/\/blogit.gradia.fi\/esimerkki\/otsakekuva\/#primaryimage"},"thumbnailUrl":"https:\/\/blogit.gradia.fi\/esimerkki\/wp-content\/uploads\/sites\/15\/2019\/01\/otsakekuva.png","datePublished":"2019-01-16T09:14:11+00:00","dateModified":"2019-01-22T10:42:00+00:00","breadcrumb":{"@id":"https:\/\/blogit.gradia.fi\/esimerkki\/otsakekuva\/#breadcrumb"},"inLanguage":"fi","potentialAction":[{"@type":"ReadAction","target":["https:\/\/blogit.gradia.fi\/esimerkki\/otsakekuva\/"]}]},{"@type":"ImageObject","inLanguage":"fi","@id":"https:\/\/blogit.gradia.fi\/esimerkki\/otsakekuva\/#primaryimage","url":"https:\/\/blogit.gradia.fi\/esimerkki\/wp-content\/uploads\/sites\/15\/2019\/01\/otsakekuva.png","contentUrl":"https:\/\/blogit.gradia.fi\/esimerkki\/wp-content\/uploads\/sites\/15\/2019\/01\/otsakekuva.png","width":1304,"height":959},{"@type":"BreadcrumbList","@id":"https:\/\/blogit.gradia.fi\/esimerkki\/otsakekuva\/#breadcrumb","itemListElement":[{"@type":"ListItem","position":1,"name":"Home","item":"https:\/\/blogit.gradia.fi\/esimerkki\/"},{"@type":"ListItem","position":2,"name":"Otsakekuva"}]},{"@type":"WebSite","@id":"https:\/\/blogit.gradia.fi\/esimerkki\/#website","url":"https:\/\/blogit.gradia.fi\/esimerkki\/","name":"Esimerkki","description":"Gradian blogiohjesivusto","potentialAction":[{"@type":"SearchAction","target":{"@type":"EntryPoint","urlTemplate":"https:\/\/blogit.gradia.fi\/esimerkki\/?s={search_term_string}"},"query-input":{"@type":"PropertyValueSpecification","valueRequired":true,"valueName":"search_term_string"}}],"inLanguage":"fi"}]}},"uagb_featured_image_src":{"full":false,"thumbnail":false,"medium":false,"medium_large":false,"large":false,"1536x1536":false,"2048x2048":false,"post-thumbnail":false},"uagb_author_info":{"display_name":"pirita","author_link":"https:\/\/blogit.gradia.fi\/esimerkki\/author\/pirita\/"},"uagb_comment_info":0,"uagb_excerpt":"Otsakekuva tarkoittaa blogisivusi yl\u00e4laidassa pysyv\u00e4sti n\u00e4kyv\u00e4\u00e4 kuvaa. T\u00e4ss\u00e4 osiossa on kerrottu, mink\u00e4 kokoinen otsakekuva kyseisess\u00e4 teemassa toimii parhaiten. Esimerkki-blogin teemassa &#8221;Twenty Thirteen&#8221; parhaiten toimii 1600 x 230 pixelin kokoinen kuva. Valitse \u201cLis\u00e4\u00e4 uusi kuva\u201d, kun haluat vaihtaa otsakekuvaa. Voit siirt\u00e4\u00e4 tiedoston omalta laitteeltasi tai valita kuvan mediakirjastosta, jos siell\u00e4 on jo kuvia. Rajaa kuva sopivankokoiseksi.&hellip;","_links":{"self":[{"href":"https:\/\/blogit.gradia.fi\/esimerkki\/wp-json\/wp\/v2\/pages\/128","targetHints":{"allow":["GET"]}}],"collection":[{"href":"https:\/\/blogit.gradia.fi\/esimerkki\/wp-json\/wp\/v2\/pages"}],"about":[{"href":"https:\/\/blogit.gradia.fi\/esimerkki\/wp-json\/wp\/v2\/types\/page"}],"author":[{"embeddable":true,"href":"https:\/\/blogit.gradia.fi\/esimerkki\/wp-json\/wp\/v2\/users\/9"}],"replies":[{"embeddable":true,"href":"https:\/\/blogit.gradia.fi\/esimerkki\/wp-json\/wp\/v2\/comments?post=128"}],"version-history":[{"count":6,"href":"https:\/\/blogit.gradia.fi\/esimerkki\/wp-json\/wp\/v2\/pages\/128\/revisions"}],"predecessor-version":[{"id":357,"href":"https:\/\/blogit.gradia.fi\/esimerkki\/wp-json\/wp\/v2\/pages\/128\/revisions\/357"}],"wp:attachment":[{"href":"https:\/\/blogit.gradia.fi\/esimerkki\/wp-json\/wp\/v2\/media?parent=128"}],"curies":[{"name":"wp","href":"https:\/\/api.w.org\/{rel}","templated":true}]}}