{"id":126,"date":"2019-01-16T11:13:35","date_gmt":"2019-01-16T09:13:35","guid":{"rendered":"https:\/\/blogit.gradia.fi\/esimerkki\/?page_id=126"},"modified":"2019-01-18T12:35:59","modified_gmt":"2019-01-18T10:35:59","slug":"varit","status":"publish","type":"page","link":"https:\/\/blogit.gradia.fi\/esimerkki\/varit\/","title":{"rendered":"V\u00e4rit"},"content":{"rendered":"\n<p>Voi muuttaa otsikon ja kuvauksen tekstin v\u00e4rin mieleiseksesi. Paina &#8221;Valitse v\u00e4ri&#8221;-painiketta ja valitse v\u00e4rilaatikon alapuolelta valmis v\u00e4ri tai etsi haluamasi v\u00e4ri. Kokeile eri vaihtoehtoja parhaimman l\u00f6ytymiseksi. Paina yl\u00e4reunasta &#8221;Julkaise&#8221;-painiketta, kun haluat tallentaa.<\/p>\n\n\n\n<figure class=\"wp-block-image\"><img loading=\"lazy\" decoding=\"async\" width=\"948\" height=\"795\" src=\"https:\/\/blogit.gradia.fi\/esimerkki\/wp-content\/uploads\/sites\/15\/2019\/01\/vari.png\" alt=\"Kuvakaappaus valikosta, jossa voi muokata otsikon ja kuvauksen tekstien v\u00e4rit.\" class=\"wp-image-220\" \/><\/figure>\n","protected":false},"excerpt":{"rendered":"<p>Voi muuttaa otsikon ja kuvauksen tekstin v\u00e4rin mieleiseksesi. Paina &#8221;Valitse v\u00e4ri&#8221;-painiketta ja valitse v\u00e4rilaatikon alapuolelta valmis v\u00e4ri tai etsi haluamasi v\u00e4ri. Kokeile eri vaihtoehtoja parhaimman l\u00f6ytymiseksi. Paina yl\u00e4reunasta &#8221;Julkaise&#8221;-painiketta, kun haluat tallentaa.<\/p>\n","protected":false},"author":9,"featured_media":0,"parent":0,"menu_order":0,"comment_status":"closed","ping_status":"closed","template":"","meta":{"_uag_custom_page_level_css":"","footnotes":""},"class_list":["post-126","page","type-page","status-publish","hentry"],"yoast_head":"<!-- This site is optimized with the Yoast SEO plugin v27.2 - https:\/\/yoast.com\/product\/yoast-seo-wordpress\/ -->\n<title>V\u00e4rit - Esimerkki<\/title>\n<meta name=\"robots\" content=\"index, follow, max-snippet:-1, max-image-preview:large, max-video-preview:-1\" \/>\n<link rel=\"canonical\" href=\"https:\/\/blogit.gradia.fi\/esimerkki\/varit\/\" \/>\n<meta property=\"og:locale\" content=\"fi_FI\" \/>\n<meta property=\"og:type\" content=\"article\" \/>\n<meta property=\"og:title\" content=\"V\u00e4rit - Esimerkki\" \/>\n<meta property=\"og:description\" content=\"Voi muuttaa otsikon ja kuvauksen tekstin v\u00e4rin mieleiseksesi. Paina &#8221;Valitse v\u00e4ri&#8221;-painiketta ja valitse v\u00e4rilaatikon alapuolelta valmis v\u00e4ri tai etsi haluamasi v\u00e4ri. Kokeile eri vaihtoehtoja parhaimman l\u00f6ytymiseksi. Paina yl\u00e4reunasta &#8221;Julkaise&#8221;-painiketta, kun haluat tallentaa.\" \/>\n<meta property=\"og:url\" content=\"https:\/\/blogit.gradia.fi\/esimerkki\/varit\/\" \/>\n<meta property=\"og:site_name\" content=\"Esimerkki\" \/>\n<meta property=\"article:modified_time\" content=\"2019-01-18T10:35:59+00:00\" \/>\n<meta property=\"og:image\" content=\"https:\/\/blogit.gradia.fi\/esimerkki\/wp-content\/uploads\/sites\/15\/2019\/01\/vari.png\" \/>\n<meta name=\"twitter:card\" content=\"summary_large_image\" \/>\n<script type=\"application\/ld+json\" class=\"yoast-schema-graph\">{\"@context\":\"https:\/\/schema.org\",\"@graph\":[{\"@type\":\"WebPage\",\"@id\":\"https:\/\/blogit.gradia.fi\/esimerkki\/varit\/\",\"url\":\"https:\/\/blogit.gradia.fi\/esimerkki\/varit\/\",\"name\":\"V\u00e4rit - Esimerkki\",\"isPartOf\":{\"@id\":\"https:\/\/blogit.gradia.fi\/esimerkki\/#website\"},\"primaryImageOfPage\":{\"@id\":\"https:\/\/blogit.gradia.fi\/esimerkki\/varit\/#primaryimage\"},\"image\":{\"@id\":\"https:\/\/blogit.gradia.fi\/esimerkki\/varit\/#primaryimage\"},\"thumbnailUrl\":\"https:\/\/blogit.gradia.fi\/esimerkki\/wp-content\/uploads\/sites\/15\/2019\/01\/vari.png\",\"datePublished\":\"2019-01-16T09:13:35+00:00\",\"dateModified\":\"2019-01-18T10:35:59+00:00\",\"breadcrumb\":{\"@id\":\"https:\/\/blogit.gradia.fi\/esimerkki\/varit\/#breadcrumb\"},\"inLanguage\":\"fi\",\"potentialAction\":[{\"@type\":\"ReadAction\",\"target\":[\"https:\/\/blogit.gradia.fi\/esimerkki\/varit\/\"]}]},{\"@type\":\"ImageObject\",\"inLanguage\":\"fi\",\"@id\":\"https:\/\/blogit.gradia.fi\/esimerkki\/varit\/#primaryimage\",\"url\":\"https:\/\/blogit.gradia.fi\/esimerkki\/wp-content\/uploads\/sites\/15\/2019\/01\/vari.png\",\"contentUrl\":\"https:\/\/blogit.gradia.fi\/esimerkki\/wp-content\/uploads\/sites\/15\/2019\/01\/vari.png\",\"width\":948,\"height\":795},{\"@type\":\"BreadcrumbList\",\"@id\":\"https:\/\/blogit.gradia.fi\/esimerkki\/varit\/#breadcrumb\",\"itemListElement\":[{\"@type\":\"ListItem\",\"position\":1,\"name\":\"Home\",\"item\":\"https:\/\/blogit.gradia.fi\/esimerkki\/\"},{\"@type\":\"ListItem\",\"position\":2,\"name\":\"V\u00e4rit\"}]},{\"@type\":\"WebSite\",\"@id\":\"https:\/\/blogit.gradia.fi\/esimerkki\/#website\",\"url\":\"https:\/\/blogit.gradia.fi\/esimerkki\/\",\"name\":\"Esimerkki\",\"description\":\"Gradian blogiohjesivusto\",\"potentialAction\":[{\"@type\":\"SearchAction\",\"target\":{\"@type\":\"EntryPoint\",\"urlTemplate\":\"https:\/\/blogit.gradia.fi\/esimerkki\/?s={search_term_string}\"},\"query-input\":{\"@type\":\"PropertyValueSpecification\",\"valueRequired\":true,\"valueName\":\"search_term_string\"}}],\"inLanguage\":\"fi\"}]}<\/script>\n<!-- \/ Yoast SEO plugin. -->","yoast_head_json":{"title":"V\u00e4rit - Esimerkki","robots":{"index":"index","follow":"follow","max-snippet":"max-snippet:-1","max-image-preview":"max-image-preview:large","max-video-preview":"max-video-preview:-1"},"canonical":"https:\/\/blogit.gradia.fi\/esimerkki\/varit\/","og_locale":"fi_FI","og_type":"article","og_title":"V\u00e4rit - Esimerkki","og_description":"Voi muuttaa otsikon ja kuvauksen tekstin v\u00e4rin mieleiseksesi. Paina &#8221;Valitse v\u00e4ri&#8221;-painiketta ja valitse v\u00e4rilaatikon alapuolelta valmis v\u00e4ri tai etsi haluamasi v\u00e4ri. Kokeile eri vaihtoehtoja parhaimman l\u00f6ytymiseksi. Paina yl\u00e4reunasta &#8221;Julkaise&#8221;-painiketta, kun haluat tallentaa.","og_url":"https:\/\/blogit.gradia.fi\/esimerkki\/varit\/","og_site_name":"Esimerkki","article_modified_time":"2019-01-18T10:35:59+00:00","og_image":[{"url":"https:\/\/blogit.gradia.fi\/esimerkki\/wp-content\/uploads\/sites\/15\/2019\/01\/vari.png","type":"","width":"","height":""}],"twitter_card":"summary_large_image","schema":{"@context":"https:\/\/schema.org","@graph":[{"@type":"WebPage","@id":"https:\/\/blogit.gradia.fi\/esimerkki\/varit\/","url":"https:\/\/blogit.gradia.fi\/esimerkki\/varit\/","name":"V\u00e4rit - Esimerkki","isPartOf":{"@id":"https:\/\/blogit.gradia.fi\/esimerkki\/#website"},"primaryImageOfPage":{"@id":"https:\/\/blogit.gradia.fi\/esimerkki\/varit\/#primaryimage"},"image":{"@id":"https:\/\/blogit.gradia.fi\/esimerkki\/varit\/#primaryimage"},"thumbnailUrl":"https:\/\/blogit.gradia.fi\/esimerkki\/wp-content\/uploads\/sites\/15\/2019\/01\/vari.png","datePublished":"2019-01-16T09:13:35+00:00","dateModified":"2019-01-18T10:35:59+00:00","breadcrumb":{"@id":"https:\/\/blogit.gradia.fi\/esimerkki\/varit\/#breadcrumb"},"inLanguage":"fi","potentialAction":[{"@type":"ReadAction","target":["https:\/\/blogit.gradia.fi\/esimerkki\/varit\/"]}]},{"@type":"ImageObject","inLanguage":"fi","@id":"https:\/\/blogit.gradia.fi\/esimerkki\/varit\/#primaryimage","url":"https:\/\/blogit.gradia.fi\/esimerkki\/wp-content\/uploads\/sites\/15\/2019\/01\/vari.png","contentUrl":"https:\/\/blogit.gradia.fi\/esimerkki\/wp-content\/uploads\/sites\/15\/2019\/01\/vari.png","width":948,"height":795},{"@type":"BreadcrumbList","@id":"https:\/\/blogit.gradia.fi\/esimerkki\/varit\/#breadcrumb","itemListElement":[{"@type":"ListItem","position":1,"name":"Home","item":"https:\/\/blogit.gradia.fi\/esimerkki\/"},{"@type":"ListItem","position":2,"name":"V\u00e4rit"}]},{"@type":"WebSite","@id":"https:\/\/blogit.gradia.fi\/esimerkki\/#website","url":"https:\/\/blogit.gradia.fi\/esimerkki\/","name":"Esimerkki","description":"Gradian blogiohjesivusto","potentialAction":[{"@type":"SearchAction","target":{"@type":"EntryPoint","urlTemplate":"https:\/\/blogit.gradia.fi\/esimerkki\/?s={search_term_string}"},"query-input":{"@type":"PropertyValueSpecification","valueRequired":true,"valueName":"search_term_string"}}],"inLanguage":"fi"}]}},"uagb_featured_image_src":{"full":false,"thumbnail":false,"medium":false,"medium_large":false,"large":false,"1536x1536":false,"2048x2048":false,"post-thumbnail":false},"uagb_author_info":{"display_name":"pirita","author_link":"https:\/\/blogit.gradia.fi\/esimerkki\/author\/pirita\/"},"uagb_comment_info":0,"uagb_excerpt":"Voi muuttaa otsikon ja kuvauksen tekstin v\u00e4rin mieleiseksesi. Paina &#8221;Valitse v\u00e4ri&#8221;-painiketta ja valitse v\u00e4rilaatikon alapuolelta valmis v\u00e4ri tai etsi haluamasi v\u00e4ri. Kokeile eri vaihtoehtoja parhaimman l\u00f6ytymiseksi. Paina yl\u00e4reunasta &#8221;Julkaise&#8221;-painiketta, kun haluat tallentaa.","_links":{"self":[{"href":"https:\/\/blogit.gradia.fi\/esimerkki\/wp-json\/wp\/v2\/pages\/126","targetHints":{"allow":["GET"]}}],"collection":[{"href":"https:\/\/blogit.gradia.fi\/esimerkki\/wp-json\/wp\/v2\/pages"}],"about":[{"href":"https:\/\/blogit.gradia.fi\/esimerkki\/wp-json\/wp\/v2\/types\/page"}],"author":[{"embeddable":true,"href":"https:\/\/blogit.gradia.fi\/esimerkki\/wp-json\/wp\/v2\/users\/9"}],"replies":[{"embeddable":true,"href":"https:\/\/blogit.gradia.fi\/esimerkki\/wp-json\/wp\/v2\/comments?post=126"}],"version-history":[{"count":4,"href":"https:\/\/blogit.gradia.fi\/esimerkki\/wp-json\/wp\/v2\/pages\/126\/revisions"}],"predecessor-version":[{"id":293,"href":"https:\/\/blogit.gradia.fi\/esimerkki\/wp-json\/wp\/v2\/pages\/126\/revisions\/293"}],"wp:attachment":[{"href":"https:\/\/blogit.gradia.fi\/esimerkki\/wp-json\/wp\/v2\/media?parent=126"}],"curies":[{"name":"wp","href":"https:\/\/api.w.org\/{rel}","templated":true}]}}