{"id":122,"date":"2019-01-16T11:11:18","date_gmt":"2019-01-16T09:11:18","guid":{"rendered":"https:\/\/blogit.gradia.fi\/esimerkki\/?page_id=122"},"modified":"2019-01-18T12:34:53","modified_gmt":"2019-01-18T10:34:53","slug":"sivuston-identiteetti","status":"publish","type":"page","link":"https:\/\/blogit.gradia.fi\/esimerkki\/sivuston-identiteetti\/","title":{"rendered":"Sivuston identiteetti"},"content":{"rendered":"\n<p>Sivuston identiteetti -kohdassa voit vaihtaa sivuston otsikkoa, kuvausta (alaotsikkoa) ja valita sivustolle pikkukuvakkeen, joka n\u00e4kyy selaimen v\u00e4lilehdill\u00e4, kirjanmerkeiss\u00e4 ja WordPressin mobiilisovelluksissa.&nbsp;<\/p>\n\n\n\n<p>Voit muuttaa otsikkoa ja kuvausta kirjoittamalla valikossa n\u00e4kyviin laatikoihin. Muutos n\u00e4kyy heti blogin\u00e4kym\u00e4ss\u00e4, mutta ei tallennu, ennen kuin painat &#8221;Julkaise&#8221;.&nbsp; <br><\/p>\n\n\n\n<p>Jos otat v\u00e4k\u00e4sen pois kohdasta \u201cN\u00e4yt\u00e4 sivuston otsikko tai kuvaus\u201d, otsikko- ja kuvaustekstit katoavat n\u00e4kyvist\u00e4. T\u00e4t\u00e4 voi olla tarpeen k\u00e4ytt\u00e4\u00e4 silloin, jos haluaa tehd\u00e4 otsakekuvan, jossa itsess\u00e4\u00e4n lukee otsikko- ja kuvaustekstit.<\/p>\n\n\n\n<figure class=\"wp-block-image\"><img loading=\"lazy\" decoding=\"async\" width=\"987\" height=\"815\" src=\"https:\/\/blogit.gradia.fi\/esimerkki\/wp-content\/uploads\/sites\/15\/2019\/01\/sivuston_identiteetti.png\" alt=\"N\u00e4kym\u00e4 valikosta, jossa voi tehd\u00e4 sivuston identiteetti\u00e4 koskevia muutoksia.\" class=\"wp-image-212\" \/><\/figure>\n","protected":false},"excerpt":{"rendered":"<p>Sivuston identiteetti -kohdassa voit vaihtaa sivuston otsikkoa, kuvausta (alaotsikkoa) ja valita sivustolle pikkukuvakkeen, joka n\u00e4kyy selaimen v\u00e4lilehdill\u00e4, kirjanmerkeiss\u00e4 ja WordPressin mobiilisovelluksissa.&nbsp; Voit muuttaa otsikkoa ja kuvausta kirjoittamalla valikossa n\u00e4kyviin laatikoihin. Muutos n\u00e4kyy heti blogin\u00e4kym\u00e4ss\u00e4, mutta ei tallennu, ennen kuin painat &#8221;Julkaise&#8221;.&nbsp; Jos otat v\u00e4k\u00e4sen pois kohdasta \u201cN\u00e4yt\u00e4 sivuston otsikko tai kuvaus\u201d, otsikko- ja kuvaustekstit katoavat &hellip; <a href=\"https:\/\/blogit.gradia.fi\/esimerkki\/sivuston-identiteetti\/\" class=\"more-link\">Jatka lukemista <span class=\"screen-reader-text\">Sivuston identiteetti<\/span> <span class=\"meta-nav\">&rarr;<\/span><\/a><\/p>\n","protected":false},"author":9,"featured_media":0,"parent":0,"menu_order":0,"comment_status":"closed","ping_status":"closed","template":"","meta":{"_uag_custom_page_level_css":"","footnotes":""},"class_list":["post-122","page","type-page","status-publish","hentry"],"yoast_head":"<!-- This site is optimized with the Yoast SEO plugin v27.2 - https:\/\/yoast.com\/product\/yoast-seo-wordpress\/ -->\n<title>Sivuston identiteetti - Esimerkki<\/title>\n<meta name=\"robots\" content=\"index, follow, max-snippet:-1, max-image-preview:large, max-video-preview:-1\" \/>\n<link rel=\"canonical\" href=\"https:\/\/blogit.gradia.fi\/esimerkki\/sivuston-identiteetti\/\" \/>\n<meta property=\"og:locale\" content=\"fi_FI\" \/>\n<meta property=\"og:type\" content=\"article\" \/>\n<meta property=\"og:title\" content=\"Sivuston identiteetti - Esimerkki\" \/>\n<meta property=\"og:description\" content=\"Sivuston identiteetti -kohdassa voit vaihtaa sivuston otsikkoa, kuvausta (alaotsikkoa) ja valita sivustolle pikkukuvakkeen, joka n\u00e4kyy selaimen v\u00e4lilehdill\u00e4, kirjanmerkeiss\u00e4 ja WordPressin mobiilisovelluksissa.&nbsp; Voit muuttaa otsikkoa ja kuvausta kirjoittamalla valikossa n\u00e4kyviin laatikoihin. Muutos n\u00e4kyy heti blogin\u00e4kym\u00e4ss\u00e4, mutta ei tallennu, ennen kuin painat &#8221;Julkaise&#8221;.&nbsp; Jos otat v\u00e4k\u00e4sen pois kohdasta \u201cN\u00e4yt\u00e4 sivuston otsikko tai kuvaus\u201d, otsikko- ja kuvaustekstit katoavat &hellip; Jatka lukemista Sivuston identiteetti &rarr;\" \/>\n<meta property=\"og:url\" content=\"https:\/\/blogit.gradia.fi\/esimerkki\/sivuston-identiteetti\/\" \/>\n<meta property=\"og:site_name\" content=\"Esimerkki\" \/>\n<meta property=\"article:modified_time\" content=\"2019-01-18T10:34:53+00:00\" \/>\n<meta property=\"og:image\" content=\"https:\/\/blogit.gradia.fi\/esimerkki\/wp-content\/uploads\/sites\/15\/2019\/01\/sivuston_identiteetti.png\" \/>\n<meta name=\"twitter:card\" content=\"summary_large_image\" \/>\n<script type=\"application\/ld+json\" class=\"yoast-schema-graph\">{\"@context\":\"https:\/\/schema.org\",\"@graph\":[{\"@type\":\"WebPage\",\"@id\":\"https:\/\/blogit.gradia.fi\/esimerkki\/sivuston-identiteetti\/\",\"url\":\"https:\/\/blogit.gradia.fi\/esimerkki\/sivuston-identiteetti\/\",\"name\":\"Sivuston identiteetti - Esimerkki\",\"isPartOf\":{\"@id\":\"https:\/\/blogit.gradia.fi\/esimerkki\/#website\"},\"primaryImageOfPage\":{\"@id\":\"https:\/\/blogit.gradia.fi\/esimerkki\/sivuston-identiteetti\/#primaryimage\"},\"image\":{\"@id\":\"https:\/\/blogit.gradia.fi\/esimerkki\/sivuston-identiteetti\/#primaryimage\"},\"thumbnailUrl\":\"https:\/\/blogit.gradia.fi\/esimerkki\/wp-content\/uploads\/sites\/15\/2019\/01\/sivuston_identiteetti.png\",\"datePublished\":\"2019-01-16T09:11:18+00:00\",\"dateModified\":\"2019-01-18T10:34:53+00:00\",\"breadcrumb\":{\"@id\":\"https:\/\/blogit.gradia.fi\/esimerkki\/sivuston-identiteetti\/#breadcrumb\"},\"inLanguage\":\"fi\",\"potentialAction\":[{\"@type\":\"ReadAction\",\"target\":[\"https:\/\/blogit.gradia.fi\/esimerkki\/sivuston-identiteetti\/\"]}]},{\"@type\":\"ImageObject\",\"inLanguage\":\"fi\",\"@id\":\"https:\/\/blogit.gradia.fi\/esimerkki\/sivuston-identiteetti\/#primaryimage\",\"url\":\"https:\/\/blogit.gradia.fi\/esimerkki\/wp-content\/uploads\/sites\/15\/2019\/01\/sivuston_identiteetti.png\",\"contentUrl\":\"https:\/\/blogit.gradia.fi\/esimerkki\/wp-content\/uploads\/sites\/15\/2019\/01\/sivuston_identiteetti.png\",\"width\":987,\"height\":815},{\"@type\":\"BreadcrumbList\",\"@id\":\"https:\/\/blogit.gradia.fi\/esimerkki\/sivuston-identiteetti\/#breadcrumb\",\"itemListElement\":[{\"@type\":\"ListItem\",\"position\":1,\"name\":\"Home\",\"item\":\"https:\/\/blogit.gradia.fi\/esimerkki\/\"},{\"@type\":\"ListItem\",\"position\":2,\"name\":\"Sivuston identiteetti\"}]},{\"@type\":\"WebSite\",\"@id\":\"https:\/\/blogit.gradia.fi\/esimerkki\/#website\",\"url\":\"https:\/\/blogit.gradia.fi\/esimerkki\/\",\"name\":\"Esimerkki\",\"description\":\"Gradian blogiohjesivusto\",\"potentialAction\":[{\"@type\":\"SearchAction\",\"target\":{\"@type\":\"EntryPoint\",\"urlTemplate\":\"https:\/\/blogit.gradia.fi\/esimerkki\/?s={search_term_string}\"},\"query-input\":{\"@type\":\"PropertyValueSpecification\",\"valueRequired\":true,\"valueName\":\"search_term_string\"}}],\"inLanguage\":\"fi\"}]}<\/script>\n<!-- \/ Yoast SEO plugin. -->","yoast_head_json":{"title":"Sivuston identiteetti - Esimerkki","robots":{"index":"index","follow":"follow","max-snippet":"max-snippet:-1","max-image-preview":"max-image-preview:large","max-video-preview":"max-video-preview:-1"},"canonical":"https:\/\/blogit.gradia.fi\/esimerkki\/sivuston-identiteetti\/","og_locale":"fi_FI","og_type":"article","og_title":"Sivuston identiteetti - Esimerkki","og_description":"Sivuston identiteetti -kohdassa voit vaihtaa sivuston otsikkoa, kuvausta (alaotsikkoa) ja valita sivustolle pikkukuvakkeen, joka n\u00e4kyy selaimen v\u00e4lilehdill\u00e4, kirjanmerkeiss\u00e4 ja WordPressin mobiilisovelluksissa.&nbsp; Voit muuttaa otsikkoa ja kuvausta kirjoittamalla valikossa n\u00e4kyviin laatikoihin. Muutos n\u00e4kyy heti blogin\u00e4kym\u00e4ss\u00e4, mutta ei tallennu, ennen kuin painat &#8221;Julkaise&#8221;.&nbsp; Jos otat v\u00e4k\u00e4sen pois kohdasta \u201cN\u00e4yt\u00e4 sivuston otsikko tai kuvaus\u201d, otsikko- ja kuvaustekstit katoavat &hellip; Jatka lukemista Sivuston identiteetti &rarr;","og_url":"https:\/\/blogit.gradia.fi\/esimerkki\/sivuston-identiteetti\/","og_site_name":"Esimerkki","article_modified_time":"2019-01-18T10:34:53+00:00","og_image":[{"url":"https:\/\/blogit.gradia.fi\/esimerkki\/wp-content\/uploads\/sites\/15\/2019\/01\/sivuston_identiteetti.png","type":"","width":"","height":""}],"twitter_card":"summary_large_image","schema":{"@context":"https:\/\/schema.org","@graph":[{"@type":"WebPage","@id":"https:\/\/blogit.gradia.fi\/esimerkki\/sivuston-identiteetti\/","url":"https:\/\/blogit.gradia.fi\/esimerkki\/sivuston-identiteetti\/","name":"Sivuston identiteetti - Esimerkki","isPartOf":{"@id":"https:\/\/blogit.gradia.fi\/esimerkki\/#website"},"primaryImageOfPage":{"@id":"https:\/\/blogit.gradia.fi\/esimerkki\/sivuston-identiteetti\/#primaryimage"},"image":{"@id":"https:\/\/blogit.gradia.fi\/esimerkki\/sivuston-identiteetti\/#primaryimage"},"thumbnailUrl":"https:\/\/blogit.gradia.fi\/esimerkki\/wp-content\/uploads\/sites\/15\/2019\/01\/sivuston_identiteetti.png","datePublished":"2019-01-16T09:11:18+00:00","dateModified":"2019-01-18T10:34:53+00:00","breadcrumb":{"@id":"https:\/\/blogit.gradia.fi\/esimerkki\/sivuston-identiteetti\/#breadcrumb"},"inLanguage":"fi","potentialAction":[{"@type":"ReadAction","target":["https:\/\/blogit.gradia.fi\/esimerkki\/sivuston-identiteetti\/"]}]},{"@type":"ImageObject","inLanguage":"fi","@id":"https:\/\/blogit.gradia.fi\/esimerkki\/sivuston-identiteetti\/#primaryimage","url":"https:\/\/blogit.gradia.fi\/esimerkki\/wp-content\/uploads\/sites\/15\/2019\/01\/sivuston_identiteetti.png","contentUrl":"https:\/\/blogit.gradia.fi\/esimerkki\/wp-content\/uploads\/sites\/15\/2019\/01\/sivuston_identiteetti.png","width":987,"height":815},{"@type":"BreadcrumbList","@id":"https:\/\/blogit.gradia.fi\/esimerkki\/sivuston-identiteetti\/#breadcrumb","itemListElement":[{"@type":"ListItem","position":1,"name":"Home","item":"https:\/\/blogit.gradia.fi\/esimerkki\/"},{"@type":"ListItem","position":2,"name":"Sivuston identiteetti"}]},{"@type":"WebSite","@id":"https:\/\/blogit.gradia.fi\/esimerkki\/#website","url":"https:\/\/blogit.gradia.fi\/esimerkki\/","name":"Esimerkki","description":"Gradian blogiohjesivusto","potentialAction":[{"@type":"SearchAction","target":{"@type":"EntryPoint","urlTemplate":"https:\/\/blogit.gradia.fi\/esimerkki\/?s={search_term_string}"},"query-input":{"@type":"PropertyValueSpecification","valueRequired":true,"valueName":"search_term_string"}}],"inLanguage":"fi"}]}},"uagb_featured_image_src":{"full":false,"thumbnail":false,"medium":false,"medium_large":false,"large":false,"1536x1536":false,"2048x2048":false,"post-thumbnail":false},"uagb_author_info":{"display_name":"pirita","author_link":"https:\/\/blogit.gradia.fi\/esimerkki\/author\/pirita\/"},"uagb_comment_info":0,"uagb_excerpt":"Sivuston identiteetti -kohdassa voit vaihtaa sivuston otsikkoa, kuvausta (alaotsikkoa) ja valita sivustolle pikkukuvakkeen, joka n\u00e4kyy selaimen v\u00e4lilehdill\u00e4, kirjanmerkeiss\u00e4 ja WordPressin mobiilisovelluksissa.&nbsp; Voit muuttaa otsikkoa ja kuvausta kirjoittamalla valikossa n\u00e4kyviin laatikoihin. Muutos n\u00e4kyy heti blogin\u00e4kym\u00e4ss\u00e4, mutta ei tallennu, ennen kuin painat &#8221;Julkaise&#8221;.&nbsp; Jos otat v\u00e4k\u00e4sen pois kohdasta \u201cN\u00e4yt\u00e4 sivuston otsikko tai kuvaus\u201d, otsikko- ja kuvaustekstit katoavat&hellip;","_links":{"self":[{"href":"https:\/\/blogit.gradia.fi\/esimerkki\/wp-json\/wp\/v2\/pages\/122","targetHints":{"allow":["GET"]}}],"collection":[{"href":"https:\/\/blogit.gradia.fi\/esimerkki\/wp-json\/wp\/v2\/pages"}],"about":[{"href":"https:\/\/blogit.gradia.fi\/esimerkki\/wp-json\/wp\/v2\/types\/page"}],"author":[{"embeddable":true,"href":"https:\/\/blogit.gradia.fi\/esimerkki\/wp-json\/wp\/v2\/users\/9"}],"replies":[{"embeddable":true,"href":"https:\/\/blogit.gradia.fi\/esimerkki\/wp-json\/wp\/v2\/comments?post=122"}],"version-history":[{"count":4,"href":"https:\/\/blogit.gradia.fi\/esimerkki\/wp-json\/wp\/v2\/pages\/122\/revisions"}],"predecessor-version":[{"id":292,"href":"https:\/\/blogit.gradia.fi\/esimerkki\/wp-json\/wp\/v2\/pages\/122\/revisions\/292"}],"wp:attachment":[{"href":"https:\/\/blogit.gradia.fi\/esimerkki\/wp-json\/wp\/v2\/media?parent=122"}],"curies":[{"name":"wp","href":"https:\/\/api.w.org\/{rel}","templated":true}]}}