{"id":250,"date":"2013-05-16T09:44:00","date_gmt":"2013-05-16T06:44:00","guid":{"rendered":"https:\/\/blogit.gradia.fi\/eope\/?page_id=250"},"modified":"2015-03-20T11:23:53","modified_gmt":"2015-03-20T09:23:53","slug":"taitokurssit","status":"publish","type":"page","link":"https:\/\/blogit.gradia.fi\/eope\/taitokurssit\/","title":{"rendered":"Tervetuloa kev\u00e4\u00e4n 2015 koulutuksiin"},"content":{"rendered":"<p>&nbsp;<\/p>\n<p><strong>Maaliskuusta 2015 eteenp\u00e4in tieto- ja viestint\u00e4tekniikan opetusk\u00e4yt\u00f6n koulutuskalenteri on siirtynyt Jyv\u00e4skyl\u00e4n koulutuskuntayhtym\u00e4n Intraan. K\u00e4y tutustumassa <a href=\"https:\/\/intra.jao.fi\/Yhteiset-palvelut\/Henkilosto\/Henkiloston-kehittaminen\/Koulutuskalenteri\" target=\"_blank\">uudistuneeseen kalenteriin<\/a>!<\/strong><\/p>\n<p>&nbsp;<\/p>\n<p>Opetusteknologian peruskoulutukset on tarkoitettu Jyv\u00e4skyl\u00e4n koulutuskuntayhtym\u00e4n henkil\u00f6st\u00f6lle. Kurssit ovat maksutonta peruskoulutusta, eik\u00e4 ennakko-osaamista suurimmassa osassa koulutuksia vaadita. Kysy tarvittaessa lis\u00e4\u00e4 hanna.frilander(at)jao.fi<\/p>\n<p>Peruskoulutuksissa tutustut opetusteknologiav\u00e4lineisiin, opit soveltamaan v\u00e4lineit\u00e4 opetukseen ja tukemaan niiden avulla opiskelijoiden oppimista.<\/p>\n<p>L\u00e4mpim\u00e4sti tervetuloa oppimaan!<\/p>\n<h2>Ope.fi<\/h2>\n<p>Henkil\u00f6st\u00f6lle tarjotut Ope.fi -t\u00e4ydennyskoulutukset ovat p\u00e4\u00e4ttyneet. Henkil\u00f6st\u00f6 voi kuitenkin p\u00e4ivitt\u00e4\u00e4 osaamistaan <a href=\"http:\/\/opefi.wikispaces.com\/\" target=\"_blank\">Ope.fi -taitotasojen<\/a> mukaisesti itseopiskelumateriaaleilla. Ne sis\u00e4lt\u00e4v\u00e4t dokumentteja ja videoita ja ovat henkil\u00f6st\u00f6n vapaassa k\u00e4yt\u00f6ss\u00e4 Intrassa (Meid\u00e4n ao &#8211; Opetusteknologia). Ope.fi 1 -tason mukainen koulutuskokonaisuus l\u00f6ytyy itseopiskeluna my\u00f6s Optimasta. Jos haluat liitty\u00e4 Opefi 1 -koulutuksen ty\u00f6tilaan, ota yhteytt\u00e4 osoitteeseen optima@jao.fi.<\/p>\n<p>Opetushallituksen rahoittama Oppiminen Online -hanke p\u00e4ivitt\u00e4\u00e4 Ope.fi -taitotasoja uudelle sosiaalisen median aikakaudelle. Hanke tarjoaa <a href=\"http:\/\/www.oppiminenonline.com\/\" target=\"_blank\">maksuttomia online verkkosessioita<\/a>, joille voi osallistua omalta koneelta. Suoritetuista verkkokoulutuksista on mahdollista saada osaamismerkkej\u00e4 (open badge). Tutustu tarjontaan!<\/p>\n<h2>Tammikuu<\/h2>\n<p><a href=\"#excel1\">Excelin k\u00e4ytt\u00f6 helpommaksi<\/a><br \/>\n<a href=\"#blogi1\">ao-Blogi opetuksessa<\/a><\/p>\n<h2>Helmikuu<\/h2>\n<p><a href=\"#connect1\">Tutustu Adobe Connect \u2013et\u00e4neuvottelun mahdollisuuksiin<\/a><br \/>\n<a href=\"#word21\">Word 2, jatkokoulutus<\/a><br \/>\n<a href=\"#excel21\">Excel 2, jatkokoulutus <\/a><br \/>\n<a href=\"#aktiivi\">Aktiivitaulu -ty\u00f6paja<\/a><br \/>\n<a href=\"#win81\">Windows8, tabletilla ja\/tai tietokoneella<\/a><br \/>\n<a href=\"#optima\">Optima -ty\u00f6paja: Opeta Optimassa (kaksiosainen)<\/a><br \/>\n<a href=\"#connectjatko\">Adobe Connect \u2013et\u00e4neuvottelu aktiivik\u00e4ytt\u00f6\u00f6n, jatkokoulutus<\/a><\/p>\n<h2>Maaliskuu<\/h2>\n<p><a href=\"#onedrive\">Microsoft Office -dokumenttien tuottaminen ja jakaminen pilvipalvelussa (OneDrive)<\/a><\/p>\n<h4 id=\"excel1\">Excelin k\u00e4ytt\u00f6 helpommaksi<\/h4>\n<p>Ajankohta:\u00a0maanantai 26.1. klo 14-16<\/p>\n<p>Paikka: Viitaniementie 1 A, Aikuisopisto, luokka A3.210<\/p>\n<p>Kouluttaja: Matti Lampinen<\/p>\n<p>Tule opiskelemaan Excelin k\u00e4ytt\u00f6\u00e4. Tee se itsellesi helpommaksi ja opi k\u00e4ytt\u00e4m\u00e4\u00e4n Exceli\u00e4 sujuvasti. Kurssilla saat ty\u00f6skentely\u00e4si helpottavia vinkkej\u00e4 ja paljon tietoja, jotka on hyv\u00e4 ottaa huomioon Excelin k\u00e4yt\u00f6ss\u00e4.<\/p>\n<p>Kohderyhm\u00e4:\u00a0 Jyv\u00e4skyl\u00e4n koulutuskuntayhtym\u00e4n henkil\u00f6st\u00f6, Keski-Suomen perusopetuksen opettajat<\/p>\n<p>Ilmoittautuminen: <a href=\"http:\/\/digiumenterprise.com\/answer\/?sid=1253034&amp;chk=AED3WNSM\" target=\"_blank\">Ilmoittaudu t\u00e4st\u00e4 linkist\u00e4<\/a><\/p>\n<p>&nbsp;<\/p>\n<h4 id=\"blogi1\">ao-Blogi opetuksessa<\/h4>\n<p>Ajankohta:\u00a0tiistai 27.1. klo 14-16<\/p>\n<p>Paikka: Viitaniementie 1 C, luokka VN.C2.071<\/p>\n<p>Kouluttaja: Hanna Frilander<\/p>\n<p>Koulutuksessa tutustut blogiin opetuksen ja opiskelun ty\u00f6v\u00e4lineen\u00e4. Tutustumme Jyv\u00e4skyl\u00e4n koulutuskuntayhtym\u00e4n omaan blogipalveluun <a href=\"https:\/\/blogit.gradia.fi\/\" target=\"_blank\"><span style=\"text-decoration: underline;\"><span style=\"color: #0066cc;\">https:\/\/blogit.gradia.fi<\/span><\/span><\/a> Koulutuksessa opiskellaan blogin k\u00e4yt\u00f6n perusteet, ja n\u00e4k\u00f6kulmana on blogien k\u00e4ytt\u00f6 opetuksen ja oppimisen tukena.<\/p>\n<p>Kohderyhm\u00e4: Jyv\u00e4skyl\u00e4n koulutuskuntayhtym\u00e4n henkil\u00f6st\u00f6<\/p>\n<p>Ilmoittautuminen: <a href=\"http:\/\/digiumenterprise.com\/answer\/?sid=1253034&amp;chk=AED3WNSM\" target=\"_blank\"><span style=\"text-decoration: underline;\"><span style=\"color: #0066cc;\">Ilmoittaudu t\u00e4st\u00e4 linkist\u00e4<\/span><\/span><\/a><\/p>\n<p>&nbsp;<\/p>\n<h4 id=\"connect1\">Tutustu Adobe Connect \u2013et\u00e4neuvottelun mahdollisuuksiin<\/h4>\n<p>Ajankohta:\u00a0tiistai 3.2. klo 14-16<\/p>\n<p>Paikka: Viitaniementie 1 C, luokka VN.C2.071<\/p>\n<p>Kouluttaja: Hanna Frilander<\/p>\n<p>Adobe Connectin avulla voit koulutuksen \/esityksen \/ohjaustilanteen et\u00e4yhteydell\u00e4,\u00a0 j\u00e4rjest\u00e4\u00e4 oppilaillesi asiantuntijaluennon luokkaan verkon v\u00e4lityksell\u00e4 tai k\u00e4ytt\u00e4\u00e4 verkko-opetuksessa yhdess\u00e4 oppimisymp\u00e4rist\u00f6n (esim. Optima) kanssa helpottamaan vuorovaikutusta.\u00a0 Voit my\u00f6s j\u00e4rjest\u00e4\u00e4 kokouksia ja jatkaa yhteist\u00e4 suunnittelua kokousten v\u00e4lill\u00e4 verkossa. Connectilla voit my\u00f6s tehd\u00e4 videotallenteita opetuksesta ja vied\u00e4 linkin vaikka oppimisymp\u00e4rist\u00f6\u00f6n.<\/p>\n<p>Connect on monipisteneuvotteluj\u00e4rjestelm\u00e4, jonka avulla voitte keskustella ja jakaa videokuvaa reaaliaikaisesti, sek\u00e4 jakaa dokumentteja, verkkosivuja ja sovelluksia osallistujien kesken. Connectilla j\u00e4rjestettyyn tilaisuuteen voi osallistua useita henkil\u00f6it\u00e4 samanaikaisesti. T\u00e4m\u00e4 koulutus antaa perusvalmiudet Connectin k\u00e4ytt\u00f6\u00f6n. Ennakko-osaamista ei vaadita.<\/p>\n<p>Kohderyhm\u00e4: Jyv\u00e4skyl\u00e4n koulutuskuntayhtym\u00e4n henkil\u00f6st\u00f6<\/p>\n<p>Ilmoittautuminen: <a href=\"http:\/\/digiumenterprise.com\/answer\/?sid=1259804&amp;chk=UF49AEMP\" target=\"_blank\"><span style=\"text-decoration: underline;\"><span style=\"color: #0066cc;\">Ilmoittaudu t\u00e4st\u00e4\u00a0linkist\u00e4<\/span><\/span><\/a><\/p>\n<p>&nbsp;<\/p>\n<h4 id=\"word21\">Word 2, jatkokoulutus<\/h4>\n<p>Ajankohta: tiistai 3.2. klo 14-16<\/p>\n<p>Paikka: Viitaniementie 1A, Aikuisopisto, luokka A2.215<\/p>\n<p>Kouluttaja: Matti Lampinen<\/p>\n<p>T\u00e4m\u00e4 koulutus on jatkokoulutus ja suunnattu\u00a0niille,\u00a0jotka ovat k\u00e4yneet esim. viime syksyn aikana Wordin k\u00e4ytt\u00f6 helpommaksi\u00a0-koulutuksen.<\/p>\n<p>Kohderyhm\u00e4: Jyv\u00e4skyl\u00e4n koulutuskuntayhtym\u00e4n henkil\u00f6st\u00f6, Keski-Suomen perusopetuksen opettajat<\/p>\n<p>Ilmoittautuminen: <a href=\"http:\/\/digiumenterprise.com\/answer\/?sid=1259804&amp;chk=UF49AEMP\" target=\"_blank\">Ilmoittaudu t\u00e4st\u00e4 linkist\u00e4<\/a><\/p>\n<p>&nbsp;<\/p>\n<h4 id=\"excel21\">Excel 2, jatkokoulutus<\/h4>\n<p>Ajankohta: maanantai 9.2. klo 14-16<\/p>\n<p>Paikka: Viitaniementie 1A, Aikuisopisto, luokka A2.214<\/p>\n<p>Kouluttaja: Matti Lampinen<\/p>\n<p>T\u00e4m\u00e4 koulutus on jatkokoulutus ja suunnattu\u00a0niille,\u00a0jotka ovat k\u00e4yneet viime syksyn tai t\u00e4m\u00e4n kev\u00e4\u00e4n aikana Excelin\u00a0k\u00e4ytt\u00f6 helpommaksi\u00a0-koulutuksen.<\/p>\n<p>Kohderyhm\u00e4: Jyv\u00e4skyl\u00e4n koulutuskuntayhtym\u00e4n henkil\u00f6st\u00f6, Keski-Suomen perusopetuksen opettajat<\/p>\n<p>Ilmoittautuminen: <a href=\"http:\/\/digiumenterprise.com\/answer\/?sid=1259804&amp;chk=UF49AEMP\" target=\"_blank\">Ilmoittaudu t\u00e4st\u00e4 linkist\u00e4<\/a><\/p>\n<p>&nbsp;<\/p>\n<h4 id=\"aktiivi\">Aktiivitaulu -ty\u00f6paja (kaksiosainen)<\/h4>\n<p>Ajankohta: keskiviikko 4.3. klo 14-16<\/p>\n<p>Paikka: oppimistila Plaza, Sep\u00e4nkatu 3, Jyv\u00e4skyl\u00e4<\/p>\n<p>Kouluttajat: Hanna Frilander<\/p>\n<p>Onko luokassasi aktiivitaulu ja haluaisit oppia k\u00e4ytt\u00e4m\u00e4\u00e4n sit\u00e4 opetuksen tukena? Tule tutustumaan aktiivitaulun perusk\u00e4ytt\u00f6\u00f6n, dokumenttikameran ja aktiivitaulun yhteisty\u00f6h\u00f6n, sek\u00e4 Powerpoint-esitysten k\u00e4ytt\u00f6\u00f6n aktiivitaululla. Tutustut my\u00f6s omalta koneeltasi l\u00f6ytyv\u00e4\u00e4n ActivInspire-ohjelmaan ja sen asentamiseen omalle koneelle.<\/p>\n<p>Asioita, joita koulutuksessa opit: \u2013 Ty\u00f6kalupalkki \u2013 Muodon ja k\u00e4sialan tunnistus \u2013 Yht\u00e4aikainen k\u00e4ytt\u00e4j\u00e4tila (kaksi kirjoittajaa taululla) \u2013 Tasot ja objektien siirt\u00e4minen eri tasoille \u2013 Sivuselain ja resurssiselaimen k\u00e4ytt\u00f6 \u2013 Oman ty\u00f6pohjan tallentaminen omalle verkkolevylle \u2013 Profiilin muokkaaminen \u2013 \u00c4\u00e4nestyslaitteiden k\u00e4ytt\u00f6 opetuksen tukena \u2013 Promethean planetin k\u00e4ytt\u00f6 \u2013 Valmiin materiaalin muokkaaminen omaan opetukseen sopivaksi \u2013 Resurssipankin k\u00e4ytt\u00f6 S: -levylt\u00e4<\/p>\n<p>Hahmotellaan my\u00f6s aktiivitaulun k\u00e4yt\u00f6n mahdollisuuksia omassa opetuksessasi.<\/p>\n<p>Kohderyhm\u00e4: Jyv\u00e4skyl\u00e4n koulutuskuntayhtym\u00e4n henkil\u00f6st\u00f6<\/p>\n<p>Ilmoittautuminen: <a href=\"http:\/\/digiumenterprise.com\/answer\/?sid=1259804&amp;chk=UF49AEMP\" target=\"_blank\"><span style=\"text-decoration: underline;\"><span style=\"color: #0066cc;\">Ilmoittaudu t\u00e4st\u00e4 linkist\u00e4\u00a0\u00a0<\/span><\/span><\/a><\/p>\n<p>&nbsp;<\/p>\n<h4 id=\"win81\">Windows 8: tabletilla ja\/tai tietokoneella<\/h4>\n<p>Ajankohta: perjantai 13.2. klo 14-16<\/p>\n<p>Paikka: Viitaniementie 1A, Aikuisopisto, luokka A3.214<\/p>\n<p>Kouluttaja: Matti Lampinen<\/p>\n<p>Koulutuksessa k\u00e4yd\u00e4\u00e4n p\u00e4\u00e4piirteitt\u00e4in l\u00e4pi uusi Windows 8 \u2011k\u00e4ytt\u00f6ymp\u00e4rist\u00f6. Koulutuksessa saat hyv\u00e4n kokonaiskuvan uusista ominaisuuksista sek\u00e4 k\u00e4ytt\u00f6vinkkej\u00e4 helpottamaan Windows\u00a08:n k\u00e4ytt\u00f6\u00e4. Opit k\u00e4ytt\u00e4m\u00e4\u00e4n mm. tabletin kosketusn\u00e4ytt\u00f6\u00e4 ja saat vinkkej\u00e4 tabletin tehokkaaseen ja helppoon k\u00e4ytt\u00e4miseen. Ota oma tabletti mukaan.<\/p>\n<p>Kohderyhm\u00e4: Jyv\u00e4skyl\u00e4n koulutuskuntayhtym\u00e4n henkil\u00f6st\u00f6, Keski-Suomen perusopetuksen opettajat<\/p>\n<p>Ilmoittautuminen: <a href=\"http:\/\/digiumenterprise.com\/answer\/?sid=1259804&amp;chk=UF49AEMP\" target=\"_blank\">Ilmoittaudu t\u00e4st\u00e4 linkist\u00e4<\/a><\/p>\n<p>&nbsp;<\/p>\n<h4 id=\"optima\">Optima -ty\u00f6paja: Opeta Optimassa (kaksiosainen)<\/h4>\n<p>Ajankohta: maanantai 16.2. klo 14-16 ja torstai 5.3. klo 14-16<\/p>\n<p>Paikka: Viitaniementie 1C, luokka VN.C2.072<\/p>\n<p>Kouluttaja: Hanna Frilander<\/p>\n<p><span style=\"color: #000000;\">Onko sinulla Optimassa ty\u00f6tila, mutta kaipaisit vinkkej\u00e4 Optiman parempaan hy\u00f6dynt\u00e4miseen? T\u00e4ll\u00e4 kurssilla voit ty\u00f6st\u00e4\u00e4 Optima -ty\u00f6tilaasi uudeksi, tai tulla perustamaan uusi ty\u00f6tila Optimaan. Kurssilla n\u00e4k\u00f6kulmana ovat opetuksen ja oppimisen kysymykset.<br \/>\n<\/span><\/p>\n<p>Kohderyhm\u00e4: Jyv\u00e4skyl\u00e4n koulutuskuntayhtym\u00e4n henkil\u00f6st\u00f6<\/p>\n<p>Ilmoittautuminen: <a href=\"http:\/\/digiumenterprise.com\/answer\/?sid=1259804&amp;chk=UF49AEMP\" target=\"_blank\">Ilmoittaudu t\u00e4st\u00e4 linkist\u00e4<\/a>\u00a0(Koulutus on kaksiosainen ja t\u00e4ss\u00e4 ilmoittaudut molemmille kerroille)<\/p>\n<p>&nbsp;<\/p>\n<h4 id=\"connectjatko\">Adobe Connect \u2013et\u00e4neuvottelu aktiivik\u00e4ytt\u00f6\u00f6n, jatkokoulutus<\/h4>\n<p>Ajankohta:\u00a0tiistai 17.2. klo 14-16<\/p>\n<p>Paikka: Viitaniementie 1 C, luokka VN.C2.072<\/p>\n<p>Kouluttaja: Hanna Frilander<\/p>\n<p>Adobe Connectin avulla voit j\u00e4rjest\u00e4\u00e4 oppilaillesi asiantuntijaluennon luokkaan verkon v\u00e4lityksell\u00e4, pit\u00e4\u00e4 itse esityksen et\u00e4yhteydell\u00e4, k\u00e4ytt\u00e4\u00e4 verkko-opetuksessa yhdess\u00e4 oppimisymp\u00e4rist\u00f6n (esim. Optima) kanssa helpottamaan vuorovaikutusta, tai tehd\u00e4 videotallenteita opetuksesta ja vied\u00e4 linkin vaikka oppimisymp\u00e4rist\u00f6\u00f6n. Voit my\u00f6s j\u00e4rjest\u00e4\u00e4 kokouksia ja jatkaa yhteist\u00e4 suunnittelua kokousten v\u00e4lill\u00e4 verkossa.<\/p>\n<p>Connect on monipisteneuvotteluj\u00e4rjestelm\u00e4, jonka avulla voitte keskustella ja jakaa videokuvaa reaaliaikaisesti, sek\u00e4 jakaa dokumentteja, verkkosivuja ja sovelluksia osallistujien kesken. Connectilla j\u00e4rjestettyyn tilaisuuteen voi osallistua useita henkil\u00f6it\u00e4 samanaikaisesti. Jos Connect on sinulle uusi v\u00e4line, tutustu peruskoulutukseen <a href=\"https:\/\/blogit.gradia.fi\/eope\/taitokurssit\/#connect3\"><span style=\"text-decoration: underline;\"><span style=\"color: #0066cc;\">Tutustu Adobe Connect -et\u00e4neuvottelun mahdollisuuksiin<\/span><\/span><\/a>.<\/p>\n<p>T\u00e4ss\u00e4 koulutuksessa syvennet\u00e4\u00e4n omaa ohjausosaamista Connectissa. Tutustutaan mm. layouteihin eli ulkoasupohjiin, joilla opetus\/ohjaustuokioita tai videoneuvottelutilannetta voi saada el\u00e4v\u00e4mm\u00e4ksi. Tutustu JAMKin malliin <a href=\"http:\/\/blogit.jamk.fi\/suodatin\/tag\/adobe-connect\/\" target=\"_blank\"><span style=\"text-decoration: underline;\"><span style=\"color: #0066cc;\">http:\/\/blogit.jamk.fi\/suodatin\/tag\/adobe-connect\/<\/span><\/span><\/a><\/p>\n<p>Kohderyhm\u00e4: Jyv\u00e4skyl\u00e4n koulutuskuntayhtym\u00e4n henkil\u00f6st\u00f6<\/p>\n<p>Ilmoittautuminen: <a href=\"http:\/\/digiumenterprise.com\/answer\/?sid=1259804&amp;chk=UF49AEMP\" target=\"_blank\">Ilmoittaudu t\u00e4st\u00e4 linkist\u00e4<\/a><\/p>\n<h4><\/h4>\n<h4 id=\"onedrive\">Microsoft Office -dokumenttien tuottaminen ja jakaminen pilvipalvelussa (OneDrive)<\/h4>\n<p>Ajankohta:\u00a0tiistai 3.3. klo 14-16<\/p>\n<p>Paikka: Viitaniementie 1C, luokka VN.C2.071<\/p>\n<p>Kouluttaja: Marko Loukkaanhuhta ja Hanna Frilander<\/p>\n<p>Tule tutustumaan k\u00e4tev\u00e4\u00e4n tapaan jakaa ja muokata verkon yli Office -dokumentteja.<\/p>\n<p>Nykyp\u00e4iv\u00e4n ty\u00f6el\u00e4m\u00e4\u00e4 ovat jo pilvipalvelun avulla jaettavat dokumentit (mm. Word, Excel, Powerpoint). N\u00e4it\u00e4 k\u00e4ytt\u00e4v\u00e4t lis\u00e4\u00e4ntyv\u00e4sti my\u00f6s oppilaitokset. Pilven yli ty\u00f6stett\u00e4v\u00e4t dokumentit muuttavat opiskelijoiden ja opettajien tapaa tuottaa yhteisi\u00e4 dokumentteja ja nivoa koulussa opittua teoriaa ty\u00f6el\u00e4m\u00e4\u00e4n. Koulutuksessa tutustut Microsoft Office -pilvipalvelun ty\u00f6v\u00e4lineisiin ja toiminnallisuuteen. Office 365 -pilvi tulee olemaan my\u00f6s Jyv\u00e4skyl\u00e4n koulutuskuntayhtym\u00e4n henkil\u00f6st\u00f6n ty\u00f6v\u00e4line syksyst\u00e4 2015.<\/p>\n<p>Kohderyhm\u00e4: Jyv\u00e4skyl\u00e4n koulutuskuntayhtym\u00e4n henkil\u00f6st\u00f6<\/p>\n<p>Ilmoittautuminen: <a href=\"http:\/\/digiumenterprise.com\/answer\/?sid=1259804&amp;chk=UF49AEMP\" target=\"_blank\">Ilmoittaudu t\u00e4st\u00e4 linkist\u00e4<\/a><\/p>\n<p>&nbsp;<\/p>\n","protected":false},"excerpt":{"rendered":"<p>&nbsp; Maaliskuusta 2015 eteenp\u00e4in tieto- ja viestint\u00e4tekniikan opetusk\u00e4yt\u00f6n koulutuskalenteri on siirtynyt Jyv\u00e4skyl\u00e4n koulutuskuntayhtym\u00e4n Intraan. K\u00e4y tutustumassa uudistuneeseen kalenteriin! &nbsp; Opetusteknologian peruskoulutukset on tarkoitettu Jyv\u00e4skyl\u00e4n koulutuskuntayhtym\u00e4n henkil\u00f6st\u00f6lle. Kurssit ovat maksutonta peruskoulutusta, eik\u00e4 ennakko-osaamista suurimmassa osassa koulutuksia vaadita. Kysy tarvittaessa lis\u00e4\u00e4 hanna.frilander(at)jao.fi Peruskoulutuksissa tutustut opetusteknologiav\u00e4lineisiin, opit soveltamaan v\u00e4lineit\u00e4 opetukseen ja tukemaan niiden avulla opiskelijoiden oppimista. L\u00e4mpim\u00e4sti tervetuloa &hellip; <a href=\"https:\/\/blogit.gradia.fi\/eope\/taitokurssit\/\" class=\"more-link\">Jatka lukemista <span class=\"screen-reader-text\">Tervetuloa kev\u00e4\u00e4n 2015 koulutuksiin<\/span> <span class=\"meta-nav\">&rarr;<\/span><\/a><\/p>\n","protected":false},"author":161,"featured_media":0,"parent":0,"menu_order":0,"comment_status":"open","ping_status":"open","template":"","meta":{"_uag_custom_page_level_css":"","footnotes":""},"class_list":["post-250","page","type-page","status-publish","hentry"],"yoast_head":"<!-- This site is optimized with the Yoast SEO plugin v27.3 - https:\/\/yoast.com\/product\/yoast-seo-wordpress\/ -->\n<title>Tervetuloa kev\u00e4\u00e4n 2015 koulutuksiin - eOpe<\/title>\n<meta name=\"robots\" content=\"index, follow, max-snippet:-1, max-image-preview:large, max-video-preview:-1\" \/>\n<link rel=\"canonical\" href=\"https:\/\/blogit.gradia.fi\/eope\/taitokurssit\/\" \/>\n<meta property=\"og:locale\" content=\"fi_FI\" \/>\n<meta property=\"og:type\" content=\"article\" \/>\n<meta property=\"og:title\" content=\"Tervetuloa kev\u00e4\u00e4n 2015 koulutuksiin - eOpe\" \/>\n<meta property=\"og:description\" content=\"&nbsp; Maaliskuusta 2015 eteenp\u00e4in tieto- ja viestint\u00e4tekniikan opetusk\u00e4yt\u00f6n koulutuskalenteri on siirtynyt Jyv\u00e4skyl\u00e4n koulutuskuntayhtym\u00e4n Intraan. K\u00e4y tutustumassa uudistuneeseen kalenteriin! &nbsp; Opetusteknologian peruskoulutukset on tarkoitettu Jyv\u00e4skyl\u00e4n koulutuskuntayhtym\u00e4n henkil\u00f6st\u00f6lle. Kurssit ovat maksutonta peruskoulutusta, eik\u00e4 ennakko-osaamista suurimmassa osassa koulutuksia vaadita. Kysy tarvittaessa lis\u00e4\u00e4 hanna.frilander(at)jao.fi Peruskoulutuksissa tutustut opetusteknologiav\u00e4lineisiin, opit soveltamaan v\u00e4lineit\u00e4 opetukseen ja tukemaan niiden avulla opiskelijoiden oppimista. L\u00e4mpim\u00e4sti tervetuloa &hellip; Jatka lukemista Tervetuloa kev\u00e4\u00e4n 2015 koulutuksiin &rarr;\" \/>\n<meta property=\"og:url\" content=\"https:\/\/blogit.gradia.fi\/eope\/taitokurssit\/\" \/>\n<meta property=\"og:site_name\" content=\"eOpe\" \/>\n<meta property=\"article:modified_time\" content=\"2015-03-20T09:23:53+00:00\" \/>\n<meta name=\"twitter:card\" content=\"summary_large_image\" \/>\n<meta name=\"twitter:label1\" content=\"Arvioitu lukuaika\" \/>\n\t<meta name=\"twitter:data1\" content=\"6 minuuttia\" \/>\n<script type=\"application\/ld+json\" class=\"yoast-schema-graph\">{\"@context\":\"https:\\\/\\\/schema.org\",\"@graph\":[{\"@type\":\"WebPage\",\"@id\":\"https:\\\/\\\/blogit.gradia.fi\\\/eope\\\/taitokurssit\\\/\",\"url\":\"https:\\\/\\\/blogit.gradia.fi\\\/eope\\\/taitokurssit\\\/\",\"name\":\"Tervetuloa kev\u00e4\u00e4n 2015 koulutuksiin - eOpe\",\"isPartOf\":{\"@id\":\"https:\\\/\\\/blogit.gradia.fi\\\/eope\\\/#website\"},\"datePublished\":\"2013-05-16T06:44:00+00:00\",\"dateModified\":\"2015-03-20T09:23:53+00:00\",\"inLanguage\":\"fi\",\"potentialAction\":[{\"@type\":\"ReadAction\",\"target\":[\"https:\\\/\\\/blogit.gradia.fi\\\/eope\\\/taitokurssit\\\/\"]}]},{\"@type\":\"WebSite\",\"@id\":\"https:\\\/\\\/blogit.gradia.fi\\\/eope\\\/#website\",\"url\":\"https:\\\/\\\/blogit.gradia.fi\\\/eope\\\/\",\"name\":\"eOpe\",\"description\":\"PIeni\u00e4 ja suuria tarinoita tieto- ja viestint\u00e4tekniikan k\u00e4yt\u00f6st\u00e4 opetuksessa Jyv\u00e4skyl\u00e4n koulutuskuntayhtym\u00e4ss\u00e4\",\"potentialAction\":[{\"@type\":\"SearchAction\",\"target\":{\"@type\":\"EntryPoint\",\"urlTemplate\":\"https:\\\/\\\/blogit.gradia.fi\\\/eope\\\/?s={search_term_string}\"},\"query-input\":{\"@type\":\"PropertyValueSpecification\",\"valueRequired\":true,\"valueName\":\"search_term_string\"}}],\"inLanguage\":\"fi\"}]}<\/script>\n<!-- \/ Yoast SEO plugin. -->","yoast_head_json":{"title":"Tervetuloa kev\u00e4\u00e4n 2015 koulutuksiin - eOpe","robots":{"index":"index","follow":"follow","max-snippet":"max-snippet:-1","max-image-preview":"max-image-preview:large","max-video-preview":"max-video-preview:-1"},"canonical":"https:\/\/blogit.gradia.fi\/eope\/taitokurssit\/","og_locale":"fi_FI","og_type":"article","og_title":"Tervetuloa kev\u00e4\u00e4n 2015 koulutuksiin - eOpe","og_description":"&nbsp; Maaliskuusta 2015 eteenp\u00e4in tieto- ja viestint\u00e4tekniikan opetusk\u00e4yt\u00f6n koulutuskalenteri on siirtynyt Jyv\u00e4skyl\u00e4n koulutuskuntayhtym\u00e4n Intraan. K\u00e4y tutustumassa uudistuneeseen kalenteriin! &nbsp; Opetusteknologian peruskoulutukset on tarkoitettu Jyv\u00e4skyl\u00e4n koulutuskuntayhtym\u00e4n henkil\u00f6st\u00f6lle. Kurssit ovat maksutonta peruskoulutusta, eik\u00e4 ennakko-osaamista suurimmassa osassa koulutuksia vaadita. Kysy tarvittaessa lis\u00e4\u00e4 hanna.frilander(at)jao.fi Peruskoulutuksissa tutustut opetusteknologiav\u00e4lineisiin, opit soveltamaan v\u00e4lineit\u00e4 opetukseen ja tukemaan niiden avulla opiskelijoiden oppimista. L\u00e4mpim\u00e4sti tervetuloa &hellip; Jatka lukemista Tervetuloa kev\u00e4\u00e4n 2015 koulutuksiin &rarr;","og_url":"https:\/\/blogit.gradia.fi\/eope\/taitokurssit\/","og_site_name":"eOpe","article_modified_time":"2015-03-20T09:23:53+00:00","twitter_card":"summary_large_image","twitter_misc":{"Arvioitu lukuaika":"6 minuuttia"},"schema":{"@context":"https:\/\/schema.org","@graph":[{"@type":"WebPage","@id":"https:\/\/blogit.gradia.fi\/eope\/taitokurssit\/","url":"https:\/\/blogit.gradia.fi\/eope\/taitokurssit\/","name":"Tervetuloa kev\u00e4\u00e4n 2015 koulutuksiin - eOpe","isPartOf":{"@id":"https:\/\/blogit.gradia.fi\/eope\/#website"},"datePublished":"2013-05-16T06:44:00+00:00","dateModified":"2015-03-20T09:23:53+00:00","inLanguage":"fi","potentialAction":[{"@type":"ReadAction","target":["https:\/\/blogit.gradia.fi\/eope\/taitokurssit\/"]}]},{"@type":"WebSite","@id":"https:\/\/blogit.gradia.fi\/eope\/#website","url":"https:\/\/blogit.gradia.fi\/eope\/","name":"eOpe","description":"PIeni\u00e4 ja suuria tarinoita tieto- ja viestint\u00e4tekniikan k\u00e4yt\u00f6st\u00e4 opetuksessa Jyv\u00e4skyl\u00e4n koulutuskuntayhtym\u00e4ss\u00e4","potentialAction":[{"@type":"SearchAction","target":{"@type":"EntryPoint","urlTemplate":"https:\/\/blogit.gradia.fi\/eope\/?s={search_term_string}"},"query-input":{"@type":"PropertyValueSpecification","valueRequired":true,"valueName":"search_term_string"}}],"inLanguage":"fi"}]}},"uagb_featured_image_src":{"full":false,"thumbnail":false,"medium":false,"medium_large":false,"large":false,"1536x1536":false,"2048x2048":false,"post-thumbnail":false},"uagb_author_info":{"display_name":"Hanna Frilander","author_link":"https:\/\/blogit.gradia.fi\/eope\/author\/frilahan\/"},"uagb_comment_info":6,"uagb_excerpt":"&nbsp; Maaliskuusta 2015 eteenp\u00e4in tieto- ja viestint\u00e4tekniikan opetusk\u00e4yt\u00f6n koulutuskalenteri on siirtynyt Jyv\u00e4skyl\u00e4n koulutuskuntayhtym\u00e4n Intraan. K\u00e4y tutustumassa uudistuneeseen kalenteriin! &nbsp; Opetusteknologian peruskoulutukset on tarkoitettu Jyv\u00e4skyl\u00e4n koulutuskuntayhtym\u00e4n henkil\u00f6st\u00f6lle. Kurssit ovat maksutonta peruskoulutusta, eik\u00e4 ennakko-osaamista suurimmassa osassa koulutuksia vaadita. Kysy tarvittaessa lis\u00e4\u00e4 hanna.frilander(at)jao.fi Peruskoulutuksissa tutustut opetusteknologiav\u00e4lineisiin, opit soveltamaan v\u00e4lineit\u00e4 opetukseen ja tukemaan niiden avulla opiskelijoiden oppimista. L\u00e4mpim\u00e4sti tervetuloa&hellip;","_links":{"self":[{"href":"https:\/\/blogit.gradia.fi\/eope\/wp-json\/wp\/v2\/pages\/250","targetHints":{"allow":["GET"]}}],"collection":[{"href":"https:\/\/blogit.gradia.fi\/eope\/wp-json\/wp\/v2\/pages"}],"about":[{"href":"https:\/\/blogit.gradia.fi\/eope\/wp-json\/wp\/v2\/types\/page"}],"author":[{"embeddable":true,"href":"https:\/\/blogit.gradia.fi\/eope\/wp-json\/wp\/v2\/users\/161"}],"replies":[{"embeddable":true,"href":"https:\/\/blogit.gradia.fi\/eope\/wp-json\/wp\/v2\/comments?post=250"}],"version-history":[{"count":0,"href":"https:\/\/blogit.gradia.fi\/eope\/wp-json\/wp\/v2\/pages\/250\/revisions"}],"wp:attachment":[{"href":"https:\/\/blogit.gradia.fi\/eope\/wp-json\/wp\/v2\/media?parent=250"}],"curies":[{"name":"wp","href":"https:\/\/api.w.org\/{rel}","templated":true}]}}