{"id":27,"date":"2022-06-06T14:00:13","date_gmt":"2022-06-06T11:00:13","guid":{"rendered":"https:\/\/blogit.gradia.fi\/edutech\/?page_id=27"},"modified":"2023-02-13T14:16:03","modified_gmt":"2023-02-13T12:16:03","slug":"gradian-opetusteknologiatiimi","status":"publish","type":"page","link":"https:\/\/blogit.gradia.fi\/edutech\/gradian-opetusteknologiatiimi\/","title":{"rendered":"Gradian opetusteknologiatiimi"},"content":{"rendered":"\n<p>Opetusteknologiatiimi on osa Gradian Digipalveluita ja tiimin tarkoitus on kehitt\u00e4\u00e4 opettajien digipedagogista osaamista sek\u00e4 tukea opettajia opetusteknologian k\u00e4yt\u00f6ss\u00e4. <\/p>\n\n\n\n<p>T\u00e4ll\u00e4 sivustolla kerrotaan Jyv\u00e4skyl\u00e4n Koulutuskuntayhtym\u00e4 Gradian opetusteknologiatiimin vet\u00e4mist\u00e4 hankkeista. <\/p>\n\n\n\n<p><\/p>\n\n\n\n<p><\/p>\n\n\n\n<p><\/p>\n\n\n\n<p>Mik\u00e4li sinulla her\u00e4\u00e4 kysytt\u00e4v\u00e4\u00e4, niin ole yhteydess\u00e4 <\/p>\n\n\n\n<p>Marika Peltonen<br>opetusteknologian asiantuntija<br>etunimi.sukunimi@gradia.fi<\/p>\n\n\n\n<p>TAI opetusteknologia(at)gradia.fi<\/p>\n\n\n\n<figure class=\"wp-block-image size-large\"><img loading=\"lazy\" decoding=\"async\" width=\"1024\" height=\"256\" src=\"https:\/\/blogit.gradia.fi\/edutech\/wp-content\/uploads\/sites\/289\/2022\/06\/Gradia_logo_RGB-1024x256.png\" alt=\"\" class=\"wp-image-28\" srcset=\"https:\/\/blogit.gradia.fi\/edutech\/wp-content\/uploads\/sites\/289\/2022\/06\/Gradia_logo_RGB-1024x256.png 1024w, https:\/\/blogit.gradia.fi\/edutech\/wp-content\/uploads\/sites\/289\/2022\/06\/Gradia_logo_RGB-300x75.png 300w, https:\/\/blogit.gradia.fi\/edutech\/wp-content\/uploads\/sites\/289\/2022\/06\/Gradia_logo_RGB-768x192.png 768w, https:\/\/blogit.gradia.fi\/edutech\/wp-content\/uploads\/sites\/289\/2022\/06\/Gradia_logo_RGB-1536x384.png 1536w, https:\/\/blogit.gradia.fi\/edutech\/wp-content\/uploads\/sites\/289\/2022\/06\/Gradia_logo_RGB.png 1920w\" sizes=\"auto, (max-width: 1024px) 100vw, 1024px\" \/><\/figure>\n","protected":false},"excerpt":{"rendered":"<p>Opetusteknologiatiimi on osa Gradian Digipalveluita ja tiimin tarkoitus on kehitt\u00e4\u00e4 opettajien digipedagogista osaamista sek\u00e4 tukea opettajia opetusteknologian k\u00e4yt\u00f6ss\u00e4. T\u00e4ll\u00e4 sivustolla kerrotaan Jyv\u00e4skyl\u00e4n Koulutuskuntayhtym\u00e4 Gradian opetusteknologiatiimin vet\u00e4mist\u00e4 hankkeista. Mik\u00e4li sinulla her\u00e4\u00e4 kysytt\u00e4v\u00e4\u00e4, niin ole yhteydess\u00e4 Marika Peltonenopetusteknologian asiantuntijaetunimi.sukunimi@gradia.fi TAI opetusteknologia(at)gradia.fi<\/p>\n","protected":false},"author":165,"featured_media":0,"parent":0,"menu_order":0,"comment_status":"closed","ping_status":"closed","template":"","meta":{"_uag_custom_page_level_css":"","footnotes":""},"class_list":["post-27","page","type-page","status-publish","hentry"],"yoast_head":"<!-- This site is optimized with the Yoast SEO plugin v27.5 - https:\/\/yoast.com\/product\/yoast-seo-wordpress\/ -->\n<title>Gradian opetusteknologiatiimi - EduTech<\/title>\n<meta name=\"robots\" content=\"index, follow, max-snippet:-1, max-image-preview:large, max-video-preview:-1\" \/>\n<link rel=\"canonical\" href=\"https:\/\/blogit.gradia.fi\/edutech\/gradian-opetusteknologiatiimi\/\" \/>\n<meta property=\"og:locale\" content=\"fi_FI\" \/>\n<meta property=\"og:type\" content=\"article\" \/>\n<meta property=\"og:title\" content=\"Gradian opetusteknologiatiimi - EduTech\" \/>\n<meta property=\"og:description\" content=\"Opetusteknologiatiimi on osa Gradian Digipalveluita ja tiimin tarkoitus on kehitt\u00e4\u00e4 opettajien digipedagogista osaamista sek\u00e4 tukea opettajia opetusteknologian k\u00e4yt\u00f6ss\u00e4. T\u00e4ll\u00e4 sivustolla kerrotaan Jyv\u00e4skyl\u00e4n Koulutuskuntayhtym\u00e4 Gradian opetusteknologiatiimin vet\u00e4mist\u00e4 hankkeista. Mik\u00e4li sinulla her\u00e4\u00e4 kysytt\u00e4v\u00e4\u00e4, niin ole yhteydess\u00e4 Marika Peltonenopetusteknologian asiantuntijaetunimi.sukunimi@gradia.fi TAI opetusteknologia(at)gradia.fi\" \/>\n<meta property=\"og:url\" content=\"https:\/\/blogit.gradia.fi\/edutech\/gradian-opetusteknologiatiimi\/\" \/>\n<meta property=\"og:site_name\" content=\"EduTech\" \/>\n<meta property=\"article:modified_time\" content=\"2023-02-13T12:16:03+00:00\" \/>\n<meta property=\"og:image\" content=\"https:\/\/blogit.gradia.fi\/edutech\/wp-content\/uploads\/sites\/289\/2022\/06\/Gradia_logo_RGB-1024x256.png\" \/>\n<meta name=\"twitter:card\" content=\"summary_large_image\" \/>\n<meta name=\"twitter:label1\" content=\"Arvioitu lukuaika\" \/>\n\t<meta name=\"twitter:data1\" content=\"1 minuutti\" \/>\n<script type=\"application\/ld+json\" class=\"yoast-schema-graph\">{\"@context\":\"https:\\\/\\\/schema.org\",\"@graph\":[{\"@type\":\"WebPage\",\"@id\":\"https:\\\/\\\/blogit.gradia.fi\\\/edutech\\\/gradian-opetusteknologiatiimi\\\/\",\"url\":\"https:\\\/\\\/blogit.gradia.fi\\\/edutech\\\/gradian-opetusteknologiatiimi\\\/\",\"name\":\"Gradian opetusteknologiatiimi - EduTech\",\"isPartOf\":{\"@id\":\"https:\\\/\\\/blogit.gradia.fi\\\/edutech\\\/#website\"},\"primaryImageOfPage\":{\"@id\":\"https:\\\/\\\/blogit.gradia.fi\\\/edutech\\\/gradian-opetusteknologiatiimi\\\/#primaryimage\"},\"image\":{\"@id\":\"https:\\\/\\\/blogit.gradia.fi\\\/edutech\\\/gradian-opetusteknologiatiimi\\\/#primaryimage\"},\"thumbnailUrl\":\"https:\\\/\\\/blogit.gradia.fi\\\/edutech\\\/wp-content\\\/uploads\\\/sites\\\/289\\\/2022\\\/06\\\/Gradia_logo_RGB-1024x256.png\",\"datePublished\":\"2022-06-06T11:00:13+00:00\",\"dateModified\":\"2023-02-13T12:16:03+00:00\",\"breadcrumb\":{\"@id\":\"https:\\\/\\\/blogit.gradia.fi\\\/edutech\\\/gradian-opetusteknologiatiimi\\\/#breadcrumb\"},\"inLanguage\":\"fi\",\"potentialAction\":[{\"@type\":\"ReadAction\",\"target\":[\"https:\\\/\\\/blogit.gradia.fi\\\/edutech\\\/gradian-opetusteknologiatiimi\\\/\"]}]},{\"@type\":\"ImageObject\",\"inLanguage\":\"fi\",\"@id\":\"https:\\\/\\\/blogit.gradia.fi\\\/edutech\\\/gradian-opetusteknologiatiimi\\\/#primaryimage\",\"url\":\"https:\\\/\\\/blogit.gradia.fi\\\/edutech\\\/wp-content\\\/uploads\\\/sites\\\/289\\\/2022\\\/06\\\/Gradia_logo_RGB.png\",\"contentUrl\":\"https:\\\/\\\/blogit.gradia.fi\\\/edutech\\\/wp-content\\\/uploads\\\/sites\\\/289\\\/2022\\\/06\\\/Gradia_logo_RGB.png\",\"width\":1920,\"height\":480},{\"@type\":\"BreadcrumbList\",\"@id\":\"https:\\\/\\\/blogit.gradia.fi\\\/edutech\\\/gradian-opetusteknologiatiimi\\\/#breadcrumb\",\"itemListElement\":[{\"@type\":\"ListItem\",\"position\":1,\"name\":\"Etusivu\",\"item\":\"https:\\\/\\\/blogit.gradia.fi\\\/edutech\\\/\"},{\"@type\":\"ListItem\",\"position\":2,\"name\":\"Gradian opetusteknologiatiimi\"}]},{\"@type\":\"WebSite\",\"@id\":\"https:\\\/\\\/blogit.gradia.fi\\\/edutech\\\/#website\",\"url\":\"https:\\\/\\\/blogit.gradia.fi\\\/edutech\\\/\",\"name\":\"EduTech\",\"description\":\"Uusi Gradia-blogit-sivustot -sivusto\",\"potentialAction\":[{\"@type\":\"SearchAction\",\"target\":{\"@type\":\"EntryPoint\",\"urlTemplate\":\"https:\\\/\\\/blogit.gradia.fi\\\/edutech\\\/?s={search_term_string}\"},\"query-input\":{\"@type\":\"PropertyValueSpecification\",\"valueRequired\":true,\"valueName\":\"search_term_string\"}}],\"inLanguage\":\"fi\"}]}<\/script>\n<!-- \/ Yoast SEO plugin. -->","yoast_head_json":{"title":"Gradian opetusteknologiatiimi - EduTech","robots":{"index":"index","follow":"follow","max-snippet":"max-snippet:-1","max-image-preview":"max-image-preview:large","max-video-preview":"max-video-preview:-1"},"canonical":"https:\/\/blogit.gradia.fi\/edutech\/gradian-opetusteknologiatiimi\/","og_locale":"fi_FI","og_type":"article","og_title":"Gradian opetusteknologiatiimi - EduTech","og_description":"Opetusteknologiatiimi on osa Gradian Digipalveluita ja tiimin tarkoitus on kehitt\u00e4\u00e4 opettajien digipedagogista osaamista sek\u00e4 tukea opettajia opetusteknologian k\u00e4yt\u00f6ss\u00e4. T\u00e4ll\u00e4 sivustolla kerrotaan Jyv\u00e4skyl\u00e4n Koulutuskuntayhtym\u00e4 Gradian opetusteknologiatiimin vet\u00e4mist\u00e4 hankkeista. Mik\u00e4li sinulla her\u00e4\u00e4 kysytt\u00e4v\u00e4\u00e4, niin ole yhteydess\u00e4 Marika Peltonenopetusteknologian asiantuntijaetunimi.sukunimi@gradia.fi TAI opetusteknologia(at)gradia.fi","og_url":"https:\/\/blogit.gradia.fi\/edutech\/gradian-opetusteknologiatiimi\/","og_site_name":"EduTech","article_modified_time":"2023-02-13T12:16:03+00:00","og_image":[{"url":"https:\/\/blogit.gradia.fi\/edutech\/wp-content\/uploads\/sites\/289\/2022\/06\/Gradia_logo_RGB-1024x256.png","type":"","width":"","height":""}],"twitter_card":"summary_large_image","twitter_misc":{"Arvioitu lukuaika":"1 minuutti"},"schema":{"@context":"https:\/\/schema.org","@graph":[{"@type":"WebPage","@id":"https:\/\/blogit.gradia.fi\/edutech\/gradian-opetusteknologiatiimi\/","url":"https:\/\/blogit.gradia.fi\/edutech\/gradian-opetusteknologiatiimi\/","name":"Gradian opetusteknologiatiimi - EduTech","isPartOf":{"@id":"https:\/\/blogit.gradia.fi\/edutech\/#website"},"primaryImageOfPage":{"@id":"https:\/\/blogit.gradia.fi\/edutech\/gradian-opetusteknologiatiimi\/#primaryimage"},"image":{"@id":"https:\/\/blogit.gradia.fi\/edutech\/gradian-opetusteknologiatiimi\/#primaryimage"},"thumbnailUrl":"https:\/\/blogit.gradia.fi\/edutech\/wp-content\/uploads\/sites\/289\/2022\/06\/Gradia_logo_RGB-1024x256.png","datePublished":"2022-06-06T11:00:13+00:00","dateModified":"2023-02-13T12:16:03+00:00","breadcrumb":{"@id":"https:\/\/blogit.gradia.fi\/edutech\/gradian-opetusteknologiatiimi\/#breadcrumb"},"inLanguage":"fi","potentialAction":[{"@type":"ReadAction","target":["https:\/\/blogit.gradia.fi\/edutech\/gradian-opetusteknologiatiimi\/"]}]},{"@type":"ImageObject","inLanguage":"fi","@id":"https:\/\/blogit.gradia.fi\/edutech\/gradian-opetusteknologiatiimi\/#primaryimage","url":"https:\/\/blogit.gradia.fi\/edutech\/wp-content\/uploads\/sites\/289\/2022\/06\/Gradia_logo_RGB.png","contentUrl":"https:\/\/blogit.gradia.fi\/edutech\/wp-content\/uploads\/sites\/289\/2022\/06\/Gradia_logo_RGB.png","width":1920,"height":480},{"@type":"BreadcrumbList","@id":"https:\/\/blogit.gradia.fi\/edutech\/gradian-opetusteknologiatiimi\/#breadcrumb","itemListElement":[{"@type":"ListItem","position":1,"name":"Etusivu","item":"https:\/\/blogit.gradia.fi\/edutech\/"},{"@type":"ListItem","position":2,"name":"Gradian opetusteknologiatiimi"}]},{"@type":"WebSite","@id":"https:\/\/blogit.gradia.fi\/edutech\/#website","url":"https:\/\/blogit.gradia.fi\/edutech\/","name":"EduTech","description":"Uusi Gradia-blogit-sivustot -sivusto","potentialAction":[{"@type":"SearchAction","target":{"@type":"EntryPoint","urlTemplate":"https:\/\/blogit.gradia.fi\/edutech\/?s={search_term_string}"},"query-input":{"@type":"PropertyValueSpecification","valueRequired":true,"valueName":"search_term_string"}}],"inLanguage":"fi"}]}},"uagb_featured_image_src":{"full":false,"thumbnail":false,"medium":false,"medium_large":false,"large":false,"1536x1536":false,"2048x2048":false},"uagb_author_info":{"display_name":"Heini Pennanen","author_link":"https:\/\/blogit.gradia.fi\/edutech\/author\/pennahei\/"},"uagb_comment_info":0,"uagb_excerpt":"Opetusteknologiatiimi on osa Gradian Digipalveluita ja tiimin tarkoitus on kehitt\u00e4\u00e4 opettajien digipedagogista osaamista sek\u00e4 tukea opettajia opetusteknologian k\u00e4yt\u00f6ss\u00e4. T\u00e4ll\u00e4 sivustolla kerrotaan Jyv\u00e4skyl\u00e4n Koulutuskuntayhtym\u00e4 Gradian opetusteknologiatiimin vet\u00e4mist\u00e4 hankkeista. Mik\u00e4li sinulla her\u00e4\u00e4 kysytt\u00e4v\u00e4\u00e4, niin ole yhteydess\u00e4 Marika Peltonenopetusteknologian asiantuntijaetunimi.sukunimi@gradia.fi TAI opetusteknologia(at)gradia.fi","_links":{"self":[{"href":"https:\/\/blogit.gradia.fi\/edutech\/wp-json\/wp\/v2\/pages\/27","targetHints":{"allow":["GET"]}}],"collection":[{"href":"https:\/\/blogit.gradia.fi\/edutech\/wp-json\/wp\/v2\/pages"}],"about":[{"href":"https:\/\/blogit.gradia.fi\/edutech\/wp-json\/wp\/v2\/types\/page"}],"author":[{"embeddable":true,"href":"https:\/\/blogit.gradia.fi\/edutech\/wp-json\/wp\/v2\/users\/165"}],"replies":[{"embeddable":true,"href":"https:\/\/blogit.gradia.fi\/edutech\/wp-json\/wp\/v2\/comments?post=27"}],"version-history":[{"count":4,"href":"https:\/\/blogit.gradia.fi\/edutech\/wp-json\/wp\/v2\/pages\/27\/revisions"}],"predecessor-version":[{"id":45,"href":"https:\/\/blogit.gradia.fi\/edutech\/wp-json\/wp\/v2\/pages\/27\/revisions\/45"}],"wp:attachment":[{"href":"https:\/\/blogit.gradia.fi\/edutech\/wp-json\/wp\/v2\/media?parent=27"}],"curies":[{"name":"wp","href":"https:\/\/api.w.org\/{rel}","templated":true}]}}