{"id":70,"date":"2020-02-17T20:44:59","date_gmt":"2020-02-17T18:44:59","guid":{"rendered":"https:\/\/blogit.gradia.fi\/dmhaava\/?page_id=70"},"modified":"2020-02-18T16:19:29","modified_gmt":"2020-02-18T14:19:29","slug":"potilasta-koskevat-saadokset-ja-lait","status":"publish","type":"page","link":"https:\/\/blogit.gradia.fi\/dmhaava\/tietosuoja-ja-eettiset-periaatteet\/potilasta-koskevat-saadokset-ja-lait\/","title":{"rendered":"Potilasta koskevat s\u00e4\u00e4d\u00f6kset ja lait"},"content":{"rendered":"\n<p> Jokaisella Suomessa pysyv\u00e4sti asuvalla henkil\u00f6ll\u00e4 on oikeus saada  terveydentilansa edellytt\u00e4m\u00e4\u00e4 hoitoa niiden voimavarojen rajoissa, jotka  kulloinkin ovat terveydenhuollon k\u00e4ytett\u00e4viss\u00e4. <\/p>\n\n\n\n<p>Potilaalla on oikeus saada hyv\u00e4\u00e4 terveyden- ja sairaanhoitoa. \nPotilasta on kohdeltava siten, ett\u00e4 h\u00e4nen vakaumustaan ja \nyksityisyytt\u00e4\u00e4n kunnioitetaan, eik\u00e4 h\u00e4nen ihmisarvoaan loukata.<\/p>\n\n\n\n<p>Potilaan\n \u00e4idinkieli, kulttuuri ja h\u00e4nen yksil\u00f6lliset tarpeensa on \nmahdollisuuksien mukaan otettava huomioon h\u00e4nen hoidossaan ja \nkohtelussaan.<\/p>\n\n\n\n<p>Terveyspalveluita on annettava siten, ettei ihmisi\u00e4  aseteta eriarvoiseen asemaan esimerkiksi i\u00e4n, terveydentilan tai  vammaisuuden perusteella. Hoitop\u00e4\u00e4t\u00f6ksiin saavat vaikuttaa pelk\u00e4st\u00e4\u00e4n  l\u00e4\u00e4ketieteelliset syyt. Perustuslain yhdenvertaisuuss\u00e4\u00e4nn\u00f6s edellytt\u00e4\u00e4,  ett\u00e4 henkil\u00f6 saa riitt\u00e4v\u00e4t terveyspalvellut riippumatta siit\u00e4, miss\u00e4  kunnassa h\u00e4n asuu.<\/p>\n\n\n\n<p>Potilaalle on oma-aloitteisesti annettava selvitys h\u00e4nen \nterveydentilastaan. H\u00e4nelle on kerrottava, mit\u00e4 eri hoitovaihtoehtoja \nh\u00e4nell\u00e4 on, miten hoidot vaikuttavat ja onko niill\u00e4 haittavaikutuksia. \nPotilaalle on kerrottava kaikista h\u00e4nen hoitoonsa liittyvist\u00e4 seikoista,\n joilla on merkityst\u00e4 h\u00e4nen hoidostaan p\u00e4\u00e4tett\u00e4ess\u00e4.<\/p>\n\n\n\n<p>Potilaalle \nei kuitenkaan saa antaa tietoja, jos h\u00e4n ei halua niit\u00e4. Tietoja ei \nmy\u00f6sk\u00e4\u00e4n saa antaa, jos l\u00e4\u00e4k\u00e4ri pit\u00e4\u00e4 ilmeisen\u00e4, ett\u00e4 tietojen \nantamisesta aiheutuisi vakavaa vaaraa potilaan hengelle tai terveydelle.\n Pelkk\u00e4 ep\u00e4ily siit\u00e4, ett\u00e4 tiedot voisivat vahingoittaa potilasta, ei \nriit\u00e4 syyksi olla antamatta tietoja potilaalle, jos t\u00e4m\u00e4 haluaa niit\u00e4.<\/p>\n\n\n\n<p>Tiedot\n on annettava niin, ett\u00e4 potilas ymm\u00e4rt\u00e4\u00e4 riitt\u00e4v\u00e4n hyvin niiden \nsis\u00e4ll\u00f6n. Jos terveydenhuollon ammattihenkil\u00f6 ei osaa potilaan k\u00e4ytt\u00e4m\u00e4\u00e4\n kielt\u00e4 tai potilas ei voi aisti- tai puhevian vuoksi tulla \nymm\u00e4rretyksi, on mahdollisuuksien mukaan huolehdittava tulkkaamisesta. \nTietojen antamisesta on teht\u00e4v\u00e4 merkint\u00e4 potilasasiakirjoihin. Jos \ntietoja ei ole annettu, potilasasiakirjoihin on merkitt\u00e4v\u00e4 syy siihen.<\/p>\n\n\n\n<p>Potilaalla  on oikeus tarkistaa tiedot, jotka h\u00e4nest\u00e4 on kirjattu  potilasasiakirjoihin. Jos tiedot ovat potilaan mielest\u00e4 virheellisi\u00e4,  h\u00e4n voi pyyt\u00e4\u00e4 niiden korjaamista.<\/p>\n\n\n\n<h3 class=\"wp-block-heading\"> Potilaan itsem\u00e4\u00e4r\u00e4\u00e4misoikeus <\/h3>\n\n\n\n<p> Periaate korostaa vapaaehtoisuutta hoitoon tai asiakkaaksi  hakeutumisessa sek\u00e4 erilaisiin hoito- tai muihin toimenpiteisiin  suostumisessa. Itsem\u00e4\u00e4r\u00e4\u00e4misoikeus tarkoittaa potilaan oikeutta  osallistua itse\u00e4\u00e4n koskevaan p\u00e4\u00e4t\u00f6ksentekoon. Terveyteen kohdistuva  toimenpide voidaan suorittaa vain, jos ihminen on antanut siihen  suostumuksen vapaasta tahdostaan ja tietoisena kaikista asiaan  vaikuttavista seikoista. Potilaalla on oikeus tehd\u00e4 my\u00f6s p\u00e4\u00e4t\u00f6ksi\u00e4,  jotka voivat vahingoittaa h\u00e4nen omaa terveytt\u00e4\u00e4n tai henke\u00e4\u00e4n ja h\u00e4nell\u00e4  on oikeus kielt\u00e4yty\u00e4 h\u00e4nelle suunnitellusta tai jo aloitetusta  hoidosta. Potilaan hoitoon osallistuvien on kunnioitettava potilaan omia  p\u00e4\u00e4t\u00f6ksi\u00e4. <\/p>\n\n\n\n<p> Potilaan asemasta ja oikeuksista annetussa laissa (785\/1992)  l\u00e4ht\u00f6kohtana on, ett\u00e4 my\u00f6s niiden potilaiden tahtoa on kunnioitettava,  jotka eiv\u00e4t kykene p\u00e4\u00e4tt\u00e4m\u00e4\u00e4n hoidostaan, ja ett\u00e4 heid\u00e4n arvioidun  etunsa pohjalta toimitaan vain silloin, kun selvityst\u00e4 heid\u00e4n omasta  tahdostaan ei saada. Potilas on t\u00e4ll\u00f6in joko pysyv\u00e4sti tai pidemm\u00e4n  aikaa tosiasiallisesti kykenem\u00e4t\u00f6n (esim. pitk\u00e4aikainen tajuttomuus)  k\u00e4ytt\u00e4m\u00e4\u00e4n itsem\u00e4\u00e4r\u00e4\u00e4misoikeuttaan. Suostumuksen antamiseen  kykenem\u00e4tt\u00f6m\u00e4n potilaan l\u00e4hiomaista tai muuta l\u00e4heist\u00e4 tai laillista  edustajaa on ennen t\u00e4rke\u00e4n hoitop\u00e4\u00e4t\u00f6ksen tekoa kuultava sen  selvitt\u00e4miseksi, millainen hoito parhaiten vastaisi potilaan tahtoa, ja  t\u00e4llaiseen hoitoon on saatava my\u00f6s kuultavan suostumus. <\/p>\n","protected":false},"excerpt":{"rendered":"<p>Jokaisella Suomessa pysyv\u00e4sti asuvalla henkil\u00f6ll\u00e4 on oikeus saada terveydentilansa edellytt\u00e4m\u00e4\u00e4 hoitoa niiden voimavarojen rajoissa, jotka kulloinkin ovat terveydenhuollon k\u00e4ytett\u00e4viss\u00e4. Potilaalla on oikeus saada hyv\u00e4\u00e4 terveyden- ja sairaanhoitoa. Potilasta on kohdeltava siten, ett\u00e4 h\u00e4nen vakaumustaan ja yksityisyytt\u00e4\u00e4n kunnioitetaan, eik\u00e4 h\u00e4nen ihmisarvoaan loukata. Potilaan \u00e4idinkieli, kulttuuri ja h\u00e4nen yksil\u00f6lliset tarpeensa on mahdollisuuksien mukaan otettava huomioon h\u00e4nen hoidossaan [&hellip;]<\/p>\n","protected":false},"author":668,"featured_media":0,"parent":27,"menu_order":2,"comment_status":"closed","ping_status":"closed","template":"","meta":{"_uag_custom_page_level_css":"","footnotes":""},"class_list":["post-70","page","type-page","status-publish","hentry"],"yoast_head":"<!-- This site is optimized with the Yoast SEO plugin v27.4 - https:\/\/yoast.com\/product\/yoast-seo-wordpress\/ -->\n<title>Potilasta koskevat s\u00e4\u00e4d\u00f6kset ja lait - DM haava<\/title>\n<meta name=\"robots\" content=\"index, follow, max-snippet:-1, max-image-preview:large, max-video-preview:-1\" \/>\n<link rel=\"canonical\" href=\"https:\/\/blogit.gradia.fi\/dmhaava\/tietosuoja-ja-eettiset-periaatteet\/potilasta-koskevat-saadokset-ja-lait\/\" \/>\n<meta property=\"og:locale\" content=\"fi_FI\" \/>\n<meta property=\"og:type\" content=\"article\" \/>\n<meta property=\"og:title\" content=\"Potilasta koskevat s\u00e4\u00e4d\u00f6kset ja lait - DM haava\" \/>\n<meta property=\"og:description\" content=\"Jokaisella Suomessa pysyv\u00e4sti asuvalla henkil\u00f6ll\u00e4 on oikeus saada terveydentilansa edellytt\u00e4m\u00e4\u00e4 hoitoa niiden voimavarojen rajoissa, jotka kulloinkin ovat terveydenhuollon k\u00e4ytett\u00e4viss\u00e4. Potilaalla on oikeus saada hyv\u00e4\u00e4 terveyden- ja sairaanhoitoa. Potilasta on kohdeltava siten, ett\u00e4 h\u00e4nen vakaumustaan ja yksityisyytt\u00e4\u00e4n kunnioitetaan, eik\u00e4 h\u00e4nen ihmisarvoaan loukata. Potilaan \u00e4idinkieli, kulttuuri ja h\u00e4nen yksil\u00f6lliset tarpeensa on mahdollisuuksien mukaan otettava huomioon h\u00e4nen hoidossaan [&hellip;]\" \/>\n<meta property=\"og:url\" content=\"https:\/\/blogit.gradia.fi\/dmhaava\/tietosuoja-ja-eettiset-periaatteet\/potilasta-koskevat-saadokset-ja-lait\/\" \/>\n<meta property=\"og:site_name\" content=\"DM haava\" \/>\n<meta property=\"article:modified_time\" content=\"2020-02-18T14:19:29+00:00\" \/>\n<meta name=\"twitter:card\" content=\"summary_large_image\" \/>\n<meta name=\"twitter:label1\" content=\"Arvioitu lukuaika\" \/>\n\t<meta name=\"twitter:data1\" content=\"3 minuuttia\" \/>\n<script type=\"application\/ld+json\" class=\"yoast-schema-graph\">{\"@context\":\"https:\\\/\\\/schema.org\",\"@graph\":[{\"@type\":\"WebPage\",\"@id\":\"https:\\\/\\\/blogit.gradia.fi\\\/dmhaava\\\/tietosuoja-ja-eettiset-periaatteet\\\/potilasta-koskevat-saadokset-ja-lait\\\/\",\"url\":\"https:\\\/\\\/blogit.gradia.fi\\\/dmhaava\\\/tietosuoja-ja-eettiset-periaatteet\\\/potilasta-koskevat-saadokset-ja-lait\\\/\",\"name\":\"Potilasta koskevat s\u00e4\u00e4d\u00f6kset ja lait - DM haava\",\"isPartOf\":{\"@id\":\"https:\\\/\\\/blogit.gradia.fi\\\/dmhaava\\\/#website\"},\"datePublished\":\"2020-02-17T18:44:59+00:00\",\"dateModified\":\"2020-02-18T14:19:29+00:00\",\"breadcrumb\":{\"@id\":\"https:\\\/\\\/blogit.gradia.fi\\\/dmhaava\\\/tietosuoja-ja-eettiset-periaatteet\\\/potilasta-koskevat-saadokset-ja-lait\\\/#breadcrumb\"},\"inLanguage\":\"fi\",\"potentialAction\":[{\"@type\":\"ReadAction\",\"target\":[\"https:\\\/\\\/blogit.gradia.fi\\\/dmhaava\\\/tietosuoja-ja-eettiset-periaatteet\\\/potilasta-koskevat-saadokset-ja-lait\\\/\"]}]},{\"@type\":\"BreadcrumbList\",\"@id\":\"https:\\\/\\\/blogit.gradia.fi\\\/dmhaava\\\/tietosuoja-ja-eettiset-periaatteet\\\/potilasta-koskevat-saadokset-ja-lait\\\/#breadcrumb\",\"itemListElement\":[{\"@type\":\"ListItem\",\"position\":1,\"name\":\"Home\",\"item\":\"https:\\\/\\\/blogit.gradia.fi\\\/dmhaava\\\/\"},{\"@type\":\"ListItem\",\"position\":2,\"name\":\"Tietosuoja ja eettiset periaatteet\",\"item\":\"https:\\\/\\\/blogit.gradia.fi\\\/dmhaava\\\/tietosuoja-ja-eettiset-periaatteet\\\/\"},{\"@type\":\"ListItem\",\"position\":3,\"name\":\"Potilasta koskevat s\u00e4\u00e4d\u00f6kset ja lait\"}]},{\"@type\":\"WebSite\",\"@id\":\"https:\\\/\\\/blogit.gradia.fi\\\/dmhaava\\\/#website\",\"url\":\"https:\\\/\\\/blogit.gradia.fi\\\/dmhaava\\\/\",\"name\":\"DM haava\",\"description\":\"Uusi Gradia-blogit-sivustot -sivusto\",\"potentialAction\":[{\"@type\":\"SearchAction\",\"target\":{\"@type\":\"EntryPoint\",\"urlTemplate\":\"https:\\\/\\\/blogit.gradia.fi\\\/dmhaava\\\/?s={search_term_string}\"},\"query-input\":{\"@type\":\"PropertyValueSpecification\",\"valueRequired\":true,\"valueName\":\"search_term_string\"}}],\"inLanguage\":\"fi\"}]}<\/script>\n<!-- \/ Yoast SEO plugin. -->","yoast_head_json":{"title":"Potilasta koskevat s\u00e4\u00e4d\u00f6kset ja lait - DM haava","robots":{"index":"index","follow":"follow","max-snippet":"max-snippet:-1","max-image-preview":"max-image-preview:large","max-video-preview":"max-video-preview:-1"},"canonical":"https:\/\/blogit.gradia.fi\/dmhaava\/tietosuoja-ja-eettiset-periaatteet\/potilasta-koskevat-saadokset-ja-lait\/","og_locale":"fi_FI","og_type":"article","og_title":"Potilasta koskevat s\u00e4\u00e4d\u00f6kset ja lait - DM haava","og_description":"Jokaisella Suomessa pysyv\u00e4sti asuvalla henkil\u00f6ll\u00e4 on oikeus saada terveydentilansa edellytt\u00e4m\u00e4\u00e4 hoitoa niiden voimavarojen rajoissa, jotka kulloinkin ovat terveydenhuollon k\u00e4ytett\u00e4viss\u00e4. Potilaalla on oikeus saada hyv\u00e4\u00e4 terveyden- ja sairaanhoitoa. Potilasta on kohdeltava siten, ett\u00e4 h\u00e4nen vakaumustaan ja yksityisyytt\u00e4\u00e4n kunnioitetaan, eik\u00e4 h\u00e4nen ihmisarvoaan loukata. Potilaan \u00e4idinkieli, kulttuuri ja h\u00e4nen yksil\u00f6lliset tarpeensa on mahdollisuuksien mukaan otettava huomioon h\u00e4nen hoidossaan [&hellip;]","og_url":"https:\/\/blogit.gradia.fi\/dmhaava\/tietosuoja-ja-eettiset-periaatteet\/potilasta-koskevat-saadokset-ja-lait\/","og_site_name":"DM haava","article_modified_time":"2020-02-18T14:19:29+00:00","twitter_card":"summary_large_image","twitter_misc":{"Arvioitu lukuaika":"3 minuuttia"},"schema":{"@context":"https:\/\/schema.org","@graph":[{"@type":"WebPage","@id":"https:\/\/blogit.gradia.fi\/dmhaava\/tietosuoja-ja-eettiset-periaatteet\/potilasta-koskevat-saadokset-ja-lait\/","url":"https:\/\/blogit.gradia.fi\/dmhaava\/tietosuoja-ja-eettiset-periaatteet\/potilasta-koskevat-saadokset-ja-lait\/","name":"Potilasta koskevat s\u00e4\u00e4d\u00f6kset ja lait - DM haava","isPartOf":{"@id":"https:\/\/blogit.gradia.fi\/dmhaava\/#website"},"datePublished":"2020-02-17T18:44:59+00:00","dateModified":"2020-02-18T14:19:29+00:00","breadcrumb":{"@id":"https:\/\/blogit.gradia.fi\/dmhaava\/tietosuoja-ja-eettiset-periaatteet\/potilasta-koskevat-saadokset-ja-lait\/#breadcrumb"},"inLanguage":"fi","potentialAction":[{"@type":"ReadAction","target":["https:\/\/blogit.gradia.fi\/dmhaava\/tietosuoja-ja-eettiset-periaatteet\/potilasta-koskevat-saadokset-ja-lait\/"]}]},{"@type":"BreadcrumbList","@id":"https:\/\/blogit.gradia.fi\/dmhaava\/tietosuoja-ja-eettiset-periaatteet\/potilasta-koskevat-saadokset-ja-lait\/#breadcrumb","itemListElement":[{"@type":"ListItem","position":1,"name":"Home","item":"https:\/\/blogit.gradia.fi\/dmhaava\/"},{"@type":"ListItem","position":2,"name":"Tietosuoja ja eettiset periaatteet","item":"https:\/\/blogit.gradia.fi\/dmhaava\/tietosuoja-ja-eettiset-periaatteet\/"},{"@type":"ListItem","position":3,"name":"Potilasta koskevat s\u00e4\u00e4d\u00f6kset ja lait"}]},{"@type":"WebSite","@id":"https:\/\/blogit.gradia.fi\/dmhaava\/#website","url":"https:\/\/blogit.gradia.fi\/dmhaava\/","name":"DM haava","description":"Uusi Gradia-blogit-sivustot -sivusto","potentialAction":[{"@type":"SearchAction","target":{"@type":"EntryPoint","urlTemplate":"https:\/\/blogit.gradia.fi\/dmhaava\/?s={search_term_string}"},"query-input":{"@type":"PropertyValueSpecification","valueRequired":true,"valueName":"search_term_string"}}],"inLanguage":"fi"}]}},"uagb_featured_image_src":{"full":false,"thumbnail":false,"medium":false,"medium_large":false,"large":false,"1536x1536":false,"2048x2048":false,"post-thumbnail":false,"twentytwenty-fullscreen":false},"uagb_author_info":{"display_name":"Henry Tuimala","author_link":"https:\/\/blogit.gradia.fi\/dmhaava\/author\/gr242771\/"},"uagb_comment_info":0,"uagb_excerpt":"Jokaisella Suomessa pysyv\u00e4sti asuvalla henkil\u00f6ll\u00e4 on oikeus saada terveydentilansa edellytt\u00e4m\u00e4\u00e4 hoitoa niiden voimavarojen rajoissa, jotka kulloinkin ovat terveydenhuollon k\u00e4ytett\u00e4viss\u00e4. Potilaalla on oikeus saada hyv\u00e4\u00e4 terveyden- ja sairaanhoitoa. Potilasta on kohdeltava siten, ett\u00e4 h\u00e4nen vakaumustaan ja yksityisyytt\u00e4\u00e4n kunnioitetaan, eik\u00e4 h\u00e4nen ihmisarvoaan loukata. Potilaan \u00e4idinkieli, kulttuuri ja h\u00e4nen yksil\u00f6lliset tarpeensa on mahdollisuuksien mukaan otettava huomioon h\u00e4nen hoidossaan&hellip;","_links":{"self":[{"href":"https:\/\/blogit.gradia.fi\/dmhaava\/wp-json\/wp\/v2\/pages\/70","targetHints":{"allow":["GET"]}}],"collection":[{"href":"https:\/\/blogit.gradia.fi\/dmhaava\/wp-json\/wp\/v2\/pages"}],"about":[{"href":"https:\/\/blogit.gradia.fi\/dmhaava\/wp-json\/wp\/v2\/types\/page"}],"author":[{"embeddable":true,"href":"https:\/\/blogit.gradia.fi\/dmhaava\/wp-json\/wp\/v2\/users\/668"}],"replies":[{"embeddable":true,"href":"https:\/\/blogit.gradia.fi\/dmhaava\/wp-json\/wp\/v2\/comments?post=70"}],"version-history":[{"count":1,"href":"https:\/\/blogit.gradia.fi\/dmhaava\/wp-json\/wp\/v2\/pages\/70\/revisions"}],"predecessor-version":[{"id":71,"href":"https:\/\/blogit.gradia.fi\/dmhaava\/wp-json\/wp\/v2\/pages\/70\/revisions\/71"}],"up":[{"embeddable":true,"href":"https:\/\/blogit.gradia.fi\/dmhaava\/wp-json\/wp\/v2\/pages\/27"}],"wp:attachment":[{"href":"https:\/\/blogit.gradia.fi\/dmhaava\/wp-json\/wp\/v2\/media?parent=70"}],"curies":[{"name":"wp","href":"https:\/\/api.w.org\/{rel}","templated":true}]}}