{"id":67,"date":"2020-02-17T20:38:02","date_gmt":"2020-02-17T18:38:02","guid":{"rendered":"https:\/\/blogit.gradia.fi\/dmhaava\/?page_id=67"},"modified":"2020-02-18T16:19:10","modified_gmt":"2020-02-18T14:19:10","slug":"toimintaperiaatteet","status":"publish","type":"page","link":"https:\/\/blogit.gradia.fi\/dmhaava\/tietosuoja-ja-eettiset-periaatteet\/toimintaperiaatteet\/","title":{"rendered":"Toimintaperiaatteet"},"content":{"rendered":"\n<h2 class=\"wp-block-heading\">Potilasturvallisuus<\/h2>\n\n\n\n<p> Potilasturvallisuus tarkoittaa sit\u00e4, ett\u00e4 potilas saa tarvitsemansa \nja oikean hoidon, josta aiheutuu mahdollisimman v\u00e4h\u00e4n haittaa. \nPotilasturvallisuuteen kuuluu hoidon turvallisuus, l\u00e4\u00e4kehoidon \nturvallisuus sek\u00e4 l\u00e4\u00e4kinn\u00e4llisten laitteiden laiteturvallisuus. \nPotilasturvallisuuskulttuuri tarkoittaa potilaiden hoitoa edist\u00e4v\u00e4\u00e4 \nsuunnitelmallista ja j\u00e4rjestelm\u00e4llist\u00e4 toimintatapaa.<\/p>\n\n\n\n<p> Potilaan  n\u00e4k\u00f6kulmasta potilasturvallisuus on sit\u00e4, ett\u00e4 potilas saa oikeaa  hoitoa, oikeaan aikaan ja oikealla tavalla ja hoidosta aiheutuu  mahdollisimman v\u00e4h\u00e4n haittaa.<\/p>\n\n\n\n<p> THL on tuottanut potilaille ja heid\u00e4n l\u00e4heisilleen tarkoitetun  potilasturvallisuuden oppaan, joka on julkaistu verkossa suomeksi,  ruotsiksi ja englanniksi. Oppaan tarkoituksena on rohkaista potilasta  vaikuttamaan omaan hoitoonsa ja auttaa potilasta ja h\u00e4nen l\u00e4heist\u00e4\u00e4n  potilasturvallisuuden parantamiseen.\u00a0  <\/p>\n\n\n\n<p> <a rel=\"noreferrer noopener\" href=\"http:\/\/spty.fi\/potilaille-ja-omaisille\/\" target=\"_blank\">Tutustu oppaaseen Suomen Potilasturvallisuusyhdistyksen sivuilla<\/a> <\/p>\n\n\n\n<h2 class=\"wp-block-heading\">Ty\u00e4turvallisuus<\/h2>\n\n\n\n<p> Ty\u00f6nantajan velvollisuutena on j\u00e4rjest\u00e4\u00e4 sek\u00e4 ty\u00f6 ett\u00e4 fyysinen ja  psyykkinen ty\u00f6ymp\u00e4rist\u00f6 ty\u00f6ntekij\u00e4lle turvalliseksi ja terveelliseksi.  Toiminnan perustana on riskinarviointi, joka tekee n\u00e4kyv\u00e4ksi ne asiat,  joiden osalta ty\u00f6turvallisuutta pit\u00e4\u00e4 parantaa ja sen, miss\u00e4  j\u00e4rjestyksess\u00e4 parannuksia pit\u00e4\u00e4 tehd\u00e4. <\/p>\n\n\n\n<p>Arvioinnissa t\u00e4ytyy huomioida mm.<\/p>\n\n\n\n<ul class=\"wp-block-list\"><li>Ty\u00f6olot<\/li><li>Sattuneet tapaturmat, ammattitaudit ja l\u00e4helt\u00e4-piti-tilanteet sek\u00e4<\/li><li>Ty\u00f6ntekij\u00f6iden henkil\u00f6kohtaiset edellytykset, kuten ik\u00e4, sukupuoli, ammattitaito ja terveydelliset seikat.<\/li><\/ul>\n\n\n\n<ul class=\"wp-block-list\"><li>Riskien arviointi on ty\u00f6nantajan velvollisuus.<\/li><\/ul>\n\n\n\n<ul class=\"wp-block-list\"><li>Vaaratekij\u00e4t tulee poistaa tai minimoida niin, ettei ty\u00f6ntekij\u00f6iden terveys ja turvallisuus vaarannu. \u00a0<\/li><\/ul>\n\n\n\n<ul class=\"wp-block-list\"><li>Ty\u00f6turvallisuudesta  huolehtimista ei voi delegoida esim. ty\u00f6terveyshuollolle tai  ty\u00f6suojelun yhteistoimintahenkil\u00f6st\u00f6lle. Perusteeksi  turvallisuusasioiden laiminly\u00f6nnille ei kelpaa rahan puute.<\/li><\/ul>\n\n\n\n<ul class=\"wp-block-list\"><li>Ty\u00f6ymp\u00e4rist\u00f6n  terveellisyyden lis\u00e4ksi ty\u00f6hyvinvointia parannetaan tarjoamalla hyv\u00e4t  palvelussuhteen ehdot, huolehtimalla ty\u00f6ntekij\u00f6iden henkisest\u00e4  hyvinvoinnista ja huolehtimalla siit\u00e4, ett\u00e4 johtaminen on  oikeudenmukaista.<\/li><\/ul>\n\n\n\n<h2 class=\"wp-block-heading\">Vuorovaikutus<\/h2>\n\n\n\n<p> Vuorovaikutus on kahden tai useamman ihmisen v\u00e4list\u00e4 vastavuoroista  kommunikaatiota. Vuorovaikutus on sit\u00e4 miten me olemme toisten ihmisten  kanssa. Vuorovaikutus on sanoja, puhetta, tunteita, ilmeit\u00e4, eleit\u00e4,  \u00e4\u00e4ntely\u00e4 ja katseita. Vuorovaikutuksella t\u00e4ss\u00e4 ty\u00f6ss\u00e4 tarkoitetaan  inhimillist\u00e4 vuorovaikutusta, joka ymm\u00e4rret\u00e4\u00e4n ihmisten v\u00e4lisen\u00e4  kommunikointina ja l\u00e4sn\u00e4olona. <\/p>\n\n\n\n<p> Auttamisprosessi alkaa kommunikaatiosta, vuorovaikutuksesta jossa  asiakas kuvailee sinulle ongelmaansa tai huolenaihettaan. Vuorovaikutus  hoitoty\u00f6ss\u00e4 on keino mink\u00e4 avulla asiakas voi selvent\u00e4\u00e4 omia tunteita ja  ajatteluaan. Yksi t\u00e4rkein asia vuorovaikutuksessa on ett\u00e4 asiakas ja  hoitaja ymm\u00e4rt\u00e4v\u00e4t k\u00e4ym\u00e4ns\u00e4 keskustelun samalla tavalla jolla  saavutetaan yhteisymm\u00e4rrys my\u00f6s tunteen tasolla. Hoitajan ja potilaan  v\u00e4lill\u00e4 olevaa vuorovaikutusta ohjaavat hoitajan ja potilaan  ihmisk\u00e4sitykset, arvot ja asenteet, el\u00e4m\u00e4ntilanne, tiedot, taidot ja  hoitajan ammatin eettiset ohjeet. Oleellinen osa hyv\u00e4\u00e4 vuorovaikutusta  on empatia joka tarkoittaa my\u00f6t\u00e4el\u00e4mist\u00e4 toisen tuntemuksissa, ymm\u00e4rt\u00e4\u00e4  toisen tunteet ja niiden merkityksen. <\/p>\n\n\n\n<h2 class=\"wp-block-heading\">Yhteisty\u00f6<\/h2>\n\n\n\n<p> Moniammatillista yhteisty\u00f6t\u00e4 luonnehtii se, ett\u00e4 ty\u00f6, ty\u00f6k\u00e4yt\u00e4nteet ja ty\u00f6n kohde pyrit\u00e4\u00e4n n\u00e4kem\u00e4\u00e4n kokonaisuutena yhdist\u00e4en eri alojen  osaamista ja asiantuntijuutta ty\u00f6yhteis\u00f6ss\u00e4 ja ty\u00f6ryhm\u00e4ss\u00e4. Moniammatillisuutta on t\u00e4m\u00e4n vuoksi kutsuttu my\u00f6s yhteis\u00f6lliseksi,  jaetuksi asiantuntijuudeksi. Potilaiden hoitaminen on moniammatillista  yhteisty\u00f6t\u00e4 tekevien yhteinen teht\u00e4v\u00e4, joka edellytt\u00e4\u00e4 yhteisty\u00f6n ja teht\u00e4vien yhteensovittamista. Moniammatillista yhteisty\u00f6t\u00e4  ty\u00f6yhteis\u00f6ss\u00e4 tai ty\u00f6ryhm\u00e4ss\u00e4 leimaa my\u00f6s yhteis-ty\u00f6h\u00f6n osallistuvilla  ammattiryhmill\u00e4 oleva yhteisesti ymm\u00e4rretty ty\u00f6n tavoite, keskin\u00e4inen  riippuvuus,  kollegiaalinen  ja  tasa-arvoinen  suhde  sek\u00e4  jaettu  p\u00e4\u00e4t\u00f6ksenteko. T\u00e4llaisia ideaaleja moniammatillisen yhteisty\u00f6n piirteit\u00e4  on terveydenhuollossa kuitenkin tavattu varsin harvoin.  Todellisuudessa moniammatillinen yhteisty\u00f6 vaikuttaisi toteutuvan  terveydenhuollon ty\u00f6ymp\u00e4rist\u00f6iss\u00e4 vaihtelevasti ja siin\u00e4 esiintyy eroja  organisaatioittain ja ty\u00f6teht\u00e4vitt\u00e4in.<\/p>\n","protected":false},"excerpt":{"rendered":"<p>Potilasturvallisuus Potilasturvallisuus tarkoittaa sit\u00e4, ett\u00e4 potilas saa tarvitsemansa ja oikean hoidon, josta aiheutuu mahdollisimman v\u00e4h\u00e4n haittaa. Potilasturvallisuuteen kuuluu hoidon turvallisuus, l\u00e4\u00e4kehoidon turvallisuus sek\u00e4 l\u00e4\u00e4kinn\u00e4llisten laitteiden laiteturvallisuus. Potilasturvallisuuskulttuuri tarkoittaa potilaiden hoitoa edist\u00e4v\u00e4\u00e4 suunnitelmallista ja j\u00e4rjestelm\u00e4llist\u00e4 toimintatapaa. Potilaan n\u00e4k\u00f6kulmasta potilasturvallisuus on sit\u00e4, ett\u00e4 potilas saa oikeaa hoitoa, oikeaan aikaan ja oikealla tavalla ja hoidosta aiheutuu mahdollisimman v\u00e4h\u00e4n [&hellip;]<\/p>\n","protected":false},"author":668,"featured_media":0,"parent":27,"menu_order":1,"comment_status":"closed","ping_status":"closed","template":"","meta":{"_uag_custom_page_level_css":"","footnotes":""},"class_list":["post-67","page","type-page","status-publish","hentry"],"yoast_head":"<!-- This site is optimized with the Yoast SEO plugin v27.4 - https:\/\/yoast.com\/product\/yoast-seo-wordpress\/ -->\n<title>Toimintaperiaatteet - DM haava<\/title>\n<meta name=\"robots\" content=\"index, follow, max-snippet:-1, max-image-preview:large, max-video-preview:-1\" \/>\n<link rel=\"canonical\" href=\"https:\/\/blogit.gradia.fi\/dmhaava\/tietosuoja-ja-eettiset-periaatteet\/toimintaperiaatteet\/\" \/>\n<meta property=\"og:locale\" content=\"fi_FI\" \/>\n<meta property=\"og:type\" content=\"article\" \/>\n<meta property=\"og:title\" content=\"Toimintaperiaatteet - DM haava\" \/>\n<meta property=\"og:description\" content=\"Potilasturvallisuus Potilasturvallisuus tarkoittaa sit\u00e4, ett\u00e4 potilas saa tarvitsemansa ja oikean hoidon, josta aiheutuu mahdollisimman v\u00e4h\u00e4n haittaa. Potilasturvallisuuteen kuuluu hoidon turvallisuus, l\u00e4\u00e4kehoidon turvallisuus sek\u00e4 l\u00e4\u00e4kinn\u00e4llisten laitteiden laiteturvallisuus. Potilasturvallisuuskulttuuri tarkoittaa potilaiden hoitoa edist\u00e4v\u00e4\u00e4 suunnitelmallista ja j\u00e4rjestelm\u00e4llist\u00e4 toimintatapaa. Potilaan n\u00e4k\u00f6kulmasta potilasturvallisuus on sit\u00e4, ett\u00e4 potilas saa oikeaa hoitoa, oikeaan aikaan ja oikealla tavalla ja hoidosta aiheutuu mahdollisimman v\u00e4h\u00e4n [&hellip;]\" \/>\n<meta property=\"og:url\" content=\"https:\/\/blogit.gradia.fi\/dmhaava\/tietosuoja-ja-eettiset-periaatteet\/toimintaperiaatteet\/\" \/>\n<meta property=\"og:site_name\" content=\"DM haava\" \/>\n<meta property=\"article:modified_time\" content=\"2020-02-18T14:19:10+00:00\" \/>\n<meta name=\"twitter:card\" content=\"summary_large_image\" \/>\n<meta name=\"twitter:label1\" content=\"Arvioitu lukuaika\" \/>\n\t<meta name=\"twitter:data1\" content=\"3 minuuttia\" \/>\n<script type=\"application\/ld+json\" class=\"yoast-schema-graph\">{\"@context\":\"https:\\\/\\\/schema.org\",\"@graph\":[{\"@type\":\"WebPage\",\"@id\":\"https:\\\/\\\/blogit.gradia.fi\\\/dmhaava\\\/tietosuoja-ja-eettiset-periaatteet\\\/toimintaperiaatteet\\\/\",\"url\":\"https:\\\/\\\/blogit.gradia.fi\\\/dmhaava\\\/tietosuoja-ja-eettiset-periaatteet\\\/toimintaperiaatteet\\\/\",\"name\":\"Toimintaperiaatteet - DM haava\",\"isPartOf\":{\"@id\":\"https:\\\/\\\/blogit.gradia.fi\\\/dmhaava\\\/#website\"},\"datePublished\":\"2020-02-17T18:38:02+00:00\",\"dateModified\":\"2020-02-18T14:19:10+00:00\",\"breadcrumb\":{\"@id\":\"https:\\\/\\\/blogit.gradia.fi\\\/dmhaava\\\/tietosuoja-ja-eettiset-periaatteet\\\/toimintaperiaatteet\\\/#breadcrumb\"},\"inLanguage\":\"fi\",\"potentialAction\":[{\"@type\":\"ReadAction\",\"target\":[\"https:\\\/\\\/blogit.gradia.fi\\\/dmhaava\\\/tietosuoja-ja-eettiset-periaatteet\\\/toimintaperiaatteet\\\/\"]}]},{\"@type\":\"BreadcrumbList\",\"@id\":\"https:\\\/\\\/blogit.gradia.fi\\\/dmhaava\\\/tietosuoja-ja-eettiset-periaatteet\\\/toimintaperiaatteet\\\/#breadcrumb\",\"itemListElement\":[{\"@type\":\"ListItem\",\"position\":1,\"name\":\"Home\",\"item\":\"https:\\\/\\\/blogit.gradia.fi\\\/dmhaava\\\/\"},{\"@type\":\"ListItem\",\"position\":2,\"name\":\"Tietosuoja ja eettiset periaatteet\",\"item\":\"https:\\\/\\\/blogit.gradia.fi\\\/dmhaava\\\/tietosuoja-ja-eettiset-periaatteet\\\/\"},{\"@type\":\"ListItem\",\"position\":3,\"name\":\"Toimintaperiaatteet\"}]},{\"@type\":\"WebSite\",\"@id\":\"https:\\\/\\\/blogit.gradia.fi\\\/dmhaava\\\/#website\",\"url\":\"https:\\\/\\\/blogit.gradia.fi\\\/dmhaava\\\/\",\"name\":\"DM haava\",\"description\":\"Uusi Gradia-blogit-sivustot -sivusto\",\"potentialAction\":[{\"@type\":\"SearchAction\",\"target\":{\"@type\":\"EntryPoint\",\"urlTemplate\":\"https:\\\/\\\/blogit.gradia.fi\\\/dmhaava\\\/?s={search_term_string}\"},\"query-input\":{\"@type\":\"PropertyValueSpecification\",\"valueRequired\":true,\"valueName\":\"search_term_string\"}}],\"inLanguage\":\"fi\"}]}<\/script>\n<!-- \/ Yoast SEO plugin. -->","yoast_head_json":{"title":"Toimintaperiaatteet - DM haava","robots":{"index":"index","follow":"follow","max-snippet":"max-snippet:-1","max-image-preview":"max-image-preview:large","max-video-preview":"max-video-preview:-1"},"canonical":"https:\/\/blogit.gradia.fi\/dmhaava\/tietosuoja-ja-eettiset-periaatteet\/toimintaperiaatteet\/","og_locale":"fi_FI","og_type":"article","og_title":"Toimintaperiaatteet - DM haava","og_description":"Potilasturvallisuus Potilasturvallisuus tarkoittaa sit\u00e4, ett\u00e4 potilas saa tarvitsemansa ja oikean hoidon, josta aiheutuu mahdollisimman v\u00e4h\u00e4n haittaa. Potilasturvallisuuteen kuuluu hoidon turvallisuus, l\u00e4\u00e4kehoidon turvallisuus sek\u00e4 l\u00e4\u00e4kinn\u00e4llisten laitteiden laiteturvallisuus. Potilasturvallisuuskulttuuri tarkoittaa potilaiden hoitoa edist\u00e4v\u00e4\u00e4 suunnitelmallista ja j\u00e4rjestelm\u00e4llist\u00e4 toimintatapaa. Potilaan n\u00e4k\u00f6kulmasta potilasturvallisuus on sit\u00e4, ett\u00e4 potilas saa oikeaa hoitoa, oikeaan aikaan ja oikealla tavalla ja hoidosta aiheutuu mahdollisimman v\u00e4h\u00e4n [&hellip;]","og_url":"https:\/\/blogit.gradia.fi\/dmhaava\/tietosuoja-ja-eettiset-periaatteet\/toimintaperiaatteet\/","og_site_name":"DM haava","article_modified_time":"2020-02-18T14:19:10+00:00","twitter_card":"summary_large_image","twitter_misc":{"Arvioitu lukuaika":"3 minuuttia"},"schema":{"@context":"https:\/\/schema.org","@graph":[{"@type":"WebPage","@id":"https:\/\/blogit.gradia.fi\/dmhaava\/tietosuoja-ja-eettiset-periaatteet\/toimintaperiaatteet\/","url":"https:\/\/blogit.gradia.fi\/dmhaava\/tietosuoja-ja-eettiset-periaatteet\/toimintaperiaatteet\/","name":"Toimintaperiaatteet - DM haava","isPartOf":{"@id":"https:\/\/blogit.gradia.fi\/dmhaava\/#website"},"datePublished":"2020-02-17T18:38:02+00:00","dateModified":"2020-02-18T14:19:10+00:00","breadcrumb":{"@id":"https:\/\/blogit.gradia.fi\/dmhaava\/tietosuoja-ja-eettiset-periaatteet\/toimintaperiaatteet\/#breadcrumb"},"inLanguage":"fi","potentialAction":[{"@type":"ReadAction","target":["https:\/\/blogit.gradia.fi\/dmhaava\/tietosuoja-ja-eettiset-periaatteet\/toimintaperiaatteet\/"]}]},{"@type":"BreadcrumbList","@id":"https:\/\/blogit.gradia.fi\/dmhaava\/tietosuoja-ja-eettiset-periaatteet\/toimintaperiaatteet\/#breadcrumb","itemListElement":[{"@type":"ListItem","position":1,"name":"Home","item":"https:\/\/blogit.gradia.fi\/dmhaava\/"},{"@type":"ListItem","position":2,"name":"Tietosuoja ja eettiset periaatteet","item":"https:\/\/blogit.gradia.fi\/dmhaava\/tietosuoja-ja-eettiset-periaatteet\/"},{"@type":"ListItem","position":3,"name":"Toimintaperiaatteet"}]},{"@type":"WebSite","@id":"https:\/\/blogit.gradia.fi\/dmhaava\/#website","url":"https:\/\/blogit.gradia.fi\/dmhaava\/","name":"DM haava","description":"Uusi Gradia-blogit-sivustot -sivusto","potentialAction":[{"@type":"SearchAction","target":{"@type":"EntryPoint","urlTemplate":"https:\/\/blogit.gradia.fi\/dmhaava\/?s={search_term_string}"},"query-input":{"@type":"PropertyValueSpecification","valueRequired":true,"valueName":"search_term_string"}}],"inLanguage":"fi"}]}},"uagb_featured_image_src":{"full":false,"thumbnail":false,"medium":false,"medium_large":false,"large":false,"1536x1536":false,"2048x2048":false,"post-thumbnail":false,"twentytwenty-fullscreen":false},"uagb_author_info":{"display_name":"Henry Tuimala","author_link":"https:\/\/blogit.gradia.fi\/dmhaava\/author\/gr242771\/"},"uagb_comment_info":0,"uagb_excerpt":"Potilasturvallisuus Potilasturvallisuus tarkoittaa sit\u00e4, ett\u00e4 potilas saa tarvitsemansa ja oikean hoidon, josta aiheutuu mahdollisimman v\u00e4h\u00e4n haittaa. Potilasturvallisuuteen kuuluu hoidon turvallisuus, l\u00e4\u00e4kehoidon turvallisuus sek\u00e4 l\u00e4\u00e4kinn\u00e4llisten laitteiden laiteturvallisuus. Potilasturvallisuuskulttuuri tarkoittaa potilaiden hoitoa edist\u00e4v\u00e4\u00e4 suunnitelmallista ja j\u00e4rjestelm\u00e4llist\u00e4 toimintatapaa. Potilaan n\u00e4k\u00f6kulmasta potilasturvallisuus on sit\u00e4, ett\u00e4 potilas saa oikeaa hoitoa, oikeaan aikaan ja oikealla tavalla ja hoidosta aiheutuu mahdollisimman v\u00e4h\u00e4n&hellip;","_links":{"self":[{"href":"https:\/\/blogit.gradia.fi\/dmhaava\/wp-json\/wp\/v2\/pages\/67","targetHints":{"allow":["GET"]}}],"collection":[{"href":"https:\/\/blogit.gradia.fi\/dmhaava\/wp-json\/wp\/v2\/pages"}],"about":[{"href":"https:\/\/blogit.gradia.fi\/dmhaava\/wp-json\/wp\/v2\/types\/page"}],"author":[{"embeddable":true,"href":"https:\/\/blogit.gradia.fi\/dmhaava\/wp-json\/wp\/v2\/users\/668"}],"replies":[{"embeddable":true,"href":"https:\/\/blogit.gradia.fi\/dmhaava\/wp-json\/wp\/v2\/comments?post=67"}],"version-history":[{"count":1,"href":"https:\/\/blogit.gradia.fi\/dmhaava\/wp-json\/wp\/v2\/pages\/67\/revisions"}],"predecessor-version":[{"id":68,"href":"https:\/\/blogit.gradia.fi\/dmhaava\/wp-json\/wp\/v2\/pages\/67\/revisions\/68"}],"up":[{"embeddable":true,"href":"https:\/\/blogit.gradia.fi\/dmhaava\/wp-json\/wp\/v2\/pages\/27"}],"wp:attachment":[{"href":"https:\/\/blogit.gradia.fi\/dmhaava\/wp-json\/wp\/v2\/media?parent=67"}],"curies":[{"name":"wp","href":"https:\/\/api.w.org\/{rel}","templated":true}]}}