{"id":63,"date":"2020-02-17T20:21:23","date_gmt":"2020-02-17T18:21:23","guid":{"rendered":"https:\/\/blogit.gradia.fi\/dmhaava\/?page_id=63"},"modified":"2020-02-17T20:21:41","modified_gmt":"2020-02-17T18:21:41","slug":"mita-on-paivystys","status":"publish","type":"page","link":"https:\/\/blogit.gradia.fi\/dmhaava\/mita-on-paivystys\/","title":{"rendered":"Mit\u00e4 on P\u00e4ivystys"},"content":{"rendered":"\n<div class=\"wp-block-image\"><figure class=\"aligncenter size-large\"><img loading=\"lazy\" decoding=\"async\" width=\"960\" height=\"640\" src=\"https:\/\/blogit.gradia.fi\/dmhaava\/wp-content\/uploads\/sites\/160\/2020\/02\/medical-1617364_960_720.jpg\" alt=\"\" class=\"wp-image-64\" srcset=\"https:\/\/blogit.gradia.fi\/dmhaava\/wp-content\/uploads\/sites\/160\/2020\/02\/medical-1617364_960_720.jpg 960w, https:\/\/blogit.gradia.fi\/dmhaava\/wp-content\/uploads\/sites\/160\/2020\/02\/medical-1617364_960_720-300x200.jpg 300w, https:\/\/blogit.gradia.fi\/dmhaava\/wp-content\/uploads\/sites\/160\/2020\/02\/medical-1617364_960_720-768x512.jpg 768w\" sizes=\"auto, (max-width: 960px) 100vw, 960px\" \/><\/figure><\/div>\n\n\n\n<p> P\u00e4ivystyksess\u00e4 annetaan potilaalle kiireellist\u00e4 hoitoa h\u00e4nen  asuinpaikastaan riippumatta. Kiireellisell\u00e4 hoidolla tarkoitetaan  \u00e4killisen sairastumisen, vamman, pitk\u00e4aikaissairauden vaikeutumisen tai  toimintakyvyn alenemisen edellytt\u00e4m\u00e4\u00e4 v\u00e4lit\u00f6nt\u00e4 arviota ja hoitoa, jota  ei voida siirt\u00e4\u00e4 ilman sairauden pahenemista tai vamman vaikeutumista.  Ymp\u00e4rivuorokautinen p\u00e4ivystys j\u00e4rjestet\u00e4\u00e4n suurten terveyskeskusten ja  sairaaloiden yhteydess\u00e4. <\/p>\n\n\n\n<p> Kiireellisen hoidon antamista varten kunnan tai sairaanhoitopiirin on  j\u00e4rjestett\u00e4v\u00e4 ymp\u00e4rivuorokautinen p\u00e4ivystys. Ymp\u00e4rivuorokautinen  perusterveydenhuollon p\u00e4ivystys on j\u00e4rjestett\u00e4v\u00e4 yhteisp\u00e4ivystyksen\u00e4  erikoissairaanhoidon kanssa.<br> <br> P\u00e4ivystyspisteist\u00e4 ja niiden  v\u00e4lisest\u00e4 ty\u00f6njaosta sovitaan sairaanhoitopiirin kuntien  terveydenhuollon j\u00e4rjest\u00e4missopimuksessa ja erikoissairaanhoidon osalta  yliopistollisen sairaalan erityisvastuualueen j\u00e4rjest\u00e4missopimuksessa.<br> <br>  P\u00e4ivystyspisteist\u00e4 p\u00e4\u00e4tett\u00e4ess\u00e4 on otettava huomioon alueen  ensihoitopalvelu, p\u00e4ivystyspisteiden v\u00e4liset et\u00e4isyydet ja v\u00e4est\u00f6n  palvelutarve. Usein ymp\u00e4rivuorokautinen p\u00e4ivystys on keskitetty  sairaaloihin.<br> <br> P\u00e4ivyst\u00e4vien terveydenhuollon toimipisteiden ja  ensihoitopalvelun on teht\u00e4v\u00e4 yhteisty\u00f6t\u00e4 niin, ett\u00e4 ne muodostavat  alueellisesti toimivan kokonaisuuden. <\/p>\n","protected":false},"excerpt":{"rendered":"<p>P\u00e4ivystyksess\u00e4 annetaan potilaalle kiireellist\u00e4 hoitoa h\u00e4nen asuinpaikastaan riippumatta. Kiireellisell\u00e4 hoidolla tarkoitetaan \u00e4killisen sairastumisen, vamman, pitk\u00e4aikaissairauden vaikeutumisen tai toimintakyvyn alenemisen edellytt\u00e4m\u00e4\u00e4 v\u00e4lit\u00f6nt\u00e4 arviota ja hoitoa, jota ei voida siirt\u00e4\u00e4 ilman sairauden pahenemista tai vamman vaikeutumista. Ymp\u00e4rivuorokautinen p\u00e4ivystys j\u00e4rjestet\u00e4\u00e4n suurten terveyskeskusten ja sairaaloiden yhteydess\u00e4. Kiireellisen hoidon antamista varten kunnan tai sairaanhoitopiirin on j\u00e4rjestett\u00e4v\u00e4 ymp\u00e4rivuorokautinen p\u00e4ivystys. Ymp\u00e4rivuorokautinen perusterveydenhuollon [&hellip;]<\/p>\n","protected":false},"author":668,"featured_media":0,"parent":0,"menu_order":0,"comment_status":"closed","ping_status":"closed","template":"","meta":{"_uag_custom_page_level_css":"","footnotes":""},"class_list":["post-63","page","type-page","status-publish","hentry"],"yoast_head":"<!-- This site is optimized with the Yoast SEO plugin v27.4 - https:\/\/yoast.com\/product\/yoast-seo-wordpress\/ -->\n<title>Mit\u00e4 on P\u00e4ivystys - DM haava<\/title>\n<meta name=\"robots\" content=\"index, follow, max-snippet:-1, max-image-preview:large, max-video-preview:-1\" \/>\n<link rel=\"canonical\" href=\"https:\/\/blogit.gradia.fi\/dmhaava\/mita-on-paivystys\/\" \/>\n<meta property=\"og:locale\" content=\"fi_FI\" \/>\n<meta property=\"og:type\" content=\"article\" \/>\n<meta property=\"og:title\" content=\"Mit\u00e4 on P\u00e4ivystys - DM haava\" \/>\n<meta property=\"og:description\" content=\"P\u00e4ivystyksess\u00e4 annetaan potilaalle kiireellist\u00e4 hoitoa h\u00e4nen asuinpaikastaan riippumatta. Kiireellisell\u00e4 hoidolla tarkoitetaan \u00e4killisen sairastumisen, vamman, pitk\u00e4aikaissairauden vaikeutumisen tai toimintakyvyn alenemisen edellytt\u00e4m\u00e4\u00e4 v\u00e4lit\u00f6nt\u00e4 arviota ja hoitoa, jota ei voida siirt\u00e4\u00e4 ilman sairauden pahenemista tai vamman vaikeutumista. Ymp\u00e4rivuorokautinen p\u00e4ivystys j\u00e4rjestet\u00e4\u00e4n suurten terveyskeskusten ja sairaaloiden yhteydess\u00e4. Kiireellisen hoidon antamista varten kunnan tai sairaanhoitopiirin on j\u00e4rjestett\u00e4v\u00e4 ymp\u00e4rivuorokautinen p\u00e4ivystys. Ymp\u00e4rivuorokautinen perusterveydenhuollon [&hellip;]\" \/>\n<meta property=\"og:url\" content=\"https:\/\/blogit.gradia.fi\/dmhaava\/mita-on-paivystys\/\" \/>\n<meta property=\"og:site_name\" content=\"DM haava\" \/>\n<meta property=\"article:modified_time\" content=\"2020-02-17T18:21:41+00:00\" \/>\n<meta property=\"og:image\" content=\"https:\/\/blogit.gradia.fi\/dmhaava\/wp-content\/uploads\/sites\/160\/2020\/02\/medical-1617364_960_720.jpg\" \/>\n<meta name=\"twitter:card\" content=\"summary_large_image\" \/>\n<meta name=\"twitter:label1\" content=\"Arvioitu lukuaika\" \/>\n\t<meta name=\"twitter:data1\" content=\"1 minuutti\" \/>\n<script type=\"application\/ld+json\" class=\"yoast-schema-graph\">{\"@context\":\"https:\\\/\\\/schema.org\",\"@graph\":[{\"@type\":\"WebPage\",\"@id\":\"https:\\\/\\\/blogit.gradia.fi\\\/dmhaava\\\/mita-on-paivystys\\\/\",\"url\":\"https:\\\/\\\/blogit.gradia.fi\\\/dmhaava\\\/mita-on-paivystys\\\/\",\"name\":\"Mit\u00e4 on P\u00e4ivystys - DM haava\",\"isPartOf\":{\"@id\":\"https:\\\/\\\/blogit.gradia.fi\\\/dmhaava\\\/#website\"},\"primaryImageOfPage\":{\"@id\":\"https:\\\/\\\/blogit.gradia.fi\\\/dmhaava\\\/mita-on-paivystys\\\/#primaryimage\"},\"image\":{\"@id\":\"https:\\\/\\\/blogit.gradia.fi\\\/dmhaava\\\/mita-on-paivystys\\\/#primaryimage\"},\"thumbnailUrl\":\"https:\\\/\\\/blogit.gradia.fi\\\/dmhaava\\\/wp-content\\\/uploads\\\/sites\\\/160\\\/2020\\\/02\\\/medical-1617364_960_720.jpg\",\"datePublished\":\"2020-02-17T18:21:23+00:00\",\"dateModified\":\"2020-02-17T18:21:41+00:00\",\"breadcrumb\":{\"@id\":\"https:\\\/\\\/blogit.gradia.fi\\\/dmhaava\\\/mita-on-paivystys\\\/#breadcrumb\"},\"inLanguage\":\"fi\",\"potentialAction\":[{\"@type\":\"ReadAction\",\"target\":[\"https:\\\/\\\/blogit.gradia.fi\\\/dmhaava\\\/mita-on-paivystys\\\/\"]}]},{\"@type\":\"ImageObject\",\"inLanguage\":\"fi\",\"@id\":\"https:\\\/\\\/blogit.gradia.fi\\\/dmhaava\\\/mita-on-paivystys\\\/#primaryimage\",\"url\":\"https:\\\/\\\/blogit.gradia.fi\\\/dmhaava\\\/wp-content\\\/uploads\\\/sites\\\/160\\\/2020\\\/02\\\/medical-1617364_960_720.jpg\",\"contentUrl\":\"https:\\\/\\\/blogit.gradia.fi\\\/dmhaava\\\/wp-content\\\/uploads\\\/sites\\\/160\\\/2020\\\/02\\\/medical-1617364_960_720.jpg\",\"width\":960,\"height\":640},{\"@type\":\"BreadcrumbList\",\"@id\":\"https:\\\/\\\/blogit.gradia.fi\\\/dmhaava\\\/mita-on-paivystys\\\/#breadcrumb\",\"itemListElement\":[{\"@type\":\"ListItem\",\"position\":1,\"name\":\"Home\",\"item\":\"https:\\\/\\\/blogit.gradia.fi\\\/dmhaava\\\/\"},{\"@type\":\"ListItem\",\"position\":2,\"name\":\"Mit\u00e4 on P\u00e4ivystys\"}]},{\"@type\":\"WebSite\",\"@id\":\"https:\\\/\\\/blogit.gradia.fi\\\/dmhaava\\\/#website\",\"url\":\"https:\\\/\\\/blogit.gradia.fi\\\/dmhaava\\\/\",\"name\":\"DM haava\",\"description\":\"Uusi Gradia-blogit-sivustot -sivusto\",\"potentialAction\":[{\"@type\":\"SearchAction\",\"target\":{\"@type\":\"EntryPoint\",\"urlTemplate\":\"https:\\\/\\\/blogit.gradia.fi\\\/dmhaava\\\/?s={search_term_string}\"},\"query-input\":{\"@type\":\"PropertyValueSpecification\",\"valueRequired\":true,\"valueName\":\"search_term_string\"}}],\"inLanguage\":\"fi\"}]}<\/script>\n<!-- \/ Yoast SEO plugin. -->","yoast_head_json":{"title":"Mit\u00e4 on P\u00e4ivystys - DM haava","robots":{"index":"index","follow":"follow","max-snippet":"max-snippet:-1","max-image-preview":"max-image-preview:large","max-video-preview":"max-video-preview:-1"},"canonical":"https:\/\/blogit.gradia.fi\/dmhaava\/mita-on-paivystys\/","og_locale":"fi_FI","og_type":"article","og_title":"Mit\u00e4 on P\u00e4ivystys - DM haava","og_description":"P\u00e4ivystyksess\u00e4 annetaan potilaalle kiireellist\u00e4 hoitoa h\u00e4nen asuinpaikastaan riippumatta. Kiireellisell\u00e4 hoidolla tarkoitetaan \u00e4killisen sairastumisen, vamman, pitk\u00e4aikaissairauden vaikeutumisen tai toimintakyvyn alenemisen edellytt\u00e4m\u00e4\u00e4 v\u00e4lit\u00f6nt\u00e4 arviota ja hoitoa, jota ei voida siirt\u00e4\u00e4 ilman sairauden pahenemista tai vamman vaikeutumista. Ymp\u00e4rivuorokautinen p\u00e4ivystys j\u00e4rjestet\u00e4\u00e4n suurten terveyskeskusten ja sairaaloiden yhteydess\u00e4. Kiireellisen hoidon antamista varten kunnan tai sairaanhoitopiirin on j\u00e4rjestett\u00e4v\u00e4 ymp\u00e4rivuorokautinen p\u00e4ivystys. Ymp\u00e4rivuorokautinen perusterveydenhuollon [&hellip;]","og_url":"https:\/\/blogit.gradia.fi\/dmhaava\/mita-on-paivystys\/","og_site_name":"DM haava","article_modified_time":"2020-02-17T18:21:41+00:00","og_image":[{"url":"https:\/\/blogit.gradia.fi\/dmhaava\/wp-content\/uploads\/sites\/160\/2020\/02\/medical-1617364_960_720.jpg","type":"","width":"","height":""}],"twitter_card":"summary_large_image","twitter_misc":{"Arvioitu lukuaika":"1 minuutti"},"schema":{"@context":"https:\/\/schema.org","@graph":[{"@type":"WebPage","@id":"https:\/\/blogit.gradia.fi\/dmhaava\/mita-on-paivystys\/","url":"https:\/\/blogit.gradia.fi\/dmhaava\/mita-on-paivystys\/","name":"Mit\u00e4 on P\u00e4ivystys - DM haava","isPartOf":{"@id":"https:\/\/blogit.gradia.fi\/dmhaava\/#website"},"primaryImageOfPage":{"@id":"https:\/\/blogit.gradia.fi\/dmhaava\/mita-on-paivystys\/#primaryimage"},"image":{"@id":"https:\/\/blogit.gradia.fi\/dmhaava\/mita-on-paivystys\/#primaryimage"},"thumbnailUrl":"https:\/\/blogit.gradia.fi\/dmhaava\/wp-content\/uploads\/sites\/160\/2020\/02\/medical-1617364_960_720.jpg","datePublished":"2020-02-17T18:21:23+00:00","dateModified":"2020-02-17T18:21:41+00:00","breadcrumb":{"@id":"https:\/\/blogit.gradia.fi\/dmhaava\/mita-on-paivystys\/#breadcrumb"},"inLanguage":"fi","potentialAction":[{"@type":"ReadAction","target":["https:\/\/blogit.gradia.fi\/dmhaava\/mita-on-paivystys\/"]}]},{"@type":"ImageObject","inLanguage":"fi","@id":"https:\/\/blogit.gradia.fi\/dmhaava\/mita-on-paivystys\/#primaryimage","url":"https:\/\/blogit.gradia.fi\/dmhaava\/wp-content\/uploads\/sites\/160\/2020\/02\/medical-1617364_960_720.jpg","contentUrl":"https:\/\/blogit.gradia.fi\/dmhaava\/wp-content\/uploads\/sites\/160\/2020\/02\/medical-1617364_960_720.jpg","width":960,"height":640},{"@type":"BreadcrumbList","@id":"https:\/\/blogit.gradia.fi\/dmhaava\/mita-on-paivystys\/#breadcrumb","itemListElement":[{"@type":"ListItem","position":1,"name":"Home","item":"https:\/\/blogit.gradia.fi\/dmhaava\/"},{"@type":"ListItem","position":2,"name":"Mit\u00e4 on P\u00e4ivystys"}]},{"@type":"WebSite","@id":"https:\/\/blogit.gradia.fi\/dmhaava\/#website","url":"https:\/\/blogit.gradia.fi\/dmhaava\/","name":"DM haava","description":"Uusi Gradia-blogit-sivustot -sivusto","potentialAction":[{"@type":"SearchAction","target":{"@type":"EntryPoint","urlTemplate":"https:\/\/blogit.gradia.fi\/dmhaava\/?s={search_term_string}"},"query-input":{"@type":"PropertyValueSpecification","valueRequired":true,"valueName":"search_term_string"}}],"inLanguage":"fi"}]}},"uagb_featured_image_src":{"full":false,"thumbnail":false,"medium":false,"medium_large":false,"large":false,"1536x1536":false,"2048x2048":false,"post-thumbnail":false,"twentytwenty-fullscreen":false},"uagb_author_info":{"display_name":"Henry Tuimala","author_link":"https:\/\/blogit.gradia.fi\/dmhaava\/author\/gr242771\/"},"uagb_comment_info":0,"uagb_excerpt":"P\u00e4ivystyksess\u00e4 annetaan potilaalle kiireellist\u00e4 hoitoa h\u00e4nen asuinpaikastaan riippumatta. Kiireellisell\u00e4 hoidolla tarkoitetaan \u00e4killisen sairastumisen, vamman, pitk\u00e4aikaissairauden vaikeutumisen tai toimintakyvyn alenemisen edellytt\u00e4m\u00e4\u00e4 v\u00e4lit\u00f6nt\u00e4 arviota ja hoitoa, jota ei voida siirt\u00e4\u00e4 ilman sairauden pahenemista tai vamman vaikeutumista. Ymp\u00e4rivuorokautinen p\u00e4ivystys j\u00e4rjestet\u00e4\u00e4n suurten terveyskeskusten ja sairaaloiden yhteydess\u00e4. Kiireellisen hoidon antamista varten kunnan tai sairaanhoitopiirin on j\u00e4rjestett\u00e4v\u00e4 ymp\u00e4rivuorokautinen p\u00e4ivystys. Ymp\u00e4rivuorokautinen perusterveydenhuollon&hellip;","_links":{"self":[{"href":"https:\/\/blogit.gradia.fi\/dmhaava\/wp-json\/wp\/v2\/pages\/63","targetHints":{"allow":["GET"]}}],"collection":[{"href":"https:\/\/blogit.gradia.fi\/dmhaava\/wp-json\/wp\/v2\/pages"}],"about":[{"href":"https:\/\/blogit.gradia.fi\/dmhaava\/wp-json\/wp\/v2\/types\/page"}],"author":[{"embeddable":true,"href":"https:\/\/blogit.gradia.fi\/dmhaava\/wp-json\/wp\/v2\/users\/668"}],"replies":[{"embeddable":true,"href":"https:\/\/blogit.gradia.fi\/dmhaava\/wp-json\/wp\/v2\/comments?post=63"}],"version-history":[{"count":1,"href":"https:\/\/blogit.gradia.fi\/dmhaava\/wp-json\/wp\/v2\/pages\/63\/revisions"}],"predecessor-version":[{"id":65,"href":"https:\/\/blogit.gradia.fi\/dmhaava\/wp-json\/wp\/v2\/pages\/63\/revisions\/65"}],"wp:attachment":[{"href":"https:\/\/blogit.gradia.fi\/dmhaava\/wp-json\/wp\/v2\/media?parent=63"}],"curies":[{"name":"wp","href":"https:\/\/api.w.org\/{rel}","templated":true}]}}