{"id":60,"date":"2020-02-17T20:11:54","date_gmt":"2020-02-17T18:11:54","guid":{"rendered":"https:\/\/blogit.gradia.fi\/dmhaava\/?page_id=60"},"modified":"2020-02-18T16:18:06","modified_gmt":"2020-02-18T14:18:06","slug":"omavalvonta","status":"publish","type":"page","link":"https:\/\/blogit.gradia.fi\/dmhaava\/mita-on-paivystys\/omavalvonta\/","title":{"rendered":"Omavalvonta"},"content":{"rendered":"\n<p> Palveluntuottajan tulee tehd\u00e4 omavalvontasuunnitelma Valviran antaman  m\u00e4\u00e4r\u00e4yksen (1\/2014) mukaisesti 6 kuukauden kuluessa yrityksen  perustamisesta. Omavalvontasuunnitelman avulla palveluntuottaja kehitt\u00e4\u00e4  ja seuraa palvelujen laatua toimintayksik\u00f6iden p\u00e4ivitt\u00e4isess\u00e4  toiminnassa.  <\/p>\n\n\n\n<p>Sosiaali- ja terveydenhuollon palvelujen valvonnassa korostuu \npalveluntuottajien oma vastuu toiminnan asianmukaisuudesta ja \ntuottamiensa palvelujen laadusta sek\u00e4 asiakas- ja \npotilasturvallisuudesta.&nbsp; Omavalvonnan tavoitteena on, ett\u00e4 yrityksen \njohto&nbsp;ja henkil\u00f6kunta arvioivat yrityksen toimintaa. Laatuun ja \nasiakasturvallisuuteen liittyviss\u00e4 asioissa kuullaan asiakkaita ja \nomaisia. Yrityksen toimintaa kehitet\u00e4\u00e4n asiakaspalautteen perusteella.<\/p>\n\n\n\n<h2 class=\"wp-block-heading\"><strong>Mik\u00e4 on omavalvontasuunnitelma?<\/strong><\/h2>\n\n\n\n<p>Omavalvontasuunnitelma on \nasiakirja, johon kirjataan kaikki keskeiset toimenpiteet, joilla \npalvelujen tuottajat itse valvovat toimintayksikk\u00f6j\u00e4\u00e4n, henkil\u00f6kunnan \ntoimintaa sek\u00e4 tuottamiensa palvelujen laatua. Omavalvontasuunnitelma on\n palvelujen laadun ja kehitt\u00e4misen p\u00e4ivitt\u00e4inen ty\u00f6v\u00e4line. Palvelujen \ntuottajalta edellytet\u00e4\u00e4n ammattitaitoa, tietoa ja kokemusta arvioida, \nmink\u00e4laisella omalla ohjauksella ja valvonnalla toiminnan laatu ja \ns\u00e4\u00e4d\u00f6stenmukaisuus varmistetaan.<\/p>\n\n\n\n<p>Omavalvonnan asiakirjoja \nmuodostuu kaikista niist\u00e4 toiminta- ja menettelyohjeista, joita \nlaaditaan yhten\u00e4isen k\u00e4yt\u00e4nn\u00f6n toteuttamiseksi kaikissa palveluketjun \nvaiheissa. Omavalvontasuunnitelmassa sovitaan menettelytavat \npalvelutoiminnassa havaittujen riskien, vaaratilanteiden ja laadullisten\n puutteiden ennaltaehk\u00e4isemiseksi ja korjaamiseksi sek\u00e4 terveydenhuollon\n ammattihenkil\u00f6iden ammatillisen osaamisen varmistamiseksi. Suunnitelman\n on oltava sit\u00e4 laajempi ja yksityiskohtaisempi mit\u00e4 monimuotoisempaa ja\n riskialttiimpaa palvelujen tuottajan toiminta on. \nOmavalvontasuunnitelmassa m\u00e4\u00e4ritell\u00e4\u00e4n muun muassa yrityksess\u00e4 \nnoudatettavat toimintatavat ja niiden toteuttamisen seuranta.<\/p>\n\n\n\n<p> Omavalvontasuunnitelma on julkinen asiakirja\u00a0ja sen\u00a0voi antaa asiakkaalle tutustuttavaksi esimerkiksi palvelua sovittaessa.  Yrityksen tulee tarkistaa omavalvontasuunnitelma vuosittain ja p\u00e4ivitt\u00e4\u00e4 aina tilanteen muuttuessa <\/p>\n\n\n\n<p>  <\/p>\n","protected":false},"excerpt":{"rendered":"<p>Palveluntuottajan tulee tehd\u00e4 omavalvontasuunnitelma Valviran antaman m\u00e4\u00e4r\u00e4yksen (1\/2014) mukaisesti 6 kuukauden kuluessa yrityksen perustamisesta. Omavalvontasuunnitelman avulla palveluntuottaja kehitt\u00e4\u00e4 ja seuraa palvelujen laatua toimintayksik\u00f6iden p\u00e4ivitt\u00e4isess\u00e4 toiminnassa. Sosiaali- ja terveydenhuollon palvelujen valvonnassa korostuu palveluntuottajien oma vastuu toiminnan asianmukaisuudesta ja tuottamiensa palvelujen laadusta sek\u00e4 asiakas- ja potilasturvallisuudesta.&nbsp; Omavalvonnan tavoitteena on, ett\u00e4 yrityksen johto&nbsp;ja henkil\u00f6kunta arvioivat yrityksen toimintaa. Laatuun [&hellip;]<\/p>\n","protected":false},"author":668,"featured_media":0,"parent":63,"menu_order":1,"comment_status":"closed","ping_status":"closed","template":"","meta":{"_uag_custom_page_level_css":"","footnotes":""},"class_list":["post-60","page","type-page","status-publish","hentry"],"yoast_head":"<!-- This site is optimized with the Yoast SEO plugin v27.4 - https:\/\/yoast.com\/product\/yoast-seo-wordpress\/ -->\n<title>Omavalvonta - DM haava<\/title>\n<meta name=\"robots\" content=\"index, follow, max-snippet:-1, max-image-preview:large, max-video-preview:-1\" \/>\n<link rel=\"canonical\" href=\"https:\/\/blogit.gradia.fi\/dmhaava\/mita-on-paivystys\/omavalvonta\/\" \/>\n<meta property=\"og:locale\" content=\"fi_FI\" \/>\n<meta property=\"og:type\" content=\"article\" \/>\n<meta property=\"og:title\" content=\"Omavalvonta - DM haava\" \/>\n<meta property=\"og:description\" content=\"Palveluntuottajan tulee tehd\u00e4 omavalvontasuunnitelma Valviran antaman m\u00e4\u00e4r\u00e4yksen (1\/2014) mukaisesti 6 kuukauden kuluessa yrityksen perustamisesta. Omavalvontasuunnitelman avulla palveluntuottaja kehitt\u00e4\u00e4 ja seuraa palvelujen laatua toimintayksik\u00f6iden p\u00e4ivitt\u00e4isess\u00e4 toiminnassa. Sosiaali- ja terveydenhuollon palvelujen valvonnassa korostuu palveluntuottajien oma vastuu toiminnan asianmukaisuudesta ja tuottamiensa palvelujen laadusta sek\u00e4 asiakas- ja potilasturvallisuudesta.&nbsp; Omavalvonnan tavoitteena on, ett\u00e4 yrityksen johto&nbsp;ja henkil\u00f6kunta arvioivat yrityksen toimintaa. Laatuun [&hellip;]\" \/>\n<meta property=\"og:url\" content=\"https:\/\/blogit.gradia.fi\/dmhaava\/mita-on-paivystys\/omavalvonta\/\" \/>\n<meta property=\"og:site_name\" content=\"DM haava\" \/>\n<meta property=\"article:modified_time\" content=\"2020-02-18T14:18:06+00:00\" \/>\n<meta name=\"twitter:card\" content=\"summary_large_image\" \/>\n<meta name=\"twitter:label1\" content=\"Arvioitu lukuaika\" \/>\n\t<meta name=\"twitter:data1\" content=\"1 minuutti\" \/>\n<script type=\"application\/ld+json\" class=\"yoast-schema-graph\">{\"@context\":\"https:\\\/\\\/schema.org\",\"@graph\":[{\"@type\":\"WebPage\",\"@id\":\"https:\\\/\\\/blogit.gradia.fi\\\/dmhaava\\\/mita-on-paivystys\\\/omavalvonta\\\/\",\"url\":\"https:\\\/\\\/blogit.gradia.fi\\\/dmhaava\\\/mita-on-paivystys\\\/omavalvonta\\\/\",\"name\":\"Omavalvonta - DM haava\",\"isPartOf\":{\"@id\":\"https:\\\/\\\/blogit.gradia.fi\\\/dmhaava\\\/#website\"},\"datePublished\":\"2020-02-17T18:11:54+00:00\",\"dateModified\":\"2020-02-18T14:18:06+00:00\",\"breadcrumb\":{\"@id\":\"https:\\\/\\\/blogit.gradia.fi\\\/dmhaava\\\/mita-on-paivystys\\\/omavalvonta\\\/#breadcrumb\"},\"inLanguage\":\"fi\",\"potentialAction\":[{\"@type\":\"ReadAction\",\"target\":[\"https:\\\/\\\/blogit.gradia.fi\\\/dmhaava\\\/mita-on-paivystys\\\/omavalvonta\\\/\"]}]},{\"@type\":\"BreadcrumbList\",\"@id\":\"https:\\\/\\\/blogit.gradia.fi\\\/dmhaava\\\/mita-on-paivystys\\\/omavalvonta\\\/#breadcrumb\",\"itemListElement\":[{\"@type\":\"ListItem\",\"position\":1,\"name\":\"Home\",\"item\":\"https:\\\/\\\/blogit.gradia.fi\\\/dmhaava\\\/\"},{\"@type\":\"ListItem\",\"position\":2,\"name\":\"Mit\u00e4 on P\u00e4ivystys\",\"item\":\"https:\\\/\\\/blogit.gradia.fi\\\/dmhaava\\\/mita-on-paivystys\\\/\"},{\"@type\":\"ListItem\",\"position\":3,\"name\":\"Omavalvonta\"}]},{\"@type\":\"WebSite\",\"@id\":\"https:\\\/\\\/blogit.gradia.fi\\\/dmhaava\\\/#website\",\"url\":\"https:\\\/\\\/blogit.gradia.fi\\\/dmhaava\\\/\",\"name\":\"DM haava\",\"description\":\"Uusi Gradia-blogit-sivustot -sivusto\",\"potentialAction\":[{\"@type\":\"SearchAction\",\"target\":{\"@type\":\"EntryPoint\",\"urlTemplate\":\"https:\\\/\\\/blogit.gradia.fi\\\/dmhaava\\\/?s={search_term_string}\"},\"query-input\":{\"@type\":\"PropertyValueSpecification\",\"valueRequired\":true,\"valueName\":\"search_term_string\"}}],\"inLanguage\":\"fi\"}]}<\/script>\n<!-- \/ Yoast SEO plugin. -->","yoast_head_json":{"title":"Omavalvonta - DM haava","robots":{"index":"index","follow":"follow","max-snippet":"max-snippet:-1","max-image-preview":"max-image-preview:large","max-video-preview":"max-video-preview:-1"},"canonical":"https:\/\/blogit.gradia.fi\/dmhaava\/mita-on-paivystys\/omavalvonta\/","og_locale":"fi_FI","og_type":"article","og_title":"Omavalvonta - DM haava","og_description":"Palveluntuottajan tulee tehd\u00e4 omavalvontasuunnitelma Valviran antaman m\u00e4\u00e4r\u00e4yksen (1\/2014) mukaisesti 6 kuukauden kuluessa yrityksen perustamisesta. Omavalvontasuunnitelman avulla palveluntuottaja kehitt\u00e4\u00e4 ja seuraa palvelujen laatua toimintayksik\u00f6iden p\u00e4ivitt\u00e4isess\u00e4 toiminnassa. Sosiaali- ja terveydenhuollon palvelujen valvonnassa korostuu palveluntuottajien oma vastuu toiminnan asianmukaisuudesta ja tuottamiensa palvelujen laadusta sek\u00e4 asiakas- ja potilasturvallisuudesta.&nbsp; Omavalvonnan tavoitteena on, ett\u00e4 yrityksen johto&nbsp;ja henkil\u00f6kunta arvioivat yrityksen toimintaa. Laatuun [&hellip;]","og_url":"https:\/\/blogit.gradia.fi\/dmhaava\/mita-on-paivystys\/omavalvonta\/","og_site_name":"DM haava","article_modified_time":"2020-02-18T14:18:06+00:00","twitter_card":"summary_large_image","twitter_misc":{"Arvioitu lukuaika":"1 minuutti"},"schema":{"@context":"https:\/\/schema.org","@graph":[{"@type":"WebPage","@id":"https:\/\/blogit.gradia.fi\/dmhaava\/mita-on-paivystys\/omavalvonta\/","url":"https:\/\/blogit.gradia.fi\/dmhaava\/mita-on-paivystys\/omavalvonta\/","name":"Omavalvonta - DM haava","isPartOf":{"@id":"https:\/\/blogit.gradia.fi\/dmhaava\/#website"},"datePublished":"2020-02-17T18:11:54+00:00","dateModified":"2020-02-18T14:18:06+00:00","breadcrumb":{"@id":"https:\/\/blogit.gradia.fi\/dmhaava\/mita-on-paivystys\/omavalvonta\/#breadcrumb"},"inLanguage":"fi","potentialAction":[{"@type":"ReadAction","target":["https:\/\/blogit.gradia.fi\/dmhaava\/mita-on-paivystys\/omavalvonta\/"]}]},{"@type":"BreadcrumbList","@id":"https:\/\/blogit.gradia.fi\/dmhaava\/mita-on-paivystys\/omavalvonta\/#breadcrumb","itemListElement":[{"@type":"ListItem","position":1,"name":"Home","item":"https:\/\/blogit.gradia.fi\/dmhaava\/"},{"@type":"ListItem","position":2,"name":"Mit\u00e4 on P\u00e4ivystys","item":"https:\/\/blogit.gradia.fi\/dmhaava\/mita-on-paivystys\/"},{"@type":"ListItem","position":3,"name":"Omavalvonta"}]},{"@type":"WebSite","@id":"https:\/\/blogit.gradia.fi\/dmhaava\/#website","url":"https:\/\/blogit.gradia.fi\/dmhaava\/","name":"DM haava","description":"Uusi Gradia-blogit-sivustot -sivusto","potentialAction":[{"@type":"SearchAction","target":{"@type":"EntryPoint","urlTemplate":"https:\/\/blogit.gradia.fi\/dmhaava\/?s={search_term_string}"},"query-input":{"@type":"PropertyValueSpecification","valueRequired":true,"valueName":"search_term_string"}}],"inLanguage":"fi"}]}},"uagb_featured_image_src":{"full":false,"thumbnail":false,"medium":false,"medium_large":false,"large":false,"1536x1536":false,"2048x2048":false,"post-thumbnail":false,"twentytwenty-fullscreen":false},"uagb_author_info":{"display_name":"Henry Tuimala","author_link":"https:\/\/blogit.gradia.fi\/dmhaava\/author\/gr242771\/"},"uagb_comment_info":0,"uagb_excerpt":"Palveluntuottajan tulee tehd\u00e4 omavalvontasuunnitelma Valviran antaman m\u00e4\u00e4r\u00e4yksen (1\/2014) mukaisesti 6 kuukauden kuluessa yrityksen perustamisesta. Omavalvontasuunnitelman avulla palveluntuottaja kehitt\u00e4\u00e4 ja seuraa palvelujen laatua toimintayksik\u00f6iden p\u00e4ivitt\u00e4isess\u00e4 toiminnassa. Sosiaali- ja terveydenhuollon palvelujen valvonnassa korostuu palveluntuottajien oma vastuu toiminnan asianmukaisuudesta ja tuottamiensa palvelujen laadusta sek\u00e4 asiakas- ja potilasturvallisuudesta.&nbsp; Omavalvonnan tavoitteena on, ett\u00e4 yrityksen johto&nbsp;ja henkil\u00f6kunta arvioivat yrityksen toimintaa. Laatuun&hellip;","_links":{"self":[{"href":"https:\/\/blogit.gradia.fi\/dmhaava\/wp-json\/wp\/v2\/pages\/60","targetHints":{"allow":["GET"]}}],"collection":[{"href":"https:\/\/blogit.gradia.fi\/dmhaava\/wp-json\/wp\/v2\/pages"}],"about":[{"href":"https:\/\/blogit.gradia.fi\/dmhaava\/wp-json\/wp\/v2\/types\/page"}],"author":[{"embeddable":true,"href":"https:\/\/blogit.gradia.fi\/dmhaava\/wp-json\/wp\/v2\/users\/668"}],"replies":[{"embeddable":true,"href":"https:\/\/blogit.gradia.fi\/dmhaava\/wp-json\/wp\/v2\/comments?post=60"}],"version-history":[{"count":1,"href":"https:\/\/blogit.gradia.fi\/dmhaava\/wp-json\/wp\/v2\/pages\/60\/revisions"}],"predecessor-version":[{"id":61,"href":"https:\/\/blogit.gradia.fi\/dmhaava\/wp-json\/wp\/v2\/pages\/60\/revisions\/61"}],"up":[{"embeddable":true,"href":"https:\/\/blogit.gradia.fi\/dmhaava\/wp-json\/wp\/v2\/pages\/63"}],"wp:attachment":[{"href":"https:\/\/blogit.gradia.fi\/dmhaava\/wp-json\/wp\/v2\/media?parent=60"}],"curies":[{"name":"wp","href":"https:\/\/api.w.org\/{rel}","templated":true}]}}