{"id":27,"date":"2020-02-04T10:18:44","date_gmt":"2020-02-04T08:18:44","guid":{"rendered":"https:\/\/blogit.gradia.fi\/dmhaava\/?page_id=27"},"modified":"2020-02-17T20:40:43","modified_gmt":"2020-02-17T18:40:43","slug":"tietosuoja-ja-eettiset-periaatteet","status":"publish","type":"page","link":"https:\/\/blogit.gradia.fi\/dmhaava\/tietosuoja-ja-eettiset-periaatteet\/","title":{"rendered":"Tietosuoja ja eettiset periaatteet"},"content":{"rendered":"\n<h2 class=\"wp-block-heading\">Tietosuoja<\/h2>\n\n\n\n<p>Salassapitovelvollisuus on ikuinen. Se s\u00e4ilyy ammatinharjoittamisen p\u00e4\u00e4ttymisen ja ammatin vaihtamisen j\u00e4lkeenkin. (Laki terveydenhuollon ammattihenkil\u00f6ist\u00e4 1994,  <\/p>\n\n\n\n<p>Se s\u00e4ilyy ammatinharjoittamisen p\u00e4\u00e4ttymisen ja ammatin vaihtamisen j\u00e4lkeenkin. (Laki terveydenhuollon ammattihenkil\u00f6ist\u00e4 1994, 17 \u00a7; ) Salassapitovelvollisuuteen on suhtauduttava huolella ja vakavuudella. Kotisaaren ja Kukkolan,) mielest\u00e4 hyv\u00e4 ohjenuora on, ett\u00e4 terveydenhuollon ammattihenkil\u00f6t ja muut potilaan hoitoon osallistuvat eiv\u00e4t puhu potilaan asioista ulkopuolisille mit\u00e4\u00e4n, vaikka tieto olisi levinnyt ty\u00f6n ulkopuolelle. T\u00e4llainen tilanne voi olla, jos terveydenhuollon yksik\u00f6ss\u00e4 on hoidettavana julkisuudenhenkil\u00f6 ja tieto siit\u00e4 on tiedotusv\u00e4lineiss\u00e4. Salassapitovelvollisuudella on kolme muotoa: asia-kirjasalaisuus, vaitiolovelvollisuus sek\u00e4 tietojen hyv\u00e4ksik\u00e4ytt\u00f6kielto (Laki viranomaisten toiminnan julkisuudesta 1999, 22\u201323 \u00a7). Asiakirjasalaisuus tarkoittaa, ett\u00e4 salassa pidett\u00e4vi\u00e4 asiakirjoja tai niiden kopioita ei saa luovuttaa tai n\u00e4ytt\u00e4\u00e4 sivullisille. Asiakirjoja ei saa my\u00f6sk\u00e4\u00e4n antaa teknisen k\u00e4ytt\u00f6yhteyden tai muun avulla sivullisten k\u00e4ytett\u00e4viksi. Tekniseksi k\u00e4ytt\u00f6yhteydeksi luokitellaan esimerkiksi s\u00e4hk\u00f6posti (H\u00e4m\u00e4l\u00e4inen 2012). S\u00e4hk\u00f6posti on suojaamaton yhteys ja sen vuoksi sen v\u00e4lityksell\u00e4 ei saa l\u00e4hett\u00e4\u00e4 salassa pidett\u00e4vi\u00e4 tietoja. Vaitiolovelvollisuudella tarkoitetaan kieltoa paljastaa salassa pidett\u00e4v\u00e4\u00e4 seikkaa. Vaitiolovelvollisuus on asiakirjasalaisuutta laajempi. Se kattaa my\u00f6s tiedot, joita ei ole merkitty potilasasiakirjoihin, esimerkiksi suullisesti tai omien havaintojen perusteella saadut tiedot. T\u00e4m\u00e4n perusteella my\u00f6s potilaan n\u00e4keminen terveydenhuoltoyksik\u00f6n k\u00e4yt\u00e4v\u00e4ll\u00e4 on salassa pidett\u00e4v\u00e4\u00e4.  Vaitiolovelvollisuus s\u00e4ilyy ty\u00f6suhteen p\u00e4\u00e4ttymisen j\u00e4lkeenkin.<\/p>\n\n\n\n<p>11 Hyv\u00e4ksik\u00e4ytt\u00f6kielto tarkoittaa, ett\u00e4 salassa\npidett\u00e4vi\u00e4 tietoja ei saa k\u00e4ytt\u00e4\u00e4 omaksi tai toisen hy\u00f6dyksi taikka toisen\nvahingoksi. T\u00e4m\u00e4 tarkoittaa, ett\u00e4 hoitosuhteessa saatuja tietoja ei saa k\u00e4ytt\u00e4\u00e4\nesimerkiksi viranhakutilanteessa.<\/p>\n\n\n\n<figure class=\"wp-block-embed-youtube wp-block-embed is-type-video is-provider-youtube wp-embed-aspect-16-9 wp-has-aspect-ratio\"><div class=\"wp-block-embed__wrapper\">\n<iframe loading=\"lazy\" title=\"Potilaan tietosuoja yhteispa\u0308ivystyksessa\u0308\" width=\"580\" height=\"326\" src=\"https:\/\/www.youtube.com\/embed\/5JlXe20lwS4?feature=oembed\" frameborder=\"0\" allow=\"accelerometer; autoplay; clipboard-write; encrypted-media; gyroscope; picture-in-picture; web-share\" referrerpolicy=\"strict-origin-when-cross-origin\" allowfullscreen><\/iframe>\n<\/div><\/figure>\n\n\n\n<h2 class=\"wp-block-heading\">Etiikka<\/h2>\n\n\n\n<p>Ammattietiikka\nkuvaa ammatin yhteiskunnallisen teht\u00e4v\u00e4n ja siihen kuuluvat eettiset\nperiaatteet. Ty\u00f6t\u00e4 ohjaavat keskeiset periaatteet ovat el\u00e4m\u00e4n ja ihmisarvon\nkunnioittaminen, itsem\u00e4\u00e4r\u00e4\u00e4misoikeus, oikeudenmukaisuus ja tasa-arvo, joihin\nperustuu alan ammattietiikka. Etiikka kuvaa ja perustelee hyvi\u00e4 ja oikeita\ntapoja el\u00e4\u00e4 ja toimia maailmassa, jonka ihminen jakaa muiden kanssa. Etiikka\nkoostuu ihanteista, arvoista ja periaatteista, jotka koskevat hyv\u00e4\u00e4 ja pahaa,\noikea ja v\u00e4\u00e4r\u00e4\u00e4. Sen teht\u00e4v\u00e4n\u00e4 on auttaa tekem\u00e4\u00e4n valintoja, ohjaamaan ja\narvioimaan omaa ja toisten toimintaa sek\u00e4 tutkimaan toimintansa perusteita.\nEtiikka ei anna valmiita ratkaisuja, vaan tarjoaa ajattelun ja pohtimisen\nv\u00e4lineit\u00e4. Monet k\u00e4sitykset hyv\u00e4st\u00e4 ja pahasta, oikeasta ja v\u00e4\u00e4r\u00e4st\u00e4 ovat\nyleismaailmallisia, mutta niiden painotukset ja tulkinnat vaihtelevat\nkulttuurista toiseen ja poliittisten tilanteiden mukaan.<\/p>\n\n\n\n<p>Hoitoty\u00f6n\narvopohjan ja identiteetin omaksuminen ja sen mukaan toimiminen vaatii\nmoraalista rohkeutta, kehittyv\u00e4\u00e4 kasvavaa itsen\u00e4ist\u00e4 toimijuutta ja\nasiantuntijuutta. Moraalisen rohkeuden 7 ominaispiirrett\u00e4 hoitoty\u00f6ss\u00e4<\/p>\n\n\n\n<p>ARVOT:<\/p>\n\n\n\n<ul class=\"wp-block-list\"><li>Aito l\u00e4sn\u00e4olo <\/li><li>Moraalinen lahjomattomuus <\/li><li>Vastuullisuus <\/li><li>Rehellisyys <\/li><li>Potilaan puolustaminen <\/li><li>Sitoutuminen hyv\u00e4\u00e4n hoitoon <\/li><li>Henkil\u00f6kohtainen riskinotto<\/li><\/ul>\n","protected":false},"excerpt":{"rendered":"<p>Tietosuoja Salassapitovelvollisuus on ikuinen. Se s\u00e4ilyy ammatinharjoittamisen p\u00e4\u00e4ttymisen ja ammatin vaihtamisen j\u00e4lkeenkin. (Laki terveydenhuollon ammattihenkil\u00f6ist\u00e4 1994, Se s\u00e4ilyy ammatinharjoittamisen p\u00e4\u00e4ttymisen ja ammatin vaihtamisen j\u00e4lkeenkin. (Laki terveydenhuollon ammattihenkil\u00f6ist\u00e4 1994, 17 \u00a7; ) Salassapitovelvollisuuteen on suhtauduttava huolella ja vakavuudella. Kotisaaren ja Kukkolan,) mielest\u00e4 hyv\u00e4 ohjenuora on, ett\u00e4 terveydenhuollon ammattihenkil\u00f6t ja muut potilaan hoitoon osallistuvat eiv\u00e4t puhu potilaan [&hellip;]<\/p>\n","protected":false},"author":668,"featured_media":0,"parent":0,"menu_order":0,"comment_status":"closed","ping_status":"closed","template":"","meta":{"_uag_custom_page_level_css":"","footnotes":""},"class_list":["post-27","page","type-page","status-publish","hentry"],"yoast_head":"<!-- This site is optimized with the Yoast SEO plugin v27.4 - https:\/\/yoast.com\/product\/yoast-seo-wordpress\/ -->\n<title>Tietosuoja ja eettiset periaatteet - DM haava<\/title>\n<meta name=\"robots\" content=\"index, follow, max-snippet:-1, max-image-preview:large, max-video-preview:-1\" \/>\n<link rel=\"canonical\" href=\"https:\/\/blogit.gradia.fi\/dmhaava\/tietosuoja-ja-eettiset-periaatteet\/\" \/>\n<meta property=\"og:locale\" content=\"fi_FI\" \/>\n<meta property=\"og:type\" content=\"article\" \/>\n<meta property=\"og:title\" content=\"Tietosuoja ja eettiset periaatteet - DM haava\" \/>\n<meta property=\"og:description\" content=\"Tietosuoja Salassapitovelvollisuus on ikuinen. Se s\u00e4ilyy ammatinharjoittamisen p\u00e4\u00e4ttymisen ja ammatin vaihtamisen j\u00e4lkeenkin. (Laki terveydenhuollon ammattihenkil\u00f6ist\u00e4 1994, Se s\u00e4ilyy ammatinharjoittamisen p\u00e4\u00e4ttymisen ja ammatin vaihtamisen j\u00e4lkeenkin. (Laki terveydenhuollon ammattihenkil\u00f6ist\u00e4 1994, 17 \u00a7; ) Salassapitovelvollisuuteen on suhtauduttava huolella ja vakavuudella. Kotisaaren ja Kukkolan,) mielest\u00e4 hyv\u00e4 ohjenuora on, ett\u00e4 terveydenhuollon ammattihenkil\u00f6t ja muut potilaan hoitoon osallistuvat eiv\u00e4t puhu potilaan [&hellip;]\" \/>\n<meta property=\"og:url\" content=\"https:\/\/blogit.gradia.fi\/dmhaava\/tietosuoja-ja-eettiset-periaatteet\/\" \/>\n<meta property=\"og:site_name\" content=\"DM haava\" \/>\n<meta property=\"article:modified_time\" content=\"2020-02-17T18:40:43+00:00\" \/>\n<meta name=\"twitter:card\" content=\"summary_large_image\" \/>\n<meta name=\"twitter:label1\" content=\"Arvioitu lukuaika\" \/>\n\t<meta name=\"twitter:data1\" content=\"2 minuuttia\" \/>\n<script type=\"application\/ld+json\" class=\"yoast-schema-graph\">{\"@context\":\"https:\\\/\\\/schema.org\",\"@graph\":[{\"@type\":\"WebPage\",\"@id\":\"https:\\\/\\\/blogit.gradia.fi\\\/dmhaava\\\/tietosuoja-ja-eettiset-periaatteet\\\/\",\"url\":\"https:\\\/\\\/blogit.gradia.fi\\\/dmhaava\\\/tietosuoja-ja-eettiset-periaatteet\\\/\",\"name\":\"Tietosuoja ja eettiset periaatteet - DM haava\",\"isPartOf\":{\"@id\":\"https:\\\/\\\/blogit.gradia.fi\\\/dmhaava\\\/#website\"},\"datePublished\":\"2020-02-04T08:18:44+00:00\",\"dateModified\":\"2020-02-17T18:40:43+00:00\",\"breadcrumb\":{\"@id\":\"https:\\\/\\\/blogit.gradia.fi\\\/dmhaava\\\/tietosuoja-ja-eettiset-periaatteet\\\/#breadcrumb\"},\"inLanguage\":\"fi\",\"potentialAction\":[{\"@type\":\"ReadAction\",\"target\":[\"https:\\\/\\\/blogit.gradia.fi\\\/dmhaava\\\/tietosuoja-ja-eettiset-periaatteet\\\/\"]}]},{\"@type\":\"BreadcrumbList\",\"@id\":\"https:\\\/\\\/blogit.gradia.fi\\\/dmhaava\\\/tietosuoja-ja-eettiset-periaatteet\\\/#breadcrumb\",\"itemListElement\":[{\"@type\":\"ListItem\",\"position\":1,\"name\":\"Home\",\"item\":\"https:\\\/\\\/blogit.gradia.fi\\\/dmhaava\\\/\"},{\"@type\":\"ListItem\",\"position\":2,\"name\":\"Tietosuoja ja eettiset periaatteet\"}]},{\"@type\":\"WebSite\",\"@id\":\"https:\\\/\\\/blogit.gradia.fi\\\/dmhaava\\\/#website\",\"url\":\"https:\\\/\\\/blogit.gradia.fi\\\/dmhaava\\\/\",\"name\":\"DM haava\",\"description\":\"Uusi Gradia-blogit-sivustot -sivusto\",\"potentialAction\":[{\"@type\":\"SearchAction\",\"target\":{\"@type\":\"EntryPoint\",\"urlTemplate\":\"https:\\\/\\\/blogit.gradia.fi\\\/dmhaava\\\/?s={search_term_string}\"},\"query-input\":{\"@type\":\"PropertyValueSpecification\",\"valueRequired\":true,\"valueName\":\"search_term_string\"}}],\"inLanguage\":\"fi\"}]}<\/script>\n<!-- \/ Yoast SEO plugin. -->","yoast_head_json":{"title":"Tietosuoja ja eettiset periaatteet - DM haava","robots":{"index":"index","follow":"follow","max-snippet":"max-snippet:-1","max-image-preview":"max-image-preview:large","max-video-preview":"max-video-preview:-1"},"canonical":"https:\/\/blogit.gradia.fi\/dmhaava\/tietosuoja-ja-eettiset-periaatteet\/","og_locale":"fi_FI","og_type":"article","og_title":"Tietosuoja ja eettiset periaatteet - DM haava","og_description":"Tietosuoja Salassapitovelvollisuus on ikuinen. Se s\u00e4ilyy ammatinharjoittamisen p\u00e4\u00e4ttymisen ja ammatin vaihtamisen j\u00e4lkeenkin. (Laki terveydenhuollon ammattihenkil\u00f6ist\u00e4 1994, Se s\u00e4ilyy ammatinharjoittamisen p\u00e4\u00e4ttymisen ja ammatin vaihtamisen j\u00e4lkeenkin. (Laki terveydenhuollon ammattihenkil\u00f6ist\u00e4 1994, 17 \u00a7; ) Salassapitovelvollisuuteen on suhtauduttava huolella ja vakavuudella. Kotisaaren ja Kukkolan,) mielest\u00e4 hyv\u00e4 ohjenuora on, ett\u00e4 terveydenhuollon ammattihenkil\u00f6t ja muut potilaan hoitoon osallistuvat eiv\u00e4t puhu potilaan [&hellip;]","og_url":"https:\/\/blogit.gradia.fi\/dmhaava\/tietosuoja-ja-eettiset-periaatteet\/","og_site_name":"DM haava","article_modified_time":"2020-02-17T18:40:43+00:00","twitter_card":"summary_large_image","twitter_misc":{"Arvioitu lukuaika":"2 minuuttia"},"schema":{"@context":"https:\/\/schema.org","@graph":[{"@type":"WebPage","@id":"https:\/\/blogit.gradia.fi\/dmhaava\/tietosuoja-ja-eettiset-periaatteet\/","url":"https:\/\/blogit.gradia.fi\/dmhaava\/tietosuoja-ja-eettiset-periaatteet\/","name":"Tietosuoja ja eettiset periaatteet - DM haava","isPartOf":{"@id":"https:\/\/blogit.gradia.fi\/dmhaava\/#website"},"datePublished":"2020-02-04T08:18:44+00:00","dateModified":"2020-02-17T18:40:43+00:00","breadcrumb":{"@id":"https:\/\/blogit.gradia.fi\/dmhaava\/tietosuoja-ja-eettiset-periaatteet\/#breadcrumb"},"inLanguage":"fi","potentialAction":[{"@type":"ReadAction","target":["https:\/\/blogit.gradia.fi\/dmhaava\/tietosuoja-ja-eettiset-periaatteet\/"]}]},{"@type":"BreadcrumbList","@id":"https:\/\/blogit.gradia.fi\/dmhaava\/tietosuoja-ja-eettiset-periaatteet\/#breadcrumb","itemListElement":[{"@type":"ListItem","position":1,"name":"Home","item":"https:\/\/blogit.gradia.fi\/dmhaava\/"},{"@type":"ListItem","position":2,"name":"Tietosuoja ja eettiset periaatteet"}]},{"@type":"WebSite","@id":"https:\/\/blogit.gradia.fi\/dmhaava\/#website","url":"https:\/\/blogit.gradia.fi\/dmhaava\/","name":"DM haava","description":"Uusi Gradia-blogit-sivustot -sivusto","potentialAction":[{"@type":"SearchAction","target":{"@type":"EntryPoint","urlTemplate":"https:\/\/blogit.gradia.fi\/dmhaava\/?s={search_term_string}"},"query-input":{"@type":"PropertyValueSpecification","valueRequired":true,"valueName":"search_term_string"}}],"inLanguage":"fi"}]}},"uagb_featured_image_src":{"full":false,"thumbnail":false,"medium":false,"medium_large":false,"large":false,"1536x1536":false,"2048x2048":false,"post-thumbnail":false,"twentytwenty-fullscreen":false},"uagb_author_info":{"display_name":"Henry Tuimala","author_link":"https:\/\/blogit.gradia.fi\/dmhaava\/author\/gr242771\/"},"uagb_comment_info":0,"uagb_excerpt":"Tietosuoja Salassapitovelvollisuus on ikuinen. Se s\u00e4ilyy ammatinharjoittamisen p\u00e4\u00e4ttymisen ja ammatin vaihtamisen j\u00e4lkeenkin. (Laki terveydenhuollon ammattihenkil\u00f6ist\u00e4 1994, Se s\u00e4ilyy ammatinharjoittamisen p\u00e4\u00e4ttymisen ja ammatin vaihtamisen j\u00e4lkeenkin. (Laki terveydenhuollon ammattihenkil\u00f6ist\u00e4 1994, 17 \u00a7; ) Salassapitovelvollisuuteen on suhtauduttava huolella ja vakavuudella. Kotisaaren ja Kukkolan,) mielest\u00e4 hyv\u00e4 ohjenuora on, ett\u00e4 terveydenhuollon ammattihenkil\u00f6t ja muut potilaan hoitoon osallistuvat eiv\u00e4t puhu potilaan&hellip;","_links":{"self":[{"href":"https:\/\/blogit.gradia.fi\/dmhaava\/wp-json\/wp\/v2\/pages\/27","targetHints":{"allow":["GET"]}}],"collection":[{"href":"https:\/\/blogit.gradia.fi\/dmhaava\/wp-json\/wp\/v2\/pages"}],"about":[{"href":"https:\/\/blogit.gradia.fi\/dmhaava\/wp-json\/wp\/v2\/types\/page"}],"author":[{"embeddable":true,"href":"https:\/\/blogit.gradia.fi\/dmhaava\/wp-json\/wp\/v2\/users\/668"}],"replies":[{"embeddable":true,"href":"https:\/\/blogit.gradia.fi\/dmhaava\/wp-json\/wp\/v2\/comments?post=27"}],"version-history":[{"count":3,"href":"https:\/\/blogit.gradia.fi\/dmhaava\/wp-json\/wp\/v2\/pages\/27\/revisions"}],"predecessor-version":[{"id":69,"href":"https:\/\/blogit.gradia.fi\/dmhaava\/wp-json\/wp\/v2\/pages\/27\/revisions\/69"}],"wp:attachment":[{"href":"https:\/\/blogit.gradia.fi\/dmhaava\/wp-json\/wp\/v2\/media?parent=27"}],"curies":[{"name":"wp","href":"https:\/\/api.w.org\/{rel}","templated":true}]}}