{"id":20,"date":"2020-02-04T10:21:02","date_gmt":"2020-02-04T08:21:02","guid":{"rendered":"https:\/\/blogit.gradia.fi\/dmhaava\/?page_id=20"},"modified":"2020-02-19T09:18:10","modified_gmt":"2020-02-19T07:18:10","slug":"mika-on-hoitoketju","status":"publish","type":"page","link":"https:\/\/blogit.gradia.fi\/dmhaava\/mika-on-hoitoketju\/","title":{"rendered":"Hoitoketju"},"content":{"rendered":"\n<p>Hoitoketjut ovat ammatilliseen k\u00e4ytt\u00f6\u00f6n suunniteltuja alueellisia toimintamalleja, joiden tavoitteena on tunnistaa oikea-aikaisesti&nbsp; sairauksia, sujuvoittaa hoitoa sek\u00e4 yhten\u00e4ist\u00e4\u00e4 l\u00e4hetek\u00e4yt\u00e4nt\u00f6j\u00e4. Potilaan itse on todenn\u00e4k\u00f6isesti vaikea ymm\u00e4rt\u00e4\u00e4 hoitoketjun laajuutta ja siihen liittyvi\u00e4 eri tekij\u00f6it\u00e4.<\/p>\n\n\n\n<figure class=\"wp-block-image size-large is-resized\"><img loading=\"lazy\" decoding=\"async\" src=\"https:\/\/blogit.gradia.fi\/dmhaava\/wp-content\/uploads\/sites\/160\/2020\/02\/hoitopolku.png\" alt=\"\" class=\"wp-image-46\" width=\"914\" height=\"585\" srcset=\"https:\/\/blogit.gradia.fi\/dmhaava\/wp-content\/uploads\/sites\/160\/2020\/02\/hoitopolku.png 796w, https:\/\/blogit.gradia.fi\/dmhaava\/wp-content\/uploads\/sites\/160\/2020\/02\/hoitopolku-300x192.png 300w, https:\/\/blogit.gradia.fi\/dmhaava\/wp-content\/uploads\/sites\/160\/2020\/02\/hoitopolku-768x492.png 768w\" sizes=\"auto, (max-width: 914px) 100vw, 914px\" \/><\/figure>\n\n\n\n<p><\/p>\n\n\n\n<h2 class=\"wp-block-heading\">Helgan hoitopolku<\/h2>\n\n\n\n<p>Helga hakeutuu TK p\u00e4ivystykseen tytt\u00e4rens\u00e4 kanssa, kipeytyneiden jalkojen vuoksi. Helga ottaa vuoronumeron ja j\u00e4\u00e4 odottamaan tytt\u00e4rens\u00e4 kanssa k\u00e4yt\u00e4v\u00e4lle vuoroansa.<\/p>\n\n\n\n<p>Triagehoitaja aloittaa Hoidon kiireellisyyden arvioinnin saamiensa tietojen perusteella, ja valitsee hoitolinjan. Helgan tapauksessa h\u00e4n menee ensin sairaanhoitajan vastaanotolle. Sairaanhoitajan vastaanotolla jalkakivun syyksi l\u00f6ytyy s\u00e4\u00e4rihaava. Sairaanhoitaja huomaa haavan olevan n. 5cm kokoinen, ei nekroosia mutta kellert\u00e4v\u00e4n katteen peitossa. Haavan ymp\u00e4rys on l\u00e4mmin\/punoittava ja haava eritt\u00e4\u00e4 kohtalaisesti kudosnestett\u00e4. molemmissa jaloissa selke\u00e4t turvoitukset.<\/p>\n\n\n\n<p>Mittaukset <\/p>\n\n\n\n<ul class=\"wp-block-list\"><li>RR: istualteen 140\/86 P. 85<\/li><\/ul>\n\n\n\n<ul class=\"wp-block-list\"><li>SPo2: 96<\/li><li>HT\/ HF: 20<\/li><li>VS: 8.8<\/li><li>L\u00e4mp\u00f6 korvasta 37.6<\/li><li>GCS: 4,5,6<\/li><li>Alko 0.0<\/li><\/ul>\n\n\n\n<p>Hoitaja ottaa vastaanotollaan pika CRP:n joka on 85<\/p>\n\n\n\n<p>Tyt\u00e4r kertoo \u00e4itins\u00e4 kuvaavan jalan kipua polttavana ja jomottavana. Oireet jalkakivusta alkaneet n. pariviikkoa sitten.<\/p>\n\n\n\n<p>Kysytt\u00e4ess\u00e4 Eiv\u00e4t osaa kertoa mist\u00e4 jalan haavauma on tullut. Jaloissa huomattavaa turvotusta. Hengitys\u00e4\u00e4niss\u00e4 hieman rohinaa oikealla alalohkossa. <\/p>\n\n\n\n<p>Hoitajan arvio on ohjata Helga L\u00e4\u00e4k\u00e4rille. Helgan tyt\u00e4r joutuu kuitenkin l\u00e4htem\u00e4\u00e4n t\u00f6ihin. Helga otetaan Seurantapaikalle odottamaan l\u00e4\u00e4k\u00e4rin arviota jatkohoidosta. Helga ei p\u00e4rj\u00e4\u00e4 yksin aulassa ja istuminen ei ole hyv\u00e4ksi potilaan tilanteen huomioiden. Seurantapaikalla otetaan bakteeriviljely valmiiksi haavasta ja hoitaja tekee l\u00e4hetteen bakteeriviljelyst\u00e4 ja odotetaan tuloksen valmistumista. <\/p>\n\n\n\n<p>L\u00e4\u00e4k\u00e4ri tulee arvioimaan potillaan tilannetta. l\u00e4\u00e4k\u00e4ri m\u00e4\u00e4r\u00e4\u00e4 aloitettavaksi I.V antibiootin, ja k\u00e4skee hoitajien avaamaan potilaalle i.v yhteyden. <\/p>\n\n\n\n<figure class=\"wp-block-embed-youtube wp-block-embed is-type-video is-provider-youtube wp-embed-aspect-4-3 wp-has-aspect-ratio\"><div class=\"wp-block-embed__wrapper\">\n<iframe loading=\"lazy\" title=\"Kanylointi\" width=\"580\" height=\"435\" src=\"https:\/\/www.youtube.com\/embed\/AUYzL9ZDyKU?feature=oembed\" frameborder=\"0\" allow=\"accelerometer; autoplay; clipboard-write; encrypted-media; gyroscope; picture-in-picture; web-share\" referrerpolicy=\"strict-origin-when-cross-origin\" allowfullscreen><\/iframe>\n<\/div><\/figure>\n\n\n\n<p>labroista potilaasta otetaan PVK. <\/p>\n\n\n\n<figure class=\"wp-block-embed-youtube wp-block-embed is-type-video is-provider-youtube wp-embed-aspect-16-9 wp-has-aspect-ratio\"><div class=\"wp-block-embed__wrapper\">\n<iframe loading=\"lazy\" title=\"Opetusvideo laskimoverin\u00e4ytteenotosta sairaanhoitajaopiskelijoille\" width=\"580\" height=\"326\" src=\"https:\/\/www.youtube.com\/embed\/dtYpTiq27Vo?feature=oembed\" frameborder=\"0\" allow=\"accelerometer; autoplay; clipboard-write; encrypted-media; gyroscope; picture-in-picture; web-share\" referrerpolicy=\"strict-origin-when-cross-origin\" allowfullscreen><\/iframe>\n<\/div><\/figure>\n\n\n\n<p> (<strong>Perusverenkuva antaa yleiskuvan verisoluista ja hemoglobiinista.)<\/strong><\/p>\n\n\n\n<p><strong> Hemoglobiini (B-Hb)   <\/strong><\/p>\n\n\n\n<ul class=\"wp-block-list\"><li>Miehet: 134\u2013167 g\/l<\/li><li>Naiset: 117\u2013155 g\/l<\/li><\/ul>\n\n\n\n<p><strong> (B-Eryt) ja hematokriitti (B-Hkr) <\/strong>  B-Eryt-arvoa ei juuri tarvita l\u00e4\u00e4k\u00e4rin ty\u00f6ss\u00e4, sill\u00e4 hemoglobiini kertoo  k\u00e4yt\u00e4nn\u00f6ss\u00e4 saman, mutta sit\u00e4 k\u00e4ytet\u00e4\u00e4n &#8221;punasoluindeksien&#8221; laskemiseen<\/p>\n\n\n\n<ul class=\"wp-block-list\"><li>Miehet: 4,25\u20135,70 \u00d7 E12\/l<\/li><li>Naiset: 3,90\u20135,20 \u00d7 E12\/l<\/li><\/ul>\n\n\n\n<p><strong> Punasoluindeksit<\/strong><\/p>\n\n\n\n<ul class=\"wp-block-list\"><li>Punasolujen keskitilavuus (E-MCV)   MCV ilmoittaa punasolujen tilavuuden eli koon. viitearvo: 82\u201398 fl  (fl= femmolitra) on 0.000000000000001 litraa. Punasolut ovat siis tavattoman pieni\u00e4.  <\/li><li>Punasolujen keskim\u00e4\u00e4r\u00e4inen hemoglobiinin m\u00e4\u00e4r\u00e4 (E-MCH)   viitearvo: 27\u201333 pg <\/li><li>Punasolujen keskim\u00e4\u00e4r\u00e4inen hemoglobiinin konsentraatio (E-MCHC) viitearvo:  320\u2013355 g\/l <\/li><li>Punasolujen koon vaihtelu (E-RDW) viitearvo:  <\/li><li>Naiset alle 15 %<\/li><li>Miehet alle 14 % <\/li><\/ul>\n\n\n\n<p>   <strong>Punasoluindeksit antavat tarkempaa tietoa anemioista  <\/strong><\/p>\n\n\n\n<p> <strong>Valkosolut (B-Leuk) <\/strong>  Valkosolujen eli leukosyyttien teht\u00e4v\u00e4 on ennen kaikkea erilaisten  tulehdusten torjunta. Etenkin bakteeritulehduksissa elimist\u00f6 lis\u00e4\u00e4  valkosolujen tuotantoa, jolloin veren valkosolum\u00e4\u00e4r\u00e4 suurenee.  <\/p>\n\n\n\n<ul class=\"wp-block-list\"><li>3.4\u20138.2 E9\/l <\/li><\/ul>\n\n\n\n<p><strong> Trombosyytit (B-Trom)  <\/strong> Verihiutaleet eli trombosyytit osallistuvat veren hyytymistapahtumaan. <\/p>\n\n\n\n<ul class=\"wp-block-list\"><li>150\u2013360 E9\/l <\/li><\/ul>\n\n\n\n<p>L\u00e4\u00e4k\u00e4ri Arvioi Helgan tarvitsevan jatkohoitopaikan TK:n vuodeosastolta. Kotona p\u00e4rj\u00e4\u00e4m\u00e4tt\u00f6myyden ja haavan tulehtumisen vuoksi. Vuodeosaston teht\u00e4v\u00e4ksi tulee aloittaa s\u00e4\u00e4rihaavan ja hoitotasapainon saaminen ennen kotiutumista ja hoito-ohjeen j\u00e4rjest\u00e4minen kotiin..<\/p>\n\n\n\n<p>Helgalle varmistuu paikka samassa rakennuksessa olevasta  TK:n vuodeosastolta<\/p>\n\n\n\n<p>T\u00e4ll\u00e4 v\u00e4lin Helgalle on aloitettu I.V antibioottihoito kefaleksiini+klavulaanihappo. Haavan infektion vuoksi. I.V antibiootti annetaan tippua loppuun p\u00e4ivystyksess\u00e4 ja seurataan Helgan vointia. T\u00e4m\u00e4n j\u00e4lkeen Helga on valmis siirtym\u00e4\u00e4n vuodeosastolle jatkohoitoon. Potilaskuljettajat avustavat Helgan vuodeosastolle.  hoitaja soittaa Helgan tytt\u00e4relle t\u00e4m\u00e4n \u00e4itins\u00e4 tilanteesta ja jatko-hoidosta Helgan pyynn\u00f6st\u00e4.<\/p>\n","protected":false},"excerpt":{"rendered":"<p>Hoitoketjut ovat ammatilliseen k\u00e4ytt\u00f6\u00f6n suunniteltuja alueellisia toimintamalleja, joiden tavoitteena on tunnistaa oikea-aikaisesti&nbsp; sairauksia, sujuvoittaa hoitoa sek\u00e4 yhten\u00e4ist\u00e4\u00e4 l\u00e4hetek\u00e4yt\u00e4nt\u00f6j\u00e4. Potilaan itse on todenn\u00e4k\u00f6isesti vaikea ymm\u00e4rt\u00e4\u00e4 hoitoketjun laajuutta ja siihen liittyvi\u00e4 eri tekij\u00f6it\u00e4. Helgan hoitopolku Helga hakeutuu TK p\u00e4ivystykseen tytt\u00e4rens\u00e4 kanssa, kipeytyneiden jalkojen vuoksi. Helga ottaa vuoronumeron ja j\u00e4\u00e4 odottamaan tytt\u00e4rens\u00e4 kanssa k\u00e4yt\u00e4v\u00e4lle vuoroansa. Triagehoitaja aloittaa Hoidon [&hellip;]<\/p>\n","protected":false},"author":668,"featured_media":0,"parent":0,"menu_order":1,"comment_status":"closed","ping_status":"closed","template":"","meta":{"_uag_custom_page_level_css":"","footnotes":""},"class_list":["post-20","page","type-page","status-publish","hentry"],"yoast_head":"<!-- This site is optimized with the Yoast SEO plugin v27.5 - https:\/\/yoast.com\/product\/yoast-seo-wordpress\/ -->\n<title>Hoitoketju - DM haava<\/title>\n<meta name=\"robots\" content=\"index, follow, max-snippet:-1, max-image-preview:large, max-video-preview:-1\" \/>\n<link rel=\"canonical\" href=\"https:\/\/blogit.gradia.fi\/dmhaava\/mika-on-hoitoketju\/\" \/>\n<meta property=\"og:locale\" content=\"fi_FI\" \/>\n<meta property=\"og:type\" content=\"article\" \/>\n<meta property=\"og:title\" content=\"Hoitoketju - DM haava\" \/>\n<meta property=\"og:description\" content=\"Hoitoketjut ovat ammatilliseen k\u00e4ytt\u00f6\u00f6n suunniteltuja alueellisia toimintamalleja, joiden tavoitteena on tunnistaa oikea-aikaisesti&nbsp; sairauksia, sujuvoittaa hoitoa sek\u00e4 yhten\u00e4ist\u00e4\u00e4 l\u00e4hetek\u00e4yt\u00e4nt\u00f6j\u00e4. Potilaan itse on todenn\u00e4k\u00f6isesti vaikea ymm\u00e4rt\u00e4\u00e4 hoitoketjun laajuutta ja siihen liittyvi\u00e4 eri tekij\u00f6it\u00e4. Helgan hoitopolku Helga hakeutuu TK p\u00e4ivystykseen tytt\u00e4rens\u00e4 kanssa, kipeytyneiden jalkojen vuoksi. Helga ottaa vuoronumeron ja j\u00e4\u00e4 odottamaan tytt\u00e4rens\u00e4 kanssa k\u00e4yt\u00e4v\u00e4lle vuoroansa. Triagehoitaja aloittaa Hoidon [&hellip;]\" \/>\n<meta property=\"og:url\" content=\"https:\/\/blogit.gradia.fi\/dmhaava\/mika-on-hoitoketju\/\" \/>\n<meta property=\"og:site_name\" content=\"DM haava\" \/>\n<meta property=\"article:modified_time\" content=\"2020-02-19T07:18:10+00:00\" \/>\n<meta property=\"og:image\" content=\"https:\/\/blogit.gradia.fi\/dmhaava\/wp-content\/uploads\/sites\/160\/2020\/02\/hoitopolku.png\" \/>\n<meta name=\"twitter:card\" content=\"summary_large_image\" \/>\n<meta name=\"twitter:label1\" content=\"Arvioitu lukuaika\" \/>\n\t<meta name=\"twitter:data1\" content=\"3 minuuttia\" \/>\n<script type=\"application\/ld+json\" class=\"yoast-schema-graph\">{\"@context\":\"https:\\\/\\\/schema.org\",\"@graph\":[{\"@type\":\"WebPage\",\"@id\":\"https:\\\/\\\/blogit.gradia.fi\\\/dmhaava\\\/mika-on-hoitoketju\\\/\",\"url\":\"https:\\\/\\\/blogit.gradia.fi\\\/dmhaava\\\/mika-on-hoitoketju\\\/\",\"name\":\"Hoitoketju - DM haava\",\"isPartOf\":{\"@id\":\"https:\\\/\\\/blogit.gradia.fi\\\/dmhaava\\\/#website\"},\"primaryImageOfPage\":{\"@id\":\"https:\\\/\\\/blogit.gradia.fi\\\/dmhaava\\\/mika-on-hoitoketju\\\/#primaryimage\"},\"image\":{\"@id\":\"https:\\\/\\\/blogit.gradia.fi\\\/dmhaava\\\/mika-on-hoitoketju\\\/#primaryimage\"},\"thumbnailUrl\":\"https:\\\/\\\/blogit.gradia.fi\\\/dmhaava\\\/wp-content\\\/uploads\\\/sites\\\/160\\\/2020\\\/02\\\/hoitopolku.png\",\"datePublished\":\"2020-02-04T08:21:02+00:00\",\"dateModified\":\"2020-02-19T07:18:10+00:00\",\"breadcrumb\":{\"@id\":\"https:\\\/\\\/blogit.gradia.fi\\\/dmhaava\\\/mika-on-hoitoketju\\\/#breadcrumb\"},\"inLanguage\":\"fi\",\"potentialAction\":[{\"@type\":\"ReadAction\",\"target\":[\"https:\\\/\\\/blogit.gradia.fi\\\/dmhaava\\\/mika-on-hoitoketju\\\/\"]}]},{\"@type\":\"ImageObject\",\"inLanguage\":\"fi\",\"@id\":\"https:\\\/\\\/blogit.gradia.fi\\\/dmhaava\\\/mika-on-hoitoketju\\\/#primaryimage\",\"url\":\"https:\\\/\\\/blogit.gradia.fi\\\/dmhaava\\\/wp-content\\\/uploads\\\/sites\\\/160\\\/2020\\\/02\\\/hoitopolku.png\",\"contentUrl\":\"https:\\\/\\\/blogit.gradia.fi\\\/dmhaava\\\/wp-content\\\/uploads\\\/sites\\\/160\\\/2020\\\/02\\\/hoitopolku.png\",\"width\":796,\"height\":510},{\"@type\":\"BreadcrumbList\",\"@id\":\"https:\\\/\\\/blogit.gradia.fi\\\/dmhaava\\\/mika-on-hoitoketju\\\/#breadcrumb\",\"itemListElement\":[{\"@type\":\"ListItem\",\"position\":1,\"name\":\"Home\",\"item\":\"https:\\\/\\\/blogit.gradia.fi\\\/dmhaava\\\/\"},{\"@type\":\"ListItem\",\"position\":2,\"name\":\"Hoitoketju\"}]},{\"@type\":\"WebSite\",\"@id\":\"https:\\\/\\\/blogit.gradia.fi\\\/dmhaava\\\/#website\",\"url\":\"https:\\\/\\\/blogit.gradia.fi\\\/dmhaava\\\/\",\"name\":\"DM haava\",\"description\":\"Uusi Gradia-blogit-sivustot -sivusto\",\"potentialAction\":[{\"@type\":\"SearchAction\",\"target\":{\"@type\":\"EntryPoint\",\"urlTemplate\":\"https:\\\/\\\/blogit.gradia.fi\\\/dmhaava\\\/?s={search_term_string}\"},\"query-input\":{\"@type\":\"PropertyValueSpecification\",\"valueRequired\":true,\"valueName\":\"search_term_string\"}}],\"inLanguage\":\"fi\"}]}<\/script>\n<!-- \/ Yoast SEO plugin. -->","yoast_head_json":{"title":"Hoitoketju - DM haava","robots":{"index":"index","follow":"follow","max-snippet":"max-snippet:-1","max-image-preview":"max-image-preview:large","max-video-preview":"max-video-preview:-1"},"canonical":"https:\/\/blogit.gradia.fi\/dmhaava\/mika-on-hoitoketju\/","og_locale":"fi_FI","og_type":"article","og_title":"Hoitoketju - DM haava","og_description":"Hoitoketjut ovat ammatilliseen k\u00e4ytt\u00f6\u00f6n suunniteltuja alueellisia toimintamalleja, joiden tavoitteena on tunnistaa oikea-aikaisesti&nbsp; sairauksia, sujuvoittaa hoitoa sek\u00e4 yhten\u00e4ist\u00e4\u00e4 l\u00e4hetek\u00e4yt\u00e4nt\u00f6j\u00e4. Potilaan itse on todenn\u00e4k\u00f6isesti vaikea ymm\u00e4rt\u00e4\u00e4 hoitoketjun laajuutta ja siihen liittyvi\u00e4 eri tekij\u00f6it\u00e4. Helgan hoitopolku Helga hakeutuu TK p\u00e4ivystykseen tytt\u00e4rens\u00e4 kanssa, kipeytyneiden jalkojen vuoksi. Helga ottaa vuoronumeron ja j\u00e4\u00e4 odottamaan tytt\u00e4rens\u00e4 kanssa k\u00e4yt\u00e4v\u00e4lle vuoroansa. Triagehoitaja aloittaa Hoidon [&hellip;]","og_url":"https:\/\/blogit.gradia.fi\/dmhaava\/mika-on-hoitoketju\/","og_site_name":"DM haava","article_modified_time":"2020-02-19T07:18:10+00:00","og_image":[{"url":"https:\/\/blogit.gradia.fi\/dmhaava\/wp-content\/uploads\/sites\/160\/2020\/02\/hoitopolku.png","type":"","width":"","height":""}],"twitter_card":"summary_large_image","twitter_misc":{"Arvioitu lukuaika":"3 minuuttia"},"schema":{"@context":"https:\/\/schema.org","@graph":[{"@type":"WebPage","@id":"https:\/\/blogit.gradia.fi\/dmhaava\/mika-on-hoitoketju\/","url":"https:\/\/blogit.gradia.fi\/dmhaava\/mika-on-hoitoketju\/","name":"Hoitoketju - DM haava","isPartOf":{"@id":"https:\/\/blogit.gradia.fi\/dmhaava\/#website"},"primaryImageOfPage":{"@id":"https:\/\/blogit.gradia.fi\/dmhaava\/mika-on-hoitoketju\/#primaryimage"},"image":{"@id":"https:\/\/blogit.gradia.fi\/dmhaava\/mika-on-hoitoketju\/#primaryimage"},"thumbnailUrl":"https:\/\/blogit.gradia.fi\/dmhaava\/wp-content\/uploads\/sites\/160\/2020\/02\/hoitopolku.png","datePublished":"2020-02-04T08:21:02+00:00","dateModified":"2020-02-19T07:18:10+00:00","breadcrumb":{"@id":"https:\/\/blogit.gradia.fi\/dmhaava\/mika-on-hoitoketju\/#breadcrumb"},"inLanguage":"fi","potentialAction":[{"@type":"ReadAction","target":["https:\/\/blogit.gradia.fi\/dmhaava\/mika-on-hoitoketju\/"]}]},{"@type":"ImageObject","inLanguage":"fi","@id":"https:\/\/blogit.gradia.fi\/dmhaava\/mika-on-hoitoketju\/#primaryimage","url":"https:\/\/blogit.gradia.fi\/dmhaava\/wp-content\/uploads\/sites\/160\/2020\/02\/hoitopolku.png","contentUrl":"https:\/\/blogit.gradia.fi\/dmhaava\/wp-content\/uploads\/sites\/160\/2020\/02\/hoitopolku.png","width":796,"height":510},{"@type":"BreadcrumbList","@id":"https:\/\/blogit.gradia.fi\/dmhaava\/mika-on-hoitoketju\/#breadcrumb","itemListElement":[{"@type":"ListItem","position":1,"name":"Home","item":"https:\/\/blogit.gradia.fi\/dmhaava\/"},{"@type":"ListItem","position":2,"name":"Hoitoketju"}]},{"@type":"WebSite","@id":"https:\/\/blogit.gradia.fi\/dmhaava\/#website","url":"https:\/\/blogit.gradia.fi\/dmhaava\/","name":"DM haava","description":"Uusi Gradia-blogit-sivustot -sivusto","potentialAction":[{"@type":"SearchAction","target":{"@type":"EntryPoint","urlTemplate":"https:\/\/blogit.gradia.fi\/dmhaava\/?s={search_term_string}"},"query-input":{"@type":"PropertyValueSpecification","valueRequired":true,"valueName":"search_term_string"}}],"inLanguage":"fi"}]}},"uagb_featured_image_src":{"full":false,"thumbnail":false,"medium":false,"medium_large":false,"large":false,"1536x1536":false,"2048x2048":false,"post-thumbnail":false,"twentytwenty-fullscreen":false},"uagb_author_info":{"display_name":"Henry Tuimala","author_link":"https:\/\/blogit.gradia.fi\/dmhaava\/author\/gr242771\/"},"uagb_comment_info":0,"uagb_excerpt":"Hoitoketjut ovat ammatilliseen k\u00e4ytt\u00f6\u00f6n suunniteltuja alueellisia toimintamalleja, joiden tavoitteena on tunnistaa oikea-aikaisesti&nbsp; sairauksia, sujuvoittaa hoitoa sek\u00e4 yhten\u00e4ist\u00e4\u00e4 l\u00e4hetek\u00e4yt\u00e4nt\u00f6j\u00e4. Potilaan itse on todenn\u00e4k\u00f6isesti vaikea ymm\u00e4rt\u00e4\u00e4 hoitoketjun laajuutta ja siihen liittyvi\u00e4 eri tekij\u00f6it\u00e4. Helgan hoitopolku Helga hakeutuu TK p\u00e4ivystykseen tytt\u00e4rens\u00e4 kanssa, kipeytyneiden jalkojen vuoksi. Helga ottaa vuoronumeron ja j\u00e4\u00e4 odottamaan tytt\u00e4rens\u00e4 kanssa k\u00e4yt\u00e4v\u00e4lle vuoroansa. Triagehoitaja aloittaa Hoidon&hellip;","_links":{"self":[{"href":"https:\/\/blogit.gradia.fi\/dmhaava\/wp-json\/wp\/v2\/pages\/20","targetHints":{"allow":["GET"]}}],"collection":[{"href":"https:\/\/blogit.gradia.fi\/dmhaava\/wp-json\/wp\/v2\/pages"}],"about":[{"href":"https:\/\/blogit.gradia.fi\/dmhaava\/wp-json\/wp\/v2\/types\/page"}],"author":[{"embeddable":true,"href":"https:\/\/blogit.gradia.fi\/dmhaava\/wp-json\/wp\/v2\/users\/668"}],"replies":[{"embeddable":true,"href":"https:\/\/blogit.gradia.fi\/dmhaava\/wp-json\/wp\/v2\/comments?post=20"}],"version-history":[{"count":10,"href":"https:\/\/blogit.gradia.fi\/dmhaava\/wp-json\/wp\/v2\/pages\/20\/revisions"}],"predecessor-version":[{"id":94,"href":"https:\/\/blogit.gradia.fi\/dmhaava\/wp-json\/wp\/v2\/pages\/20\/revisions\/94"}],"wp:attachment":[{"href":"https:\/\/blogit.gradia.fi\/dmhaava\/wp-json\/wp\/v2\/media?parent=20"}],"curies":[{"name":"wp","href":"https:\/\/api.w.org\/{rel}","templated":true}]}}