{"id":12,"date":"2020-02-03T15:24:34","date_gmt":"2020-02-03T13:24:34","guid":{"rendered":"https:\/\/blogit.gradia.fi\/dmhaava\/?page_id=12"},"modified":"2020-02-18T15:56:46","modified_gmt":"2020-02-18T13:56:46","slug":"diabetes-ja-sen-erimuodot","status":"publish","type":"page","link":"https:\/\/blogit.gradia.fi\/dmhaava\/diabetes-ja-sen-erimuodot\/","title":{"rendered":"Diabetes"},"content":{"rendered":"\n<h2 class=\"wp-block-heading\"> \u201dsokeritauti\u201d <\/h2>\n\n\n\n<p> Diabetes on ryhm\u00e4 aineenvaihduntasairauksia, joita yhdist\u00e4\u00e4 h\u00e4iri\u00f6  haiman insuliinintuotannossa ja pitk\u00e4aikaisesti kohonnut verensokeri  (veriplasman glukoosipitoisuus). Diabetesta tunnetaan useita eri  tyyppej\u00e4. P\u00e4\u00e4tyypit ovat tyypin 1 diabetes, tyypin 2 diabetes ja raskausdiabetes.  Tyypin 1 ja tyypin 2 diabeteksen rajat eiv\u00e4t aikuisella aina ole  selke\u00e4t; joillakin henkil\u00f6ill\u00e4 todetaan molempien tyyppien piirteit\u00e4.  Verikokeilla voidaan selvitell\u00e4 diabeteksen tyyppi\u00e4 <\/p>\n\n\n\n<h2 class=\"wp-block-heading\">Tyypin 1 DM<\/h2>\n\n\n\n<ul class=\"wp-block-list\"><li>Elintoiminnoille v\u00e4ltt\u00e4m\u00e4t\u00f6nt\u00e4 insuliinia ei erity, sill\u00e4 insuliinia tuottavat haiman saarekesolut ovat tuhoutuneet. <\/li><li> Tavallisia oireita ovat lis\u00e4\u00e4ntynyt virtsaneritys, jano, laihtuminen ja  v\u00e4symys. Ne kehittyv\u00e4t yleens\u00e4 nopeasti, p\u00e4ivien tai viikkojen kuluessa.   <\/li><li> Jatkuva, elinik\u00e4inen insuliinihoito on el\u00e4m\u00e4n edellytys. Insuliini  annostellaan pistoksina tai pumpulla. Verensokerin omaseuranta ja  hiilihydraattien arvioiminen ruuasta on t\u00e4rke\u00e4\u00e4, koska insuliiniannokset  sovitetaan hiilihydraattim\u00e4\u00e4rien mukaisiksi. Liikunta ja terveellinen  sy\u00f6minen auttavat verisuonia voimaan hyvin ja ehk\u00e4isev\u00e4t siten  lis\u00e4sairauksia. <\/li><li> Yleens\u00e4 alle 40-vuotiaana. Suomessa lasten diabetes on yleisempi kuin  miss\u00e4\u00e4n muualla maailmassa. Joka vuosi Suomessa sairastuu noin 500 alle  15-vuotiasta ja 1500 yli 15-vuotiasta tyypin 1 diabetekseen. My\u00f6s vanhus  voi sairastua tyypin 1 diabetekseen. <\/li><li> Insuliini annostellaan pistoksella ihon alle insuliinikyn\u00e4ll\u00e4, ruiskulla tai insuliinipumpulla. <\/li><li>Insuliinin annosteluun k\u00e4ytett\u00e4v\u00e4 v\u00e4line valitaan yksil\u00f6llisesti. <\/li><\/ul>\n\n\n\n<h2 class=\"wp-block-heading\">Tyypin 2 DM<\/h2>\n\n\n\n<ul class=\"wp-block-list\"><li>Haima tuottaa insuliinia, mutta se vaikuttaa heikosti tai insuliinia ei  ole tarpeeseen n\u00e4hden riitt\u00e4v\u00e4sti. Insuliinintuotanto voi vuosien  kuluessa ehty\u00e4 kokonaan. <\/li><li> Usein oireeton, kehittyy hitaasti jopa vuosien kuluessa. Todetaan usein  sattumalta tai valtimosairauden puhjettua. Oireita voivat olla  esimerkiksi v\u00e4symys erityisesti aterioiden j\u00e4lkeen, jalkas\u00e4ryt,  lihaskouristelut sek\u00e4 uupumus, johon uni ei auta. <\/li><li> Painonhallinta liikunnan ja oikean ruokavalion avulla. Tarvittaessa my\u00f6s  l\u00e4\u00e4kehoito. Kohonneen verenpaineen ja veren rasvah\u00e4iri\u00f6iden hoito sek\u00e4  veren liiallisen hyytymisen esto ovat t\u00e4rkeit\u00e4 lis\u00e4sairauksien  est\u00e4miseksi ja hoitamiseksi. <\/li><li> Yleens\u00e4 yli  40-vuotiaana. Lis\u00e4\u00e4ntyy nopeasti kaikkialla maailmassa ja yh\u00e4 nuoremmissa ik\u00e4ryhmiss\u00e4.  <\/li><li> Useat tutkimukset ovat osoittaneet, ett\u00e4 tyypin 2 diabeteksen puhkeamista <\/li><li>voidaan  ehk\u00e4ist\u00e4 tai viivytt\u00e4\u00e4 kiinnitt\u00e4m\u00e4ll\u00e4 huomiota elintapoihin. Ehk\u00e4isyn  keinoja ovat liikunta, terveellinen ruoka, painonhallinta ja  tupakoimattomuus. <\/li><li>https:\/\/www.orion.fi\/globalassets\/documents\/well-being\/orionsydan\/orionsydan_t2d_potilasopas_web.pdf<\/li><\/ul>\n\n\n\n<h2 class=\"wp-block-heading\">Raskaus DM<\/h2>\n\n\n\n<ul class=\"wp-block-list\"><li> Raskauden aikana ensimm\u00e4ist\u00e4 kertaa ilmenev\u00e4  sokeriaineenvaihdunnan h\u00e4iri\u00f6, joka yleens\u00e4 h\u00e4vi\u00e4\u00e4 synnytyksen j\u00e4lkeen.  Raskausdiabetes todetaan kahden tunnin sokerirasituskokeella. <\/li><li> Noin joka kymmenennell\u00e4 odottavalla \u00e4idill\u00e4 veren sokeripitoisuus lis\u00e4\u00e4ntyy siin\u00e4 m\u00e4\u00e4rin, ett\u00e4 h\u00e4nell\u00e4 todetaan raskausdiabetes. <\/li><li> Yleens\u00e4 puhkeaa jo ensimm\u00e4isen raskauden aikana. <\/li><li> Raskaushormonien m\u00e4\u00e4r\u00e4 veress\u00e4 lis\u00e4\u00e4ntyy odotusaikana. Samoin kehon  rasvam\u00e4\u00e4r\u00e4 kasvaa. N\u00e4iden seurauksena insuliinin teho alkaa heiket\u00e4  (insuliiniresistenssi) toisen raskauskolmanneksen aikana.  <\/li><li> Jos insuliinin m\u00e4\u00e4r\u00e4 ei lis\u00e4\u00e4nny tarvetta vastaavasti, veren sokeripitoisuus nousee. T\u00e4t\u00e4 tilaa kutsutaan raskausdiabetekseksi. <\/li><\/ul>\n\n\n\n<h2 class=\"wp-block-heading\">MODY-DM <\/h2>\n\n\n\n<ul class=\"wp-block-list\"><li> Pieni ryhm\u00e4 harvinaisia diabetestyyppej\u00e4, joista yksi ryhm\u00e4 on ns. MODY-diabetes (Maturity Onset Diabetes of the Young). <\/li><li>Nuorella i\u00e4ll\u00e4 alkava aikuistyypin Diabetes<\/li><li>Puutteellinen insuliinin eritys <\/li><li>Insuliini herkkyys normaali, usein norm painoisia &lt;25v. periytyv\u00e4.<\/li><li> Suomen kaikista diabeetikoista MODY-diabeetikkoja on n. 2 %:a <\/li><\/ul>\n\n\n\n<h2 class=\"wp-block-heading\">LADA-DM<\/h2>\n\n\n\n<ul class=\"wp-block-list\"><li> Aikuisi\u00e4ll\u00e4 alkava hitaasti kehittyv\u00e4, tyypin 1 DM:n kaltainen autoimmuuni DM<\/li><li>lopussa t\u00e4ydellinen insuliinituotannon loppuminen<\/li><li>Noin 10%:lla aikuisena Dm:een sairastuneista<\/li><li>Yleens\u00e4 normaalipainoisia<\/li><\/ul>\n\n\n\n<h2 class=\"wp-block-heading\">DM:n Liit\u00e4nn\u00e4issairaudet<\/h2>\n\n\n\n<h2 class=\"wp-block-heading\">Retinopatia<\/h2>\n\n\n\n<ul class=\"wp-block-list\"><li>  Silm\u00e4n verkkokalvosairaus.<\/li><li> Hoitamattomana johtaa vakavaan n\u00e4\u00f6n heikkenemiseen. <\/li><li> Muutokset silm\u00e4npohjissa kehittyv\u00e4t v\u00e4hitellen ja ovat pitk\u00e4\u00e4n oireettomia <\/li><li> Diabeteksen verkkokalvosairaudessa t\u00e4rkein syy on veren liian suuri sokeripitoisuus.  <\/li><li> Liian suuri sokerim\u00e4\u00e4r\u00e4 johtaa verisuonten sis\u00e4pinnan solujen (endoteelin) toimintah\u00e4iri\u00f6\u00f6n. <\/li><li>  Seurauksena suonet tihkuvat ja voivat tukkeutua.  <\/li><li>  Runsas verensokeri vaikuttaa haitallisesti kudosten entsyymej\u00e4  s\u00e4\u00e4televiin tapahtumiin ja happiradikaalien m\u00e4\u00e4r\u00e4\u00e4n ja vaurioittaa my\u00f6s  silm\u00e4n hermoston rakenteita. <\/li><li> Jos silm\u00e4npohjaan kehittyy diabeettinen retinopatia, on ensimm\u00e4inen toimenpide usein silm\u00e4npohjan laserhoito.  <\/li><\/ul>\n\n\n\n<h2 class=\"wp-block-heading\">Nefropatia<\/h2>\n\n\n\n<ul class=\"wp-block-list\"><li>Diabeteksen munuaissairaus<\/li><li> Syntymist\u00e4 voidaan tehokkaasti ehk\u00e4ist\u00e4 hyv\u00e4ll\u00e4 diabeteksen ja verenpaineen hoidolla.  <\/li><li> Varhaisin ilmentym\u00e4 on tavallisesti v\u00e4h\u00e4inen albumiini-nimisen veren valkuaisaineen erittyminen virtsaan  <\/li><li> Jos albumiinin eritys virtsaan on  runsasta, niin veren albumiini voi olla liian alhainen. T\u00e4m\u00e4n  seurauksena voi ilmaantua turvotuksia. <\/li><li> Munuaisten kyky puhdistaa elimist\u00f6n kuona-aineita voi heikenty\u00e4. <\/li><li>  Tutkitaan m\u00e4\u00e4ritt\u00e4m\u00e4ll\u00e4 verin\u00e4ytteest\u00e4 kreatiniiniarvo (P-Krea) ja laskennallinen munuaisker\u00e4sten suodatusnopeus (eGFR  estimated Glomerular Filtration Rate ) <\/li><\/ul>\n\n\n\n<h2 class=\"wp-block-heading\">Neuropatia <\/h2>\n\n\n\n<ul class=\"wp-block-list\"><li> Tarkoittaa hermojen toiminnan vaurioita <\/li><li> Saattaa ilmet\u00e4 sek\u00e4 tavallisissa tahdonalaisissa \u00e4\u00e4reishermoissa ett\u00e4  ei- tahdonalaisissa autonomisissa hermoissa, jotka s\u00e4\u00e4telev\u00e4t sis\u00e4elinten  toimintoja. <\/li><li> Diabeteksen hermovaurioita todetaan noin puolella diabeetikoista. <\/li><li> Yleisemp\u00e4\u00e4 tyypin 2 kuin tyypin 1 diabeteksessa. <\/li><li> Voimakkaasti yhteydess\u00e4 liian korkeaan veren sokeriin, jota kuvastaa sokerihemoglobiini (HbA1c)<\/li><li> Tyypillisin diabeteksen hermoh\u00e4iri\u00f6 on molemminpuolinen \u00e4\u00e4reishermojen sairaus eli polyneuropatia.  <\/li><li> Voi liitty\u00e4 yksitt\u00e4isen hermon tai hermoryhm\u00e4n h\u00e4iri\u00f6it\u00e4 (mononeuropatia) <\/li><\/ul>\n\n\n\n<p><\/p>\n","protected":false},"excerpt":{"rendered":"<p>\u201dsokeritauti\u201d Diabetes on ryhm\u00e4 aineenvaihduntasairauksia, joita yhdist\u00e4\u00e4 h\u00e4iri\u00f6 haiman insuliinintuotannossa ja pitk\u00e4aikaisesti kohonnut verensokeri (veriplasman glukoosipitoisuus). Diabetesta tunnetaan useita eri tyyppej\u00e4. P\u00e4\u00e4tyypit ovat tyypin 1 diabetes, tyypin 2 diabetes ja raskausdiabetes. Tyypin 1 ja tyypin 2 diabeteksen rajat eiv\u00e4t aikuisella aina ole selke\u00e4t; joillakin henkil\u00f6ill\u00e4 todetaan molempien tyyppien piirteit\u00e4. Verikokeilla voidaan selvitell\u00e4 diabeteksen tyyppi\u00e4 Tyypin [&hellip;]<\/p>\n","protected":false},"author":668,"featured_media":0,"parent":0,"menu_order":1,"comment_status":"closed","ping_status":"closed","template":"","meta":{"_uag_custom_page_level_css":"","footnotes":""},"class_list":["post-12","page","type-page","status-publish","hentry"],"yoast_head":"<!-- This site is optimized with the Yoast SEO plugin v27.4 - https:\/\/yoast.com\/product\/yoast-seo-wordpress\/ -->\n<title>Diabetes - DM haava<\/title>\n<meta name=\"robots\" content=\"index, follow, max-snippet:-1, max-image-preview:large, max-video-preview:-1\" \/>\n<link rel=\"canonical\" href=\"https:\/\/blogit.gradia.fi\/dmhaava\/diabetes-ja-sen-erimuodot\/\" \/>\n<meta property=\"og:locale\" content=\"fi_FI\" \/>\n<meta property=\"og:type\" content=\"article\" \/>\n<meta property=\"og:title\" content=\"Diabetes - DM haava\" \/>\n<meta property=\"og:description\" content=\"\u201dsokeritauti\u201d Diabetes on ryhm\u00e4 aineenvaihduntasairauksia, joita yhdist\u00e4\u00e4 h\u00e4iri\u00f6 haiman insuliinintuotannossa ja pitk\u00e4aikaisesti kohonnut verensokeri (veriplasman glukoosipitoisuus). Diabetesta tunnetaan useita eri tyyppej\u00e4. P\u00e4\u00e4tyypit ovat tyypin 1 diabetes, tyypin 2 diabetes ja raskausdiabetes. Tyypin 1 ja tyypin 2 diabeteksen rajat eiv\u00e4t aikuisella aina ole selke\u00e4t; joillakin henkil\u00f6ill\u00e4 todetaan molempien tyyppien piirteit\u00e4. Verikokeilla voidaan selvitell\u00e4 diabeteksen tyyppi\u00e4 Tyypin [&hellip;]\" \/>\n<meta property=\"og:url\" content=\"https:\/\/blogit.gradia.fi\/dmhaava\/diabetes-ja-sen-erimuodot\/\" \/>\n<meta property=\"og:site_name\" content=\"DM haava\" \/>\n<meta property=\"article:modified_time\" content=\"2020-02-18T13:56:46+00:00\" \/>\n<meta name=\"twitter:card\" content=\"summary_large_image\" \/>\n<meta name=\"twitter:label1\" content=\"Arvioitu lukuaika\" \/>\n\t<meta name=\"twitter:data1\" content=\"4 minuuttia\" \/>\n<script type=\"application\/ld+json\" class=\"yoast-schema-graph\">{\"@context\":\"https:\\\/\\\/schema.org\",\"@graph\":[{\"@type\":\"WebPage\",\"@id\":\"https:\\\/\\\/blogit.gradia.fi\\\/dmhaava\\\/diabetes-ja-sen-erimuodot\\\/\",\"url\":\"https:\\\/\\\/blogit.gradia.fi\\\/dmhaava\\\/diabetes-ja-sen-erimuodot\\\/\",\"name\":\"Diabetes - DM haava\",\"isPartOf\":{\"@id\":\"https:\\\/\\\/blogit.gradia.fi\\\/dmhaava\\\/#website\"},\"datePublished\":\"2020-02-03T13:24:34+00:00\",\"dateModified\":\"2020-02-18T13:56:46+00:00\",\"breadcrumb\":{\"@id\":\"https:\\\/\\\/blogit.gradia.fi\\\/dmhaava\\\/diabetes-ja-sen-erimuodot\\\/#breadcrumb\"},\"inLanguage\":\"fi\",\"potentialAction\":[{\"@type\":\"ReadAction\",\"target\":[\"https:\\\/\\\/blogit.gradia.fi\\\/dmhaava\\\/diabetes-ja-sen-erimuodot\\\/\"]}]},{\"@type\":\"BreadcrumbList\",\"@id\":\"https:\\\/\\\/blogit.gradia.fi\\\/dmhaava\\\/diabetes-ja-sen-erimuodot\\\/#breadcrumb\",\"itemListElement\":[{\"@type\":\"ListItem\",\"position\":1,\"name\":\"Home\",\"item\":\"https:\\\/\\\/blogit.gradia.fi\\\/dmhaava\\\/\"},{\"@type\":\"ListItem\",\"position\":2,\"name\":\"Diabetes\"}]},{\"@type\":\"WebSite\",\"@id\":\"https:\\\/\\\/blogit.gradia.fi\\\/dmhaava\\\/#website\",\"url\":\"https:\\\/\\\/blogit.gradia.fi\\\/dmhaava\\\/\",\"name\":\"DM haava\",\"description\":\"Uusi Gradia-blogit-sivustot -sivusto\",\"potentialAction\":[{\"@type\":\"SearchAction\",\"target\":{\"@type\":\"EntryPoint\",\"urlTemplate\":\"https:\\\/\\\/blogit.gradia.fi\\\/dmhaava\\\/?s={search_term_string}\"},\"query-input\":{\"@type\":\"PropertyValueSpecification\",\"valueRequired\":true,\"valueName\":\"search_term_string\"}}],\"inLanguage\":\"fi\"}]}<\/script>\n<!-- \/ Yoast SEO plugin. -->","yoast_head_json":{"title":"Diabetes - DM haava","robots":{"index":"index","follow":"follow","max-snippet":"max-snippet:-1","max-image-preview":"max-image-preview:large","max-video-preview":"max-video-preview:-1"},"canonical":"https:\/\/blogit.gradia.fi\/dmhaava\/diabetes-ja-sen-erimuodot\/","og_locale":"fi_FI","og_type":"article","og_title":"Diabetes - DM haava","og_description":"\u201dsokeritauti\u201d Diabetes on ryhm\u00e4 aineenvaihduntasairauksia, joita yhdist\u00e4\u00e4 h\u00e4iri\u00f6 haiman insuliinintuotannossa ja pitk\u00e4aikaisesti kohonnut verensokeri (veriplasman glukoosipitoisuus). Diabetesta tunnetaan useita eri tyyppej\u00e4. P\u00e4\u00e4tyypit ovat tyypin 1 diabetes, tyypin 2 diabetes ja raskausdiabetes. Tyypin 1 ja tyypin 2 diabeteksen rajat eiv\u00e4t aikuisella aina ole selke\u00e4t; joillakin henkil\u00f6ill\u00e4 todetaan molempien tyyppien piirteit\u00e4. Verikokeilla voidaan selvitell\u00e4 diabeteksen tyyppi\u00e4 Tyypin [&hellip;]","og_url":"https:\/\/blogit.gradia.fi\/dmhaava\/diabetes-ja-sen-erimuodot\/","og_site_name":"DM haava","article_modified_time":"2020-02-18T13:56:46+00:00","twitter_card":"summary_large_image","twitter_misc":{"Arvioitu lukuaika":"4 minuuttia"},"schema":{"@context":"https:\/\/schema.org","@graph":[{"@type":"WebPage","@id":"https:\/\/blogit.gradia.fi\/dmhaava\/diabetes-ja-sen-erimuodot\/","url":"https:\/\/blogit.gradia.fi\/dmhaava\/diabetes-ja-sen-erimuodot\/","name":"Diabetes - DM haava","isPartOf":{"@id":"https:\/\/blogit.gradia.fi\/dmhaava\/#website"},"datePublished":"2020-02-03T13:24:34+00:00","dateModified":"2020-02-18T13:56:46+00:00","breadcrumb":{"@id":"https:\/\/blogit.gradia.fi\/dmhaava\/diabetes-ja-sen-erimuodot\/#breadcrumb"},"inLanguage":"fi","potentialAction":[{"@type":"ReadAction","target":["https:\/\/blogit.gradia.fi\/dmhaava\/diabetes-ja-sen-erimuodot\/"]}]},{"@type":"BreadcrumbList","@id":"https:\/\/blogit.gradia.fi\/dmhaava\/diabetes-ja-sen-erimuodot\/#breadcrumb","itemListElement":[{"@type":"ListItem","position":1,"name":"Home","item":"https:\/\/blogit.gradia.fi\/dmhaava\/"},{"@type":"ListItem","position":2,"name":"Diabetes"}]},{"@type":"WebSite","@id":"https:\/\/blogit.gradia.fi\/dmhaava\/#website","url":"https:\/\/blogit.gradia.fi\/dmhaava\/","name":"DM haava","description":"Uusi Gradia-blogit-sivustot -sivusto","potentialAction":[{"@type":"SearchAction","target":{"@type":"EntryPoint","urlTemplate":"https:\/\/blogit.gradia.fi\/dmhaava\/?s={search_term_string}"},"query-input":{"@type":"PropertyValueSpecification","valueRequired":true,"valueName":"search_term_string"}}],"inLanguage":"fi"}]}},"uagb_featured_image_src":{"full":false,"thumbnail":false,"medium":false,"medium_large":false,"large":false,"1536x1536":false,"2048x2048":false,"post-thumbnail":false,"twentytwenty-fullscreen":false},"uagb_author_info":{"display_name":"Henry Tuimala","author_link":"https:\/\/blogit.gradia.fi\/dmhaava\/author\/gr242771\/"},"uagb_comment_info":0,"uagb_excerpt":"\u201dsokeritauti\u201d Diabetes on ryhm\u00e4 aineenvaihduntasairauksia, joita yhdist\u00e4\u00e4 h\u00e4iri\u00f6 haiman insuliinintuotannossa ja pitk\u00e4aikaisesti kohonnut verensokeri (veriplasman glukoosipitoisuus). Diabetesta tunnetaan useita eri tyyppej\u00e4. P\u00e4\u00e4tyypit ovat tyypin 1 diabetes, tyypin 2 diabetes ja raskausdiabetes. Tyypin 1 ja tyypin 2 diabeteksen rajat eiv\u00e4t aikuisella aina ole selke\u00e4t; joillakin henkil\u00f6ill\u00e4 todetaan molempien tyyppien piirteit\u00e4. Verikokeilla voidaan selvitell\u00e4 diabeteksen tyyppi\u00e4 Tyypin&hellip;","_links":{"self":[{"href":"https:\/\/blogit.gradia.fi\/dmhaava\/wp-json\/wp\/v2\/pages\/12","targetHints":{"allow":["GET"]}}],"collection":[{"href":"https:\/\/blogit.gradia.fi\/dmhaava\/wp-json\/wp\/v2\/pages"}],"about":[{"href":"https:\/\/blogit.gradia.fi\/dmhaava\/wp-json\/wp\/v2\/types\/page"}],"author":[{"embeddable":true,"href":"https:\/\/blogit.gradia.fi\/dmhaava\/wp-json\/wp\/v2\/users\/668"}],"replies":[{"embeddable":true,"href":"https:\/\/blogit.gradia.fi\/dmhaava\/wp-json\/wp\/v2\/comments?post=12"}],"version-history":[{"count":3,"href":"https:\/\/blogit.gradia.fi\/dmhaava\/wp-json\/wp\/v2\/pages\/12\/revisions"}],"predecessor-version":[{"id":85,"href":"https:\/\/blogit.gradia.fi\/dmhaava\/wp-json\/wp\/v2\/pages\/12\/revisions\/85"}],"wp:attachment":[{"href":"https:\/\/blogit.gradia.fi\/dmhaava\/wp-json\/wp\/v2\/media?parent=12"}],"curies":[{"name":"wp","href":"https:\/\/api.w.org\/{rel}","templated":true}]}}