{"id":70,"date":"2016-09-02T09:51:46","date_gmt":"2016-09-02T06:51:46","guid":{"rendered":"https:\/\/blogit.gradia.fi\/digivalinnainen\/?page_id=70"},"modified":"2020-01-23T11:12:03","modified_gmt":"2020-01-23T09:12:03","slug":"tyosuunnitelma","status":"publish","type":"page","link":"https:\/\/blogit.gradia.fi\/digivalinnainen\/tyosuunnitelma\/","title":{"rendered":"1 Suunnitelma"},"content":{"rendered":"<p><strong>Oma ty\u00f6suunnitelma<\/strong><\/p>\n<p>Katso videot <em><a href=\"http:\/\/youtube.com\/watch?v=Jw-g6IuBVJE\" target=\"_blank\" rel=\"noopener noreferrer\">What is Sway?<\/a><\/em>\u00a0ja <em><a href=\"http:\/\/youtube.com\/watch?v=U8WOSQ-z6VA\" target=\"_blank\" rel=\"noopener noreferrer\">How to Build a Presentation in Sway <\/a><\/em><i><span data-contrast=\"none\">sek\u00e4 tutustu Microsoftin <\/span><\/i><a href=\"https:\/\/support.office.com\/fi-fi\/article\/Swayn-k\u00e4yt\u00f6n-aloittaminen-2076c468-63f4-4a89-ae5f-424796714a8a\"><i><span data-contrast=\"none\">Sway<\/span><\/i><i><span data-contrast=\"none\"> oppaaseen<\/span><\/i><\/a><i><span data-contrast=\"none\">\u00a0<\/span><\/i><span data-ccp-props=\"{&quot;201341983&quot;:0,&quot;335559739&quot;:360,&quot;335559740&quot;:240}\">\u00a0<\/span><\/p>\n<p>Avaa uusi <a href=\"http:\/\/office.gradia.fi\"><em>Sway<\/em>-esitys<\/a>. Tee kaikki sis\u00e4lt\u00f6 samaan esitykseen.<\/p>\n<ol>\n<li><em>Swayn nimi: YTO2-TVT-ty\u00f6suunnitelmani<\/em>\n<ul>\n<li>Lis\u00e4\u00e4\u00a0<em>itse otettu<\/em>\u00a0koulutusalasta kertova kuva taustaksi <em>(kerro kuvan\u00a0l\u00e4hde)<\/em>.\u00a0<span data-contrast=\"none\">Voit ottaa ja lis\u00e4t\u00e4 kuvan my\u00f6hemmin<\/span><span data-contrast=\"none\">.<\/span><span data-ccp-props=\"{&quot;134233117&quot;:true,&quot;134233118&quot;:true,&quot;201341983&quot;:0,&quot;335559685&quot;:720,&quot;335559739&quot;:160,&quot;335559740&quot;:240,&quot;469777462&quot;:[1440],&quot;469777927&quot;:[0],&quot;469777928&quot;:[0]}\">\u00a0<\/span><em><br \/>\n<\/em><\/li>\n<\/ul>\n<\/li>\n<li><em>Tekstin\u00e4<\/em> tekij\u00e4n nimi, ryhm\u00e4, koulutusala ja p\u00e4iv\u00e4m\u00e4\u00e4r\u00e4.<\/li>\n<li><em>Oman alan tietoj\u00e4rjestelmien sovellukset -otsikko<\/em>, jonka j\u00e4lkeen on <em>tekstin\u00e4<\/em>\n<ul>\n<li>luettelo alan <em>sovelluksista<\/em> ja <a href=\"http:\/\/fi.wikipedia.org\/wiki\/Tietoj%C3%A4rjestelm%C3%A4\"><em>tietoj\u00e4rjestelmist\u00e4<\/em><\/a>,<\/li>\n<li data-aria-level=\"2\" data-aria-posinset=\"4\" data-listid=\"2\" data-font=\"Symbol\" data-leveltext=\"\uf0b7\"><span data-contrast=\"none\">lis\u00e4\u00e4<\/span><span data-contrast=\"none\"> jokaisesta <\/span><span data-contrast=\"none\">lyhyt kuvaus <\/span><span data-contrast=\"none\">ja <\/span><span data-contrast=\"none\">kerro <\/span><span data-contrast=\"none\">om<\/span><span data-contrast=\"none\">i<\/span><span data-contrast=\"none\">sta kokemuks<\/span><span data-contrast=\"none\">i<\/span><span data-contrast=\"none\">sta<\/span><span data-ccp-props=\"{&quot;134233117&quot;:true,&quot;134233118&quot;:true,&quot;201341983&quot;:0,&quot;335559685&quot;:720,&quot;335559739&quot;:160,&quot;335559740&quot;:240,&quot;469777462&quot;:[1440],&quot;469777927&quot;:[0],&quot;469777928&quot;:[0]}\">\u00a0<\/span><\/li>\n<li data-aria-level=\"2\" data-aria-posinset=\"5\" data-listid=\"2\" data-font=\"Symbol\" data-leveltext=\"\uf0b7\"><span data-contrast=\"none\">valitse luettelostasi<\/span><span data-contrast=\"none\">, mink\u00e4 sovelluksen tai tietoj\u00e4rjestelm\u00e4n testaat ja esittelet.<\/span><span data-ccp-props=\"{&quot;134233117&quot;:true,&quot;134233118&quot;:true,&quot;201341983&quot;:0,&quot;335559685&quot;:720,&quot;335559739&quot;:160,&quot;335559740&quot;:240,&quot;469777462&quot;:[1440],&quot;469777927&quot;:[0],&quot;469777928&quot;:[0]}\">\u00a0<\/span><\/li>\n<\/ul>\n<\/li>\n<li><em>TVT-laitteiden ja -sovellusten k\u00e4ytt\u00f6\u00f6notto <\/em>&#8211;<em>otsikko<\/em>,\u00a0 jonka j\u00e4lkeen on <em>tekstin\u00e4<\/em> pohdintaa siit\u00e4,\n<ul>\n<li><span class=\"TextRun  BCX1 SCXW136124887\" lang=\"FI-FI\" xml:lang=\"FI-FI\" data-contrast=\"none\"><span class=\"NormalTextRun  BCX1 SCXW136124887\">mink\u00e4 <\/span><\/span><span class=\"TextRun  BCX1 SCXW136124887\" lang=\"FI-FI\" xml:lang=\"FI-FI\" data-contrast=\"none\"><span class=\"NormalTextRun  BCX1 SCXW136124887\">laitteen<\/span><\/span><span class=\"TextRun  BCX1 SCXW136124887\" lang=\"FI-FI\" xml:lang=\"FI-FI\" data-contrast=\"none\"><span class=\"NormalTextRun  BCX1 SCXW136124887\"> k\u00e4ytt\u00f6\u00f6notosta teet tai etsit ohjeistuksen ja miten se testataan<\/span><\/span> <span class=\"TextRun  BCX1 SCXW136124887\" lang=\"FI-FI\" xml:lang=\"FI-FI\" data-contrast=\"none\"><span class=\"NormalTextRun  BCX1 SCXW136124887\">(<\/span><\/span><span class=\"TextRun  BCX1 SCXW136124887\" lang=\"FI-FI\" xml:lang=\"FI-FI\" data-contrast=\"none\"><span class=\"NormalTextRun  BCX1 SCXW136124887\">mittalaite<\/span><\/span><span class=\"TextRun  BCX1 SCXW136124887\" lang=\"FI-FI\" xml:lang=\"FI-FI\" data-contrast=\"none\"><span class=\"NormalTextRun  BCX1 SCXW136124887\">, web-kamera, <\/span><\/span><span class=\"TextRun  BCX1 SCXW136124887\" lang=\"FI-FI\" xml:lang=\"FI-FI\" data-contrast=\"none\"><span class=\"SpellingError  BCX1 SCXW136124887\">scanneri<\/span><\/span><span class=\"TextRun  BCX1 SCXW136124887\" lang=\"FI-FI\" xml:lang=\"FI-FI\" data-contrast=\"none\"><span class=\"NormalTextRun  BCX1 SCXW136124887\"> tai jokin muu <\/span><\/span><span class=\"TextRun  BCX1 SCXW136124887\" lang=\"FI-FI\" xml:lang=\"FI-FI\" data-contrast=\"none\"><span class=\"NormalTextRun  BCX1 SCXW136124887\">ammattiisi liittyv\u00e4 <\/span><\/span><span class=\"TextRun  BCX1 SCXW136124887\" lang=\"FI-FI\" xml:lang=\"FI-FI\" data-contrast=\"none\"><span class=\"NormalTextRun  BCX1 SCXW136124887\">oheislaite<\/span><\/span><span class=\"TextRun Strikethrough  BCX1 SCXW136124887\" lang=\"FI-FI\" xml:lang=\"FI-FI\" data-contrast=\"none\"><span class=\"NormalTextRun  BCX1 SCXW136124887\">)<\/span><\/span><\/li>\n<li data-aria-level=\"1\" data-aria-posinset=\"3\" data-listid=\"2\" data-font=\"Symbol\" data-leveltext=\"\uf0b7\"><span data-contrast=\"none\">Mink\u00e4 ammattiisi liittyv\u00e4n tai muun sovelluksen k\u00e4ytt\u00f6\u00f6notosta\u202fteet tai etsit ohjeistuksen ja miten se<\/span><span data-contrast=\"none\"> testataan.<\/span><span data-ccp-props=\"{&quot;134233279&quot;:true,&quot;201341983&quot;:0,&quot;335559739&quot;:160,&quot;335559740&quot;:259}\">\u00a0<\/span><\/li>\n<li>Lis\u00e4\u00e4\u00a0<em>itse otettu<\/em>\u00a0kuva laitteesta <em>(kerro kuvan l\u00e4hde).<\/em><\/li>\n<\/ul>\n<\/li>\n<li><em>TVT-sovellusten ongelmien ratkaiseminen <\/em>&#8211;<em>otsikko<\/em>, jonka j\u00e4lkeen on <em>tekstin\u00e4<\/em>\n<ul>\n<li data-aria-level=\"2\" data-aria-posinset=\"1\" data-listid=\"2\" data-font=\"Symbol\" data-leveltext=\"\uf0b7\"><span data-contrast=\"none\">luettelo eri laitteiden tai sovellusten kanssa kohtaamistasi <\/span><i><span data-contrast=\"none\">ongelmista<\/span><\/i> <span data-contrast=\"none\">(laite ei ole toiminut oikein tai lainkaan, sovellus on kaatunut tai muuten toiminut <\/span><span data-contrast=\"none\">v\u00e4\u00e4rin\u2026.<\/span><span data-contrast=\"none\">)<\/span><span data-ccp-props=\"{&quot;134233117&quot;:true,&quot;134233118&quot;:true,&quot;201341983&quot;:0,&quot;335559685&quot;:720,&quot;335559739&quot;:160,&quot;335559740&quot;:240,&quot;469777462&quot;:[1440],&quot;469777927&quot;:[0],&quot;469777928&quot;:[0]}\">\u00a0<\/span><\/li>\n<li>lyhyt kuvaus siit\u00e4, mit\u00e4 kahta tai kolmea ongelmaa tutkit ja mink\u00e4laiset <em>ratkaisut<\/em> niihin mahdollisesti l\u00f6yd\u00e4t.<\/li>\n<\/ul>\n<\/li>\n<li><em>Digitaalisten materiaalien hy\u00f6dynt\u00e4minen ammatillisen kasvun kuvaamisessa sek\u00e4 oman osaamisen ja ammattitaidon markkinoinnissa -otsikko<\/em>, jonka j\u00e4lkeen on <em>tekstin\u00e4<\/em> pohdintaa siit\u00e4,\n<ul>\n<li>millaista digitaalista materiaalia voisi <span class=\"TextRun  BCX1 SCXW228149086\" lang=\"FI-FI\" xml:lang=\"FI-FI\" data-contrast=\"none\"><span class=\"NormalTextRun  BCX1 SCXW228149086\">tuottaa ja<\/span><\/span> <em>hy\u00f6dynt\u00e4\u00e4<\/em>,<\/li>\n<li>miten omaa osaamista ja ammattitaitoa voisi <em>markkinoida<\/em>.<\/li>\n<\/ul>\n<\/li>\n<li><em>Oman osaamisen kehitt\u00e4minen ja jakaminen s\u00e4hk\u00f6isiss\u00e4 medioissa -otsikko<\/em>, jonka j\u00e4lkeen on <em>tekstin\u00e4<\/em> pohdintaa siit\u00e4,\n<ul>\n<li>mit\u00e4 omaa tietoteknist\u00e4 osaamista voisit <em>kehitt\u00e4\u00e4<\/em>,<\/li>\n<li>miten omaa tietoteknist\u00e4 osaamista voisit <em>jakaa<\/em>.<\/li>\n<\/ul>\n<\/li>\n<li>Jos esitys on tehty parity\u00f6n\u00e4, lis\u00e4\u00e4 esityksen loppuun prosenttiosuusarvio ja kuvaus molempien tekem\u00e4st\u00e4 ty\u00f6st\u00e4.<\/li>\n<\/ol>\n<p>Palauta valmiin esityksesi <em>Sway<\/em>-linkki opettajallesi <a href=\"http:\/\/wilma.gradia.fi\"><em>Wilma<\/em>-viestill\u00e4<\/a>. Kirjoita viestisi otsikoksi <em>YTO2-TVTV Sukunimesi<\/em>. <span data-contrast=\"none\">Vaihtoehtoisesti voit luoda OneDriveen <\/span><span data-contrast=\"none\">kansion, jakaa sen opettajalle ja lis\u00e4t\u00e4 teht\u00e4vien linkit sinne.<\/span><span data-ccp-props=\"{&quot;201341983&quot;:0,&quot;335559739&quot;:360,&quot;335559740&quot;:240}\">\u00a0<\/span><\/p>\n<p>Palauta t\u00e4st\u00e4 eteenp\u00e4in kaikki ty\u00f6si edell\u00e4 valitsemallasi yhdell\u00e4 ja samalla tavalla<\/p>\n","protected":false},"excerpt":{"rendered":"<p>Oma ty\u00f6suunnitelma Katso videot What is Sway?\u00a0ja How to Build a Presentation in Sway sek\u00e4 tutustu Microsoftin Sway oppaaseen\u00a0\u00a0 Avaa uusi Sway-esitys. Tee kaikki sis\u00e4lt\u00f6 samaan esitykseen. Swayn nimi: YTO2-TVT-ty\u00f6suunnitelmani Lis\u00e4\u00e4\u00a0itse otettu\u00a0koulutusalasta kertova kuva taustaksi (kerro kuvan\u00a0l\u00e4hde).\u00a0Voit ottaa ja lis\u00e4t\u00e4 kuvan my\u00f6hemmin.\u00a0 Tekstin\u00e4 tekij\u00e4n nimi, ryhm\u00e4, koulutusala ja p\u00e4iv\u00e4m\u00e4\u00e4r\u00e4. Oman alan tietoj\u00e4rjestelmien sovellukset -otsikko, jonka &hellip; <a href=\"https:\/\/blogit.gradia.fi\/digivalinnainen\/tyosuunnitelma\/\" class=\"more-link\">Jatka lukemista <span class=\"screen-reader-text\">1 Suunnitelma<\/span> <span class=\"meta-nav\">&rarr;<\/span><\/a><\/p>\n","protected":false},"author":400,"featured_media":0,"parent":0,"menu_order":0,"comment_status":"closed","ping_status":"closed","template":"","meta":{"_uag_custom_page_level_css":"","footnotes":""},"class_list":["post-70","page","type-page","status-publish","hentry"],"yoast_head":"<!-- This site is optimized with the Yoast SEO plugin v27.2 - https:\/\/yoast.com\/product\/yoast-seo-wordpress\/ -->\n<title>1 Suunnitelma - Tieto- ja viestint\u00e4tekniikka sek\u00e4 sen hy\u00f6dynt\u00e4minen, valinnainen<\/title>\n<meta name=\"robots\" content=\"index, follow, max-snippet:-1, max-image-preview:large, max-video-preview:-1\" \/>\n<link rel=\"canonical\" href=\"https:\/\/blogit.gradia.fi\/digivalinnainen\/tyosuunnitelma\/\" \/>\n<meta property=\"og:locale\" content=\"fi_FI\" \/>\n<meta property=\"og:type\" content=\"article\" \/>\n<meta property=\"og:title\" content=\"1 Suunnitelma - Tieto- ja viestint\u00e4tekniikka sek\u00e4 sen hy\u00f6dynt\u00e4minen, valinnainen\" \/>\n<meta property=\"og:description\" content=\"Oma ty\u00f6suunnitelma Katso videot What is Sway?\u00a0ja How to Build a Presentation in Sway sek\u00e4 tutustu Microsoftin Sway oppaaseen\u00a0\u00a0 Avaa uusi Sway-esitys. Tee kaikki sis\u00e4lt\u00f6 samaan esitykseen. Swayn nimi: YTO2-TVT-ty\u00f6suunnitelmani Lis\u00e4\u00e4\u00a0itse otettu\u00a0koulutusalasta kertova kuva taustaksi (kerro kuvan\u00a0l\u00e4hde).\u00a0Voit ottaa ja lis\u00e4t\u00e4 kuvan my\u00f6hemmin.\u00a0 Tekstin\u00e4 tekij\u00e4n nimi, ryhm\u00e4, koulutusala ja p\u00e4iv\u00e4m\u00e4\u00e4r\u00e4. Oman alan tietoj\u00e4rjestelmien sovellukset -otsikko, jonka &hellip; Jatka lukemista 1 Suunnitelma &rarr;\" \/>\n<meta property=\"og:url\" content=\"https:\/\/blogit.gradia.fi\/digivalinnainen\/tyosuunnitelma\/\" \/>\n<meta property=\"og:site_name\" content=\"Tieto- ja viestint\u00e4tekniikka sek\u00e4 sen hy\u00f6dynt\u00e4minen, valinnainen\" \/>\n<meta property=\"article:modified_time\" content=\"2020-01-23T09:12:03+00:00\" \/>\n<meta name=\"twitter:card\" content=\"summary_large_image\" \/>\n<meta name=\"twitter:label1\" content=\"Arvioitu lukuaika\" \/>\n\t<meta name=\"twitter:data1\" content=\"2 minuuttia\" \/>\n<script type=\"application\/ld+json\" class=\"yoast-schema-graph\">{\"@context\":\"https:\/\/schema.org\",\"@graph\":[{\"@type\":\"WebPage\",\"@id\":\"https:\/\/blogit.gradia.fi\/digivalinnainen\/tyosuunnitelma\/\",\"url\":\"https:\/\/blogit.gradia.fi\/digivalinnainen\/tyosuunnitelma\/\",\"name\":\"1 Suunnitelma - Tieto- ja viestint\u00e4tekniikka sek\u00e4 sen hy\u00f6dynt\u00e4minen, valinnainen\",\"isPartOf\":{\"@id\":\"https:\/\/blogit.gradia.fi\/digivalinnainen\/#website\"},\"datePublished\":\"2016-09-02T06:51:46+00:00\",\"dateModified\":\"2020-01-23T09:12:03+00:00\",\"inLanguage\":\"fi\",\"potentialAction\":[{\"@type\":\"ReadAction\",\"target\":[\"https:\/\/blogit.gradia.fi\/digivalinnainen\/tyosuunnitelma\/\"]}]},{\"@type\":\"WebSite\",\"@id\":\"https:\/\/blogit.gradia.fi\/digivalinnainen\/#website\",\"url\":\"https:\/\/blogit.gradia.fi\/digivalinnainen\/\",\"name\":\"Tieto- ja viestint\u00e4tekniikka sek\u00e4 sen hy\u00f6dynt\u00e4minen, valinnainen\",\"description\":\"\",\"potentialAction\":[{\"@type\":\"SearchAction\",\"target\":{\"@type\":\"EntryPoint\",\"urlTemplate\":\"https:\/\/blogit.gradia.fi\/digivalinnainen\/?s={search_term_string}\"},\"query-input\":{\"@type\":\"PropertyValueSpecification\",\"valueRequired\":true,\"valueName\":\"search_term_string\"}}],\"inLanguage\":\"fi\"}]}<\/script>\n<!-- \/ Yoast SEO plugin. -->","yoast_head_json":{"title":"1 Suunnitelma - Tieto- ja viestint\u00e4tekniikka sek\u00e4 sen hy\u00f6dynt\u00e4minen, valinnainen","robots":{"index":"index","follow":"follow","max-snippet":"max-snippet:-1","max-image-preview":"max-image-preview:large","max-video-preview":"max-video-preview:-1"},"canonical":"https:\/\/blogit.gradia.fi\/digivalinnainen\/tyosuunnitelma\/","og_locale":"fi_FI","og_type":"article","og_title":"1 Suunnitelma - Tieto- ja viestint\u00e4tekniikka sek\u00e4 sen hy\u00f6dynt\u00e4minen, valinnainen","og_description":"Oma ty\u00f6suunnitelma Katso videot What is Sway?\u00a0ja How to Build a Presentation in Sway sek\u00e4 tutustu Microsoftin Sway oppaaseen\u00a0\u00a0 Avaa uusi Sway-esitys. Tee kaikki sis\u00e4lt\u00f6 samaan esitykseen. Swayn nimi: YTO2-TVT-ty\u00f6suunnitelmani Lis\u00e4\u00e4\u00a0itse otettu\u00a0koulutusalasta kertova kuva taustaksi (kerro kuvan\u00a0l\u00e4hde).\u00a0Voit ottaa ja lis\u00e4t\u00e4 kuvan my\u00f6hemmin.\u00a0 Tekstin\u00e4 tekij\u00e4n nimi, ryhm\u00e4, koulutusala ja p\u00e4iv\u00e4m\u00e4\u00e4r\u00e4. Oman alan tietoj\u00e4rjestelmien sovellukset -otsikko, jonka &hellip; Jatka lukemista 1 Suunnitelma &rarr;","og_url":"https:\/\/blogit.gradia.fi\/digivalinnainen\/tyosuunnitelma\/","og_site_name":"Tieto- ja viestint\u00e4tekniikka sek\u00e4 sen hy\u00f6dynt\u00e4minen, valinnainen","article_modified_time":"2020-01-23T09:12:03+00:00","twitter_card":"summary_large_image","twitter_misc":{"Arvioitu lukuaika":"2 minuuttia"},"schema":{"@context":"https:\/\/schema.org","@graph":[{"@type":"WebPage","@id":"https:\/\/blogit.gradia.fi\/digivalinnainen\/tyosuunnitelma\/","url":"https:\/\/blogit.gradia.fi\/digivalinnainen\/tyosuunnitelma\/","name":"1 Suunnitelma - Tieto- ja viestint\u00e4tekniikka sek\u00e4 sen hy\u00f6dynt\u00e4minen, valinnainen","isPartOf":{"@id":"https:\/\/blogit.gradia.fi\/digivalinnainen\/#website"},"datePublished":"2016-09-02T06:51:46+00:00","dateModified":"2020-01-23T09:12:03+00:00","inLanguage":"fi","potentialAction":[{"@type":"ReadAction","target":["https:\/\/blogit.gradia.fi\/digivalinnainen\/tyosuunnitelma\/"]}]},{"@type":"WebSite","@id":"https:\/\/blogit.gradia.fi\/digivalinnainen\/#website","url":"https:\/\/blogit.gradia.fi\/digivalinnainen\/","name":"Tieto- ja viestint\u00e4tekniikka sek\u00e4 sen hy\u00f6dynt\u00e4minen, valinnainen","description":"","potentialAction":[{"@type":"SearchAction","target":{"@type":"EntryPoint","urlTemplate":"https:\/\/blogit.gradia.fi\/digivalinnainen\/?s={search_term_string}"},"query-input":{"@type":"PropertyValueSpecification","valueRequired":true,"valueName":"search_term_string"}}],"inLanguage":"fi"}]}},"uagb_featured_image_src":{"full":false,"thumbnail":false,"medium":false,"medium_large":false,"large":false,"1536x1536":false,"2048x2048":false,"post-thumbnail":false},"uagb_author_info":{"display_name":"","author_link":"https:\/\/blogit.gradia.fi\/digivalinnainen\/author\/"},"uagb_comment_info":0,"uagb_excerpt":"Oma ty\u00f6suunnitelma Katso videot What is Sway?\u00a0ja How to Build a Presentation in Sway sek\u00e4 tutustu Microsoftin Sway oppaaseen\u00a0\u00a0 Avaa uusi Sway-esitys. Tee kaikki sis\u00e4lt\u00f6 samaan esitykseen. Swayn nimi: YTO2-TVT-ty\u00f6suunnitelmani Lis\u00e4\u00e4\u00a0itse otettu\u00a0koulutusalasta kertova kuva taustaksi (kerro kuvan\u00a0l\u00e4hde).\u00a0Voit ottaa ja lis\u00e4t\u00e4 kuvan my\u00f6hemmin.\u00a0 Tekstin\u00e4 tekij\u00e4n nimi, ryhm\u00e4, koulutusala ja p\u00e4iv\u00e4m\u00e4\u00e4r\u00e4. Oman alan tietoj\u00e4rjestelmien sovellukset -otsikko, jonka&hellip;","_links":{"self":[{"href":"https:\/\/blogit.gradia.fi\/digivalinnainen\/wp-json\/wp\/v2\/pages\/70","targetHints":{"allow":["GET"]}}],"collection":[{"href":"https:\/\/blogit.gradia.fi\/digivalinnainen\/wp-json\/wp\/v2\/pages"}],"about":[{"href":"https:\/\/blogit.gradia.fi\/digivalinnainen\/wp-json\/wp\/v2\/types\/page"}],"author":[{"embeddable":true,"href":"https:\/\/blogit.gradia.fi\/digivalinnainen\/wp-json\/wp\/v2\/users\/400"}],"replies":[{"embeddable":true,"href":"https:\/\/blogit.gradia.fi\/digivalinnainen\/wp-json\/wp\/v2\/comments?post=70"}],"version-history":[{"count":2,"href":"https:\/\/blogit.gradia.fi\/digivalinnainen\/wp-json\/wp\/v2\/pages\/70\/revisions"}],"predecessor-version":[{"id":489,"href":"https:\/\/blogit.gradia.fi\/digivalinnainen\/wp-json\/wp\/v2\/pages\/70\/revisions\/489"}],"wp:attachment":[{"href":"https:\/\/blogit.gradia.fi\/digivalinnainen\/wp-json\/wp\/v2\/media?parent=70"}],"curies":[{"name":"wp","href":"https:\/\/api.w.org\/{rel}","templated":true}]}}