{"id":385,"date":"2017-08-10T13:12:46","date_gmt":"2017-08-10T10:12:46","guid":{"rendered":"https:\/\/blogit.gradia.fi\/digivalinnainen\/?page_id=385"},"modified":"2019-05-29T13:01:28","modified_gmt":"2019-05-29T10:01:28","slug":"tietoja","status":"publish","type":"page","link":"https:\/\/blogit.gradia.fi\/digivalinnainen\/tietoja\/","title":{"rendered":"Tietoja"},"content":{"rendered":"<p>T\u00e4m\u00e4n blogisivuston tarkoituksena on toimia\u00a0<em>YTO2-TVTV Tieto- ja viestint\u00e4tekniikka sek\u00e4 sen hy\u00f6dynt\u00e4minen <\/em>-opintojakson opetussuunnitelman mukaisena kattavana ja riitt\u00e4v\u00e4n\u00e4 opiskelumateriaalina ja -ymp\u00e4rist\u00f6n\u00e4.<\/p>\n<p>Sivusto ei kuitenkaan ole opintojakson keskeisin asia. Uuden oppiminen ja vanhojen tietojen vahvistaminen sen sijaan ovat. On toivottavaa, ett\u00e4 jokainen opintojakson opiskelija osallistuu kykyjens\u00e4 mukaan virheiden ja puutteiden ilmoittamiseen. My\u00f6s rakentavat kommentit viev\u00e4t yhteist\u00e4 oppimisasiaa eteenp\u00e4in.<\/p>\n<p>Tekij\u00e4t<br \/>\nHenri Jaakkola<br \/>\n<img loading=\"lazy\" decoding=\"async\" src=\"https:\/\/blogit.gradia.fi\/digivalinnainen\/wp-content\/ql-cache\/quicklatex.com-27c3501e73c7caa0013641af00a5eb18_l3.png\" class=\"ql-img-inline-formula quicklatex-auto-format\" alt=\"&#92;&#116;&#101;&#120;&#116;&#123;&#104;&#101;&#110;&#114;&#105;&#46;&#106;&#97;&#97;&#107;&#107;&#111;&#108;&#97;&#64;&#103;&#114;&#97;&#100;&#105;&#97;&#46;&#102;&#105;&#125;\" title=\"Rendered by QuickLaTeX.com\" height=\"18\" width=\"192\" style=\"vertical-align: -5px;\"\/><br \/>\n<img loading=\"lazy\" decoding=\"async\" src=\"https:\/\/blogit.gradia.fi\/digivalinnainen\/wp-content\/ql-cache\/quicklatex.com-ec386794851f0b09add8a6e82b0f3d3e_l3.png\" class=\"ql-img-inline-formula quicklatex-auto-format\" alt=\"&#92;&#116;&#101;&#120;&#116;&#123;&#48;&#52;&#48;&#32;&#51;&#52;&#49;&#32;&#54;&#48;&#57;&#51;&#125;\" title=\"Rendered by QuickLaTeX.com\" height=\"12\" width=\"105\" style=\"vertical-align: 0px;\"\/><\/p>\n<p>Hannu Tabell<br \/>\n<img loading=\"lazy\" decoding=\"async\" src=\"https:\/\/blogit.gradia.fi\/digivalinnainen\/wp-content\/ql-cache\/quicklatex.com-eef998c3b71408b8089bb8d29a99ce67_l3.png\" class=\"ql-img-inline-formula quicklatex-auto-format\" alt=\"&#92;&#116;&#101;&#120;&#116;&#123;&#104;&#97;&#110;&#110;&#117;&#46;&#116;&#97;&#98;&#101;&#108;&#108;&#64;&#103;&#114;&#97;&#100;&#105;&#97;&#46;&#102;&#105;&#125;\" title=\"Rendered by QuickLaTeX.com\" height=\"17\" width=\"179\" style=\"vertical-align: -4px;\"\/><br \/>\n<img loading=\"lazy\" decoding=\"async\" src=\"https:\/\/blogit.gradia.fi\/digivalinnainen\/wp-content\/ql-cache\/quicklatex.com-92448ce53f5f4c747f24540b57f68255_l3.png\" class=\"ql-img-inline-formula quicklatex-auto-format\" alt=\"&#92;&#116;&#101;&#120;&#116;&#123;&#48;&#52;&#48;&#32;&#51;&#52;&#49;&#32;&#53;&#57;&#51;&#55;&#125;\" title=\"Rendered by QuickLaTeX.com\" height=\"12\" width=\"105\" style=\"vertical-align: 0px;\"\/><\/p>\n<p>Jari Uimonen<br \/>\n<img loading=\"lazy\" decoding=\"async\" src=\"https:\/\/blogit.gradia.fi\/digivalinnainen\/wp-content\/ql-cache\/quicklatex.com-b380976ee0fd6130f2c114ff6aba561d_l3.png\" class=\"ql-img-inline-formula quicklatex-auto-format\" alt=\"&#92;&#116;&#101;&#120;&#116;&#123;&#106;&#97;&#114;&#105;&#46;&#117;&#105;&#109;&#111;&#110;&#101;&#110;&#64;&#103;&#114;&#97;&#100;&#105;&#97;&#46;&#102;&#105;&#125;\" title=\"Rendered by QuickLaTeX.com\" height=\"18\" width=\"182\" style=\"vertical-align: -5px;\"\/><br \/>\n<img loading=\"lazy\" decoding=\"async\" src=\"https:\/\/blogit.gradia.fi\/digivalinnainen\/wp-content\/ql-cache\/quicklatex.com-177de0912b4847b4fdf49f5e8fb7aaa0_l3.png\" class=\"ql-img-inline-formula quicklatex-auto-format\" alt=\"&#92;&#116;&#101;&#120;&#116;&#123;&#48;&#52;&#48;&#32;&#51;&#52;&#49;&#32;&#54;&#52;&#56;&#54;&#125;\" title=\"Rendered by QuickLaTeX.com\" height=\"12\" width=\"105\" style=\"vertical-align: 0px;\"\/><\/p>\n<p>Alkuper\u00e4isess\u00e4 toteutuksessa tekij\u00e4n\u00e4 oli my\u00f6s Risto K\u00e4rkk\u00e4inen, jolle suuri kiitos!<\/p>\n","protected":false},"excerpt":{"rendered":"<p>T\u00e4m\u00e4n blogisivuston tarkoituksena on toimia\u00a0YTO2-TVTV Tieto- ja viestint\u00e4tekniikka sek\u00e4 sen hy\u00f6dynt\u00e4minen -opintojakson opetussuunnitelman mukaisena kattavana ja riitt\u00e4v\u00e4n\u00e4 opiskelumateriaalina ja -ymp\u00e4rist\u00f6n\u00e4. Sivusto ei kuitenkaan ole opintojakson keskeisin asia. Uuden oppiminen ja vanhojen tietojen vahvistaminen sen sijaan ovat. On toivottavaa, ett\u00e4 jokainen opintojakson opiskelija osallistuu kykyjens\u00e4 mukaan virheiden ja puutteiden ilmoittamiseen. My\u00f6s rakentavat kommentit viev\u00e4t yhteist\u00e4 oppimisasiaa &hellip; <a href=\"https:\/\/blogit.gradia.fi\/digivalinnainen\/tietoja\/\" class=\"more-link\">Jatka lukemista <span class=\"screen-reader-text\">Tietoja<\/span> <span class=\"meta-nav\">&rarr;<\/span><\/a><\/p>\n","protected":false},"author":107,"featured_media":0,"parent":0,"menu_order":0,"comment_status":"closed","ping_status":"closed","template":"","meta":{"_uag_custom_page_level_css":"","footnotes":""},"class_list":["post-385","page","type-page","status-publish","hentry"],"yoast_head":"<!-- This site is optimized with the Yoast SEO plugin v27.2 - https:\/\/yoast.com\/product\/yoast-seo-wordpress\/ -->\n<title>Tietoja - Tieto- ja viestint\u00e4tekniikka sek\u00e4 sen hy\u00f6dynt\u00e4minen, valinnainen<\/title>\n<meta name=\"robots\" content=\"index, follow, max-snippet:-1, max-image-preview:large, max-video-preview:-1\" \/>\n<link rel=\"canonical\" href=\"https:\/\/blogit.gradia.fi\/digivalinnainen\/tietoja\/\" \/>\n<meta property=\"og:locale\" content=\"fi_FI\" \/>\n<meta property=\"og:type\" content=\"article\" \/>\n<meta property=\"og:title\" content=\"Tietoja - Tieto- ja viestint\u00e4tekniikka sek\u00e4 sen hy\u00f6dynt\u00e4minen, valinnainen\" \/>\n<meta property=\"og:description\" content=\"T\u00e4m\u00e4n blogisivuston tarkoituksena on toimia\u00a0YTO2-TVTV Tieto- ja viestint\u00e4tekniikka sek\u00e4 sen hy\u00f6dynt\u00e4minen -opintojakson opetussuunnitelman mukaisena kattavana ja riitt\u00e4v\u00e4n\u00e4 opiskelumateriaalina ja -ymp\u00e4rist\u00f6n\u00e4. Sivusto ei kuitenkaan ole opintojakson keskeisin asia. Uuden oppiminen ja vanhojen tietojen vahvistaminen sen sijaan ovat. On toivottavaa, ett\u00e4 jokainen opintojakson opiskelija osallistuu kykyjens\u00e4 mukaan virheiden ja puutteiden ilmoittamiseen. My\u00f6s rakentavat kommentit viev\u00e4t yhteist\u00e4 oppimisasiaa &hellip; Jatka lukemista Tietoja &rarr;\" \/>\n<meta property=\"og:url\" content=\"https:\/\/blogit.gradia.fi\/digivalinnainen\/tietoja\/\" \/>\n<meta property=\"og:site_name\" content=\"Tieto- ja viestint\u00e4tekniikka sek\u00e4 sen hy\u00f6dynt\u00e4minen, valinnainen\" \/>\n<meta property=\"article:modified_time\" content=\"2019-05-29T10:01:28+00:00\" \/>\n<meta name=\"twitter:card\" content=\"summary_large_image\" \/>\n<meta name=\"twitter:label1\" content=\"Arvioitu lukuaika\" \/>\n\t<meta name=\"twitter:data1\" content=\"1 minuutti\" \/>\n<script type=\"application\/ld+json\" class=\"yoast-schema-graph\">{\"@context\":\"https:\/\/schema.org\",\"@graph\":[{\"@type\":\"WebPage\",\"@id\":\"https:\/\/blogit.gradia.fi\/digivalinnainen\/tietoja\/\",\"url\":\"https:\/\/blogit.gradia.fi\/digivalinnainen\/tietoja\/\",\"name\":\"Tietoja - Tieto- ja viestint\u00e4tekniikka sek\u00e4 sen hy\u00f6dynt\u00e4minen, valinnainen\",\"isPartOf\":{\"@id\":\"https:\/\/blogit.gradia.fi\/digivalinnainen\/#website\"},\"datePublished\":\"2017-08-10T10:12:46+00:00\",\"dateModified\":\"2019-05-29T10:01:28+00:00\",\"inLanguage\":\"fi\",\"potentialAction\":[{\"@type\":\"ReadAction\",\"target\":[\"https:\/\/blogit.gradia.fi\/digivalinnainen\/tietoja\/\"]}]},{\"@type\":\"WebSite\",\"@id\":\"https:\/\/blogit.gradia.fi\/digivalinnainen\/#website\",\"url\":\"https:\/\/blogit.gradia.fi\/digivalinnainen\/\",\"name\":\"Tieto- ja viestint\u00e4tekniikka sek\u00e4 sen hy\u00f6dynt\u00e4minen, valinnainen\",\"description\":\"\",\"potentialAction\":[{\"@type\":\"SearchAction\",\"target\":{\"@type\":\"EntryPoint\",\"urlTemplate\":\"https:\/\/blogit.gradia.fi\/digivalinnainen\/?s={search_term_string}\"},\"query-input\":{\"@type\":\"PropertyValueSpecification\",\"valueRequired\":true,\"valueName\":\"search_term_string\"}}],\"inLanguage\":\"fi\"}]}<\/script>\n<!-- \/ Yoast SEO plugin. -->","yoast_head_json":{"title":"Tietoja - Tieto- ja viestint\u00e4tekniikka sek\u00e4 sen hy\u00f6dynt\u00e4minen, valinnainen","robots":{"index":"index","follow":"follow","max-snippet":"max-snippet:-1","max-image-preview":"max-image-preview:large","max-video-preview":"max-video-preview:-1"},"canonical":"https:\/\/blogit.gradia.fi\/digivalinnainen\/tietoja\/","og_locale":"fi_FI","og_type":"article","og_title":"Tietoja - Tieto- ja viestint\u00e4tekniikka sek\u00e4 sen hy\u00f6dynt\u00e4minen, valinnainen","og_description":"T\u00e4m\u00e4n blogisivuston tarkoituksena on toimia\u00a0YTO2-TVTV Tieto- ja viestint\u00e4tekniikka sek\u00e4 sen hy\u00f6dynt\u00e4minen -opintojakson opetussuunnitelman mukaisena kattavana ja riitt\u00e4v\u00e4n\u00e4 opiskelumateriaalina ja -ymp\u00e4rist\u00f6n\u00e4. Sivusto ei kuitenkaan ole opintojakson keskeisin asia. Uuden oppiminen ja vanhojen tietojen vahvistaminen sen sijaan ovat. On toivottavaa, ett\u00e4 jokainen opintojakson opiskelija osallistuu kykyjens\u00e4 mukaan virheiden ja puutteiden ilmoittamiseen. My\u00f6s rakentavat kommentit viev\u00e4t yhteist\u00e4 oppimisasiaa &hellip; Jatka lukemista Tietoja &rarr;","og_url":"https:\/\/blogit.gradia.fi\/digivalinnainen\/tietoja\/","og_site_name":"Tieto- ja viestint\u00e4tekniikka sek\u00e4 sen hy\u00f6dynt\u00e4minen, valinnainen","article_modified_time":"2019-05-29T10:01:28+00:00","twitter_card":"summary_large_image","twitter_misc":{"Arvioitu lukuaika":"1 minuutti"},"schema":{"@context":"https:\/\/schema.org","@graph":[{"@type":"WebPage","@id":"https:\/\/blogit.gradia.fi\/digivalinnainen\/tietoja\/","url":"https:\/\/blogit.gradia.fi\/digivalinnainen\/tietoja\/","name":"Tietoja - Tieto- ja viestint\u00e4tekniikka sek\u00e4 sen hy\u00f6dynt\u00e4minen, valinnainen","isPartOf":{"@id":"https:\/\/blogit.gradia.fi\/digivalinnainen\/#website"},"datePublished":"2017-08-10T10:12:46+00:00","dateModified":"2019-05-29T10:01:28+00:00","inLanguage":"fi","potentialAction":[{"@type":"ReadAction","target":["https:\/\/blogit.gradia.fi\/digivalinnainen\/tietoja\/"]}]},{"@type":"WebSite","@id":"https:\/\/blogit.gradia.fi\/digivalinnainen\/#website","url":"https:\/\/blogit.gradia.fi\/digivalinnainen\/","name":"Tieto- ja viestint\u00e4tekniikka sek\u00e4 sen hy\u00f6dynt\u00e4minen, valinnainen","description":"","potentialAction":[{"@type":"SearchAction","target":{"@type":"EntryPoint","urlTemplate":"https:\/\/blogit.gradia.fi\/digivalinnainen\/?s={search_term_string}"},"query-input":{"@type":"PropertyValueSpecification","valueRequired":true,"valueName":"search_term_string"}}],"inLanguage":"fi"}]}},"uagb_featured_image_src":{"full":false,"thumbnail":false,"medium":false,"medium_large":false,"large":false,"1536x1536":false,"2048x2048":false,"post-thumbnail":false},"uagb_author_info":{"display_name":"Henri Jaakkola","author_link":"https:\/\/blogit.gradia.fi\/digivalinnainen\/author\/jaakkhen\/"},"uagb_comment_info":0,"uagb_excerpt":"T\u00e4m\u00e4n blogisivuston tarkoituksena on toimia\u00a0YTO2-TVTV Tieto- ja viestint\u00e4tekniikka sek\u00e4 sen hy\u00f6dynt\u00e4minen -opintojakson opetussuunnitelman mukaisena kattavana ja riitt\u00e4v\u00e4n\u00e4 opiskelumateriaalina ja -ymp\u00e4rist\u00f6n\u00e4. Sivusto ei kuitenkaan ole opintojakson keskeisin asia. Uuden oppiminen ja vanhojen tietojen vahvistaminen sen sijaan ovat. On toivottavaa, ett\u00e4 jokainen opintojakson opiskelija osallistuu kykyjens\u00e4 mukaan virheiden ja puutteiden ilmoittamiseen. My\u00f6s rakentavat kommentit viev\u00e4t yhteist\u00e4 oppimisasiaa&hellip;","_links":{"self":[{"href":"https:\/\/blogit.gradia.fi\/digivalinnainen\/wp-json\/wp\/v2\/pages\/385","targetHints":{"allow":["GET"]}}],"collection":[{"href":"https:\/\/blogit.gradia.fi\/digivalinnainen\/wp-json\/wp\/v2\/pages"}],"about":[{"href":"https:\/\/blogit.gradia.fi\/digivalinnainen\/wp-json\/wp\/v2\/types\/page"}],"author":[{"embeddable":true,"href":"https:\/\/blogit.gradia.fi\/digivalinnainen\/wp-json\/wp\/v2\/users\/107"}],"replies":[{"embeddable":true,"href":"https:\/\/blogit.gradia.fi\/digivalinnainen\/wp-json\/wp\/v2\/comments?post=385"}],"version-history":[{"count":2,"href":"https:\/\/blogit.gradia.fi\/digivalinnainen\/wp-json\/wp\/v2\/pages\/385\/revisions"}],"predecessor-version":[{"id":470,"href":"https:\/\/blogit.gradia.fi\/digivalinnainen\/wp-json\/wp\/v2\/pages\/385\/revisions\/470"}],"wp:attachment":[{"href":"https:\/\/blogit.gradia.fi\/digivalinnainen\/wp-json\/wp\/v2\/media?parent=385"}],"curies":[{"name":"wp","href":"https:\/\/api.w.org\/{rel}","templated":true}]}}