{"id":30,"date":"2016-05-11T14:48:22","date_gmt":"2016-05-11T11:48:22","guid":{"rendered":"https:\/\/blogit.gradia.fi\/digivalinnainen\/?page_id=30"},"modified":"2018-09-11T10:19:42","modified_gmt":"2018-09-11T07:19:42","slug":"hyodyntaminen","status":"publish","type":"page","link":"https:\/\/blogit.gradia.fi\/digivalinnainen\/hyodyntaminen\/","title":{"rendered":"5 Hy\u00f6dynt\u00e4minen"},"content":{"rendered":"<p><strong>Digitaalisten materiaalien hy\u00f6dynt\u00e4minen ammatillisen kasvun kuvaamisessa sek\u00e4 oman osaamisen ja ammattitaidon markkinoinnissa<\/strong><\/p>\n<p>Avaa uusi <a href=\"http:\/\/office.gradia.fi\"><em>Sway<\/em>-esitys<\/a>. Tee kaikki sis\u00e4lt\u00f6 samaan esitykseen.<\/p>\n<ol>\n<li><em>Swayn nimi: Hy\u00f6dynt\u00e4minen<\/em>, <em>tekstin\u00e4<\/em> tekij\u00e4n nimi ja ryhm\u00e4.<\/li>\n<li><em>Digitaalisen materiaalin hy\u00f6dynt\u00e4minen -otsikko<\/em>\n<ul>\n<li><a href=\"http:\/\/google.fi\">Etsi<\/a> <em>yksi<\/em> ammattiisi liittyv\u00e4 <em>blogisivusto<\/em>, jossa opetetaan jokin taito.<\/li>\n<li><em>Tekstin\u00e4<\/em> esittele\u00a0ja arvioi sivusto. Lis\u00e4\u00e4 blogin <em>internetlinkki<\/em> ja <em>itse otettuja<\/em> ruutukaappauskuvia <em>Sway<\/em>-esitykseesi. Kerro ja perustele huolellisesti,\n<ol>\n<li>mit\u00e4 taitoa blogi k\u00e4sittelee,<\/li>\n<li>mik\u00e4 blogissa on hyv\u00e4\u00e4 ja onnistunutta,<\/li>\n<li>mit\u00e4 olisit tehnyt itse toisin,<\/li>\n<li>voiko blogin avulla oppia uuden taidon,<\/li>\n<li>kuinka ammattitaitoinen tekij\u00e4 on ja mist\u00e4 p\u00e4\u00e4ttelet niin,<\/li>\n<li>onko blogi onnistunut ammattitaidon\u00a0markkinointiv\u00e4lineen\u00e4.<\/li>\n<\/ol>\n<\/li>\n<li><a href=\"http:\/\/google.fi\">Etsi<\/a> <em>kaksi<\/em>\u00a0ammattiisi\u00a0liittyv\u00e4\u00e4 eri henkil\u00f6n tekem\u00e4\u00e4 <em>YouTube<\/em>-videota, joissa opetetaan jokin taito.<\/li>\n<li>Esittele ja arvioi\u00a0molemmat erikseen. <em>Upota<\/em> videot\u00a0<em>Sway<\/em>-esitykseesi. Kerro ja perustele huolellisesti,\n<ol>\n<li>mit\u00e4 taitoa video k\u00e4sittelee,<\/li>\n<li>mik\u00e4 videossa\u00a0on hyv\u00e4\u00e4 ja onnistunutta,<\/li>\n<li>mit\u00e4 olisit tehnyt itse toisin,<\/li>\n<li>voiko videon avulla oppia uuden taidon,<\/li>\n<li>kuinka ammattitaitoinen tekij\u00e4 on ja mist\u00e4 p\u00e4\u00e4ttelet niin,<\/li>\n<li>onko video onnistunut ammattitaidon\u00a0markkinointiv\u00e4lineen\u00e4.<\/li>\n<\/ol>\n<\/li>\n<\/ul>\n<\/li>\n<li><em>Ammatillisen kasvun kuvaaminen<\/em>\n<ul>\n<li>Kerro ja perustele huolellisesti, mit\u00e4 ammatillisen kasvun kuvaaminen digitaalisten materiaalien avulla omassa nykyisess\u00e4 opiskelutilanteessasi ja\/tai tulevassa ty\u00f6tilanteessasi mielest\u00e4si tarkoittaa.<\/li>\n<li>Lis\u00e4\u00e4 tueksi mahdollisia kuvia ja\/tai videoita <em>(kerro l\u00e4hteet)<\/em>.<\/li>\n<\/ul>\n<\/li>\n<li><em>Oman osaamisen ja ammattitaidon kehitt\u00e4minen ja markkinointi<\/em>\n<ul>\n<li>Kerro ja perustele huolellisesti, miten muuten (<em>lukemalla, tekem\u00e4ll\u00e4, kehitt\u00e4m\u00e4ll\u00e4, muokkaamalla ja\u00a0harjoittelemalla blogeja, videoita, sosiaalista mediaa, verkon sanakirjoja, verkon tietosanakirjoja,\u00a0ammattiin liittyvi\u00e4 keskustelupalstoja, verkkokursseja ja\u00a0simulaattoreita<\/em>) omaa osaamistaan ja ammattitaitoaan voisi\n<ol>\n<li>kehitt\u00e4\u00e4 verkossa,<\/li>\n<li>markkinoida verkossa<em>.<\/em><\/li>\n<\/ol>\n<\/li>\n<li>Lis\u00e4\u00e4 tueksi mahdollisia kuvia ja\/tai videoita <em>(kerro l\u00e4hteet)<\/em>.<\/li>\n<\/ul>\n<\/li>\n<li>Jos esitys on tehty parity\u00f6n\u00e4, lis\u00e4\u00e4 esityksen loppuun prosenttiosuusarvio ja kuvaus molempien tekem\u00e4st\u00e4 ty\u00f6st\u00e4.<\/li>\n<\/ol>\n<p>Palauta valmiin esityksesi <em>Sway<\/em>-linkki opettajallesi <a href=\"http:\/\/wilma.gradia.fi\"><em>Wilma<\/em>-viestill\u00e4<\/a>. K\u00e4yt\u00e4 vain ja ainoastaan jo edell\u00e4 luotua <em>Wilma<\/em>-viestiketjua!<\/p>\n","protected":false},"excerpt":{"rendered":"<p>Digitaalisten materiaalien hy\u00f6dynt\u00e4minen ammatillisen kasvun kuvaamisessa sek\u00e4 oman osaamisen ja ammattitaidon markkinoinnissa Avaa uusi Sway-esitys. Tee kaikki sis\u00e4lt\u00f6 samaan esitykseen. Swayn nimi: Hy\u00f6dynt\u00e4minen, tekstin\u00e4 tekij\u00e4n nimi ja ryhm\u00e4. Digitaalisen materiaalin hy\u00f6dynt\u00e4minen -otsikko Etsi yksi ammattiisi liittyv\u00e4 blogisivusto, jossa opetetaan jokin taito. Tekstin\u00e4 esittele\u00a0ja arvioi sivusto. Lis\u00e4\u00e4 blogin internetlinkki ja itse otettuja ruutukaappauskuvia Sway-esitykseesi. Kerro ja &hellip; <a href=\"https:\/\/blogit.gradia.fi\/digivalinnainen\/hyodyntaminen\/\" class=\"more-link\">Jatka lukemista <span class=\"screen-reader-text\">5 Hy\u00f6dynt\u00e4minen<\/span> <span class=\"meta-nav\">&rarr;<\/span><\/a><\/p>\n","protected":false},"author":107,"featured_media":0,"parent":0,"menu_order":0,"comment_status":"closed","ping_status":"closed","template":"","meta":{"_uag_custom_page_level_css":"","footnotes":""},"class_list":["post-30","page","type-page","status-publish","hentry"],"yoast_head":"<!-- This site is optimized with the Yoast SEO plugin v27.2 - https:\/\/yoast.com\/product\/yoast-seo-wordpress\/ -->\n<title>5 Hy\u00f6dynt\u00e4minen - Tieto- ja viestint\u00e4tekniikka sek\u00e4 sen hy\u00f6dynt\u00e4minen, valinnainen<\/title>\n<meta name=\"robots\" content=\"index, follow, max-snippet:-1, max-image-preview:large, max-video-preview:-1\" \/>\n<link rel=\"canonical\" href=\"https:\/\/blogit.gradia.fi\/digivalinnainen\/hyodyntaminen\/\" \/>\n<meta property=\"og:locale\" content=\"fi_FI\" \/>\n<meta property=\"og:type\" content=\"article\" \/>\n<meta property=\"og:title\" content=\"5 Hy\u00f6dynt\u00e4minen - Tieto- ja viestint\u00e4tekniikka sek\u00e4 sen hy\u00f6dynt\u00e4minen, valinnainen\" \/>\n<meta property=\"og:description\" content=\"Digitaalisten materiaalien hy\u00f6dynt\u00e4minen ammatillisen kasvun kuvaamisessa sek\u00e4 oman osaamisen ja ammattitaidon markkinoinnissa Avaa uusi Sway-esitys. Tee kaikki sis\u00e4lt\u00f6 samaan esitykseen. Swayn nimi: Hy\u00f6dynt\u00e4minen, tekstin\u00e4 tekij\u00e4n nimi ja ryhm\u00e4. Digitaalisen materiaalin hy\u00f6dynt\u00e4minen -otsikko Etsi yksi ammattiisi liittyv\u00e4 blogisivusto, jossa opetetaan jokin taito. Tekstin\u00e4 esittele\u00a0ja arvioi sivusto. Lis\u00e4\u00e4 blogin internetlinkki ja itse otettuja ruutukaappauskuvia Sway-esitykseesi. Kerro ja &hellip; Jatka lukemista 5 Hy\u00f6dynt\u00e4minen &rarr;\" \/>\n<meta property=\"og:url\" content=\"https:\/\/blogit.gradia.fi\/digivalinnainen\/hyodyntaminen\/\" \/>\n<meta property=\"og:site_name\" content=\"Tieto- ja viestint\u00e4tekniikka sek\u00e4 sen hy\u00f6dynt\u00e4minen, valinnainen\" \/>\n<meta property=\"article:modified_time\" content=\"2018-09-11T07:19:42+00:00\" \/>\n<meta name=\"twitter:card\" content=\"summary_large_image\" \/>\n<meta name=\"twitter:label1\" content=\"Arvioitu lukuaika\" \/>\n\t<meta name=\"twitter:data1\" content=\"1 minuutti\" \/>\n<script type=\"application\/ld+json\" class=\"yoast-schema-graph\">{\"@context\":\"https:\/\/schema.org\",\"@graph\":[{\"@type\":\"WebPage\",\"@id\":\"https:\/\/blogit.gradia.fi\/digivalinnainen\/hyodyntaminen\/\",\"url\":\"https:\/\/blogit.gradia.fi\/digivalinnainen\/hyodyntaminen\/\",\"name\":\"5 Hy\u00f6dynt\u00e4minen - Tieto- ja viestint\u00e4tekniikka sek\u00e4 sen hy\u00f6dynt\u00e4minen, valinnainen\",\"isPartOf\":{\"@id\":\"https:\/\/blogit.gradia.fi\/digivalinnainen\/#website\"},\"datePublished\":\"2016-05-11T11:48:22+00:00\",\"dateModified\":\"2018-09-11T07:19:42+00:00\",\"inLanguage\":\"fi\",\"potentialAction\":[{\"@type\":\"ReadAction\",\"target\":[\"https:\/\/blogit.gradia.fi\/digivalinnainen\/hyodyntaminen\/\"]}]},{\"@type\":\"WebSite\",\"@id\":\"https:\/\/blogit.gradia.fi\/digivalinnainen\/#website\",\"url\":\"https:\/\/blogit.gradia.fi\/digivalinnainen\/\",\"name\":\"Tieto- ja viestint\u00e4tekniikka sek\u00e4 sen hy\u00f6dynt\u00e4minen, valinnainen\",\"description\":\"\",\"potentialAction\":[{\"@type\":\"SearchAction\",\"target\":{\"@type\":\"EntryPoint\",\"urlTemplate\":\"https:\/\/blogit.gradia.fi\/digivalinnainen\/?s={search_term_string}\"},\"query-input\":{\"@type\":\"PropertyValueSpecification\",\"valueRequired\":true,\"valueName\":\"search_term_string\"}}],\"inLanguage\":\"fi\"}]}<\/script>\n<!-- \/ Yoast SEO plugin. -->","yoast_head_json":{"title":"5 Hy\u00f6dynt\u00e4minen - Tieto- ja viestint\u00e4tekniikka sek\u00e4 sen hy\u00f6dynt\u00e4minen, valinnainen","robots":{"index":"index","follow":"follow","max-snippet":"max-snippet:-1","max-image-preview":"max-image-preview:large","max-video-preview":"max-video-preview:-1"},"canonical":"https:\/\/blogit.gradia.fi\/digivalinnainen\/hyodyntaminen\/","og_locale":"fi_FI","og_type":"article","og_title":"5 Hy\u00f6dynt\u00e4minen - Tieto- ja viestint\u00e4tekniikka sek\u00e4 sen hy\u00f6dynt\u00e4minen, valinnainen","og_description":"Digitaalisten materiaalien hy\u00f6dynt\u00e4minen ammatillisen kasvun kuvaamisessa sek\u00e4 oman osaamisen ja ammattitaidon markkinoinnissa Avaa uusi Sway-esitys. Tee kaikki sis\u00e4lt\u00f6 samaan esitykseen. Swayn nimi: Hy\u00f6dynt\u00e4minen, tekstin\u00e4 tekij\u00e4n nimi ja ryhm\u00e4. Digitaalisen materiaalin hy\u00f6dynt\u00e4minen -otsikko Etsi yksi ammattiisi liittyv\u00e4 blogisivusto, jossa opetetaan jokin taito. Tekstin\u00e4 esittele\u00a0ja arvioi sivusto. Lis\u00e4\u00e4 blogin internetlinkki ja itse otettuja ruutukaappauskuvia Sway-esitykseesi. Kerro ja &hellip; Jatka lukemista 5 Hy\u00f6dynt\u00e4minen &rarr;","og_url":"https:\/\/blogit.gradia.fi\/digivalinnainen\/hyodyntaminen\/","og_site_name":"Tieto- ja viestint\u00e4tekniikka sek\u00e4 sen hy\u00f6dynt\u00e4minen, valinnainen","article_modified_time":"2018-09-11T07:19:42+00:00","twitter_card":"summary_large_image","twitter_misc":{"Arvioitu lukuaika":"1 minuutti"},"schema":{"@context":"https:\/\/schema.org","@graph":[{"@type":"WebPage","@id":"https:\/\/blogit.gradia.fi\/digivalinnainen\/hyodyntaminen\/","url":"https:\/\/blogit.gradia.fi\/digivalinnainen\/hyodyntaminen\/","name":"5 Hy\u00f6dynt\u00e4minen - Tieto- ja viestint\u00e4tekniikka sek\u00e4 sen hy\u00f6dynt\u00e4minen, valinnainen","isPartOf":{"@id":"https:\/\/blogit.gradia.fi\/digivalinnainen\/#website"},"datePublished":"2016-05-11T11:48:22+00:00","dateModified":"2018-09-11T07:19:42+00:00","inLanguage":"fi","potentialAction":[{"@type":"ReadAction","target":["https:\/\/blogit.gradia.fi\/digivalinnainen\/hyodyntaminen\/"]}]},{"@type":"WebSite","@id":"https:\/\/blogit.gradia.fi\/digivalinnainen\/#website","url":"https:\/\/blogit.gradia.fi\/digivalinnainen\/","name":"Tieto- ja viestint\u00e4tekniikka sek\u00e4 sen hy\u00f6dynt\u00e4minen, valinnainen","description":"","potentialAction":[{"@type":"SearchAction","target":{"@type":"EntryPoint","urlTemplate":"https:\/\/blogit.gradia.fi\/digivalinnainen\/?s={search_term_string}"},"query-input":{"@type":"PropertyValueSpecification","valueRequired":true,"valueName":"search_term_string"}}],"inLanguage":"fi"}]}},"uagb_featured_image_src":{"full":false,"thumbnail":false,"medium":false,"medium_large":false,"large":false,"1536x1536":false,"2048x2048":false,"post-thumbnail":false},"uagb_author_info":{"display_name":"Henri Jaakkola","author_link":"https:\/\/blogit.gradia.fi\/digivalinnainen\/author\/jaakkhen\/"},"uagb_comment_info":0,"uagb_excerpt":"Digitaalisten materiaalien hy\u00f6dynt\u00e4minen ammatillisen kasvun kuvaamisessa sek\u00e4 oman osaamisen ja ammattitaidon markkinoinnissa Avaa uusi Sway-esitys. Tee kaikki sis\u00e4lt\u00f6 samaan esitykseen. Swayn nimi: Hy\u00f6dynt\u00e4minen, tekstin\u00e4 tekij\u00e4n nimi ja ryhm\u00e4. Digitaalisen materiaalin hy\u00f6dynt\u00e4minen -otsikko Etsi yksi ammattiisi liittyv\u00e4 blogisivusto, jossa opetetaan jokin taito. Tekstin\u00e4 esittele\u00a0ja arvioi sivusto. Lis\u00e4\u00e4 blogin internetlinkki ja itse otettuja ruutukaappauskuvia Sway-esitykseesi. Kerro ja&hellip;","_links":{"self":[{"href":"https:\/\/blogit.gradia.fi\/digivalinnainen\/wp-json\/wp\/v2\/pages\/30","targetHints":{"allow":["GET"]}}],"collection":[{"href":"https:\/\/blogit.gradia.fi\/digivalinnainen\/wp-json\/wp\/v2\/pages"}],"about":[{"href":"https:\/\/blogit.gradia.fi\/digivalinnainen\/wp-json\/wp\/v2\/types\/page"}],"author":[{"embeddable":true,"href":"https:\/\/blogit.gradia.fi\/digivalinnainen\/wp-json\/wp\/v2\/users\/107"}],"replies":[{"embeddable":true,"href":"https:\/\/blogit.gradia.fi\/digivalinnainen\/wp-json\/wp\/v2\/comments?post=30"}],"version-history":[{"count":0,"href":"https:\/\/blogit.gradia.fi\/digivalinnainen\/wp-json\/wp\/v2\/pages\/30\/revisions"}],"wp:attachment":[{"href":"https:\/\/blogit.gradia.fi\/digivalinnainen\/wp-json\/wp\/v2\/media?parent=30"}],"curies":[{"name":"wp","href":"https:\/\/api.w.org\/{rel}","templated":true}]}}