{"id":24,"date":"2016-05-11T14:45:54","date_gmt":"2016-05-11T11:45:54","guid":{"rendered":"https:\/\/blogit.gradia.fi\/digivalinnainen\/?page_id=24"},"modified":"2020-01-23T11:21:47","modified_gmt":"2020-01-23T09:21:47","slug":"osaaminen","status":"publish","type":"page","link":"https:\/\/blogit.gradia.fi\/digivalinnainen\/osaaminen\/","title":{"rendered":"6 Osaaminen"},"content":{"rendered":"<p><strong>Oman osaamisen kehitt\u00e4minen ja jakaminen s\u00e4hk\u00f6isiss\u00e4 medioissa<\/strong><\/p>\n<p>Avaa uusi <a href=\"http:\/\/office.gradia.fi\"><em>Sway<\/em>-esitys<\/a>. Tee kaikki sis\u00e4lt\u00f6 samaan esitykseen.<\/p>\n<ol>\n<li><em>Swayn nimi: Osaaminen, tekstin\u00e4<\/em> tekij\u00e4n nimi ja ryhm\u00e4<\/li>\n<li><em>Tietoteknisen osaamisen kehitt\u00e4minen -otsikko<\/em>\n<ul>\n<li>Etsi sopiva s\u00e4hk\u00f6inen media-alusta (<em>blogi<\/em>, <em>YouTube<\/em>, <em>Facebook<\/em>, <em>LinkedIn<\/em>, <em>Pinterest tai PowerPoint<\/em>).\n<ul>\n<li>Luo suunnitelmassa valitsemaasi <em>tietoteknist\u00e4 osaamistasi ja ammattitaitoasi<\/em> esittelev\u00e4 kokonaisuus (<em>eli digitaalinen portfolio<\/em>). Kerro\u00a0ainakin\n<ul>\n<li>nimesi ja tuleva ammattisi,<\/li>\n<li>opintosi,\u00a0omat vahvuusalueesi ja ty\u00f6kokemuksesi,<\/li>\n<li>teht\u00e4v\u00e4t, projektit ja ty\u00f6t, joita olet mahdollisesti tehnyt\u00a0(<em>valokuvat ja\/tai videot<\/em>),<\/li>\n<li>suurimmat kiinnostusalueet tulevassa ammatissasi,<\/li>\n<li>tietotaitosi <em>kehitt\u00e4mistarpeet<\/em> ja\/tai <em>-suunnitelma<\/em>,<\/li>\n<li>tulevaisuudessa kiinnostavat ty\u00f6t<\/li>\n<li>kerro mit\u00e4 erityist\u00e4 tietoteknist\u00e4 osaamista sinulla on.<\/li>\n<li>esittele tietoteknist\u00e4 erityisosaamistasi (<em>esim. laitteisto tai ohjelmisto, tietokone tai k\u00e4nnykk\u00e4<\/em>)\u00a0<em>kahdella<\/em> esimerkill\u00e4.\n<ol>\n<li>Kirjoita kuvaus tai ohje\u00a0osaamastasi taidosta.<\/li>\n<li>Lis\u00e4\u00e4 v\u00e4hint\u00e4\u00e4n <em>kaksi itse otettua<\/em> kuvaa, \u00e4\u00e4nt\u00e4 ja\/tai videoita osaamastasi taidosta.<\/li>\n<\/ol>\n<\/li>\n<\/ul>\n<\/li>\n<li><em>Tekstin\u00e4<\/em> lis\u00e4\u00e4 <em>Swayhin<\/em> linkki ja <em>itse otettuja<\/em> ruutukaappauskuvia edell\u00e4 tekem\u00e4st\u00e4si materiaalista.<\/li>\n<\/ul>\n<\/li>\n<li>Arvioi miten hyvin kyseinen s\u00e4hk\u00f6isen median v\u00e4line sopii\u00a0tietotaitosi esittelyyn ja kehitt\u00e4miseen.<\/li>\n<\/ul>\n<\/li>\n<li><em>Tietoteknisen osaamisen jakaminen<\/em>\n<ul>\n<li>Suunnitelmassa pohdit jo tietoteknisen osaamisen jakamista, kuinka jakaisit edell\u00e4 luodun materiaalisi (digitaalinen portfolio).Kerro, miten voit jakaa s\u00e4hk\u00f6isiss\u00e4 medioissa tietoteknist\u00e4 erityisosaamistasi\n<ul>\n<li>opinnoissasi ja\/tai ty\u00f6ss\u00e4si,<\/li>\n<li>yst\u00e4villesi ja\/tai harrastuksissasi.<\/li>\n<\/ul>\n<\/li>\n<\/ul>\n<\/li>\n<li>Jos esitys on tehty parity\u00f6n\u00e4, lis\u00e4\u00e4 esityksen loppuun prosenttiosuusarvio ja kuvaus molempien tekem\u00e4st\u00e4 ty\u00f6st\u00e4.<\/li>\n<\/ol>\n<p>Palauta valmiin esityksesi <em>Sway<\/em>-linkki opettajallesi <a href=\"http:\/\/wilma.gradia.fi\"><em>Wilma<\/em>-viestill\u00e4 \u00a0 <\/a><span class=\"TextRun  BCX1 SCXW185243607\" lang=\"FI-FI\" xml:lang=\"FI-FI\" data-contrast=\"none\"><span class=\"NormalTextRun  BCX1 SCXW185243607\">tai OneDrive kansioon<\/span><\/span>. K\u00e4yt\u00e4 vain ja ainoastaan jo edell\u00e4 luotua <em>Wilma<\/em>-viestiketjua!<\/p>\n","protected":false},"excerpt":{"rendered":"<p>Oman osaamisen kehitt\u00e4minen ja jakaminen s\u00e4hk\u00f6isiss\u00e4 medioissa Avaa uusi Sway-esitys. Tee kaikki sis\u00e4lt\u00f6 samaan esitykseen. Swayn nimi: Osaaminen, tekstin\u00e4 tekij\u00e4n nimi ja ryhm\u00e4 Tietoteknisen osaamisen kehitt\u00e4minen -otsikko Etsi sopiva s\u00e4hk\u00f6inen media-alusta (blogi, YouTube, Facebook, LinkedIn, Pinterest tai PowerPoint). Luo suunnitelmassa valitsemaasi tietoteknist\u00e4 osaamistasi ja ammattitaitoasi esittelev\u00e4 kokonaisuus (eli digitaalinen portfolio). Kerro\u00a0ainakin nimesi ja tuleva ammattisi, &hellip; <a href=\"https:\/\/blogit.gradia.fi\/digivalinnainen\/osaaminen\/\" class=\"more-link\">Jatka lukemista <span class=\"screen-reader-text\">6 Osaaminen<\/span> <span class=\"meta-nav\">&rarr;<\/span><\/a><\/p>\n","protected":false},"author":107,"featured_media":0,"parent":0,"menu_order":0,"comment_status":"closed","ping_status":"closed","template":"","meta":{"_uag_custom_page_level_css":"","footnotes":""},"class_list":["post-24","page","type-page","status-publish","hentry"],"yoast_head":"<!-- This site is optimized with the Yoast SEO plugin v27.2 - https:\/\/yoast.com\/product\/yoast-seo-wordpress\/ -->\n<title>6 Osaaminen - Tieto- ja viestint\u00e4tekniikka sek\u00e4 sen hy\u00f6dynt\u00e4minen, valinnainen<\/title>\n<meta name=\"robots\" content=\"index, follow, max-snippet:-1, max-image-preview:large, max-video-preview:-1\" \/>\n<link rel=\"canonical\" href=\"https:\/\/blogit.gradia.fi\/digivalinnainen\/osaaminen\/\" \/>\n<meta property=\"og:locale\" content=\"fi_FI\" \/>\n<meta property=\"og:type\" content=\"article\" \/>\n<meta property=\"og:title\" content=\"6 Osaaminen - Tieto- ja viestint\u00e4tekniikka sek\u00e4 sen hy\u00f6dynt\u00e4minen, valinnainen\" \/>\n<meta property=\"og:description\" content=\"Oman osaamisen kehitt\u00e4minen ja jakaminen s\u00e4hk\u00f6isiss\u00e4 medioissa Avaa uusi Sway-esitys. Tee kaikki sis\u00e4lt\u00f6 samaan esitykseen. Swayn nimi: Osaaminen, tekstin\u00e4 tekij\u00e4n nimi ja ryhm\u00e4 Tietoteknisen osaamisen kehitt\u00e4minen -otsikko Etsi sopiva s\u00e4hk\u00f6inen media-alusta (blogi, YouTube, Facebook, LinkedIn, Pinterest tai PowerPoint). Luo suunnitelmassa valitsemaasi tietoteknist\u00e4 osaamistasi ja ammattitaitoasi esittelev\u00e4 kokonaisuus (eli digitaalinen portfolio). Kerro\u00a0ainakin nimesi ja tuleva ammattisi, &hellip; Jatka lukemista 6 Osaaminen &rarr;\" \/>\n<meta property=\"og:url\" content=\"https:\/\/blogit.gradia.fi\/digivalinnainen\/osaaminen\/\" \/>\n<meta property=\"og:site_name\" content=\"Tieto- ja viestint\u00e4tekniikka sek\u00e4 sen hy\u00f6dynt\u00e4minen, valinnainen\" \/>\n<meta property=\"article:modified_time\" content=\"2020-01-23T09:21:47+00:00\" \/>\n<meta name=\"twitter:card\" content=\"summary_large_image\" \/>\n<meta name=\"twitter:label1\" content=\"Arvioitu lukuaika\" \/>\n\t<meta name=\"twitter:data1\" content=\"1 minuutti\" \/>\n<script type=\"application\/ld+json\" class=\"yoast-schema-graph\">{\"@context\":\"https:\/\/schema.org\",\"@graph\":[{\"@type\":\"WebPage\",\"@id\":\"https:\/\/blogit.gradia.fi\/digivalinnainen\/osaaminen\/\",\"url\":\"https:\/\/blogit.gradia.fi\/digivalinnainen\/osaaminen\/\",\"name\":\"6 Osaaminen - Tieto- ja viestint\u00e4tekniikka sek\u00e4 sen hy\u00f6dynt\u00e4minen, valinnainen\",\"isPartOf\":{\"@id\":\"https:\/\/blogit.gradia.fi\/digivalinnainen\/#website\"},\"datePublished\":\"2016-05-11T11:45:54+00:00\",\"dateModified\":\"2020-01-23T09:21:47+00:00\",\"inLanguage\":\"fi\",\"potentialAction\":[{\"@type\":\"ReadAction\",\"target\":[\"https:\/\/blogit.gradia.fi\/digivalinnainen\/osaaminen\/\"]}]},{\"@type\":\"WebSite\",\"@id\":\"https:\/\/blogit.gradia.fi\/digivalinnainen\/#website\",\"url\":\"https:\/\/blogit.gradia.fi\/digivalinnainen\/\",\"name\":\"Tieto- ja viestint\u00e4tekniikka sek\u00e4 sen hy\u00f6dynt\u00e4minen, valinnainen\",\"description\":\"\",\"potentialAction\":[{\"@type\":\"SearchAction\",\"target\":{\"@type\":\"EntryPoint\",\"urlTemplate\":\"https:\/\/blogit.gradia.fi\/digivalinnainen\/?s={search_term_string}\"},\"query-input\":{\"@type\":\"PropertyValueSpecification\",\"valueRequired\":true,\"valueName\":\"search_term_string\"}}],\"inLanguage\":\"fi\"}]}<\/script>\n<!-- \/ Yoast SEO plugin. -->","yoast_head_json":{"title":"6 Osaaminen - Tieto- ja viestint\u00e4tekniikka sek\u00e4 sen hy\u00f6dynt\u00e4minen, valinnainen","robots":{"index":"index","follow":"follow","max-snippet":"max-snippet:-1","max-image-preview":"max-image-preview:large","max-video-preview":"max-video-preview:-1"},"canonical":"https:\/\/blogit.gradia.fi\/digivalinnainen\/osaaminen\/","og_locale":"fi_FI","og_type":"article","og_title":"6 Osaaminen - Tieto- ja viestint\u00e4tekniikka sek\u00e4 sen hy\u00f6dynt\u00e4minen, valinnainen","og_description":"Oman osaamisen kehitt\u00e4minen ja jakaminen s\u00e4hk\u00f6isiss\u00e4 medioissa Avaa uusi Sway-esitys. Tee kaikki sis\u00e4lt\u00f6 samaan esitykseen. Swayn nimi: Osaaminen, tekstin\u00e4 tekij\u00e4n nimi ja ryhm\u00e4 Tietoteknisen osaamisen kehitt\u00e4minen -otsikko Etsi sopiva s\u00e4hk\u00f6inen media-alusta (blogi, YouTube, Facebook, LinkedIn, Pinterest tai PowerPoint). Luo suunnitelmassa valitsemaasi tietoteknist\u00e4 osaamistasi ja ammattitaitoasi esittelev\u00e4 kokonaisuus (eli digitaalinen portfolio). Kerro\u00a0ainakin nimesi ja tuleva ammattisi, &hellip; Jatka lukemista 6 Osaaminen &rarr;","og_url":"https:\/\/blogit.gradia.fi\/digivalinnainen\/osaaminen\/","og_site_name":"Tieto- ja viestint\u00e4tekniikka sek\u00e4 sen hy\u00f6dynt\u00e4minen, valinnainen","article_modified_time":"2020-01-23T09:21:47+00:00","twitter_card":"summary_large_image","twitter_misc":{"Arvioitu lukuaika":"1 minuutti"},"schema":{"@context":"https:\/\/schema.org","@graph":[{"@type":"WebPage","@id":"https:\/\/blogit.gradia.fi\/digivalinnainen\/osaaminen\/","url":"https:\/\/blogit.gradia.fi\/digivalinnainen\/osaaminen\/","name":"6 Osaaminen - Tieto- ja viestint\u00e4tekniikka sek\u00e4 sen hy\u00f6dynt\u00e4minen, valinnainen","isPartOf":{"@id":"https:\/\/blogit.gradia.fi\/digivalinnainen\/#website"},"datePublished":"2016-05-11T11:45:54+00:00","dateModified":"2020-01-23T09:21:47+00:00","inLanguage":"fi","potentialAction":[{"@type":"ReadAction","target":["https:\/\/blogit.gradia.fi\/digivalinnainen\/osaaminen\/"]}]},{"@type":"WebSite","@id":"https:\/\/blogit.gradia.fi\/digivalinnainen\/#website","url":"https:\/\/blogit.gradia.fi\/digivalinnainen\/","name":"Tieto- ja viestint\u00e4tekniikka sek\u00e4 sen hy\u00f6dynt\u00e4minen, valinnainen","description":"","potentialAction":[{"@type":"SearchAction","target":{"@type":"EntryPoint","urlTemplate":"https:\/\/blogit.gradia.fi\/digivalinnainen\/?s={search_term_string}"},"query-input":{"@type":"PropertyValueSpecification","valueRequired":true,"valueName":"search_term_string"}}],"inLanguage":"fi"}]}},"uagb_featured_image_src":{"full":false,"thumbnail":false,"medium":false,"medium_large":false,"large":false,"1536x1536":false,"2048x2048":false,"post-thumbnail":false},"uagb_author_info":{"display_name":"Henri Jaakkola","author_link":"https:\/\/blogit.gradia.fi\/digivalinnainen\/author\/jaakkhen\/"},"uagb_comment_info":0,"uagb_excerpt":"Oman osaamisen kehitt\u00e4minen ja jakaminen s\u00e4hk\u00f6isiss\u00e4 medioissa Avaa uusi Sway-esitys. Tee kaikki sis\u00e4lt\u00f6 samaan esitykseen. Swayn nimi: Osaaminen, tekstin\u00e4 tekij\u00e4n nimi ja ryhm\u00e4 Tietoteknisen osaamisen kehitt\u00e4minen -otsikko Etsi sopiva s\u00e4hk\u00f6inen media-alusta (blogi, YouTube, Facebook, LinkedIn, Pinterest tai PowerPoint). Luo suunnitelmassa valitsemaasi tietoteknist\u00e4 osaamistasi ja ammattitaitoasi esittelev\u00e4 kokonaisuus (eli digitaalinen portfolio). Kerro\u00a0ainakin nimesi ja tuleva ammattisi,&hellip;","_links":{"self":[{"href":"https:\/\/blogit.gradia.fi\/digivalinnainen\/wp-json\/wp\/v2\/pages\/24","targetHints":{"allow":["GET"]}}],"collection":[{"href":"https:\/\/blogit.gradia.fi\/digivalinnainen\/wp-json\/wp\/v2\/pages"}],"about":[{"href":"https:\/\/blogit.gradia.fi\/digivalinnainen\/wp-json\/wp\/v2\/types\/page"}],"author":[{"embeddable":true,"href":"https:\/\/blogit.gradia.fi\/digivalinnainen\/wp-json\/wp\/v2\/users\/107"}],"replies":[{"embeddable":true,"href":"https:\/\/blogit.gradia.fi\/digivalinnainen\/wp-json\/wp\/v2\/comments?post=24"}],"version-history":[{"count":5,"href":"https:\/\/blogit.gradia.fi\/digivalinnainen\/wp-json\/wp\/v2\/pages\/24\/revisions"}],"predecessor-version":[{"id":492,"href":"https:\/\/blogit.gradia.fi\/digivalinnainen\/wp-json\/wp\/v2\/pages\/24\/revisions\/492"}],"wp:attachment":[{"href":"https:\/\/blogit.gradia.fi\/digivalinnainen\/wp-json\/wp\/v2\/media?parent=24"}],"curies":[{"name":"wp","href":"https:\/\/api.w.org\/{rel}","templated":true}]}}