{"id":18,"date":"2016-05-11T14:41:35","date_gmt":"2016-05-11T11:41:35","guid":{"rendered":"https:\/\/blogit.gradia.fi\/digivalinnainen\/?page_id=18"},"modified":"2020-01-23T11:03:17","modified_gmt":"2020-01-23T09:03:17","slug":"kayttoonotto","status":"publish","type":"page","link":"https:\/\/blogit.gradia.fi\/digivalinnainen\/kayttoonotto\/","title":{"rendered":"3 K\u00e4ytt\u00f6\u00f6notto"},"content":{"rendered":"<p><strong>TVT- laitteiden ja sovellusten k\u00e4ytt\u00f6\u00f6notto<\/strong><\/p>\n<p>Avaa uusi <a href=\"http:\/\/office.gradia.fi\"><em>Sway<\/em>-esitys<\/a>. Tee kaikki sis\u00e4lt\u00f6 samaan esitykseen.<\/p>\n<ol>\n<li><em>Swayn nimi: K\u00e4ytt\u00f6\u00f6notto<\/em>, <em>tekstin\u00e4<\/em> tekij\u00e4n nimi ja ryhm\u00e4.<\/li>\n<li><em>Tietokoneen liitinvaihtoehdot -otsikko<\/em>\n<ul>\n<li data-aria-level=\"2\" data-aria-posinset=\"1\" data-listid=\"3\" data-font=\"Wingdings\" data-leveltext=\"\uf0a7\"><a href=\"http:\/\/google.fi\/\"><span data-contrast=\"none\">Etsi tietoa<\/span><\/a><span data-contrast=\"none\"> ja\u202fkerro <\/span><i><span data-contrast=\"none\">tekstin\u00e4<\/span><\/i> <span data-contrast=\"none\">seuraavista<\/span> <span data-contrast=\"none\">liittim<\/span><span data-contrast=\"none\">i<\/span><span data-contrast=\"none\">st\u00e4 <\/span><span data-contrast=\"none\">\/<\/span><span data-contrast=\"none\"> liit\u00e4nt\u00e4tav<\/span><span data-contrast=\"none\">oi<\/span><span data-contrast=\"none\">sta (<\/span><span data-contrast=\"none\">displayport<\/span><span data-contrast=\"none\">,<\/span> <span data-contrast=\"none\">ethernet<\/span><span data-contrast=\"none\">, <\/span><span data-contrast=\"none\">toslink<\/span><span data-contrast=\"none\">, s\/<\/span><span data-contrast=\"none\">pdif<\/span> <span data-contrast=\"none\">).<\/span><span data-ccp-props=\"{&quot;134233117&quot;:true,&quot;134233118&quot;:true,&quot;201341983&quot;:0,&quot;335559685&quot;:720,&quot;335559739&quot;:160,&quot;335559740&quot;:240,&quot;469777462&quot;:[1440],&quot;469777927&quot;:[0],&quot;469777928&quot;:[0]}\">\u00a0<\/span><\/li>\n<li data-aria-level=\"2\" data-aria-posinset=\"2\" data-listid=\"3\" data-font=\"Wingdings\" data-leveltext=\"\uf0a7\"><span data-contrast=\"none\">Esittele valitsemasi liittimet ja\/tai liit\u00e4nt\u00e4tavat <\/span><i><span data-contrast=\"none\">itse <\/span><\/i><i><span data-contrast=\"none\">otettujen<\/span><\/i><i><span data-contrast=\"none\"> tai internetist\u00e4 haettujen<\/span><\/i><span data-contrast=\"none\">\u202fkuvien avulla.<\/span><span data-contrast=\"none\"> Huolehdi, ett\u00e4 sinulla on k\u00e4ytt\u00f6oikeus kaikkiin kuviin!<\/span><span data-ccp-props=\"{&quot;134233117&quot;:true,&quot;134233118&quot;:true,&quot;201341983&quot;:0,&quot;335559685&quot;:720,&quot;335559739&quot;:160,&quot;335559740&quot;:240,&quot;469777462&quot;:[1440],&quot;469777927&quot;:[0],&quot;469777928&quot;:[0]}\">\u00a0<\/span><\/li>\n<li data-aria-level=\"2\" data-aria-posinset=\"3\" data-listid=\"3\" data-font=\"Wingdings\" data-leveltext=\"\uf0a7\"><span data-contrast=\"none\">Kerro, mit\u00e4 liittimiin ja\/tai liit\u00e4nt\u00e4tapoihin voi liitt\u00e4\u00e4 ja mit\u00e4 hy\u00f6ty\u00e4 se tuo <\/span><span data-contrast=\"none\">verrattuna <\/span><span data-contrast=\"none\">johonkin vaihtoehtoiseen liit\u00e4nt\u00e4tapaan<\/span><span data-contrast=\"none\">.<\/span><span data-ccp-props=\"{&quot;134233117&quot;:true,&quot;134233118&quot;:true,&quot;201341983&quot;:0,&quot;335559685&quot;:720,&quot;335559739&quot;:160,&quot;335559740&quot;:240,&quot;469777462&quot;:[1440],&quot;469777927&quot;:[0],&quot;469777928&quot;:[0]}\">\u00a0<\/span><\/li>\n<li data-aria-level=\"2\" data-aria-posinset=\"4\" data-listid=\"3\" data-font=\"Wingdings\" data-leveltext=\"\uf0a7\"><span data-contrast=\"none\">Lis\u00e4\u00e4 kuvia <\/span><span data-contrast=\"none\">liittimist\u00e4\/liit\u00e4nn\u00f6ist\u00e4<\/span><span data-contrast=\"none\"> tekij\u00e4noikeudet muistaen<\/span><span data-ccp-props=\"{&quot;134233117&quot;:true,&quot;134233118&quot;:true,&quot;201341983&quot;:0,&quot;335559685&quot;:720,&quot;335559739&quot;:160,&quot;335559740&quot;:240,&quot;469777462&quot;:[1440],&quot;469777927&quot;:[0],&quot;469777928&quot;:[0]}\">\u00a0<\/span><\/li>\n<\/ul>\n<\/li>\n<li><em>Tietokoneeseen liitettyj\u00e4 laitteita<\/em>\n<ul>\n<li><a href=\"http:\/\/google.fi\">Etsi tietoa<\/a> ja luo esitykseen ohjeet siit\u00e4,\n<ol>\n<li data-aria-level=\"2\" data-aria-posinset=\"2\" data-listid=\"9\" data-font=\"Wingdings\" data-leveltext=\"\uf0a7\"><span data-contrast=\"none\">miten<\/span><span data-contrast=\"none\"> suunnitelmassa<\/span><span data-contrast=\"none\"> valitsemasi laite yhdistet\u00e4\u00e4n tietokoneeseen<\/span> <span data-contrast=\"none\">tai miten <\/span><span data-contrast=\"none\">siit\u00e4<\/span><span data-contrast=\"none\"> saatava tieto siirret\u00e4\u00e4n tietokoneeseen<\/span><span data-contrast=\"none\">,<\/span><span data-ccp-props=\"{&quot;134233118&quot;:true,&quot;201341983&quot;:0,&quot;335559685&quot;:1080,&quot;335559739&quot;:160,&quot;335559740&quot;:240,&quot;469777462&quot;:[1440],&quot;469777927&quot;:[0],&quot;469777928&quot;:[0]}\">\u00a0<\/span><\/li>\n<li data-aria-level=\"2\" data-aria-posinset=\"3\" data-listid=\"9\" data-font=\"Wingdings\" data-leveltext=\"\uf0a7\"><span data-contrast=\"none\">mit\u00e4 <\/span><a href=\"https:\/\/fi.wikipedia.org\/wiki\/Laiteajuri\"><span data-contrast=\"none\">ajureita<\/span><\/a><span data-contrast=\"none\"> valitsemasi lait<\/span><span data-contrast=\"none\">e<\/span><span data-contrast=\"none\"> tarvitse<\/span><span data-contrast=\"none\">e<\/span><span data-contrast=\"none\"> toimiakseen (<\/span><span data-contrast=\"none\">tai jos <\/span><span data-contrast=\"none\">s<\/span><span data-contrast=\"none\">e toimi<\/span><span data-contrast=\"none\">i<\/span><span data-contrast=\"none\"> ilman erillisi\u00e4 ajureita, miksi n\u00e4in on ja mit\u00e4 hy\u00f6ty\u00e4 erillisist\u00e4 ajureista voisi olla<\/span><span data-contrast=\"none\">),<\/span><span data-ccp-props=\"{&quot;134233117&quot;:true,&quot;134233118&quot;:true,&quot;201341983&quot;:0,&quot;335559685&quot;:1080,&quot;335559739&quot;:160,&quot;335559740&quot;:240,&quot;469777462&quot;:[1440],&quot;469777927&quot;:[0],&quot;469777928&quot;:[0]}\">\u00a0<\/span><\/li>\n<li data-aria-level=\"2\" data-aria-posinset=\"4\" data-listid=\"9\" data-font=\"Wingdings\" data-leveltext=\"\uf0a7\"><span data-contrast=\"none\">miten testaat laitte<\/span><span data-contrast=\"none\">en<\/span><span data-contrast=\"none\"> toiminnan.<\/span><span data-ccp-props=\"{&quot;134233117&quot;:true,&quot;134233118&quot;:true,&quot;201341983&quot;:0,&quot;335559685&quot;:1080,&quot;335559739&quot;:160,&quot;335559740&quot;:240,&quot;469777462&quot;:[1440],&quot;469777927&quot;:[0],&quot;469777928&quot;:[0]}\">\u00a0<\/span><\/li>\n<li data-aria-level=\"2\" data-aria-posinset=\"5\" data-listid=\"9\" data-font=\"Wingdings\" data-leveltext=\"\uf0a7\"><span data-contrast=\"none\">Lis\u00e4\u00e4 <\/span><span data-contrast=\"none\">laitteesta<\/span><span data-contrast=\"none\"> internetist\u00e4 l\u00f6ytyneit\u00e4 tai<\/span> <i><span data-contrast=\"none\">itse otettuja<\/span><\/i><span data-contrast=\"none\"> kuvia ja\/tai videoita.<\/span><span data-contrast=\"none\"> Muista j\u00e4lleen tekij\u00e4noikeudet.<\/span><span data-ccp-props=\"{&quot;134233117&quot;:true,&quot;134233118&quot;:true,&quot;201341983&quot;:0,&quot;335559685&quot;:1080,&quot;335559739&quot;:160,&quot;335559740&quot;:240,&quot;469777462&quot;:[1440],&quot;469777927&quot;:[0],&quot;469777928&quot;:[0]}\">\u00a0<\/span><\/li>\n<\/ol>\n<\/li>\n<\/ul>\n<\/li>\n<li><em>Tietokonesovelluksen k\u00e4ytt\u00f6\u00f6notto<\/em>\n<ul>\n<li data-aria-level=\"2\" data-aria-posinset=\"1\" data-listid=\"9\" data-font=\"Wingdings\" data-leveltext=\"\uf0a7\"><span data-contrast=\"none\">Seuraavat asiat tehd\u00e4\u00e4n suunnitelmassa valit<\/span><span data-contrast=\"none\">un ammattiin liittyv\u00e4n sovelluksen osalta<\/span><span data-ccp-props=\"{&quot;134233117&quot;:true,&quot;134233118&quot;:true,&quot;201341983&quot;:0,&quot;335559685&quot;:1080,&quot;335559739&quot;:160,&quot;335559740&quot;:240,&quot;469777462&quot;:[1440,2160],&quot;469777927&quot;:[0,0],&quot;469777928&quot;:[0,8]}\">\u00a0<\/span>\n<ul>\n<li><a href=\"http:\/\/google.fi\">Etsi tietoa<\/a> ja luo esitykseen ohjeet ja\/tai tietoa siit\u00e4,\n<ol>\n<li>mist\u00e4 sen voi <em>turvallisesti<\/em> ladata ja mit\u00e4 se maksaa,<\/li>\n<li>miten se asennetaan (<em>vaiheet<\/em>, <em>valinnat<\/em>, <em>aika<\/em>, <em>levytila<\/em>),<\/li>\n<li>mit\u00e4 tarkoittaa <em>loppuk\u00e4ytt\u00e4j\u00e4n lisenssisopimus<\/em> eli <em>EULA<\/em>,<\/li>\n<li>mit\u00e4 ongelmia asennuksessa voi olla ja miten niist\u00e4 selvit\u00e4\u00e4n,<\/li>\n<li>mit\u00e4 asennuksen j\u00e4lkeen tehd\u00e4\u00e4n (<em>valinnat<\/em>, <em>asetukset<\/em>),<\/li>\n<li>miten se poistetaan ja mit\u00e4 hy\u00f6ty\u00e4 poistosta voi olla.<\/li>\n<\/ol>\n<\/li>\n<li>Lis\u00e4\u00e4 k\u00e4ytt\u00f6\u00f6notosta\u00a0<em>itse otettuja<\/em>\u00a0kuvia, ruutukaappauksia ja\/tai videoita.<\/li>\n<\/ul>\n<\/li>\n<\/ul>\n<\/li>\n<li>Jos esitys on tehty parity\u00f6n\u00e4, lis\u00e4\u00e4 esityksen loppuun prosenttiosuusarvio ja kuvaus molempien tekem\u00e4st\u00e4 ty\u00f6st\u00e4.<\/li>\n<\/ol>\n<p>Palauta valmiin esityksesi <em>Sway<\/em>-linkki opettajallesi <a href=\"http:\/\/wilma.gradia.fi\"><em>Wilma<\/em>-viestill\u00e4 <\/a> <span class=\"TextRun  BCX1 SCXW189168783\" lang=\"FI-FI\" xml:lang=\"FI-FI\" data-contrast=\"none\"><span class=\"NormalTextRun  BCX1 SCXW189168783\">tai OneDrive kansioon<\/span><\/span><span class=\"TextRun  BCX1 SCXW189168783\" lang=\"FI-FI\" xml:lang=\"FI-FI\" data-contrast=\"none\"><span class=\"NormalTextRun  BCX1 SCXW189168783\">.<\/span><\/span> K\u00e4yt\u00e4 vain ja ainoastaan jo edell\u00e4 luotua <em>Wilma<\/em>-viestiketjua!<\/p>\n","protected":false},"excerpt":{"rendered":"<p>TVT- laitteiden ja sovellusten k\u00e4ytt\u00f6\u00f6notto Avaa uusi Sway-esitys. Tee kaikki sis\u00e4lt\u00f6 samaan esitykseen. Swayn nimi: K\u00e4ytt\u00f6\u00f6notto, tekstin\u00e4 tekij\u00e4n nimi ja ryhm\u00e4. Tietokoneen liitinvaihtoehdot -otsikko Etsi tietoa ja\u202fkerro tekstin\u00e4 seuraavista liittimist\u00e4 \/ liit\u00e4nt\u00e4tavoista (displayport, ethernet, toslink, s\/pdif ).\u00a0 Esittele valitsemasi liittimet ja\/tai liit\u00e4nt\u00e4tavat itse otettujen tai internetist\u00e4 haettujen\u202fkuvien avulla. Huolehdi, ett\u00e4 sinulla on k\u00e4ytt\u00f6oikeus kaikkiin kuviin!\u00a0 &hellip; <a href=\"https:\/\/blogit.gradia.fi\/digivalinnainen\/kayttoonotto\/\" class=\"more-link\">Jatka lukemista <span class=\"screen-reader-text\">3 K\u00e4ytt\u00f6\u00f6notto<\/span> <span class=\"meta-nav\">&rarr;<\/span><\/a><\/p>\n","protected":false},"author":107,"featured_media":0,"parent":0,"menu_order":0,"comment_status":"closed","ping_status":"closed","template":"","meta":{"_uag_custom_page_level_css":"","footnotes":""},"class_list":["post-18","page","type-page","status-publish","hentry"],"yoast_head":"<!-- This site is optimized with the Yoast SEO plugin v27.2 - https:\/\/yoast.com\/product\/yoast-seo-wordpress\/ -->\n<title>3 K\u00e4ytt\u00f6\u00f6notto - Tieto- ja viestint\u00e4tekniikka sek\u00e4 sen hy\u00f6dynt\u00e4minen, valinnainen<\/title>\n<meta name=\"robots\" content=\"index, follow, max-snippet:-1, max-image-preview:large, max-video-preview:-1\" \/>\n<link rel=\"canonical\" href=\"https:\/\/blogit.gradia.fi\/digivalinnainen\/kayttoonotto\/\" \/>\n<meta property=\"og:locale\" content=\"fi_FI\" \/>\n<meta property=\"og:type\" content=\"article\" \/>\n<meta property=\"og:title\" content=\"3 K\u00e4ytt\u00f6\u00f6notto - Tieto- ja viestint\u00e4tekniikka sek\u00e4 sen hy\u00f6dynt\u00e4minen, valinnainen\" \/>\n<meta property=\"og:description\" content=\"TVT- laitteiden ja sovellusten k\u00e4ytt\u00f6\u00f6notto Avaa uusi Sway-esitys. Tee kaikki sis\u00e4lt\u00f6 samaan esitykseen. Swayn nimi: K\u00e4ytt\u00f6\u00f6notto, tekstin\u00e4 tekij\u00e4n nimi ja ryhm\u00e4. Tietokoneen liitinvaihtoehdot -otsikko Etsi tietoa ja\u202fkerro tekstin\u00e4 seuraavista liittimist\u00e4 \/ liit\u00e4nt\u00e4tavoista (displayport, ethernet, toslink, s\/pdif ).\u00a0 Esittele valitsemasi liittimet ja\/tai liit\u00e4nt\u00e4tavat itse otettujen tai internetist\u00e4 haettujen\u202fkuvien avulla. Huolehdi, ett\u00e4 sinulla on k\u00e4ytt\u00f6oikeus kaikkiin kuviin!\u00a0 &hellip; Jatka lukemista 3 K\u00e4ytt\u00f6\u00f6notto &rarr;\" \/>\n<meta property=\"og:url\" content=\"https:\/\/blogit.gradia.fi\/digivalinnainen\/kayttoonotto\/\" \/>\n<meta property=\"og:site_name\" content=\"Tieto- ja viestint\u00e4tekniikka sek\u00e4 sen hy\u00f6dynt\u00e4minen, valinnainen\" \/>\n<meta property=\"article:modified_time\" content=\"2020-01-23T09:03:17+00:00\" \/>\n<meta name=\"twitter:card\" content=\"summary_large_image\" \/>\n<meta name=\"twitter:label1\" content=\"Arvioitu lukuaika\" \/>\n\t<meta name=\"twitter:data1\" content=\"1 minuutti\" \/>\n<script type=\"application\/ld+json\" class=\"yoast-schema-graph\">{\"@context\":\"https:\/\/schema.org\",\"@graph\":[{\"@type\":\"WebPage\",\"@id\":\"https:\/\/blogit.gradia.fi\/digivalinnainen\/kayttoonotto\/\",\"url\":\"https:\/\/blogit.gradia.fi\/digivalinnainen\/kayttoonotto\/\",\"name\":\"3 K\u00e4ytt\u00f6\u00f6notto - Tieto- ja viestint\u00e4tekniikka sek\u00e4 sen hy\u00f6dynt\u00e4minen, valinnainen\",\"isPartOf\":{\"@id\":\"https:\/\/blogit.gradia.fi\/digivalinnainen\/#website\"},\"datePublished\":\"2016-05-11T11:41:35+00:00\",\"dateModified\":\"2020-01-23T09:03:17+00:00\",\"inLanguage\":\"fi\",\"potentialAction\":[{\"@type\":\"ReadAction\",\"target\":[\"https:\/\/blogit.gradia.fi\/digivalinnainen\/kayttoonotto\/\"]}]},{\"@type\":\"WebSite\",\"@id\":\"https:\/\/blogit.gradia.fi\/digivalinnainen\/#website\",\"url\":\"https:\/\/blogit.gradia.fi\/digivalinnainen\/\",\"name\":\"Tieto- ja viestint\u00e4tekniikka sek\u00e4 sen hy\u00f6dynt\u00e4minen, valinnainen\",\"description\":\"\",\"potentialAction\":[{\"@type\":\"SearchAction\",\"target\":{\"@type\":\"EntryPoint\",\"urlTemplate\":\"https:\/\/blogit.gradia.fi\/digivalinnainen\/?s={search_term_string}\"},\"query-input\":{\"@type\":\"PropertyValueSpecification\",\"valueRequired\":true,\"valueName\":\"search_term_string\"}}],\"inLanguage\":\"fi\"}]}<\/script>\n<!-- \/ Yoast SEO plugin. -->","yoast_head_json":{"title":"3 K\u00e4ytt\u00f6\u00f6notto - Tieto- ja viestint\u00e4tekniikka sek\u00e4 sen hy\u00f6dynt\u00e4minen, valinnainen","robots":{"index":"index","follow":"follow","max-snippet":"max-snippet:-1","max-image-preview":"max-image-preview:large","max-video-preview":"max-video-preview:-1"},"canonical":"https:\/\/blogit.gradia.fi\/digivalinnainen\/kayttoonotto\/","og_locale":"fi_FI","og_type":"article","og_title":"3 K\u00e4ytt\u00f6\u00f6notto - Tieto- ja viestint\u00e4tekniikka sek\u00e4 sen hy\u00f6dynt\u00e4minen, valinnainen","og_description":"TVT- laitteiden ja sovellusten k\u00e4ytt\u00f6\u00f6notto Avaa uusi Sway-esitys. Tee kaikki sis\u00e4lt\u00f6 samaan esitykseen. Swayn nimi: K\u00e4ytt\u00f6\u00f6notto, tekstin\u00e4 tekij\u00e4n nimi ja ryhm\u00e4. Tietokoneen liitinvaihtoehdot -otsikko Etsi tietoa ja\u202fkerro tekstin\u00e4 seuraavista liittimist\u00e4 \/ liit\u00e4nt\u00e4tavoista (displayport, ethernet, toslink, s\/pdif ).\u00a0 Esittele valitsemasi liittimet ja\/tai liit\u00e4nt\u00e4tavat itse otettujen tai internetist\u00e4 haettujen\u202fkuvien avulla. Huolehdi, ett\u00e4 sinulla on k\u00e4ytt\u00f6oikeus kaikkiin kuviin!\u00a0 &hellip; Jatka lukemista 3 K\u00e4ytt\u00f6\u00f6notto &rarr;","og_url":"https:\/\/blogit.gradia.fi\/digivalinnainen\/kayttoonotto\/","og_site_name":"Tieto- ja viestint\u00e4tekniikka sek\u00e4 sen hy\u00f6dynt\u00e4minen, valinnainen","article_modified_time":"2020-01-23T09:03:17+00:00","twitter_card":"summary_large_image","twitter_misc":{"Arvioitu lukuaika":"1 minuutti"},"schema":{"@context":"https:\/\/schema.org","@graph":[{"@type":"WebPage","@id":"https:\/\/blogit.gradia.fi\/digivalinnainen\/kayttoonotto\/","url":"https:\/\/blogit.gradia.fi\/digivalinnainen\/kayttoonotto\/","name":"3 K\u00e4ytt\u00f6\u00f6notto - Tieto- ja viestint\u00e4tekniikka sek\u00e4 sen hy\u00f6dynt\u00e4minen, valinnainen","isPartOf":{"@id":"https:\/\/blogit.gradia.fi\/digivalinnainen\/#website"},"datePublished":"2016-05-11T11:41:35+00:00","dateModified":"2020-01-23T09:03:17+00:00","inLanguage":"fi","potentialAction":[{"@type":"ReadAction","target":["https:\/\/blogit.gradia.fi\/digivalinnainen\/kayttoonotto\/"]}]},{"@type":"WebSite","@id":"https:\/\/blogit.gradia.fi\/digivalinnainen\/#website","url":"https:\/\/blogit.gradia.fi\/digivalinnainen\/","name":"Tieto- ja viestint\u00e4tekniikka sek\u00e4 sen hy\u00f6dynt\u00e4minen, valinnainen","description":"","potentialAction":[{"@type":"SearchAction","target":{"@type":"EntryPoint","urlTemplate":"https:\/\/blogit.gradia.fi\/digivalinnainen\/?s={search_term_string}"},"query-input":{"@type":"PropertyValueSpecification","valueRequired":true,"valueName":"search_term_string"}}],"inLanguage":"fi"}]}},"uagb_featured_image_src":{"full":false,"thumbnail":false,"medium":false,"medium_large":false,"large":false,"1536x1536":false,"2048x2048":false,"post-thumbnail":false},"uagb_author_info":{"display_name":"Henri Jaakkola","author_link":"https:\/\/blogit.gradia.fi\/digivalinnainen\/author\/jaakkhen\/"},"uagb_comment_info":0,"uagb_excerpt":"TVT- laitteiden ja sovellusten k\u00e4ytt\u00f6\u00f6notto Avaa uusi Sway-esitys. Tee kaikki sis\u00e4lt\u00f6 samaan esitykseen. Swayn nimi: K\u00e4ytt\u00f6\u00f6notto, tekstin\u00e4 tekij\u00e4n nimi ja ryhm\u00e4. Tietokoneen liitinvaihtoehdot -otsikko Etsi tietoa ja\u202fkerro tekstin\u00e4 seuraavista liittimist\u00e4 \/ liit\u00e4nt\u00e4tavoista (displayport, ethernet, toslink, s\/pdif ).\u00a0 Esittele valitsemasi liittimet ja\/tai liit\u00e4nt\u00e4tavat itse otettujen tai internetist\u00e4 haettujen\u202fkuvien avulla. Huolehdi, ett\u00e4 sinulla on k\u00e4ytt\u00f6oikeus kaikkiin kuviin!\u00a0&hellip;","_links":{"self":[{"href":"https:\/\/blogit.gradia.fi\/digivalinnainen\/wp-json\/wp\/v2\/pages\/18","targetHints":{"allow":["GET"]}}],"collection":[{"href":"https:\/\/blogit.gradia.fi\/digivalinnainen\/wp-json\/wp\/v2\/pages"}],"about":[{"href":"https:\/\/blogit.gradia.fi\/digivalinnainen\/wp-json\/wp\/v2\/types\/page"}],"author":[{"embeddable":true,"href":"https:\/\/blogit.gradia.fi\/digivalinnainen\/wp-json\/wp\/v2\/users\/107"}],"replies":[{"embeddable":true,"href":"https:\/\/blogit.gradia.fi\/digivalinnainen\/wp-json\/wp\/v2\/comments?post=18"}],"version-history":[{"count":2,"href":"https:\/\/blogit.gradia.fi\/digivalinnainen\/wp-json\/wp\/v2\/pages\/18\/revisions"}],"predecessor-version":[{"id":486,"href":"https:\/\/blogit.gradia.fi\/digivalinnainen\/wp-json\/wp\/v2\/pages\/18\/revisions\/486"}],"wp:attachment":[{"href":"https:\/\/blogit.gradia.fi\/digivalinnainen\/wp-json\/wp\/v2\/media?parent=18"}],"curies":[{"name":"wp","href":"https:\/\/api.w.org\/{rel}","templated":true}]}}