{"id":137,"date":"2016-09-14T13:08:14","date_gmt":"2016-09-14T10:08:14","guid":{"rendered":"https:\/\/blogit.gradia.fi\/digivalinnainen\/?page_id=137"},"modified":"2020-02-04T08:53:17","modified_gmt":"2020-02-04T06:53:17","slug":"terve","status":"publish","type":"page","link":"https:\/\/blogit.gradia.fi\/digivalinnainen\/","title":{"rendered":"OPS"},"content":{"rendered":"<div class=\"entry-content\">\n<h6>Opintojakson kuvaus<\/h6>\n<h1 id=\"sidepanel-title-1\" class=\"sidepanel-title\">Tieto- ja viestint\u00e4tekniikka sek\u00e4 sen hy\u00f6dynt\u00e4minen, valinnainen<\/h1>\n<p>Opintojakson laajuus on 3 osp (36&#8211;42 h).<\/p>\n<p>Opiskelijat tekev\u00e4t opintojaksossa yksin tai parin kanssa 7 viikkoteht\u00e4v\u00e4kokonaisuutta. He palauttavat teht\u00e4v\u00e4t viikoittain sovitusti, jotta opettaja voi ne arvioida.<\/p>\n<p>Opintojakson teht\u00e4v\u00e4kokonaisuudet ovat:<\/p>\n<ol>\n<li>Suunnitelma<\/li>\n<li>Tietoj\u00e4rjestelm\u00e4t<\/li>\n<li>K\u00e4ytt\u00f6\u00f6notto<\/li>\n<li>Ongelmanratkaisu<\/li>\n<li>Hy\u00f6dynt\u00e4minen<\/li>\n<li>Osaaminen<\/li>\n<li>Itsearvionti<\/li>\n<\/ol>\n<p>Teht\u00e4v\u00e4kokonaisuudet pit\u00e4\u00e4 nimet\u00e4 aina ohjeen mukaan loogisesti.<\/p>\n<h6>Opintojakson opetussuunnitelma<\/h6>\n<p><em>Matemaattis-luonnontieteellinen osaaminen<\/em><\/p>\n<p><em>Osa-alue: Tieto- ja viestint\u00e4tekniikka sek\u00e4 sen hy\u00f6dynt\u00e4minen<\/em><\/p>\n<p>Tieto- ja viestint\u00e4tekniikka sek\u00e4 sen hy\u00f6dynt\u00e4minen, valinnainen, 3 osp<br \/>\n<em>Osaamistavoitteet ja sis\u00e4ll\u00f6t<\/em><\/p>\n<ul>\n<li>Oman alan tietoj\u00e4rjestelmien sovellukset<\/li>\n<li>TVT- sovellusten ongelmien ratkaiseminen<\/li>\n<li>TVT- laitteiden ja sovellusten k\u00e4ytt\u00f6\u00f6notto<\/li>\n<li>Oman osaamisen kehitt\u00e4minen ja jakaminen s\u00e4hk\u00f6isiss\u00e4 medioissa<\/li>\n<li>Digitaalisten materiaalien hy\u00f6dynt\u00e4minen ammatillisen kasvun kuvaamisessa sek\u00e4 oman osaamisen ja ammattitaidon markkinoinnissa<\/li>\n<\/ul>\n<p><em>Toteuttamistavat ja oppimisymp\u00e4rist\u00f6t<\/em><\/p>\n<ul>\n<li>Tutustuminen oman alan tietoj\u00e4rjestelmien sovelluksiin ja niiden t\u00e4rkeimpiin ominaisuuksiin<\/li>\n<li>Sovellusten ja laitteiden kaatuminen (tulostimen ongelmat), tiedosto- ja tallennusmuodot, tiedostojen siirt\u00e4minen<\/li>\n<li>Oheislaitteiden (esim. hiiri, n\u00e4ytt\u00f6, n\u00e4pp\u00e4imist\u00f6, tulostin) liitt\u00e4minen tietokoneeseen, tietokone- tai puhelinsovellusten lataus ja k\u00e4ytt\u00f6 sek\u00e4 poistaminen<\/li>\n<li>Alaan liittyv\u00e4n tiedon hakeminen ja tiedon arvioiminen, s\u00e4hk\u00f6isiss\u00e4 medioissa toimiminen<\/li>\n<li>Digitaalinen portfolio (esim. ty\u00f6hakemus, CV, blogi)<\/li>\n<\/ul>\n<p><em>Valinnaisten osaamistavoitteiden osaamisen arviointi<\/em><\/p>\n<p>Osaaminen osoitetaan suorittamalla opintojakson alussa nimetyt n\u00e4ytt\u00f6teht\u00e4v\u00e4t.<\/p>\n<\/div>\n","protected":false},"excerpt":{"rendered":"<p>Opintojakson kuvaus Tieto- ja viestint\u00e4tekniikka sek\u00e4 sen hy\u00f6dynt\u00e4minen, valinnainen Opintojakson laajuus on 3 osp (36&#8211;42 h). Opiskelijat tekev\u00e4t opintojaksossa yksin tai parin kanssa 7 viikkoteht\u00e4v\u00e4kokonaisuutta. He palauttavat teht\u00e4v\u00e4t viikoittain sovitusti, jotta opettaja voi ne arvioida. Opintojakson teht\u00e4v\u00e4kokonaisuudet ovat: Suunnitelma Tietoj\u00e4rjestelm\u00e4t K\u00e4ytt\u00f6\u00f6notto Ongelmanratkaisu Hy\u00f6dynt\u00e4minen Osaaminen Itsearvionti Teht\u00e4v\u00e4kokonaisuudet pit\u00e4\u00e4 nimet\u00e4 aina ohjeen mukaan loogisesti. Opintojakson opetussuunnitelma Matemaattis-luonnontieteellinen &hellip; <a href=\"https:\/\/blogit.gradia.fi\/digivalinnainen\/\" class=\"more-link\">Jatka lukemista <span class=\"screen-reader-text\">OPS<\/span> <span class=\"meta-nav\">&rarr;<\/span><\/a><\/p>\n","protected":false},"author":161,"featured_media":0,"parent":0,"menu_order":0,"comment_status":"closed","ping_status":"closed","template":"","meta":{"_uag_custom_page_level_css":"","footnotes":""},"class_list":["post-137","page","type-page","status-publish","hentry"],"yoast_head":"<!-- This site is optimized with the Yoast SEO plugin v27.2 - https:\/\/yoast.com\/product\/yoast-seo-wordpress\/ -->\n<title>OPS - Tieto- ja viestint\u00e4tekniikka sek\u00e4 sen hy\u00f6dynt\u00e4minen, valinnainen<\/title>\n<meta name=\"robots\" content=\"index, follow, max-snippet:-1, max-image-preview:large, max-video-preview:-1\" \/>\n<link rel=\"canonical\" href=\"https:\/\/blogit.gradia.fi\/digivalinnainen\/\" \/>\n<meta property=\"og:locale\" content=\"fi_FI\" \/>\n<meta property=\"og:type\" content=\"article\" \/>\n<meta property=\"og:title\" content=\"OPS - Tieto- ja viestint\u00e4tekniikka sek\u00e4 sen hy\u00f6dynt\u00e4minen, valinnainen\" \/>\n<meta property=\"og:description\" content=\"Opintojakson kuvaus Tieto- ja viestint\u00e4tekniikka sek\u00e4 sen hy\u00f6dynt\u00e4minen, valinnainen Opintojakson laajuus on 3 osp (36&#8211;42 h). Opiskelijat tekev\u00e4t opintojaksossa yksin tai parin kanssa 7 viikkoteht\u00e4v\u00e4kokonaisuutta. He palauttavat teht\u00e4v\u00e4t viikoittain sovitusti, jotta opettaja voi ne arvioida. Opintojakson teht\u00e4v\u00e4kokonaisuudet ovat: Suunnitelma Tietoj\u00e4rjestelm\u00e4t K\u00e4ytt\u00f6\u00f6notto Ongelmanratkaisu Hy\u00f6dynt\u00e4minen Osaaminen Itsearvionti Teht\u00e4v\u00e4kokonaisuudet pit\u00e4\u00e4 nimet\u00e4 aina ohjeen mukaan loogisesti. Opintojakson opetussuunnitelma Matemaattis-luonnontieteellinen &hellip; Jatka lukemista OPS &rarr;\" \/>\n<meta property=\"og:url\" content=\"https:\/\/blogit.gradia.fi\/digivalinnainen\/\" \/>\n<meta property=\"og:site_name\" content=\"Tieto- ja viestint\u00e4tekniikka sek\u00e4 sen hy\u00f6dynt\u00e4minen, valinnainen\" \/>\n<meta property=\"article:modified_time\" content=\"2020-02-04T06:53:17+00:00\" \/>\n<meta name=\"twitter:card\" content=\"summary_large_image\" \/>\n<meta name=\"twitter:label1\" content=\"Arvioitu lukuaika\" \/>\n\t<meta name=\"twitter:data1\" content=\"1 minuutti\" \/>\n<script type=\"application\/ld+json\" class=\"yoast-schema-graph\">{\"@context\":\"https:\/\/schema.org\",\"@graph\":[{\"@type\":\"WebPage\",\"@id\":\"https:\/\/blogit.gradia.fi\/digivalinnainen\/\",\"url\":\"https:\/\/blogit.gradia.fi\/digivalinnainen\/\",\"name\":\"OPS - Tieto- ja viestint\u00e4tekniikka sek\u00e4 sen hy\u00f6dynt\u00e4minen, valinnainen\",\"isPartOf\":{\"@id\":\"https:\/\/blogit.gradia.fi\/digivalinnainen\/#website\"},\"datePublished\":\"2016-09-14T10:08:14+00:00\",\"dateModified\":\"2020-02-04T06:53:17+00:00\",\"inLanguage\":\"fi\",\"potentialAction\":[{\"@type\":\"ReadAction\",\"target\":[\"https:\/\/blogit.gradia.fi\/digivalinnainen\/\"]}]},{\"@type\":\"WebSite\",\"@id\":\"https:\/\/blogit.gradia.fi\/digivalinnainen\/#website\",\"url\":\"https:\/\/blogit.gradia.fi\/digivalinnainen\/\",\"name\":\"Tieto- ja viestint\u00e4tekniikka sek\u00e4 sen hy\u00f6dynt\u00e4minen, valinnainen\",\"description\":\"\",\"potentialAction\":[{\"@type\":\"SearchAction\",\"target\":{\"@type\":\"EntryPoint\",\"urlTemplate\":\"https:\/\/blogit.gradia.fi\/digivalinnainen\/?s={search_term_string}\"},\"query-input\":{\"@type\":\"PropertyValueSpecification\",\"valueRequired\":true,\"valueName\":\"search_term_string\"}}],\"inLanguage\":\"fi\"}]}<\/script>\n<!-- \/ Yoast SEO plugin. -->","yoast_head_json":{"title":"OPS - Tieto- ja viestint\u00e4tekniikka sek\u00e4 sen hy\u00f6dynt\u00e4minen, valinnainen","robots":{"index":"index","follow":"follow","max-snippet":"max-snippet:-1","max-image-preview":"max-image-preview:large","max-video-preview":"max-video-preview:-1"},"canonical":"https:\/\/blogit.gradia.fi\/digivalinnainen\/","og_locale":"fi_FI","og_type":"article","og_title":"OPS - Tieto- ja viestint\u00e4tekniikka sek\u00e4 sen hy\u00f6dynt\u00e4minen, valinnainen","og_description":"Opintojakson kuvaus Tieto- ja viestint\u00e4tekniikka sek\u00e4 sen hy\u00f6dynt\u00e4minen, valinnainen Opintojakson laajuus on 3 osp (36&#8211;42 h). Opiskelijat tekev\u00e4t opintojaksossa yksin tai parin kanssa 7 viikkoteht\u00e4v\u00e4kokonaisuutta. He palauttavat teht\u00e4v\u00e4t viikoittain sovitusti, jotta opettaja voi ne arvioida. Opintojakson teht\u00e4v\u00e4kokonaisuudet ovat: Suunnitelma Tietoj\u00e4rjestelm\u00e4t K\u00e4ytt\u00f6\u00f6notto Ongelmanratkaisu Hy\u00f6dynt\u00e4minen Osaaminen Itsearvionti Teht\u00e4v\u00e4kokonaisuudet pit\u00e4\u00e4 nimet\u00e4 aina ohjeen mukaan loogisesti. Opintojakson opetussuunnitelma Matemaattis-luonnontieteellinen &hellip; Jatka lukemista OPS &rarr;","og_url":"https:\/\/blogit.gradia.fi\/digivalinnainen\/","og_site_name":"Tieto- ja viestint\u00e4tekniikka sek\u00e4 sen hy\u00f6dynt\u00e4minen, valinnainen","article_modified_time":"2020-02-04T06:53:17+00:00","twitter_card":"summary_large_image","twitter_misc":{"Arvioitu lukuaika":"1 minuutti"},"schema":{"@context":"https:\/\/schema.org","@graph":[{"@type":"WebPage","@id":"https:\/\/blogit.gradia.fi\/digivalinnainen\/","url":"https:\/\/blogit.gradia.fi\/digivalinnainen\/","name":"OPS - Tieto- ja viestint\u00e4tekniikka sek\u00e4 sen hy\u00f6dynt\u00e4minen, valinnainen","isPartOf":{"@id":"https:\/\/blogit.gradia.fi\/digivalinnainen\/#website"},"datePublished":"2016-09-14T10:08:14+00:00","dateModified":"2020-02-04T06:53:17+00:00","inLanguage":"fi","potentialAction":[{"@type":"ReadAction","target":["https:\/\/blogit.gradia.fi\/digivalinnainen\/"]}]},{"@type":"WebSite","@id":"https:\/\/blogit.gradia.fi\/digivalinnainen\/#website","url":"https:\/\/blogit.gradia.fi\/digivalinnainen\/","name":"Tieto- ja viestint\u00e4tekniikka sek\u00e4 sen hy\u00f6dynt\u00e4minen, valinnainen","description":"","potentialAction":[{"@type":"SearchAction","target":{"@type":"EntryPoint","urlTemplate":"https:\/\/blogit.gradia.fi\/digivalinnainen\/?s={search_term_string}"},"query-input":{"@type":"PropertyValueSpecification","valueRequired":true,"valueName":"search_term_string"}}],"inLanguage":"fi"}]}},"uagb_featured_image_src":{"full":false,"thumbnail":false,"medium":false,"medium_large":false,"large":false,"1536x1536":false,"2048x2048":false,"post-thumbnail":false},"uagb_author_info":{"display_name":"Hanna Frilander","author_link":"https:\/\/blogit.gradia.fi\/digivalinnainen\/author\/frilahan\/"},"uagb_comment_info":0,"uagb_excerpt":"Opintojakson kuvaus Tieto- ja viestint\u00e4tekniikka sek\u00e4 sen hy\u00f6dynt\u00e4minen, valinnainen Opintojakson laajuus on 3 osp (36&#8211;42 h). Opiskelijat tekev\u00e4t opintojaksossa yksin tai parin kanssa 7 viikkoteht\u00e4v\u00e4kokonaisuutta. He palauttavat teht\u00e4v\u00e4t viikoittain sovitusti, jotta opettaja voi ne arvioida. Opintojakson teht\u00e4v\u00e4kokonaisuudet ovat: Suunnitelma Tietoj\u00e4rjestelm\u00e4t K\u00e4ytt\u00f6\u00f6notto Ongelmanratkaisu Hy\u00f6dynt\u00e4minen Osaaminen Itsearvionti Teht\u00e4v\u00e4kokonaisuudet pit\u00e4\u00e4 nimet\u00e4 aina ohjeen mukaan loogisesti. Opintojakson opetussuunnitelma Matemaattis-luonnontieteellinen&hellip;","_links":{"self":[{"href":"https:\/\/blogit.gradia.fi\/digivalinnainen\/wp-json\/wp\/v2\/pages\/137","targetHints":{"allow":["GET"]}}],"collection":[{"href":"https:\/\/blogit.gradia.fi\/digivalinnainen\/wp-json\/wp\/v2\/pages"}],"about":[{"href":"https:\/\/blogit.gradia.fi\/digivalinnainen\/wp-json\/wp\/v2\/types\/page"}],"author":[{"embeddable":true,"href":"https:\/\/blogit.gradia.fi\/digivalinnainen\/wp-json\/wp\/v2\/users\/161"}],"replies":[{"embeddable":true,"href":"https:\/\/blogit.gradia.fi\/digivalinnainen\/wp-json\/wp\/v2\/comments?post=137"}],"version-history":[{"count":2,"href":"https:\/\/blogit.gradia.fi\/digivalinnainen\/wp-json\/wp\/v2\/pages\/137\/revisions"}],"predecessor-version":[{"id":494,"href":"https:\/\/blogit.gradia.fi\/digivalinnainen\/wp-json\/wp\/v2\/pages\/137\/revisions\/494"}],"wp:attachment":[{"href":"https:\/\/blogit.gradia.fi\/digivalinnainen\/wp-json\/wp\/v2\/media?parent=137"}],"curies":[{"name":"wp","href":"https:\/\/api.w.org\/{rel}","templated":true}]}}