{"id":11,"date":"2016-05-11T14:39:19","date_gmt":"2016-05-11T11:39:19","guid":{"rendered":"https:\/\/blogit.gradia.fi\/digivalinnainen\/?page_id=11"},"modified":"2020-01-23T10:47:30","modified_gmt":"2020-01-23T08:47:30","slug":"tietojarjestelma","status":"publish","type":"page","link":"https:\/\/blogit.gradia.fi\/digivalinnainen\/tietojarjestelma\/","title":{"rendered":"2 Tietoj\u00e4rjestelm\u00e4t"},"content":{"rendered":"<p><strong>Oman alan tietoj\u00e4rjestelmien sovellukset<\/strong><\/p>\n<p>Avaa uusi <a href=\"http:\/\/office.gradia.fi\"><em>Sway<\/em>-esitys<\/a>. Tee kaikki sis\u00e4lt\u00f6 samaan esitykseen.<\/p>\n<ol>\n<li><em>Swayn nimi: Tietoj\u00e4rjestelm\u00e4t<\/em>, <em>tekstin\u00e4<\/em> tekij\u00e4n nimi ja ryhm\u00e4.<\/li>\n<li><em>Tieto- ja viestint\u00e4tekniikka ammatissa -otsikko<\/em>\n<ul>\n<li><em>Tekstin\u00e4<\/em> mainitse tuleva ammattisi tai alasi.<\/li>\n<li><a href=\"http:\/\/google.fi\">Etsi tietoa<\/a> ja kerro, miten ammattisi hy\u00f6tyy tieto- ja viestint\u00e4tekniikasta <span data-contrast=\"none\">(<\/span><span data-contrast=\"none\">mieti, mit\u00e4 laitteita ja sovelluksia ammatissa k\u00e4ytet\u00e4\u00e4n?)<\/span><span data-contrast=\"none\">.<\/span><span data-ccp-props=\"{&quot;134233117&quot;:true,&quot;134233118&quot;:true,&quot;201341983&quot;:0,&quot;335559685&quot;:720,&quot;335559739&quot;:160,&quot;335559740&quot;:240,&quot;469777462&quot;:[1440],&quot;469777927&quot;:[0],&quot;469777928&quot;:[0]}\">\u00a0<\/span><\/li>\n<\/ul>\n<\/li>\n<li><em>Tietokone- tai<\/em><em> mobiilisovellukset ammatissa<\/em>\n<ul>\n<li data-aria-level=\"2\" data-aria-posinset=\"1\" data-listid=\"1\" data-font=\"Wingdings\" data-leveltext=\"\uf0a7\"><span data-contrast=\"none\">esittele suunnitelmassa valitsemasi <\/span><span data-contrast=\"none\">oman alan <\/span><b><span data-contrast=\"none\">sovellus<\/span><\/b><span data-contrast=\"none\">, kerro siit\u00e4 t\u00e4rkeimm\u00e4t ominaisuudet kuten<\/span> <span data-contrast=\"none\">k\u00e4ytt\u00f6tarkoitus, hy\u00f6dyt, mahdolliset puutteet <\/span><span data-contrast=\"none\">kerro my\u00f6s<\/span><span data-contrast=\"none\">,<\/span><span data-contrast=\"none\"> kuinka sovellus asennetaan ja sen toiminta testataan.<\/span><span data-contrast=\"none\">\u00a0<\/span><span data-ccp-props=\"{&quot;134233117&quot;:true,&quot;134233118&quot;:true,&quot;201341983&quot;:0,&quot;335559685&quot;:720,&quot;335559739&quot;:160,&quot;335559740&quot;:240,&quot;469777462&quot;:[1440],&quot;469777927&quot;:[0],&quot;469777928&quot;:[0]}\">\u00a0<\/span><\/li>\n<\/ul>\n<\/li>\n<li>\u00a0<em>Tietoj\u00e4rjestelm\u00e4t ammatissa<\/em>\n<ul>\n<li>Lue ja ymm\u00e4rr\u00e4 ensin, mik\u00e4 on <em><a href=\"http:\/\/fi.wikipedia.org\/wiki\/Tietoj\u00e4rjestelm\u00e4\">tietoj\u00e4rjestelm\u00e4<\/a><\/em>.<\/li>\n<li data-aria-level=\"2\" data-aria-posinset=\"2\" data-listid=\"1\" data-font=\"Wingdings\" data-leveltext=\"\uf0a7\"><span data-contrast=\"none\">esittele suunnitelmassa valitsemasi oman alan <\/span><b><span data-contrast=\"none\">tietoj\u00e4rjestelm\u00e4<\/span><\/b><span data-contrast=\"none\">, kerro siit\u00e4 t\u00e4rkeimm\u00e4t ominaisuudet kuten k\u00e4ytt\u00f6tarkoitus, hy\u00f6dyt, mahdolliset puutteet<\/span><span data-contrast=\"none\"> ja omat k\u00e4ytt\u00f6kokemukset.<\/span><span data-ccp-props=\"{&quot;134233117&quot;:true,&quot;134233118&quot;:true,&quot;201341983&quot;:0,&quot;335559685&quot;:720,&quot;335559739&quot;:160,&quot;335559740&quot;:240,&quot;469777462&quot;:[1440],&quot;469777927&quot;:[0],&quot;469777928&quot;:[0]}\">\u00a0<\/span><\/li>\n<\/ul>\n<\/li>\n<li><em>Tietotekniset laitteet ammatissa<\/em>\n<ul>\n<li><a href=\"http:\/\/google.fi\">Etsi tietoa<\/a> ja luettele ammatissasi k\u00e4ytett\u00e4vi\u00e4 tietoteknisi\u00e4 <em>laitteita<\/em>.<\/li>\n<li>Kerro, <em>miten<\/em> ja <em>mihin<\/em> niit\u00e4 ammatissasi k\u00e4ytet\u00e4\u00e4n.<\/li>\n<\/ul>\n<\/li>\n<li><em>Valokuvia ammatista<\/em>\n<ul>\n<li>Lis\u00e4\u00e4 kolme <em>itse otettua<\/em> alkuper\u00e4ist\u00e4 <em>digikuvaa<\/em> ammatistasi.<\/li>\n<li>Lis\u00e4\u00e4 kolme edellisist\u00e4 tarpeenmukaisesti rajattua ja k\u00e4sitelty\u00e4 digikuvaa.<\/li>\n<li>Voit k\u00e4ytt\u00e4\u00e4 esimerkiksi <em>Lis\u00e4\u00e4 vertailuryhm\u00e4<\/em> -ominaisuutta kuvamuutosten esiintuomiseen.<\/li>\n<\/ul>\n<\/li>\n<li><em>Video ammatista<\/em>\n<ul>\n<li>Lis\u00e4\u00e4 yksi <em>itse otettu<\/em> tarpeenmukaisesti leikattu ja k\u00e4sitelty, 20-40 sekunnin mittainen <em>videoesitys<\/em> ammatistasi.<\/li>\n<\/ul>\n<\/li>\n<li>Jos esitys on tehty parity\u00f6n\u00e4, lis\u00e4\u00e4 esityksen loppuun prosenttiosuusarvio ja kuvaus molempien tekem\u00e4st\u00e4 ty\u00f6st\u00e4.<\/li>\n<\/ol>\n<p><span data-contrast=\"none\">Palauta valmiin esityksesi <\/span><i><span data-contrast=\"none\">Sway<\/span><\/i><span data-contrast=\"none\">-linkki opettajallesi <\/span><a href=\"http:\/\/wilma.gradia.fi\/\"><i><span data-contrast=\"none\">Wilma<\/span><\/i><span data-contrast=\"none\">-viestill\u00e4<\/span><\/a> <span data-contrast=\"none\">tai OneDrive kansioon<\/span><span data-contrast=\"none\">. K\u00e4yt\u00e4 vain ja ainoastaan jo edell\u00e4 luotua <\/span><i><span data-contrast=\"none\">Wilma<\/span><\/i><span data-contrast=\"none\">-viestiketjua!<\/span><span data-ccp-props=\"{&quot;201341983&quot;:0,&quot;335559739&quot;:360,&quot;335559740&quot;:240}\">\u00a0<\/span><\/p>\n","protected":false},"excerpt":{"rendered":"<p>Oman alan tietoj\u00e4rjestelmien sovellukset Avaa uusi Sway-esitys. Tee kaikki sis\u00e4lt\u00f6 samaan esitykseen. Swayn nimi: Tietoj\u00e4rjestelm\u00e4t, tekstin\u00e4 tekij\u00e4n nimi ja ryhm\u00e4. Tieto- ja viestint\u00e4tekniikka ammatissa -otsikko Tekstin\u00e4 mainitse tuleva ammattisi tai alasi. Etsi tietoa ja kerro, miten ammattisi hy\u00f6tyy tieto- ja viestint\u00e4tekniikasta (mieti, mit\u00e4 laitteita ja sovelluksia ammatissa k\u00e4ytet\u00e4\u00e4n?).\u00a0 Tietokone- tai mobiilisovellukset ammatissa esittele suunnitelmassa valitsemasi &hellip; <a href=\"https:\/\/blogit.gradia.fi\/digivalinnainen\/tietojarjestelma\/\" class=\"more-link\">Jatka lukemista <span class=\"screen-reader-text\">2 Tietoj\u00e4rjestelm\u00e4t<\/span> <span class=\"meta-nav\">&rarr;<\/span><\/a><\/p>\n","protected":false},"author":111,"featured_media":0,"parent":0,"menu_order":0,"comment_status":"closed","ping_status":"closed","template":"","meta":{"_uag_custom_page_level_css":"","footnotes":""},"class_list":["post-11","page","type-page","status-publish","hentry"],"yoast_head":"<!-- This site is optimized with the Yoast SEO plugin v27.2 - https:\/\/yoast.com\/product\/yoast-seo-wordpress\/ -->\n<title>2 Tietoj\u00e4rjestelm\u00e4t - Tieto- ja viestint\u00e4tekniikka sek\u00e4 sen hy\u00f6dynt\u00e4minen, valinnainen<\/title>\n<meta name=\"robots\" content=\"index, follow, max-snippet:-1, max-image-preview:large, max-video-preview:-1\" \/>\n<link rel=\"canonical\" href=\"https:\/\/blogit.gradia.fi\/digivalinnainen\/tietojarjestelma\/\" \/>\n<meta property=\"og:locale\" content=\"fi_FI\" \/>\n<meta property=\"og:type\" content=\"article\" \/>\n<meta property=\"og:title\" content=\"2 Tietoj\u00e4rjestelm\u00e4t - Tieto- ja viestint\u00e4tekniikka sek\u00e4 sen hy\u00f6dynt\u00e4minen, valinnainen\" \/>\n<meta property=\"og:description\" content=\"Oman alan tietoj\u00e4rjestelmien sovellukset Avaa uusi Sway-esitys. Tee kaikki sis\u00e4lt\u00f6 samaan esitykseen. Swayn nimi: Tietoj\u00e4rjestelm\u00e4t, tekstin\u00e4 tekij\u00e4n nimi ja ryhm\u00e4. Tieto- ja viestint\u00e4tekniikka ammatissa -otsikko Tekstin\u00e4 mainitse tuleva ammattisi tai alasi. Etsi tietoa ja kerro, miten ammattisi hy\u00f6tyy tieto- ja viestint\u00e4tekniikasta (mieti, mit\u00e4 laitteita ja sovelluksia ammatissa k\u00e4ytet\u00e4\u00e4n?).\u00a0 Tietokone- tai mobiilisovellukset ammatissa esittele suunnitelmassa valitsemasi &hellip; Jatka lukemista 2 Tietoj\u00e4rjestelm\u00e4t &rarr;\" \/>\n<meta property=\"og:url\" content=\"https:\/\/blogit.gradia.fi\/digivalinnainen\/tietojarjestelma\/\" \/>\n<meta property=\"og:site_name\" content=\"Tieto- ja viestint\u00e4tekniikka sek\u00e4 sen hy\u00f6dynt\u00e4minen, valinnainen\" \/>\n<meta property=\"article:modified_time\" content=\"2020-01-23T08:47:30+00:00\" \/>\n<meta name=\"twitter:card\" content=\"summary_large_image\" \/>\n<meta name=\"twitter:label1\" content=\"Arvioitu lukuaika\" \/>\n\t<meta name=\"twitter:data1\" content=\"1 minuutti\" \/>\n<script type=\"application\/ld+json\" class=\"yoast-schema-graph\">{\"@context\":\"https:\/\/schema.org\",\"@graph\":[{\"@type\":\"WebPage\",\"@id\":\"https:\/\/blogit.gradia.fi\/digivalinnainen\/tietojarjestelma\/\",\"url\":\"https:\/\/blogit.gradia.fi\/digivalinnainen\/tietojarjestelma\/\",\"name\":\"2 Tietoj\u00e4rjestelm\u00e4t - Tieto- ja viestint\u00e4tekniikka sek\u00e4 sen hy\u00f6dynt\u00e4minen, valinnainen\",\"isPartOf\":{\"@id\":\"https:\/\/blogit.gradia.fi\/digivalinnainen\/#website\"},\"datePublished\":\"2016-05-11T11:39:19+00:00\",\"dateModified\":\"2020-01-23T08:47:30+00:00\",\"inLanguage\":\"fi\",\"potentialAction\":[{\"@type\":\"ReadAction\",\"target\":[\"https:\/\/blogit.gradia.fi\/digivalinnainen\/tietojarjestelma\/\"]}]},{\"@type\":\"WebSite\",\"@id\":\"https:\/\/blogit.gradia.fi\/digivalinnainen\/#website\",\"url\":\"https:\/\/blogit.gradia.fi\/digivalinnainen\/\",\"name\":\"Tieto- ja viestint\u00e4tekniikka sek\u00e4 sen hy\u00f6dynt\u00e4minen, valinnainen\",\"description\":\"\",\"potentialAction\":[{\"@type\":\"SearchAction\",\"target\":{\"@type\":\"EntryPoint\",\"urlTemplate\":\"https:\/\/blogit.gradia.fi\/digivalinnainen\/?s={search_term_string}\"},\"query-input\":{\"@type\":\"PropertyValueSpecification\",\"valueRequired\":true,\"valueName\":\"search_term_string\"}}],\"inLanguage\":\"fi\"}]}<\/script>\n<!-- \/ Yoast SEO plugin. -->","yoast_head_json":{"title":"2 Tietoj\u00e4rjestelm\u00e4t - Tieto- ja viestint\u00e4tekniikka sek\u00e4 sen hy\u00f6dynt\u00e4minen, valinnainen","robots":{"index":"index","follow":"follow","max-snippet":"max-snippet:-1","max-image-preview":"max-image-preview:large","max-video-preview":"max-video-preview:-1"},"canonical":"https:\/\/blogit.gradia.fi\/digivalinnainen\/tietojarjestelma\/","og_locale":"fi_FI","og_type":"article","og_title":"2 Tietoj\u00e4rjestelm\u00e4t - Tieto- ja viestint\u00e4tekniikka sek\u00e4 sen hy\u00f6dynt\u00e4minen, valinnainen","og_description":"Oman alan tietoj\u00e4rjestelmien sovellukset Avaa uusi Sway-esitys. Tee kaikki sis\u00e4lt\u00f6 samaan esitykseen. Swayn nimi: Tietoj\u00e4rjestelm\u00e4t, tekstin\u00e4 tekij\u00e4n nimi ja ryhm\u00e4. Tieto- ja viestint\u00e4tekniikka ammatissa -otsikko Tekstin\u00e4 mainitse tuleva ammattisi tai alasi. Etsi tietoa ja kerro, miten ammattisi hy\u00f6tyy tieto- ja viestint\u00e4tekniikasta (mieti, mit\u00e4 laitteita ja sovelluksia ammatissa k\u00e4ytet\u00e4\u00e4n?).\u00a0 Tietokone- tai mobiilisovellukset ammatissa esittele suunnitelmassa valitsemasi &hellip; Jatka lukemista 2 Tietoj\u00e4rjestelm\u00e4t &rarr;","og_url":"https:\/\/blogit.gradia.fi\/digivalinnainen\/tietojarjestelma\/","og_site_name":"Tieto- ja viestint\u00e4tekniikka sek\u00e4 sen hy\u00f6dynt\u00e4minen, valinnainen","article_modified_time":"2020-01-23T08:47:30+00:00","twitter_card":"summary_large_image","twitter_misc":{"Arvioitu lukuaika":"1 minuutti"},"schema":{"@context":"https:\/\/schema.org","@graph":[{"@type":"WebPage","@id":"https:\/\/blogit.gradia.fi\/digivalinnainen\/tietojarjestelma\/","url":"https:\/\/blogit.gradia.fi\/digivalinnainen\/tietojarjestelma\/","name":"2 Tietoj\u00e4rjestelm\u00e4t - Tieto- ja viestint\u00e4tekniikka sek\u00e4 sen hy\u00f6dynt\u00e4minen, valinnainen","isPartOf":{"@id":"https:\/\/blogit.gradia.fi\/digivalinnainen\/#website"},"datePublished":"2016-05-11T11:39:19+00:00","dateModified":"2020-01-23T08:47:30+00:00","inLanguage":"fi","potentialAction":[{"@type":"ReadAction","target":["https:\/\/blogit.gradia.fi\/digivalinnainen\/tietojarjestelma\/"]}]},{"@type":"WebSite","@id":"https:\/\/blogit.gradia.fi\/digivalinnainen\/#website","url":"https:\/\/blogit.gradia.fi\/digivalinnainen\/","name":"Tieto- ja viestint\u00e4tekniikka sek\u00e4 sen hy\u00f6dynt\u00e4minen, valinnainen","description":"","potentialAction":[{"@type":"SearchAction","target":{"@type":"EntryPoint","urlTemplate":"https:\/\/blogit.gradia.fi\/digivalinnainen\/?s={search_term_string}"},"query-input":{"@type":"PropertyValueSpecification","valueRequired":true,"valueName":"search_term_string"}}],"inLanguage":"fi"}]}},"uagb_featured_image_src":{"full":false,"thumbnail":false,"medium":false,"medium_large":false,"large":false,"1536x1536":false,"2048x2048":false,"post-thumbnail":false},"uagb_author_info":{"display_name":"Hannu Tabell","author_link":"https:\/\/blogit.gradia.fi\/digivalinnainen\/author\/htabell\/"},"uagb_comment_info":0,"uagb_excerpt":"Oman alan tietoj\u00e4rjestelmien sovellukset Avaa uusi Sway-esitys. Tee kaikki sis\u00e4lt\u00f6 samaan esitykseen. Swayn nimi: Tietoj\u00e4rjestelm\u00e4t, tekstin\u00e4 tekij\u00e4n nimi ja ryhm\u00e4. Tieto- ja viestint\u00e4tekniikka ammatissa -otsikko Tekstin\u00e4 mainitse tuleva ammattisi tai alasi. Etsi tietoa ja kerro, miten ammattisi hy\u00f6tyy tieto- ja viestint\u00e4tekniikasta (mieti, mit\u00e4 laitteita ja sovelluksia ammatissa k\u00e4ytet\u00e4\u00e4n?).\u00a0 Tietokone- tai mobiilisovellukset ammatissa esittele suunnitelmassa valitsemasi&hellip;","_links":{"self":[{"href":"https:\/\/blogit.gradia.fi\/digivalinnainen\/wp-json\/wp\/v2\/pages\/11","targetHints":{"allow":["GET"]}}],"collection":[{"href":"https:\/\/blogit.gradia.fi\/digivalinnainen\/wp-json\/wp\/v2\/pages"}],"about":[{"href":"https:\/\/blogit.gradia.fi\/digivalinnainen\/wp-json\/wp\/v2\/types\/page"}],"author":[{"embeddable":true,"href":"https:\/\/blogit.gradia.fi\/digivalinnainen\/wp-json\/wp\/v2\/users\/111"}],"replies":[{"embeddable":true,"href":"https:\/\/blogit.gradia.fi\/digivalinnainen\/wp-json\/wp\/v2\/comments?post=11"}],"version-history":[{"count":1,"href":"https:\/\/blogit.gradia.fi\/digivalinnainen\/wp-json\/wp\/v2\/pages\/11\/revisions"}],"predecessor-version":[{"id":481,"href":"https:\/\/blogit.gradia.fi\/digivalinnainen\/wp-json\/wp\/v2\/pages\/11\/revisions\/481"}],"wp:attachment":[{"href":"https:\/\/blogit.gradia.fi\/digivalinnainen\/wp-json\/wp\/v2\/media?parent=11"}],"curies":[{"name":"wp","href":"https:\/\/api.w.org\/{rel}","templated":true}]}}