{"id":4,"date":"2018-06-07T12:13:31","date_gmt":"2018-06-07T09:13:31","guid":{"rendered":"https:\/\/blogit.gradia.fi\/digipreppi\/?page_id=4"},"modified":"2020-08-04T09:41:59","modified_gmt":"2020-08-04T06:41:59","slug":"tehtava-1","status":"publish","type":"page","link":"https:\/\/blogit.gradia.fi\/digipreppi\/tehtava-1\/","title":{"rendered":"Teht\u00e4v\u00e4 1 Wilma ja Office 365"},"content":{"rendered":"<p>A: Wilma-viesti opettajalle<\/p>\n<ol>\n<li>Kirjaudu <em><a href=\"http:\/\/wilma.gradia.fi\" target=\"_blank\" rel=\"noopener noreferrer\">Wilmaan.<\/a><\/em> K\u00e4yt\u00e4 ty\u00f6asemaversiota. Etsi sielt\u00e4 seuraavat tiedot ja l\u00e4het\u00e4 ne <em>Wilma<\/em>-viestill\u00e4 opintojaksosi opettajalle. Onnistuu helpoiten, kun l\u00e4het\u00e4t viestin Wilman -valikon <strong>Opettajat<\/strong> -valinnan kautta, samalla n\u00e4et opettajan tiedot.<\/li>\n<\/ol>\n<ul>\n<li style=\"list-style-type: none\">\n<ul>\n<li>Digi kurssin <span style=\"float: none;background-color: #ffffff;color: #141412;cursor: text;font-family: 'Source Sans Pro',Helvetica,sans-serif;font-size: 16px;font-style: normal;font-variant: normal;font-weight: 400;letter-spacing: normal;text-align: left;text-decoration: none;text-indent: 0px;text-transform: none\">(t\u00e4m\u00e4n kurssin) <\/span>opettajan puhelinnumero.<\/li>\n<li>Mit\u00e4 opintoja olet jo suorittanut? (Opinnot|Suoritukset \/N\u00e4yt\u00e4 kaikki) Kerro muutama esimerkki.<\/li>\n<li>Mit\u00e4 ty\u00f6j\u00e4rjestykseesi on merkitty ensi viikon tiistaille klo 10-12?<\/li>\n<li>Kirjoita viestisi otsikko aiheeseen sopivaksi.<\/li>\n<\/ul>\n<\/li>\n<\/ul>\n<hr \/>\n<p>B: office.gradia.fi OneDriveen uusi Digi-kansio<\/p>\n<ol>\n<li>Kirjaudu <em>Gradian<\/em> tunnuksillasi <em><a href=\"http:\/\/office.gradia.fi\" target=\"_blank\" rel=\"noopener noreferrer\">Officeen<\/a><\/em>. Avaa selaimessa <em>OneDrive<\/em>. Tee uusi kansio, jonka nimi on &#8221;<em>Digi_ Ryhm\u00e4_Sukunimi_Etunimi<\/em>&#8221;, esimerkiksi &#8221;Digi_LOPT1801_Meik\u00e4l\u00e4inen_Matti&#8221;.\u00a0 Kansio on t\u00e4rke\u00e4, koska tallennat kaikki opintojakson teht\u00e4v\u00e4si siihen.<\/li>\n<li>Jaa kansio opettajallesi ja varmista, ett\u00e4 h\u00e4nell\u00e4 on siihen muokkausoikeus.<strong> <em>\u00c4l\u00e4 jaa en\u00e4\u00e4 muita kansioita tai tiedostoja<\/em>!<\/strong><\/li>\n<\/ol>\n<hr \/>\n<p>C: PowerPoint t\u00e4h\u00e4n uuteen kansioon ja PDF -muoto<\/p>\n<ol>\n<li>Luo omaan Digi-kansioosi uusi <em>PowerPoint<\/em> ja tee <strong>v\u00e4hint\u00e4\u00e4n nelj\u00e4n<\/strong> dian esitys eli jokainen p\u00e4\u00e4kohta omalle dialleen, k\u00e4yt\u00e4 kuvia my\u00f6s. <a href=\"http:\/\/google.fi\" target=\"_blank\" rel=\"noopener noreferrer\">Etsi tietoa<\/a> ja kerro ainakin\n<ul>\n<li>nimesi ja ryhm\u00e4si,<\/li>\n<li><em>Office<\/em>-ohjelmien (<em>Word<\/em>, <em>Excel<\/em>, <em>PowerPoint<\/em>,&#8230;) k\u00e4ytt\u00f6kokemuksesi ja -taitosi,<\/li>\n<li>v\u00e4hint\u00e4\u00e4n kolmesta sosiaalisen median vaihtoehdosta (<em>Facebook<\/em>, <em>Twitter<\/em>, <em>Instagram<\/em>,&#8230;) ja niiden k\u00e4ytt\u00f6tarkoituksesta ja logoista,<\/li>\n<li>huomioita ja ohjeita siit\u00e4, miten internetiss\u00e4 toimitaan turvallisesti.<\/li>\n<\/ul>\n<\/li>\n<li>Muuta <em>PowerPoint<\/em>-tiedoston nimeksi <em>BlogiTeht\u00e4v\u00e4 1<\/em> kohtaan <em>Esitys<\/em> (katso kuva).<br \/>\n<img loading=\"lazy\" decoding=\"async\" class=\"alignnone size-full wp-image-310 aligncenter\" src=\"https:\/\/blogit.gradia.fi\/digipreppi\/wp-content\/uploads\/sites\/176\/2019\/05\/teht1_kuva.png\" alt=\"\" width=\"400\" height=\"189\" \/><\/li>\n<li>Tekem\u00e4si <em>PowerPoint<\/em>-esitys tallentuu automaattisesti, jos olet tehnyt sen selaimessa <em>OneDrive<\/em>-kansioosi. Tarkista, ett\u00e4 teht\u00e4v\u00e4 on kansiossasi.\u00a0 <em>\u00c4l\u00e4 jaa teht\u00e4v\u00e4\u00e4!<\/em><\/li>\n<li>Tee <em>PowerPoint<\/em>-esityksest\u00e4si <em>BlogiTeht\u00e4v\u00e41.pdf<\/em>-tiedosto<em>.<\/em> Huomaa, ett\u00e4 t\u00e4h\u00e4n on monta tapaa. Voit esimerkiksi tulostaa\u00a0<em>pdf<\/em>-tiedoston\u00a0s\u00e4hk\u00f6iseen muotoon tai ladata Online PowerPointissa tiedoston pdf-muotoon.\n<ul>\n<li>Tallenna esityksesi <i>pdf<\/i>-versio tietokoneelle (<strong>Tiedosto | Lataa muodossa | Lataa PDF -muodossa<\/strong> | Lataa &#8211; avaa Ladatut tiedostot).<\/li>\n<li>Lis\u00e4\u00e4 esityksesi <em>pdf<\/em>-versio omaan Digi-kansioosi. (Kopioi vet\u00e4m\u00e4ll\u00e4 resussienhallinnasta OneDriveen.)<\/li>\n<\/ul>\n<\/li>\n<\/ol>\n<hr \/>\n<p>D: PDF-muodossa liitteen\u00e4 s\u00e4hk\u00f6postilla opettajalle<\/p>\n<ol>\n<li>Avaa selaimessa <em>Officen<\/em> s\u00e4hk\u00f6posti eli Outlook (koulun s\u00e4hk\u00f6posti) ja l\u00e4het\u00e4 opettajallesi viesti, jonka\n<ul>\n<li>aiheena on &#8221;<em>Digi Ryhm\u00e4 Sukunimi Etunimi&#8221;<\/em><\/li>\n<li>tekstikent\u00e4ss\u00e4 lukee &#8221;<em>Hei, katso liite!<\/em>&#8221;<\/li>\n<li>tekstin lopussa on allekirjoitus<\/li>\n<li>liitetiedostona on <em>pdf<\/em>-esityksesi kopiona.<\/li>\n<\/ul>\n<\/li>\n<\/ol>\n<p><strong>\u00a0<\/strong><\/p>\n","protected":false},"excerpt":{"rendered":"<p>A: Wilma-viesti opettajalle Kirjaudu Wilmaan. K\u00e4yt\u00e4 ty\u00f6asemaversiota. Etsi sielt\u00e4 seuraavat tiedot ja l\u00e4het\u00e4 ne Wilma-viestill\u00e4 opintojaksosi opettajalle. Onnistuu helpoiten, kun l\u00e4het\u00e4t viestin Wilman -valikon Opettajat -valinnan kautta, samalla n\u00e4et opettajan tiedot. Digi kurssin (t\u00e4m\u00e4n kurssin) opettajan puhelinnumero. Mit\u00e4 opintoja olet jo suorittanut? (Opinnot|Suoritukset \/N\u00e4yt\u00e4 kaikki) Kerro muutama esimerkki. Mit\u00e4 ty\u00f6j\u00e4rjestykseesi on merkitty ensi viikon tiistaille &hellip; <a href=\"https:\/\/blogit.gradia.fi\/digipreppi\/tehtava-1\/\" class=\"more-link\">Jatka lukemista <span class=\"screen-reader-text\">Teht\u00e4v\u00e4 1 Wilma ja Office 365<\/span> <span class=\"meta-nav\">&rarr;<\/span><\/a><\/p>\n","protected":false},"author":395,"featured_media":0,"parent":0,"menu_order":0,"comment_status":"closed","ping_status":"closed","template":"","meta":{"_uag_custom_page_level_css":"","footnotes":""},"class_list":["post-4","page","type-page","status-publish","hentry"],"yoast_head":"<!-- This site is optimized with the Yoast SEO plugin v27.4 - https:\/\/yoast.com\/product\/yoast-seo-wordpress\/ -->\n<title>Teht\u00e4v\u00e4 1 Wilma ja Office 365 - Digi<\/title>\n<meta name=\"robots\" content=\"index, follow, max-snippet:-1, max-image-preview:large, max-video-preview:-1\" \/>\n<link rel=\"canonical\" href=\"https:\/\/blogit.gradia.fi\/digipreppi\/tehtava-1\/\" \/>\n<meta property=\"og:locale\" content=\"fi_FI\" \/>\n<meta property=\"og:type\" content=\"article\" \/>\n<meta property=\"og:title\" content=\"Teht\u00e4v\u00e4 1 Wilma ja Office 365 - Digi\" \/>\n<meta property=\"og:description\" content=\"A: Wilma-viesti opettajalle Kirjaudu Wilmaan. K\u00e4yt\u00e4 ty\u00f6asemaversiota. Etsi sielt\u00e4 seuraavat tiedot ja l\u00e4het\u00e4 ne Wilma-viestill\u00e4 opintojaksosi opettajalle. Onnistuu helpoiten, kun l\u00e4het\u00e4t viestin Wilman -valikon Opettajat -valinnan kautta, samalla n\u00e4et opettajan tiedot. Digi kurssin (t\u00e4m\u00e4n kurssin) opettajan puhelinnumero. Mit\u00e4 opintoja olet jo suorittanut? (Opinnot|Suoritukset \/N\u00e4yt\u00e4 kaikki) Kerro muutama esimerkki. Mit\u00e4 ty\u00f6j\u00e4rjestykseesi on merkitty ensi viikon tiistaille &hellip; Jatka lukemista Teht\u00e4v\u00e4 1 Wilma ja Office 365 &rarr;\" \/>\n<meta property=\"og:url\" content=\"https:\/\/blogit.gradia.fi\/digipreppi\/tehtava-1\/\" \/>\n<meta property=\"og:site_name\" content=\"Digi\" \/>\n<meta property=\"article:modified_time\" content=\"2020-08-04T06:41:59+00:00\" \/>\n<meta property=\"og:image\" content=\"https:\/\/blogit.gradia.fi\/digipreppi\/wp-content\/uploads\/sites\/176\/2019\/05\/teht1_kuva.png\" \/>\n<meta name=\"twitter:card\" content=\"summary_large_image\" \/>\n<meta name=\"twitter:label1\" content=\"Arvioitu lukuaika\" \/>\n\t<meta name=\"twitter:data1\" content=\"2 minuuttia\" \/>\n<script type=\"application\/ld+json\" class=\"yoast-schema-graph\">{\"@context\":\"https:\\\/\\\/schema.org\",\"@graph\":[{\"@type\":\"WebPage\",\"@id\":\"https:\\\/\\\/blogit.gradia.fi\\\/digipreppi\\\/tehtava-1\\\/\",\"url\":\"https:\\\/\\\/blogit.gradia.fi\\\/digipreppi\\\/tehtava-1\\\/\",\"name\":\"Teht\u00e4v\u00e4 1 Wilma ja Office 365 - Digi\",\"isPartOf\":{\"@id\":\"https:\\\/\\\/blogit.gradia.fi\\\/digipreppi\\\/#website\"},\"primaryImageOfPage\":{\"@id\":\"https:\\\/\\\/blogit.gradia.fi\\\/digipreppi\\\/tehtava-1\\\/#primaryimage\"},\"image\":{\"@id\":\"https:\\\/\\\/blogit.gradia.fi\\\/digipreppi\\\/tehtava-1\\\/#primaryimage\"},\"thumbnailUrl\":\"https:\\\/\\\/blogit.gradia.fi\\\/digipreppi\\\/wp-content\\\/uploads\\\/sites\\\/176\\\/2019\\\/05\\\/teht1_kuva.png\",\"datePublished\":\"2018-06-07T09:13:31+00:00\",\"dateModified\":\"2020-08-04T06:41:59+00:00\",\"inLanguage\":\"fi\",\"potentialAction\":[{\"@type\":\"ReadAction\",\"target\":[\"https:\\\/\\\/blogit.gradia.fi\\\/digipreppi\\\/tehtava-1\\\/\"]}]},{\"@type\":\"ImageObject\",\"inLanguage\":\"fi\",\"@id\":\"https:\\\/\\\/blogit.gradia.fi\\\/digipreppi\\\/tehtava-1\\\/#primaryimage\",\"url\":\"https:\\\/\\\/blogit.gradia.fi\\\/digipreppi\\\/wp-content\\\/uploads\\\/sites\\\/176\\\/2019\\\/05\\\/teht1_kuva.png\",\"contentUrl\":\"https:\\\/\\\/blogit.gradia.fi\\\/digipreppi\\\/wp-content\\\/uploads\\\/sites\\\/176\\\/2019\\\/05\\\/teht1_kuva.png\",\"width\":400,\"height\":189},{\"@type\":\"WebSite\",\"@id\":\"https:\\\/\\\/blogit.gradia.fi\\\/digipreppi\\\/#website\",\"url\":\"https:\\\/\\\/blogit.gradia.fi\\\/digipreppi\\\/\",\"name\":\"Digi\",\"description\":\"Toiminta digitaalisessa ymp\u00e4rist\u00f6ss\u00e4 -opintojakso\",\"potentialAction\":[{\"@type\":\"SearchAction\",\"target\":{\"@type\":\"EntryPoint\",\"urlTemplate\":\"https:\\\/\\\/blogit.gradia.fi\\\/digipreppi\\\/?s={search_term_string}\"},\"query-input\":{\"@type\":\"PropertyValueSpecification\",\"valueRequired\":true,\"valueName\":\"search_term_string\"}}],\"inLanguage\":\"fi\"}]}<\/script>\n<!-- \/ Yoast SEO plugin. -->","yoast_head_json":{"title":"Teht\u00e4v\u00e4 1 Wilma ja Office 365 - Digi","robots":{"index":"index","follow":"follow","max-snippet":"max-snippet:-1","max-image-preview":"max-image-preview:large","max-video-preview":"max-video-preview:-1"},"canonical":"https:\/\/blogit.gradia.fi\/digipreppi\/tehtava-1\/","og_locale":"fi_FI","og_type":"article","og_title":"Teht\u00e4v\u00e4 1 Wilma ja Office 365 - Digi","og_description":"A: Wilma-viesti opettajalle Kirjaudu Wilmaan. K\u00e4yt\u00e4 ty\u00f6asemaversiota. Etsi sielt\u00e4 seuraavat tiedot ja l\u00e4het\u00e4 ne Wilma-viestill\u00e4 opintojaksosi opettajalle. Onnistuu helpoiten, kun l\u00e4het\u00e4t viestin Wilman -valikon Opettajat -valinnan kautta, samalla n\u00e4et opettajan tiedot. Digi kurssin (t\u00e4m\u00e4n kurssin) opettajan puhelinnumero. Mit\u00e4 opintoja olet jo suorittanut? (Opinnot|Suoritukset \/N\u00e4yt\u00e4 kaikki) Kerro muutama esimerkki. Mit\u00e4 ty\u00f6j\u00e4rjestykseesi on merkitty ensi viikon tiistaille &hellip; Jatka lukemista Teht\u00e4v\u00e4 1 Wilma ja Office 365 &rarr;","og_url":"https:\/\/blogit.gradia.fi\/digipreppi\/tehtava-1\/","og_site_name":"Digi","article_modified_time":"2020-08-04T06:41:59+00:00","og_image":[{"url":"https:\/\/blogit.gradia.fi\/digipreppi\/wp-content\/uploads\/sites\/176\/2019\/05\/teht1_kuva.png","type":"","width":"","height":""}],"twitter_card":"summary_large_image","twitter_misc":{"Arvioitu lukuaika":"2 minuuttia"},"schema":{"@context":"https:\/\/schema.org","@graph":[{"@type":"WebPage","@id":"https:\/\/blogit.gradia.fi\/digipreppi\/tehtava-1\/","url":"https:\/\/blogit.gradia.fi\/digipreppi\/tehtava-1\/","name":"Teht\u00e4v\u00e4 1 Wilma ja Office 365 - Digi","isPartOf":{"@id":"https:\/\/blogit.gradia.fi\/digipreppi\/#website"},"primaryImageOfPage":{"@id":"https:\/\/blogit.gradia.fi\/digipreppi\/tehtava-1\/#primaryimage"},"image":{"@id":"https:\/\/blogit.gradia.fi\/digipreppi\/tehtava-1\/#primaryimage"},"thumbnailUrl":"https:\/\/blogit.gradia.fi\/digipreppi\/wp-content\/uploads\/sites\/176\/2019\/05\/teht1_kuva.png","datePublished":"2018-06-07T09:13:31+00:00","dateModified":"2020-08-04T06:41:59+00:00","inLanguage":"fi","potentialAction":[{"@type":"ReadAction","target":["https:\/\/blogit.gradia.fi\/digipreppi\/tehtava-1\/"]}]},{"@type":"ImageObject","inLanguage":"fi","@id":"https:\/\/blogit.gradia.fi\/digipreppi\/tehtava-1\/#primaryimage","url":"https:\/\/blogit.gradia.fi\/digipreppi\/wp-content\/uploads\/sites\/176\/2019\/05\/teht1_kuva.png","contentUrl":"https:\/\/blogit.gradia.fi\/digipreppi\/wp-content\/uploads\/sites\/176\/2019\/05\/teht1_kuva.png","width":400,"height":189},{"@type":"WebSite","@id":"https:\/\/blogit.gradia.fi\/digipreppi\/#website","url":"https:\/\/blogit.gradia.fi\/digipreppi\/","name":"Digi","description":"Toiminta digitaalisessa ymp\u00e4rist\u00f6ss\u00e4 -opintojakso","potentialAction":[{"@type":"SearchAction","target":{"@type":"EntryPoint","urlTemplate":"https:\/\/blogit.gradia.fi\/digipreppi\/?s={search_term_string}"},"query-input":{"@type":"PropertyValueSpecification","valueRequired":true,"valueName":"search_term_string"}}],"inLanguage":"fi"}]}},"uagb_featured_image_src":{"full":false,"thumbnail":false,"medium":false,"medium_large":false,"large":false,"1536x1536":false,"2048x2048":false,"post-thumbnail":false},"uagb_author_info":{"display_name":"Annaleena Kangas","author_link":"https:\/\/blogit.gradia.fi\/digipreppi\/author\/kangaaan\/"},"uagb_comment_info":0,"uagb_excerpt":"A: Wilma-viesti opettajalle Kirjaudu Wilmaan. K\u00e4yt\u00e4 ty\u00f6asemaversiota. Etsi sielt\u00e4 seuraavat tiedot ja l\u00e4het\u00e4 ne Wilma-viestill\u00e4 opintojaksosi opettajalle. Onnistuu helpoiten, kun l\u00e4het\u00e4t viestin Wilman -valikon Opettajat -valinnan kautta, samalla n\u00e4et opettajan tiedot. Digi kurssin (t\u00e4m\u00e4n kurssin) opettajan puhelinnumero. Mit\u00e4 opintoja olet jo suorittanut? (Opinnot|Suoritukset \/N\u00e4yt\u00e4 kaikki) Kerro muutama esimerkki. Mit\u00e4 ty\u00f6j\u00e4rjestykseesi on merkitty ensi viikon tiistaille&hellip;","_links":{"self":[{"href":"https:\/\/blogit.gradia.fi\/digipreppi\/wp-json\/wp\/v2\/pages\/4","targetHints":{"allow":["GET"]}}],"collection":[{"href":"https:\/\/blogit.gradia.fi\/digipreppi\/wp-json\/wp\/v2\/pages"}],"about":[{"href":"https:\/\/blogit.gradia.fi\/digipreppi\/wp-json\/wp\/v2\/types\/page"}],"author":[{"embeddable":true,"href":"https:\/\/blogit.gradia.fi\/digipreppi\/wp-json\/wp\/v2\/users\/395"}],"replies":[{"embeddable":true,"href":"https:\/\/blogit.gradia.fi\/digipreppi\/wp-json\/wp\/v2\/comments?post=4"}],"version-history":[{"count":3,"href":"https:\/\/blogit.gradia.fi\/digipreppi\/wp-json\/wp\/v2\/pages\/4\/revisions"}],"predecessor-version":[{"id":461,"href":"https:\/\/blogit.gradia.fi\/digipreppi\/wp-json\/wp\/v2\/pages\/4\/revisions\/461"}],"wp:attachment":[{"href":"https:\/\/blogit.gradia.fi\/digipreppi\/wp-json\/wp\/v2\/media?parent=4"}],"curies":[{"name":"wp","href":"https:\/\/api.w.org\/{rel}","templated":true}]}}