{"id":935,"date":"2019-08-13T10:48:24","date_gmt":"2019-08-13T07:48:24","guid":{"rendered":"https:\/\/blogit.gradia.fi\/digipalvelut\/?page_id=935"},"modified":"2024-02-02T15:43:14","modified_gmt":"2024-02-02T13:43:14","slug":"wilma","status":"publish","type":"page","link":"https:\/\/blogit.gradia.fi\/digipalvelut\/ohjeita-ja-vinkkeja\/wilma\/","title":{"rendered":"Wilma"},"content":{"rendered":"\n<h2 class=\"wp-block-heading background-color: #AOD8BF;\">Wilma opiskelijalle<\/h2>\n\n\n\n<div class=\"wp-block-columns has-2-columns is-layout-flex wp-container-core-columns-is-layout-28f84493 wp-block-columns-is-layout-flex\">\n<div class=\"wp-block-column is-layout-flow wp-block-column-is-layout-flow\">\n<h3 class=\"wp-block-heading background-color: silver;\">Oppisopimus<\/h3>\n\n\n\n<p class=\"has-background\" style=\"background-color:#f2f2f2\"><a href=\"https:\/\/blogit.gradia.fi\/digipalvelut\/wp-content\/uploads\/sites\/99\/2021\/11\/Oppisopimusopiskelijan-opintososiaalisten-etujen-hakeminen-Wilmassa.pdf\">Ohje oppisopimusopiskelijan opintososiaalisten etujen hakemiseen Wilmassa<\/a><\/p>\n\n\n\n<p><a href=\"https:\/\/blogit.gradia.fi\/digipalvelut\/wp-content\/uploads\/sites\/99\/2024\/02\/Oppisopimusopiskelijan-opintososiaalisten-etujen-hakeminen-Wilmassa-2024.pdf\">Ohje oppisopimusopiskelijan opintososiaalisten etujen hakemiseen Wilmassa<\/a> (oppisopimus alkanut 1.1.2024 j\u00e4lkeen)<\/p>\n\n\n\n<p><\/p>\n\n\n\n<h3 class=\"wp-block-heading\">Otsikko<\/h3>\n\n\n\n<p><a href=\"\/\/blogit.gradia.fi\/digipalvelut\/wp-content\/uploads\/sites\/99\/2021\/10\/Todistuksen-lisaaminen-liitteena-Wilman-HOKS-lomakkeelle.pdf\" target=\"_blank\" rel=\"noreferrer noopener\">Todistuksen lis\u00e4\u00e4minen liitteen\u00e4 Wilmaan<\/a><\/p>\n<\/div>\n\n\n\n<div class=\"wp-block-column is-layout-flow wp-block-column-is-layout-flow\">\n<h3 class=\"wp-block-heading\">Koulutussopimus<\/h3>\n\n\n\n<p><a href=\"https:\/\/blogit.gradia.fi\/digipalvelut\/wp-content\/uploads\/sites\/99\/2020\/04\/Wilma-ohje-ateriakorvaushakemus-opiskelija.pdf\" target=\"_blank\" rel=\"noreferrer noopener\">Wilma-ohje-ateriakorvaushakemus<\/a><\/p>\n<\/div>\n<\/div>\n\n\n\n<hr class=\"wp-block-separator has-css-opacity\" \/>\n\n\n\n<h2 class=\"wp-block-heading\">Wilma opettajalle<\/h2>\n\n\n\n<div class=\"wp-block-columns has-2-columns is-layout-flex wp-container-core-columns-is-layout-28f84493 wp-block-columns-is-layout-flex\">\n<div class=\"wp-block-column is-layout-flow wp-block-column-is-layout-flow\">\n<h4 class=\"wp-block-heading\">Alaotsikko<\/h4>\n\n\n\n<p class=\"has-background\" style=\"background-color:#f2f2f2\"><\/p>\n\n\n\n<p><\/p>\n<\/div>\n\n\n\n<div class=\"wp-block-column is-layout-flow wp-block-column-is-layout-flow\">\n<h4 class=\"wp-block-heading\">Alaotsikko<\/h4>\n\n\n\n<p class=\"has-background\" style=\"background-color:#f2f2f2\"><\/p>\n<\/div>\n<\/div>\n\n\n\n<h2 class=\"wp-block-heading\">Wilma huoltajalle<\/h2>\n\n\n\n<p class=\"has-background\" style=\"background-color:#f2f2f2\"><a href=\"https:\/\/blogit.gradia.fi\/digipalvelut\/wp-content\/uploads\/sites\/99\/2020\/08\/OHJE_Huoltajien-Wilma-tunnuksen-tekeminen.pdf\">Ohje huoltajatunnuksen tekemiseen<\/a><\/p>\n\n\n\n<h2 class=\"wp-block-heading\">Wilma ty\u00f6paikkaohjaajalle<\/h2>\n\n\n\n<div class=\"wp-block-columns has-2-columns is-layout-flex wp-container-core-columns-is-layout-28f84493 wp-block-columns-is-layout-flex\">\n<div class=\"wp-block-column is-layout-flow wp-block-column-is-layout-flow\">\n<h4 class=\"wp-block-heading\">Alaotsikko<\/h4>\n\n\n\n<p class=\"has-background\" style=\"background-color:#f2f2f2\"><a href=\"https:\/\/blogit.gradia.fi\/digipalvelut\/wp-content\/uploads\/sites\/99\/2020\/08\/OHJE_Ty\u00f6paikkaohjaajan-Wilma-tunnuksen-tekeminen.pdf\">Ohje Wilma-tunnuksen tekemiseen<\/a><\/p>\n<\/div>\n\n\n\n<div class=\"wp-block-column is-layout-flow wp-block-column-is-layout-flow\">\n<h4 class=\"wp-block-heading\">Alaotsikko<\/h4>\n\n\n\n<p class=\"has-background\" style=\"background-color:#f2f2f2\"><\/p>\n<\/div>\n<\/div>\n\n\n\n<h3 class=\"wp-block-heading\">Otsikko<\/h3>\n\n\n\n<p><\/p>\n","protected":false},"excerpt":{"rendered":"<p>Wilma opiskelijalle Oppisopimus Ohje oppisopimusopiskelijan opintososiaalisten etujen hakemiseen Wilmassa Ohje oppisopimusopiskelijan opintososiaalisten etujen hakemiseen Wilmassa (oppisopimus alkanut 1.1.2024 j\u00e4lkeen) Otsikko Todistuksen lis\u00e4\u00e4minen liitteen\u00e4 Wilmaan Koulutussopimus Wilma-ohje-ateriakorvaushakemus Wilma opettajalle Alaotsikko Alaotsikko Wilma huoltajalle Ohje huoltajatunnuksen tekemiseen Wilma ty\u00f6paikkaohjaajalle Alaotsikko Ohje Wilma-tunnuksen tekemiseen Alaotsikko Otsikko<\/p>\n","protected":false},"author":421,"featured_media":0,"parent":37,"menu_order":2,"comment_status":"closed","ping_status":"closed","template":"","meta":{"_uag_custom_page_level_css":"","footnotes":""},"class_list":["post-935","page","type-page","status-publish","hentry"],"yoast_head":"<!-- This site is optimized with the Yoast SEO plugin v27.4 - https:\/\/yoast.com\/product\/yoast-seo-wordpress\/ -->\n<title>Wilma - Gradia Digipalvelut<\/title>\n<meta name=\"robots\" content=\"index, follow, max-snippet:-1, max-image-preview:large, max-video-preview:-1\" \/>\n<link rel=\"canonical\" href=\"https:\/\/blogit.gradia.fi\/digipalvelut\/ohjeita-ja-vinkkeja\/wilma\/\" \/>\n<meta property=\"og:locale\" content=\"fi_FI\" \/>\n<meta property=\"og:type\" content=\"article\" \/>\n<meta property=\"og:title\" content=\"Wilma - Gradia Digipalvelut\" \/>\n<meta property=\"og:description\" content=\"Wilma opiskelijalle Oppisopimus Ohje oppisopimusopiskelijan opintososiaalisten etujen hakemiseen Wilmassa Ohje oppisopimusopiskelijan opintososiaalisten etujen hakemiseen Wilmassa (oppisopimus alkanut 1.1.2024 j\u00e4lkeen) Otsikko Todistuksen lis\u00e4\u00e4minen liitteen\u00e4 Wilmaan Koulutussopimus Wilma-ohje-ateriakorvaushakemus Wilma opettajalle Alaotsikko Alaotsikko Wilma huoltajalle Ohje huoltajatunnuksen tekemiseen Wilma ty\u00f6paikkaohjaajalle Alaotsikko Ohje Wilma-tunnuksen tekemiseen Alaotsikko Otsikko\" \/>\n<meta property=\"og:url\" content=\"https:\/\/blogit.gradia.fi\/digipalvelut\/ohjeita-ja-vinkkeja\/wilma\/\" \/>\n<meta property=\"og:site_name\" content=\"Gradia Digipalvelut\" \/>\n<meta property=\"article:modified_time\" content=\"2024-02-02T13:43:14+00:00\" \/>\n<meta name=\"twitter:card\" content=\"summary_large_image\" \/>\n<meta name=\"twitter:label1\" content=\"Arvioitu lukuaika\" \/>\n\t<meta name=\"twitter:data1\" content=\"1 minuutti\" \/>\n<script type=\"application\/ld+json\" class=\"yoast-schema-graph\">{\"@context\":\"https:\\\/\\\/schema.org\",\"@graph\":[{\"@type\":\"WebPage\",\"@id\":\"https:\\\/\\\/blogit.gradia.fi\\\/digipalvelut\\\/ohjeita-ja-vinkkeja\\\/wilma\\\/\",\"url\":\"https:\\\/\\\/blogit.gradia.fi\\\/digipalvelut\\\/ohjeita-ja-vinkkeja\\\/wilma\\\/\",\"name\":\"Wilma - Gradia Digipalvelut\",\"isPartOf\":{\"@id\":\"https:\\\/\\\/blogit.gradia.fi\\\/digipalvelut\\\/#website\"},\"datePublished\":\"2019-08-13T07:48:24+00:00\",\"dateModified\":\"2024-02-02T13:43:14+00:00\",\"breadcrumb\":{\"@id\":\"https:\\\/\\\/blogit.gradia.fi\\\/digipalvelut\\\/ohjeita-ja-vinkkeja\\\/wilma\\\/#breadcrumb\"},\"inLanguage\":\"fi\",\"potentialAction\":[{\"@type\":\"ReadAction\",\"target\":[\"https:\\\/\\\/blogit.gradia.fi\\\/digipalvelut\\\/ohjeita-ja-vinkkeja\\\/wilma\\\/\"]}]},{\"@type\":\"BreadcrumbList\",\"@id\":\"https:\\\/\\\/blogit.gradia.fi\\\/digipalvelut\\\/ohjeita-ja-vinkkeja\\\/wilma\\\/#breadcrumb\",\"itemListElement\":[{\"@type\":\"ListItem\",\"position\":1,\"name\":\"Ohjeita ja vinkkej\u00e4\",\"item\":\"https:\\\/\\\/blogit.gradia.fi\\\/digipalvelut\\\/ohjeita-ja-vinkkeja\\\/\"},{\"@type\":\"ListItem\",\"position\":2,\"name\":\"Wilma\"}]},{\"@type\":\"WebSite\",\"@id\":\"https:\\\/\\\/blogit.gradia.fi\\\/digipalvelut\\\/#website\",\"url\":\"https:\\\/\\\/blogit.gradia.fi\\\/digipalvelut\\\/\",\"name\":\"Gradia Digipalvelut\",\"description\":\"Astetta enemm\u00e4n digi\u00e4\",\"publisher\":{\"@id\":\"https:\\\/\\\/blogit.gradia.fi\\\/digipalvelut\\\/#organization\"},\"potentialAction\":[{\"@type\":\"SearchAction\",\"target\":{\"@type\":\"EntryPoint\",\"urlTemplate\":\"https:\\\/\\\/blogit.gradia.fi\\\/digipalvelut\\\/?s={search_term_string}\"},\"query-input\":{\"@type\":\"PropertyValueSpecification\",\"valueRequired\":true,\"valueName\":\"search_term_string\"}}],\"inLanguage\":\"fi\"},{\"@type\":\"Organization\",\"@id\":\"https:\\\/\\\/blogit.gradia.fi\\\/digipalvelut\\\/#organization\",\"name\":\"Gradia Digipalvelut\",\"url\":\"https:\\\/\\\/blogit.gradia.fi\\\/digipalvelut\\\/\",\"logo\":{\"@type\":\"ImageObject\",\"inLanguage\":\"fi\",\"@id\":\"https:\\\/\\\/blogit.gradia.fi\\\/digipalvelut\\\/#\\\/schema\\\/logo\\\/image\\\/\",\"url\":\"https:\\\/\\\/blogit.gradia.fi\\\/digipalvelut\\\/wp-content\\\/uploads\\\/sites\\\/99\\\/2019\\\/06\\\/cropped-Gradia_logo_Cyber_TRANSPARENT.png\",\"contentUrl\":\"https:\\\/\\\/blogit.gradia.fi\\\/digipalvelut\\\/wp-content\\\/uploads\\\/sites\\\/99\\\/2019\\\/06\\\/cropped-Gradia_logo_Cyber_TRANSPARENT.png\",\"width\":316,\"height\":382,\"caption\":\"Gradia Digipalvelut\"},\"image\":{\"@id\":\"https:\\\/\\\/blogit.gradia.fi\\\/digipalvelut\\\/#\\\/schema\\\/logo\\\/image\\\/\"}}]}<\/script>\n<!-- \/ Yoast SEO plugin. -->","yoast_head_json":{"title":"Wilma - Gradia Digipalvelut","robots":{"index":"index","follow":"follow","max-snippet":"max-snippet:-1","max-image-preview":"max-image-preview:large","max-video-preview":"max-video-preview:-1"},"canonical":"https:\/\/blogit.gradia.fi\/digipalvelut\/ohjeita-ja-vinkkeja\/wilma\/","og_locale":"fi_FI","og_type":"article","og_title":"Wilma - Gradia Digipalvelut","og_description":"Wilma opiskelijalle Oppisopimus Ohje oppisopimusopiskelijan opintososiaalisten etujen hakemiseen Wilmassa Ohje oppisopimusopiskelijan opintososiaalisten etujen hakemiseen Wilmassa (oppisopimus alkanut 1.1.2024 j\u00e4lkeen) Otsikko Todistuksen lis\u00e4\u00e4minen liitteen\u00e4 Wilmaan Koulutussopimus Wilma-ohje-ateriakorvaushakemus Wilma opettajalle Alaotsikko Alaotsikko Wilma huoltajalle Ohje huoltajatunnuksen tekemiseen Wilma ty\u00f6paikkaohjaajalle Alaotsikko Ohje Wilma-tunnuksen tekemiseen Alaotsikko Otsikko","og_url":"https:\/\/blogit.gradia.fi\/digipalvelut\/ohjeita-ja-vinkkeja\/wilma\/","og_site_name":"Gradia Digipalvelut","article_modified_time":"2024-02-02T13:43:14+00:00","twitter_card":"summary_large_image","twitter_misc":{"Arvioitu lukuaika":"1 minuutti"},"schema":{"@context":"https:\/\/schema.org","@graph":[{"@type":"WebPage","@id":"https:\/\/blogit.gradia.fi\/digipalvelut\/ohjeita-ja-vinkkeja\/wilma\/","url":"https:\/\/blogit.gradia.fi\/digipalvelut\/ohjeita-ja-vinkkeja\/wilma\/","name":"Wilma - Gradia Digipalvelut","isPartOf":{"@id":"https:\/\/blogit.gradia.fi\/digipalvelut\/#website"},"datePublished":"2019-08-13T07:48:24+00:00","dateModified":"2024-02-02T13:43:14+00:00","breadcrumb":{"@id":"https:\/\/blogit.gradia.fi\/digipalvelut\/ohjeita-ja-vinkkeja\/wilma\/#breadcrumb"},"inLanguage":"fi","potentialAction":[{"@type":"ReadAction","target":["https:\/\/blogit.gradia.fi\/digipalvelut\/ohjeita-ja-vinkkeja\/wilma\/"]}]},{"@type":"BreadcrumbList","@id":"https:\/\/blogit.gradia.fi\/digipalvelut\/ohjeita-ja-vinkkeja\/wilma\/#breadcrumb","itemListElement":[{"@type":"ListItem","position":1,"name":"Ohjeita ja vinkkej\u00e4","item":"https:\/\/blogit.gradia.fi\/digipalvelut\/ohjeita-ja-vinkkeja\/"},{"@type":"ListItem","position":2,"name":"Wilma"}]},{"@type":"WebSite","@id":"https:\/\/blogit.gradia.fi\/digipalvelut\/#website","url":"https:\/\/blogit.gradia.fi\/digipalvelut\/","name":"Gradia Digipalvelut","description":"Astetta enemm\u00e4n digi\u00e4","publisher":{"@id":"https:\/\/blogit.gradia.fi\/digipalvelut\/#organization"},"potentialAction":[{"@type":"SearchAction","target":{"@type":"EntryPoint","urlTemplate":"https:\/\/blogit.gradia.fi\/digipalvelut\/?s={search_term_string}"},"query-input":{"@type":"PropertyValueSpecification","valueRequired":true,"valueName":"search_term_string"}}],"inLanguage":"fi"},{"@type":"Organization","@id":"https:\/\/blogit.gradia.fi\/digipalvelut\/#organization","name":"Gradia Digipalvelut","url":"https:\/\/blogit.gradia.fi\/digipalvelut\/","logo":{"@type":"ImageObject","inLanguage":"fi","@id":"https:\/\/blogit.gradia.fi\/digipalvelut\/#\/schema\/logo\/image\/","url":"https:\/\/blogit.gradia.fi\/digipalvelut\/wp-content\/uploads\/sites\/99\/2019\/06\/cropped-Gradia_logo_Cyber_TRANSPARENT.png","contentUrl":"https:\/\/blogit.gradia.fi\/digipalvelut\/wp-content\/uploads\/sites\/99\/2019\/06\/cropped-Gradia_logo_Cyber_TRANSPARENT.png","width":316,"height":382,"caption":"Gradia Digipalvelut"},"image":{"@id":"https:\/\/blogit.gradia.fi\/digipalvelut\/#\/schema\/logo\/image\/"}}]}},"uagb_featured_image_src":{"full":false,"thumbnail":false,"medium":false,"medium_large":false,"large":false,"1536x1536":false,"2048x2048":false,"hestia-blog":false},"uagb_author_info":{"display_name":"Merja Hakanen","author_link":"https:\/\/blogit.gradia.fi\/digipalvelut\/author\/hakanmer\/"},"uagb_comment_info":0,"uagb_excerpt":"Wilma opiskelijalle Oppisopimus Ohje oppisopimusopiskelijan opintososiaalisten etujen hakemiseen Wilmassa Ohje oppisopimusopiskelijan opintososiaalisten etujen hakemiseen Wilmassa (oppisopimus alkanut 1.1.2024 j\u00e4lkeen) Otsikko Todistuksen lis\u00e4\u00e4minen liitteen\u00e4 Wilmaan Koulutussopimus Wilma-ohje-ateriakorvaushakemus Wilma opettajalle Alaotsikko Alaotsikko Wilma huoltajalle Ohje huoltajatunnuksen tekemiseen Wilma ty\u00f6paikkaohjaajalle Alaotsikko Ohje Wilma-tunnuksen tekemiseen Alaotsikko Otsikko","_links":{"self":[{"href":"https:\/\/blogit.gradia.fi\/digipalvelut\/wp-json\/wp\/v2\/pages\/935","targetHints":{"allow":["GET"]}}],"collection":[{"href":"https:\/\/blogit.gradia.fi\/digipalvelut\/wp-json\/wp\/v2\/pages"}],"about":[{"href":"https:\/\/blogit.gradia.fi\/digipalvelut\/wp-json\/wp\/v2\/types\/page"}],"author":[{"embeddable":true,"href":"https:\/\/blogit.gradia.fi\/digipalvelut\/wp-json\/wp\/v2\/users\/421"}],"replies":[{"embeddable":true,"href":"https:\/\/blogit.gradia.fi\/digipalvelut\/wp-json\/wp\/v2\/comments?post=935"}],"version-history":[{"count":25,"href":"https:\/\/blogit.gradia.fi\/digipalvelut\/wp-json\/wp\/v2\/pages\/935\/revisions"}],"predecessor-version":[{"id":2501,"href":"https:\/\/blogit.gradia.fi\/digipalvelut\/wp-json\/wp\/v2\/pages\/935\/revisions\/2501"}],"up":[{"embeddable":true,"href":"https:\/\/blogit.gradia.fi\/digipalvelut\/wp-json\/wp\/v2\/pages\/37"}],"wp:attachment":[{"href":"https:\/\/blogit.gradia.fi\/digipalvelut\/wp-json\/wp\/v2\/media?parent=935"}],"curies":[{"name":"wp","href":"https:\/\/api.w.org\/{rel}","templated":true}]}}