{"id":918,"date":"2019-08-12T15:50:30","date_gmt":"2019-08-12T12:50:30","guid":{"rendered":"https:\/\/blogit.gradia.fi\/digipalvelut\/?page_id=918"},"modified":"2019-08-12T15:50:30","modified_gmt":"2019-08-12T12:50:30","slug":"selaimen-valimuistin-tyhjentaminen","status":"publish","type":"page","link":"https:\/\/blogit.gradia.fi\/digipalvelut\/ohjeita-ja-vinkkeja\/laitteet\/selaimen-valimuistin-tyhjentaminen\/","title":{"rendered":"Selaimen v\u00e4limuistin tyhjent\u00e4minen"},"content":{"rendered":"\n<p>K\u00e4ytt\u00e4ess\u00e4si internetti\u00e4 selainten historiatietoihin j\u00e4\u00e4 muistiin\u00a0 mm. Sivu-, lataus- ja hakuhistoria. Voit halutessasi poistaa n\u00e4it\u00e4 historiatietoja, mutta eri selaimella poistaminen tehd\u00e4\u00e4n hieman eri tavoin.\u00a0\u00a0Ohjelinkit johtavat kunkin selaimen omille ohjesivuistoilleen. <\/p>\n\n\n\n<p><strong>Firefox:<\/strong>\u00a0\u00a0<br><a rel=\"noreferrer noopener\" href=\"https:\/\/support.mozilla.org\/fi\/kb\/poista-selaus-haku-ja-lataushistoria\" target=\"_blank\">https:\/\/support.mozilla.org\/fi\/kb\/poista-selaus-haku-ja-lataushistoria<\/a>\u00a0 <\/p>\n\n\n\n<p><strong>Chrome:\u00a0<\/strong>\u00a0<br><a rel=\"noreferrer noopener\" href=\"https:\/\/support.google.com\/accounts\/answer\/32050\" target=\"_blank\">https:\/\/support.google.com\/accounts\/answer\/32050<\/a>\u00a0\u00a0 <\/p>\n\n\n\n<p>Ohje sis\u00e4lt\u00e4\u00e4 neuvot historiatietojen poistamiseen sek\u00e4 tietokoneen selaimilla ett\u00e4 mobiililaitteiden sovelluksilla.&nbsp;&nbsp;<\/p>\n\n\n\n<p><strong>Edge:\u00a0<\/strong><br><a rel=\"noreferrer noopener\" href=\"https:\/\/support.microsoft.com\/fi-fi\/help\/10607\/microsoft-edge-view-delete-browser-history\" target=\"_blank\">https:\/\/support.microsoft.com\/fi-fi\/help\/10607\/microsoft-edge-view-delete-browser-history<\/a>\u00a0 <\/p>\n\n\n\n<p><strong>Internet Explorer:\u00a0<\/strong><br><a rel=\"noreferrer noopener\" href=\"https:\/\/support.microsoft.com\/fi-fi\/help\/17438\/windows-internet-explorer-view-delete-browsing-history\" target=\"_blank\">https:\/\/support.microsoft.com\/fi-fi\/help\/17438\/windows-internet-explorer-view-delete-browsing-history<\/a>\u00a0 <\/p>\n","protected":false},"excerpt":{"rendered":"<p>K\u00e4ytt\u00e4ess\u00e4si internetti\u00e4 selainten historiatietoihin j\u00e4\u00e4 muistiin\u00a0 mm. Sivu-, lataus- ja hakuhistoria. Voit halutessasi poistaa n\u00e4it\u00e4 historiatietoja, mutta eri selaimella poistaminen tehd\u00e4\u00e4n hieman eri tavoin.\u00a0\u00a0Ohjelinkit johtavat kunkin selaimen omille ohjesivuistoilleen. Firefox:\u00a0\u00a0https:\/\/support.mozilla.org\/fi\/kb\/poista-selaus-haku-ja-lataushistoria\u00a0 Chrome:\u00a0\u00a0https:\/\/support.google.com\/accounts\/answer\/32050\u00a0\u00a0 Ohje sis\u00e4lt\u00e4\u00e4 neuvot historiatietojen poistamiseen sek\u00e4 tietokoneen selaimilla ett\u00e4 mobiililaitteiden sovelluksilla.&nbsp;&nbsp; Edge:\u00a0https:\/\/support.microsoft.com\/fi-fi\/help\/10607\/microsoft-edge-view-delete-browser-history\u00a0 Internet Explorer:\u00a0https:\/\/support.microsoft.com\/fi-fi\/help\/17438\/windows-internet-explorer-view-delete-browsing-history\u00a0<\/p>\n","protected":false},"author":421,"featured_media":0,"parent":189,"menu_order":0,"comment_status":"closed","ping_status":"closed","template":"","meta":{"_uag_custom_page_level_css":"","footnotes":""},"class_list":["post-918","page","type-page","status-publish","hentry"],"yoast_head":"<!-- This site is optimized with the Yoast SEO plugin v27.4 - https:\/\/yoast.com\/product\/yoast-seo-wordpress\/ -->\n<title>Selaimen v\u00e4limuistin tyhjent\u00e4minen - Gradia Digipalvelut<\/title>\n<meta name=\"robots\" content=\"index, follow, max-snippet:-1, max-image-preview:large, max-video-preview:-1\" \/>\n<link rel=\"canonical\" href=\"https:\/\/blogit.gradia.fi\/digipalvelut\/ohjeita-ja-vinkkeja\/laitteet\/selaimen-valimuistin-tyhjentaminen\/\" \/>\n<meta property=\"og:locale\" content=\"fi_FI\" \/>\n<meta property=\"og:type\" content=\"article\" \/>\n<meta property=\"og:title\" content=\"Selaimen v\u00e4limuistin tyhjent\u00e4minen - Gradia Digipalvelut\" \/>\n<meta property=\"og:description\" content=\"K\u00e4ytt\u00e4ess\u00e4si internetti\u00e4 selainten historiatietoihin j\u00e4\u00e4 muistiin\u00a0 mm. Sivu-, lataus- ja hakuhistoria. Voit halutessasi poistaa n\u00e4it\u00e4 historiatietoja, mutta eri selaimella poistaminen tehd\u00e4\u00e4n hieman eri tavoin.\u00a0\u00a0Ohjelinkit johtavat kunkin selaimen omille ohjesivuistoilleen. Firefox:\u00a0\u00a0https:\/\/support.mozilla.org\/fi\/kb\/poista-selaus-haku-ja-lataushistoria\u00a0 Chrome:\u00a0\u00a0https:\/\/support.google.com\/accounts\/answer\/32050\u00a0\u00a0 Ohje sis\u00e4lt\u00e4\u00e4 neuvot historiatietojen poistamiseen sek\u00e4 tietokoneen selaimilla ett\u00e4 mobiililaitteiden sovelluksilla.&nbsp;&nbsp; Edge:\u00a0https:\/\/support.microsoft.com\/fi-fi\/help\/10607\/microsoft-edge-view-delete-browser-history\u00a0 Internet Explorer:\u00a0https:\/\/support.microsoft.com\/fi-fi\/help\/17438\/windows-internet-explorer-view-delete-browsing-history\u00a0\" \/>\n<meta property=\"og:url\" content=\"https:\/\/blogit.gradia.fi\/digipalvelut\/ohjeita-ja-vinkkeja\/laitteet\/selaimen-valimuistin-tyhjentaminen\/\" \/>\n<meta property=\"og:site_name\" content=\"Gradia Digipalvelut\" \/>\n<meta name=\"twitter:card\" content=\"summary_large_image\" \/>\n<script type=\"application\/ld+json\" class=\"yoast-schema-graph\">{\"@context\":\"https:\\\/\\\/schema.org\",\"@graph\":[{\"@type\":\"WebPage\",\"@id\":\"https:\\\/\\\/blogit.gradia.fi\\\/digipalvelut\\\/ohjeita-ja-vinkkeja\\\/laitteet\\\/selaimen-valimuistin-tyhjentaminen\\\/\",\"url\":\"https:\\\/\\\/blogit.gradia.fi\\\/digipalvelut\\\/ohjeita-ja-vinkkeja\\\/laitteet\\\/selaimen-valimuistin-tyhjentaminen\\\/\",\"name\":\"Selaimen v\u00e4limuistin tyhjent\u00e4minen - Gradia Digipalvelut\",\"isPartOf\":{\"@id\":\"https:\\\/\\\/blogit.gradia.fi\\\/digipalvelut\\\/#website\"},\"datePublished\":\"2019-08-12T12:50:30+00:00\",\"breadcrumb\":{\"@id\":\"https:\\\/\\\/blogit.gradia.fi\\\/digipalvelut\\\/ohjeita-ja-vinkkeja\\\/laitteet\\\/selaimen-valimuistin-tyhjentaminen\\\/#breadcrumb\"},\"inLanguage\":\"fi\",\"potentialAction\":[{\"@type\":\"ReadAction\",\"target\":[\"https:\\\/\\\/blogit.gradia.fi\\\/digipalvelut\\\/ohjeita-ja-vinkkeja\\\/laitteet\\\/selaimen-valimuistin-tyhjentaminen\\\/\"]}]},{\"@type\":\"BreadcrumbList\",\"@id\":\"https:\\\/\\\/blogit.gradia.fi\\\/digipalvelut\\\/ohjeita-ja-vinkkeja\\\/laitteet\\\/selaimen-valimuistin-tyhjentaminen\\\/#breadcrumb\",\"itemListElement\":[{\"@type\":\"ListItem\",\"position\":1,\"name\":\"Ohjeita ja vinkkej\u00e4\",\"item\":\"https:\\\/\\\/blogit.gradia.fi\\\/digipalvelut\\\/ohjeita-ja-vinkkeja\\\/\"},{\"@type\":\"ListItem\",\"position\":2,\"name\":\"Laitteet\",\"item\":\"https:\\\/\\\/blogit.gradia.fi\\\/digipalvelut\\\/ohjeita-ja-vinkkeja\\\/laitteet\\\/\"},{\"@type\":\"ListItem\",\"position\":3,\"name\":\"Selaimen v\u00e4limuistin tyhjent\u00e4minen\"}]},{\"@type\":\"WebSite\",\"@id\":\"https:\\\/\\\/blogit.gradia.fi\\\/digipalvelut\\\/#website\",\"url\":\"https:\\\/\\\/blogit.gradia.fi\\\/digipalvelut\\\/\",\"name\":\"Gradia Digipalvelut\",\"description\":\"Astetta enemm\u00e4n digi\u00e4\",\"publisher\":{\"@id\":\"https:\\\/\\\/blogit.gradia.fi\\\/digipalvelut\\\/#organization\"},\"potentialAction\":[{\"@type\":\"SearchAction\",\"target\":{\"@type\":\"EntryPoint\",\"urlTemplate\":\"https:\\\/\\\/blogit.gradia.fi\\\/digipalvelut\\\/?s={search_term_string}\"},\"query-input\":{\"@type\":\"PropertyValueSpecification\",\"valueRequired\":true,\"valueName\":\"search_term_string\"}}],\"inLanguage\":\"fi\"},{\"@type\":\"Organization\",\"@id\":\"https:\\\/\\\/blogit.gradia.fi\\\/digipalvelut\\\/#organization\",\"name\":\"Gradia Digipalvelut\",\"url\":\"https:\\\/\\\/blogit.gradia.fi\\\/digipalvelut\\\/\",\"logo\":{\"@type\":\"ImageObject\",\"inLanguage\":\"fi\",\"@id\":\"https:\\\/\\\/blogit.gradia.fi\\\/digipalvelut\\\/#\\\/schema\\\/logo\\\/image\\\/\",\"url\":\"https:\\\/\\\/blogit.gradia.fi\\\/digipalvelut\\\/wp-content\\\/uploads\\\/sites\\\/99\\\/2019\\\/06\\\/cropped-Gradia_logo_Cyber_TRANSPARENT.png\",\"contentUrl\":\"https:\\\/\\\/blogit.gradia.fi\\\/digipalvelut\\\/wp-content\\\/uploads\\\/sites\\\/99\\\/2019\\\/06\\\/cropped-Gradia_logo_Cyber_TRANSPARENT.png\",\"width\":316,\"height\":382,\"caption\":\"Gradia Digipalvelut\"},\"image\":{\"@id\":\"https:\\\/\\\/blogit.gradia.fi\\\/digipalvelut\\\/#\\\/schema\\\/logo\\\/image\\\/\"}}]}<\/script>\n<!-- \/ Yoast SEO plugin. -->","yoast_head_json":{"title":"Selaimen v\u00e4limuistin tyhjent\u00e4minen - Gradia Digipalvelut","robots":{"index":"index","follow":"follow","max-snippet":"max-snippet:-1","max-image-preview":"max-image-preview:large","max-video-preview":"max-video-preview:-1"},"canonical":"https:\/\/blogit.gradia.fi\/digipalvelut\/ohjeita-ja-vinkkeja\/laitteet\/selaimen-valimuistin-tyhjentaminen\/","og_locale":"fi_FI","og_type":"article","og_title":"Selaimen v\u00e4limuistin tyhjent\u00e4minen - Gradia Digipalvelut","og_description":"K\u00e4ytt\u00e4ess\u00e4si internetti\u00e4 selainten historiatietoihin j\u00e4\u00e4 muistiin\u00a0 mm. Sivu-, lataus- ja hakuhistoria. Voit halutessasi poistaa n\u00e4it\u00e4 historiatietoja, mutta eri selaimella poistaminen tehd\u00e4\u00e4n hieman eri tavoin.\u00a0\u00a0Ohjelinkit johtavat kunkin selaimen omille ohjesivuistoilleen. Firefox:\u00a0\u00a0https:\/\/support.mozilla.org\/fi\/kb\/poista-selaus-haku-ja-lataushistoria\u00a0 Chrome:\u00a0\u00a0https:\/\/support.google.com\/accounts\/answer\/32050\u00a0\u00a0 Ohje sis\u00e4lt\u00e4\u00e4 neuvot historiatietojen poistamiseen sek\u00e4 tietokoneen selaimilla ett\u00e4 mobiililaitteiden sovelluksilla.&nbsp;&nbsp; Edge:\u00a0https:\/\/support.microsoft.com\/fi-fi\/help\/10607\/microsoft-edge-view-delete-browser-history\u00a0 Internet Explorer:\u00a0https:\/\/support.microsoft.com\/fi-fi\/help\/17438\/windows-internet-explorer-view-delete-browsing-history\u00a0","og_url":"https:\/\/blogit.gradia.fi\/digipalvelut\/ohjeita-ja-vinkkeja\/laitteet\/selaimen-valimuistin-tyhjentaminen\/","og_site_name":"Gradia Digipalvelut","twitter_card":"summary_large_image","schema":{"@context":"https:\/\/schema.org","@graph":[{"@type":"WebPage","@id":"https:\/\/blogit.gradia.fi\/digipalvelut\/ohjeita-ja-vinkkeja\/laitteet\/selaimen-valimuistin-tyhjentaminen\/","url":"https:\/\/blogit.gradia.fi\/digipalvelut\/ohjeita-ja-vinkkeja\/laitteet\/selaimen-valimuistin-tyhjentaminen\/","name":"Selaimen v\u00e4limuistin tyhjent\u00e4minen - Gradia Digipalvelut","isPartOf":{"@id":"https:\/\/blogit.gradia.fi\/digipalvelut\/#website"},"datePublished":"2019-08-12T12:50:30+00:00","breadcrumb":{"@id":"https:\/\/blogit.gradia.fi\/digipalvelut\/ohjeita-ja-vinkkeja\/laitteet\/selaimen-valimuistin-tyhjentaminen\/#breadcrumb"},"inLanguage":"fi","potentialAction":[{"@type":"ReadAction","target":["https:\/\/blogit.gradia.fi\/digipalvelut\/ohjeita-ja-vinkkeja\/laitteet\/selaimen-valimuistin-tyhjentaminen\/"]}]},{"@type":"BreadcrumbList","@id":"https:\/\/blogit.gradia.fi\/digipalvelut\/ohjeita-ja-vinkkeja\/laitteet\/selaimen-valimuistin-tyhjentaminen\/#breadcrumb","itemListElement":[{"@type":"ListItem","position":1,"name":"Ohjeita ja vinkkej\u00e4","item":"https:\/\/blogit.gradia.fi\/digipalvelut\/ohjeita-ja-vinkkeja\/"},{"@type":"ListItem","position":2,"name":"Laitteet","item":"https:\/\/blogit.gradia.fi\/digipalvelut\/ohjeita-ja-vinkkeja\/laitteet\/"},{"@type":"ListItem","position":3,"name":"Selaimen v\u00e4limuistin tyhjent\u00e4minen"}]},{"@type":"WebSite","@id":"https:\/\/blogit.gradia.fi\/digipalvelut\/#website","url":"https:\/\/blogit.gradia.fi\/digipalvelut\/","name":"Gradia Digipalvelut","description":"Astetta enemm\u00e4n digi\u00e4","publisher":{"@id":"https:\/\/blogit.gradia.fi\/digipalvelut\/#organization"},"potentialAction":[{"@type":"SearchAction","target":{"@type":"EntryPoint","urlTemplate":"https:\/\/blogit.gradia.fi\/digipalvelut\/?s={search_term_string}"},"query-input":{"@type":"PropertyValueSpecification","valueRequired":true,"valueName":"search_term_string"}}],"inLanguage":"fi"},{"@type":"Organization","@id":"https:\/\/blogit.gradia.fi\/digipalvelut\/#organization","name":"Gradia Digipalvelut","url":"https:\/\/blogit.gradia.fi\/digipalvelut\/","logo":{"@type":"ImageObject","inLanguage":"fi","@id":"https:\/\/blogit.gradia.fi\/digipalvelut\/#\/schema\/logo\/image\/","url":"https:\/\/blogit.gradia.fi\/digipalvelut\/wp-content\/uploads\/sites\/99\/2019\/06\/cropped-Gradia_logo_Cyber_TRANSPARENT.png","contentUrl":"https:\/\/blogit.gradia.fi\/digipalvelut\/wp-content\/uploads\/sites\/99\/2019\/06\/cropped-Gradia_logo_Cyber_TRANSPARENT.png","width":316,"height":382,"caption":"Gradia Digipalvelut"},"image":{"@id":"https:\/\/blogit.gradia.fi\/digipalvelut\/#\/schema\/logo\/image\/"}}]}},"uagb_featured_image_src":{"full":false,"thumbnail":false,"medium":false,"medium_large":false,"large":false,"1536x1536":false,"2048x2048":false,"hestia-blog":false},"uagb_author_info":{"display_name":"Merja Hakanen","author_link":"https:\/\/blogit.gradia.fi\/digipalvelut\/author\/hakanmer\/"},"uagb_comment_info":0,"uagb_excerpt":"K\u00e4ytt\u00e4ess\u00e4si internetti\u00e4 selainten historiatietoihin j\u00e4\u00e4 muistiin\u00a0 mm. Sivu-, lataus- ja hakuhistoria. Voit halutessasi poistaa n\u00e4it\u00e4 historiatietoja, mutta eri selaimella poistaminen tehd\u00e4\u00e4n hieman eri tavoin.\u00a0\u00a0Ohjelinkit johtavat kunkin selaimen omille ohjesivuistoilleen. Firefox:\u00a0\u00a0https:\/\/support.mozilla.org\/fi\/kb\/poista-selaus-haku-ja-lataushistoria\u00a0 Chrome:\u00a0\u00a0https:\/\/support.google.com\/accounts\/answer\/32050\u00a0\u00a0 Ohje sis\u00e4lt\u00e4\u00e4 neuvot historiatietojen poistamiseen sek\u00e4 tietokoneen selaimilla ett\u00e4 mobiililaitteiden sovelluksilla.&nbsp;&nbsp; Edge:\u00a0https:\/\/support.microsoft.com\/fi-fi\/help\/10607\/microsoft-edge-view-delete-browser-history\u00a0 Internet Explorer:\u00a0https:\/\/support.microsoft.com\/fi-fi\/help\/17438\/windows-internet-explorer-view-delete-browsing-history\u00a0","_links":{"self":[{"href":"https:\/\/blogit.gradia.fi\/digipalvelut\/wp-json\/wp\/v2\/pages\/918","targetHints":{"allow":["GET"]}}],"collection":[{"href":"https:\/\/blogit.gradia.fi\/digipalvelut\/wp-json\/wp\/v2\/pages"}],"about":[{"href":"https:\/\/blogit.gradia.fi\/digipalvelut\/wp-json\/wp\/v2\/types\/page"}],"author":[{"embeddable":true,"href":"https:\/\/blogit.gradia.fi\/digipalvelut\/wp-json\/wp\/v2\/users\/421"}],"replies":[{"embeddable":true,"href":"https:\/\/blogit.gradia.fi\/digipalvelut\/wp-json\/wp\/v2\/comments?post=918"}],"version-history":[{"count":2,"href":"https:\/\/blogit.gradia.fi\/digipalvelut\/wp-json\/wp\/v2\/pages\/918\/revisions"}],"predecessor-version":[{"id":925,"href":"https:\/\/blogit.gradia.fi\/digipalvelut\/wp-json\/wp\/v2\/pages\/918\/revisions\/925"}],"up":[{"embeddable":true,"href":"https:\/\/blogit.gradia.fi\/digipalvelut\/wp-json\/wp\/v2\/pages\/189"}],"wp:attachment":[{"href":"https:\/\/blogit.gradia.fi\/digipalvelut\/wp-json\/wp\/v2\/media?parent=918"}],"curies":[{"name":"wp","href":"https:\/\/api.w.org\/{rel}","templated":true}]}}