{"id":908,"date":"2019-08-12T14:15:44","date_gmt":"2019-08-12T11:15:44","guid":{"rendered":"https:\/\/blogit.gradia.fi\/digipalvelut\/?page_id=908"},"modified":"2019-11-05T12:07:02","modified_gmt":"2019-11-05T10:07:02","slug":"kurssin-taustakuvan-vaihtaminen","status":"publish","type":"page","link":"https:\/\/blogit.gradia.fi\/digipalvelut\/ohjeita-ja-vinkkeja\/moodle\/kurssin-taustakuvan-vaihtaminen\/","title":{"rendered":"Kurssin taustakuvan vaihtaminen"},"content":{"rendered":"\n<p>Opettaja voi vaihtaa kurssin yl\u00e4bannerin taustakuvaa. Moodlesta l\u00f6ytyy tiedostovalitsimesta &#8221;materiaalipankki&#8221;, johon on ladattu valmiita, oikean kokoisia kurssibannereita. Samasta materiaalipankista l\u00f6ytyy my\u00f6s ikoneita kurssialustan rakentamista varten.&nbsp;&nbsp; <\/p>\n\n\n\n<p>1. Mene kurssipohjaan, jota haluat muokata.&nbsp;<br>2. Klikkaa hammasratasta oikeassa yl\u00e4kulmassa&nbsp;<\/p>\n\n\n\n<figure class=\"wp-block-image\"><img fetchpriority=\"high\" decoding=\"async\" width=\"523\" height=\"505\" src=\"https:\/\/blogit.gradia.fi\/digipalvelut\/wp-content\/uploads\/sites\/99\/2019\/06\/image-12.jpeg\" alt=\"\" class=\"wp-image-520\" srcset=\"https:\/\/blogit.gradia.fi\/digipalvelut\/wp-content\/uploads\/sites\/99\/2019\/06\/image-12.jpeg 523w, https:\/\/blogit.gradia.fi\/digipalvelut\/wp-content\/uploads\/sites\/99\/2019\/06\/image-12-300x290.jpeg 300w\" sizes=\"(max-width: 523px) 100vw, 523px\" \/><\/figure>\n\n\n\n<p>3.  Valitse alhaalta&nbsp; &#8221;vaihda kurssin taustakuva&#8221; <br>4.  Klikkaa avautuvassa ikkunassa kuvatiedoston nime\u00e4 (sinisell\u00e4) <br>5. Valitse &#8221;poista &#8221; ennen kuin lataat uuden taustakuvan.&nbsp;<\/p>\n\n\n\n<figure class=\"wp-block-image is-resized\"><img decoding=\"async\" src=\"https:\/\/blogit.gradia.fi\/digipalvelut\/wp-content\/uploads\/sites\/99\/2019\/08\/kurssikuvan-tallentaminen.jpg\" alt=\"kuva kurssibannerin tallentamisikkunasta\" class=\"wp-image-909\" width=\"234\" height=\"275\" srcset=\"https:\/\/blogit.gradia.fi\/digipalvelut\/wp-content\/uploads\/sites\/99\/2019\/08\/kurssikuvan-tallentaminen.jpg 467w, https:\/\/blogit.gradia.fi\/digipalvelut\/wp-content\/uploads\/sites\/99\/2019\/08\/kurssikuvan-tallentaminen-255x300.jpg 255w\" sizes=\"(max-width: 234px) 100vw, 234px\" \/><\/figure>\n\n\n\n<p>6. Valitse t\u00e4m\u00e4n j\u00e4lkeen &#8221;<strong>lataa<\/strong>&#8221; ja paina tiedoston yl\u00e4puolella olevaa sinist\u00e4 paperikuvaketta p\u00e4\u00e4st\u00e4ksesi materiaalipankkiin.&nbsp; <\/p>\n\n\n\n<figure class=\"wp-block-image\"><img decoding=\"async\" width=\"129\" height=\"89\" src=\"https:\/\/blogit.gradia.fi\/digipalvelut\/wp-content\/uploads\/sites\/99\/2019\/08\/tiedoston-kuva.png\" alt=\"kuva materiaalipankin tiedostovalikoista \" class=\"wp-image-910\" \/><\/figure>\n\n\n\n<p>7. Valitse haluamasi tiedosto kurssibannerit \u2013kansiosta ja tallenna muutokset<\/p>\n\n\n\n<p><a href=\"https:\/\/blogit.gradia.fi\/digipalvelut\/ohjeita-ja-vinkkeja\/moodle\/kurssin-taustakuvat\/\" target=\"_blank\" rel=\"noreferrer noopener\" aria-label=\"K\u00e4y t\u00e4\u00e4lt\u00e4 my\u00f6s katsomassa millaisia erilaisia valmiita vaihtoehtoja on tarjolla taustakuviksi! (avautuu uudessa v\u00e4lilehdess\u00e4)\">K\u00e4y t\u00e4\u00e4lt\u00e4 my\u00f6s katsomassa millaisia erilaisia valmiita vaihtoehtoja on tarjolla taustakuviksi!<\/a><\/p>\n","protected":false},"excerpt":{"rendered":"<p>Opettaja voi vaihtaa kurssin yl\u00e4bannerin taustakuvaa. Moodlesta l\u00f6ytyy tiedostovalitsimesta &#8221;materiaalipankki&#8221;, johon on ladattu valmiita, oikean kokoisia kurssibannereita. Samasta materiaalipankista l\u00f6ytyy my\u00f6s ikoneita kurssialustan rakentamista varten.&nbsp;&nbsp; 1. Mene kurssipohjaan, jota haluat muokata.&nbsp;2. Klikkaa hammasratasta oikeassa yl\u00e4kulmassa&nbsp; 3. Valitse alhaalta&nbsp; &#8221;vaihda kurssin taustakuva&#8221; 4. Klikkaa avautuvassa ikkunassa kuvatiedoston nime\u00e4 (sinisell\u00e4) 5. Valitse [&hellip;]<\/p>\n","protected":false},"author":165,"featured_media":0,"parent":76,"menu_order":0,"comment_status":"closed","ping_status":"closed","template":"","meta":{"_uag_custom_page_level_css":"","footnotes":""},"class_list":["post-908","page","type-page","status-publish","hentry"],"yoast_head":"<!-- This site is optimized with the Yoast SEO plugin v27.4 - https:\/\/yoast.com\/product\/yoast-seo-wordpress\/ -->\n<title>Kurssin taustakuvan vaihtaminen - Gradia Digipalvelut<\/title>\n<meta name=\"robots\" content=\"index, follow, max-snippet:-1, max-image-preview:large, max-video-preview:-1\" \/>\n<link rel=\"canonical\" href=\"https:\/\/blogit.gradia.fi\/digipalvelut\/ohjeita-ja-vinkkeja\/moodle\/kurssin-taustakuvan-vaihtaminen\/\" \/>\n<meta property=\"og:locale\" content=\"fi_FI\" \/>\n<meta property=\"og:type\" content=\"article\" \/>\n<meta property=\"og:title\" content=\"Kurssin taustakuvan vaihtaminen - Gradia Digipalvelut\" \/>\n<meta property=\"og:description\" content=\"Opettaja voi vaihtaa kurssin yl\u00e4bannerin taustakuvaa. Moodlesta l\u00f6ytyy tiedostovalitsimesta &#8221;materiaalipankki&#8221;, johon on ladattu valmiita, oikean kokoisia kurssibannereita. Samasta materiaalipankista l\u00f6ytyy my\u00f6s ikoneita kurssialustan rakentamista varten.&nbsp;&nbsp; 1. Mene kurssipohjaan, jota haluat muokata.&nbsp;2. Klikkaa hammasratasta oikeassa yl\u00e4kulmassa&nbsp; 3. Valitse alhaalta&nbsp; &#8221;vaihda kurssin taustakuva&#8221; 4. Klikkaa avautuvassa ikkunassa kuvatiedoston nime\u00e4 (sinisell\u00e4) 5. Valitse [&hellip;]\" \/>\n<meta property=\"og:url\" content=\"https:\/\/blogit.gradia.fi\/digipalvelut\/ohjeita-ja-vinkkeja\/moodle\/kurssin-taustakuvan-vaihtaminen\/\" \/>\n<meta property=\"og:site_name\" content=\"Gradia Digipalvelut\" \/>\n<meta property=\"article:modified_time\" content=\"2019-11-05T10:07:02+00:00\" \/>\n<meta property=\"og:image\" content=\"https:\/\/blogit.gradia.fi\/digipalvelut\/wp-content\/uploads\/sites\/99\/2019\/06\/image-12.jpeg\" \/>\n<meta name=\"twitter:card\" content=\"summary_large_image\" \/>\n<meta name=\"twitter:label1\" content=\"Arvioitu lukuaika\" \/>\n\t<meta name=\"twitter:data1\" content=\"1 minuutti\" \/>\n<script type=\"application\/ld+json\" class=\"yoast-schema-graph\">{\"@context\":\"https:\\\/\\\/schema.org\",\"@graph\":[{\"@type\":\"WebPage\",\"@id\":\"https:\\\/\\\/blogit.gradia.fi\\\/digipalvelut\\\/ohjeita-ja-vinkkeja\\\/moodle\\\/kurssin-taustakuvan-vaihtaminen\\\/\",\"url\":\"https:\\\/\\\/blogit.gradia.fi\\\/digipalvelut\\\/ohjeita-ja-vinkkeja\\\/moodle\\\/kurssin-taustakuvan-vaihtaminen\\\/\",\"name\":\"Kurssin taustakuvan vaihtaminen - Gradia Digipalvelut\",\"isPartOf\":{\"@id\":\"https:\\\/\\\/blogit.gradia.fi\\\/digipalvelut\\\/#website\"},\"primaryImageOfPage\":{\"@id\":\"https:\\\/\\\/blogit.gradia.fi\\\/digipalvelut\\\/ohjeita-ja-vinkkeja\\\/moodle\\\/kurssin-taustakuvan-vaihtaminen\\\/#primaryimage\"},\"image\":{\"@id\":\"https:\\\/\\\/blogit.gradia.fi\\\/digipalvelut\\\/ohjeita-ja-vinkkeja\\\/moodle\\\/kurssin-taustakuvan-vaihtaminen\\\/#primaryimage\"},\"thumbnailUrl\":\"https:\\\/\\\/blogit.gradia.fi\\\/digipalvelut\\\/wp-content\\\/uploads\\\/sites\\\/99\\\/2019\\\/06\\\/image-12.jpeg\",\"datePublished\":\"2019-08-12T11:15:44+00:00\",\"dateModified\":\"2019-11-05T10:07:02+00:00\",\"breadcrumb\":{\"@id\":\"https:\\\/\\\/blogit.gradia.fi\\\/digipalvelut\\\/ohjeita-ja-vinkkeja\\\/moodle\\\/kurssin-taustakuvan-vaihtaminen\\\/#breadcrumb\"},\"inLanguage\":\"fi\",\"potentialAction\":[{\"@type\":\"ReadAction\",\"target\":[\"https:\\\/\\\/blogit.gradia.fi\\\/digipalvelut\\\/ohjeita-ja-vinkkeja\\\/moodle\\\/kurssin-taustakuvan-vaihtaminen\\\/\"]}]},{\"@type\":\"ImageObject\",\"inLanguage\":\"fi\",\"@id\":\"https:\\\/\\\/blogit.gradia.fi\\\/digipalvelut\\\/ohjeita-ja-vinkkeja\\\/moodle\\\/kurssin-taustakuvan-vaihtaminen\\\/#primaryimage\",\"url\":\"https:\\\/\\\/blogit.gradia.fi\\\/digipalvelut\\\/wp-content\\\/uploads\\\/sites\\\/99\\\/2019\\\/06\\\/image-12.jpeg\",\"contentUrl\":\"https:\\\/\\\/blogit.gradia.fi\\\/digipalvelut\\\/wp-content\\\/uploads\\\/sites\\\/99\\\/2019\\\/06\\\/image-12.jpeg\",\"width\":523,\"height\":505},{\"@type\":\"BreadcrumbList\",\"@id\":\"https:\\\/\\\/blogit.gradia.fi\\\/digipalvelut\\\/ohjeita-ja-vinkkeja\\\/moodle\\\/kurssin-taustakuvan-vaihtaminen\\\/#breadcrumb\",\"itemListElement\":[{\"@type\":\"ListItem\",\"position\":1,\"name\":\"Ohjeita ja vinkkej\u00e4\",\"item\":\"https:\\\/\\\/blogit.gradia.fi\\\/digipalvelut\\\/ohjeita-ja-vinkkeja\\\/\"},{\"@type\":\"ListItem\",\"position\":2,\"name\":\"Moodle\",\"item\":\"https:\\\/\\\/blogit.gradia.fi\\\/digipalvelut\\\/ohjeita-ja-vinkkeja\\\/moodle\\\/\"},{\"@type\":\"ListItem\",\"position\":3,\"name\":\"Kurssin taustakuvan vaihtaminen\"}]},{\"@type\":\"WebSite\",\"@id\":\"https:\\\/\\\/blogit.gradia.fi\\\/digipalvelut\\\/#website\",\"url\":\"https:\\\/\\\/blogit.gradia.fi\\\/digipalvelut\\\/\",\"name\":\"Gradia Digipalvelut\",\"description\":\"Astetta enemm\u00e4n digi\u00e4\",\"publisher\":{\"@id\":\"https:\\\/\\\/blogit.gradia.fi\\\/digipalvelut\\\/#organization\"},\"potentialAction\":[{\"@type\":\"SearchAction\",\"target\":{\"@type\":\"EntryPoint\",\"urlTemplate\":\"https:\\\/\\\/blogit.gradia.fi\\\/digipalvelut\\\/?s={search_term_string}\"},\"query-input\":{\"@type\":\"PropertyValueSpecification\",\"valueRequired\":true,\"valueName\":\"search_term_string\"}}],\"inLanguage\":\"fi\"},{\"@type\":\"Organization\",\"@id\":\"https:\\\/\\\/blogit.gradia.fi\\\/digipalvelut\\\/#organization\",\"name\":\"Gradia Digipalvelut\",\"url\":\"https:\\\/\\\/blogit.gradia.fi\\\/digipalvelut\\\/\",\"logo\":{\"@type\":\"ImageObject\",\"inLanguage\":\"fi\",\"@id\":\"https:\\\/\\\/blogit.gradia.fi\\\/digipalvelut\\\/#\\\/schema\\\/logo\\\/image\\\/\",\"url\":\"https:\\\/\\\/blogit.gradia.fi\\\/digipalvelut\\\/wp-content\\\/uploads\\\/sites\\\/99\\\/2019\\\/06\\\/cropped-Gradia_logo_Cyber_TRANSPARENT.png\",\"contentUrl\":\"https:\\\/\\\/blogit.gradia.fi\\\/digipalvelut\\\/wp-content\\\/uploads\\\/sites\\\/99\\\/2019\\\/06\\\/cropped-Gradia_logo_Cyber_TRANSPARENT.png\",\"width\":316,\"height\":382,\"caption\":\"Gradia Digipalvelut\"},\"image\":{\"@id\":\"https:\\\/\\\/blogit.gradia.fi\\\/digipalvelut\\\/#\\\/schema\\\/logo\\\/image\\\/\"}}]}<\/script>\n<!-- \/ Yoast SEO plugin. -->","yoast_head_json":{"title":"Kurssin taustakuvan vaihtaminen - Gradia Digipalvelut","robots":{"index":"index","follow":"follow","max-snippet":"max-snippet:-1","max-image-preview":"max-image-preview:large","max-video-preview":"max-video-preview:-1"},"canonical":"https:\/\/blogit.gradia.fi\/digipalvelut\/ohjeita-ja-vinkkeja\/moodle\/kurssin-taustakuvan-vaihtaminen\/","og_locale":"fi_FI","og_type":"article","og_title":"Kurssin taustakuvan vaihtaminen - Gradia Digipalvelut","og_description":"Opettaja voi vaihtaa kurssin yl\u00e4bannerin taustakuvaa. Moodlesta l\u00f6ytyy tiedostovalitsimesta &#8221;materiaalipankki&#8221;, johon on ladattu valmiita, oikean kokoisia kurssibannereita. Samasta materiaalipankista l\u00f6ytyy my\u00f6s ikoneita kurssialustan rakentamista varten.&nbsp;&nbsp; 1. Mene kurssipohjaan, jota haluat muokata.&nbsp;2. Klikkaa hammasratasta oikeassa yl\u00e4kulmassa&nbsp; 3. Valitse alhaalta&nbsp; &#8221;vaihda kurssin taustakuva&#8221; 4. Klikkaa avautuvassa ikkunassa kuvatiedoston nime\u00e4 (sinisell\u00e4) 5. Valitse [&hellip;]","og_url":"https:\/\/blogit.gradia.fi\/digipalvelut\/ohjeita-ja-vinkkeja\/moodle\/kurssin-taustakuvan-vaihtaminen\/","og_site_name":"Gradia Digipalvelut","article_modified_time":"2019-11-05T10:07:02+00:00","og_image":[{"url":"https:\/\/blogit.gradia.fi\/digipalvelut\/wp-content\/uploads\/sites\/99\/2019\/06\/image-12.jpeg","type":"","width":"","height":""}],"twitter_card":"summary_large_image","twitter_misc":{"Arvioitu lukuaika":"1 minuutti"},"schema":{"@context":"https:\/\/schema.org","@graph":[{"@type":"WebPage","@id":"https:\/\/blogit.gradia.fi\/digipalvelut\/ohjeita-ja-vinkkeja\/moodle\/kurssin-taustakuvan-vaihtaminen\/","url":"https:\/\/blogit.gradia.fi\/digipalvelut\/ohjeita-ja-vinkkeja\/moodle\/kurssin-taustakuvan-vaihtaminen\/","name":"Kurssin taustakuvan vaihtaminen - Gradia Digipalvelut","isPartOf":{"@id":"https:\/\/blogit.gradia.fi\/digipalvelut\/#website"},"primaryImageOfPage":{"@id":"https:\/\/blogit.gradia.fi\/digipalvelut\/ohjeita-ja-vinkkeja\/moodle\/kurssin-taustakuvan-vaihtaminen\/#primaryimage"},"image":{"@id":"https:\/\/blogit.gradia.fi\/digipalvelut\/ohjeita-ja-vinkkeja\/moodle\/kurssin-taustakuvan-vaihtaminen\/#primaryimage"},"thumbnailUrl":"https:\/\/blogit.gradia.fi\/digipalvelut\/wp-content\/uploads\/sites\/99\/2019\/06\/image-12.jpeg","datePublished":"2019-08-12T11:15:44+00:00","dateModified":"2019-11-05T10:07:02+00:00","breadcrumb":{"@id":"https:\/\/blogit.gradia.fi\/digipalvelut\/ohjeita-ja-vinkkeja\/moodle\/kurssin-taustakuvan-vaihtaminen\/#breadcrumb"},"inLanguage":"fi","potentialAction":[{"@type":"ReadAction","target":["https:\/\/blogit.gradia.fi\/digipalvelut\/ohjeita-ja-vinkkeja\/moodle\/kurssin-taustakuvan-vaihtaminen\/"]}]},{"@type":"ImageObject","inLanguage":"fi","@id":"https:\/\/blogit.gradia.fi\/digipalvelut\/ohjeita-ja-vinkkeja\/moodle\/kurssin-taustakuvan-vaihtaminen\/#primaryimage","url":"https:\/\/blogit.gradia.fi\/digipalvelut\/wp-content\/uploads\/sites\/99\/2019\/06\/image-12.jpeg","contentUrl":"https:\/\/blogit.gradia.fi\/digipalvelut\/wp-content\/uploads\/sites\/99\/2019\/06\/image-12.jpeg","width":523,"height":505},{"@type":"BreadcrumbList","@id":"https:\/\/blogit.gradia.fi\/digipalvelut\/ohjeita-ja-vinkkeja\/moodle\/kurssin-taustakuvan-vaihtaminen\/#breadcrumb","itemListElement":[{"@type":"ListItem","position":1,"name":"Ohjeita ja vinkkej\u00e4","item":"https:\/\/blogit.gradia.fi\/digipalvelut\/ohjeita-ja-vinkkeja\/"},{"@type":"ListItem","position":2,"name":"Moodle","item":"https:\/\/blogit.gradia.fi\/digipalvelut\/ohjeita-ja-vinkkeja\/moodle\/"},{"@type":"ListItem","position":3,"name":"Kurssin taustakuvan vaihtaminen"}]},{"@type":"WebSite","@id":"https:\/\/blogit.gradia.fi\/digipalvelut\/#website","url":"https:\/\/blogit.gradia.fi\/digipalvelut\/","name":"Gradia Digipalvelut","description":"Astetta enemm\u00e4n digi\u00e4","publisher":{"@id":"https:\/\/blogit.gradia.fi\/digipalvelut\/#organization"},"potentialAction":[{"@type":"SearchAction","target":{"@type":"EntryPoint","urlTemplate":"https:\/\/blogit.gradia.fi\/digipalvelut\/?s={search_term_string}"},"query-input":{"@type":"PropertyValueSpecification","valueRequired":true,"valueName":"search_term_string"}}],"inLanguage":"fi"},{"@type":"Organization","@id":"https:\/\/blogit.gradia.fi\/digipalvelut\/#organization","name":"Gradia Digipalvelut","url":"https:\/\/blogit.gradia.fi\/digipalvelut\/","logo":{"@type":"ImageObject","inLanguage":"fi","@id":"https:\/\/blogit.gradia.fi\/digipalvelut\/#\/schema\/logo\/image\/","url":"https:\/\/blogit.gradia.fi\/digipalvelut\/wp-content\/uploads\/sites\/99\/2019\/06\/cropped-Gradia_logo_Cyber_TRANSPARENT.png","contentUrl":"https:\/\/blogit.gradia.fi\/digipalvelut\/wp-content\/uploads\/sites\/99\/2019\/06\/cropped-Gradia_logo_Cyber_TRANSPARENT.png","width":316,"height":382,"caption":"Gradia Digipalvelut"},"image":{"@id":"https:\/\/blogit.gradia.fi\/digipalvelut\/#\/schema\/logo\/image\/"}}]}},"uagb_featured_image_src":{"full":false,"thumbnail":false,"medium":false,"medium_large":false,"large":false,"1536x1536":false,"2048x2048":false,"hestia-blog":false},"uagb_author_info":{"display_name":"Heini Pennanen","author_link":"https:\/\/blogit.gradia.fi\/digipalvelut\/author\/pennahei\/"},"uagb_comment_info":0,"uagb_excerpt":"Opettaja voi vaihtaa kurssin yl\u00e4bannerin taustakuvaa. Moodlesta l\u00f6ytyy tiedostovalitsimesta &#8221;materiaalipankki&#8221;, johon on ladattu valmiita, oikean kokoisia kurssibannereita. Samasta materiaalipankista l\u00f6ytyy my\u00f6s ikoneita kurssialustan rakentamista varten.&nbsp;&nbsp; 1. Mene kurssipohjaan, jota haluat muokata.&nbsp;2. Klikkaa hammasratasta oikeassa yl\u00e4kulmassa&nbsp; 3. Valitse alhaalta&nbsp; &#8221;vaihda kurssin taustakuva&#8221; 4. Klikkaa avautuvassa ikkunassa kuvatiedoston nime\u00e4 (sinisell\u00e4) 5. Valitse [&hellip;]","_links":{"self":[{"href":"https:\/\/blogit.gradia.fi\/digipalvelut\/wp-json\/wp\/v2\/pages\/908","targetHints":{"allow":["GET"]}}],"collection":[{"href":"https:\/\/blogit.gradia.fi\/digipalvelut\/wp-json\/wp\/v2\/pages"}],"about":[{"href":"https:\/\/blogit.gradia.fi\/digipalvelut\/wp-json\/wp\/v2\/types\/page"}],"author":[{"embeddable":true,"href":"https:\/\/blogit.gradia.fi\/digipalvelut\/wp-json\/wp\/v2\/users\/165"}],"replies":[{"embeddable":true,"href":"https:\/\/blogit.gradia.fi\/digipalvelut\/wp-json\/wp\/v2\/comments?post=908"}],"version-history":[{"count":3,"href":"https:\/\/blogit.gradia.fi\/digipalvelut\/wp-json\/wp\/v2\/pages\/908\/revisions"}],"predecessor-version":[{"id":1326,"href":"https:\/\/blogit.gradia.fi\/digipalvelut\/wp-json\/wp\/v2\/pages\/908\/revisions\/1326"}],"up":[{"embeddable":true,"href":"https:\/\/blogit.gradia.fi\/digipalvelut\/wp-json\/wp\/v2\/pages\/76"}],"wp:attachment":[{"href":"https:\/\/blogit.gradia.fi\/digipalvelut\/wp-json\/wp\/v2\/media?parent=908"}],"curies":[{"name":"wp","href":"https:\/\/api.w.org\/{rel}","templated":true}]}}