{"id":846,"date":"2019-08-01T14:00:17","date_gmt":"2019-08-01T11:00:17","guid":{"rendered":"https:\/\/blogit.gradia.fi\/digipalvelut\/?page_id=846"},"modified":"2019-08-01T14:50:31","modified_gmt":"2019-08-01T11:50:31","slug":"moodlesta-uloskirjautuminen","status":"publish","type":"page","link":"https:\/\/blogit.gradia.fi\/digipalvelut\/ohjeita-ja-vinkkeja\/moodle\/moodlesta-uloskirjautuminen\/","title":{"rendered":"Moodlesta uloskirjautuminen"},"content":{"rendered":"\n<h2 class=\"wp-block-heading\">Vierailijana<\/h2>\n\n\n\n<p>Vierailija on kirjautuneena Moodlessa anonyymina eik\u00e4 h\u00e4nell\u00e4 n\u00e4y silloin my\u00f6sk\u00e4\u00e4n profiilikuvaketta. Vierailija voi kirjautua ulos erillisen kirjautumissivun kautta:<\/p>\n\n\n\n<p>Mene sivulle  <a rel=\"noreferrer noopener\" href=\"https:\/\/eur03.safelinks.protection.outlook.com\/?url=https%3A%2F%2Fmoodle.gradia.fi%2Flogin%2Flogout.php&amp;data=02%7C01%7Cmerja.hakanen%40gradia.fi%7C5de64621bbcd486a72b408d715b9b34e%7C4e1441812f68401faa869ec9e400e6b3%7C0%7C0%7C637001759646027441&amp;sdata=PKgkvsDi9hh%2FmZmqmSXqZk%2BpBpzmR2CIhMWR%2BoFI4ko%3D&amp;reserved=0\" target=\"_blank\">https:\/\/moodle.gradia.fi\/login\/logout.php<\/a>&nbsp; <\/p>\n\n\n\n<p>Saat vahvistuskyselyn uloskirjautumisesta. Valitse Jatka. Olet kirjautunut ulos vierailijana ja voit halutessasi kirjautua uudelleen, esimerkiksi tunnistautuneena k\u00e4ytt\u00e4j\u00e4n\u00e4. <\/p>\n\n\n\n<figure class=\"wp-block-image is-resized\"><img decoding=\"async\" src=\"https:\/\/blogit.gradia.fi\/digipalvelut\/wp-content\/uploads\/sites\/99\/2019\/08\/image-6.png\" alt=\"\" class=\"wp-image-859\" width=\"310\" height=\"153\" srcset=\"https:\/\/blogit.gradia.fi\/digipalvelut\/wp-content\/uploads\/sites\/99\/2019\/08\/image-6.png 413w, https:\/\/blogit.gradia.fi\/digipalvelut\/wp-content\/uploads\/sites\/99\/2019\/08\/image-6-300x148.png 300w\" sizes=\"(max-width: 310px) 100vw, 310px\" \/><\/figure>\n\n\n\n<h2 class=\"wp-block-heading\">Tunnistautuneena k\u00e4ytt\u00e4j\u00e4n\u00e4<\/h2>\n\n\n\n<figure class=\"wp-block-image is-resized\"><img decoding=\"async\" src=\"https:\/\/blogit.gradia.fi\/digipalvelut\/wp-content\/uploads\/sites\/99\/2019\/08\/image-5.png\" alt=\"\" class=\"wp-image-849\" width=\"134\" height=\"209\" \/><\/figure>\n\n\n\n<p>Jos olet kirjautunut Moodleen k\u00e4ytt\u00e4j\u00e4tunnuksilla tai muilla mahdollisilla tunnistettavilla kirjautumistavoilla, voit kirjautua ulos j\u00e4rjestelm\u00e4st\u00e4 painamalla yl\u00e4oikealla olevaa profiilikuvaketta. Valitse aukeavasta listasta Kirjaudu ulos. J\u00e4rjestelm\u00e4 kirjaa sinut ulos j\u00e4rjestelm\u00e4st\u00e4 ja siirryt kirjautumissivulle. <\/p>\n","protected":false},"excerpt":{"rendered":"<p>Vierailijana Vierailija on kirjautuneena Moodlessa anonyymina eik\u00e4 h\u00e4nell\u00e4 n\u00e4y silloin my\u00f6sk\u00e4\u00e4n profiilikuvaketta. Vierailija voi kirjautua ulos erillisen kirjautumissivun kautta: Mene sivulle https:\/\/moodle.gradia.fi\/login\/logout.php&nbsp; Saat vahvistuskyselyn uloskirjautumisesta. Valitse Jatka. Olet kirjautunut ulos vierailijana ja voit halutessasi kirjautua uudelleen, esimerkiksi tunnistautuneena k\u00e4ytt\u00e4j\u00e4n\u00e4. Tunnistautuneena k\u00e4ytt\u00e4j\u00e4n\u00e4 Jos olet kirjautunut Moodleen k\u00e4ytt\u00e4j\u00e4tunnuksilla tai muilla mahdollisilla tunnistettavilla [&hellip;]<\/p>\n","protected":false},"author":421,"featured_media":0,"parent":76,"menu_order":0,"comment_status":"closed","ping_status":"closed","template":"","meta":{"_uag_custom_page_level_css":"","footnotes":""},"class_list":["post-846","page","type-page","status-publish","hentry"],"yoast_head":"<!-- This site is optimized with the Yoast SEO plugin v27.4 - https:\/\/yoast.com\/product\/yoast-seo-wordpress\/ -->\n<title>Moodlesta uloskirjautuminen - Gradia Digipalvelut<\/title>\n<meta name=\"robots\" content=\"index, follow, max-snippet:-1, max-image-preview:large, max-video-preview:-1\" \/>\n<link rel=\"canonical\" href=\"https:\/\/blogit.gradia.fi\/digipalvelut\/ohjeita-ja-vinkkeja\/moodle\/moodlesta-uloskirjautuminen\/\" \/>\n<meta property=\"og:locale\" content=\"fi_FI\" \/>\n<meta property=\"og:type\" content=\"article\" \/>\n<meta property=\"og:title\" content=\"Moodlesta uloskirjautuminen - Gradia Digipalvelut\" \/>\n<meta property=\"og:description\" content=\"Vierailijana Vierailija on kirjautuneena Moodlessa anonyymina eik\u00e4 h\u00e4nell\u00e4 n\u00e4y silloin my\u00f6sk\u00e4\u00e4n profiilikuvaketta. Vierailija voi kirjautua ulos erillisen kirjautumissivun kautta: Mene sivulle https:\/\/moodle.gradia.fi\/login\/logout.php&nbsp; Saat vahvistuskyselyn uloskirjautumisesta. Valitse Jatka. Olet kirjautunut ulos vierailijana ja voit halutessasi kirjautua uudelleen, esimerkiksi tunnistautuneena k\u00e4ytt\u00e4j\u00e4n\u00e4. Tunnistautuneena k\u00e4ytt\u00e4j\u00e4n\u00e4 Jos olet kirjautunut Moodleen k\u00e4ytt\u00e4j\u00e4tunnuksilla tai muilla mahdollisilla tunnistettavilla [&hellip;]\" \/>\n<meta property=\"og:url\" content=\"https:\/\/blogit.gradia.fi\/digipalvelut\/ohjeita-ja-vinkkeja\/moodle\/moodlesta-uloskirjautuminen\/\" \/>\n<meta property=\"og:site_name\" content=\"Gradia Digipalvelut\" \/>\n<meta property=\"article:modified_time\" content=\"2019-08-01T11:50:31+00:00\" \/>\n<meta property=\"og:image\" content=\"https:\/\/blogit.gradia.fi\/digipalvelut\/wp-content\/uploads\/sites\/99\/2019\/08\/image-6.png\" \/>\n<meta name=\"twitter:card\" content=\"summary_large_image\" \/>\n<script type=\"application\/ld+json\" class=\"yoast-schema-graph\">{\"@context\":\"https:\\\/\\\/schema.org\",\"@graph\":[{\"@type\":\"WebPage\",\"@id\":\"https:\\\/\\\/blogit.gradia.fi\\\/digipalvelut\\\/ohjeita-ja-vinkkeja\\\/moodle\\\/moodlesta-uloskirjautuminen\\\/\",\"url\":\"https:\\\/\\\/blogit.gradia.fi\\\/digipalvelut\\\/ohjeita-ja-vinkkeja\\\/moodle\\\/moodlesta-uloskirjautuminen\\\/\",\"name\":\"Moodlesta uloskirjautuminen - Gradia Digipalvelut\",\"isPartOf\":{\"@id\":\"https:\\\/\\\/blogit.gradia.fi\\\/digipalvelut\\\/#website\"},\"primaryImageOfPage\":{\"@id\":\"https:\\\/\\\/blogit.gradia.fi\\\/digipalvelut\\\/ohjeita-ja-vinkkeja\\\/moodle\\\/moodlesta-uloskirjautuminen\\\/#primaryimage\"},\"image\":{\"@id\":\"https:\\\/\\\/blogit.gradia.fi\\\/digipalvelut\\\/ohjeita-ja-vinkkeja\\\/moodle\\\/moodlesta-uloskirjautuminen\\\/#primaryimage\"},\"thumbnailUrl\":\"https:\\\/\\\/blogit.gradia.fi\\\/digipalvelut\\\/wp-content\\\/uploads\\\/sites\\\/99\\\/2019\\\/08\\\/image-6.png\",\"datePublished\":\"2019-08-01T11:00:17+00:00\",\"dateModified\":\"2019-08-01T11:50:31+00:00\",\"breadcrumb\":{\"@id\":\"https:\\\/\\\/blogit.gradia.fi\\\/digipalvelut\\\/ohjeita-ja-vinkkeja\\\/moodle\\\/moodlesta-uloskirjautuminen\\\/#breadcrumb\"},\"inLanguage\":\"fi\",\"potentialAction\":[{\"@type\":\"ReadAction\",\"target\":[\"https:\\\/\\\/blogit.gradia.fi\\\/digipalvelut\\\/ohjeita-ja-vinkkeja\\\/moodle\\\/moodlesta-uloskirjautuminen\\\/\"]}]},{\"@type\":\"ImageObject\",\"inLanguage\":\"fi\",\"@id\":\"https:\\\/\\\/blogit.gradia.fi\\\/digipalvelut\\\/ohjeita-ja-vinkkeja\\\/moodle\\\/moodlesta-uloskirjautuminen\\\/#primaryimage\",\"url\":\"https:\\\/\\\/blogit.gradia.fi\\\/digipalvelut\\\/wp-content\\\/uploads\\\/sites\\\/99\\\/2019\\\/08\\\/image-6.png\",\"contentUrl\":\"https:\\\/\\\/blogit.gradia.fi\\\/digipalvelut\\\/wp-content\\\/uploads\\\/sites\\\/99\\\/2019\\\/08\\\/image-6.png\",\"width\":413,\"height\":204},{\"@type\":\"BreadcrumbList\",\"@id\":\"https:\\\/\\\/blogit.gradia.fi\\\/digipalvelut\\\/ohjeita-ja-vinkkeja\\\/moodle\\\/moodlesta-uloskirjautuminen\\\/#breadcrumb\",\"itemListElement\":[{\"@type\":\"ListItem\",\"position\":1,\"name\":\"Ohjeita ja vinkkej\u00e4\",\"item\":\"https:\\\/\\\/blogit.gradia.fi\\\/digipalvelut\\\/ohjeita-ja-vinkkeja\\\/\"},{\"@type\":\"ListItem\",\"position\":2,\"name\":\"Moodle\",\"item\":\"https:\\\/\\\/blogit.gradia.fi\\\/digipalvelut\\\/ohjeita-ja-vinkkeja\\\/moodle\\\/\"},{\"@type\":\"ListItem\",\"position\":3,\"name\":\"Moodlesta uloskirjautuminen\"}]},{\"@type\":\"WebSite\",\"@id\":\"https:\\\/\\\/blogit.gradia.fi\\\/digipalvelut\\\/#website\",\"url\":\"https:\\\/\\\/blogit.gradia.fi\\\/digipalvelut\\\/\",\"name\":\"Gradia Digipalvelut\",\"description\":\"Astetta enemm\u00e4n digi\u00e4\",\"publisher\":{\"@id\":\"https:\\\/\\\/blogit.gradia.fi\\\/digipalvelut\\\/#organization\"},\"potentialAction\":[{\"@type\":\"SearchAction\",\"target\":{\"@type\":\"EntryPoint\",\"urlTemplate\":\"https:\\\/\\\/blogit.gradia.fi\\\/digipalvelut\\\/?s={search_term_string}\"},\"query-input\":{\"@type\":\"PropertyValueSpecification\",\"valueRequired\":true,\"valueName\":\"search_term_string\"}}],\"inLanguage\":\"fi\"},{\"@type\":\"Organization\",\"@id\":\"https:\\\/\\\/blogit.gradia.fi\\\/digipalvelut\\\/#organization\",\"name\":\"Gradia Digipalvelut\",\"url\":\"https:\\\/\\\/blogit.gradia.fi\\\/digipalvelut\\\/\",\"logo\":{\"@type\":\"ImageObject\",\"inLanguage\":\"fi\",\"@id\":\"https:\\\/\\\/blogit.gradia.fi\\\/digipalvelut\\\/#\\\/schema\\\/logo\\\/image\\\/\",\"url\":\"https:\\\/\\\/blogit.gradia.fi\\\/digipalvelut\\\/wp-content\\\/uploads\\\/sites\\\/99\\\/2019\\\/06\\\/cropped-Gradia_logo_Cyber_TRANSPARENT.png\",\"contentUrl\":\"https:\\\/\\\/blogit.gradia.fi\\\/digipalvelut\\\/wp-content\\\/uploads\\\/sites\\\/99\\\/2019\\\/06\\\/cropped-Gradia_logo_Cyber_TRANSPARENT.png\",\"width\":316,\"height\":382,\"caption\":\"Gradia Digipalvelut\"},\"image\":{\"@id\":\"https:\\\/\\\/blogit.gradia.fi\\\/digipalvelut\\\/#\\\/schema\\\/logo\\\/image\\\/\"}}]}<\/script>\n<!-- \/ Yoast SEO plugin. -->","yoast_head_json":{"title":"Moodlesta uloskirjautuminen - Gradia Digipalvelut","robots":{"index":"index","follow":"follow","max-snippet":"max-snippet:-1","max-image-preview":"max-image-preview:large","max-video-preview":"max-video-preview:-1"},"canonical":"https:\/\/blogit.gradia.fi\/digipalvelut\/ohjeita-ja-vinkkeja\/moodle\/moodlesta-uloskirjautuminen\/","og_locale":"fi_FI","og_type":"article","og_title":"Moodlesta uloskirjautuminen - Gradia Digipalvelut","og_description":"Vierailijana Vierailija on kirjautuneena Moodlessa anonyymina eik\u00e4 h\u00e4nell\u00e4 n\u00e4y silloin my\u00f6sk\u00e4\u00e4n profiilikuvaketta. Vierailija voi kirjautua ulos erillisen kirjautumissivun kautta: Mene sivulle https:\/\/moodle.gradia.fi\/login\/logout.php&nbsp; Saat vahvistuskyselyn uloskirjautumisesta. Valitse Jatka. Olet kirjautunut ulos vierailijana ja voit halutessasi kirjautua uudelleen, esimerkiksi tunnistautuneena k\u00e4ytt\u00e4j\u00e4n\u00e4. Tunnistautuneena k\u00e4ytt\u00e4j\u00e4n\u00e4 Jos olet kirjautunut Moodleen k\u00e4ytt\u00e4j\u00e4tunnuksilla tai muilla mahdollisilla tunnistettavilla [&hellip;]","og_url":"https:\/\/blogit.gradia.fi\/digipalvelut\/ohjeita-ja-vinkkeja\/moodle\/moodlesta-uloskirjautuminen\/","og_site_name":"Gradia Digipalvelut","article_modified_time":"2019-08-01T11:50:31+00:00","og_image":[{"url":"https:\/\/blogit.gradia.fi\/digipalvelut\/wp-content\/uploads\/sites\/99\/2019\/08\/image-6.png","type":"","width":"","height":""}],"twitter_card":"summary_large_image","schema":{"@context":"https:\/\/schema.org","@graph":[{"@type":"WebPage","@id":"https:\/\/blogit.gradia.fi\/digipalvelut\/ohjeita-ja-vinkkeja\/moodle\/moodlesta-uloskirjautuminen\/","url":"https:\/\/blogit.gradia.fi\/digipalvelut\/ohjeita-ja-vinkkeja\/moodle\/moodlesta-uloskirjautuminen\/","name":"Moodlesta uloskirjautuminen - Gradia Digipalvelut","isPartOf":{"@id":"https:\/\/blogit.gradia.fi\/digipalvelut\/#website"},"primaryImageOfPage":{"@id":"https:\/\/blogit.gradia.fi\/digipalvelut\/ohjeita-ja-vinkkeja\/moodle\/moodlesta-uloskirjautuminen\/#primaryimage"},"image":{"@id":"https:\/\/blogit.gradia.fi\/digipalvelut\/ohjeita-ja-vinkkeja\/moodle\/moodlesta-uloskirjautuminen\/#primaryimage"},"thumbnailUrl":"https:\/\/blogit.gradia.fi\/digipalvelut\/wp-content\/uploads\/sites\/99\/2019\/08\/image-6.png","datePublished":"2019-08-01T11:00:17+00:00","dateModified":"2019-08-01T11:50:31+00:00","breadcrumb":{"@id":"https:\/\/blogit.gradia.fi\/digipalvelut\/ohjeita-ja-vinkkeja\/moodle\/moodlesta-uloskirjautuminen\/#breadcrumb"},"inLanguage":"fi","potentialAction":[{"@type":"ReadAction","target":["https:\/\/blogit.gradia.fi\/digipalvelut\/ohjeita-ja-vinkkeja\/moodle\/moodlesta-uloskirjautuminen\/"]}]},{"@type":"ImageObject","inLanguage":"fi","@id":"https:\/\/blogit.gradia.fi\/digipalvelut\/ohjeita-ja-vinkkeja\/moodle\/moodlesta-uloskirjautuminen\/#primaryimage","url":"https:\/\/blogit.gradia.fi\/digipalvelut\/wp-content\/uploads\/sites\/99\/2019\/08\/image-6.png","contentUrl":"https:\/\/blogit.gradia.fi\/digipalvelut\/wp-content\/uploads\/sites\/99\/2019\/08\/image-6.png","width":413,"height":204},{"@type":"BreadcrumbList","@id":"https:\/\/blogit.gradia.fi\/digipalvelut\/ohjeita-ja-vinkkeja\/moodle\/moodlesta-uloskirjautuminen\/#breadcrumb","itemListElement":[{"@type":"ListItem","position":1,"name":"Ohjeita ja vinkkej\u00e4","item":"https:\/\/blogit.gradia.fi\/digipalvelut\/ohjeita-ja-vinkkeja\/"},{"@type":"ListItem","position":2,"name":"Moodle","item":"https:\/\/blogit.gradia.fi\/digipalvelut\/ohjeita-ja-vinkkeja\/moodle\/"},{"@type":"ListItem","position":3,"name":"Moodlesta uloskirjautuminen"}]},{"@type":"WebSite","@id":"https:\/\/blogit.gradia.fi\/digipalvelut\/#website","url":"https:\/\/blogit.gradia.fi\/digipalvelut\/","name":"Gradia Digipalvelut","description":"Astetta enemm\u00e4n digi\u00e4","publisher":{"@id":"https:\/\/blogit.gradia.fi\/digipalvelut\/#organization"},"potentialAction":[{"@type":"SearchAction","target":{"@type":"EntryPoint","urlTemplate":"https:\/\/blogit.gradia.fi\/digipalvelut\/?s={search_term_string}"},"query-input":{"@type":"PropertyValueSpecification","valueRequired":true,"valueName":"search_term_string"}}],"inLanguage":"fi"},{"@type":"Organization","@id":"https:\/\/blogit.gradia.fi\/digipalvelut\/#organization","name":"Gradia Digipalvelut","url":"https:\/\/blogit.gradia.fi\/digipalvelut\/","logo":{"@type":"ImageObject","inLanguage":"fi","@id":"https:\/\/blogit.gradia.fi\/digipalvelut\/#\/schema\/logo\/image\/","url":"https:\/\/blogit.gradia.fi\/digipalvelut\/wp-content\/uploads\/sites\/99\/2019\/06\/cropped-Gradia_logo_Cyber_TRANSPARENT.png","contentUrl":"https:\/\/blogit.gradia.fi\/digipalvelut\/wp-content\/uploads\/sites\/99\/2019\/06\/cropped-Gradia_logo_Cyber_TRANSPARENT.png","width":316,"height":382,"caption":"Gradia Digipalvelut"},"image":{"@id":"https:\/\/blogit.gradia.fi\/digipalvelut\/#\/schema\/logo\/image\/"}}]}},"uagb_featured_image_src":{"full":false,"thumbnail":false,"medium":false,"medium_large":false,"large":false,"1536x1536":false,"2048x2048":false,"hestia-blog":false},"uagb_author_info":{"display_name":"Merja Hakanen","author_link":"https:\/\/blogit.gradia.fi\/digipalvelut\/author\/hakanmer\/"},"uagb_comment_info":0,"uagb_excerpt":"Vierailijana Vierailija on kirjautuneena Moodlessa anonyymina eik\u00e4 h\u00e4nell\u00e4 n\u00e4y silloin my\u00f6sk\u00e4\u00e4n profiilikuvaketta. Vierailija voi kirjautua ulos erillisen kirjautumissivun kautta: Mene sivulle https:\/\/moodle.gradia.fi\/login\/logout.php&nbsp; Saat vahvistuskyselyn uloskirjautumisesta. Valitse Jatka. Olet kirjautunut ulos vierailijana ja voit halutessasi kirjautua uudelleen, esimerkiksi tunnistautuneena k\u00e4ytt\u00e4j\u00e4n\u00e4. Tunnistautuneena k\u00e4ytt\u00e4j\u00e4n\u00e4 Jos olet kirjautunut Moodleen k\u00e4ytt\u00e4j\u00e4tunnuksilla tai muilla mahdollisilla tunnistettavilla [&hellip;]","_links":{"self":[{"href":"https:\/\/blogit.gradia.fi\/digipalvelut\/wp-json\/wp\/v2\/pages\/846","targetHints":{"allow":["GET"]}}],"collection":[{"href":"https:\/\/blogit.gradia.fi\/digipalvelut\/wp-json\/wp\/v2\/pages"}],"about":[{"href":"https:\/\/blogit.gradia.fi\/digipalvelut\/wp-json\/wp\/v2\/types\/page"}],"author":[{"embeddable":true,"href":"https:\/\/blogit.gradia.fi\/digipalvelut\/wp-json\/wp\/v2\/users\/421"}],"replies":[{"embeddable":true,"href":"https:\/\/blogit.gradia.fi\/digipalvelut\/wp-json\/wp\/v2\/comments?post=846"}],"version-history":[{"count":4,"href":"https:\/\/blogit.gradia.fi\/digipalvelut\/wp-json\/wp\/v2\/pages\/846\/revisions"}],"predecessor-version":[{"id":861,"href":"https:\/\/blogit.gradia.fi\/digipalvelut\/wp-json\/wp\/v2\/pages\/846\/revisions\/861"}],"up":[{"embeddable":true,"href":"https:\/\/blogit.gradia.fi\/digipalvelut\/wp-json\/wp\/v2\/pages\/76"}],"wp:attachment":[{"href":"https:\/\/blogit.gradia.fi\/digipalvelut\/wp-json\/wp\/v2\/media?parent=846"}],"curies":[{"name":"wp","href":"https:\/\/api.w.org\/{rel}","templated":true}]}}