{"id":78,"date":"2019-02-12T13:56:01","date_gmt":"2019-02-12T11:56:01","guid":{"rendered":"https:\/\/blogit.gradia.fi\/digipalvelut\/?page_id=78"},"modified":"2020-03-24T16:00:21","modified_gmt":"2020-03-24T14:00:21","slug":"muut-sovellukset","status":"publish","type":"page","link":"https:\/\/blogit.gradia.fi\/digipalvelut\/ohjeita-ja-vinkkeja\/muut-sovellukset\/","title":{"rendered":"Muut sovellukset"},"content":{"rendered":"\n<p>Millaisia ty\u00f6kaluja on k\u00e4yt\u00f6ss\u00e4 mm. esitysgrafiikkaan, kuvaamiseen ja hahmottamiseen? Haluatko vinkkej\u00e4, kuinka hy\u00f6dynt\u00e4\u00e4 sosiaalista mediaa opetuksessa?  <\/p>\n\n\n\n<p>T\u00e4\u00e4ll\u00e4 esitell\u00e4\u00e4n muutamia sovelluksia ja ideoita opetukseen.<\/p>\n\n\n\n<h2 class=\"wp-block-heading\">H5P<\/h2>\n\n\n\n<p>H5P on monipuolinen ty\u00f6kalu, jota kannattaa k\u00e4ytt\u00e4\u00e4 osaamisen kartuttamisessa ja asioiden harjoittelussa. Voit tehd\u00e4 sill\u00e4 moderneja s\u00e4hk\u00f6isi\u00e4 teht\u00e4vi\u00e4, joilla pystyt tukemaan esimerkiksi k\u00e4sitteiden oppimista. Lis\u00e4ksi pystyt tekem\u00e4\u00e4n toiminnon avulla&nbsp;interaktiivisia&nbsp;kuvia, videoita ja 360-kuvia.&nbsp;&nbsp; <\/p>\n\n\n\n<p><a href=\"https:\/\/blogit.gradia.fi\/digipalvelut\/ohjeita-ja-vinkkeja\/moodle\/h5p-toiminnot\/\">H5P-toimintojen k\u00e4ytt\u00e4minen Moodlessa<\/a><br><a href=\"https:\/\/blogit.gradia.fi\/digipalvelut\/ohjeita-ja-vinkkeja\/muut-sovellukset\/h5p-toiminnon-kopiointi\/\">H5P-toiminnon kopioiminen<\/a><br><a href=\"https:\/\/blogit.gradia.fi\/digipalvelut\/ohjeita-ja-vinkkeja\/muut-sovellukset\/h5p-monivalintakyselyn-tekeminen\/\">H5P-monivalintakyselyn tekeminen<\/a><\/p>\n\n\n\n<p>K\u00e4y katsomassa my\u00f6s suomenkielinen yleinen opas &#8221;<a href=\"https:\/\/drive.google.com\/file\/d\/1JQuTl_f_NEVMDQg9igt0BmGM-d5F950O\/view\">H5P-interaktioita helposti<\/a>&#8221;. Opas on tuotettu osana&nbsp;<a href=\"https:\/\/ammattiinhanke.blogspot.fi\/\">Ammattiin!&nbsp;\u2013 Etel\u00e4-Savon toisen asteen kehitt\u00e4mishanketta<\/a>. <\/p>\n\n\n\n<hr class=\"wp-block-separator\" \/>\n\n\n\n<h2 class=\"wp-block-heading\">Flipgrid<\/h2>\n\n\n\n<p>Flipgrid on selainpohjainen sovellus, jolla opettaja voi luoda alustan, johon osallistujat, esimerkiksi opiskelijat, tallentavat lyhyit\u00e4 videoita. K\u00e4yt\u00e4 t\u00e4t\u00e4 esimerkiksi osallistujien tai aiheen esittelyyn, videop\u00e4iv\u00e4kirjana tai myynti-\/hissipuheiden tallentamiseen. Voit my\u00f6s linkitt\u00e4\u00e4 Flipgrid-sivun oman tiimisi v\u00e4lilehdelle Office 365 Teams:ssa tai suoraan Moodlen ty\u00f6tilaasi.<\/p>\n\n\n\n<p><a href=\"https:\/\/blogit.gradia.fi\/digipalvelut\/ohjeita-ja-vinkkeja\/muut-sovellukset\/flipgrid\/\">Flipgridiin kirjautuminen ja k\u00e4ytt\u00f6<\/a><\/p>\n\n\n\n<hr class=\"wp-block-separator\" \/>\n\n\n\n<h2 class=\"wp-block-heading\">N\u00e4ytt\u00f6kaappausvideoiden kuvaaminen<\/h2>\n\n\n\n<p>N\u00e4ytt\u00f6kaappausvideolle voit taltioida tietokoneen n\u00e4yt\u00f6ll\u00e4si olevia  tapahtumia, kuten toimintoja tai hiiren liikkeit\u00e4. T\u00e4ll\u00e4 tavalla saat  tehty\u00e4 esimerkiksi opetus- ja ohjevideoita. N\u00e4ytt\u00f6kaappausvideoita voit  tehd\u00e4 useammallakin eri sovelluksella. <\/p>\n\n\n\n<p><a href=\"https:\/\/blogit.gradia.fi\/digipalvelut\/ohjeita-ja-vinkkeja\/muut-sovellukset\/nayttokaappausvideon-kuvaaminen\/\">N\u00e4ytt\u00f6kaappausvideon tekeminen eLecta\u00a0Live\u00a0Screen\u00a0Recorder -sovelluksella\u00a0<\/a><br><a href=\"https:\/\/blogit.gradia.fi\/digipalvelut\/ohjeita-ja-vinkkeja\/office-365\/nayttokaappausvideon-tekeminen-powerpointilla\/\">N\u00e4ytt\u00f6kaappausvideon tekeminen PowerPointilla<\/a><\/p>\n","protected":false},"excerpt":{"rendered":"<p>Millaisia ty\u00f6kaluja on k\u00e4yt\u00f6ss\u00e4 mm. esitysgrafiikkaan, kuvaamiseen ja hahmottamiseen? Haluatko vinkkej\u00e4, kuinka hy\u00f6dynt\u00e4\u00e4 sosiaalista mediaa opetuksessa? T\u00e4\u00e4ll\u00e4 esitell\u00e4\u00e4n muutamia sovelluksia ja ideoita opetukseen. H5P H5P on monipuolinen ty\u00f6kalu, jota kannattaa k\u00e4ytt\u00e4\u00e4 osaamisen kartuttamisessa ja asioiden harjoittelussa. Voit tehd\u00e4 sill\u00e4 moderneja s\u00e4hk\u00f6isi\u00e4 teht\u00e4vi\u00e4, joilla pystyt tukemaan esimerkiksi k\u00e4sitteiden oppimista. Lis\u00e4ksi pystyt [&hellip;]<\/p>\n","protected":false},"author":421,"featured_media":0,"parent":37,"menu_order":2,"comment_status":"open","ping_status":"closed","template":"","meta":{"_uag_custom_page_level_css":"","footnotes":""},"class_list":["post-78","page","type-page","status-publish","hentry"],"yoast_head":"<!-- This site is optimized with the Yoast SEO plugin v27.4 - https:\/\/yoast.com\/product\/yoast-seo-wordpress\/ -->\n<title>Muut sovellukset - Gradia Digipalvelut<\/title>\n<meta name=\"robots\" content=\"index, follow, max-snippet:-1, max-image-preview:large, max-video-preview:-1\" \/>\n<link rel=\"canonical\" href=\"https:\/\/blogit.gradia.fi\/digipalvelut\/ohjeita-ja-vinkkeja\/muut-sovellukset\/\" \/>\n<meta property=\"og:locale\" content=\"fi_FI\" \/>\n<meta property=\"og:type\" content=\"article\" \/>\n<meta property=\"og:title\" content=\"Muut sovellukset - Gradia Digipalvelut\" \/>\n<meta property=\"og:description\" content=\"Millaisia ty\u00f6kaluja on k\u00e4yt\u00f6ss\u00e4 mm. esitysgrafiikkaan, kuvaamiseen ja hahmottamiseen? Haluatko vinkkej\u00e4, kuinka hy\u00f6dynt\u00e4\u00e4 sosiaalista mediaa opetuksessa? T\u00e4\u00e4ll\u00e4 esitell\u00e4\u00e4n muutamia sovelluksia ja ideoita opetukseen. H5P H5P on monipuolinen ty\u00f6kalu, jota kannattaa k\u00e4ytt\u00e4\u00e4 osaamisen kartuttamisessa ja asioiden harjoittelussa. Voit tehd\u00e4 sill\u00e4 moderneja s\u00e4hk\u00f6isi\u00e4 teht\u00e4vi\u00e4, joilla pystyt tukemaan esimerkiksi k\u00e4sitteiden oppimista. Lis\u00e4ksi pystyt [&hellip;]\" \/>\n<meta property=\"og:url\" content=\"https:\/\/blogit.gradia.fi\/digipalvelut\/ohjeita-ja-vinkkeja\/muut-sovellukset\/\" \/>\n<meta property=\"og:site_name\" content=\"Gradia Digipalvelut\" \/>\n<meta property=\"article:modified_time\" content=\"2020-03-24T14:00:21+00:00\" \/>\n<meta name=\"twitter:card\" content=\"summary_large_image\" \/>\n<meta name=\"twitter:label1\" content=\"Arvioitu lukuaika\" \/>\n\t<meta name=\"twitter:data1\" content=\"1 minuutti\" \/>\n<script type=\"application\/ld+json\" class=\"yoast-schema-graph\">{\"@context\":\"https:\\\/\\\/schema.org\",\"@graph\":[{\"@type\":\"WebPage\",\"@id\":\"https:\\\/\\\/blogit.gradia.fi\\\/digipalvelut\\\/ohjeita-ja-vinkkeja\\\/muut-sovellukset\\\/\",\"url\":\"https:\\\/\\\/blogit.gradia.fi\\\/digipalvelut\\\/ohjeita-ja-vinkkeja\\\/muut-sovellukset\\\/\",\"name\":\"Muut sovellukset - Gradia Digipalvelut\",\"isPartOf\":{\"@id\":\"https:\\\/\\\/blogit.gradia.fi\\\/digipalvelut\\\/#website\"},\"datePublished\":\"2019-02-12T11:56:01+00:00\",\"dateModified\":\"2020-03-24T14:00:21+00:00\",\"breadcrumb\":{\"@id\":\"https:\\\/\\\/blogit.gradia.fi\\\/digipalvelut\\\/ohjeita-ja-vinkkeja\\\/muut-sovellukset\\\/#breadcrumb\"},\"inLanguage\":\"fi\",\"potentialAction\":[{\"@type\":\"ReadAction\",\"target\":[\"https:\\\/\\\/blogit.gradia.fi\\\/digipalvelut\\\/ohjeita-ja-vinkkeja\\\/muut-sovellukset\\\/\"]}]},{\"@type\":\"BreadcrumbList\",\"@id\":\"https:\\\/\\\/blogit.gradia.fi\\\/digipalvelut\\\/ohjeita-ja-vinkkeja\\\/muut-sovellukset\\\/#breadcrumb\",\"itemListElement\":[{\"@type\":\"ListItem\",\"position\":1,\"name\":\"Ohjeita ja vinkkej\u00e4\",\"item\":\"https:\\\/\\\/blogit.gradia.fi\\\/digipalvelut\\\/ohjeita-ja-vinkkeja\\\/\"},{\"@type\":\"ListItem\",\"position\":2,\"name\":\"Muut sovellukset\"}]},{\"@type\":\"WebSite\",\"@id\":\"https:\\\/\\\/blogit.gradia.fi\\\/digipalvelut\\\/#website\",\"url\":\"https:\\\/\\\/blogit.gradia.fi\\\/digipalvelut\\\/\",\"name\":\"Gradia Digipalvelut\",\"description\":\"Astetta enemm\u00e4n digi\u00e4\",\"publisher\":{\"@id\":\"https:\\\/\\\/blogit.gradia.fi\\\/digipalvelut\\\/#organization\"},\"potentialAction\":[{\"@type\":\"SearchAction\",\"target\":{\"@type\":\"EntryPoint\",\"urlTemplate\":\"https:\\\/\\\/blogit.gradia.fi\\\/digipalvelut\\\/?s={search_term_string}\"},\"query-input\":{\"@type\":\"PropertyValueSpecification\",\"valueRequired\":true,\"valueName\":\"search_term_string\"}}],\"inLanguage\":\"fi\"},{\"@type\":\"Organization\",\"@id\":\"https:\\\/\\\/blogit.gradia.fi\\\/digipalvelut\\\/#organization\",\"name\":\"Gradia Digipalvelut\",\"url\":\"https:\\\/\\\/blogit.gradia.fi\\\/digipalvelut\\\/\",\"logo\":{\"@type\":\"ImageObject\",\"inLanguage\":\"fi\",\"@id\":\"https:\\\/\\\/blogit.gradia.fi\\\/digipalvelut\\\/#\\\/schema\\\/logo\\\/image\\\/\",\"url\":\"https:\\\/\\\/blogit.gradia.fi\\\/digipalvelut\\\/wp-content\\\/uploads\\\/sites\\\/99\\\/2019\\\/06\\\/cropped-Gradia_logo_Cyber_TRANSPARENT.png\",\"contentUrl\":\"https:\\\/\\\/blogit.gradia.fi\\\/digipalvelut\\\/wp-content\\\/uploads\\\/sites\\\/99\\\/2019\\\/06\\\/cropped-Gradia_logo_Cyber_TRANSPARENT.png\",\"width\":316,\"height\":382,\"caption\":\"Gradia Digipalvelut\"},\"image\":{\"@id\":\"https:\\\/\\\/blogit.gradia.fi\\\/digipalvelut\\\/#\\\/schema\\\/logo\\\/image\\\/\"}}]}<\/script>\n<!-- \/ Yoast SEO plugin. -->","yoast_head_json":{"title":"Muut sovellukset - Gradia Digipalvelut","robots":{"index":"index","follow":"follow","max-snippet":"max-snippet:-1","max-image-preview":"max-image-preview:large","max-video-preview":"max-video-preview:-1"},"canonical":"https:\/\/blogit.gradia.fi\/digipalvelut\/ohjeita-ja-vinkkeja\/muut-sovellukset\/","og_locale":"fi_FI","og_type":"article","og_title":"Muut sovellukset - Gradia Digipalvelut","og_description":"Millaisia ty\u00f6kaluja on k\u00e4yt\u00f6ss\u00e4 mm. esitysgrafiikkaan, kuvaamiseen ja hahmottamiseen? Haluatko vinkkej\u00e4, kuinka hy\u00f6dynt\u00e4\u00e4 sosiaalista mediaa opetuksessa? T\u00e4\u00e4ll\u00e4 esitell\u00e4\u00e4n muutamia sovelluksia ja ideoita opetukseen. H5P H5P on monipuolinen ty\u00f6kalu, jota kannattaa k\u00e4ytt\u00e4\u00e4 osaamisen kartuttamisessa ja asioiden harjoittelussa. Voit tehd\u00e4 sill\u00e4 moderneja s\u00e4hk\u00f6isi\u00e4 teht\u00e4vi\u00e4, joilla pystyt tukemaan esimerkiksi k\u00e4sitteiden oppimista. Lis\u00e4ksi pystyt [&hellip;]","og_url":"https:\/\/blogit.gradia.fi\/digipalvelut\/ohjeita-ja-vinkkeja\/muut-sovellukset\/","og_site_name":"Gradia Digipalvelut","article_modified_time":"2020-03-24T14:00:21+00:00","twitter_card":"summary_large_image","twitter_misc":{"Arvioitu lukuaika":"1 minuutti"},"schema":{"@context":"https:\/\/schema.org","@graph":[{"@type":"WebPage","@id":"https:\/\/blogit.gradia.fi\/digipalvelut\/ohjeita-ja-vinkkeja\/muut-sovellukset\/","url":"https:\/\/blogit.gradia.fi\/digipalvelut\/ohjeita-ja-vinkkeja\/muut-sovellukset\/","name":"Muut sovellukset - Gradia Digipalvelut","isPartOf":{"@id":"https:\/\/blogit.gradia.fi\/digipalvelut\/#website"},"datePublished":"2019-02-12T11:56:01+00:00","dateModified":"2020-03-24T14:00:21+00:00","breadcrumb":{"@id":"https:\/\/blogit.gradia.fi\/digipalvelut\/ohjeita-ja-vinkkeja\/muut-sovellukset\/#breadcrumb"},"inLanguage":"fi","potentialAction":[{"@type":"ReadAction","target":["https:\/\/blogit.gradia.fi\/digipalvelut\/ohjeita-ja-vinkkeja\/muut-sovellukset\/"]}]},{"@type":"BreadcrumbList","@id":"https:\/\/blogit.gradia.fi\/digipalvelut\/ohjeita-ja-vinkkeja\/muut-sovellukset\/#breadcrumb","itemListElement":[{"@type":"ListItem","position":1,"name":"Ohjeita ja vinkkej\u00e4","item":"https:\/\/blogit.gradia.fi\/digipalvelut\/ohjeita-ja-vinkkeja\/"},{"@type":"ListItem","position":2,"name":"Muut sovellukset"}]},{"@type":"WebSite","@id":"https:\/\/blogit.gradia.fi\/digipalvelut\/#website","url":"https:\/\/blogit.gradia.fi\/digipalvelut\/","name":"Gradia Digipalvelut","description":"Astetta enemm\u00e4n digi\u00e4","publisher":{"@id":"https:\/\/blogit.gradia.fi\/digipalvelut\/#organization"},"potentialAction":[{"@type":"SearchAction","target":{"@type":"EntryPoint","urlTemplate":"https:\/\/blogit.gradia.fi\/digipalvelut\/?s={search_term_string}"},"query-input":{"@type":"PropertyValueSpecification","valueRequired":true,"valueName":"search_term_string"}}],"inLanguage":"fi"},{"@type":"Organization","@id":"https:\/\/blogit.gradia.fi\/digipalvelut\/#organization","name":"Gradia Digipalvelut","url":"https:\/\/blogit.gradia.fi\/digipalvelut\/","logo":{"@type":"ImageObject","inLanguage":"fi","@id":"https:\/\/blogit.gradia.fi\/digipalvelut\/#\/schema\/logo\/image\/","url":"https:\/\/blogit.gradia.fi\/digipalvelut\/wp-content\/uploads\/sites\/99\/2019\/06\/cropped-Gradia_logo_Cyber_TRANSPARENT.png","contentUrl":"https:\/\/blogit.gradia.fi\/digipalvelut\/wp-content\/uploads\/sites\/99\/2019\/06\/cropped-Gradia_logo_Cyber_TRANSPARENT.png","width":316,"height":382,"caption":"Gradia Digipalvelut"},"image":{"@id":"https:\/\/blogit.gradia.fi\/digipalvelut\/#\/schema\/logo\/image\/"}}]}},"uagb_featured_image_src":{"full":false,"thumbnail":false,"medium":false,"medium_large":false,"large":false,"1536x1536":false,"2048x2048":false,"hestia-blog":false},"uagb_author_info":{"display_name":"Merja Hakanen","author_link":"https:\/\/blogit.gradia.fi\/digipalvelut\/author\/hakanmer\/"},"uagb_comment_info":0,"uagb_excerpt":"Millaisia ty\u00f6kaluja on k\u00e4yt\u00f6ss\u00e4 mm. esitysgrafiikkaan, kuvaamiseen ja hahmottamiseen? Haluatko vinkkej\u00e4, kuinka hy\u00f6dynt\u00e4\u00e4 sosiaalista mediaa opetuksessa? T\u00e4\u00e4ll\u00e4 esitell\u00e4\u00e4n muutamia sovelluksia ja ideoita opetukseen. H5P H5P on monipuolinen ty\u00f6kalu, jota kannattaa k\u00e4ytt\u00e4\u00e4 osaamisen kartuttamisessa ja asioiden harjoittelussa. Voit tehd\u00e4 sill\u00e4 moderneja s\u00e4hk\u00f6isi\u00e4 teht\u00e4vi\u00e4, joilla pystyt tukemaan esimerkiksi k\u00e4sitteiden oppimista. Lis\u00e4ksi pystyt [&hellip;]","_links":{"self":[{"href":"https:\/\/blogit.gradia.fi\/digipalvelut\/wp-json\/wp\/v2\/pages\/78","targetHints":{"allow":["GET"]}}],"collection":[{"href":"https:\/\/blogit.gradia.fi\/digipalvelut\/wp-json\/wp\/v2\/pages"}],"about":[{"href":"https:\/\/blogit.gradia.fi\/digipalvelut\/wp-json\/wp\/v2\/types\/page"}],"author":[{"embeddable":true,"href":"https:\/\/blogit.gradia.fi\/digipalvelut\/wp-json\/wp\/v2\/users\/421"}],"replies":[{"embeddable":true,"href":"https:\/\/blogit.gradia.fi\/digipalvelut\/wp-json\/wp\/v2\/comments?post=78"}],"version-history":[{"count":9,"href":"https:\/\/blogit.gradia.fi\/digipalvelut\/wp-json\/wp\/v2\/pages\/78\/revisions"}],"predecessor-version":[{"id":1773,"href":"https:\/\/blogit.gradia.fi\/digipalvelut\/wp-json\/wp\/v2\/pages\/78\/revisions\/1773"}],"up":[{"embeddable":true,"href":"https:\/\/blogit.gradia.fi\/digipalvelut\/wp-json\/wp\/v2\/pages\/37"}],"wp:attachment":[{"href":"https:\/\/blogit.gradia.fi\/digipalvelut\/wp-json\/wp\/v2\/media?parent=78"}],"curies":[{"name":"wp","href":"https:\/\/api.w.org\/{rel}","templated":true}]}}