{"id":769,"date":"2019-07-31T14:03:20","date_gmt":"2019-07-31T11:03:20","guid":{"rendered":"https:\/\/blogit.gradia.fi\/digipalvelut\/?page_id=769"},"modified":"2019-07-31T14:23:33","modified_gmt":"2019-07-31T11:23:33","slug":"moduulien-yleiset-asetukset","status":"publish","type":"page","link":"https:\/\/blogit.gradia.fi\/digipalvelut\/ohjeita-ja-vinkkeja\/moodle\/moduulien-yleiset-asetukset\/","title":{"rendered":"Moduulien yleiset asetukset"},"content":{"rendered":"\n<p>Moduulien yleiset asetukset koskevat aineistoja ja aktiviteetteja yleisesti ja n\u00e4kyv\u00e4t kunkin aktiviteetin ja aineiston asetusten listassa.&nbsp;&nbsp;<\/p>\n\n\n\n<h2 class=\"wp-block-heading\">Moduulien yleiset asetukset&nbsp;<\/h2>\n\n\n\n<h3 class=\"wp-block-heading\">N\u00e4kyvyys&nbsp;<\/h3>\n\n\n\n<h4 class=\"wp-block-heading\">N\u00e4yt\u00e4 kurssilla:&nbsp; <\/h4>\n\n\n\n<p>Toiminto n\u00e4kyy kurssialueella ja opiskelijoilla on suora p\u00e4\u00e4sy k\u00e4ytt\u00e4m\u00e4\u00e4n sit\u00e4, ellei p\u00e4\u00e4syoikeuksia ole rajoitettu muilla keinoilla.&nbsp;&nbsp;<\/p>\n\n\n\n<h4 class=\"wp-block-heading\">Piilotettu ja p\u00e4\u00e4sy estetty:&nbsp;<\/h4>\n\n\n\n<p> Toiminto ei n\u00e4y kurssialueella opiskelijoilla, eik\u00e4 heill\u00e4 ole p\u00e4\u00e4sy\u00e4 siihen. Toiminto n\u00e4kyy vain niille, joilla on oikeus tarkastella piilotettuja toimintoja kurssialueella. Esimerkiksi ohjeteksti, joka on tarkoitettu vain kurssin opettajille (lyhyt tiedote, toimintaohje tai muistilappu), voi olla j\u00e4rkev\u00e4\u00e4 laittaa piilotetuksi ja p\u00e4\u00e4sy estetty opiskelijoilta.&nbsp;&nbsp;<\/p>\n\n\n\n<h4 class=\"wp-block-heading\">Piilotettu ja p\u00e4\u00e4sy sallittu: <\/h4>\n\n\n\n<p>Suora linkki kurssialueella toimintoon on piilotettu, mutta opiskelijoilla on p\u00e4\u00e4sy varsinaiseen toimintoon. K\u00e4yt\u00e4 t\u00e4t\u00e4 tapaa esimerkiksi, jos haluat selkeytt\u00e4\u00e4 kurssialuetta. Esimerkiksi voit upottaa aktiviteetin tai aineiston muun tekstin joukkoon sivussa tai kirjassa ja piilottaa toiminnon linkin kurssialueen p\u00e4\u00e4alueella. Opiskelijoilla on kuitenkin p\u00e4\u00e4sy toimintoon sivulla tai kirjalla olevalla linkill\u00e4.&nbsp;&nbsp;<\/p>\n\n\n\n<h3 class=\"wp-block-heading\">Tunnistenumero<\/h3>\n\n\n\n<p> Annettu tunnistenumero tunnistaa aktiviteetin tai aineiston arvosanan laskennassa. Voidaan my\u00f6s j\u00e4tt\u00e4\u00e4 tyhj\u00e4ksi.&nbsp;&nbsp;<\/p>\n\n\n\n<h3 class=\"wp-block-heading\">Ryhm\u00e4moodi<\/h3>\n\n\n\n<h4 class=\"wp-block-heading\">Ei ryhmi\u00e4:<\/h4>\n\n\n\n<p>Valitse t\u00e4m\u00e4, jos kaikki kurssialueella olevat opiskelijat ovat samaa yhteis\u00f6\u00e4 ( yksi ainoa ryhm\u00e4)&nbsp;<\/p>\n\n\n\n<h4 class=\"wp-block-heading\">Erilliset ryhm\u00e4t: <\/h4>\n\n\n\n<p>K\u00e4yt\u00e4 t\u00e4t\u00e4, jos olet jakanut ryhm\u00e4t erillisiin ryhmiin, etk\u00e4 halua ett\u00e4 ryhm\u00e4t n\u00e4kev\u00e4t toisten ryhmien t\u00f6it\u00e4 ja sis\u00e4lt\u00f6\u00e4.&nbsp;&nbsp;<\/p>\n\n\n\n<h4 class=\"wp-block-heading\">N\u00e4kyv\u00e4t ryhm\u00e4t:<\/h4>\n\n\n\n<p> K\u00e4yt\u00e4 t\u00e4t\u00e4, jos olet jakanut ryhm\u00e4t erillisiin ryhmiin, mutta haluat, ett\u00e4 eri ryhm\u00e4t n\u00e4kev\u00e4t toisten ryhmien ty\u00f6t ja sis\u00e4ll\u00f6t, vaikka ty\u00f6skentelev\u00e4t vain omassa ryhm\u00e4ss\u00e4\u00e4n.&nbsp;&nbsp;<\/p>\n\n\n\n<h3 class=\"wp-block-heading\">Ryhmittely<\/h3>\n\n\n\n<p>Ryhmi\u00e4 laajempi osallistujien jakamistapa.&nbsp;&nbsp;<\/p>\n\n\n\n<figure class=\"wp-block-image\"><img fetchpriority=\"high\" decoding=\"async\" width=\"602\" height=\"310\" src=\"https:\/\/blogit.gradia.fi\/digipalvelut\/wp-content\/uploads\/sites\/99\/2019\/07\/image-31.png\" alt=\"\" class=\"wp-image-770\" srcset=\"https:\/\/blogit.gradia.fi\/digipalvelut\/wp-content\/uploads\/sites\/99\/2019\/07\/image-31.png 602w, https:\/\/blogit.gradia.fi\/digipalvelut\/wp-content\/uploads\/sites\/99\/2019\/07\/image-31-300x154.png 300w\" sizes=\"(max-width: 602px) 100vw, 602px\" \/><\/figure>\n","protected":false},"excerpt":{"rendered":"<p>Moduulien yleiset asetukset koskevat aineistoja ja aktiviteetteja yleisesti ja n\u00e4kyv\u00e4t kunkin aktiviteetin ja aineiston asetusten listassa.&nbsp;&nbsp; Moduulien yleiset asetukset&nbsp; N\u00e4kyvyys&nbsp; N\u00e4yt\u00e4 kurssilla:&nbsp; Toiminto n\u00e4kyy kurssialueella ja opiskelijoilla on suora p\u00e4\u00e4sy k\u00e4ytt\u00e4m\u00e4\u00e4n sit\u00e4, ellei p\u00e4\u00e4syoikeuksia ole rajoitettu muilla keinoilla.&nbsp;&nbsp; Piilotettu ja p\u00e4\u00e4sy estetty:&nbsp; Toiminto ei n\u00e4y kurssialueella opiskelijoilla, eik\u00e4 heill\u00e4 ole [&hellip;]<\/p>\n","protected":false},"author":421,"featured_media":0,"parent":76,"menu_order":0,"comment_status":"closed","ping_status":"closed","template":"","meta":{"_uag_custom_page_level_css":"","footnotes":""},"class_list":["post-769","page","type-page","status-publish","hentry"],"yoast_head":"<!-- This site is optimized with the Yoast SEO plugin v27.4 - https:\/\/yoast.com\/product\/yoast-seo-wordpress\/ -->\n<title>Moduulien yleiset asetukset - Gradia Digipalvelut<\/title>\n<meta name=\"robots\" content=\"index, follow, max-snippet:-1, max-image-preview:large, max-video-preview:-1\" \/>\n<link rel=\"canonical\" href=\"https:\/\/blogit.gradia.fi\/digipalvelut\/ohjeita-ja-vinkkeja\/moodle\/moduulien-yleiset-asetukset\/\" \/>\n<meta property=\"og:locale\" content=\"fi_FI\" \/>\n<meta property=\"og:type\" content=\"article\" \/>\n<meta property=\"og:title\" content=\"Moduulien yleiset asetukset - Gradia Digipalvelut\" \/>\n<meta property=\"og:description\" content=\"Moduulien yleiset asetukset koskevat aineistoja ja aktiviteetteja yleisesti ja n\u00e4kyv\u00e4t kunkin aktiviteetin ja aineiston asetusten listassa.&nbsp;&nbsp; Moduulien yleiset asetukset&nbsp; N\u00e4kyvyys&nbsp; N\u00e4yt\u00e4 kurssilla:&nbsp; Toiminto n\u00e4kyy kurssialueella ja opiskelijoilla on suora p\u00e4\u00e4sy k\u00e4ytt\u00e4m\u00e4\u00e4n sit\u00e4, ellei p\u00e4\u00e4syoikeuksia ole rajoitettu muilla keinoilla.&nbsp;&nbsp; Piilotettu ja p\u00e4\u00e4sy estetty:&nbsp; Toiminto ei n\u00e4y kurssialueella opiskelijoilla, eik\u00e4 heill\u00e4 ole [&hellip;]\" \/>\n<meta property=\"og:url\" content=\"https:\/\/blogit.gradia.fi\/digipalvelut\/ohjeita-ja-vinkkeja\/moodle\/moduulien-yleiset-asetukset\/\" \/>\n<meta property=\"og:site_name\" content=\"Gradia Digipalvelut\" \/>\n<meta property=\"article:modified_time\" content=\"2019-07-31T11:23:33+00:00\" \/>\n<meta property=\"og:image\" content=\"https:\/\/blogit.gradia.fi\/digipalvelut\/wp-content\/uploads\/sites\/99\/2019\/07\/image-31.png\" \/>\n<meta name=\"twitter:card\" content=\"summary_large_image\" \/>\n<meta name=\"twitter:label1\" content=\"Arvioitu lukuaika\" \/>\n\t<meta name=\"twitter:data1\" content=\"1 minuutti\" \/>\n<script type=\"application\/ld+json\" class=\"yoast-schema-graph\">{\"@context\":\"https:\\\/\\\/schema.org\",\"@graph\":[{\"@type\":\"WebPage\",\"@id\":\"https:\\\/\\\/blogit.gradia.fi\\\/digipalvelut\\\/ohjeita-ja-vinkkeja\\\/moodle\\\/moduulien-yleiset-asetukset\\\/\",\"url\":\"https:\\\/\\\/blogit.gradia.fi\\\/digipalvelut\\\/ohjeita-ja-vinkkeja\\\/moodle\\\/moduulien-yleiset-asetukset\\\/\",\"name\":\"Moduulien yleiset asetukset - Gradia Digipalvelut\",\"isPartOf\":{\"@id\":\"https:\\\/\\\/blogit.gradia.fi\\\/digipalvelut\\\/#website\"},\"primaryImageOfPage\":{\"@id\":\"https:\\\/\\\/blogit.gradia.fi\\\/digipalvelut\\\/ohjeita-ja-vinkkeja\\\/moodle\\\/moduulien-yleiset-asetukset\\\/#primaryimage\"},\"image\":{\"@id\":\"https:\\\/\\\/blogit.gradia.fi\\\/digipalvelut\\\/ohjeita-ja-vinkkeja\\\/moodle\\\/moduulien-yleiset-asetukset\\\/#primaryimage\"},\"thumbnailUrl\":\"https:\\\/\\\/blogit.gradia.fi\\\/digipalvelut\\\/wp-content\\\/uploads\\\/sites\\\/99\\\/2019\\\/07\\\/image-31.png\",\"datePublished\":\"2019-07-31T11:03:20+00:00\",\"dateModified\":\"2019-07-31T11:23:33+00:00\",\"breadcrumb\":{\"@id\":\"https:\\\/\\\/blogit.gradia.fi\\\/digipalvelut\\\/ohjeita-ja-vinkkeja\\\/moodle\\\/moduulien-yleiset-asetukset\\\/#breadcrumb\"},\"inLanguage\":\"fi\",\"potentialAction\":[{\"@type\":\"ReadAction\",\"target\":[\"https:\\\/\\\/blogit.gradia.fi\\\/digipalvelut\\\/ohjeita-ja-vinkkeja\\\/moodle\\\/moduulien-yleiset-asetukset\\\/\"]}]},{\"@type\":\"ImageObject\",\"inLanguage\":\"fi\",\"@id\":\"https:\\\/\\\/blogit.gradia.fi\\\/digipalvelut\\\/ohjeita-ja-vinkkeja\\\/moodle\\\/moduulien-yleiset-asetukset\\\/#primaryimage\",\"url\":\"https:\\\/\\\/blogit.gradia.fi\\\/digipalvelut\\\/wp-content\\\/uploads\\\/sites\\\/99\\\/2019\\\/07\\\/image-31.png\",\"contentUrl\":\"https:\\\/\\\/blogit.gradia.fi\\\/digipalvelut\\\/wp-content\\\/uploads\\\/sites\\\/99\\\/2019\\\/07\\\/image-31.png\",\"width\":602,\"height\":310},{\"@type\":\"BreadcrumbList\",\"@id\":\"https:\\\/\\\/blogit.gradia.fi\\\/digipalvelut\\\/ohjeita-ja-vinkkeja\\\/moodle\\\/moduulien-yleiset-asetukset\\\/#breadcrumb\",\"itemListElement\":[{\"@type\":\"ListItem\",\"position\":1,\"name\":\"Ohjeita ja vinkkej\u00e4\",\"item\":\"https:\\\/\\\/blogit.gradia.fi\\\/digipalvelut\\\/ohjeita-ja-vinkkeja\\\/\"},{\"@type\":\"ListItem\",\"position\":2,\"name\":\"Moodle\",\"item\":\"https:\\\/\\\/blogit.gradia.fi\\\/digipalvelut\\\/ohjeita-ja-vinkkeja\\\/moodle\\\/\"},{\"@type\":\"ListItem\",\"position\":3,\"name\":\"Moduulien yleiset asetukset\"}]},{\"@type\":\"WebSite\",\"@id\":\"https:\\\/\\\/blogit.gradia.fi\\\/digipalvelut\\\/#website\",\"url\":\"https:\\\/\\\/blogit.gradia.fi\\\/digipalvelut\\\/\",\"name\":\"Gradia Digipalvelut\",\"description\":\"Astetta enemm\u00e4n digi\u00e4\",\"publisher\":{\"@id\":\"https:\\\/\\\/blogit.gradia.fi\\\/digipalvelut\\\/#organization\"},\"potentialAction\":[{\"@type\":\"SearchAction\",\"target\":{\"@type\":\"EntryPoint\",\"urlTemplate\":\"https:\\\/\\\/blogit.gradia.fi\\\/digipalvelut\\\/?s={search_term_string}\"},\"query-input\":{\"@type\":\"PropertyValueSpecification\",\"valueRequired\":true,\"valueName\":\"search_term_string\"}}],\"inLanguage\":\"fi\"},{\"@type\":\"Organization\",\"@id\":\"https:\\\/\\\/blogit.gradia.fi\\\/digipalvelut\\\/#organization\",\"name\":\"Gradia Digipalvelut\",\"url\":\"https:\\\/\\\/blogit.gradia.fi\\\/digipalvelut\\\/\",\"logo\":{\"@type\":\"ImageObject\",\"inLanguage\":\"fi\",\"@id\":\"https:\\\/\\\/blogit.gradia.fi\\\/digipalvelut\\\/#\\\/schema\\\/logo\\\/image\\\/\",\"url\":\"https:\\\/\\\/blogit.gradia.fi\\\/digipalvelut\\\/wp-content\\\/uploads\\\/sites\\\/99\\\/2019\\\/06\\\/cropped-Gradia_logo_Cyber_TRANSPARENT.png\",\"contentUrl\":\"https:\\\/\\\/blogit.gradia.fi\\\/digipalvelut\\\/wp-content\\\/uploads\\\/sites\\\/99\\\/2019\\\/06\\\/cropped-Gradia_logo_Cyber_TRANSPARENT.png\",\"width\":316,\"height\":382,\"caption\":\"Gradia Digipalvelut\"},\"image\":{\"@id\":\"https:\\\/\\\/blogit.gradia.fi\\\/digipalvelut\\\/#\\\/schema\\\/logo\\\/image\\\/\"}}]}<\/script>\n<!-- \/ Yoast SEO plugin. -->","yoast_head_json":{"title":"Moduulien yleiset asetukset - Gradia Digipalvelut","robots":{"index":"index","follow":"follow","max-snippet":"max-snippet:-1","max-image-preview":"max-image-preview:large","max-video-preview":"max-video-preview:-1"},"canonical":"https:\/\/blogit.gradia.fi\/digipalvelut\/ohjeita-ja-vinkkeja\/moodle\/moduulien-yleiset-asetukset\/","og_locale":"fi_FI","og_type":"article","og_title":"Moduulien yleiset asetukset - Gradia Digipalvelut","og_description":"Moduulien yleiset asetukset koskevat aineistoja ja aktiviteetteja yleisesti ja n\u00e4kyv\u00e4t kunkin aktiviteetin ja aineiston asetusten listassa.&nbsp;&nbsp; Moduulien yleiset asetukset&nbsp; N\u00e4kyvyys&nbsp; N\u00e4yt\u00e4 kurssilla:&nbsp; Toiminto n\u00e4kyy kurssialueella ja opiskelijoilla on suora p\u00e4\u00e4sy k\u00e4ytt\u00e4m\u00e4\u00e4n sit\u00e4, ellei p\u00e4\u00e4syoikeuksia ole rajoitettu muilla keinoilla.&nbsp;&nbsp; Piilotettu ja p\u00e4\u00e4sy estetty:&nbsp; Toiminto ei n\u00e4y kurssialueella opiskelijoilla, eik\u00e4 heill\u00e4 ole [&hellip;]","og_url":"https:\/\/blogit.gradia.fi\/digipalvelut\/ohjeita-ja-vinkkeja\/moodle\/moduulien-yleiset-asetukset\/","og_site_name":"Gradia Digipalvelut","article_modified_time":"2019-07-31T11:23:33+00:00","og_image":[{"url":"https:\/\/blogit.gradia.fi\/digipalvelut\/wp-content\/uploads\/sites\/99\/2019\/07\/image-31.png","type":"","width":"","height":""}],"twitter_card":"summary_large_image","twitter_misc":{"Arvioitu lukuaika":"1 minuutti"},"schema":{"@context":"https:\/\/schema.org","@graph":[{"@type":"WebPage","@id":"https:\/\/blogit.gradia.fi\/digipalvelut\/ohjeita-ja-vinkkeja\/moodle\/moduulien-yleiset-asetukset\/","url":"https:\/\/blogit.gradia.fi\/digipalvelut\/ohjeita-ja-vinkkeja\/moodle\/moduulien-yleiset-asetukset\/","name":"Moduulien yleiset asetukset - Gradia Digipalvelut","isPartOf":{"@id":"https:\/\/blogit.gradia.fi\/digipalvelut\/#website"},"primaryImageOfPage":{"@id":"https:\/\/blogit.gradia.fi\/digipalvelut\/ohjeita-ja-vinkkeja\/moodle\/moduulien-yleiset-asetukset\/#primaryimage"},"image":{"@id":"https:\/\/blogit.gradia.fi\/digipalvelut\/ohjeita-ja-vinkkeja\/moodle\/moduulien-yleiset-asetukset\/#primaryimage"},"thumbnailUrl":"https:\/\/blogit.gradia.fi\/digipalvelut\/wp-content\/uploads\/sites\/99\/2019\/07\/image-31.png","datePublished":"2019-07-31T11:03:20+00:00","dateModified":"2019-07-31T11:23:33+00:00","breadcrumb":{"@id":"https:\/\/blogit.gradia.fi\/digipalvelut\/ohjeita-ja-vinkkeja\/moodle\/moduulien-yleiset-asetukset\/#breadcrumb"},"inLanguage":"fi","potentialAction":[{"@type":"ReadAction","target":["https:\/\/blogit.gradia.fi\/digipalvelut\/ohjeita-ja-vinkkeja\/moodle\/moduulien-yleiset-asetukset\/"]}]},{"@type":"ImageObject","inLanguage":"fi","@id":"https:\/\/blogit.gradia.fi\/digipalvelut\/ohjeita-ja-vinkkeja\/moodle\/moduulien-yleiset-asetukset\/#primaryimage","url":"https:\/\/blogit.gradia.fi\/digipalvelut\/wp-content\/uploads\/sites\/99\/2019\/07\/image-31.png","contentUrl":"https:\/\/blogit.gradia.fi\/digipalvelut\/wp-content\/uploads\/sites\/99\/2019\/07\/image-31.png","width":602,"height":310},{"@type":"BreadcrumbList","@id":"https:\/\/blogit.gradia.fi\/digipalvelut\/ohjeita-ja-vinkkeja\/moodle\/moduulien-yleiset-asetukset\/#breadcrumb","itemListElement":[{"@type":"ListItem","position":1,"name":"Ohjeita ja vinkkej\u00e4","item":"https:\/\/blogit.gradia.fi\/digipalvelut\/ohjeita-ja-vinkkeja\/"},{"@type":"ListItem","position":2,"name":"Moodle","item":"https:\/\/blogit.gradia.fi\/digipalvelut\/ohjeita-ja-vinkkeja\/moodle\/"},{"@type":"ListItem","position":3,"name":"Moduulien yleiset asetukset"}]},{"@type":"WebSite","@id":"https:\/\/blogit.gradia.fi\/digipalvelut\/#website","url":"https:\/\/blogit.gradia.fi\/digipalvelut\/","name":"Gradia Digipalvelut","description":"Astetta enemm\u00e4n digi\u00e4","publisher":{"@id":"https:\/\/blogit.gradia.fi\/digipalvelut\/#organization"},"potentialAction":[{"@type":"SearchAction","target":{"@type":"EntryPoint","urlTemplate":"https:\/\/blogit.gradia.fi\/digipalvelut\/?s={search_term_string}"},"query-input":{"@type":"PropertyValueSpecification","valueRequired":true,"valueName":"search_term_string"}}],"inLanguage":"fi"},{"@type":"Organization","@id":"https:\/\/blogit.gradia.fi\/digipalvelut\/#organization","name":"Gradia Digipalvelut","url":"https:\/\/blogit.gradia.fi\/digipalvelut\/","logo":{"@type":"ImageObject","inLanguage":"fi","@id":"https:\/\/blogit.gradia.fi\/digipalvelut\/#\/schema\/logo\/image\/","url":"https:\/\/blogit.gradia.fi\/digipalvelut\/wp-content\/uploads\/sites\/99\/2019\/06\/cropped-Gradia_logo_Cyber_TRANSPARENT.png","contentUrl":"https:\/\/blogit.gradia.fi\/digipalvelut\/wp-content\/uploads\/sites\/99\/2019\/06\/cropped-Gradia_logo_Cyber_TRANSPARENT.png","width":316,"height":382,"caption":"Gradia Digipalvelut"},"image":{"@id":"https:\/\/blogit.gradia.fi\/digipalvelut\/#\/schema\/logo\/image\/"}}]}},"uagb_featured_image_src":{"full":false,"thumbnail":false,"medium":false,"medium_large":false,"large":false,"1536x1536":false,"2048x2048":false,"hestia-blog":false},"uagb_author_info":{"display_name":"Merja Hakanen","author_link":"https:\/\/blogit.gradia.fi\/digipalvelut\/author\/hakanmer\/"},"uagb_comment_info":0,"uagb_excerpt":"Moduulien yleiset asetukset koskevat aineistoja ja aktiviteetteja yleisesti ja n\u00e4kyv\u00e4t kunkin aktiviteetin ja aineiston asetusten listassa.&nbsp;&nbsp; Moduulien yleiset asetukset&nbsp; N\u00e4kyvyys&nbsp; N\u00e4yt\u00e4 kurssilla:&nbsp; Toiminto n\u00e4kyy kurssialueella ja opiskelijoilla on suora p\u00e4\u00e4sy k\u00e4ytt\u00e4m\u00e4\u00e4n sit\u00e4, ellei p\u00e4\u00e4syoikeuksia ole rajoitettu muilla keinoilla.&nbsp;&nbsp; Piilotettu ja p\u00e4\u00e4sy estetty:&nbsp; Toiminto ei n\u00e4y kurssialueella opiskelijoilla, eik\u00e4 heill\u00e4 ole [&hellip;]","_links":{"self":[{"href":"https:\/\/blogit.gradia.fi\/digipalvelut\/wp-json\/wp\/v2\/pages\/769","targetHints":{"allow":["GET"]}}],"collection":[{"href":"https:\/\/blogit.gradia.fi\/digipalvelut\/wp-json\/wp\/v2\/pages"}],"about":[{"href":"https:\/\/blogit.gradia.fi\/digipalvelut\/wp-json\/wp\/v2\/types\/page"}],"author":[{"embeddable":true,"href":"https:\/\/blogit.gradia.fi\/digipalvelut\/wp-json\/wp\/v2\/users\/421"}],"replies":[{"embeddable":true,"href":"https:\/\/blogit.gradia.fi\/digipalvelut\/wp-json\/wp\/v2\/comments?post=769"}],"version-history":[{"count":2,"href":"https:\/\/blogit.gradia.fi\/digipalvelut\/wp-json\/wp\/v2\/pages\/769\/revisions"}],"predecessor-version":[{"id":773,"href":"https:\/\/blogit.gradia.fi\/digipalvelut\/wp-json\/wp\/v2\/pages\/769\/revisions\/773"}],"up":[{"embeddable":true,"href":"https:\/\/blogit.gradia.fi\/digipalvelut\/wp-json\/wp\/v2\/pages\/76"}],"wp:attachment":[{"href":"https:\/\/blogit.gradia.fi\/digipalvelut\/wp-json\/wp\/v2\/media?parent=769"}],"curies":[{"name":"wp","href":"https:\/\/api.w.org\/{rel}","templated":true}]}}