{"id":754,"date":"2019-07-31T13:14:11","date_gmt":"2019-07-31T10:14:11","guid":{"rendered":"https:\/\/blogit.gradia.fi\/digipalvelut\/?page_id=754"},"modified":"2020-06-12T08:46:31","modified_gmt":"2020-06-12T05:46:31","slug":"ryhmat-moodlessa","status":"publish","type":"page","link":"https:\/\/blogit.gradia.fi\/digipalvelut\/ohjeita-ja-vinkkeja\/moodle\/ryhmat-moodlessa\/","title":{"rendered":"Ryhm\u00e4t Moodlessa"},"content":{"rendered":"\n<p><strong>Opettajana voit jakaa opiskelijat ryhmiin kurssillasi koko kurssin ajaksi, jonkin osion osalta tai yksitt\u00e4isen aineiston ja aktiviteetin osalta. <\/strong><\/p>\n\n\n\n<p>Opettaja helpottaa ryhmill\u00e4 usein omaa ja toisten opettajien&nbsp;arviointi- ja palautety\u00f6t\u00e4 erityisesti&nbsp;usean opettajan\/ryhm\u00e4n kursseilla.&nbsp; &nbsp;<\/p>\n\n\n\n<p>Opettajan on mahdollista luoda my\u00f6s ryhmi\u00e4 monimutkaisempia ryhmittelyj\u00e4, jotka hy\u00f6dynt\u00e4v\u00e4t jo tehtyj\u00e4 ryhmi\u00e4.&nbsp;<br><br><a href=\"#ryhm\u00e4avain\">Liittyminen kurssille ryhm\u00e4avaimella<\/a> <a href=\"#ryhm\u00e4t\"><br>Ryhmien luominen manuaalisesti kurssin aikana<\/a><br><a href=\"#automaatti\">Ryhm\u00e4n luominen automaattisesti<\/a><\/p>\n\n\n\n<h2 class=\"wp-block-heading\">Miksi k\u00e4ytt\u00e4isin ryhmi\u00e4?<\/h2>\n\n\n\n<p>Ryhmien avulla <\/p>\n\n\n\n<ul class=\"wp-block-list\"><li>opettaja voi eriytt\u00e4\u00e4 ryhmi\u00e4 eli avata haluamiaan aineistoja, aktiviteetteja tai kurssiosioita n\u00e4ht\u00e4v\u00e4ksi ja k\u00e4ytett\u00e4v\u00e4ksi haluamilleen oppilasryhmille. <\/li><li>opettaja voi pit\u00e4\u00e4 erill\u00e4\u00e4n samalla kurssialustalla olevien samaa kurssia k\u00e4yvien opetusryhmien aktiviteetit ja arvioinnit <\/li><li> voidaan useamman opettajan k\u00e4ytt\u00f6\u00f6n jaetulla kurssialustalla pit\u00e4\u00e4  opetusryhmien aktiviteetit ja  arvioinnit erill\u00e4\u00e4n niin, ett\u00e4 jokainen opettaja n\u00e4kee vain omien opiskelijoidensa toiminnan <\/li><\/ul>\n\n\n\n<p>Ryhm\u00e4 -moodia voidaan k\u00e4ytt\u00e4\u00e4 joko koko kurssitasolla (kurssin asetukset) tai aktiviteetti tasolla (aktiviteetit asetukset). <\/p>\n\n\n\n<hr class=\"wp-block-separator\" \/>\n\n\n\n<p><\/p>\n\n\n\n<h2 class=\"wp-block-heading\" id=\"ryhm\u00e4avain\">Opiskelijoiden liittyminen kurssille ryhm\u00e4avaimella<\/h2>\n\n\n\n<p><strong>Opettaja voi pyyt\u00e4\u00e4 opiskelijoita liittym\u00e4\u00e4n kurssille suoraan tekemiins\u00e4 ryhmiin. T\u00e4m\u00e4 sopii esim. tilanteisiin, joissa samalla kurssialustalla toimii useita opettajia tai useita opetusryhmi\u00e4<\/strong>. <br><br>Luo ensin ryhm\u00e4t, keksi niille nimet ja ryhm\u00e4avaimet ja kutsu opiskelijat ryhm\u00e4avaimilla kurssille. <strong>Muista aktivoida my\u00f6s kurssiavain k\u00e4ytt\u00f6\u00f6n, mutta \u00e4l\u00e4 jaa sit\u00e4 oppilaille<\/strong>. T\u00e4ss\u00e4 mallissa opettaja p\u00e4\u00e4tt\u00e4\u00e4 etuk\u00e4teen, kuka opiskelija liittyy mihinkin ryhm\u00e4\u00e4n.\u00a0 <\/p>\n\n\n\n<p>Mene Hallintaty\u00f6kaluissa &#8221;<strong>Muokkaa asetuksia<\/strong>&#8221;  ja varmista, ett\u00e4 Ryhm\u00e4t kohdassa <strong>Ryhm\u00e4moodi<\/strong> on valittu <strong>Erilliset ryhm\u00e4t.<\/strong> Jos aiot k\u00e4ytt\u00e4\u00e4 ryhmi\u00e4 kaikissa opintojakson teht\u00e4viss\u00e4, voit pakottaa ryhm\u00e4t k\u00e4ytt\u00f6\u00f6n. <\/p>\n\n\n\n<ol class=\"wp-block-list\"><li>Klikkaa hallintaty\u00f6kalussa&nbsp;<strong>Osallistujat \u2013<\/strong>painiketta&nbsp;<\/li><li>Siit\u00e4 avautuvassa ikkunassa valitset&nbsp;<strong>Ryhm\u00e4t<\/strong>&nbsp;<\/li><\/ol>\n\n\n\n<figure class=\"wp-block-image is-resized\"><img fetchpriority=\"high\" decoding=\"async\" src=\"https:\/\/blogit.gradia.fi\/digipalvelut\/wp-content\/uploads\/sites\/99\/2019\/07\/ryhm\u00e4t1-1.png\" alt=\"ryhm\u00e4avaimen lis\u00e4\u00e4minen osallistujista\" class=\"wp-image-756\" width=\"308\" height=\"182\" srcset=\"https:\/\/blogit.gradia.fi\/digipalvelut\/wp-content\/uploads\/sites\/99\/2019\/07\/ryhm\u00e4t1-1.png 616w, https:\/\/blogit.gradia.fi\/digipalvelut\/wp-content\/uploads\/sites\/99\/2019\/07\/ryhm\u00e4t1-1-300x177.png 300w\" sizes=\"(max-width: 308px) 100vw, 308px\" \/><\/figure>\n\n\n\n<p>3.  Valitse&nbsp;<strong>luo ryhm\u00e4<\/strong>&nbsp; <\/p>\n\n\n\n<figure class=\"wp-block-image is-resized\"><img decoding=\"async\" src=\"https:\/\/blogit.gradia.fi\/digipalvelut\/wp-content\/uploads\/sites\/99\/2019\/07\/luo-ryhm\u00e4.png\" alt=\"Luo ryhm\u00e4\" class=\"wp-image-757\" width=\"159\" height=\"349\" srcset=\"https:\/\/blogit.gradia.fi\/digipalvelut\/wp-content\/uploads\/sites\/99\/2019\/07\/luo-ryhm\u00e4.png 318w, https:\/\/blogit.gradia.fi\/digipalvelut\/wp-content\/uploads\/sites\/99\/2019\/07\/luo-ryhm\u00e4-137x300.png 137w\" sizes=\"(max-width: 159px) 100vw, 159px\" \/><\/figure>\n\n\n\n<p>4. Anna ryhm\u00e4lle<strong>&nbsp;nimi<\/strong> <br>5. Lis\u00e4\u00e4 <strong>ryhm\u00e4avain<\/strong> eli<strong>&nbsp;<\/strong>salasana, joilla opiskelijat liittyv\u00e4t kurssille. Halutessasi voit lis\u00e4t\u00e4 ryhmille profiilikuvat. <br>6. Paina&nbsp;<strong>tallenna.<\/strong>&nbsp; <br><\/p>\n\n\n\n<figure class=\"wp-block-image is-resized\"><img decoding=\"async\" src=\"https:\/\/blogit.gradia.fi\/digipalvelut\/wp-content\/uploads\/sites\/99\/2019\/07\/ryhm\u00e4n-nime\u00e4minen-1024x710.png\" alt=\"Ryhm\u00e4n nime\u00e4minen\" class=\"wp-image-758\" width=\"595\" height=\"375\" \/><\/figure>\n\n\n\n<p><strong>Jaa t\u00e4m\u00e4 salasana liittymislinkin yhteydess\u00e4<\/strong>, jotta opiskelijat liittyv\u00e4t automaattisesti oikeaan ryhm\u00e4\u00e4n. <br><br>Muista siis tallentaa itsellesi ryhmille luomasi salasanat. Tarvitset niit\u00e4 l\u00e4hett\u00e4ess\u00e4si opiskelijoille kutsuja liitty\u00e4 kurssialueelle.&nbsp;&nbsp; <\/p>\n\n\n\n<p>7. Mene t\u00e4m\u00e4n j\u00e4lkeen kurssin etusivulle ja klikkaa &#8221;<strong>osallistujat painiketta<\/strong>&#8221;<br>8.  Klikkaa hammasratasta avautuvassa ikkunassa <br><img loading=\"lazy\" decoding=\"async\" width=\"284\" height=\"258\" class=\"wp-image-997\" style=\"width: 200px\" src=\"https:\/\/blogit.gradia.fi\/digipalvelut\/wp-content\/uploads\/sites\/99\/2019\/08\/osallistujien-lis\u00e4\u00e4minen2.jpg\" alt=\"\"><br>9. Klikkaa &#8221;<strong>itserekister\u00f6ityminen<\/strong>&#8221; -rivin per\u00e4ss\u00e4 olevaa hammasratasta<br>10. Aktivoi &#8221;<strong>k\u00e4yt\u00e4 ryhm\u00e4avaimia<\/strong>&#8221; ja varmista, ett\u00e4 roolina on opiskelija (oletuksena)<br>11. Klikkaa &#8221;<strong>tallenna muutokset<\/strong>&#8221;<\/p>\n\n\n\n<figure class=\"wp-block-image size-large\"><img loading=\"lazy\" decoding=\"async\" width=\"762\" height=\"871\" src=\"https:\/\/blogit.gradia.fi\/digipalvelut\/wp-content\/uploads\/sites\/99\/2020\/04\/ryhmien-itserekister\u00f6ityminen.jpg\" alt=\"\" class=\"wp-image-1828\" srcset=\"https:\/\/blogit.gradia.fi\/digipalvelut\/wp-content\/uploads\/sites\/99\/2020\/04\/ryhmien-itserekister\u00f6ityminen.jpg 762w, https:\/\/blogit.gradia.fi\/digipalvelut\/wp-content\/uploads\/sites\/99\/2020\/04\/ryhmien-itserekister\u00f6ityminen-262x300.jpg 262w, https:\/\/blogit.gradia.fi\/digipalvelut\/wp-content\/uploads\/sites\/99\/2020\/04\/ryhmien-itserekister\u00f6ityminen-620x709.jpg 620w\" sizes=\"(max-width: 762px) 100vw, 762px\" \/><\/figure>\n\n\n\n<p><strong>LIS\u00c4MAHDOLLISUUKSIA<\/strong><br>Mik\u00e4li haluat l\u00e4hett\u00e4\u00e4 kurssialueelle liittyville tervetuloa -viestin, voit lis\u00e4t\u00e4 sen t\u00e4ss\u00e4 ikkunassa. <br><\/p>\n\n\n\n<hr class=\"wp-block-separator\" \/>\n\n\n\n<h2 class=\"wp-block-heading\" id=\"Ryhm\u00e4t\">Ryhmien luominen manuaalisesti kurssin aikana<\/h2>\n\n\n\n<ol class=\"wp-block-list\"><li>Klikkaa hallintaty\u00f6kalussa&nbsp;<strong>Osallistujat \u2013<\/strong>painiketta&nbsp;<\/li><li>Siit\u00e4 avautuvassa ikkunassa valitset&nbsp;<strong>Ryhm\u00e4t<\/strong>&nbsp; <\/li><\/ol>\n\n\n\n<figure class=\"wp-block-image is-resized\"><img loading=\"lazy\" decoding=\"async\" src=\"https:\/\/blogit.gradia.fi\/digipalvelut\/wp-content\/uploads\/sites\/99\/2019\/07\/ryhm\u00e4t1-1.png\" alt=\"Hallintaty\u00f6kalut, Osallistujat, ryhm\u00e4t\" class=\"wp-image-756\" width=\"308\" height=\"182\" srcset=\"https:\/\/blogit.gradia.fi\/digipalvelut\/wp-content\/uploads\/sites\/99\/2019\/07\/ryhm\u00e4t1-1.png 616w, https:\/\/blogit.gradia.fi\/digipalvelut\/wp-content\/uploads\/sites\/99\/2019\/07\/ryhm\u00e4t1-1-300x177.png 300w\" sizes=\"(max-width: 308px) 100vw, 308px\" \/><\/figure>\n\n\n\n<p>3.  Valitse&nbsp;<strong>luo ryhm\u00e4<\/strong><br>4. Anna ryhm\u00e4lle<strong>&nbsp;nimi<\/strong> <\/p>\n\n\n\n<figure class=\"wp-block-image is-resized\"><img loading=\"lazy\" decoding=\"async\" src=\"https:\/\/blogit.gradia.fi\/digipalvelut\/wp-content\/uploads\/sites\/99\/2019\/07\/ryhm\u00e4n-nime\u00e4minen-1024x710.png\" alt=\"ryhm\u00e4n nime\u00e4minen\" class=\"wp-image-758\" width=\"512\" height=\"355\" srcset=\"https:\/\/blogit.gradia.fi\/digipalvelut\/wp-content\/uploads\/sites\/99\/2019\/07\/ryhm\u00e4n-nime\u00e4minen-1024x710.png 1024w, https:\/\/blogit.gradia.fi\/digipalvelut\/wp-content\/uploads\/sites\/99\/2019\/07\/ryhm\u00e4n-nime\u00e4minen-300x208.png 300w, https:\/\/blogit.gradia.fi\/digipalvelut\/wp-content\/uploads\/sites\/99\/2019\/07\/ryhm\u00e4n-nime\u00e4minen-768x533.png 768w, https:\/\/blogit.gradia.fi\/digipalvelut\/wp-content\/uploads\/sites\/99\/2019\/07\/ryhm\u00e4n-nime\u00e4minen-620x430.png 620w, https:\/\/blogit.gradia.fi\/digipalvelut\/wp-content\/uploads\/sites\/99\/2019\/07\/ryhm\u00e4n-nime\u00e4minen.png 1097w\" sizes=\"(max-width: 512px) 100vw, 512px\" \/><\/figure>\n\n\n\n<p>6. Paina&nbsp;<strong>tallenna.<\/strong>&nbsp;  <br>7. Tallennuksen j\u00e4lkeen avautuvassa ikkunassa voit <strong>luoda uusia ryhmi\u00e4<\/strong>. <br>8. Lis\u00e4\u00e4 opiskelijat ryhmiin <strong>aktivoimalla ryhm\u00e4<\/strong>, klikkaamalla <strong>Lis\u00e4\u00e4 k\u00e4ytt\u00e4ji\u00e4<\/strong> -painiketta ja valitsemalla haluamasi opiskelijat ryhm\u00e4\u00e4n.<br>9. Toista kunnes kaikki opiskelijat on lis\u00e4tty ryhmiin &nbsp;&nbsp;  <\/p>\n\n\n\n<figure class=\"wp-block-image is-resized\"><img loading=\"lazy\" decoding=\"async\" src=\"https:\/\/blogit.gradia.fi\/digipalvelut\/wp-content\/uploads\/sites\/99\/2019\/07\/j\u00e4senten-lis\u00e4\u00e4minen-ryhmiin.png\" alt=\"J\u00e4senten lis\u00e4\u00e4minen ryhmiin\" class=\"wp-image-759\" width=\"490\" height=\"288\" srcset=\"https:\/\/blogit.gradia.fi\/digipalvelut\/wp-content\/uploads\/sites\/99\/2019\/07\/j\u00e4senten-lis\u00e4\u00e4minen-ryhmiin.png 980w, https:\/\/blogit.gradia.fi\/digipalvelut\/wp-content\/uploads\/sites\/99\/2019\/07\/j\u00e4senten-lis\u00e4\u00e4minen-ryhmiin-300x176.png 300w, https:\/\/blogit.gradia.fi\/digipalvelut\/wp-content\/uploads\/sites\/99\/2019\/07\/j\u00e4senten-lis\u00e4\u00e4minen-ryhmiin-768x451.png 768w, https:\/\/blogit.gradia.fi\/digipalvelut\/wp-content\/uploads\/sites\/99\/2019\/07\/j\u00e4senten-lis\u00e4\u00e4minen-ryhmiin-620x364.png 620w\" sizes=\"(max-width: 490px) 100vw, 490px\" \/><\/figure>\n\n\n\n<p><\/p>\n\n\n\n<hr class=\"wp-block-separator\" \/>\n\n\n\n<h2 class=\"wp-block-heading\" id=\"automaatti\">Ryhmien luominen automaattisesti<\/h2>\n\n\n\n<p>Jos et halua itse lis\u00e4t\u00e4 opiskelijoita tiettyihin ryhmiin, voit antaa Moodlen tehd\u00e4 ryhm\u00e4t automaattisesti klikkaamalla Ryhm\u00e4t -kohdassa<strong> Luo ryhm\u00e4t automaattisesti<\/strong>&nbsp;-painiketta.&nbsp;&nbsp; <\/p>\n\n\n\n<ol class=\"wp-block-list\"><li> Klikkaa hallintaty\u00f6kalussa&nbsp;<strong>Osallistujat \u2013<\/strong>painiketta&nbsp;<\/li><li>Siit\u00e4 avautuvassa ikkunassa valitset&nbsp;<strong>Ryhm\u00e4t<\/strong><\/li><\/ol>\n\n\n\n<figure class=\"wp-block-image is-resized\"><img loading=\"lazy\" decoding=\"async\" src=\"https:\/\/blogit.gradia.fi\/digipalvelut\/wp-content\/uploads\/sites\/99\/2019\/07\/ryhm\u00e4t1.png\" alt=\"Hallintaty\u00f6kalut, osallistujat, ryhm\u00e4t\" class=\"wp-image-755\" width=\"308\" height=\"182\" srcset=\"https:\/\/blogit.gradia.fi\/digipalvelut\/wp-content\/uploads\/sites\/99\/2019\/07\/ryhm\u00e4t1.png 616w, https:\/\/blogit.gradia.fi\/digipalvelut\/wp-content\/uploads\/sites\/99\/2019\/07\/ryhm\u00e4t1-300x177.png 300w\" sizes=\"(max-width: 308px) 100vw, 308px\" \/><\/figure>\n\n\n\n<p>3. Valitse <strong>Luo ryhm\u00e4t automaattisesti<\/strong><\/p>\n\n\n\n<figure class=\"wp-block-image is-resized\"><img loading=\"lazy\" decoding=\"async\" src=\"https:\/\/blogit.gradia.fi\/digipalvelut\/wp-content\/uploads\/sites\/99\/2019\/07\/Luo-ryhm\u00e4-automaattisesti.png\" alt=\"Luo ryhm\u00e4t automaattisesti\" class=\"wp-image-760\" width=\"165\" height=\"209\" \/><\/figure>\n\n\n\n<p>4. M\u00e4\u00e4rittele ensin ryhmien nime\u00e4misk\u00e4yt\u00e4nt\u00f6. Luodessasi ryhm\u00e4t automaattisesti Moodle my\u00f6s nime\u00e4\u00e4 tai numeroi ne automaattisesti. T\u00e4h\u00e4n on kaksi vaihtoehtoa:&nbsp;&nbsp;<br> <strong>Tiimi@<\/strong> saat ryhmi\u00e4 nimelt\u00e4 Tiimi A, Tiimi B&nbsp;jne  TAI<br>  <strong>Vertaisryhm\u00e4 #<\/strong> saat ryhmi\u00e4 nimelt\u00e4 Vertaisryhm\u00e4 1. Vertaisryhm\u00e4 2 jne.&nbsp; <\/p>\n\n\n\n<p>5.  Seuraavassa valinnassa voit m\u00e4\u00e4ritell\u00e4 haluatko m\u00e4\u00e4ritt\u00e4\u00e4 syntyvien <strong>ryhmien m\u00e4\u00e4r\u00e4n<\/strong> vai m\u00e4\u00e4ritteletk\u00f6 etuk\u00e4teen <strong>j\u00e4senten m\u00e4\u00e4r\u00e4n<\/strong> ryhm\u00e4ss\u00e4.&nbsp; <\/p>\n\n\n\n<figure class=\"wp-block-image is-resized\"><img loading=\"lazy\" decoding=\"async\" src=\"https:\/\/blogit.gradia.fi\/digipalvelut\/wp-content\/uploads\/sites\/99\/2019\/07\/automaattisen-ryhm\u00e4n-asetuksia.png\" alt=\"\" class=\"wp-image-762\" width=\"475\" height=\"390\" \/><\/figure>\n\n\n\n<p>6. viimeistele painamalla <strong>L\u00e4het\u00e4 <\/strong>-painiketta<\/p>\n","protected":false},"excerpt":{"rendered":"<p>Opettajana voit jakaa opiskelijat ryhmiin kurssillasi koko kurssin ajaksi, jonkin osion osalta tai yksitt\u00e4isen aineiston ja aktiviteetin osalta. Opettaja helpottaa ryhmill\u00e4 usein omaa ja toisten opettajien&nbsp;arviointi- ja palautety\u00f6t\u00e4 erityisesti&nbsp;usean opettajan\/ryhm\u00e4n kursseilla.&nbsp; &nbsp; Opettajan on mahdollista luoda my\u00f6s ryhmi\u00e4 monimutkaisempia ryhmittelyj\u00e4, jotka hy\u00f6dynt\u00e4v\u00e4t jo tehtyj\u00e4 ryhmi\u00e4.&nbsp; Liittyminen kurssille ryhm\u00e4avaimella Ryhmien luominen [&hellip;]<\/p>\n","protected":false},"author":165,"featured_media":0,"parent":76,"menu_order":0,"comment_status":"closed","ping_status":"closed","template":"","meta":{"_uag_custom_page_level_css":"","footnotes":""},"class_list":["post-754","page","type-page","status-publish","hentry"],"yoast_head":"<!-- This site is optimized with the Yoast SEO plugin v27.4 - https:\/\/yoast.com\/product\/yoast-seo-wordpress\/ -->\n<title>Ryhm\u00e4t Moodlessa - Gradia Digipalvelut<\/title>\n<meta name=\"robots\" content=\"index, follow, max-snippet:-1, max-image-preview:large, max-video-preview:-1\" \/>\n<link rel=\"canonical\" href=\"https:\/\/blogit.gradia.fi\/digipalvelut\/ohjeita-ja-vinkkeja\/moodle\/ryhmat-moodlessa\/\" \/>\n<meta property=\"og:locale\" content=\"fi_FI\" \/>\n<meta property=\"og:type\" content=\"article\" \/>\n<meta property=\"og:title\" content=\"Ryhm\u00e4t Moodlessa - Gradia Digipalvelut\" \/>\n<meta property=\"og:description\" content=\"Opettajana voit jakaa opiskelijat ryhmiin kurssillasi koko kurssin ajaksi, jonkin osion osalta tai yksitt\u00e4isen aineiston ja aktiviteetin osalta. Opettaja helpottaa ryhmill\u00e4 usein omaa ja toisten opettajien&nbsp;arviointi- ja palautety\u00f6t\u00e4 erityisesti&nbsp;usean opettajan\/ryhm\u00e4n kursseilla.&nbsp; &nbsp; Opettajan on mahdollista luoda my\u00f6s ryhmi\u00e4 monimutkaisempia ryhmittelyj\u00e4, jotka hy\u00f6dynt\u00e4v\u00e4t jo tehtyj\u00e4 ryhmi\u00e4.&nbsp; Liittyminen kurssille ryhm\u00e4avaimella Ryhmien luominen [&hellip;]\" \/>\n<meta property=\"og:url\" content=\"https:\/\/blogit.gradia.fi\/digipalvelut\/ohjeita-ja-vinkkeja\/moodle\/ryhmat-moodlessa\/\" \/>\n<meta property=\"og:site_name\" content=\"Gradia Digipalvelut\" \/>\n<meta property=\"article:modified_time\" content=\"2020-06-12T05:46:31+00:00\" \/>\n<meta property=\"og:image\" content=\"https:\/\/blogit.gradia.fi\/digipalvelut\/wp-content\/uploads\/sites\/99\/2019\/07\/ryhm\u00e4t1-1.png\" \/>\n<meta name=\"twitter:card\" content=\"summary_large_image\" \/>\n<meta name=\"twitter:label1\" content=\"Arvioitu lukuaika\" \/>\n\t<meta name=\"twitter:data1\" content=\"3 minuuttia\" \/>\n<script type=\"application\/ld+json\" class=\"yoast-schema-graph\">{\"@context\":\"https:\\\/\\\/schema.org\",\"@graph\":[{\"@type\":\"WebPage\",\"@id\":\"https:\\\/\\\/blogit.gradia.fi\\\/digipalvelut\\\/ohjeita-ja-vinkkeja\\\/moodle\\\/ryhmat-moodlessa\\\/\",\"url\":\"https:\\\/\\\/blogit.gradia.fi\\\/digipalvelut\\\/ohjeita-ja-vinkkeja\\\/moodle\\\/ryhmat-moodlessa\\\/\",\"name\":\"Ryhm\u00e4t Moodlessa - Gradia Digipalvelut\",\"isPartOf\":{\"@id\":\"https:\\\/\\\/blogit.gradia.fi\\\/digipalvelut\\\/#website\"},\"datePublished\":\"2019-07-31T10:14:11+00:00\",\"dateModified\":\"2020-06-12T05:46:31+00:00\",\"breadcrumb\":{\"@id\":\"https:\\\/\\\/blogit.gradia.fi\\\/digipalvelut\\\/ohjeita-ja-vinkkeja\\\/moodle\\\/ryhmat-moodlessa\\\/#breadcrumb\"},\"inLanguage\":\"fi\",\"potentialAction\":[{\"@type\":\"ReadAction\",\"target\":[\"https:\\\/\\\/blogit.gradia.fi\\\/digipalvelut\\\/ohjeita-ja-vinkkeja\\\/moodle\\\/ryhmat-moodlessa\\\/\"]}]},{\"@type\":\"BreadcrumbList\",\"@id\":\"https:\\\/\\\/blogit.gradia.fi\\\/digipalvelut\\\/ohjeita-ja-vinkkeja\\\/moodle\\\/ryhmat-moodlessa\\\/#breadcrumb\",\"itemListElement\":[{\"@type\":\"ListItem\",\"position\":1,\"name\":\"Ohjeita ja vinkkej\u00e4\",\"item\":\"https:\\\/\\\/blogit.gradia.fi\\\/digipalvelut\\\/ohjeita-ja-vinkkeja\\\/\"},{\"@type\":\"ListItem\",\"position\":2,\"name\":\"Moodle\",\"item\":\"https:\\\/\\\/blogit.gradia.fi\\\/digipalvelut\\\/ohjeita-ja-vinkkeja\\\/moodle\\\/\"},{\"@type\":\"ListItem\",\"position\":3,\"name\":\"Ryhm\u00e4t Moodlessa\"}]},{\"@type\":\"WebSite\",\"@id\":\"https:\\\/\\\/blogit.gradia.fi\\\/digipalvelut\\\/#website\",\"url\":\"https:\\\/\\\/blogit.gradia.fi\\\/digipalvelut\\\/\",\"name\":\"Gradia Digipalvelut\",\"description\":\"Astetta enemm\u00e4n digi\u00e4\",\"publisher\":{\"@id\":\"https:\\\/\\\/blogit.gradia.fi\\\/digipalvelut\\\/#organization\"},\"potentialAction\":[{\"@type\":\"SearchAction\",\"target\":{\"@type\":\"EntryPoint\",\"urlTemplate\":\"https:\\\/\\\/blogit.gradia.fi\\\/digipalvelut\\\/?s={search_term_string}\"},\"query-input\":{\"@type\":\"PropertyValueSpecification\",\"valueRequired\":true,\"valueName\":\"search_term_string\"}}],\"inLanguage\":\"fi\"},{\"@type\":\"Organization\",\"@id\":\"https:\\\/\\\/blogit.gradia.fi\\\/digipalvelut\\\/#organization\",\"name\":\"Gradia Digipalvelut\",\"url\":\"https:\\\/\\\/blogit.gradia.fi\\\/digipalvelut\\\/\",\"logo\":{\"@type\":\"ImageObject\",\"inLanguage\":\"fi\",\"@id\":\"https:\\\/\\\/blogit.gradia.fi\\\/digipalvelut\\\/#\\\/schema\\\/logo\\\/image\\\/\",\"url\":\"https:\\\/\\\/blogit.gradia.fi\\\/digipalvelut\\\/wp-content\\\/uploads\\\/sites\\\/99\\\/2019\\\/06\\\/cropped-Gradia_logo_Cyber_TRANSPARENT.png\",\"contentUrl\":\"https:\\\/\\\/blogit.gradia.fi\\\/digipalvelut\\\/wp-content\\\/uploads\\\/sites\\\/99\\\/2019\\\/06\\\/cropped-Gradia_logo_Cyber_TRANSPARENT.png\",\"width\":316,\"height\":382,\"caption\":\"Gradia Digipalvelut\"},\"image\":{\"@id\":\"https:\\\/\\\/blogit.gradia.fi\\\/digipalvelut\\\/#\\\/schema\\\/logo\\\/image\\\/\"}}]}<\/script>\n<!-- \/ Yoast SEO plugin. -->","yoast_head_json":{"title":"Ryhm\u00e4t Moodlessa - Gradia Digipalvelut","robots":{"index":"index","follow":"follow","max-snippet":"max-snippet:-1","max-image-preview":"max-image-preview:large","max-video-preview":"max-video-preview:-1"},"canonical":"https:\/\/blogit.gradia.fi\/digipalvelut\/ohjeita-ja-vinkkeja\/moodle\/ryhmat-moodlessa\/","og_locale":"fi_FI","og_type":"article","og_title":"Ryhm\u00e4t Moodlessa - Gradia Digipalvelut","og_description":"Opettajana voit jakaa opiskelijat ryhmiin kurssillasi koko kurssin ajaksi, jonkin osion osalta tai yksitt\u00e4isen aineiston ja aktiviteetin osalta. Opettaja helpottaa ryhmill\u00e4 usein omaa ja toisten opettajien&nbsp;arviointi- ja palautety\u00f6t\u00e4 erityisesti&nbsp;usean opettajan\/ryhm\u00e4n kursseilla.&nbsp; &nbsp; Opettajan on mahdollista luoda my\u00f6s ryhmi\u00e4 monimutkaisempia ryhmittelyj\u00e4, jotka hy\u00f6dynt\u00e4v\u00e4t jo tehtyj\u00e4 ryhmi\u00e4.&nbsp; Liittyminen kurssille ryhm\u00e4avaimella Ryhmien luominen [&hellip;]","og_url":"https:\/\/blogit.gradia.fi\/digipalvelut\/ohjeita-ja-vinkkeja\/moodle\/ryhmat-moodlessa\/","og_site_name":"Gradia Digipalvelut","article_modified_time":"2020-06-12T05:46:31+00:00","og_image":[{"url":"https:\/\/blogit.gradia.fi\/digipalvelut\/wp-content\/uploads\/sites\/99\/2019\/07\/ryhm\u00e4t1-1.png","type":"","width":"","height":""}],"twitter_card":"summary_large_image","twitter_misc":{"Arvioitu lukuaika":"3 minuuttia"},"schema":{"@context":"https:\/\/schema.org","@graph":[{"@type":"WebPage","@id":"https:\/\/blogit.gradia.fi\/digipalvelut\/ohjeita-ja-vinkkeja\/moodle\/ryhmat-moodlessa\/","url":"https:\/\/blogit.gradia.fi\/digipalvelut\/ohjeita-ja-vinkkeja\/moodle\/ryhmat-moodlessa\/","name":"Ryhm\u00e4t Moodlessa - Gradia Digipalvelut","isPartOf":{"@id":"https:\/\/blogit.gradia.fi\/digipalvelut\/#website"},"datePublished":"2019-07-31T10:14:11+00:00","dateModified":"2020-06-12T05:46:31+00:00","breadcrumb":{"@id":"https:\/\/blogit.gradia.fi\/digipalvelut\/ohjeita-ja-vinkkeja\/moodle\/ryhmat-moodlessa\/#breadcrumb"},"inLanguage":"fi","potentialAction":[{"@type":"ReadAction","target":["https:\/\/blogit.gradia.fi\/digipalvelut\/ohjeita-ja-vinkkeja\/moodle\/ryhmat-moodlessa\/"]}]},{"@type":"BreadcrumbList","@id":"https:\/\/blogit.gradia.fi\/digipalvelut\/ohjeita-ja-vinkkeja\/moodle\/ryhmat-moodlessa\/#breadcrumb","itemListElement":[{"@type":"ListItem","position":1,"name":"Ohjeita ja vinkkej\u00e4","item":"https:\/\/blogit.gradia.fi\/digipalvelut\/ohjeita-ja-vinkkeja\/"},{"@type":"ListItem","position":2,"name":"Moodle","item":"https:\/\/blogit.gradia.fi\/digipalvelut\/ohjeita-ja-vinkkeja\/moodle\/"},{"@type":"ListItem","position":3,"name":"Ryhm\u00e4t Moodlessa"}]},{"@type":"WebSite","@id":"https:\/\/blogit.gradia.fi\/digipalvelut\/#website","url":"https:\/\/blogit.gradia.fi\/digipalvelut\/","name":"Gradia Digipalvelut","description":"Astetta enemm\u00e4n digi\u00e4","publisher":{"@id":"https:\/\/blogit.gradia.fi\/digipalvelut\/#organization"},"potentialAction":[{"@type":"SearchAction","target":{"@type":"EntryPoint","urlTemplate":"https:\/\/blogit.gradia.fi\/digipalvelut\/?s={search_term_string}"},"query-input":{"@type":"PropertyValueSpecification","valueRequired":true,"valueName":"search_term_string"}}],"inLanguage":"fi"},{"@type":"Organization","@id":"https:\/\/blogit.gradia.fi\/digipalvelut\/#organization","name":"Gradia Digipalvelut","url":"https:\/\/blogit.gradia.fi\/digipalvelut\/","logo":{"@type":"ImageObject","inLanguage":"fi","@id":"https:\/\/blogit.gradia.fi\/digipalvelut\/#\/schema\/logo\/image\/","url":"https:\/\/blogit.gradia.fi\/digipalvelut\/wp-content\/uploads\/sites\/99\/2019\/06\/cropped-Gradia_logo_Cyber_TRANSPARENT.png","contentUrl":"https:\/\/blogit.gradia.fi\/digipalvelut\/wp-content\/uploads\/sites\/99\/2019\/06\/cropped-Gradia_logo_Cyber_TRANSPARENT.png","width":316,"height":382,"caption":"Gradia Digipalvelut"},"image":{"@id":"https:\/\/blogit.gradia.fi\/digipalvelut\/#\/schema\/logo\/image\/"}}]}},"uagb_featured_image_src":{"full":false,"thumbnail":false,"medium":false,"medium_large":false,"large":false,"1536x1536":false,"2048x2048":false,"hestia-blog":false},"uagb_author_info":{"display_name":"Heini Pennanen","author_link":"https:\/\/blogit.gradia.fi\/digipalvelut\/author\/pennahei\/"},"uagb_comment_info":0,"uagb_excerpt":"Opettajana voit jakaa opiskelijat ryhmiin kurssillasi koko kurssin ajaksi, jonkin osion osalta tai yksitt\u00e4isen aineiston ja aktiviteetin osalta. Opettaja helpottaa ryhmill\u00e4 usein omaa ja toisten opettajien&nbsp;arviointi- ja palautety\u00f6t\u00e4 erityisesti&nbsp;usean opettajan\/ryhm\u00e4n kursseilla.&nbsp; &nbsp; Opettajan on mahdollista luoda my\u00f6s ryhmi\u00e4 monimutkaisempia ryhmittelyj\u00e4, jotka hy\u00f6dynt\u00e4v\u00e4t jo tehtyj\u00e4 ryhmi\u00e4.&nbsp; Liittyminen kurssille ryhm\u00e4avaimella Ryhmien luominen [&hellip;]","_links":{"self":[{"href":"https:\/\/blogit.gradia.fi\/digipalvelut\/wp-json\/wp\/v2\/pages\/754","targetHints":{"allow":["GET"]}}],"collection":[{"href":"https:\/\/blogit.gradia.fi\/digipalvelut\/wp-json\/wp\/v2\/pages"}],"about":[{"href":"https:\/\/blogit.gradia.fi\/digipalvelut\/wp-json\/wp\/v2\/types\/page"}],"author":[{"embeddable":true,"href":"https:\/\/blogit.gradia.fi\/digipalvelut\/wp-json\/wp\/v2\/users\/165"}],"replies":[{"embeddable":true,"href":"https:\/\/blogit.gradia.fi\/digipalvelut\/wp-json\/wp\/v2\/comments?post=754"}],"version-history":[{"count":19,"href":"https:\/\/blogit.gradia.fi\/digipalvelut\/wp-json\/wp\/v2\/pages\/754\/revisions"}],"predecessor-version":[{"id":1920,"href":"https:\/\/blogit.gradia.fi\/digipalvelut\/wp-json\/wp\/v2\/pages\/754\/revisions\/1920"}],"up":[{"embeddable":true,"href":"https:\/\/blogit.gradia.fi\/digipalvelut\/wp-json\/wp\/v2\/pages\/76"}],"wp:attachment":[{"href":"https:\/\/blogit.gradia.fi\/digipalvelut\/wp-json\/wp\/v2\/media?parent=754"}],"curies":[{"name":"wp","href":"https:\/\/api.w.org\/{rel}","templated":true}]}}