{"id":743,"date":"2019-07-30T15:33:52","date_gmt":"2019-07-30T12:33:52","guid":{"rendered":"https:\/\/blogit.gradia.fi\/digipalvelut\/?page_id=743"},"modified":"2020-01-07T12:59:25","modified_gmt":"2020-01-07T10:59:25","slug":"tehtavan-palauttaminen","status":"publish","type":"page","link":"https:\/\/blogit.gradia.fi\/digipalvelut\/ohjeita-ja-vinkkeja\/moodle\/tehtavan-palauttaminen\/","title":{"rendered":"Teht\u00e4v\u00e4n palauttaminen"},"content":{"rendered":"\n<p><a href=\"#teht-aktiviteetti\">Mik\u00e4 on teht\u00e4v\u00e4-aktiviteetti?<\/a><br><a href=\"#verkkoteksti\">Verkkotekstin palauttaminen<\/a><br><a href=\"#ladattava-tiedosto\">Ladattavan tiedoston palauttaminen<\/a><br><a href=\"#palautinko\">Palautinko teht\u00e4v\u00e4n?<\/a><\/p>\n\n\n\n<h2 class=\"wp-block-heading\" id=\"teht-aktiviteetti\">Mik\u00e4 on teht\u00e4v\u00e4 -aktiviteetti?&nbsp;<\/h2>\n\n\n\n<p>Teht\u00e4v\u00e4 -aktiviteetti kurssialueella pit\u00e4\u00e4 sis\u00e4ll\u00e4\u00e4n sek\u00e4 teht\u00e4v\u00e4nannon ett\u00e4 teht\u00e4v\u00e4n palautuksen. Teht\u00e4v\u00e4nanto voi avautua suoraan kurssialueelle n\u00e4kyviin tai opiskelijan on klikattava sit\u00e4 saadakseen teht\u00e4v\u00e4nannon n\u00e4kyv\u00e4ksi itselleen.&nbsp;&nbsp;<\/p>\n\n\n\n<p>Teht\u00e4v\u00e4 voidaan palauttaa joko&nbsp;&nbsp;<\/p>\n\n\n\n<ul class=\"wp-block-list\"><li>Moodleen kirjoitettavana verkkotekstin\u00e4 tai linkkein\u00e4. (suorat tekstivastaukset Moodleen, linkit videoihin,&nbsp; tiedostoihin tai verkkosivuille) Linkkej\u00e4 suositellaan k\u00e4ytett\u00e4viksi kaikkiin isokokoisiin tiedostoihin, kuten videoihin.&nbsp;<\/li><li>Moodleen ladattavina tiedostoina&nbsp;<\/li><\/ul>\n\n\n\n<p>Teht\u00e4v\u00e4ss\u00e4 voi olla m\u00e4\u00e4r\u00e4aika, johon menness\u00e4 se on palautettava. Huomioithan, ett\u00e4 opettaja voi my\u00f6s edellytt\u00e4\u00e4, ett\u00e4 teht\u00e4v\u00e4n valmistuttua opiskelija painaa &#8221;l\u00e4het\u00e4 arvioitavaksi&#8221; n\u00e4pp\u00e4int\u00e4 ennen kuin teht\u00e4v\u00e4 siirtyy arvioitavaksi. T\u00e4m\u00e4 toiminto mahdollistaa teht\u00e4v\u00e4n palautuksen muokkaamisen siihen asti, kunnes opiskelijana l\u00e4het\u00e4t teht\u00e4v\u00e4n tarkastettavaksi. T\u00e4m\u00e4n j\u00e4lkeen teht\u00e4v\u00e4\u00e4 ei voi en\u00e4\u00e4 muokata.&nbsp;&nbsp;<\/p>\n\n\n\n<h2 class=\"wp-block-heading\" id=\"verkkoteksti\">Verkkotekstin palauttaminen&nbsp;&nbsp;<\/h2>\n\n\n\n<p>Yksi teht\u00e4v\u00e4n palautusmuoto voi olla vastaaminen suoraan Moodlessa olevaan verkkoteksti-ikkunaan.&nbsp; Kirjoita vastauksesi suoraan verkkotekstin tekstieditoriin. T\u00e4h\u00e4n samaan ikkunaan voit palauttaa my\u00f6s&nbsp;<strong>linkin&nbsp;<\/strong>(julkinen tai piilotettu)&nbsp; esim. Videopalautuksissa.&nbsp;&nbsp;<a href=\"https:\/\/blogit.gradia.fi\/digipalvelut\/ohjeita-ja-vinkkeja\/office-365\/tiedoston-jakaminen-onedrivessa\/\">Lue ohje, kuinka OneDrive-tiedosto jaetaan.<\/a><\/p>\n\n\n\n<p><strong>Palautus<\/strong>&nbsp;<\/p>\n\n\n\n<ul class=\"wp-block-list\"><li>Avaa teht\u00e4v\u00e4 tai teht\u00e4v\u00e4nanto kurssialueella&nbsp;<\/li><li>Klikkaa&nbsp;<strong>lis\u00e4\u00e4 palautus \u2013<\/strong>painiketta&nbsp;<\/li><li>Kirjoita vastauksesi verkkoteksti \u2013ikkunaan. Tekstieditori-ikkunan vasemmassa yl\u00e4laidassa olevasta nuoli \u2013painikkeesta saat lis\u00e4\u00e4 muotoiluja.&nbsp;<\/li><li>Tallenna muutokset ja tarvittaessa l\u00e4het\u00e4 teht\u00e4v\u00e4 arvioitavaksi. Mik\u00e4li toimintoa ei ole opettajan toimesta aktivoitu, l\u00e4htee teht\u00e4v\u00e4 opettajalle automaattisesti arvioitavaksi.&nbsp;<\/li><\/ul>\n\n\n\n<figure class=\"wp-block-image\"><img fetchpriority=\"high\" decoding=\"async\" width=\"1024\" height=\"276\" src=\"https:\/\/blogit.gradia.fi\/digipalvelut\/wp-content\/uploads\/sites\/99\/2019\/07\/image-9-1024x276.jpeg\" alt=\"\" class=\"wp-image-746\" srcset=\"https:\/\/blogit.gradia.fi\/digipalvelut\/wp-content\/uploads\/sites\/99\/2019\/07\/image-9.jpeg 1024w, https:\/\/blogit.gradia.fi\/digipalvelut\/wp-content\/uploads\/sites\/99\/2019\/07\/image-9-300x81.jpeg 300w, https:\/\/blogit.gradia.fi\/digipalvelut\/wp-content\/uploads\/sites\/99\/2019\/07\/image-9-768x207.jpeg 768w, https:\/\/blogit.gradia.fi\/digipalvelut\/wp-content\/uploads\/sites\/99\/2019\/07\/image-9-620x167.jpeg 620w\" sizes=\"(max-width: 1024px) 100vw, 1024px\" \/><\/figure>\n\n\n\n<hr class=\"wp-block-separator\" \/>\n\n\n\n<figure class=\"wp-block-embed-youtube wp-block-embed is-type-video is-provider-youtube wp-embed-aspect-16-9 wp-has-aspect-ratio\"><div class=\"wp-block-embed__wrapper\">\n<iframe title=\"Opiskelija   Teht\u00e4v\u00e4n palauttaminen verkkotekstin\u00e4 Moodleen\" width=\"750\" height=\"422\" src=\"https:\/\/www.youtube.com\/embed\/3TPkSKm22pg?feature=oembed\" frameborder=\"0\" allow=\"accelerometer; autoplay; clipboard-write; encrypted-media; gyroscope; picture-in-picture; web-share\" allowfullscreen><\/iframe>\n<\/div><\/figure>\n\n\n\n<hr class=\"wp-block-separator\" \/>\n\n\n\n<h2 class=\"wp-block-heading\" id=\"ladattava-tiedosto\">Ladattavan tiedoston palauttaminen&nbsp;&nbsp;<\/h2>\n\n\n\n<p>Teht\u00e4v\u00e4nantoon voidaan vastata my\u00f6s lataamalla tiedosto Moodleen.&nbsp;Asestuksista&nbsp;riippuen tiedostoja voi ladata joko yhden tai useampia. My\u00f6s kokoa voidaan rajoittaa.&nbsp; HUOM!&nbsp;Gradian&nbsp;Moodleen ei voi palauttaa suuria tiedostoja, joten pienenn\u00e4 kuvia ja&nbsp;<strong>palauta videot linkkein\u00e4&nbsp;<\/strong>eli tallenna ne ensin johonkin videon jakopalveluun, kuten&nbsp;Streamiin, joka l\u00f6ytyy koulun Office \u2013paketista tai YouTubeen.&nbsp;&nbsp;<\/p>\n\n\n\n<h3 class=\"wp-block-heading\"><strong>Palautus<\/strong>&nbsp;<\/h3>\n\n\n\n<ul class=\"wp-block-list\"><li>Avaa teht\u00e4v\u00e4 tai teht\u00e4v\u00e4nanto kurssialueella&nbsp;<\/li><li>Klikkaa&nbsp;<strong>lis\u00e4\u00e4 palautus \u2013<\/strong>painiketta&nbsp;<\/li><li>Valitse&nbsp;<strong>&#8221;lis\u00e4\u00e4 tiedosto&#8221;<\/strong>&nbsp;-painiketta (kuvassa keltaisella)&nbsp;<\/li><li>&nbsp;<\/li><\/ul>\n\n\n\n<figure class=\"wp-block-image\"><img decoding=\"async\" width=\"668\" height=\"119\" src=\"https:\/\/blogit.gradia.fi\/digipalvelut\/wp-content\/uploads\/sites\/99\/2019\/07\/image-7.jpeg\" alt=\"\" class=\"wp-image-744\" srcset=\"https:\/\/blogit.gradia.fi\/digipalvelut\/wp-content\/uploads\/sites\/99\/2019\/07\/image-7.jpeg 668w, https:\/\/blogit.gradia.fi\/digipalvelut\/wp-content\/uploads\/sites\/99\/2019\/07\/image-7-300x53.jpeg 300w, https:\/\/blogit.gradia.fi\/digipalvelut\/wp-content\/uploads\/sites\/99\/2019\/07\/image-7-620x110.jpeg 620w\" sizes=\"(max-width: 668px) 100vw, 668px\" \/><\/figure>\n\n\n\n<ul class=\"wp-block-list\"><li>Lis\u00e4\u00e4 tiedosto omasta Office 365 \u2013palvelusta&nbsp;<strong>klikkaamalla Office<\/strong>&nbsp;-valikkoa ja siin\u00e4&nbsp;<strong>omat tiedostot<\/strong>&nbsp;\u2013kansiota ja valitse palautettava tiedosto.&nbsp;<\/li><li>Mik\u00e4li palautettava tiedosto sijaitsee esimerkiksi&nbsp;<strong>USB \u2013muistitikulla tai<\/strong>&nbsp;muulla&nbsp;<strong>verkkolevy-asemalla<\/strong>, klikkaa&nbsp;<strong>lataa tiedosto<\/strong>&nbsp;\u2013valikkoa, valitse tiedosta ja lataa se Moodleen.&nbsp;<\/li><li>Tallenna muutokset ja tarvittaessa l\u00e4het\u00e4 teht\u00e4v\u00e4t opettajalle arvioitavaksi.&nbsp;&nbsp;<\/li><\/ul>\n\n\n\n<figure class=\"wp-block-image\"><img decoding=\"async\" width=\"929\" height=\"287\" src=\"https:\/\/blogit.gradia.fi\/digipalvelut\/wp-content\/uploads\/sites\/99\/2019\/07\/image-11.jpeg\" alt=\"\" class=\"wp-image-748\" srcset=\"https:\/\/blogit.gradia.fi\/digipalvelut\/wp-content\/uploads\/sites\/99\/2019\/07\/image-11.jpeg 929w, https:\/\/blogit.gradia.fi\/digipalvelut\/wp-content\/uploads\/sites\/99\/2019\/07\/image-11-300x93.jpeg 300w, https:\/\/blogit.gradia.fi\/digipalvelut\/wp-content\/uploads\/sites\/99\/2019\/07\/image-11-768x237.jpeg 768w, https:\/\/blogit.gradia.fi\/digipalvelut\/wp-content\/uploads\/sites\/99\/2019\/07\/image-11-620x192.jpeg 620w\" sizes=\"(max-width: 929px) 100vw, 929px\" \/><\/figure>\n\n\n\n<p><\/p>\n\n\n\n<hr class=\"wp-block-separator\" \/>\n\n\n\n<figure class=\"wp-block-embed-youtube wp-block-embed is-type-video is-provider-youtube wp-embed-aspect-16-9 wp-has-aspect-ratio\"><div class=\"wp-block-embed__wrapper\">\n<iframe title=\"Opiskelija Teht\u00e4v\u00e4tiedoston palauttaminen Moodleen\" width=\"750\" height=\"422\" src=\"https:\/\/www.youtube.com\/embed\/zF3kHJ50LP4?feature=oembed\" frameborder=\"0\" allow=\"accelerometer; autoplay; clipboard-write; encrypted-media; gyroscope; picture-in-picture; web-share\" allowfullscreen><\/iframe>\n<\/div><\/figure>\n\n\n\n<hr class=\"wp-block-separator\" \/>\n\n\n\n<h2 class=\"wp-block-heading\" id=\"palautinko\">Palautinko teht\u00e4v\u00e4n?&nbsp;<\/h2>\n\n\n\n<p>Mik\u00e4li et ole varma palautitko teht\u00e4v\u00e4si, klikkaa teht\u00e4v\u00e4 auki oppimisymp\u00e4rist\u00f6ss\u00e4 ja katso palautuksen tila. Siit\u00e4 n\u00e4et mm. oletko l\u00e4hett\u00e4nyt teht\u00e4v\u00e4n arvioitavaksi ja onko teht\u00e4v\u00e4 jo arvioitu.&nbsp;<\/p>\n\n\n\n<figure class=\"wp-block-image\"><img loading=\"lazy\" decoding=\"async\" width=\"912\" height=\"601\" src=\"https:\/\/blogit.gradia.fi\/digipalvelut\/wp-content\/uploads\/sites\/99\/2019\/07\/image-8.jpeg\" alt=\"Kuva teht\u00e4v\u00e4-aktiviteetista, johon opiskelija on ladannut tiedoston arvioitavaksi\" class=\"wp-image-745\" srcset=\"https:\/\/blogit.gradia.fi\/digipalvelut\/wp-content\/uploads\/sites\/99\/2019\/07\/image-8.jpeg 912w, https:\/\/blogit.gradia.fi\/digipalvelut\/wp-content\/uploads\/sites\/99\/2019\/07\/image-8-300x198.jpeg 300w, https:\/\/blogit.gradia.fi\/digipalvelut\/wp-content\/uploads\/sites\/99\/2019\/07\/image-8-768x506.jpeg 768w, https:\/\/blogit.gradia.fi\/digipalvelut\/wp-content\/uploads\/sites\/99\/2019\/07\/image-8-620x409.jpeg 620w\" sizes=\"(max-width: 912px) 100vw, 912px\" \/><\/figure>\n\n\n\n<p>Opettajan teht\u00e4v\u00e4\u00e4n j\u00e4tt\u00e4m\u00e4t kommentit tulevat n\u00e4kyviin teht\u00e4v\u00e4palautuksen alapuolelle&nbsp;<strong>palaute \u2013osioon<\/strong>. Avaa palaute ja k\u00e4y se l\u00e4pi.&nbsp;<\/p>\n\n\n\n<figure class=\"wp-block-image\"><img loading=\"lazy\" decoding=\"async\" width=\"806\" height=\"853\" src=\"https:\/\/blogit.gradia.fi\/digipalvelut\/wp-content\/uploads\/sites\/99\/2019\/07\/image-10.jpeg\" alt=\"Kuva teht\u00e4v\u00e4-aktiviteetista, johon opettaja on antanut palautetta opiskelijan teht\u00e4v\u00e4\u00e4n.\" class=\"wp-image-747\" srcset=\"https:\/\/blogit.gradia.fi\/digipalvelut\/wp-content\/uploads\/sites\/99\/2019\/07\/image-10.jpeg 806w, https:\/\/blogit.gradia.fi\/digipalvelut\/wp-content\/uploads\/sites\/99\/2019\/07\/image-10-283x300.jpeg 283w, https:\/\/blogit.gradia.fi\/digipalvelut\/wp-content\/uploads\/sites\/99\/2019\/07\/image-10-768x813.jpeg 768w, https:\/\/blogit.gradia.fi\/digipalvelut\/wp-content\/uploads\/sites\/99\/2019\/07\/image-10-620x656.jpeg 620w\" sizes=\"(max-width: 806px) 100vw, 806px\" \/><\/figure>\n","protected":false},"excerpt":{"rendered":"<p>Mik\u00e4 on teht\u00e4v\u00e4-aktiviteetti?Verkkotekstin palauttaminenLadattavan tiedoston palauttaminenPalautinko teht\u00e4v\u00e4n? Mik\u00e4 on teht\u00e4v\u00e4 -aktiviteetti?&nbsp; Teht\u00e4v\u00e4 -aktiviteetti kurssialueella pit\u00e4\u00e4 sis\u00e4ll\u00e4\u00e4n sek\u00e4 teht\u00e4v\u00e4nannon ett\u00e4 teht\u00e4v\u00e4n palautuksen. Teht\u00e4v\u00e4nanto voi avautua suoraan kurssialueelle n\u00e4kyviin tai opiskelijan on klikattava sit\u00e4 saadakseen teht\u00e4v\u00e4nannon n\u00e4kyv\u00e4ksi itselleen.&nbsp;&nbsp; Teht\u00e4v\u00e4 voidaan palauttaa joko&nbsp;&nbsp; Moodleen kirjoitettavana verkkotekstin\u00e4 tai linkkein\u00e4. (suorat tekstivastaukset Moodleen, linkit videoihin,&nbsp; [&hellip;]<\/p>\n","protected":false},"author":421,"featured_media":0,"parent":76,"menu_order":0,"comment_status":"closed","ping_status":"closed","template":"","meta":{"_uag_custom_page_level_css":"","footnotes":""},"class_list":["post-743","page","type-page","status-publish","hentry"],"yoast_head":"<!-- This site is optimized with the Yoast SEO plugin v27.4 - https:\/\/yoast.com\/product\/yoast-seo-wordpress\/ -->\n<title>Teht\u00e4v\u00e4n palauttaminen - Gradia Digipalvelut<\/title>\n<meta name=\"robots\" content=\"index, follow, max-snippet:-1, max-image-preview:large, max-video-preview:-1\" \/>\n<link rel=\"canonical\" href=\"https:\/\/blogit.gradia.fi\/digipalvelut\/ohjeita-ja-vinkkeja\/moodle\/tehtavan-palauttaminen\/\" \/>\n<meta property=\"og:locale\" content=\"fi_FI\" \/>\n<meta property=\"og:type\" content=\"article\" \/>\n<meta property=\"og:title\" content=\"Teht\u00e4v\u00e4n palauttaminen - Gradia Digipalvelut\" \/>\n<meta property=\"og:description\" content=\"Mik\u00e4 on teht\u00e4v\u00e4-aktiviteetti?Verkkotekstin palauttaminenLadattavan tiedoston palauttaminenPalautinko teht\u00e4v\u00e4n? Mik\u00e4 on teht\u00e4v\u00e4 -aktiviteetti?&nbsp; Teht\u00e4v\u00e4 -aktiviteetti kurssialueella pit\u00e4\u00e4 sis\u00e4ll\u00e4\u00e4n sek\u00e4 teht\u00e4v\u00e4nannon ett\u00e4 teht\u00e4v\u00e4n palautuksen. Teht\u00e4v\u00e4nanto voi avautua suoraan kurssialueelle n\u00e4kyviin tai opiskelijan on klikattava sit\u00e4 saadakseen teht\u00e4v\u00e4nannon n\u00e4kyv\u00e4ksi itselleen.&nbsp;&nbsp; Teht\u00e4v\u00e4 voidaan palauttaa joko&nbsp;&nbsp; Moodleen kirjoitettavana verkkotekstin\u00e4 tai linkkein\u00e4. (suorat tekstivastaukset Moodleen, linkit videoihin,&nbsp; [&hellip;]\" \/>\n<meta property=\"og:url\" content=\"https:\/\/blogit.gradia.fi\/digipalvelut\/ohjeita-ja-vinkkeja\/moodle\/tehtavan-palauttaminen\/\" \/>\n<meta property=\"og:site_name\" content=\"Gradia Digipalvelut\" \/>\n<meta property=\"article:modified_time\" content=\"2020-01-07T10:59:25+00:00\" \/>\n<meta property=\"og:image\" content=\"https:\/\/blogit.gradia.fi\/digipalvelut\/wp-content\/uploads\/sites\/99\/2019\/07\/image-9-1024x276.jpeg\" \/>\n<meta name=\"twitter:card\" content=\"summary_large_image\" \/>\n<meta name=\"twitter:label1\" content=\"Arvioitu lukuaika\" \/>\n\t<meta name=\"twitter:data1\" content=\"3 minuuttia\" \/>\n<script type=\"application\/ld+json\" class=\"yoast-schema-graph\">{\"@context\":\"https:\\\/\\\/schema.org\",\"@graph\":[{\"@type\":\"WebPage\",\"@id\":\"https:\\\/\\\/blogit.gradia.fi\\\/digipalvelut\\\/ohjeita-ja-vinkkeja\\\/moodle\\\/tehtavan-palauttaminen\\\/\",\"url\":\"https:\\\/\\\/blogit.gradia.fi\\\/digipalvelut\\\/ohjeita-ja-vinkkeja\\\/moodle\\\/tehtavan-palauttaminen\\\/\",\"name\":\"Teht\u00e4v\u00e4n palauttaminen - Gradia Digipalvelut\",\"isPartOf\":{\"@id\":\"https:\\\/\\\/blogit.gradia.fi\\\/digipalvelut\\\/#website\"},\"primaryImageOfPage\":{\"@id\":\"https:\\\/\\\/blogit.gradia.fi\\\/digipalvelut\\\/ohjeita-ja-vinkkeja\\\/moodle\\\/tehtavan-palauttaminen\\\/#primaryimage\"},\"image\":{\"@id\":\"https:\\\/\\\/blogit.gradia.fi\\\/digipalvelut\\\/ohjeita-ja-vinkkeja\\\/moodle\\\/tehtavan-palauttaminen\\\/#primaryimage\"},\"thumbnailUrl\":\"https:\\\/\\\/blogit.gradia.fi\\\/digipalvelut\\\/wp-content\\\/uploads\\\/sites\\\/99\\\/2019\\\/07\\\/image-9-1024x276.jpeg\",\"datePublished\":\"2019-07-30T12:33:52+00:00\",\"dateModified\":\"2020-01-07T10:59:25+00:00\",\"breadcrumb\":{\"@id\":\"https:\\\/\\\/blogit.gradia.fi\\\/digipalvelut\\\/ohjeita-ja-vinkkeja\\\/moodle\\\/tehtavan-palauttaminen\\\/#breadcrumb\"},\"inLanguage\":\"fi\",\"potentialAction\":[{\"@type\":\"ReadAction\",\"target\":[\"https:\\\/\\\/blogit.gradia.fi\\\/digipalvelut\\\/ohjeita-ja-vinkkeja\\\/moodle\\\/tehtavan-palauttaminen\\\/\"]}]},{\"@type\":\"ImageObject\",\"inLanguage\":\"fi\",\"@id\":\"https:\\\/\\\/blogit.gradia.fi\\\/digipalvelut\\\/ohjeita-ja-vinkkeja\\\/moodle\\\/tehtavan-palauttaminen\\\/#primaryimage\",\"url\":\"https:\\\/\\\/blogit.gradia.fi\\\/digipalvelut\\\/wp-content\\\/uploads\\\/sites\\\/99\\\/2019\\\/07\\\/image-9-1024x276.jpeg\",\"contentUrl\":\"https:\\\/\\\/blogit.gradia.fi\\\/digipalvelut\\\/wp-content\\\/uploads\\\/sites\\\/99\\\/2019\\\/07\\\/image-9-1024x276.jpeg\"},{\"@type\":\"BreadcrumbList\",\"@id\":\"https:\\\/\\\/blogit.gradia.fi\\\/digipalvelut\\\/ohjeita-ja-vinkkeja\\\/moodle\\\/tehtavan-palauttaminen\\\/#breadcrumb\",\"itemListElement\":[{\"@type\":\"ListItem\",\"position\":1,\"name\":\"Ohjeita ja vinkkej\u00e4\",\"item\":\"https:\\\/\\\/blogit.gradia.fi\\\/digipalvelut\\\/ohjeita-ja-vinkkeja\\\/\"},{\"@type\":\"ListItem\",\"position\":2,\"name\":\"Moodle\",\"item\":\"https:\\\/\\\/blogit.gradia.fi\\\/digipalvelut\\\/ohjeita-ja-vinkkeja\\\/moodle\\\/\"},{\"@type\":\"ListItem\",\"position\":3,\"name\":\"Teht\u00e4v\u00e4n palauttaminen\"}]},{\"@type\":\"WebSite\",\"@id\":\"https:\\\/\\\/blogit.gradia.fi\\\/digipalvelut\\\/#website\",\"url\":\"https:\\\/\\\/blogit.gradia.fi\\\/digipalvelut\\\/\",\"name\":\"Gradia Digipalvelut\",\"description\":\"Astetta enemm\u00e4n digi\u00e4\",\"publisher\":{\"@id\":\"https:\\\/\\\/blogit.gradia.fi\\\/digipalvelut\\\/#organization\"},\"potentialAction\":[{\"@type\":\"SearchAction\",\"target\":{\"@type\":\"EntryPoint\",\"urlTemplate\":\"https:\\\/\\\/blogit.gradia.fi\\\/digipalvelut\\\/?s={search_term_string}\"},\"query-input\":{\"@type\":\"PropertyValueSpecification\",\"valueRequired\":true,\"valueName\":\"search_term_string\"}}],\"inLanguage\":\"fi\"},{\"@type\":\"Organization\",\"@id\":\"https:\\\/\\\/blogit.gradia.fi\\\/digipalvelut\\\/#organization\",\"name\":\"Gradia Digipalvelut\",\"url\":\"https:\\\/\\\/blogit.gradia.fi\\\/digipalvelut\\\/\",\"logo\":{\"@type\":\"ImageObject\",\"inLanguage\":\"fi\",\"@id\":\"https:\\\/\\\/blogit.gradia.fi\\\/digipalvelut\\\/#\\\/schema\\\/logo\\\/image\\\/\",\"url\":\"https:\\\/\\\/blogit.gradia.fi\\\/digipalvelut\\\/wp-content\\\/uploads\\\/sites\\\/99\\\/2019\\\/06\\\/cropped-Gradia_logo_Cyber_TRANSPARENT.png\",\"contentUrl\":\"https:\\\/\\\/blogit.gradia.fi\\\/digipalvelut\\\/wp-content\\\/uploads\\\/sites\\\/99\\\/2019\\\/06\\\/cropped-Gradia_logo_Cyber_TRANSPARENT.png\",\"width\":316,\"height\":382,\"caption\":\"Gradia Digipalvelut\"},\"image\":{\"@id\":\"https:\\\/\\\/blogit.gradia.fi\\\/digipalvelut\\\/#\\\/schema\\\/logo\\\/image\\\/\"}}]}<\/script>\n<!-- \/ Yoast SEO plugin. -->","yoast_head_json":{"title":"Teht\u00e4v\u00e4n palauttaminen - Gradia Digipalvelut","robots":{"index":"index","follow":"follow","max-snippet":"max-snippet:-1","max-image-preview":"max-image-preview:large","max-video-preview":"max-video-preview:-1"},"canonical":"https:\/\/blogit.gradia.fi\/digipalvelut\/ohjeita-ja-vinkkeja\/moodle\/tehtavan-palauttaminen\/","og_locale":"fi_FI","og_type":"article","og_title":"Teht\u00e4v\u00e4n palauttaminen - Gradia Digipalvelut","og_description":"Mik\u00e4 on teht\u00e4v\u00e4-aktiviteetti?Verkkotekstin palauttaminenLadattavan tiedoston palauttaminenPalautinko teht\u00e4v\u00e4n? Mik\u00e4 on teht\u00e4v\u00e4 -aktiviteetti?&nbsp; Teht\u00e4v\u00e4 -aktiviteetti kurssialueella pit\u00e4\u00e4 sis\u00e4ll\u00e4\u00e4n sek\u00e4 teht\u00e4v\u00e4nannon ett\u00e4 teht\u00e4v\u00e4n palautuksen. Teht\u00e4v\u00e4nanto voi avautua suoraan kurssialueelle n\u00e4kyviin tai opiskelijan on klikattava sit\u00e4 saadakseen teht\u00e4v\u00e4nannon n\u00e4kyv\u00e4ksi itselleen.&nbsp;&nbsp; Teht\u00e4v\u00e4 voidaan palauttaa joko&nbsp;&nbsp; Moodleen kirjoitettavana verkkotekstin\u00e4 tai linkkein\u00e4. (suorat tekstivastaukset Moodleen, linkit videoihin,&nbsp; [&hellip;]","og_url":"https:\/\/blogit.gradia.fi\/digipalvelut\/ohjeita-ja-vinkkeja\/moodle\/tehtavan-palauttaminen\/","og_site_name":"Gradia Digipalvelut","article_modified_time":"2020-01-07T10:59:25+00:00","og_image":[{"url":"https:\/\/blogit.gradia.fi\/digipalvelut\/wp-content\/uploads\/sites\/99\/2019\/07\/image-9-1024x276.jpeg","type":"","width":"","height":""}],"twitter_card":"summary_large_image","twitter_misc":{"Arvioitu lukuaika":"3 minuuttia"},"schema":{"@context":"https:\/\/schema.org","@graph":[{"@type":"WebPage","@id":"https:\/\/blogit.gradia.fi\/digipalvelut\/ohjeita-ja-vinkkeja\/moodle\/tehtavan-palauttaminen\/","url":"https:\/\/blogit.gradia.fi\/digipalvelut\/ohjeita-ja-vinkkeja\/moodle\/tehtavan-palauttaminen\/","name":"Teht\u00e4v\u00e4n palauttaminen - Gradia Digipalvelut","isPartOf":{"@id":"https:\/\/blogit.gradia.fi\/digipalvelut\/#website"},"primaryImageOfPage":{"@id":"https:\/\/blogit.gradia.fi\/digipalvelut\/ohjeita-ja-vinkkeja\/moodle\/tehtavan-palauttaminen\/#primaryimage"},"image":{"@id":"https:\/\/blogit.gradia.fi\/digipalvelut\/ohjeita-ja-vinkkeja\/moodle\/tehtavan-palauttaminen\/#primaryimage"},"thumbnailUrl":"https:\/\/blogit.gradia.fi\/digipalvelut\/wp-content\/uploads\/sites\/99\/2019\/07\/image-9-1024x276.jpeg","datePublished":"2019-07-30T12:33:52+00:00","dateModified":"2020-01-07T10:59:25+00:00","breadcrumb":{"@id":"https:\/\/blogit.gradia.fi\/digipalvelut\/ohjeita-ja-vinkkeja\/moodle\/tehtavan-palauttaminen\/#breadcrumb"},"inLanguage":"fi","potentialAction":[{"@type":"ReadAction","target":["https:\/\/blogit.gradia.fi\/digipalvelut\/ohjeita-ja-vinkkeja\/moodle\/tehtavan-palauttaminen\/"]}]},{"@type":"ImageObject","inLanguage":"fi","@id":"https:\/\/blogit.gradia.fi\/digipalvelut\/ohjeita-ja-vinkkeja\/moodle\/tehtavan-palauttaminen\/#primaryimage","url":"https:\/\/blogit.gradia.fi\/digipalvelut\/wp-content\/uploads\/sites\/99\/2019\/07\/image-9-1024x276.jpeg","contentUrl":"https:\/\/blogit.gradia.fi\/digipalvelut\/wp-content\/uploads\/sites\/99\/2019\/07\/image-9-1024x276.jpeg"},{"@type":"BreadcrumbList","@id":"https:\/\/blogit.gradia.fi\/digipalvelut\/ohjeita-ja-vinkkeja\/moodle\/tehtavan-palauttaminen\/#breadcrumb","itemListElement":[{"@type":"ListItem","position":1,"name":"Ohjeita ja vinkkej\u00e4","item":"https:\/\/blogit.gradia.fi\/digipalvelut\/ohjeita-ja-vinkkeja\/"},{"@type":"ListItem","position":2,"name":"Moodle","item":"https:\/\/blogit.gradia.fi\/digipalvelut\/ohjeita-ja-vinkkeja\/moodle\/"},{"@type":"ListItem","position":3,"name":"Teht\u00e4v\u00e4n palauttaminen"}]},{"@type":"WebSite","@id":"https:\/\/blogit.gradia.fi\/digipalvelut\/#website","url":"https:\/\/blogit.gradia.fi\/digipalvelut\/","name":"Gradia Digipalvelut","description":"Astetta enemm\u00e4n digi\u00e4","publisher":{"@id":"https:\/\/blogit.gradia.fi\/digipalvelut\/#organization"},"potentialAction":[{"@type":"SearchAction","target":{"@type":"EntryPoint","urlTemplate":"https:\/\/blogit.gradia.fi\/digipalvelut\/?s={search_term_string}"},"query-input":{"@type":"PropertyValueSpecification","valueRequired":true,"valueName":"search_term_string"}}],"inLanguage":"fi"},{"@type":"Organization","@id":"https:\/\/blogit.gradia.fi\/digipalvelut\/#organization","name":"Gradia Digipalvelut","url":"https:\/\/blogit.gradia.fi\/digipalvelut\/","logo":{"@type":"ImageObject","inLanguage":"fi","@id":"https:\/\/blogit.gradia.fi\/digipalvelut\/#\/schema\/logo\/image\/","url":"https:\/\/blogit.gradia.fi\/digipalvelut\/wp-content\/uploads\/sites\/99\/2019\/06\/cropped-Gradia_logo_Cyber_TRANSPARENT.png","contentUrl":"https:\/\/blogit.gradia.fi\/digipalvelut\/wp-content\/uploads\/sites\/99\/2019\/06\/cropped-Gradia_logo_Cyber_TRANSPARENT.png","width":316,"height":382,"caption":"Gradia Digipalvelut"},"image":{"@id":"https:\/\/blogit.gradia.fi\/digipalvelut\/#\/schema\/logo\/image\/"}}]}},"uagb_featured_image_src":{"full":false,"thumbnail":false,"medium":false,"medium_large":false,"large":false,"1536x1536":false,"2048x2048":false,"hestia-blog":false},"uagb_author_info":{"display_name":"Merja Hakanen","author_link":"https:\/\/blogit.gradia.fi\/digipalvelut\/author\/hakanmer\/"},"uagb_comment_info":0,"uagb_excerpt":"Mik\u00e4 on teht\u00e4v\u00e4-aktiviteetti?Verkkotekstin palauttaminenLadattavan tiedoston palauttaminenPalautinko teht\u00e4v\u00e4n? Mik\u00e4 on teht\u00e4v\u00e4 -aktiviteetti?&nbsp; Teht\u00e4v\u00e4 -aktiviteetti kurssialueella pit\u00e4\u00e4 sis\u00e4ll\u00e4\u00e4n sek\u00e4 teht\u00e4v\u00e4nannon ett\u00e4 teht\u00e4v\u00e4n palautuksen. Teht\u00e4v\u00e4nanto voi avautua suoraan kurssialueelle n\u00e4kyviin tai opiskelijan on klikattava sit\u00e4 saadakseen teht\u00e4v\u00e4nannon n\u00e4kyv\u00e4ksi itselleen.&nbsp;&nbsp; Teht\u00e4v\u00e4 voidaan palauttaa joko&nbsp;&nbsp; Moodleen kirjoitettavana verkkotekstin\u00e4 tai linkkein\u00e4. (suorat tekstivastaukset Moodleen, linkit videoihin,&nbsp; [&hellip;]","_links":{"self":[{"href":"https:\/\/blogit.gradia.fi\/digipalvelut\/wp-json\/wp\/v2\/pages\/743","targetHints":{"allow":["GET"]}}],"collection":[{"href":"https:\/\/blogit.gradia.fi\/digipalvelut\/wp-json\/wp\/v2\/pages"}],"about":[{"href":"https:\/\/blogit.gradia.fi\/digipalvelut\/wp-json\/wp\/v2\/types\/page"}],"author":[{"embeddable":true,"href":"https:\/\/blogit.gradia.fi\/digipalvelut\/wp-json\/wp\/v2\/users\/421"}],"replies":[{"embeddable":true,"href":"https:\/\/blogit.gradia.fi\/digipalvelut\/wp-json\/wp\/v2\/comments?post=743"}],"version-history":[{"count":4,"href":"https:\/\/blogit.gradia.fi\/digipalvelut\/wp-json\/wp\/v2\/pages\/743\/revisions"}],"predecessor-version":[{"id":1409,"href":"https:\/\/blogit.gradia.fi\/digipalvelut\/wp-json\/wp\/v2\/pages\/743\/revisions\/1409"}],"up":[{"embeddable":true,"href":"https:\/\/blogit.gradia.fi\/digipalvelut\/wp-json\/wp\/v2\/pages\/76"}],"wp:attachment":[{"href":"https:\/\/blogit.gradia.fi\/digipalvelut\/wp-json\/wp\/v2\/media?parent=743"}],"curies":[{"name":"wp","href":"https:\/\/api.w.org\/{rel}","templated":true}]}}