{"id":730,"date":"2019-07-04T15:40:18","date_gmt":"2019-07-04T12:40:18","guid":{"rendered":"https:\/\/blogit.gradia.fi\/digipalvelut\/?page_id=730"},"modified":"2019-07-04T15:40:18","modified_gmt":"2019-07-04T12:40:18","slug":"hallintatyokalut-kurssilla","status":"publish","type":"page","link":"https:\/\/blogit.gradia.fi\/digipalvelut\/ohjeita-ja-vinkkeja\/moodle\/hallintatyokalut-kurssilla\/","title":{"rendered":"Hallintaty\u00f6kalut kurssilla"},"content":{"rendered":"\n<p>Moodlen kursseilla on oikeassa reunassa siniset hallintaty\u00f6kalut, joiden avulla p\u00e4\u00e4set nopeasti muokkaamaan kurssiin liittyvi\u00e4 asetuksia. <\/p>\n\n\n\n<div class=\"wp-block-columns has-2-columns is-layout-flex wp-container-core-columns-is-layout-28f84493 wp-block-columns-is-layout-flex\">\n<div class=\"wp-block-column is-layout-flow wp-block-column-is-layout-flow\">\n<p><strong>Muokkaustila p\u00e4\u00e4lle \/ pois<\/strong><br>Valitse t\u00e4m\u00e4, kun haluat lis\u00e4t\u00e4, poistaa tai muokata kurssin sis\u00e4lt\u00f6\u00e4. <\/p>\n\n\n\n<p><strong>Muokkaa asetuksia<\/strong><br>Muokkaa kurssin perustasetuksia, <a href=\"https:\/\/blogit.gradia.fi\/digipalvelut\/ohjeita-ja-vinkkeja\/moodle\/opintojakson-kurssipohjan-muokkaaminen\/#perusasetukset\">katso ohje muokkaamiseen. <\/a><\/p>\n\n\n\n<p><strong>Piilota \/ N\u00e4yt\u00e4 kurssi<\/strong><br>Piilotettuna kurssi ei n\u00e4y julkisesti eik\u00e4 opiskelijoille. Oletusarvoisesti kurssit ovat aluksi piilotettuja. Muista asettaa kurssi n\u00e4kyv\u00e4ksi opintojakson alkaessa. <\/p>\n\n\n\n<p><strong>Poista kurssi<\/strong><br>Emme suosittele poistamaan kursseja. Gradian Moodlen yll\u00e4pito huolehtii kurssien poistamisesta j\u00e4rjestelm\u00e4tasolla.  <\/p>\n\n\n\n<p><strong>Aseta kurssiavain<\/strong><br>Voit hallita kurssille rekister\u00f6inti\u00e4 kurssiavaimen avulla. <a href=\"https:\/\/blogit.gradia.fi\/digipalvelut\/kurssi-ja-ryhmaavaimen-luominen\/\">Lue ohje kurssiavaimen luomisesta.<\/a> <\/p>\n\n\n\n<p><strong>Osallistujat<\/strong><br>P\u00e4\u00e4set tarkastelemaan kurssin osallistujia. Toimintoon liittyv\u00e4t ohjeet:<\/p>\n\n\n\n<ul class=\"wp-block-list\"><li><a href=\"https:\/\/blogit.gradia.fi\/digipalvelut\/ohjeita-ja-vinkkeja\/moodle\/opettajan-lisaaminen-kurssille\/\">Opettajan lis\u00e4\u00e4minen kurssille<\/a><\/li><li><a href=\"https:\/\/blogit.gradia.fi\/digipalvelut\/ohjeita-ja-vinkkeja\/moodle\/opiskelijan-liittyminen-kurssille\/\">Opiskelijan liittyminen kurssille<\/a><\/li><li><a href=\"https:\/\/blogit.gradia.fi\/digipalvelut\/ohjeita-ja-vinkkeja\/moodle\/vierailijapaasyn-salliminen-kurssille\/\">Vierailijap\u00e4\u00e4syn salliminen<\/a><\/li><\/ul>\n\n\n\n<p><strong>Kurssin arvioinnit<\/strong><br>P\u00e4\u00e4set katsomaan painikkeen kautta arvioijan raporttia.<\/p>\n\n\n\n<p><strong>Vaihda rooliin Opiskelija<\/strong><br>Painamalla t\u00e4st\u00e4 n\u00e4et milt\u00e4 kurssi n\u00e4ytt\u00e4\u00e4 opiskelijan n\u00e4kym\u00e4st\u00e4. P\u00e4\u00e4set takaisin omaan rooliisi klikkaamalla Moodlen yl\u00e4palkin henkil\u00f6kuvaketta \/ <strong>Palaa omaan rooliisi<\/strong>. <\/p>\n<\/div>\n\n\n\n<div class=\"wp-block-column is-layout-flow wp-block-column-is-layout-flow\">\n<div class=\"wp-block-image\"><figure class=\"alignright\"><img fetchpriority=\"high\" decoding=\"async\" width=\"236\" height=\"406\" src=\"https:\/\/blogit.gradia.fi\/digipalvelut\/wp-content\/uploads\/sites\/99\/2019\/07\/Hallintaty\u00f6kalut3-1.png\" alt=\"Hallintaty\u00f6kalujen eri vaihtoehdot\" class=\"wp-image-712\" srcset=\"https:\/\/blogit.gradia.fi\/digipalvelut\/wp-content\/uploads\/sites\/99\/2019\/07\/Hallintaty\u00f6kalut3-1.png 236w, https:\/\/blogit.gradia.fi\/digipalvelut\/wp-content\/uploads\/sites\/99\/2019\/07\/Hallintaty\u00f6kalut3-1-174x300.png 174w\" sizes=\"(max-width: 236px) 100vw, 236px\" \/><\/figure><\/div>\n<\/div>\n<\/div>\n","protected":false},"excerpt":{"rendered":"<p>Moodlen kursseilla on oikeassa reunassa siniset hallintaty\u00f6kalut, joiden avulla p\u00e4\u00e4set nopeasti muokkaamaan kurssiin liittyvi\u00e4 asetuksia. Muokkaustila p\u00e4\u00e4lle \/ poisValitse t\u00e4m\u00e4, kun haluat lis\u00e4t\u00e4, poistaa tai muokata kurssin sis\u00e4lt\u00f6\u00e4. Muokkaa asetuksiaMuokkaa kurssin perustasetuksia, katso ohje muokkaamiseen. Piilota \/ N\u00e4yt\u00e4 kurssiPiilotettuna kurssi ei n\u00e4y julkisesti eik\u00e4 opiskelijoille. Oletusarvoisesti kurssit ovat aluksi piilotettuja. [&hellip;]<\/p>\n","protected":false},"author":421,"featured_media":0,"parent":76,"menu_order":0,"comment_status":"closed","ping_status":"closed","template":"","meta":{"_uag_custom_page_level_css":"","footnotes":""},"class_list":["post-730","page","type-page","status-publish","hentry"],"yoast_head":"<!-- This site is optimized with the Yoast SEO plugin v27.4 - https:\/\/yoast.com\/product\/yoast-seo-wordpress\/ -->\n<title>Hallintaty\u00f6kalut kurssilla - Gradia Digipalvelut<\/title>\n<meta name=\"robots\" content=\"index, follow, max-snippet:-1, max-image-preview:large, max-video-preview:-1\" \/>\n<link rel=\"canonical\" href=\"https:\/\/blogit.gradia.fi\/digipalvelut\/ohjeita-ja-vinkkeja\/moodle\/hallintatyokalut-kurssilla\/\" \/>\n<meta property=\"og:locale\" content=\"fi_FI\" \/>\n<meta property=\"og:type\" content=\"article\" \/>\n<meta property=\"og:title\" content=\"Hallintaty\u00f6kalut kurssilla - Gradia Digipalvelut\" \/>\n<meta property=\"og:description\" content=\"Moodlen kursseilla on oikeassa reunassa siniset hallintaty\u00f6kalut, joiden avulla p\u00e4\u00e4set nopeasti muokkaamaan kurssiin liittyvi\u00e4 asetuksia. Muokkaustila p\u00e4\u00e4lle \/ poisValitse t\u00e4m\u00e4, kun haluat lis\u00e4t\u00e4, poistaa tai muokata kurssin sis\u00e4lt\u00f6\u00e4. Muokkaa asetuksiaMuokkaa kurssin perustasetuksia, katso ohje muokkaamiseen. Piilota \/ N\u00e4yt\u00e4 kurssiPiilotettuna kurssi ei n\u00e4y julkisesti eik\u00e4 opiskelijoille. Oletusarvoisesti kurssit ovat aluksi piilotettuja. [&hellip;]\" \/>\n<meta property=\"og:url\" content=\"https:\/\/blogit.gradia.fi\/digipalvelut\/ohjeita-ja-vinkkeja\/moodle\/hallintatyokalut-kurssilla\/\" \/>\n<meta property=\"og:site_name\" content=\"Gradia Digipalvelut\" \/>\n<meta property=\"og:image\" content=\"https:\/\/blogit.gradia.fi\/digipalvelut\/wp-content\/uploads\/sites\/99\/2019\/07\/Hallintaty\u00f6kalut3-1.png\" \/>\n<meta name=\"twitter:card\" content=\"summary_large_image\" \/>\n<meta name=\"twitter:label1\" content=\"Arvioitu lukuaika\" \/>\n\t<meta name=\"twitter:data1\" content=\"1 minuutti\" \/>\n<script type=\"application\/ld+json\" class=\"yoast-schema-graph\">{\"@context\":\"https:\\\/\\\/schema.org\",\"@graph\":[{\"@type\":\"WebPage\",\"@id\":\"https:\\\/\\\/blogit.gradia.fi\\\/digipalvelut\\\/ohjeita-ja-vinkkeja\\\/moodle\\\/hallintatyokalut-kurssilla\\\/\",\"url\":\"https:\\\/\\\/blogit.gradia.fi\\\/digipalvelut\\\/ohjeita-ja-vinkkeja\\\/moodle\\\/hallintatyokalut-kurssilla\\\/\",\"name\":\"Hallintaty\u00f6kalut kurssilla - Gradia Digipalvelut\",\"isPartOf\":{\"@id\":\"https:\\\/\\\/blogit.gradia.fi\\\/digipalvelut\\\/#website\"},\"datePublished\":\"2019-07-04T12:40:18+00:00\",\"breadcrumb\":{\"@id\":\"https:\\\/\\\/blogit.gradia.fi\\\/digipalvelut\\\/ohjeita-ja-vinkkeja\\\/moodle\\\/hallintatyokalut-kurssilla\\\/#breadcrumb\"},\"inLanguage\":\"fi\",\"potentialAction\":[{\"@type\":\"ReadAction\",\"target\":[\"https:\\\/\\\/blogit.gradia.fi\\\/digipalvelut\\\/ohjeita-ja-vinkkeja\\\/moodle\\\/hallintatyokalut-kurssilla\\\/\"]}]},{\"@type\":\"BreadcrumbList\",\"@id\":\"https:\\\/\\\/blogit.gradia.fi\\\/digipalvelut\\\/ohjeita-ja-vinkkeja\\\/moodle\\\/hallintatyokalut-kurssilla\\\/#breadcrumb\",\"itemListElement\":[{\"@type\":\"ListItem\",\"position\":1,\"name\":\"Ohjeita ja vinkkej\u00e4\",\"item\":\"https:\\\/\\\/blogit.gradia.fi\\\/digipalvelut\\\/ohjeita-ja-vinkkeja\\\/\"},{\"@type\":\"ListItem\",\"position\":2,\"name\":\"Moodle\",\"item\":\"https:\\\/\\\/blogit.gradia.fi\\\/digipalvelut\\\/ohjeita-ja-vinkkeja\\\/moodle\\\/\"},{\"@type\":\"ListItem\",\"position\":3,\"name\":\"Hallintaty\u00f6kalut kurssilla\"}]},{\"@type\":\"WebSite\",\"@id\":\"https:\\\/\\\/blogit.gradia.fi\\\/digipalvelut\\\/#website\",\"url\":\"https:\\\/\\\/blogit.gradia.fi\\\/digipalvelut\\\/\",\"name\":\"Gradia Digipalvelut\",\"description\":\"Astetta enemm\u00e4n digi\u00e4\",\"publisher\":{\"@id\":\"https:\\\/\\\/blogit.gradia.fi\\\/digipalvelut\\\/#organization\"},\"potentialAction\":[{\"@type\":\"SearchAction\",\"target\":{\"@type\":\"EntryPoint\",\"urlTemplate\":\"https:\\\/\\\/blogit.gradia.fi\\\/digipalvelut\\\/?s={search_term_string}\"},\"query-input\":{\"@type\":\"PropertyValueSpecification\",\"valueRequired\":true,\"valueName\":\"search_term_string\"}}],\"inLanguage\":\"fi\"},{\"@type\":\"Organization\",\"@id\":\"https:\\\/\\\/blogit.gradia.fi\\\/digipalvelut\\\/#organization\",\"name\":\"Gradia Digipalvelut\",\"url\":\"https:\\\/\\\/blogit.gradia.fi\\\/digipalvelut\\\/\",\"logo\":{\"@type\":\"ImageObject\",\"inLanguage\":\"fi\",\"@id\":\"https:\\\/\\\/blogit.gradia.fi\\\/digipalvelut\\\/#\\\/schema\\\/logo\\\/image\\\/\",\"url\":\"https:\\\/\\\/blogit.gradia.fi\\\/digipalvelut\\\/wp-content\\\/uploads\\\/sites\\\/99\\\/2019\\\/06\\\/cropped-Gradia_logo_Cyber_TRANSPARENT.png\",\"contentUrl\":\"https:\\\/\\\/blogit.gradia.fi\\\/digipalvelut\\\/wp-content\\\/uploads\\\/sites\\\/99\\\/2019\\\/06\\\/cropped-Gradia_logo_Cyber_TRANSPARENT.png\",\"width\":316,\"height\":382,\"caption\":\"Gradia Digipalvelut\"},\"image\":{\"@id\":\"https:\\\/\\\/blogit.gradia.fi\\\/digipalvelut\\\/#\\\/schema\\\/logo\\\/image\\\/\"}}]}<\/script>\n<!-- \/ Yoast SEO plugin. -->","yoast_head_json":{"title":"Hallintaty\u00f6kalut kurssilla - Gradia Digipalvelut","robots":{"index":"index","follow":"follow","max-snippet":"max-snippet:-1","max-image-preview":"max-image-preview:large","max-video-preview":"max-video-preview:-1"},"canonical":"https:\/\/blogit.gradia.fi\/digipalvelut\/ohjeita-ja-vinkkeja\/moodle\/hallintatyokalut-kurssilla\/","og_locale":"fi_FI","og_type":"article","og_title":"Hallintaty\u00f6kalut kurssilla - Gradia Digipalvelut","og_description":"Moodlen kursseilla on oikeassa reunassa siniset hallintaty\u00f6kalut, joiden avulla p\u00e4\u00e4set nopeasti muokkaamaan kurssiin liittyvi\u00e4 asetuksia. Muokkaustila p\u00e4\u00e4lle \/ poisValitse t\u00e4m\u00e4, kun haluat lis\u00e4t\u00e4, poistaa tai muokata kurssin sis\u00e4lt\u00f6\u00e4. Muokkaa asetuksiaMuokkaa kurssin perustasetuksia, katso ohje muokkaamiseen. Piilota \/ N\u00e4yt\u00e4 kurssiPiilotettuna kurssi ei n\u00e4y julkisesti eik\u00e4 opiskelijoille. Oletusarvoisesti kurssit ovat aluksi piilotettuja. [&hellip;]","og_url":"https:\/\/blogit.gradia.fi\/digipalvelut\/ohjeita-ja-vinkkeja\/moodle\/hallintatyokalut-kurssilla\/","og_site_name":"Gradia Digipalvelut","og_image":[{"url":"https:\/\/blogit.gradia.fi\/digipalvelut\/wp-content\/uploads\/sites\/99\/2019\/07\/Hallintaty\u00f6kalut3-1.png","type":"","width":"","height":""}],"twitter_card":"summary_large_image","twitter_misc":{"Arvioitu lukuaika":"1 minuutti"},"schema":{"@context":"https:\/\/schema.org","@graph":[{"@type":"WebPage","@id":"https:\/\/blogit.gradia.fi\/digipalvelut\/ohjeita-ja-vinkkeja\/moodle\/hallintatyokalut-kurssilla\/","url":"https:\/\/blogit.gradia.fi\/digipalvelut\/ohjeita-ja-vinkkeja\/moodle\/hallintatyokalut-kurssilla\/","name":"Hallintaty\u00f6kalut kurssilla - Gradia Digipalvelut","isPartOf":{"@id":"https:\/\/blogit.gradia.fi\/digipalvelut\/#website"},"datePublished":"2019-07-04T12:40:18+00:00","breadcrumb":{"@id":"https:\/\/blogit.gradia.fi\/digipalvelut\/ohjeita-ja-vinkkeja\/moodle\/hallintatyokalut-kurssilla\/#breadcrumb"},"inLanguage":"fi","potentialAction":[{"@type":"ReadAction","target":["https:\/\/blogit.gradia.fi\/digipalvelut\/ohjeita-ja-vinkkeja\/moodle\/hallintatyokalut-kurssilla\/"]}]},{"@type":"BreadcrumbList","@id":"https:\/\/blogit.gradia.fi\/digipalvelut\/ohjeita-ja-vinkkeja\/moodle\/hallintatyokalut-kurssilla\/#breadcrumb","itemListElement":[{"@type":"ListItem","position":1,"name":"Ohjeita ja vinkkej\u00e4","item":"https:\/\/blogit.gradia.fi\/digipalvelut\/ohjeita-ja-vinkkeja\/"},{"@type":"ListItem","position":2,"name":"Moodle","item":"https:\/\/blogit.gradia.fi\/digipalvelut\/ohjeita-ja-vinkkeja\/moodle\/"},{"@type":"ListItem","position":3,"name":"Hallintaty\u00f6kalut kurssilla"}]},{"@type":"WebSite","@id":"https:\/\/blogit.gradia.fi\/digipalvelut\/#website","url":"https:\/\/blogit.gradia.fi\/digipalvelut\/","name":"Gradia Digipalvelut","description":"Astetta enemm\u00e4n digi\u00e4","publisher":{"@id":"https:\/\/blogit.gradia.fi\/digipalvelut\/#organization"},"potentialAction":[{"@type":"SearchAction","target":{"@type":"EntryPoint","urlTemplate":"https:\/\/blogit.gradia.fi\/digipalvelut\/?s={search_term_string}"},"query-input":{"@type":"PropertyValueSpecification","valueRequired":true,"valueName":"search_term_string"}}],"inLanguage":"fi"},{"@type":"Organization","@id":"https:\/\/blogit.gradia.fi\/digipalvelut\/#organization","name":"Gradia Digipalvelut","url":"https:\/\/blogit.gradia.fi\/digipalvelut\/","logo":{"@type":"ImageObject","inLanguage":"fi","@id":"https:\/\/blogit.gradia.fi\/digipalvelut\/#\/schema\/logo\/image\/","url":"https:\/\/blogit.gradia.fi\/digipalvelut\/wp-content\/uploads\/sites\/99\/2019\/06\/cropped-Gradia_logo_Cyber_TRANSPARENT.png","contentUrl":"https:\/\/blogit.gradia.fi\/digipalvelut\/wp-content\/uploads\/sites\/99\/2019\/06\/cropped-Gradia_logo_Cyber_TRANSPARENT.png","width":316,"height":382,"caption":"Gradia Digipalvelut"},"image":{"@id":"https:\/\/blogit.gradia.fi\/digipalvelut\/#\/schema\/logo\/image\/"}}]}},"uagb_featured_image_src":{"full":false,"thumbnail":false,"medium":false,"medium_large":false,"large":false,"1536x1536":false,"2048x2048":false,"hestia-blog":false},"uagb_author_info":{"display_name":"Merja Hakanen","author_link":"https:\/\/blogit.gradia.fi\/digipalvelut\/author\/hakanmer\/"},"uagb_comment_info":0,"uagb_excerpt":"Moodlen kursseilla on oikeassa reunassa siniset hallintaty\u00f6kalut, joiden avulla p\u00e4\u00e4set nopeasti muokkaamaan kurssiin liittyvi\u00e4 asetuksia. Muokkaustila p\u00e4\u00e4lle \/ poisValitse t\u00e4m\u00e4, kun haluat lis\u00e4t\u00e4, poistaa tai muokata kurssin sis\u00e4lt\u00f6\u00e4. Muokkaa asetuksiaMuokkaa kurssin perustasetuksia, katso ohje muokkaamiseen. Piilota \/ N\u00e4yt\u00e4 kurssiPiilotettuna kurssi ei n\u00e4y julkisesti eik\u00e4 opiskelijoille. Oletusarvoisesti kurssit ovat aluksi piilotettuja. [&hellip;]","_links":{"self":[{"href":"https:\/\/blogit.gradia.fi\/digipalvelut\/wp-json\/wp\/v2\/pages\/730","targetHints":{"allow":["GET"]}}],"collection":[{"href":"https:\/\/blogit.gradia.fi\/digipalvelut\/wp-json\/wp\/v2\/pages"}],"about":[{"href":"https:\/\/blogit.gradia.fi\/digipalvelut\/wp-json\/wp\/v2\/types\/page"}],"author":[{"embeddable":true,"href":"https:\/\/blogit.gradia.fi\/digipalvelut\/wp-json\/wp\/v2\/users\/421"}],"replies":[{"embeddable":true,"href":"https:\/\/blogit.gradia.fi\/digipalvelut\/wp-json\/wp\/v2\/comments?post=730"}],"version-history":[{"count":2,"href":"https:\/\/blogit.gradia.fi\/digipalvelut\/wp-json\/wp\/v2\/pages\/730\/revisions"}],"predecessor-version":[{"id":736,"href":"https:\/\/blogit.gradia.fi\/digipalvelut\/wp-json\/wp\/v2\/pages\/730\/revisions\/736"}],"up":[{"embeddable":true,"href":"https:\/\/blogit.gradia.fi\/digipalvelut\/wp-json\/wp\/v2\/pages\/76"}],"wp:attachment":[{"href":"https:\/\/blogit.gradia.fi\/digipalvelut\/wp-json\/wp\/v2\/media?parent=730"}],"curies":[{"name":"wp","href":"https:\/\/api.w.org\/{rel}","templated":true}]}}