{"id":73,"date":"2019-02-12T13:43:02","date_gmt":"2019-02-12T11:43:02","guid":{"rendered":"https:\/\/blogit.gradia.fi\/digipalvelut\/?page_id=73"},"modified":"2020-04-29T10:46:00","modified_gmt":"2020-04-29T07:46:00","slug":"office-365","status":"publish","type":"page","link":"https:\/\/blogit.gradia.fi\/digipalvelut\/ohjeita-ja-vinkkeja\/office-365\/","title":{"rendered":"Office 365"},"content":{"rendered":"\n<p>T\u00e4m\u00e4n sivuston alle ker\u00e4t\u00e4\u00e4n ohjeita ja vinkkej\u00e4 Office 365-kokonaisuuden k\u00e4ytt\u00f6\u00f6n. Kommentoi ja anna vinkkej\u00e4, kuinka itse hy\u00f6dynn\u00e4t n\u00e4it\u00e4 sovelluksia opetuksessasi!<\/p>\n\n\n\n<p><\/p>\n\n\n\n<div class=\"wp-block-columns has-2-columns is-layout-flex wp-container-core-columns-is-layout-28f84493 wp-block-columns-is-layout-flex\">\n<div class=\"wp-block-column is-layout-flow wp-block-column-is-layout-flow\">\n<h2 class=\"wp-block-heading\">Outlook<\/h2>\n\n\n\n<p><\/p>\n<\/div>\n\n\n\n<div class=\"wp-block-column is-layout-flow wp-block-column-is-layout-flow\">\n<h2 class=\"wp-block-heading\">Office-ty\u00f6kalut<\/h2>\n\n\n\n<p><a aria-label=\"Office-paketin lataaminen omalle koneelle (avautuu uudessa v\u00e4lilehdess\u00e4)\" rel=\"noreferrer noopener\" href=\"https:\/\/blogit.gradia.fi\/digipalvelut\/ohjeita-ja-vinkkeja\/office-365\/office-paketin-lataaminen-omalle-koneelle\/\" target=\"_blank\">Office-paketin lataaminen <\/a><a href=\"https:\/\/blogit.gradia.fi\/digipalvelut\/ohjeita-ja-vinkkeja\/office-365\/office-paketin-lataaminen-omalle-koneelle\/\" target=\"_blank\" rel=\"noreferrer noopener\" aria-label=\"Office-paketin lataaminen omalle koneelle (avautuu uudessa v\u00e4lilehdess\u00e4)\">o<\/a><a aria-label=\"Office-paketin lataaminen omalle koneelle (avautuu uudessa v\u00e4lilehdess\u00e4)\" rel=\"noreferrer noopener\" href=\"https:\/\/blogit.gradia.fi\/digipalvelut\/ohjeita-ja-vinkkeja\/office-365\/office-paketin-lataaminen-omalle-koneelle\/\" target=\"_blank\">malle koneelle<\/a><\/p>\n\n\n\n<p><a href=\"https:\/\/blogit.gradia.fi\/digipalvelut\/ohjeita-ja-vinkkeja\/office-365\/nayttokaappausvideon-tekeminen-powerpointilla\/\">Tallenne PowerPointilla<\/a><\/p>\n\n\n\n<p><a rel=\"noreferrer noopener\" href=\"https:\/\/support.office.com\/fi-fi\/office-training-center\/powerpoint-tips\" target=\"_blank\">Microsoftin vinkit PowerPointin k\u00e4ytt\u00f6\u00f6n<\/a><br><a aria-label=\"Microsoftin vinkit Excelin k\u00e4ytt\u00f6\u00f6n (avautuu uudessa v\u00e4lilehdess\u00e4)\" rel=\"noreferrer noopener\" href=\"https:\/\/support.office.com\/fi-fi\/office-training-center\/excel-tips\" target=\"_blank\">Microsoftin vinkit Excelin k\u00e4ytt\u00f6\u00f6n<\/a><\/p>\n<\/div>\n<\/div>\n\n\n\n<div class=\"wp-block-columns has-2-columns is-layout-flex wp-container-core-columns-is-layout-28f84493 wp-block-columns-is-layout-flex\">\n<div class=\"wp-block-column is-layout-flow wp-block-column-is-layout-flow\">\n<h2 class=\"has-text-align-left wp-block-heading\">Sharepoint<\/h2>\n\n\n\n<p><\/p>\n<\/div>\n\n\n\n<div class=\"wp-block-column is-layout-flow wp-block-column-is-layout-flow\">\n<h2 class=\"wp-block-heading\">OneDrive<\/h2>\n\n\n\n<p><a href=\"https:\/\/blogit.gradia.fi\/digipalvelut\/ohjeita-ja-vinkkeja\/office-365\/tiedoston-jakaminen-onedrivessa\/\">Tiedostojen jakaminen<\/a><\/p>\n\n\n\n<p><a href=\"https:\/\/blogit.gradia.fi\/digipalvelut\/ohjeita-ja-vinkkeja\/office-365\/asiakirjan-skannaaminen-tyopuhelimella\/\">Skannaa k\u00e4nnyk\u00e4ll\u00e4si<\/a><\/p>\n<\/div>\n<\/div>\n\n\n\n<div class=\"wp-block-columns has-2-columns is-layout-flex wp-container-core-columns-is-layout-28f84493 wp-block-columns-is-layout-flex\">\n<div class=\"wp-block-column is-layout-flow wp-block-column-is-layout-flow\">\n<h2 class=\"wp-block-heading\">Teams<\/h2>\n\n\n\n<p><a href=\"https:\/\/blogit.gradia.fi\/digipalvelut\/ohjeita-ja-vinkkeja\/office-365\/teams-nakyman-vaihtaminen\/\" rel=\"noreferrer noopener\">Teams-n\u00e4kym\u00e4n vaihtaminen<\/a><br><a href=\"https:\/\/blogit.gradia.fi\/digipalvelut\/teams-luokkatiimi\/\">Teams &#8211; luokkatiimi ja teht\u00e4v\u00e4t <\/a><img fetchpriority=\"high\" decoding=\"async\" width=\"1200\" height=\"1200\" class=\"wp-image-530\" style=\"width: 30px\" alt=\"Sis\u00e4lt\u00e4\u00e4 videokuvaa\" src=\"https:\/\/blogit.gradia.fi\/digipalvelut\/wp-content\/uploads\/sites\/99\/2019\/06\/kamera2.png\" srcset=\"https:\/\/blogit.gradia.fi\/digipalvelut\/wp-content\/uploads\/sites\/99\/2019\/06\/kamera2.png 1200w, https:\/\/blogit.gradia.fi\/digipalvelut\/wp-content\/uploads\/sites\/99\/2019\/06\/kamera2-150x150.png 150w, https:\/\/blogit.gradia.fi\/digipalvelut\/wp-content\/uploads\/sites\/99\/2019\/06\/kamera2-300x300.png 300w, https:\/\/blogit.gradia.fi\/digipalvelut\/wp-content\/uploads\/sites\/99\/2019\/06\/kamera2-768x768.png 768w, https:\/\/blogit.gradia.fi\/digipalvelut\/wp-content\/uploads\/sites\/99\/2019\/06\/kamera2-1024x1024.png 1024w, https:\/\/blogit.gradia.fi\/digipalvelut\/wp-content\/uploads\/sites\/99\/2019\/06\/kamera2-620x620.png 620w\" sizes=\"(max-width: 1200px) 100vw, 1200px\" \/><\/p>\n\n\n\n<p><a href=\"https:\/\/support.office.com\/fi-fi\/teams?wt.mc_id=otc_microsoft_teams&amp;omkt=fi-FI\">Microsoftin vinkit Teamsin k\u00e4ytt\u00f6\u00f6n<\/a><br><a href=\"https:\/\/blogit.gradia.fi\/digipalvelut\/ohjeita-ja-vinkkeja\/office-365\/teams-kokouksen-luonti\/\">Teams -kokouksen luonti<\/a><\/p>\n<\/div>\n\n\n\n<div class=\"wp-block-column is-layout-flow wp-block-column-is-layout-flow\">\n<h2 class=\"wp-block-heading\">OneNote<\/h2>\n\n\n\n<p><\/p>\n<\/div>\n<\/div>\n\n\n\n<h2 class=\"wp-block-heading\">Skype<\/h2>\n\n\n\n<p><a href=\"https:\/\/support.office.com\/fi-fi\/article\/t\u00e4rkeimm\u00e4t-ohjeaiheet-22e8b9d2-f244-49e2-8715-d2807b8602f8?NS=SKYPEFB_ONLINE&amp;Version=90&amp;SysLcid=1035&amp;UiLcid=1035&amp;AppVer=MSO900&amp;HelpId=46222&amp;ui=fi-FI&amp;rs=fi-FI&amp;ad=FI\">Microsoftin ohjeita <\/a><a href=\"https:\/\/support.office.com\/fi-fi\/article\/t\u00e4rkeimm\u00e4t-ohjeaiheet-22e8b9d2-f244-49e2-8715-d2807b8602f8?NS=SKYPEFB_ONLINE&amp;Version=90&amp;SysLcid=1035&amp;UiLcid=1035&amp;AppVer=MSO900&amp;HelpId=46222&amp;ui=fi-FI&amp;rs=fi-FI&amp;ad=FI\" target=\"_blank\" rel=\"noreferrer noopener\">Skypen k\u00e4ytt\u00f6\u00f6<\/a><a href=\"https:\/\/support.office.com\/fi-fi\/article\/t\u00e4rkeimm\u00e4t-ohjeaiheet-22e8b9d2-f244-49e2-8715-d2807b8602f8?NS=SKYPEFB_ONLINE&amp;Version=90&amp;SysLcid=1035&amp;UiLcid=1035&amp;AppVer=MSO900&amp;HelpId=46222&amp;ui=fi-FI&amp;rs=fi-FI&amp;ad=FI\" rel=\"noreferrer noopener\">n<\/a><\/p>\n\n\n\n<div class=\"wp-block-columns has-2-columns is-layout-flex wp-container-core-columns-is-layout-28f84493 wp-block-columns-is-layout-flex\">\n<div class=\"wp-block-column is-layout-flow wp-block-column-is-layout-flow\">\n<h2 class=\"wp-block-heading\">Stream<\/h2>\n\n\n\n<p><\/p>\n<\/div>\n\n\n\n<div class=\"wp-block-column is-layout-flow wp-block-column-is-layout-flow\">\n<h2 class=\"wp-block-heading\">Forms<\/h2>\n\n\n\n<p><\/p>\n<\/div>\n<\/div>\n","protected":false},"excerpt":{"rendered":"<p>T\u00e4m\u00e4n sivuston alle ker\u00e4t\u00e4\u00e4n ohjeita ja vinkkej\u00e4 Office 365-kokonaisuuden k\u00e4ytt\u00f6\u00f6n. Kommentoi ja anna vinkkej\u00e4, kuinka itse hy\u00f6dynn\u00e4t n\u00e4it\u00e4 sovelluksia opetuksessasi! Outlook Office-ty\u00f6kalut Office-paketin lataaminen omalle koneelle Tallenne PowerPointilla Microsoftin vinkit PowerPointin k\u00e4ytt\u00f6\u00f6nMicrosoftin vinkit Excelin k\u00e4ytt\u00f6\u00f6n Sharepoint OneDrive Tiedostojen jakaminen Skannaa k\u00e4nnyk\u00e4ll\u00e4si Teams Teams-n\u00e4kym\u00e4n vaihtaminenTeams &#8211; luokkatiimi ja teht\u00e4v\u00e4t Microsoftin vinkit [&hellip;]<\/p>\n","protected":false},"author":421,"featured_media":0,"parent":37,"menu_order":0,"comment_status":"closed","ping_status":"closed","template":"","meta":{"_uag_custom_page_level_css":"","footnotes":""},"class_list":["post-73","page","type-page","status-publish","hentry"],"yoast_head":"<!-- This site is optimized with the Yoast SEO plugin v27.4 - https:\/\/yoast.com\/product\/yoast-seo-wordpress\/ -->\n<title>Office 365 - Gradia Digipalvelut<\/title>\n<meta name=\"robots\" content=\"index, follow, max-snippet:-1, max-image-preview:large, max-video-preview:-1\" \/>\n<link rel=\"canonical\" href=\"https:\/\/blogit.gradia.fi\/digipalvelut\/ohjeita-ja-vinkkeja\/office-365\/\" \/>\n<meta property=\"og:locale\" content=\"fi_FI\" \/>\n<meta property=\"og:type\" content=\"article\" \/>\n<meta property=\"og:title\" content=\"Office 365 - Gradia Digipalvelut\" \/>\n<meta property=\"og:description\" content=\"T\u00e4m\u00e4n sivuston alle ker\u00e4t\u00e4\u00e4n ohjeita ja vinkkej\u00e4 Office 365-kokonaisuuden k\u00e4ytt\u00f6\u00f6n. Kommentoi ja anna vinkkej\u00e4, kuinka itse hy\u00f6dynn\u00e4t n\u00e4it\u00e4 sovelluksia opetuksessasi! Outlook Office-ty\u00f6kalut Office-paketin lataaminen omalle koneelle Tallenne PowerPointilla Microsoftin vinkit PowerPointin k\u00e4ytt\u00f6\u00f6nMicrosoftin vinkit Excelin k\u00e4ytt\u00f6\u00f6n Sharepoint OneDrive Tiedostojen jakaminen Skannaa k\u00e4nnyk\u00e4ll\u00e4si Teams Teams-n\u00e4kym\u00e4n vaihtaminenTeams &#8211; luokkatiimi ja teht\u00e4v\u00e4t Microsoftin vinkit [&hellip;]\" \/>\n<meta property=\"og:url\" content=\"https:\/\/blogit.gradia.fi\/digipalvelut\/ohjeita-ja-vinkkeja\/office-365\/\" \/>\n<meta property=\"og:site_name\" content=\"Gradia Digipalvelut\" \/>\n<meta property=\"article:modified_time\" content=\"2020-04-29T07:46:00+00:00\" \/>\n<meta property=\"og:image\" content=\"https:\/\/blogit.gradia.fi\/digipalvelut\/wp-content\/uploads\/sites\/99\/2019\/06\/kamera2.png\" \/>\n<meta name=\"twitter:card\" content=\"summary_large_image\" \/>\n<script type=\"application\/ld+json\" class=\"yoast-schema-graph\">{\"@context\":\"https:\\\/\\\/schema.org\",\"@graph\":[{\"@type\":\"WebPage\",\"@id\":\"https:\\\/\\\/blogit.gradia.fi\\\/digipalvelut\\\/ohjeita-ja-vinkkeja\\\/office-365\\\/\",\"url\":\"https:\\\/\\\/blogit.gradia.fi\\\/digipalvelut\\\/ohjeita-ja-vinkkeja\\\/office-365\\\/\",\"name\":\"Office 365 - Gradia Digipalvelut\",\"isPartOf\":{\"@id\":\"https:\\\/\\\/blogit.gradia.fi\\\/digipalvelut\\\/#website\"},\"primaryImageOfPage\":{\"@id\":\"https:\\\/\\\/blogit.gradia.fi\\\/digipalvelut\\\/ohjeita-ja-vinkkeja\\\/office-365\\\/#primaryimage\"},\"image\":{\"@id\":\"https:\\\/\\\/blogit.gradia.fi\\\/digipalvelut\\\/ohjeita-ja-vinkkeja\\\/office-365\\\/#primaryimage\"},\"thumbnailUrl\":\"https:\\\/\\\/blogit.gradia.fi\\\/digipalvelut\\\/wp-content\\\/uploads\\\/sites\\\/99\\\/2019\\\/06\\\/kamera2.png\",\"datePublished\":\"2019-02-12T11:43:02+00:00\",\"dateModified\":\"2020-04-29T07:46:00+00:00\",\"breadcrumb\":{\"@id\":\"https:\\\/\\\/blogit.gradia.fi\\\/digipalvelut\\\/ohjeita-ja-vinkkeja\\\/office-365\\\/#breadcrumb\"},\"inLanguage\":\"fi\",\"potentialAction\":[{\"@type\":\"ReadAction\",\"target\":[\"https:\\\/\\\/blogit.gradia.fi\\\/digipalvelut\\\/ohjeita-ja-vinkkeja\\\/office-365\\\/\"]}]},{\"@type\":\"ImageObject\",\"inLanguage\":\"fi\",\"@id\":\"https:\\\/\\\/blogit.gradia.fi\\\/digipalvelut\\\/ohjeita-ja-vinkkeja\\\/office-365\\\/#primaryimage\",\"url\":\"https:\\\/\\\/blogit.gradia.fi\\\/digipalvelut\\\/wp-content\\\/uploads\\\/sites\\\/99\\\/2019\\\/06\\\/kamera2.png\",\"contentUrl\":\"https:\\\/\\\/blogit.gradia.fi\\\/digipalvelut\\\/wp-content\\\/uploads\\\/sites\\\/99\\\/2019\\\/06\\\/kamera2.png\",\"width\":1200,\"height\":1200,\"caption\":\"Sis\u00e4lt\u00e4\u00e4 videokuvaa\"},{\"@type\":\"BreadcrumbList\",\"@id\":\"https:\\\/\\\/blogit.gradia.fi\\\/digipalvelut\\\/ohjeita-ja-vinkkeja\\\/office-365\\\/#breadcrumb\",\"itemListElement\":[{\"@type\":\"ListItem\",\"position\":1,\"name\":\"Ohjeita ja vinkkej\u00e4\",\"item\":\"https:\\\/\\\/blogit.gradia.fi\\\/digipalvelut\\\/ohjeita-ja-vinkkeja\\\/\"},{\"@type\":\"ListItem\",\"position\":2,\"name\":\"Office 365\"}]},{\"@type\":\"WebSite\",\"@id\":\"https:\\\/\\\/blogit.gradia.fi\\\/digipalvelut\\\/#website\",\"url\":\"https:\\\/\\\/blogit.gradia.fi\\\/digipalvelut\\\/\",\"name\":\"Gradia Digipalvelut\",\"description\":\"Astetta enemm\u00e4n digi\u00e4\",\"publisher\":{\"@id\":\"https:\\\/\\\/blogit.gradia.fi\\\/digipalvelut\\\/#organization\"},\"potentialAction\":[{\"@type\":\"SearchAction\",\"target\":{\"@type\":\"EntryPoint\",\"urlTemplate\":\"https:\\\/\\\/blogit.gradia.fi\\\/digipalvelut\\\/?s={search_term_string}\"},\"query-input\":{\"@type\":\"PropertyValueSpecification\",\"valueRequired\":true,\"valueName\":\"search_term_string\"}}],\"inLanguage\":\"fi\"},{\"@type\":\"Organization\",\"@id\":\"https:\\\/\\\/blogit.gradia.fi\\\/digipalvelut\\\/#organization\",\"name\":\"Gradia Digipalvelut\",\"url\":\"https:\\\/\\\/blogit.gradia.fi\\\/digipalvelut\\\/\",\"logo\":{\"@type\":\"ImageObject\",\"inLanguage\":\"fi\",\"@id\":\"https:\\\/\\\/blogit.gradia.fi\\\/digipalvelut\\\/#\\\/schema\\\/logo\\\/image\\\/\",\"url\":\"https:\\\/\\\/blogit.gradia.fi\\\/digipalvelut\\\/wp-content\\\/uploads\\\/sites\\\/99\\\/2019\\\/06\\\/cropped-Gradia_logo_Cyber_TRANSPARENT.png\",\"contentUrl\":\"https:\\\/\\\/blogit.gradia.fi\\\/digipalvelut\\\/wp-content\\\/uploads\\\/sites\\\/99\\\/2019\\\/06\\\/cropped-Gradia_logo_Cyber_TRANSPARENT.png\",\"width\":316,\"height\":382,\"caption\":\"Gradia Digipalvelut\"},\"image\":{\"@id\":\"https:\\\/\\\/blogit.gradia.fi\\\/digipalvelut\\\/#\\\/schema\\\/logo\\\/image\\\/\"}}]}<\/script>\n<!-- \/ Yoast SEO plugin. -->","yoast_head_json":{"title":"Office 365 - Gradia Digipalvelut","robots":{"index":"index","follow":"follow","max-snippet":"max-snippet:-1","max-image-preview":"max-image-preview:large","max-video-preview":"max-video-preview:-1"},"canonical":"https:\/\/blogit.gradia.fi\/digipalvelut\/ohjeita-ja-vinkkeja\/office-365\/","og_locale":"fi_FI","og_type":"article","og_title":"Office 365 - Gradia Digipalvelut","og_description":"T\u00e4m\u00e4n sivuston alle ker\u00e4t\u00e4\u00e4n ohjeita ja vinkkej\u00e4 Office 365-kokonaisuuden k\u00e4ytt\u00f6\u00f6n. Kommentoi ja anna vinkkej\u00e4, kuinka itse hy\u00f6dynn\u00e4t n\u00e4it\u00e4 sovelluksia opetuksessasi! Outlook Office-ty\u00f6kalut Office-paketin lataaminen omalle koneelle Tallenne PowerPointilla Microsoftin vinkit PowerPointin k\u00e4ytt\u00f6\u00f6nMicrosoftin vinkit Excelin k\u00e4ytt\u00f6\u00f6n Sharepoint OneDrive Tiedostojen jakaminen Skannaa k\u00e4nnyk\u00e4ll\u00e4si Teams Teams-n\u00e4kym\u00e4n vaihtaminenTeams &#8211; luokkatiimi ja teht\u00e4v\u00e4t Microsoftin vinkit [&hellip;]","og_url":"https:\/\/blogit.gradia.fi\/digipalvelut\/ohjeita-ja-vinkkeja\/office-365\/","og_site_name":"Gradia Digipalvelut","article_modified_time":"2020-04-29T07:46:00+00:00","og_image":[{"url":"https:\/\/blogit.gradia.fi\/digipalvelut\/wp-content\/uploads\/sites\/99\/2019\/06\/kamera2.png","type":"","width":"","height":""}],"twitter_card":"summary_large_image","schema":{"@context":"https:\/\/schema.org","@graph":[{"@type":"WebPage","@id":"https:\/\/blogit.gradia.fi\/digipalvelut\/ohjeita-ja-vinkkeja\/office-365\/","url":"https:\/\/blogit.gradia.fi\/digipalvelut\/ohjeita-ja-vinkkeja\/office-365\/","name":"Office 365 - Gradia Digipalvelut","isPartOf":{"@id":"https:\/\/blogit.gradia.fi\/digipalvelut\/#website"},"primaryImageOfPage":{"@id":"https:\/\/blogit.gradia.fi\/digipalvelut\/ohjeita-ja-vinkkeja\/office-365\/#primaryimage"},"image":{"@id":"https:\/\/blogit.gradia.fi\/digipalvelut\/ohjeita-ja-vinkkeja\/office-365\/#primaryimage"},"thumbnailUrl":"https:\/\/blogit.gradia.fi\/digipalvelut\/wp-content\/uploads\/sites\/99\/2019\/06\/kamera2.png","datePublished":"2019-02-12T11:43:02+00:00","dateModified":"2020-04-29T07:46:00+00:00","breadcrumb":{"@id":"https:\/\/blogit.gradia.fi\/digipalvelut\/ohjeita-ja-vinkkeja\/office-365\/#breadcrumb"},"inLanguage":"fi","potentialAction":[{"@type":"ReadAction","target":["https:\/\/blogit.gradia.fi\/digipalvelut\/ohjeita-ja-vinkkeja\/office-365\/"]}]},{"@type":"ImageObject","inLanguage":"fi","@id":"https:\/\/blogit.gradia.fi\/digipalvelut\/ohjeita-ja-vinkkeja\/office-365\/#primaryimage","url":"https:\/\/blogit.gradia.fi\/digipalvelut\/wp-content\/uploads\/sites\/99\/2019\/06\/kamera2.png","contentUrl":"https:\/\/blogit.gradia.fi\/digipalvelut\/wp-content\/uploads\/sites\/99\/2019\/06\/kamera2.png","width":1200,"height":1200,"caption":"Sis\u00e4lt\u00e4\u00e4 videokuvaa"},{"@type":"BreadcrumbList","@id":"https:\/\/blogit.gradia.fi\/digipalvelut\/ohjeita-ja-vinkkeja\/office-365\/#breadcrumb","itemListElement":[{"@type":"ListItem","position":1,"name":"Ohjeita ja vinkkej\u00e4","item":"https:\/\/blogit.gradia.fi\/digipalvelut\/ohjeita-ja-vinkkeja\/"},{"@type":"ListItem","position":2,"name":"Office 365"}]},{"@type":"WebSite","@id":"https:\/\/blogit.gradia.fi\/digipalvelut\/#website","url":"https:\/\/blogit.gradia.fi\/digipalvelut\/","name":"Gradia Digipalvelut","description":"Astetta enemm\u00e4n digi\u00e4","publisher":{"@id":"https:\/\/blogit.gradia.fi\/digipalvelut\/#organization"},"potentialAction":[{"@type":"SearchAction","target":{"@type":"EntryPoint","urlTemplate":"https:\/\/blogit.gradia.fi\/digipalvelut\/?s={search_term_string}"},"query-input":{"@type":"PropertyValueSpecification","valueRequired":true,"valueName":"search_term_string"}}],"inLanguage":"fi"},{"@type":"Organization","@id":"https:\/\/blogit.gradia.fi\/digipalvelut\/#organization","name":"Gradia Digipalvelut","url":"https:\/\/blogit.gradia.fi\/digipalvelut\/","logo":{"@type":"ImageObject","inLanguage":"fi","@id":"https:\/\/blogit.gradia.fi\/digipalvelut\/#\/schema\/logo\/image\/","url":"https:\/\/blogit.gradia.fi\/digipalvelut\/wp-content\/uploads\/sites\/99\/2019\/06\/cropped-Gradia_logo_Cyber_TRANSPARENT.png","contentUrl":"https:\/\/blogit.gradia.fi\/digipalvelut\/wp-content\/uploads\/sites\/99\/2019\/06\/cropped-Gradia_logo_Cyber_TRANSPARENT.png","width":316,"height":382,"caption":"Gradia Digipalvelut"},"image":{"@id":"https:\/\/blogit.gradia.fi\/digipalvelut\/#\/schema\/logo\/image\/"}}]}},"uagb_featured_image_src":{"full":false,"thumbnail":false,"medium":false,"medium_large":false,"large":false,"1536x1536":false,"2048x2048":false,"hestia-blog":false},"uagb_author_info":{"display_name":"Merja Hakanen","author_link":"https:\/\/blogit.gradia.fi\/digipalvelut\/author\/hakanmer\/"},"uagb_comment_info":0,"uagb_excerpt":"T\u00e4m\u00e4n sivuston alle ker\u00e4t\u00e4\u00e4n ohjeita ja vinkkej\u00e4 Office 365-kokonaisuuden k\u00e4ytt\u00f6\u00f6n. Kommentoi ja anna vinkkej\u00e4, kuinka itse hy\u00f6dynn\u00e4t n\u00e4it\u00e4 sovelluksia opetuksessasi! Outlook Office-ty\u00f6kalut Office-paketin lataaminen omalle koneelle Tallenne PowerPointilla Microsoftin vinkit PowerPointin k\u00e4ytt\u00f6\u00f6nMicrosoftin vinkit Excelin k\u00e4ytt\u00f6\u00f6n Sharepoint OneDrive Tiedostojen jakaminen Skannaa k\u00e4nnyk\u00e4ll\u00e4si Teams Teams-n\u00e4kym\u00e4n vaihtaminenTeams &#8211; luokkatiimi ja teht\u00e4v\u00e4t Microsoftin vinkit [&hellip;]","_links":{"self":[{"href":"https:\/\/blogit.gradia.fi\/digipalvelut\/wp-json\/wp\/v2\/pages\/73","targetHints":{"allow":["GET"]}}],"collection":[{"href":"https:\/\/blogit.gradia.fi\/digipalvelut\/wp-json\/wp\/v2\/pages"}],"about":[{"href":"https:\/\/blogit.gradia.fi\/digipalvelut\/wp-json\/wp\/v2\/types\/page"}],"author":[{"embeddable":true,"href":"https:\/\/blogit.gradia.fi\/digipalvelut\/wp-json\/wp\/v2\/users\/421"}],"replies":[{"embeddable":true,"href":"https:\/\/blogit.gradia.fi\/digipalvelut\/wp-json\/wp\/v2\/comments?post=73"}],"version-history":[{"count":18,"href":"https:\/\/blogit.gradia.fi\/digipalvelut\/wp-json\/wp\/v2\/pages\/73\/revisions"}],"predecessor-version":[{"id":2491,"href":"https:\/\/blogit.gradia.fi\/digipalvelut\/wp-json\/wp\/v2\/pages\/73\/revisions\/2491"}],"up":[{"embeddable":true,"href":"https:\/\/blogit.gradia.fi\/digipalvelut\/wp-json\/wp\/v2\/pages\/37"}],"wp:attachment":[{"href":"https:\/\/blogit.gradia.fi\/digipalvelut\/wp-json\/wp\/v2\/media?parent=73"}],"curies":[{"name":"wp","href":"https:\/\/api.w.org\/{rel}","templated":true}]}}