{"id":724,"date":"2019-07-04T15:11:15","date_gmt":"2019-07-04T12:11:15","guid":{"rendered":"https:\/\/blogit.gradia.fi\/digipalvelut\/?page_id=724"},"modified":"2019-07-04T15:11:16","modified_gmt":"2019-07-04T12:11:16","slug":"viestit-ja-ilmoitukset","status":"publish","type":"page","link":"https:\/\/blogit.gradia.fi\/digipalvelut\/ohjeita-ja-vinkkeja\/moodle\/viestit-ja-ilmoitukset\/","title":{"rendered":"Viestit ja ilmoitukset"},"content":{"rendered":"\n<p>Moodle-ymp\u00e4rist\u00f6ss\u00e4 tulee ilmoituksia mm. tilatuista keskusteluista, annetuista palautteista sek\u00e4 arvioitavista teht\u00e4vist\u00e4.\u00a0\u00a0Saapuneet ilmoitukset n\u00e4kyv\u00e4t kello-symbolin kohdalla. <\/p>\n\n\n\n<figure class=\"wp-block-image\"><img decoding=\"async\" width=\"353\" height=\"63\" src=\"https:\/\/blogit.gradia.fi\/digipalvelut\/wp-content\/uploads\/sites\/99\/2019\/07\/image-6.jpeg\" alt=\"\" class=\"wp-image-725\" srcset=\"https:\/\/blogit.gradia.fi\/digipalvelut\/wp-content\/uploads\/sites\/99\/2019\/07\/image-6.jpeg 353w, https:\/\/blogit.gradia.fi\/digipalvelut\/wp-content\/uploads\/sites\/99\/2019\/07\/image-6-300x54.jpeg 300w\" sizes=\"(max-width: 353px) 100vw, 353px\" \/><\/figure>\n\n\n\n<h2 class=\"wp-block-heading\">Viestit<\/h2>\n\n\n\n<p>K\u00e4ytt\u00e4j\u00e4n on mahdollista viestitell\u00e4 pikaviestien avulla kirjautuneiden Moodle \u2013k\u00e4ytt\u00e4jien kanssa.&nbsp;&nbsp;<\/p>\n\n\n\n<p>Klikkaamalla yl\u00e4palkissa viestit \u2013ikonia (puhekupla) voit muokata viesteihin liittyvi\u00e4 asetuksia. Halutessasi voit tilata viesteist\u00e4 s\u00e4hk\u00f6postin\u00a0Gradian\u00a0s\u00e4hk\u00f6postiosoitteeseesi.\u00a0<\/p>\n\n\n\n<h2 class=\"wp-block-heading\">Viestien l\u00e4hett\u00e4minen<\/h2>\n\n\n\n<p>L\u00e4het\u00e4 henkil\u00f6kohtainen viesti toiselle&nbsp;Gradian&nbsp;Moodle k\u00e4ytt\u00e4j\u00e4lle klikkaamalla puhekupla-ikonia. Valitse Uusi viesti. Etsi oikea henkil\u00f6 kontaktilistalta. Kirjoita viesti ikkunan alalaidassa olevaan kentt\u00e4\u00e4n. N\u00e4et isossa ikkunassa k\u00e4ydyn keskustelun.&nbsp;&nbsp;<\/p>\n\n\n\n<figure class=\"wp-block-image\"><img decoding=\"async\" width=\"230\" height=\"70\" src=\"https:\/\/blogit.gradia.fi\/digipalvelut\/wp-content\/uploads\/sites\/99\/2019\/07\/image-28.png\" alt=\"\" class=\"wp-image-726\" \/><\/figure>\n\n\n\n<figure class=\"wp-block-image is-resized\"><img fetchpriority=\"high\" decoding=\"async\" src=\"https:\/\/blogit.gradia.fi\/digipalvelut\/wp-content\/uploads\/sites\/99\/2019\/07\/image-29-1024x519.png\" alt=\"\" class=\"wp-image-727\" width=\"768\" height=\"389\" srcset=\"https:\/\/blogit.gradia.fi\/digipalvelut\/wp-content\/uploads\/sites\/99\/2019\/07\/image-29.png 1024w, https:\/\/blogit.gradia.fi\/digipalvelut\/wp-content\/uploads\/sites\/99\/2019\/07\/image-29-300x152.png 300w, https:\/\/blogit.gradia.fi\/digipalvelut\/wp-content\/uploads\/sites\/99\/2019\/07\/image-29-768x389.png 768w, https:\/\/blogit.gradia.fi\/digipalvelut\/wp-content\/uploads\/sites\/99\/2019\/07\/image-29-620x314.png 620w\" sizes=\"(max-width: 768px) 100vw, 768px\" \/><\/figure>\n","protected":false},"excerpt":{"rendered":"<p>Moodle-ymp\u00e4rist\u00f6ss\u00e4 tulee ilmoituksia mm. tilatuista keskusteluista, annetuista palautteista sek\u00e4 arvioitavista teht\u00e4vist\u00e4.\u00a0\u00a0Saapuneet ilmoitukset n\u00e4kyv\u00e4t kello-symbolin kohdalla. Viestit K\u00e4ytt\u00e4j\u00e4n on mahdollista viestitell\u00e4 pikaviestien avulla kirjautuneiden Moodle \u2013k\u00e4ytt\u00e4jien kanssa.&nbsp;&nbsp; Klikkaamalla yl\u00e4palkissa viestit \u2013ikonia (puhekupla) voit muokata viesteihin liittyvi\u00e4 asetuksia. Halutessasi voit tilata viesteist\u00e4 s\u00e4hk\u00f6postin\u00a0Gradian\u00a0s\u00e4hk\u00f6postiosoitteeseesi.\u00a0 Viestien l\u00e4hett\u00e4minen L\u00e4het\u00e4 henkil\u00f6kohtainen viesti toiselle&nbsp;Gradian&nbsp;Moodle k\u00e4ytt\u00e4j\u00e4lle klikkaamalla puhekupla-ikonia. [&hellip;]<\/p>\n","protected":false},"author":421,"featured_media":0,"parent":76,"menu_order":0,"comment_status":"closed","ping_status":"closed","template":"","meta":{"_uag_custom_page_level_css":"","footnotes":""},"class_list":["post-724","page","type-page","status-publish","hentry"],"yoast_head":"<!-- This site is optimized with the Yoast SEO plugin v27.4 - https:\/\/yoast.com\/product\/yoast-seo-wordpress\/ -->\n<title>Viestit ja ilmoitukset - Gradia Digipalvelut<\/title>\n<meta name=\"robots\" content=\"index, follow, max-snippet:-1, max-image-preview:large, max-video-preview:-1\" \/>\n<link rel=\"canonical\" href=\"https:\/\/blogit.gradia.fi\/digipalvelut\/ohjeita-ja-vinkkeja\/moodle\/viestit-ja-ilmoitukset\/\" \/>\n<meta property=\"og:locale\" content=\"fi_FI\" \/>\n<meta property=\"og:type\" content=\"article\" \/>\n<meta property=\"og:title\" content=\"Viestit ja ilmoitukset - Gradia Digipalvelut\" \/>\n<meta property=\"og:description\" content=\"Moodle-ymp\u00e4rist\u00f6ss\u00e4 tulee ilmoituksia mm. tilatuista keskusteluista, annetuista palautteista sek\u00e4 arvioitavista teht\u00e4vist\u00e4.\u00a0\u00a0Saapuneet ilmoitukset n\u00e4kyv\u00e4t kello-symbolin kohdalla. Viestit K\u00e4ytt\u00e4j\u00e4n on mahdollista viestitell\u00e4 pikaviestien avulla kirjautuneiden Moodle \u2013k\u00e4ytt\u00e4jien kanssa.&nbsp;&nbsp; Klikkaamalla yl\u00e4palkissa viestit \u2013ikonia (puhekupla) voit muokata viesteihin liittyvi\u00e4 asetuksia. Halutessasi voit tilata viesteist\u00e4 s\u00e4hk\u00f6postin\u00a0Gradian\u00a0s\u00e4hk\u00f6postiosoitteeseesi.\u00a0 Viestien l\u00e4hett\u00e4minen L\u00e4het\u00e4 henkil\u00f6kohtainen viesti toiselle&nbsp;Gradian&nbsp;Moodle k\u00e4ytt\u00e4j\u00e4lle klikkaamalla puhekupla-ikonia. [&hellip;]\" \/>\n<meta property=\"og:url\" content=\"https:\/\/blogit.gradia.fi\/digipalvelut\/ohjeita-ja-vinkkeja\/moodle\/viestit-ja-ilmoitukset\/\" \/>\n<meta property=\"og:site_name\" content=\"Gradia Digipalvelut\" \/>\n<meta property=\"article:modified_time\" content=\"2019-07-04T12:11:16+00:00\" \/>\n<meta property=\"og:image\" content=\"https:\/\/blogit.gradia.fi\/digipalvelut\/wp-content\/uploads\/sites\/99\/2019\/07\/image-6.jpeg\" \/>\n<meta name=\"twitter:card\" content=\"summary_large_image\" \/>\n<meta name=\"twitter:label1\" content=\"Arvioitu lukuaika\" \/>\n\t<meta name=\"twitter:data1\" content=\"1 minuutti\" \/>\n<script type=\"application\/ld+json\" class=\"yoast-schema-graph\">{\"@context\":\"https:\\\/\\\/schema.org\",\"@graph\":[{\"@type\":\"WebPage\",\"@id\":\"https:\\\/\\\/blogit.gradia.fi\\\/digipalvelut\\\/ohjeita-ja-vinkkeja\\\/moodle\\\/viestit-ja-ilmoitukset\\\/\",\"url\":\"https:\\\/\\\/blogit.gradia.fi\\\/digipalvelut\\\/ohjeita-ja-vinkkeja\\\/moodle\\\/viestit-ja-ilmoitukset\\\/\",\"name\":\"Viestit ja ilmoitukset - Gradia Digipalvelut\",\"isPartOf\":{\"@id\":\"https:\\\/\\\/blogit.gradia.fi\\\/digipalvelut\\\/#website\"},\"primaryImageOfPage\":{\"@id\":\"https:\\\/\\\/blogit.gradia.fi\\\/digipalvelut\\\/ohjeita-ja-vinkkeja\\\/moodle\\\/viestit-ja-ilmoitukset\\\/#primaryimage\"},\"image\":{\"@id\":\"https:\\\/\\\/blogit.gradia.fi\\\/digipalvelut\\\/ohjeita-ja-vinkkeja\\\/moodle\\\/viestit-ja-ilmoitukset\\\/#primaryimage\"},\"thumbnailUrl\":\"https:\\\/\\\/blogit.gradia.fi\\\/digipalvelut\\\/wp-content\\\/uploads\\\/sites\\\/99\\\/2019\\\/07\\\/image-6.jpeg\",\"datePublished\":\"2019-07-04T12:11:15+00:00\",\"dateModified\":\"2019-07-04T12:11:16+00:00\",\"breadcrumb\":{\"@id\":\"https:\\\/\\\/blogit.gradia.fi\\\/digipalvelut\\\/ohjeita-ja-vinkkeja\\\/moodle\\\/viestit-ja-ilmoitukset\\\/#breadcrumb\"},\"inLanguage\":\"fi\",\"potentialAction\":[{\"@type\":\"ReadAction\",\"target\":[\"https:\\\/\\\/blogit.gradia.fi\\\/digipalvelut\\\/ohjeita-ja-vinkkeja\\\/moodle\\\/viestit-ja-ilmoitukset\\\/\"]}]},{\"@type\":\"ImageObject\",\"inLanguage\":\"fi\",\"@id\":\"https:\\\/\\\/blogit.gradia.fi\\\/digipalvelut\\\/ohjeita-ja-vinkkeja\\\/moodle\\\/viestit-ja-ilmoitukset\\\/#primaryimage\",\"url\":\"https:\\\/\\\/blogit.gradia.fi\\\/digipalvelut\\\/wp-content\\\/uploads\\\/sites\\\/99\\\/2019\\\/07\\\/image-6.jpeg\",\"contentUrl\":\"https:\\\/\\\/blogit.gradia.fi\\\/digipalvelut\\\/wp-content\\\/uploads\\\/sites\\\/99\\\/2019\\\/07\\\/image-6.jpeg\",\"width\":353,\"height\":63},{\"@type\":\"BreadcrumbList\",\"@id\":\"https:\\\/\\\/blogit.gradia.fi\\\/digipalvelut\\\/ohjeita-ja-vinkkeja\\\/moodle\\\/viestit-ja-ilmoitukset\\\/#breadcrumb\",\"itemListElement\":[{\"@type\":\"ListItem\",\"position\":1,\"name\":\"Ohjeita ja vinkkej\u00e4\",\"item\":\"https:\\\/\\\/blogit.gradia.fi\\\/digipalvelut\\\/ohjeita-ja-vinkkeja\\\/\"},{\"@type\":\"ListItem\",\"position\":2,\"name\":\"Moodle\",\"item\":\"https:\\\/\\\/blogit.gradia.fi\\\/digipalvelut\\\/ohjeita-ja-vinkkeja\\\/moodle\\\/\"},{\"@type\":\"ListItem\",\"position\":3,\"name\":\"Viestit ja ilmoitukset\"}]},{\"@type\":\"WebSite\",\"@id\":\"https:\\\/\\\/blogit.gradia.fi\\\/digipalvelut\\\/#website\",\"url\":\"https:\\\/\\\/blogit.gradia.fi\\\/digipalvelut\\\/\",\"name\":\"Gradia Digipalvelut\",\"description\":\"Astetta enemm\u00e4n digi\u00e4\",\"publisher\":{\"@id\":\"https:\\\/\\\/blogit.gradia.fi\\\/digipalvelut\\\/#organization\"},\"potentialAction\":[{\"@type\":\"SearchAction\",\"target\":{\"@type\":\"EntryPoint\",\"urlTemplate\":\"https:\\\/\\\/blogit.gradia.fi\\\/digipalvelut\\\/?s={search_term_string}\"},\"query-input\":{\"@type\":\"PropertyValueSpecification\",\"valueRequired\":true,\"valueName\":\"search_term_string\"}}],\"inLanguage\":\"fi\"},{\"@type\":\"Organization\",\"@id\":\"https:\\\/\\\/blogit.gradia.fi\\\/digipalvelut\\\/#organization\",\"name\":\"Gradia Digipalvelut\",\"url\":\"https:\\\/\\\/blogit.gradia.fi\\\/digipalvelut\\\/\",\"logo\":{\"@type\":\"ImageObject\",\"inLanguage\":\"fi\",\"@id\":\"https:\\\/\\\/blogit.gradia.fi\\\/digipalvelut\\\/#\\\/schema\\\/logo\\\/image\\\/\",\"url\":\"https:\\\/\\\/blogit.gradia.fi\\\/digipalvelut\\\/wp-content\\\/uploads\\\/sites\\\/99\\\/2019\\\/06\\\/cropped-Gradia_logo_Cyber_TRANSPARENT.png\",\"contentUrl\":\"https:\\\/\\\/blogit.gradia.fi\\\/digipalvelut\\\/wp-content\\\/uploads\\\/sites\\\/99\\\/2019\\\/06\\\/cropped-Gradia_logo_Cyber_TRANSPARENT.png\",\"width\":316,\"height\":382,\"caption\":\"Gradia Digipalvelut\"},\"image\":{\"@id\":\"https:\\\/\\\/blogit.gradia.fi\\\/digipalvelut\\\/#\\\/schema\\\/logo\\\/image\\\/\"}}]}<\/script>\n<!-- \/ Yoast SEO plugin. -->","yoast_head_json":{"title":"Viestit ja ilmoitukset - Gradia Digipalvelut","robots":{"index":"index","follow":"follow","max-snippet":"max-snippet:-1","max-image-preview":"max-image-preview:large","max-video-preview":"max-video-preview:-1"},"canonical":"https:\/\/blogit.gradia.fi\/digipalvelut\/ohjeita-ja-vinkkeja\/moodle\/viestit-ja-ilmoitukset\/","og_locale":"fi_FI","og_type":"article","og_title":"Viestit ja ilmoitukset - Gradia Digipalvelut","og_description":"Moodle-ymp\u00e4rist\u00f6ss\u00e4 tulee ilmoituksia mm. tilatuista keskusteluista, annetuista palautteista sek\u00e4 arvioitavista teht\u00e4vist\u00e4.\u00a0\u00a0Saapuneet ilmoitukset n\u00e4kyv\u00e4t kello-symbolin kohdalla. Viestit K\u00e4ytt\u00e4j\u00e4n on mahdollista viestitell\u00e4 pikaviestien avulla kirjautuneiden Moodle \u2013k\u00e4ytt\u00e4jien kanssa.&nbsp;&nbsp; Klikkaamalla yl\u00e4palkissa viestit \u2013ikonia (puhekupla) voit muokata viesteihin liittyvi\u00e4 asetuksia. Halutessasi voit tilata viesteist\u00e4 s\u00e4hk\u00f6postin\u00a0Gradian\u00a0s\u00e4hk\u00f6postiosoitteeseesi.\u00a0 Viestien l\u00e4hett\u00e4minen L\u00e4het\u00e4 henkil\u00f6kohtainen viesti toiselle&nbsp;Gradian&nbsp;Moodle k\u00e4ytt\u00e4j\u00e4lle klikkaamalla puhekupla-ikonia. [&hellip;]","og_url":"https:\/\/blogit.gradia.fi\/digipalvelut\/ohjeita-ja-vinkkeja\/moodle\/viestit-ja-ilmoitukset\/","og_site_name":"Gradia Digipalvelut","article_modified_time":"2019-07-04T12:11:16+00:00","og_image":[{"url":"https:\/\/blogit.gradia.fi\/digipalvelut\/wp-content\/uploads\/sites\/99\/2019\/07\/image-6.jpeg","type":"","width":"","height":""}],"twitter_card":"summary_large_image","twitter_misc":{"Arvioitu lukuaika":"1 minuutti"},"schema":{"@context":"https:\/\/schema.org","@graph":[{"@type":"WebPage","@id":"https:\/\/blogit.gradia.fi\/digipalvelut\/ohjeita-ja-vinkkeja\/moodle\/viestit-ja-ilmoitukset\/","url":"https:\/\/blogit.gradia.fi\/digipalvelut\/ohjeita-ja-vinkkeja\/moodle\/viestit-ja-ilmoitukset\/","name":"Viestit ja ilmoitukset - Gradia Digipalvelut","isPartOf":{"@id":"https:\/\/blogit.gradia.fi\/digipalvelut\/#website"},"primaryImageOfPage":{"@id":"https:\/\/blogit.gradia.fi\/digipalvelut\/ohjeita-ja-vinkkeja\/moodle\/viestit-ja-ilmoitukset\/#primaryimage"},"image":{"@id":"https:\/\/blogit.gradia.fi\/digipalvelut\/ohjeita-ja-vinkkeja\/moodle\/viestit-ja-ilmoitukset\/#primaryimage"},"thumbnailUrl":"https:\/\/blogit.gradia.fi\/digipalvelut\/wp-content\/uploads\/sites\/99\/2019\/07\/image-6.jpeg","datePublished":"2019-07-04T12:11:15+00:00","dateModified":"2019-07-04T12:11:16+00:00","breadcrumb":{"@id":"https:\/\/blogit.gradia.fi\/digipalvelut\/ohjeita-ja-vinkkeja\/moodle\/viestit-ja-ilmoitukset\/#breadcrumb"},"inLanguage":"fi","potentialAction":[{"@type":"ReadAction","target":["https:\/\/blogit.gradia.fi\/digipalvelut\/ohjeita-ja-vinkkeja\/moodle\/viestit-ja-ilmoitukset\/"]}]},{"@type":"ImageObject","inLanguage":"fi","@id":"https:\/\/blogit.gradia.fi\/digipalvelut\/ohjeita-ja-vinkkeja\/moodle\/viestit-ja-ilmoitukset\/#primaryimage","url":"https:\/\/blogit.gradia.fi\/digipalvelut\/wp-content\/uploads\/sites\/99\/2019\/07\/image-6.jpeg","contentUrl":"https:\/\/blogit.gradia.fi\/digipalvelut\/wp-content\/uploads\/sites\/99\/2019\/07\/image-6.jpeg","width":353,"height":63},{"@type":"BreadcrumbList","@id":"https:\/\/blogit.gradia.fi\/digipalvelut\/ohjeita-ja-vinkkeja\/moodle\/viestit-ja-ilmoitukset\/#breadcrumb","itemListElement":[{"@type":"ListItem","position":1,"name":"Ohjeita ja vinkkej\u00e4","item":"https:\/\/blogit.gradia.fi\/digipalvelut\/ohjeita-ja-vinkkeja\/"},{"@type":"ListItem","position":2,"name":"Moodle","item":"https:\/\/blogit.gradia.fi\/digipalvelut\/ohjeita-ja-vinkkeja\/moodle\/"},{"@type":"ListItem","position":3,"name":"Viestit ja ilmoitukset"}]},{"@type":"WebSite","@id":"https:\/\/blogit.gradia.fi\/digipalvelut\/#website","url":"https:\/\/blogit.gradia.fi\/digipalvelut\/","name":"Gradia Digipalvelut","description":"Astetta enemm\u00e4n digi\u00e4","publisher":{"@id":"https:\/\/blogit.gradia.fi\/digipalvelut\/#organization"},"potentialAction":[{"@type":"SearchAction","target":{"@type":"EntryPoint","urlTemplate":"https:\/\/blogit.gradia.fi\/digipalvelut\/?s={search_term_string}"},"query-input":{"@type":"PropertyValueSpecification","valueRequired":true,"valueName":"search_term_string"}}],"inLanguage":"fi"},{"@type":"Organization","@id":"https:\/\/blogit.gradia.fi\/digipalvelut\/#organization","name":"Gradia Digipalvelut","url":"https:\/\/blogit.gradia.fi\/digipalvelut\/","logo":{"@type":"ImageObject","inLanguage":"fi","@id":"https:\/\/blogit.gradia.fi\/digipalvelut\/#\/schema\/logo\/image\/","url":"https:\/\/blogit.gradia.fi\/digipalvelut\/wp-content\/uploads\/sites\/99\/2019\/06\/cropped-Gradia_logo_Cyber_TRANSPARENT.png","contentUrl":"https:\/\/blogit.gradia.fi\/digipalvelut\/wp-content\/uploads\/sites\/99\/2019\/06\/cropped-Gradia_logo_Cyber_TRANSPARENT.png","width":316,"height":382,"caption":"Gradia Digipalvelut"},"image":{"@id":"https:\/\/blogit.gradia.fi\/digipalvelut\/#\/schema\/logo\/image\/"}}]}},"uagb_featured_image_src":{"full":false,"thumbnail":false,"medium":false,"medium_large":false,"large":false,"1536x1536":false,"2048x2048":false,"hestia-blog":false},"uagb_author_info":{"display_name":"Merja Hakanen","author_link":"https:\/\/blogit.gradia.fi\/digipalvelut\/author\/hakanmer\/"},"uagb_comment_info":0,"uagb_excerpt":"Moodle-ymp\u00e4rist\u00f6ss\u00e4 tulee ilmoituksia mm. tilatuista keskusteluista, annetuista palautteista sek\u00e4 arvioitavista teht\u00e4vist\u00e4.\u00a0\u00a0Saapuneet ilmoitukset n\u00e4kyv\u00e4t kello-symbolin kohdalla. Viestit K\u00e4ytt\u00e4j\u00e4n on mahdollista viestitell\u00e4 pikaviestien avulla kirjautuneiden Moodle \u2013k\u00e4ytt\u00e4jien kanssa.&nbsp;&nbsp; Klikkaamalla yl\u00e4palkissa viestit \u2013ikonia (puhekupla) voit muokata viesteihin liittyvi\u00e4 asetuksia. Halutessasi voit tilata viesteist\u00e4 s\u00e4hk\u00f6postin\u00a0Gradian\u00a0s\u00e4hk\u00f6postiosoitteeseesi.\u00a0 Viestien l\u00e4hett\u00e4minen L\u00e4het\u00e4 henkil\u00f6kohtainen viesti toiselle&nbsp;Gradian&nbsp;Moodle k\u00e4ytt\u00e4j\u00e4lle klikkaamalla puhekupla-ikonia. [&hellip;]","_links":{"self":[{"href":"https:\/\/blogit.gradia.fi\/digipalvelut\/wp-json\/wp\/v2\/pages\/724","targetHints":{"allow":["GET"]}}],"collection":[{"href":"https:\/\/blogit.gradia.fi\/digipalvelut\/wp-json\/wp\/v2\/pages"}],"about":[{"href":"https:\/\/blogit.gradia.fi\/digipalvelut\/wp-json\/wp\/v2\/types\/page"}],"author":[{"embeddable":true,"href":"https:\/\/blogit.gradia.fi\/digipalvelut\/wp-json\/wp\/v2\/users\/421"}],"replies":[{"embeddable":true,"href":"https:\/\/blogit.gradia.fi\/digipalvelut\/wp-json\/wp\/v2\/comments?post=724"}],"version-history":[{"count":1,"href":"https:\/\/blogit.gradia.fi\/digipalvelut\/wp-json\/wp\/v2\/pages\/724\/revisions"}],"predecessor-version":[{"id":728,"href":"https:\/\/blogit.gradia.fi\/digipalvelut\/wp-json\/wp\/v2\/pages\/724\/revisions\/728"}],"up":[{"embeddable":true,"href":"https:\/\/blogit.gradia.fi\/digipalvelut\/wp-json\/wp\/v2\/pages\/76"}],"wp:attachment":[{"href":"https:\/\/blogit.gradia.fi\/digipalvelut\/wp-json\/wp\/v2\/media?parent=724"}],"curies":[{"name":"wp","href":"https:\/\/api.w.org\/{rel}","templated":true}]}}