{"id":710,"date":"2019-07-04T14:44:32","date_gmt":"2019-07-04T11:44:32","guid":{"rendered":"https:\/\/blogit.gradia.fi\/digipalvelut\/?page_id=710"},"modified":"2020-08-12T13:16:10","modified_gmt":"2020-08-12T10:16:10","slug":"kurssi-ja-ryhmaavaimen-luominen","status":"publish","type":"page","link":"https:\/\/blogit.gradia.fi\/digipalvelut\/ohjeita-ja-vinkkeja\/moodle\/kurssi-ja-ryhmaavaimen-luominen\/","title":{"rendered":"Kurssi- ja ryhm\u00e4avaimen luominen"},"content":{"rendered":"\n<p><a href=\"#kurssiavain\">Kurssiavaimen luominen<\/a><br><a href=\"#ryhm\u00e4avain\">Ryhm\u00e4avaimen luominen<\/a><\/p>\n\n\n\n<h2 class=\"wp-block-heading\" id=\"kurssiavain\">Kurssiavaimen luominen<\/h2>\n\n\n\n<p>Opiskelijat rekister\u00f6ityv\u00e4t kursseille itse opettajalta saamansa kurssiavaimen ja linkin avulla. Huomioi, ett\u00e4 mik\u00e4li et laita kurssillesi kurssiavainta ja avaat kurssin hallintaty\u00f6kaluista, on kurssisi avoin kaikille Moodlessa liikkuville. <\/p>\n\n\n\n<div class=\"wp-block-columns has-2-columns is-layout-flex wp-container-core-columns-is-layout-28f84493 wp-block-columns-is-layout-flex\">\n<div class=\"wp-block-column is-layout-flow wp-block-column-is-layout-flow\">\n<figure class=\"wp-block-image\"><img fetchpriority=\"high\" decoding=\"async\" width=\"236\" height=\"406\" src=\"https:\/\/blogit.gradia.fi\/digipalvelut\/wp-content\/uploads\/sites\/99\/2019\/07\/Hallintaty\u00f6kalut3-1.png\" alt=\"\" class=\"wp-image-712\" srcset=\"https:\/\/blogit.gradia.fi\/digipalvelut\/wp-content\/uploads\/sites\/99\/2019\/07\/Hallintaty\u00f6kalut3-1.png 236w, https:\/\/blogit.gradia.fi\/digipalvelut\/wp-content\/uploads\/sites\/99\/2019\/07\/Hallintaty\u00f6kalut3-1-174x300.png 174w\" sizes=\"(max-width: 236px) 100vw, 236px\" \/><\/figure>\n<\/div>\n\n\n\n<div class=\"wp-block-column is-layout-flow wp-block-column-is-layout-flow\">\n<ol class=\"wp-block-list\"><li>Klikkaa hallintaty\u00f6kaluissa &#8221;Aseta kurssiavain&#8221;<\/li><li>Sy\u00f6t\u00e4 avautuvaan ikkunaan haluamasi salasana\/kurssiavain liittymist\u00e4 varten.<\/li><li>Paina tallenna<\/li><li>Jos olet kutsumassa opiskelijoita, muista klikata Piilota kurssi -&gt; N\u00e4yt\u00e4 kurssi, jolloin kurssi n\u00e4kyy opiskelijoille.<\/li><\/ol>\n\n\n\n<p>Voit tarvittaessa vaihtaa kurssiavainta muuttamalla sit\u00e4. Kurssiavaimen muutos EI vaikuta kurssilla jo sis\u00e4ll\u00e4 olevien opiskelijoiden p\u00e4\u00e4syyn kurssille. <\/p>\n\n\n\n<p><\/p>\n<\/div>\n<\/div>\n\n\n\n<h2 class=\"wp-block-heading\" id=\"ryhm\u00e4avain\">Ryhm\u00e4avaimen luominen<\/h2>\n\n\n\n<p><strong>Opettaja voi pyyt\u00e4\u00e4 opiskelijoita liittym\u00e4\u00e4n kurssille suoraan tekemiins\u00e4 ryhmiin. T\u00e4m\u00e4 sopii esim. tilanteisiin, joissa samalla kurssialustalla toimii useita opettajia tai useita opetusryhmi\u00e4. <a href=\"https:\/\/blogit.gradia.fi\/digipalvelut\/ohjeita-ja-vinkkeja\/moodle\/ryhmat-moodlessa\/\" target=\"_blank\" rel=\"noreferrer noopener\">Ohje ryhm\u00e4avaimen luomiseen<\/a>.<br><br><\/strong><\/p>\n\n\n\n<p><\/p>\n","protected":false},"excerpt":{"rendered":"<p>Kurssiavaimen luominenRyhm\u00e4avaimen luominen Kurssiavaimen luominen Opiskelijat rekister\u00f6ityv\u00e4t kursseille itse opettajalta saamansa kurssiavaimen ja linkin avulla. Huomioi, ett\u00e4 mik\u00e4li et laita kurssillesi kurssiavainta ja avaat kurssin hallintaty\u00f6kaluista, on kurssisi avoin kaikille Moodlessa liikkuville. Klikkaa hallintaty\u00f6kaluissa &#8221;Aseta kurssiavain&#8221; Sy\u00f6t\u00e4 avautuvaan ikkunaan haluamasi salasana\/kurssiavain liittymist\u00e4 varten. Paina tallenna Jos olet kutsumassa opiskelijoita, muista [&hellip;]<\/p>\n","protected":false},"author":165,"featured_media":0,"parent":76,"menu_order":0,"comment_status":"closed","ping_status":"closed","template":"","meta":{"_uag_custom_page_level_css":"","footnotes":""},"class_list":["post-710","page","type-page","status-publish","hentry"],"yoast_head":"<!-- This site is optimized with the Yoast SEO plugin v27.4 - https:\/\/yoast.com\/product\/yoast-seo-wordpress\/ -->\n<title>Kurssi- ja ryhm\u00e4avaimen luominen - Gradia Digipalvelut<\/title>\n<meta name=\"robots\" content=\"index, follow, max-snippet:-1, max-image-preview:large, max-video-preview:-1\" \/>\n<link rel=\"canonical\" href=\"https:\/\/blogit.gradia.fi\/digipalvelut\/ohjeita-ja-vinkkeja\/moodle\/kurssi-ja-ryhmaavaimen-luominen\/\" \/>\n<meta property=\"og:locale\" content=\"fi_FI\" \/>\n<meta property=\"og:type\" content=\"article\" \/>\n<meta property=\"og:title\" content=\"Kurssi- ja ryhm\u00e4avaimen luominen - Gradia Digipalvelut\" \/>\n<meta property=\"og:description\" content=\"Kurssiavaimen luominenRyhm\u00e4avaimen luominen Kurssiavaimen luominen Opiskelijat rekister\u00f6ityv\u00e4t kursseille itse opettajalta saamansa kurssiavaimen ja linkin avulla. Huomioi, ett\u00e4 mik\u00e4li et laita kurssillesi kurssiavainta ja avaat kurssin hallintaty\u00f6kaluista, on kurssisi avoin kaikille Moodlessa liikkuville. Klikkaa hallintaty\u00f6kaluissa &#8221;Aseta kurssiavain&#8221; Sy\u00f6t\u00e4 avautuvaan ikkunaan haluamasi salasana\/kurssiavain liittymist\u00e4 varten. Paina tallenna Jos olet kutsumassa opiskelijoita, muista [&hellip;]\" \/>\n<meta property=\"og:url\" content=\"https:\/\/blogit.gradia.fi\/digipalvelut\/ohjeita-ja-vinkkeja\/moodle\/kurssi-ja-ryhmaavaimen-luominen\/\" \/>\n<meta property=\"og:site_name\" content=\"Gradia Digipalvelut\" \/>\n<meta property=\"article:modified_time\" content=\"2020-08-12T10:16:10+00:00\" \/>\n<meta property=\"og:image\" content=\"https:\/\/blogit.gradia.fi\/digipalvelut\/wp-content\/uploads\/sites\/99\/2019\/07\/Hallintaty\u00f6kalut3-1.png\" \/>\n<meta name=\"twitter:card\" content=\"summary_large_image\" \/>\n<meta name=\"twitter:label1\" content=\"Arvioitu lukuaika\" \/>\n\t<meta name=\"twitter:data1\" content=\"1 minuutti\" \/>\n<script type=\"application\/ld+json\" class=\"yoast-schema-graph\">{\"@context\":\"https:\\\/\\\/schema.org\",\"@graph\":[{\"@type\":\"WebPage\",\"@id\":\"https:\\\/\\\/blogit.gradia.fi\\\/digipalvelut\\\/ohjeita-ja-vinkkeja\\\/moodle\\\/kurssi-ja-ryhmaavaimen-luominen\\\/\",\"url\":\"https:\\\/\\\/blogit.gradia.fi\\\/digipalvelut\\\/ohjeita-ja-vinkkeja\\\/moodle\\\/kurssi-ja-ryhmaavaimen-luominen\\\/\",\"name\":\"Kurssi- ja ryhm\u00e4avaimen luominen - Gradia Digipalvelut\",\"isPartOf\":{\"@id\":\"https:\\\/\\\/blogit.gradia.fi\\\/digipalvelut\\\/#website\"},\"datePublished\":\"2019-07-04T11:44:32+00:00\",\"dateModified\":\"2020-08-12T10:16:10+00:00\",\"breadcrumb\":{\"@id\":\"https:\\\/\\\/blogit.gradia.fi\\\/digipalvelut\\\/ohjeita-ja-vinkkeja\\\/moodle\\\/kurssi-ja-ryhmaavaimen-luominen\\\/#breadcrumb\"},\"inLanguage\":\"fi\",\"potentialAction\":[{\"@type\":\"ReadAction\",\"target\":[\"https:\\\/\\\/blogit.gradia.fi\\\/digipalvelut\\\/ohjeita-ja-vinkkeja\\\/moodle\\\/kurssi-ja-ryhmaavaimen-luominen\\\/\"]}]},{\"@type\":\"BreadcrumbList\",\"@id\":\"https:\\\/\\\/blogit.gradia.fi\\\/digipalvelut\\\/ohjeita-ja-vinkkeja\\\/moodle\\\/kurssi-ja-ryhmaavaimen-luominen\\\/#breadcrumb\",\"itemListElement\":[{\"@type\":\"ListItem\",\"position\":1,\"name\":\"Ohjeita ja vinkkej\u00e4\",\"item\":\"https:\\\/\\\/blogit.gradia.fi\\\/digipalvelut\\\/ohjeita-ja-vinkkeja\\\/\"},{\"@type\":\"ListItem\",\"position\":2,\"name\":\"Moodle\",\"item\":\"https:\\\/\\\/blogit.gradia.fi\\\/digipalvelut\\\/ohjeita-ja-vinkkeja\\\/moodle\\\/\"},{\"@type\":\"ListItem\",\"position\":3,\"name\":\"Kurssi- ja ryhm\u00e4avaimen luominen\"}]},{\"@type\":\"WebSite\",\"@id\":\"https:\\\/\\\/blogit.gradia.fi\\\/digipalvelut\\\/#website\",\"url\":\"https:\\\/\\\/blogit.gradia.fi\\\/digipalvelut\\\/\",\"name\":\"Gradia Digipalvelut\",\"description\":\"Astetta enemm\u00e4n digi\u00e4\",\"publisher\":{\"@id\":\"https:\\\/\\\/blogit.gradia.fi\\\/digipalvelut\\\/#organization\"},\"potentialAction\":[{\"@type\":\"SearchAction\",\"target\":{\"@type\":\"EntryPoint\",\"urlTemplate\":\"https:\\\/\\\/blogit.gradia.fi\\\/digipalvelut\\\/?s={search_term_string}\"},\"query-input\":{\"@type\":\"PropertyValueSpecification\",\"valueRequired\":true,\"valueName\":\"search_term_string\"}}],\"inLanguage\":\"fi\"},{\"@type\":\"Organization\",\"@id\":\"https:\\\/\\\/blogit.gradia.fi\\\/digipalvelut\\\/#organization\",\"name\":\"Gradia Digipalvelut\",\"url\":\"https:\\\/\\\/blogit.gradia.fi\\\/digipalvelut\\\/\",\"logo\":{\"@type\":\"ImageObject\",\"inLanguage\":\"fi\",\"@id\":\"https:\\\/\\\/blogit.gradia.fi\\\/digipalvelut\\\/#\\\/schema\\\/logo\\\/image\\\/\",\"url\":\"https:\\\/\\\/blogit.gradia.fi\\\/digipalvelut\\\/wp-content\\\/uploads\\\/sites\\\/99\\\/2019\\\/06\\\/cropped-Gradia_logo_Cyber_TRANSPARENT.png\",\"contentUrl\":\"https:\\\/\\\/blogit.gradia.fi\\\/digipalvelut\\\/wp-content\\\/uploads\\\/sites\\\/99\\\/2019\\\/06\\\/cropped-Gradia_logo_Cyber_TRANSPARENT.png\",\"width\":316,\"height\":382,\"caption\":\"Gradia Digipalvelut\"},\"image\":{\"@id\":\"https:\\\/\\\/blogit.gradia.fi\\\/digipalvelut\\\/#\\\/schema\\\/logo\\\/image\\\/\"}}]}<\/script>\n<!-- \/ Yoast SEO plugin. -->","yoast_head_json":{"title":"Kurssi- ja ryhm\u00e4avaimen luominen - Gradia Digipalvelut","robots":{"index":"index","follow":"follow","max-snippet":"max-snippet:-1","max-image-preview":"max-image-preview:large","max-video-preview":"max-video-preview:-1"},"canonical":"https:\/\/blogit.gradia.fi\/digipalvelut\/ohjeita-ja-vinkkeja\/moodle\/kurssi-ja-ryhmaavaimen-luominen\/","og_locale":"fi_FI","og_type":"article","og_title":"Kurssi- ja ryhm\u00e4avaimen luominen - Gradia Digipalvelut","og_description":"Kurssiavaimen luominenRyhm\u00e4avaimen luominen Kurssiavaimen luominen Opiskelijat rekister\u00f6ityv\u00e4t kursseille itse opettajalta saamansa kurssiavaimen ja linkin avulla. Huomioi, ett\u00e4 mik\u00e4li et laita kurssillesi kurssiavainta ja avaat kurssin hallintaty\u00f6kaluista, on kurssisi avoin kaikille Moodlessa liikkuville. Klikkaa hallintaty\u00f6kaluissa &#8221;Aseta kurssiavain&#8221; Sy\u00f6t\u00e4 avautuvaan ikkunaan haluamasi salasana\/kurssiavain liittymist\u00e4 varten. Paina tallenna Jos olet kutsumassa opiskelijoita, muista [&hellip;]","og_url":"https:\/\/blogit.gradia.fi\/digipalvelut\/ohjeita-ja-vinkkeja\/moodle\/kurssi-ja-ryhmaavaimen-luominen\/","og_site_name":"Gradia Digipalvelut","article_modified_time":"2020-08-12T10:16:10+00:00","og_image":[{"url":"https:\/\/blogit.gradia.fi\/digipalvelut\/wp-content\/uploads\/sites\/99\/2019\/07\/Hallintaty\u00f6kalut3-1.png","type":"","width":"","height":""}],"twitter_card":"summary_large_image","twitter_misc":{"Arvioitu lukuaika":"1 minuutti"},"schema":{"@context":"https:\/\/schema.org","@graph":[{"@type":"WebPage","@id":"https:\/\/blogit.gradia.fi\/digipalvelut\/ohjeita-ja-vinkkeja\/moodle\/kurssi-ja-ryhmaavaimen-luominen\/","url":"https:\/\/blogit.gradia.fi\/digipalvelut\/ohjeita-ja-vinkkeja\/moodle\/kurssi-ja-ryhmaavaimen-luominen\/","name":"Kurssi- ja ryhm\u00e4avaimen luominen - Gradia Digipalvelut","isPartOf":{"@id":"https:\/\/blogit.gradia.fi\/digipalvelut\/#website"},"datePublished":"2019-07-04T11:44:32+00:00","dateModified":"2020-08-12T10:16:10+00:00","breadcrumb":{"@id":"https:\/\/blogit.gradia.fi\/digipalvelut\/ohjeita-ja-vinkkeja\/moodle\/kurssi-ja-ryhmaavaimen-luominen\/#breadcrumb"},"inLanguage":"fi","potentialAction":[{"@type":"ReadAction","target":["https:\/\/blogit.gradia.fi\/digipalvelut\/ohjeita-ja-vinkkeja\/moodle\/kurssi-ja-ryhmaavaimen-luominen\/"]}]},{"@type":"BreadcrumbList","@id":"https:\/\/blogit.gradia.fi\/digipalvelut\/ohjeita-ja-vinkkeja\/moodle\/kurssi-ja-ryhmaavaimen-luominen\/#breadcrumb","itemListElement":[{"@type":"ListItem","position":1,"name":"Ohjeita ja vinkkej\u00e4","item":"https:\/\/blogit.gradia.fi\/digipalvelut\/ohjeita-ja-vinkkeja\/"},{"@type":"ListItem","position":2,"name":"Moodle","item":"https:\/\/blogit.gradia.fi\/digipalvelut\/ohjeita-ja-vinkkeja\/moodle\/"},{"@type":"ListItem","position":3,"name":"Kurssi- ja ryhm\u00e4avaimen luominen"}]},{"@type":"WebSite","@id":"https:\/\/blogit.gradia.fi\/digipalvelut\/#website","url":"https:\/\/blogit.gradia.fi\/digipalvelut\/","name":"Gradia Digipalvelut","description":"Astetta enemm\u00e4n digi\u00e4","publisher":{"@id":"https:\/\/blogit.gradia.fi\/digipalvelut\/#organization"},"potentialAction":[{"@type":"SearchAction","target":{"@type":"EntryPoint","urlTemplate":"https:\/\/blogit.gradia.fi\/digipalvelut\/?s={search_term_string}"},"query-input":{"@type":"PropertyValueSpecification","valueRequired":true,"valueName":"search_term_string"}}],"inLanguage":"fi"},{"@type":"Organization","@id":"https:\/\/blogit.gradia.fi\/digipalvelut\/#organization","name":"Gradia Digipalvelut","url":"https:\/\/blogit.gradia.fi\/digipalvelut\/","logo":{"@type":"ImageObject","inLanguage":"fi","@id":"https:\/\/blogit.gradia.fi\/digipalvelut\/#\/schema\/logo\/image\/","url":"https:\/\/blogit.gradia.fi\/digipalvelut\/wp-content\/uploads\/sites\/99\/2019\/06\/cropped-Gradia_logo_Cyber_TRANSPARENT.png","contentUrl":"https:\/\/blogit.gradia.fi\/digipalvelut\/wp-content\/uploads\/sites\/99\/2019\/06\/cropped-Gradia_logo_Cyber_TRANSPARENT.png","width":316,"height":382,"caption":"Gradia Digipalvelut"},"image":{"@id":"https:\/\/blogit.gradia.fi\/digipalvelut\/#\/schema\/logo\/image\/"}}]}},"uagb_featured_image_src":{"full":false,"thumbnail":false,"medium":false,"medium_large":false,"large":false,"1536x1536":false,"2048x2048":false,"hestia-blog":false},"uagb_author_info":{"display_name":"Heini Pennanen","author_link":"https:\/\/blogit.gradia.fi\/digipalvelut\/author\/pennahei\/"},"uagb_comment_info":0,"uagb_excerpt":"Kurssiavaimen luominenRyhm\u00e4avaimen luominen Kurssiavaimen luominen Opiskelijat rekister\u00f6ityv\u00e4t kursseille itse opettajalta saamansa kurssiavaimen ja linkin avulla. Huomioi, ett\u00e4 mik\u00e4li et laita kurssillesi kurssiavainta ja avaat kurssin hallintaty\u00f6kaluista, on kurssisi avoin kaikille Moodlessa liikkuville. Klikkaa hallintaty\u00f6kaluissa &#8221;Aseta kurssiavain&#8221; Sy\u00f6t\u00e4 avautuvaan ikkunaan haluamasi salasana\/kurssiavain liittymist\u00e4 varten. Paina tallenna Jos olet kutsumassa opiskelijoita, muista [&hellip;]","_links":{"self":[{"href":"https:\/\/blogit.gradia.fi\/digipalvelut\/wp-json\/wp\/v2\/pages\/710","targetHints":{"allow":["GET"]}}],"collection":[{"href":"https:\/\/blogit.gradia.fi\/digipalvelut\/wp-json\/wp\/v2\/pages"}],"about":[{"href":"https:\/\/blogit.gradia.fi\/digipalvelut\/wp-json\/wp\/v2\/types\/page"}],"author":[{"embeddable":true,"href":"https:\/\/blogit.gradia.fi\/digipalvelut\/wp-json\/wp\/v2\/users\/165"}],"replies":[{"embeddable":true,"href":"https:\/\/blogit.gradia.fi\/digipalvelut\/wp-json\/wp\/v2\/comments?post=710"}],"version-history":[{"count":7,"href":"https:\/\/blogit.gradia.fi\/digipalvelut\/wp-json\/wp\/v2\/pages\/710\/revisions"}],"predecessor-version":[{"id":1984,"href":"https:\/\/blogit.gradia.fi\/digipalvelut\/wp-json\/wp\/v2\/pages\/710\/revisions\/1984"}],"up":[{"embeddable":true,"href":"https:\/\/blogit.gradia.fi\/digipalvelut\/wp-json\/wp\/v2\/pages\/76"}],"wp:attachment":[{"href":"https:\/\/blogit.gradia.fi\/digipalvelut\/wp-json\/wp\/v2\/media?parent=710"}],"curies":[{"name":"wp","href":"https:\/\/api.w.org\/{rel}","templated":true}]}}