{"id":650,"date":"2019-07-04T10:57:11","date_gmt":"2019-07-04T07:57:11","guid":{"rendered":"https:\/\/blogit.gradia.fi\/digipalvelut\/?page_id=650"},"modified":"2019-08-01T10:48:55","modified_gmt":"2019-08-01T07:48:55","slug":"aktiviteettien-yleisesittely","status":"publish","type":"page","link":"https:\/\/blogit.gradia.fi\/digipalvelut\/ohjeita-ja-vinkkeja\/moodle\/aktiviteettien-yleisesittely\/","title":{"rendered":"Aktiviteettien yleisesittely"},"content":{"rendered":"\n<p><strong>Lue lyhyet kuvaukset Moodlen eri aktiviteeteista. Tarkempia ohjeita keskeisimmist\u00e4 aktiviteeteist\u00e4 l\u00f6yd\u00e4t ohjeista Aktiviteetit.<\/strong><\/p>\n\n\n\n<p>Rakentaessasi Moodlen ty\u00f6tilaa voit lis\u00e4t\u00e4 sinne monipuolisia harjoituksia ja teht\u00e4vi\u00e4, joiden avulla opiskelija harjoittelee, oppii ja kartuttaa osaamistaan. N\u00e4it\u00e4 eri toimintoja kutsutaan Moodlessa aktiviteeteiksi. Jokaisen aktiviteetin kohdalla opettaja voi p\u00e4\u00e4tt\u00e4\u00e4 huomioidaanko kyseinen aktiviteetti opiskelijan kurssin etenemisen seurannassa. <a href=\"https:\/\/blogit.gradia.fi\/digipalvelut\/ohjeita-ja-vinkkeja\/moodle\/edistymisen-seuranta\/\">Lue lis\u00e4\u00e4 edistymisen seurannasta. <\/a><\/p>\n\n\n\n<div class=\"wp-block-columns has-2-columns is-layout-flex wp-container-core-columns-is-layout-28f84493 wp-block-columns-is-layout-flex\">\n<div class=\"wp-block-column is-layout-flow wp-block-column-is-layout-flow\">\n<figure class=\"wp-block-image\"><img fetchpriority=\"high\" decoding=\"async\" width=\"169\" height=\"534\" src=\"https:\/\/blogit.gradia.fi\/digipalvelut\/wp-content\/uploads\/sites\/99\/2019\/07\/aktiviteetit.png\" alt=\"Lista moodlen aktiviteeteista\" class=\"wp-image-653\" srcset=\"https:\/\/blogit.gradia.fi\/digipalvelut\/wp-content\/uploads\/sites\/99\/2019\/07\/aktiviteetit.png 169w, https:\/\/blogit.gradia.fi\/digipalvelut\/wp-content\/uploads\/sites\/99\/2019\/07\/aktiviteetit-95x300.png 95w\" sizes=\"(max-width: 169px) 100vw, 169px\" \/><\/figure>\n\n\n\n<p><\/p>\n<\/div>\n\n\n\n<div class=\"wp-block-column is-layout-flow wp-block-column-is-layout-flow\">\n<ol class=\"wp-block-list\"><li>Mene kurssille&nbsp;<\/li><li>Aktivoi muokkaustila p\u00e4\u00e4lle hallintaty\u00f6kaluista&nbsp;<\/li><li>Valitse <strong>Lis\u00e4\u00e4 aktiviteetti tai aineisto<\/strong> haluamaasi osioon. Valitse haluamasi aktiviteetti. <\/li><\/ol>\n<\/div>\n<\/div>\n\n\n\n<h2 class=\"wp-block-heading\">Chat<\/h2>\n\n\n\n<p>Chat-aktiviteetin avulla voit toteuttaa reaaliaikaista keskustelua oppimisymp\u00e4rist\u00f6ss\u00e4. Hy\u00f6dynn\u00e4 t\u00e4t\u00e4 esimerkiksi et\u00e4ohjauksen ty\u00f6v\u00e4lineen\u00e4. <\/p>\n\n\n\n<h2 class=\"wp-block-heading\">H5P<\/h2>\n\n\n\n<p>H5P on monipuolinen ty\u00f6kalu, jota kannattaa k\u00e4ytt\u00e4\u00e4 osaamisen kartuttamisessa ja asioiden harjoittelussa. Voit tehd\u00e4 sill\u00e4 uudenlaisia s\u00e4hk\u00f6isi\u00e4 teht\u00e4vi\u00e4, joilla pystyt tukemaan esimerkiksi k\u00e4sitteiden oppimista. Lis\u00e4ksi pystyt tekem\u00e4\u00e4n toiminnon avulla&nbsp;interaktiivisia&nbsp;kuvia, videoita ja 360-kuvia <\/p>\n\n\n\n<h2 class=\"wp-block-heading\">Keskustelualue<\/h2>\n\n\n\n<p>Keskustelualue on er\u00e4s keskeisimmist\u00e4 Moodlen ty\u00f6kaluista.&nbsp;Erilaisilla asetusvaihtoehdoilla pystyt muokkaamaan keskustelualuetta erilaisiin k\u00e4ytt\u00f6tarkoituksiin. Voit hy\u00f6dynt\u00e4\u00e4 keskustelualuetta tiedottamiseen tai yleiseen keskusteluun kurssista. Keskustelualuetta voit k\u00e4ytt\u00e4\u00e4 my\u00f6s arvioitavana oppimisteht\u00e4v\u00e4n\u00e4. <\/p>\n\n\n\n<h2 class=\"wp-block-heading\">Kysely<\/h2>\n\n\n\n<p>Kysely-aktiviteetilla saat valmiiksi laadittuja kyselyit\u00e4, joita voit hy\u00f6dynt\u00e4\u00e4 esimerkiksi kurssipalautteen tai itsearvioinnin ker\u00e4\u00e4misess\u00e4. <\/p>\n\n\n\n<h2 class=\"wp-block-heading\">Oppitunti<\/h2>\n\n\n\n<p>Oppitunti-aktiviteetilla voi tehd\u00e4 vaiheistettuja teoria ja teht\u00e4v\u00e4 -kokonaisuuksia. Sen sijaan ett\u00e4 teet erilliset teoria ja teht\u00e4v\u00e4-osiot, voit koostaa teoriamateriaaleista oppitunnin avulla esityksen, johon voit sis\u00e4llytt\u00e4\u00e4 my\u00f6s teht\u00e4vi\u00e4. <\/p>\n\n\n\n<h2 class=\"wp-block-heading\">Palaute<\/h2>\n\n\n\n<p>Voit tehd\u00e4 t\u00e4ll\u00e4 ty\u00f6v\u00e4lineell\u00e4 palautteita. Gradian Moodlessa on jokaisessa ty\u00f6tilassa oletuspalauteaktiviteetti, jonka voit ottaa helposti k\u00e4ytt\u00f6\u00f6n opettajan ty\u00f6kalupakista, mutta halutessasi voit luoda my\u00f6s omia palautekyselyit\u00e4. <\/p>\n\n\n\n<h2 class=\"wp-block-heading\">Sanasto<\/h2>\n\n\n\n<p>Sanasto-aktiviteetin avulla luot yhteisi\u00e4 tietokantoja hakusanoista, k\u00e4siteluetteloista tai muista tietol\u00e4hteist\u00e4. Voit hy\u00f6dynt\u00e4\u00e4 t\u00e4t\u00e4 aktiviteettia esimerkiksi linkkilistan tekemiseen. <\/p>\n\n\n\n<h2 class=\"wp-block-heading\">SCORM-paketti<\/h2>\n\n\n\n<p>Mahdollistaa SCORM-standardin mukaan paketoidun tiedostopaketin lataamisen Moodleen. <\/p>\n\n\n\n<h2 class=\"wp-block-heading\">Teht\u00e4v\u00e4<\/h2>\n\n\n\n<p>Teht\u00e4v\u00e4-aktiviteetti on hyv\u00e4 ty\u00f6kalu <strong>oppimisteht\u00e4vien palautuksiin<\/strong> ja suoritusten arviointiin. K\u00e4yt\u00e4 teht\u00e4v\u00e4-aktiviteettia esimerkiksi opiskelijoiden tiedostomuotoisten teht\u00e4vien palautuskansiona.  <\/p>\n\n\n\n<h2 class=\"wp-block-heading\">Tentti<\/h2>\n\n\n\n<p>Tentti-aktiviteetilla voit laatia s\u00e4hk\u00f6isen kokeen. Laadi tenttiin teht\u00e4vi\u00e4 hy\u00f6dynt\u00e4en erilaisia teht\u00e4v\u00e4tyyppej\u00e4, kuten aukko- tai monivalintateht\u00e4vi\u00e4.  Suosi teht\u00e4viss\u00e4 mahdollisimman pitk\u00e4lle automaattisesti tarkastettavia teht\u00e4vi\u00e4. T\u00e4ll\u00f6in tentin laatiminen vaatii etuk\u00e4teissuunnittelua, mutta s\u00e4\u00e4st\u00e4\u00e4 aikaa palautteen antamisessa. Essee-tyyppisille teht\u00e4ville ei teht\u00e4v\u00e4n luonteesta johtuen pysty tekem\u00e4\u00e4n automaattista tarkastusta. Essee-teht\u00e4v\u00e4t kannattaa tehd\u00e4 k\u00e4ytt\u00e4en Teht\u00e4v\u00e4- tai Keskustelualue-aktiviteetteja. <\/p>\n\n\n\n<p>Asioiden harjoitteluun ja osaamisen kartuttamiseen kannattaa hy\u00f6dynt\u00e4\u00e4 muita ty\u00f6kaluja, kuten H5P-toimintoja. K\u00e4yt\u00e4 tentti\u00e4 osaamisen kehittymisen arvioinnin ty\u00f6kaluna, esimerkiksi kurssin lopussa. <\/p>\n\n\n\n<h2 class=\"wp-block-heading\">Tietokanta<\/h2>\n\n\n\n<p>Sanastoa monipuolisempi ty\u00f6kalu linkkilistan, l\u00e4hdeluettelon tai muun tietorakenteen luomiseksi. <\/p>\n\n\n\n<h2 class=\"wp-block-heading\">Ty\u00f6paja<\/h2>\n\n\n\n<p><strong>Vertaisarviointiin soveltuva ty\u00f6v\u00e4line<\/strong>. Tee t\u00e4ll\u00e4 aktiviteetilla teht\u00e4v\u00e4nanto, johon opiskelijat vastaavat. Aktiviteetti sis\u00e4lt\u00e4\u00e4 mahdollisuuden opiskelijan itsearviointiin, mutta ennenkaikkea t\u00e4m\u00e4 on tarkoitettu vertaisarviointiin. Vertaisarvioijat voidaan jakaa automaattisesti tai manuaalisesti. Ty\u00f6paja toimii vaiheittaisesti m\u00e4\u00e4rittelem\u00e4ll\u00e4 ensin asetukset, jonka j\u00e4lkeen teht\u00e4v\u00e4t (tehd\u00e4\u00e4n ja) palautetaan, aloitetaan vertaisarviointi ja arvioidaan vertaisarvion onnistumista suhteessa ty\u00f6n arvosanaan. Lopuksi ty\u00f6paja suljetaan, jolloin opiskelijat n\u00e4kev\u00e4t saamansa arvosanat. <\/p>\n\n\n\n<h2 class=\"wp-block-heading\">Ulkoinen ty\u00f6kalu<\/h2>\n\n\n\n<p>mahdollistaa ulkoisten, muilla verkkosivuilla olevien, aineistojen, aktiviteettien ja oppimateriaalien integroimisen omaan ty\u00f6tilaan.  <\/p>\n\n\n\n<h2 class=\"wp-block-heading\">Valinta<\/h2>\n\n\n\n<p>Monivalintateht\u00e4v\u00e4, jossa opiskelija voi valita vain yhden annetuista vaihtoehdoista. Vaihtoehtoisesti voit hy\u00f6dynt\u00e4\u00e4 H5P-toimintoja tai upottaa esimerkiksi Forms-lomakkeen. <\/p>\n\n\n\n<h2 class=\"wp-block-heading\">Wiki<\/h2>\n\n\n\n<p>Yhteis\u00f6llisen kirjoittamisen v\u00e4line, jossa k\u00e4ytt\u00e4j\u00e4t kirjoittavat yhdess\u00e4 Moodlen sis\u00e4ll\u00e4 sivustoa. Moodle mahdollistaa my\u00f6s henkil\u00f6kohtaisen wikin, jonne p\u00e4\u00e4see opiskelijan lis\u00e4ksi vain kurssin opettajat. <\/p>\n","protected":false},"excerpt":{"rendered":"<p>Lue lyhyet kuvaukset Moodlen eri aktiviteeteista. Tarkempia ohjeita keskeisimmist\u00e4 aktiviteeteist\u00e4 l\u00f6yd\u00e4t ohjeista Aktiviteetit. Rakentaessasi Moodlen ty\u00f6tilaa voit lis\u00e4t\u00e4 sinne monipuolisia harjoituksia ja teht\u00e4vi\u00e4, joiden avulla opiskelija harjoittelee, oppii ja kartuttaa osaamistaan. N\u00e4it\u00e4 eri toimintoja kutsutaan Moodlessa aktiviteeteiksi. Jokaisen aktiviteetin kohdalla opettaja voi p\u00e4\u00e4tt\u00e4\u00e4 huomioidaanko kyseinen aktiviteetti opiskelijan kurssin etenemisen seurannassa. [&hellip;]<\/p>\n","protected":false},"author":421,"featured_media":0,"parent":76,"menu_order":0,"comment_status":"closed","ping_status":"closed","template":"","meta":{"_uag_custom_page_level_css":"","footnotes":""},"class_list":["post-650","page","type-page","status-publish","hentry"],"yoast_head":"<!-- This site is optimized with the Yoast SEO plugin v27.4 - https:\/\/yoast.com\/product\/yoast-seo-wordpress\/ -->\n<title>Aktiviteettien yleisesittely - Gradia Digipalvelut<\/title>\n<meta name=\"robots\" content=\"index, follow, max-snippet:-1, max-image-preview:large, max-video-preview:-1\" \/>\n<link rel=\"canonical\" href=\"https:\/\/blogit.gradia.fi\/digipalvelut\/ohjeita-ja-vinkkeja\/moodle\/aktiviteettien-yleisesittely\/\" \/>\n<meta property=\"og:locale\" content=\"fi_FI\" \/>\n<meta property=\"og:type\" content=\"article\" \/>\n<meta property=\"og:title\" content=\"Aktiviteettien yleisesittely - Gradia Digipalvelut\" \/>\n<meta property=\"og:description\" content=\"Lue lyhyet kuvaukset Moodlen eri aktiviteeteista. Tarkempia ohjeita keskeisimmist\u00e4 aktiviteeteist\u00e4 l\u00f6yd\u00e4t ohjeista Aktiviteetit. Rakentaessasi Moodlen ty\u00f6tilaa voit lis\u00e4t\u00e4 sinne monipuolisia harjoituksia ja teht\u00e4vi\u00e4, joiden avulla opiskelija harjoittelee, oppii ja kartuttaa osaamistaan. N\u00e4it\u00e4 eri toimintoja kutsutaan Moodlessa aktiviteeteiksi. Jokaisen aktiviteetin kohdalla opettaja voi p\u00e4\u00e4tt\u00e4\u00e4 huomioidaanko kyseinen aktiviteetti opiskelijan kurssin etenemisen seurannassa. [&hellip;]\" \/>\n<meta property=\"og:url\" content=\"https:\/\/blogit.gradia.fi\/digipalvelut\/ohjeita-ja-vinkkeja\/moodle\/aktiviteettien-yleisesittely\/\" \/>\n<meta property=\"og:site_name\" content=\"Gradia Digipalvelut\" \/>\n<meta property=\"article:modified_time\" content=\"2019-08-01T07:48:55+00:00\" \/>\n<meta property=\"og:image\" content=\"https:\/\/blogit.gradia.fi\/digipalvelut\/wp-content\/uploads\/sites\/99\/2019\/07\/aktiviteetit.png\" \/>\n<meta name=\"twitter:card\" content=\"summary_large_image\" \/>\n<meta name=\"twitter:label1\" content=\"Arvioitu lukuaika\" \/>\n\t<meta name=\"twitter:data1\" content=\"3 minuuttia\" \/>\n<script type=\"application\/ld+json\" class=\"yoast-schema-graph\">{\"@context\":\"https:\\\/\\\/schema.org\",\"@graph\":[{\"@type\":\"WebPage\",\"@id\":\"https:\\\/\\\/blogit.gradia.fi\\\/digipalvelut\\\/ohjeita-ja-vinkkeja\\\/moodle\\\/aktiviteettien-yleisesittely\\\/\",\"url\":\"https:\\\/\\\/blogit.gradia.fi\\\/digipalvelut\\\/ohjeita-ja-vinkkeja\\\/moodle\\\/aktiviteettien-yleisesittely\\\/\",\"name\":\"Aktiviteettien yleisesittely - Gradia Digipalvelut\",\"isPartOf\":{\"@id\":\"https:\\\/\\\/blogit.gradia.fi\\\/digipalvelut\\\/#website\"},\"primaryImageOfPage\":{\"@id\":\"https:\\\/\\\/blogit.gradia.fi\\\/digipalvelut\\\/ohjeita-ja-vinkkeja\\\/moodle\\\/aktiviteettien-yleisesittely\\\/#primaryimage\"},\"image\":{\"@id\":\"https:\\\/\\\/blogit.gradia.fi\\\/digipalvelut\\\/ohjeita-ja-vinkkeja\\\/moodle\\\/aktiviteettien-yleisesittely\\\/#primaryimage\"},\"thumbnailUrl\":\"https:\\\/\\\/blogit.gradia.fi\\\/digipalvelut\\\/wp-content\\\/uploads\\\/sites\\\/99\\\/2019\\\/07\\\/aktiviteetit.png\",\"datePublished\":\"2019-07-04T07:57:11+00:00\",\"dateModified\":\"2019-08-01T07:48:55+00:00\",\"breadcrumb\":{\"@id\":\"https:\\\/\\\/blogit.gradia.fi\\\/digipalvelut\\\/ohjeita-ja-vinkkeja\\\/moodle\\\/aktiviteettien-yleisesittely\\\/#breadcrumb\"},\"inLanguage\":\"fi\",\"potentialAction\":[{\"@type\":\"ReadAction\",\"target\":[\"https:\\\/\\\/blogit.gradia.fi\\\/digipalvelut\\\/ohjeita-ja-vinkkeja\\\/moodle\\\/aktiviteettien-yleisesittely\\\/\"]}]},{\"@type\":\"ImageObject\",\"inLanguage\":\"fi\",\"@id\":\"https:\\\/\\\/blogit.gradia.fi\\\/digipalvelut\\\/ohjeita-ja-vinkkeja\\\/moodle\\\/aktiviteettien-yleisesittely\\\/#primaryimage\",\"url\":\"https:\\\/\\\/blogit.gradia.fi\\\/digipalvelut\\\/wp-content\\\/uploads\\\/sites\\\/99\\\/2019\\\/07\\\/aktiviteetit.png\",\"contentUrl\":\"https:\\\/\\\/blogit.gradia.fi\\\/digipalvelut\\\/wp-content\\\/uploads\\\/sites\\\/99\\\/2019\\\/07\\\/aktiviteetit.png\",\"width\":169,\"height\":534,\"caption\":\"Lista moodlen aktiviteeteista\"},{\"@type\":\"BreadcrumbList\",\"@id\":\"https:\\\/\\\/blogit.gradia.fi\\\/digipalvelut\\\/ohjeita-ja-vinkkeja\\\/moodle\\\/aktiviteettien-yleisesittely\\\/#breadcrumb\",\"itemListElement\":[{\"@type\":\"ListItem\",\"position\":1,\"name\":\"Ohjeita ja vinkkej\u00e4\",\"item\":\"https:\\\/\\\/blogit.gradia.fi\\\/digipalvelut\\\/ohjeita-ja-vinkkeja\\\/\"},{\"@type\":\"ListItem\",\"position\":2,\"name\":\"Moodle\",\"item\":\"https:\\\/\\\/blogit.gradia.fi\\\/digipalvelut\\\/ohjeita-ja-vinkkeja\\\/moodle\\\/\"},{\"@type\":\"ListItem\",\"position\":3,\"name\":\"Aktiviteettien yleisesittely\"}]},{\"@type\":\"WebSite\",\"@id\":\"https:\\\/\\\/blogit.gradia.fi\\\/digipalvelut\\\/#website\",\"url\":\"https:\\\/\\\/blogit.gradia.fi\\\/digipalvelut\\\/\",\"name\":\"Gradia Digipalvelut\",\"description\":\"Astetta enemm\u00e4n digi\u00e4\",\"publisher\":{\"@id\":\"https:\\\/\\\/blogit.gradia.fi\\\/digipalvelut\\\/#organization\"},\"potentialAction\":[{\"@type\":\"SearchAction\",\"target\":{\"@type\":\"EntryPoint\",\"urlTemplate\":\"https:\\\/\\\/blogit.gradia.fi\\\/digipalvelut\\\/?s={search_term_string}\"},\"query-input\":{\"@type\":\"PropertyValueSpecification\",\"valueRequired\":true,\"valueName\":\"search_term_string\"}}],\"inLanguage\":\"fi\"},{\"@type\":\"Organization\",\"@id\":\"https:\\\/\\\/blogit.gradia.fi\\\/digipalvelut\\\/#organization\",\"name\":\"Gradia Digipalvelut\",\"url\":\"https:\\\/\\\/blogit.gradia.fi\\\/digipalvelut\\\/\",\"logo\":{\"@type\":\"ImageObject\",\"inLanguage\":\"fi\",\"@id\":\"https:\\\/\\\/blogit.gradia.fi\\\/digipalvelut\\\/#\\\/schema\\\/logo\\\/image\\\/\",\"url\":\"https:\\\/\\\/blogit.gradia.fi\\\/digipalvelut\\\/wp-content\\\/uploads\\\/sites\\\/99\\\/2019\\\/06\\\/cropped-Gradia_logo_Cyber_TRANSPARENT.png\",\"contentUrl\":\"https:\\\/\\\/blogit.gradia.fi\\\/digipalvelut\\\/wp-content\\\/uploads\\\/sites\\\/99\\\/2019\\\/06\\\/cropped-Gradia_logo_Cyber_TRANSPARENT.png\",\"width\":316,\"height\":382,\"caption\":\"Gradia Digipalvelut\"},\"image\":{\"@id\":\"https:\\\/\\\/blogit.gradia.fi\\\/digipalvelut\\\/#\\\/schema\\\/logo\\\/image\\\/\"}}]}<\/script>\n<!-- \/ Yoast SEO plugin. -->","yoast_head_json":{"title":"Aktiviteettien yleisesittely - Gradia Digipalvelut","robots":{"index":"index","follow":"follow","max-snippet":"max-snippet:-1","max-image-preview":"max-image-preview:large","max-video-preview":"max-video-preview:-1"},"canonical":"https:\/\/blogit.gradia.fi\/digipalvelut\/ohjeita-ja-vinkkeja\/moodle\/aktiviteettien-yleisesittely\/","og_locale":"fi_FI","og_type":"article","og_title":"Aktiviteettien yleisesittely - Gradia Digipalvelut","og_description":"Lue lyhyet kuvaukset Moodlen eri aktiviteeteista. Tarkempia ohjeita keskeisimmist\u00e4 aktiviteeteist\u00e4 l\u00f6yd\u00e4t ohjeista Aktiviteetit. Rakentaessasi Moodlen ty\u00f6tilaa voit lis\u00e4t\u00e4 sinne monipuolisia harjoituksia ja teht\u00e4vi\u00e4, joiden avulla opiskelija harjoittelee, oppii ja kartuttaa osaamistaan. N\u00e4it\u00e4 eri toimintoja kutsutaan Moodlessa aktiviteeteiksi. Jokaisen aktiviteetin kohdalla opettaja voi p\u00e4\u00e4tt\u00e4\u00e4 huomioidaanko kyseinen aktiviteetti opiskelijan kurssin etenemisen seurannassa. [&hellip;]","og_url":"https:\/\/blogit.gradia.fi\/digipalvelut\/ohjeita-ja-vinkkeja\/moodle\/aktiviteettien-yleisesittely\/","og_site_name":"Gradia Digipalvelut","article_modified_time":"2019-08-01T07:48:55+00:00","og_image":[{"url":"https:\/\/blogit.gradia.fi\/digipalvelut\/wp-content\/uploads\/sites\/99\/2019\/07\/aktiviteetit.png","type":"","width":"","height":""}],"twitter_card":"summary_large_image","twitter_misc":{"Arvioitu lukuaika":"3 minuuttia"},"schema":{"@context":"https:\/\/schema.org","@graph":[{"@type":"WebPage","@id":"https:\/\/blogit.gradia.fi\/digipalvelut\/ohjeita-ja-vinkkeja\/moodle\/aktiviteettien-yleisesittely\/","url":"https:\/\/blogit.gradia.fi\/digipalvelut\/ohjeita-ja-vinkkeja\/moodle\/aktiviteettien-yleisesittely\/","name":"Aktiviteettien yleisesittely - Gradia Digipalvelut","isPartOf":{"@id":"https:\/\/blogit.gradia.fi\/digipalvelut\/#website"},"primaryImageOfPage":{"@id":"https:\/\/blogit.gradia.fi\/digipalvelut\/ohjeita-ja-vinkkeja\/moodle\/aktiviteettien-yleisesittely\/#primaryimage"},"image":{"@id":"https:\/\/blogit.gradia.fi\/digipalvelut\/ohjeita-ja-vinkkeja\/moodle\/aktiviteettien-yleisesittely\/#primaryimage"},"thumbnailUrl":"https:\/\/blogit.gradia.fi\/digipalvelut\/wp-content\/uploads\/sites\/99\/2019\/07\/aktiviteetit.png","datePublished":"2019-07-04T07:57:11+00:00","dateModified":"2019-08-01T07:48:55+00:00","breadcrumb":{"@id":"https:\/\/blogit.gradia.fi\/digipalvelut\/ohjeita-ja-vinkkeja\/moodle\/aktiviteettien-yleisesittely\/#breadcrumb"},"inLanguage":"fi","potentialAction":[{"@type":"ReadAction","target":["https:\/\/blogit.gradia.fi\/digipalvelut\/ohjeita-ja-vinkkeja\/moodle\/aktiviteettien-yleisesittely\/"]}]},{"@type":"ImageObject","inLanguage":"fi","@id":"https:\/\/blogit.gradia.fi\/digipalvelut\/ohjeita-ja-vinkkeja\/moodle\/aktiviteettien-yleisesittely\/#primaryimage","url":"https:\/\/blogit.gradia.fi\/digipalvelut\/wp-content\/uploads\/sites\/99\/2019\/07\/aktiviteetit.png","contentUrl":"https:\/\/blogit.gradia.fi\/digipalvelut\/wp-content\/uploads\/sites\/99\/2019\/07\/aktiviteetit.png","width":169,"height":534,"caption":"Lista moodlen aktiviteeteista"},{"@type":"BreadcrumbList","@id":"https:\/\/blogit.gradia.fi\/digipalvelut\/ohjeita-ja-vinkkeja\/moodle\/aktiviteettien-yleisesittely\/#breadcrumb","itemListElement":[{"@type":"ListItem","position":1,"name":"Ohjeita ja vinkkej\u00e4","item":"https:\/\/blogit.gradia.fi\/digipalvelut\/ohjeita-ja-vinkkeja\/"},{"@type":"ListItem","position":2,"name":"Moodle","item":"https:\/\/blogit.gradia.fi\/digipalvelut\/ohjeita-ja-vinkkeja\/moodle\/"},{"@type":"ListItem","position":3,"name":"Aktiviteettien yleisesittely"}]},{"@type":"WebSite","@id":"https:\/\/blogit.gradia.fi\/digipalvelut\/#website","url":"https:\/\/blogit.gradia.fi\/digipalvelut\/","name":"Gradia Digipalvelut","description":"Astetta enemm\u00e4n digi\u00e4","publisher":{"@id":"https:\/\/blogit.gradia.fi\/digipalvelut\/#organization"},"potentialAction":[{"@type":"SearchAction","target":{"@type":"EntryPoint","urlTemplate":"https:\/\/blogit.gradia.fi\/digipalvelut\/?s={search_term_string}"},"query-input":{"@type":"PropertyValueSpecification","valueRequired":true,"valueName":"search_term_string"}}],"inLanguage":"fi"},{"@type":"Organization","@id":"https:\/\/blogit.gradia.fi\/digipalvelut\/#organization","name":"Gradia Digipalvelut","url":"https:\/\/blogit.gradia.fi\/digipalvelut\/","logo":{"@type":"ImageObject","inLanguage":"fi","@id":"https:\/\/blogit.gradia.fi\/digipalvelut\/#\/schema\/logo\/image\/","url":"https:\/\/blogit.gradia.fi\/digipalvelut\/wp-content\/uploads\/sites\/99\/2019\/06\/cropped-Gradia_logo_Cyber_TRANSPARENT.png","contentUrl":"https:\/\/blogit.gradia.fi\/digipalvelut\/wp-content\/uploads\/sites\/99\/2019\/06\/cropped-Gradia_logo_Cyber_TRANSPARENT.png","width":316,"height":382,"caption":"Gradia Digipalvelut"},"image":{"@id":"https:\/\/blogit.gradia.fi\/digipalvelut\/#\/schema\/logo\/image\/"}}]}},"uagb_featured_image_src":{"full":false,"thumbnail":false,"medium":false,"medium_large":false,"large":false,"1536x1536":false,"2048x2048":false,"hestia-blog":false},"uagb_author_info":{"display_name":"Merja Hakanen","author_link":"https:\/\/blogit.gradia.fi\/digipalvelut\/author\/hakanmer\/"},"uagb_comment_info":0,"uagb_excerpt":"Lue lyhyet kuvaukset Moodlen eri aktiviteeteista. Tarkempia ohjeita keskeisimmist\u00e4 aktiviteeteist\u00e4 l\u00f6yd\u00e4t ohjeista Aktiviteetit. Rakentaessasi Moodlen ty\u00f6tilaa voit lis\u00e4t\u00e4 sinne monipuolisia harjoituksia ja teht\u00e4vi\u00e4, joiden avulla opiskelija harjoittelee, oppii ja kartuttaa osaamistaan. N\u00e4it\u00e4 eri toimintoja kutsutaan Moodlessa aktiviteeteiksi. Jokaisen aktiviteetin kohdalla opettaja voi p\u00e4\u00e4tt\u00e4\u00e4 huomioidaanko kyseinen aktiviteetti opiskelijan kurssin etenemisen seurannassa. [&hellip;]","_links":{"self":[{"href":"https:\/\/blogit.gradia.fi\/digipalvelut\/wp-json\/wp\/v2\/pages\/650","targetHints":{"allow":["GET"]}}],"collection":[{"href":"https:\/\/blogit.gradia.fi\/digipalvelut\/wp-json\/wp\/v2\/pages"}],"about":[{"href":"https:\/\/blogit.gradia.fi\/digipalvelut\/wp-json\/wp\/v2\/types\/page"}],"author":[{"embeddable":true,"href":"https:\/\/blogit.gradia.fi\/digipalvelut\/wp-json\/wp\/v2\/users\/421"}],"replies":[{"embeddable":true,"href":"https:\/\/blogit.gradia.fi\/digipalvelut\/wp-json\/wp\/v2\/comments?post=650"}],"version-history":[{"count":13,"href":"https:\/\/blogit.gradia.fi\/digipalvelut\/wp-json\/wp\/v2\/pages\/650\/revisions"}],"predecessor-version":[{"id":813,"href":"https:\/\/blogit.gradia.fi\/digipalvelut\/wp-json\/wp\/v2\/pages\/650\/revisions\/813"}],"up":[{"embeddable":true,"href":"https:\/\/blogit.gradia.fi\/digipalvelut\/wp-json\/wp\/v2\/pages\/76"}],"wp:attachment":[{"href":"https:\/\/blogit.gradia.fi\/digipalvelut\/wp-json\/wp\/v2\/media?parent=650"}],"curies":[{"name":"wp","href":"https:\/\/api.w.org\/{rel}","templated":true}]}}