{"id":644,"date":"2019-07-04T10:23:39","date_gmt":"2019-07-04T07:23:39","guid":{"rendered":"https:\/\/blogit.gradia.fi\/digipalvelut\/?page_id=644"},"modified":"2019-07-04T10:45:43","modified_gmt":"2019-07-04T07:45:43","slug":"h5p-monivalintakyselyn-tekeminen","status":"publish","type":"page","link":"https:\/\/blogit.gradia.fi\/digipalvelut\/ohjeita-ja-vinkkeja\/muut-sovellukset\/h5p-monivalintakyselyn-tekeminen\/","title":{"rendered":"H5P-monivalintakyselyn tekeminen"},"content":{"rendered":"\n<ol class=\"wp-block-list\"><li>Jos teet toiminnon Moodlessa, tee ensin h5p-aktiviteetti <a href=\"https:\/\/blogit.gradia.fi\/digipalvelut\/ohjeita-ja-vinkkeja\/moodle\/h5p-toiminnot\/\">ohjeiden mukaisesti<\/a>. Voit tehd\u00e4 toimintoja my\u00f6s<strong> h5p.org<\/strong>-sivuilla, jolloin kirjaudu palveluun ja aloita toiminnan tekeminen <strong>MyAccount<\/strong>-v\u00e4lilehdelt\u00e4 <strong>Try out H5P<\/strong>-painikkeesta. <\/li><li>Valitse editorissa&nbsp;&nbsp;<strong>Multiple&nbsp;Choice<\/strong>.&nbsp;&nbsp;<\/li><li>Anna yleinen otsikko&nbsp;<\/li><li>Lis\u00e4\u00e4 halutessasi&nbsp;<strong>Media<\/strong>-valikosta kuva tai video, joka n\u00e4kyy varsinaisen kysymyksen yl\u00e4puolella.&nbsp;&nbsp;<\/li><li>Kirjoita kysymys&nbsp;<strong>Kysymys<\/strong>-kentt\u00e4\u00e4n.&nbsp;&nbsp;<\/li><li>Kirjoita eri vaihtoehdot, saat lis\u00e4\u00e4 vaihtoehtoja<strong>&nbsp;Lis\u00e4\u00e4 vaihtoehto<\/strong>&nbsp;\u2013painikkeella.&nbsp;&nbsp;<ol><li>Kirjoita vaihtoehto tekstikentt\u00e4\u00e4n ja merkitse ruksilla, jos se on oikein.&nbsp;&nbsp;<\/li><li>Voit helpottaa valintaa antamalla vihjeit\u00e4 sek\u00e4 antaa kannustavaa palautetta vastaajan vastauksiin.&nbsp;&nbsp;<\/li><\/ol><\/li><li>M\u00e4\u00e4rit\u00e4 halutessasi kyselylle palautteet eri pistealueille.&nbsp;&nbsp;<\/li><li>Yleisasetuksista p\u00e4\u00e4set s\u00e4\u00e4t\u00e4m\u00e4\u00e4n mm. saako opiskelija yritt\u00e4\u00e4 uudelleen ja onko vastaukset sekoitettu eri k\u00e4ytt\u00e4jill\u00e4.&nbsp;&nbsp;<\/li><li>Tallenna kysely Tallenna-painikkeilla.&nbsp;&nbsp;<\/li><\/ol>\n\n\n\n<figure class=\"wp-block-image is-resized\"><img fetchpriority=\"high\" decoding=\"async\" src=\"https:\/\/blogit.gradia.fi\/digipalvelut\/wp-content\/uploads\/sites\/99\/2019\/07\/image-21.png\" alt=\"\" class=\"wp-image-646\" width=\"597\" height=\"642\" srcset=\"https:\/\/blogit.gradia.fi\/digipalvelut\/wp-content\/uploads\/sites\/99\/2019\/07\/image-21.png 796w, https:\/\/blogit.gradia.fi\/digipalvelut\/wp-content\/uploads\/sites\/99\/2019\/07\/image-21-279x300.png 279w, https:\/\/blogit.gradia.fi\/digipalvelut\/wp-content\/uploads\/sites\/99\/2019\/07\/image-21-768x826.png 768w, https:\/\/blogit.gradia.fi\/digipalvelut\/wp-content\/uploads\/sites\/99\/2019\/07\/image-21-620x667.png 620w\" sizes=\"(max-width: 597px) 100vw, 597px\" \/><\/figure>\n\n\n\n<figure class=\"wp-block-image is-resized\"><img decoding=\"async\" src=\"https:\/\/blogit.gradia.fi\/digipalvelut\/wp-content\/uploads\/sites\/99\/2019\/07\/image-20.png\" alt=\"\" class=\"wp-image-645\" width=\"630\" height=\"615\" srcset=\"https:\/\/blogit.gradia.fi\/digipalvelut\/wp-content\/uploads\/sites\/99\/2019\/07\/image-20.png 840w, https:\/\/blogit.gradia.fi\/digipalvelut\/wp-content\/uploads\/sites\/99\/2019\/07\/image-20-300x293.png 300w, https:\/\/blogit.gradia.fi\/digipalvelut\/wp-content\/uploads\/sites\/99\/2019\/07\/image-20-768x750.png 768w, https:\/\/blogit.gradia.fi\/digipalvelut\/wp-content\/uploads\/sites\/99\/2019\/07\/image-20-620x605.png 620w\" sizes=\"(max-width: 630px) 100vw, 630px\" \/><\/figure>\n\n\n\n<figure class=\"wp-block-image is-resized\"><img decoding=\"async\" src=\"https:\/\/blogit.gradia.fi\/digipalvelut\/wp-content\/uploads\/sites\/99\/2019\/07\/image-22-1024x363.png\" alt=\"\" class=\"wp-image-647\" width=\"768\" height=\"272\" srcset=\"https:\/\/blogit.gradia.fi\/digipalvelut\/wp-content\/uploads\/sites\/99\/2019\/07\/image-22.png 1024w, https:\/\/blogit.gradia.fi\/digipalvelut\/wp-content\/uploads\/sites\/99\/2019\/07\/image-22-300x106.png 300w, https:\/\/blogit.gradia.fi\/digipalvelut\/wp-content\/uploads\/sites\/99\/2019\/07\/image-22-768x272.png 768w, https:\/\/blogit.gradia.fi\/digipalvelut\/wp-content\/uploads\/sites\/99\/2019\/07\/image-22-620x220.png 620w\" sizes=\"(max-width: 768px) 100vw, 768px\" \/><\/figure>\n","protected":false},"excerpt":{"rendered":"<p>Jos teet toiminnon Moodlessa, tee ensin h5p-aktiviteetti ohjeiden mukaisesti. Voit tehd\u00e4 toimintoja my\u00f6s h5p.org-sivuilla, jolloin kirjaudu palveluun ja aloita toiminnan tekeminen MyAccount-v\u00e4lilehdelt\u00e4 Try out H5P-painikkeesta. Valitse editorissa&nbsp;&nbsp;Multiple&nbsp;Choice.&nbsp;&nbsp; Anna yleinen otsikko&nbsp; Lis\u00e4\u00e4 halutessasi&nbsp;Media-valikosta kuva tai video, joka n\u00e4kyy varsinaisen kysymyksen yl\u00e4puolella.&nbsp;&nbsp; Kirjoita kysymys&nbsp;Kysymys-kentt\u00e4\u00e4n.&nbsp;&nbsp; Kirjoita eri vaihtoehdot, saat lis\u00e4\u00e4 vaihtoehtoja&nbsp;Lis\u00e4\u00e4 vaihtoehto&nbsp;\u2013painikkeella.&nbsp;&nbsp; Kirjoita [&hellip;]<\/p>\n","protected":false},"author":421,"featured_media":0,"parent":78,"menu_order":0,"comment_status":"closed","ping_status":"closed","template":"","meta":{"_uag_custom_page_level_css":"","footnotes":""},"class_list":["post-644","page","type-page","status-publish","hentry"],"yoast_head":"<!-- This site is optimized with the Yoast SEO plugin v27.4 - https:\/\/yoast.com\/product\/yoast-seo-wordpress\/ -->\n<title>H5P-monivalintakyselyn tekeminen - Gradia Digipalvelut<\/title>\n<meta name=\"robots\" content=\"index, follow, max-snippet:-1, max-image-preview:large, max-video-preview:-1\" \/>\n<link rel=\"canonical\" href=\"https:\/\/blogit.gradia.fi\/digipalvelut\/ohjeita-ja-vinkkeja\/muut-sovellukset\/h5p-monivalintakyselyn-tekeminen\/\" \/>\n<meta property=\"og:locale\" content=\"fi_FI\" \/>\n<meta property=\"og:type\" content=\"article\" \/>\n<meta property=\"og:title\" content=\"H5P-monivalintakyselyn tekeminen - Gradia Digipalvelut\" \/>\n<meta property=\"og:description\" content=\"Jos teet toiminnon Moodlessa, tee ensin h5p-aktiviteetti ohjeiden mukaisesti. Voit tehd\u00e4 toimintoja my\u00f6s h5p.org-sivuilla, jolloin kirjaudu palveluun ja aloita toiminnan tekeminen MyAccount-v\u00e4lilehdelt\u00e4 Try out H5P-painikkeesta. Valitse editorissa&nbsp;&nbsp;Multiple&nbsp;Choice.&nbsp;&nbsp; Anna yleinen otsikko&nbsp; Lis\u00e4\u00e4 halutessasi&nbsp;Media-valikosta kuva tai video, joka n\u00e4kyy varsinaisen kysymyksen yl\u00e4puolella.&nbsp;&nbsp; Kirjoita kysymys&nbsp;Kysymys-kentt\u00e4\u00e4n.&nbsp;&nbsp; Kirjoita eri vaihtoehdot, saat lis\u00e4\u00e4 vaihtoehtoja&nbsp;Lis\u00e4\u00e4 vaihtoehto&nbsp;\u2013painikkeella.&nbsp;&nbsp; Kirjoita [&hellip;]\" \/>\n<meta property=\"og:url\" content=\"https:\/\/blogit.gradia.fi\/digipalvelut\/ohjeita-ja-vinkkeja\/muut-sovellukset\/h5p-monivalintakyselyn-tekeminen\/\" \/>\n<meta property=\"og:site_name\" content=\"Gradia Digipalvelut\" \/>\n<meta property=\"article:modified_time\" content=\"2019-07-04T07:45:43+00:00\" \/>\n<meta property=\"og:image\" content=\"https:\/\/blogit.gradia.fi\/digipalvelut\/wp-content\/uploads\/sites\/99\/2019\/07\/image-21.png\" \/>\n<meta name=\"twitter:card\" content=\"summary_large_image\" \/>\n<meta name=\"twitter:label1\" content=\"Arvioitu lukuaika\" \/>\n\t<meta name=\"twitter:data1\" content=\"1 minuutti\" \/>\n<script type=\"application\/ld+json\" class=\"yoast-schema-graph\">{\"@context\":\"https:\\\/\\\/schema.org\",\"@graph\":[{\"@type\":\"WebPage\",\"@id\":\"https:\\\/\\\/blogit.gradia.fi\\\/digipalvelut\\\/ohjeita-ja-vinkkeja\\\/muut-sovellukset\\\/h5p-monivalintakyselyn-tekeminen\\\/\",\"url\":\"https:\\\/\\\/blogit.gradia.fi\\\/digipalvelut\\\/ohjeita-ja-vinkkeja\\\/muut-sovellukset\\\/h5p-monivalintakyselyn-tekeminen\\\/\",\"name\":\"H5P-monivalintakyselyn tekeminen - Gradia Digipalvelut\",\"isPartOf\":{\"@id\":\"https:\\\/\\\/blogit.gradia.fi\\\/digipalvelut\\\/#website\"},\"primaryImageOfPage\":{\"@id\":\"https:\\\/\\\/blogit.gradia.fi\\\/digipalvelut\\\/ohjeita-ja-vinkkeja\\\/muut-sovellukset\\\/h5p-monivalintakyselyn-tekeminen\\\/#primaryimage\"},\"image\":{\"@id\":\"https:\\\/\\\/blogit.gradia.fi\\\/digipalvelut\\\/ohjeita-ja-vinkkeja\\\/muut-sovellukset\\\/h5p-monivalintakyselyn-tekeminen\\\/#primaryimage\"},\"thumbnailUrl\":\"https:\\\/\\\/blogit.gradia.fi\\\/digipalvelut\\\/wp-content\\\/uploads\\\/sites\\\/99\\\/2019\\\/07\\\/image-21.png\",\"datePublished\":\"2019-07-04T07:23:39+00:00\",\"dateModified\":\"2019-07-04T07:45:43+00:00\",\"breadcrumb\":{\"@id\":\"https:\\\/\\\/blogit.gradia.fi\\\/digipalvelut\\\/ohjeita-ja-vinkkeja\\\/muut-sovellukset\\\/h5p-monivalintakyselyn-tekeminen\\\/#breadcrumb\"},\"inLanguage\":\"fi\",\"potentialAction\":[{\"@type\":\"ReadAction\",\"target\":[\"https:\\\/\\\/blogit.gradia.fi\\\/digipalvelut\\\/ohjeita-ja-vinkkeja\\\/muut-sovellukset\\\/h5p-monivalintakyselyn-tekeminen\\\/\"]}]},{\"@type\":\"ImageObject\",\"inLanguage\":\"fi\",\"@id\":\"https:\\\/\\\/blogit.gradia.fi\\\/digipalvelut\\\/ohjeita-ja-vinkkeja\\\/muut-sovellukset\\\/h5p-monivalintakyselyn-tekeminen\\\/#primaryimage\",\"url\":\"https:\\\/\\\/blogit.gradia.fi\\\/digipalvelut\\\/wp-content\\\/uploads\\\/sites\\\/99\\\/2019\\\/07\\\/image-21.png\",\"contentUrl\":\"https:\\\/\\\/blogit.gradia.fi\\\/digipalvelut\\\/wp-content\\\/uploads\\\/sites\\\/99\\\/2019\\\/07\\\/image-21.png\",\"width\":796,\"height\":856},{\"@type\":\"BreadcrumbList\",\"@id\":\"https:\\\/\\\/blogit.gradia.fi\\\/digipalvelut\\\/ohjeita-ja-vinkkeja\\\/muut-sovellukset\\\/h5p-monivalintakyselyn-tekeminen\\\/#breadcrumb\",\"itemListElement\":[{\"@type\":\"ListItem\",\"position\":1,\"name\":\"Ohjeita ja vinkkej\u00e4\",\"item\":\"https:\\\/\\\/blogit.gradia.fi\\\/digipalvelut\\\/ohjeita-ja-vinkkeja\\\/\"},{\"@type\":\"ListItem\",\"position\":2,\"name\":\"Muut sovellukset\",\"item\":\"https:\\\/\\\/blogit.gradia.fi\\\/digipalvelut\\\/ohjeita-ja-vinkkeja\\\/muut-sovellukset\\\/\"},{\"@type\":\"ListItem\",\"position\":3,\"name\":\"H5P-monivalintakyselyn tekeminen\"}]},{\"@type\":\"WebSite\",\"@id\":\"https:\\\/\\\/blogit.gradia.fi\\\/digipalvelut\\\/#website\",\"url\":\"https:\\\/\\\/blogit.gradia.fi\\\/digipalvelut\\\/\",\"name\":\"Gradia Digipalvelut\",\"description\":\"Astetta enemm\u00e4n digi\u00e4\",\"publisher\":{\"@id\":\"https:\\\/\\\/blogit.gradia.fi\\\/digipalvelut\\\/#organization\"},\"potentialAction\":[{\"@type\":\"SearchAction\",\"target\":{\"@type\":\"EntryPoint\",\"urlTemplate\":\"https:\\\/\\\/blogit.gradia.fi\\\/digipalvelut\\\/?s={search_term_string}\"},\"query-input\":{\"@type\":\"PropertyValueSpecification\",\"valueRequired\":true,\"valueName\":\"search_term_string\"}}],\"inLanguage\":\"fi\"},{\"@type\":\"Organization\",\"@id\":\"https:\\\/\\\/blogit.gradia.fi\\\/digipalvelut\\\/#organization\",\"name\":\"Gradia Digipalvelut\",\"url\":\"https:\\\/\\\/blogit.gradia.fi\\\/digipalvelut\\\/\",\"logo\":{\"@type\":\"ImageObject\",\"inLanguage\":\"fi\",\"@id\":\"https:\\\/\\\/blogit.gradia.fi\\\/digipalvelut\\\/#\\\/schema\\\/logo\\\/image\\\/\",\"url\":\"https:\\\/\\\/blogit.gradia.fi\\\/digipalvelut\\\/wp-content\\\/uploads\\\/sites\\\/99\\\/2019\\\/06\\\/cropped-Gradia_logo_Cyber_TRANSPARENT.png\",\"contentUrl\":\"https:\\\/\\\/blogit.gradia.fi\\\/digipalvelut\\\/wp-content\\\/uploads\\\/sites\\\/99\\\/2019\\\/06\\\/cropped-Gradia_logo_Cyber_TRANSPARENT.png\",\"width\":316,\"height\":382,\"caption\":\"Gradia Digipalvelut\"},\"image\":{\"@id\":\"https:\\\/\\\/blogit.gradia.fi\\\/digipalvelut\\\/#\\\/schema\\\/logo\\\/image\\\/\"}}]}<\/script>\n<!-- \/ Yoast SEO plugin. -->","yoast_head_json":{"title":"H5P-monivalintakyselyn tekeminen - Gradia Digipalvelut","robots":{"index":"index","follow":"follow","max-snippet":"max-snippet:-1","max-image-preview":"max-image-preview:large","max-video-preview":"max-video-preview:-1"},"canonical":"https:\/\/blogit.gradia.fi\/digipalvelut\/ohjeita-ja-vinkkeja\/muut-sovellukset\/h5p-monivalintakyselyn-tekeminen\/","og_locale":"fi_FI","og_type":"article","og_title":"H5P-monivalintakyselyn tekeminen - Gradia Digipalvelut","og_description":"Jos teet toiminnon Moodlessa, tee ensin h5p-aktiviteetti ohjeiden mukaisesti. Voit tehd\u00e4 toimintoja my\u00f6s h5p.org-sivuilla, jolloin kirjaudu palveluun ja aloita toiminnan tekeminen MyAccount-v\u00e4lilehdelt\u00e4 Try out H5P-painikkeesta. Valitse editorissa&nbsp;&nbsp;Multiple&nbsp;Choice.&nbsp;&nbsp; Anna yleinen otsikko&nbsp; Lis\u00e4\u00e4 halutessasi&nbsp;Media-valikosta kuva tai video, joka n\u00e4kyy varsinaisen kysymyksen yl\u00e4puolella.&nbsp;&nbsp; Kirjoita kysymys&nbsp;Kysymys-kentt\u00e4\u00e4n.&nbsp;&nbsp; Kirjoita eri vaihtoehdot, saat lis\u00e4\u00e4 vaihtoehtoja&nbsp;Lis\u00e4\u00e4 vaihtoehto&nbsp;\u2013painikkeella.&nbsp;&nbsp; Kirjoita [&hellip;]","og_url":"https:\/\/blogit.gradia.fi\/digipalvelut\/ohjeita-ja-vinkkeja\/muut-sovellukset\/h5p-monivalintakyselyn-tekeminen\/","og_site_name":"Gradia Digipalvelut","article_modified_time":"2019-07-04T07:45:43+00:00","og_image":[{"url":"https:\/\/blogit.gradia.fi\/digipalvelut\/wp-content\/uploads\/sites\/99\/2019\/07\/image-21.png","type":"","width":"","height":""}],"twitter_card":"summary_large_image","twitter_misc":{"Arvioitu lukuaika":"1 minuutti"},"schema":{"@context":"https:\/\/schema.org","@graph":[{"@type":"WebPage","@id":"https:\/\/blogit.gradia.fi\/digipalvelut\/ohjeita-ja-vinkkeja\/muut-sovellukset\/h5p-monivalintakyselyn-tekeminen\/","url":"https:\/\/blogit.gradia.fi\/digipalvelut\/ohjeita-ja-vinkkeja\/muut-sovellukset\/h5p-monivalintakyselyn-tekeminen\/","name":"H5P-monivalintakyselyn tekeminen - Gradia Digipalvelut","isPartOf":{"@id":"https:\/\/blogit.gradia.fi\/digipalvelut\/#website"},"primaryImageOfPage":{"@id":"https:\/\/blogit.gradia.fi\/digipalvelut\/ohjeita-ja-vinkkeja\/muut-sovellukset\/h5p-monivalintakyselyn-tekeminen\/#primaryimage"},"image":{"@id":"https:\/\/blogit.gradia.fi\/digipalvelut\/ohjeita-ja-vinkkeja\/muut-sovellukset\/h5p-monivalintakyselyn-tekeminen\/#primaryimage"},"thumbnailUrl":"https:\/\/blogit.gradia.fi\/digipalvelut\/wp-content\/uploads\/sites\/99\/2019\/07\/image-21.png","datePublished":"2019-07-04T07:23:39+00:00","dateModified":"2019-07-04T07:45:43+00:00","breadcrumb":{"@id":"https:\/\/blogit.gradia.fi\/digipalvelut\/ohjeita-ja-vinkkeja\/muut-sovellukset\/h5p-monivalintakyselyn-tekeminen\/#breadcrumb"},"inLanguage":"fi","potentialAction":[{"@type":"ReadAction","target":["https:\/\/blogit.gradia.fi\/digipalvelut\/ohjeita-ja-vinkkeja\/muut-sovellukset\/h5p-monivalintakyselyn-tekeminen\/"]}]},{"@type":"ImageObject","inLanguage":"fi","@id":"https:\/\/blogit.gradia.fi\/digipalvelut\/ohjeita-ja-vinkkeja\/muut-sovellukset\/h5p-monivalintakyselyn-tekeminen\/#primaryimage","url":"https:\/\/blogit.gradia.fi\/digipalvelut\/wp-content\/uploads\/sites\/99\/2019\/07\/image-21.png","contentUrl":"https:\/\/blogit.gradia.fi\/digipalvelut\/wp-content\/uploads\/sites\/99\/2019\/07\/image-21.png","width":796,"height":856},{"@type":"BreadcrumbList","@id":"https:\/\/blogit.gradia.fi\/digipalvelut\/ohjeita-ja-vinkkeja\/muut-sovellukset\/h5p-monivalintakyselyn-tekeminen\/#breadcrumb","itemListElement":[{"@type":"ListItem","position":1,"name":"Ohjeita ja vinkkej\u00e4","item":"https:\/\/blogit.gradia.fi\/digipalvelut\/ohjeita-ja-vinkkeja\/"},{"@type":"ListItem","position":2,"name":"Muut sovellukset","item":"https:\/\/blogit.gradia.fi\/digipalvelut\/ohjeita-ja-vinkkeja\/muut-sovellukset\/"},{"@type":"ListItem","position":3,"name":"H5P-monivalintakyselyn tekeminen"}]},{"@type":"WebSite","@id":"https:\/\/blogit.gradia.fi\/digipalvelut\/#website","url":"https:\/\/blogit.gradia.fi\/digipalvelut\/","name":"Gradia Digipalvelut","description":"Astetta enemm\u00e4n digi\u00e4","publisher":{"@id":"https:\/\/blogit.gradia.fi\/digipalvelut\/#organization"},"potentialAction":[{"@type":"SearchAction","target":{"@type":"EntryPoint","urlTemplate":"https:\/\/blogit.gradia.fi\/digipalvelut\/?s={search_term_string}"},"query-input":{"@type":"PropertyValueSpecification","valueRequired":true,"valueName":"search_term_string"}}],"inLanguage":"fi"},{"@type":"Organization","@id":"https:\/\/blogit.gradia.fi\/digipalvelut\/#organization","name":"Gradia Digipalvelut","url":"https:\/\/blogit.gradia.fi\/digipalvelut\/","logo":{"@type":"ImageObject","inLanguage":"fi","@id":"https:\/\/blogit.gradia.fi\/digipalvelut\/#\/schema\/logo\/image\/","url":"https:\/\/blogit.gradia.fi\/digipalvelut\/wp-content\/uploads\/sites\/99\/2019\/06\/cropped-Gradia_logo_Cyber_TRANSPARENT.png","contentUrl":"https:\/\/blogit.gradia.fi\/digipalvelut\/wp-content\/uploads\/sites\/99\/2019\/06\/cropped-Gradia_logo_Cyber_TRANSPARENT.png","width":316,"height":382,"caption":"Gradia Digipalvelut"},"image":{"@id":"https:\/\/blogit.gradia.fi\/digipalvelut\/#\/schema\/logo\/image\/"}}]}},"uagb_featured_image_src":{"full":false,"thumbnail":false,"medium":false,"medium_large":false,"large":false,"1536x1536":false,"2048x2048":false,"hestia-blog":false},"uagb_author_info":{"display_name":"Merja Hakanen","author_link":"https:\/\/blogit.gradia.fi\/digipalvelut\/author\/hakanmer\/"},"uagb_comment_info":0,"uagb_excerpt":"Jos teet toiminnon Moodlessa, tee ensin h5p-aktiviteetti ohjeiden mukaisesti. Voit tehd\u00e4 toimintoja my\u00f6s h5p.org-sivuilla, jolloin kirjaudu palveluun ja aloita toiminnan tekeminen MyAccount-v\u00e4lilehdelt\u00e4 Try out H5P-painikkeesta. Valitse editorissa&nbsp;&nbsp;Multiple&nbsp;Choice.&nbsp;&nbsp; Anna yleinen otsikko&nbsp; Lis\u00e4\u00e4 halutessasi&nbsp;Media-valikosta kuva tai video, joka n\u00e4kyy varsinaisen kysymyksen yl\u00e4puolella.&nbsp;&nbsp; Kirjoita kysymys&nbsp;Kysymys-kentt\u00e4\u00e4n.&nbsp;&nbsp; Kirjoita eri vaihtoehdot, saat lis\u00e4\u00e4 vaihtoehtoja&nbsp;Lis\u00e4\u00e4 vaihtoehto&nbsp;\u2013painikkeella.&nbsp;&nbsp; Kirjoita [&hellip;]","_links":{"self":[{"href":"https:\/\/blogit.gradia.fi\/digipalvelut\/wp-json\/wp\/v2\/pages\/644","targetHints":{"allow":["GET"]}}],"collection":[{"href":"https:\/\/blogit.gradia.fi\/digipalvelut\/wp-json\/wp\/v2\/pages"}],"about":[{"href":"https:\/\/blogit.gradia.fi\/digipalvelut\/wp-json\/wp\/v2\/types\/page"}],"author":[{"embeddable":true,"href":"https:\/\/blogit.gradia.fi\/digipalvelut\/wp-json\/wp\/v2\/users\/421"}],"replies":[{"embeddable":true,"href":"https:\/\/blogit.gradia.fi\/digipalvelut\/wp-json\/wp\/v2\/comments?post=644"}],"version-history":[{"count":2,"href":"https:\/\/blogit.gradia.fi\/digipalvelut\/wp-json\/wp\/v2\/pages\/644\/revisions"}],"predecessor-version":[{"id":658,"href":"https:\/\/blogit.gradia.fi\/digipalvelut\/wp-json\/wp\/v2\/pages\/644\/revisions\/658"}],"up":[{"embeddable":true,"href":"https:\/\/blogit.gradia.fi\/digipalvelut\/wp-json\/wp\/v2\/pages\/78"}],"wp:attachment":[{"href":"https:\/\/blogit.gradia.fi\/digipalvelut\/wp-json\/wp\/v2\/media?parent=644"}],"curies":[{"name":"wp","href":"https:\/\/api.w.org\/{rel}","templated":true}]}}